{"id":11847,"date":"2022-05-25T15:48:33","date_gmt":"2022-05-25T13:48:33","guid":{"rendered":"https:\/\/pirovano.it\/?page_id=11847"},"modified":"2022-05-25T15:55:17","modified_gmt":"2022-05-25T13:55:17","slug":"cookies","status":"publish","type":"page","link":"https:\/\/pirovano.it\/de\/cookies\/","title":{"rendered":"Cookies"},"content":{"rendered":"<h2>AUF COOKIES ERWEITERTE HINWEISE<\/h2>\n<p>Die Computersysteme und Softwares, die f\u00fcr den Betrieb der Website verwendet werden, erfassen w\u00e4hrend ihres normalen Betriebs einige personenbezogene Daten, deren \u00dcbertragung bei der Verwendung von Internet-Kommunikationsprotokollen implizit ist, aufgrund der Aktion von Dateien, die vor\u00fcbergehend oder dauerhaft auf Ihrer Festplatte gespeichert werden ( Cookies) und durch die Verwendung anderer Softwarekomponenten, die w\u00e4hrend der Navigation heruntergeladen oder aktiviert werden.<br \/>\nDiese Informationen werden nicht gesammelt, um mit identifizierten Betroffenen in Verbindung gebracht zu werden, k\u00f6nnten aber aufgrund ihrer Natur, durch Verarbeitung oder Verkn\u00fcpfungen die Identifizierung des Nutzers erm\u00f6glichen.\u2028Zu dieser Kategorie geh\u00f6ren die IP-Adressen der von den Nutzern verwendeten Computer, die sich mit der Webseite verbinden, die URL der angefragten Ressourcen, die Uhrzeit der Anfrage, der Umfang der in Antwort erhaltenen Datei etc. \u2028 Diese Daten werden nur verwendet, um anonyme statistische Informationen \u00fcber die Nutzung der Webseite zu erhalten (insbesondere die Anzahl von Aufrufen) um den korrekten Betrieb zu kontrollieren, das Serviceniveau f\u00fcr die Nutzer zu verbessern oder zu personalisieren, und sie werden sofort nach ihrer Verarbeitung gel\u00f6scht. \u2028Die Angabe der Daten ist freiwillig, eine eventuelle Weigerung diese Daten zu liefern, das Blocken von Cookies oder anderer Softwarekomponenten k\u00f6nnte dazu f\u00fchren, dass wir nicht in der Lage sind die erbetenen Informationen zuzuschicken bzw. zu einem nicht korrekten Betrieb der Webseite.<br \/>\nDie gesammelten Daten werden ausschlie\u00dflich von Firmenmitarbeitern verarbeitet, die hierzu beauftragt wurden und werden nicht an andere Personen weitergegeben oder mitgeteilt.<br \/>\nDie Daten k\u00f6nnten zur Ermittlung eventueller Verantwortlichkeiten im Fall von hypothetischen Computerstraftaten zum Schaden der Webseite oder Dritten benutzt werden: abgesehen von dieser M\u00f6glichkeit werden die Daten \u00fcber Webkontakte derzeit nicht dauerhaft gespeichert.<\/p>\n<h3>INHABER DER DATENVERARBEITUNG IM ZUSAMMENHANG MIT COOKIES<\/h3>\n<p>Der Inhaber der Verarbeitung ist Pirovano Stelvio S.p.A. \u2013 via Delle Prese 8 \u2013 23100 Sondrio. Um Ihre oben aufgef\u00fchrten Rechte in Anspruch zu nehmen k\u00f6nnen Sie sich\u00a0wenden an: telefonisch 0342 21.00.40, per Fax 0342 903433 oder an die E-Mailadressen <a href=\"mailto:info@pirovano.it\">info@pirovano.it<\/a> &#8211; <a href=\"mailto:pirovano@pec.popso.it\">pirovano@pec.popso.it<\/a><\/p>\n<p><strong>DEFINITIONEN<\/strong><\/p>\n<p>Cookies sind kurze Textfragmente (Buchstaben und\/oder Zahlen), die es dem Webserver erm\u00f6glichen, Informationen auf dem Client (dem Browser) zu speichern, die beim gleichen Besuch auf der Website\u00a0(Session-Cookies) oder sp\u00e4ter, auch nach Tagen, wiederverwendet werden k\u00f6nnen (persistente Cookies). Cookies werden je nach Pr\u00e4ferenzen des Nutzers vom jeweiligen Browser auf dem jeweiligen Endger\u00e4t (Computer, Tablett, Smartphone) gespeichert. \u00c4hnliche Technologien k\u00f6nnen verwendet werden, um Informationen \u00fcber das Nutzerverhalten und die Service-Nutzung zu erwerben.<\/p>\n<p>Im weiteren Verlauf dieses Dokuments werden wir uns auf Cookies und alle \u00e4hnlichen Technologien beziehen, indem wir einfach den Begriff &#8220;Cookie&#8221; verwenden.<\/p>\n<p><strong>TYPOLOGIEN VON COOKIES<\/strong><\/p>\n<p>Je nach Charakteristiken und Verwendung der Cookies k\u00f6nnen wir zwischen verschiedenen Kategorien unterscheiden:<\/p>\n<ul>\n<li><strong>Unbedingt erforderliche Cookies.<\/strong> Diese Cookies sind f\u00fcr das reibungslose Funktionieren unserer Webseite unerl\u00e4sslich und werden verwendet, um die Anmeldung und den Zugriff auf reservierte Funktionen der Webseite zu verwalten, sowie im Allgemeinen, um den Service f\u00fcr die Benutzer zu beschleunigen, zu verbessern oder zu personalisieren. Die Dauer von Cookies ist entweder strikt auf die Arbeitssitzung beschr\u00e4nkt (wird der Browser geschlossen werden sie gel\u00f6scht) oder von l\u00e4ngerer Dauer sein, um den Computer des Besuchers wiederzuerkennen. Ihre Deaktivierung kann die Nutzung von Diensten, auf die \u00fcber die Anmeldung zugegriffen werden kann, beeintr\u00e4chtigen, w\u00e4hrend der \u00f6ffentliche Teil der Website normalerweise nutzbar bleibt.<\/li>\n<li><strong>Leistungs- und Analyse-Cookies.<\/strong> Dies sind Cookies, die zum Sammeln und Analysieren des Verkehrs auf und der Nutzung von der Webseite\u00a0in anonymer Form verwendet werden. Diese Cookies identifizieren den Benutzer zwar nicht, erm\u00f6glichen es aber beispielsweise zu erkennen, ob derselbe Benutzer zur\u00fcckkehrt, um sich zu verschiedenen Zeiten einzuloggen. Sie erm\u00f6glichen ferner, das System zu \u00fcberwachen und seine Leistungen und Benutzerfreundlichkeit zu verbessern. Die Deaktivierung dieser Cookies kann ohne irgendwelchen Funktionsverlust erfolgen.<\/li>\n<li><strong>Profiling-Cookies<\/strong> Dabei handelt es sich um permanente Cookies, die verwendet werden, um (anonym oder nicht) die Pr\u00e4ferenzen des Nutzers zu erkennen und sein Surferlebnis zu verbessern, um ihm Werbung in \u00dcbereinstimmung mit seinen Pr\u00e4ferenzen, die er im Rahmen des Surfens im Web zeigt, zuzusenden.<\/li>\n<\/ul>\n<p><strong>COOKIES VON DRITTANBIETERN<\/strong><\/p>\n<p>Bei Besuch einer Webseite kann man Cookies entweder von der Webseite, die besucht wird (&#8220;Eigent\u00fcmer&#8221;) oder von Webseiten anderer Organisationen (&#8220;Drittanbieter&#8221;) erhalten. Ein Beispiel ist das Vorhandensein von &#8220;Social Plugins&#8221; (z.B. Facebook, Twitter, Google+) zum Teilen von Inhalten in sozialen Netzwerken. Das Vorhandensein dieser Plugins f\u00fchrt zur \u00dcbertragung von Cookies von und zu allen von Drittanbietern betriebenen Webseiten. Die Verwaltung der von &#8220;Drittanbietern&#8221; gesammelten Informationen unterliegt den einschl\u00e4gigen Informationshinweisen, auf die Sie sich bitte beziehen.<\/p>\n<h3>VERWALTUNG DER COOKIES<\/h3>\n<p>Der Nutzer kann \u00fcber seine Browsereinstellungen entscheiden, ob Cookies akzeptiert werden oder nicht.<\/p>\n<p><strong>Achtung:<\/strong> die vollst\u00e4ndige oder teilweise Deaktivierung von technischen Cookies kann die Nutzung der f\u00fcr registrierte Benutzer reservierten Funktionen der Website beeintr\u00e4chtigen. Dagegen ist die Nutzung \u00f6ffentlicher Inhalte auch bei vollst\u00e4ndiger Deaktivierung von Cookies m\u00f6glich.<\/p>\n<p>Das Deaktivieren von &#8220;Drittanbieter-Cookies&#8221; hat keinen Einfluss auf die Nutzbarkeit. Die Einstellung kann spezifisch f\u00fcr verschiedene Webseiten und Webanwendungen festgelegt werden. Dar\u00fcber hinaus erm\u00f6glichen die besten Browser, unterschiedliche Einstellungen f\u00fcr &#8220;Eigent\u00fcmer-&#8221; und &#8220;Drittanbieter&#8221;-Cookies vorzunehmen.<\/p>\n<ul>\n<li><a href=\"http:\/\/windows.microsoft.com\/it-IT\/internet-explorer\/delete-manage-cookies#ie=ie-11\" target=\"_blank\" rel=\"noopener noreferrer\">Internet Explorer<\/a><\/li>\n<li><a href=\"https:\/\/support.mozilla.org\/it\/kb\/Gestione%20dei%20cookie?redirectlocale=en-US&amp;redirectslug=Cookies\" target=\"_blank\" rel=\"noopener noreferrer\">Firefox<\/a><\/li>\n<li><a href=\"https:\/\/support.google.com\/chrome\/answer\/95647?hl=it\" target=\"_blank\" rel=\"noopener noreferrer\">Google Chrome<\/a><\/li>\n<li><a href=\"http:\/\/www.opera.com\/help\/tutorials\/security\/cookies\/\" target=\"_blank\" rel=\"noopener noreferrer\">Opera<\/a><\/li>\n<li><a href=\"https:\/\/support.apple.com\/kb\/PH19214?viewlocale=it_IT&amp;locale=it_IT\" target=\"_blank\" rel=\"noopener noreferrer\">Safari<\/a><\/li>\n<li><a href=\"http:\/\/support.apple.com\/kb\/HT1677\" target=\"_blank\" rel=\"noopener noreferrer\">Safari iOS<\/a><\/li>\n<li><a href=\"https:\/\/support.google.com\/xoom\/answer\/169022?hl=it&amp;rd=1\" target=\"_blank\" rel=\"noopener noreferrer\">Android<\/a><\/li>\n<li><a href=\"http:\/\/docs.blackberry.com\/en\/smartphone_users\/deliverables\/32004\/Turn_off_cookies_in_the_browser_60_1072866_11.jsp\" target=\"_blank\" rel=\"noopener noreferrer\">Blackberry<\/a><\/li>\n<li><a href=\"http:\/\/www.windowsphone.com\/it-IT\/how-to\/wp7\/web\/changing-privacy-and-other-browser-settings\" target=\"_blank\" rel=\"noopener noreferrer\">Windows Phone<\/a><\/li>\n<\/ul>\n<h3>AUF DIESER WEBSEITE EINGESETZTE COOKIES<\/h3>\n<h4>Technische Cookies<\/h4>\n<p>Dies sind absolut notwendige Cookies zur Erm\u00f6glichung:<\/p>\n<ul>\n<li>des Besuchs und der Nutzung der Webseite,<\/li>\n<li>der Sammlung von Informationen in zusammengefasster Form \u00fcber die Anzahl der Nutzer und dar\u00fcber, wie sie die Website besuchen (&#8220;Cookie-analytics&#8221;);<\/li>\n<li>der Navigation nach einer Reihe von ausgew\u00e4hlten Kriterien (z.B. Sprache, &#8220;Funktionalit\u00e4ts- Cookies&#8221;), um den Service f\u00fcr diese zu verbessern.<\/li>\n<\/ul>\n<p>Diese Cookies werden nicht f\u00fcr andere als die oben beschriebenen Funktions-Zwecke verwendet, so dass ihre Installation keine Zustimmung Ihrerseits erfordert.<\/p>\n<p><strong>Profiling-Cookies von Drittanbietern<\/strong><\/p>\n<p>Diese Cookies werden von Anderen als Pirovano Stelvio S.p.A. installiert und ihre Installation bedarf Ihrer Zustimmung, ohne die diese nicht installiert werden.<\/p>\n<p>Wir stellen Ihnen daher hierunter Links zu den Datenschutzhinweisen der Drittanbieter zur Verf\u00fcgung, in denen Sie der Installation dieser Cookies zustimmen k\u00f6nnen, und weisen Sie darauf hin, dass Sie, wenn Sie keine Entscheidungen treffen und sich entscheiden, die Navigation auf dieser Webseite fortzusetzen, der Verwendung dieser Cookies zustimmen.<\/p>\n<ul>\n<li><strong>Google Analytics<\/strong><br \/>\nDie Seite nutzt Google Analytics. Es handelt sich um einen von Google Inc. (&#8220;Google&#8221;) zur Verf\u00fcgung gestellten Service zur Webanalyse unter Verwendung von Cookies, die auf dem Computer des Nutzers gespeichert werden, um statistische Analysen in zusammengefasster Form in Bezug auf die Nutzung der besuchten Website zu erm\u00f6glichen.\u2028Der Betreiber der Webseite hat die Funktion zur Anonymisierung der IP-Adresse aktiviert und den Zusatz zur Datenverarbeitung gem\u00e4\u00df den europ\u00e4ischen Vorschriften der Verordnung 95\/46\/EG unterzeichnet.<br \/>\n<a href=\"http:\/\/www.google.com\/intl\/it_ALL\/analytics\/learn\/privacy.html\" target=\"_blank\" rel=\"noopener noreferrer\">http:\/\/www.google.com\/intl\/it_ALL\/analytics\/learn\/privacy.html<\/a><\/li>\n<li><strong>YouTube<br \/>\n<\/strong>Videoeinbettung auf Youtube<br \/>\n<a href=\"https:\/\/www.youtube.com\/yt\/policyandsafety\/\" target=\"_blank\" rel=\"noopener noreferrer\">https:\/\/www.youtube.com\/yt\/policyandsafety\/<\/a><\/li>\n<li><strong>Google Fonts<br \/>\n<\/strong>Online-Archiv von Anwendungen zur Integration von kostenlosen Fonts f\u00fcr Web-Interfaces.<br \/>\n<a href=\"http:\/\/www.google.com\/policies\/privacy\/\" target=\"_blank\" rel=\"noopener noreferrer\">http:\/\/www.google.com\/policies\/privacy\/<\/a><\/li>\n<li><strong>Google Maps<br \/>\n<\/strong>Plattform f\u00fcr Online-Karten.<br \/>\n<a href=\"http:\/\/www.google.com\/policies\/privacy\/\" target=\"_blank\" rel=\"noopener noreferrer\">http:\/\/www.google.com\/policies\/privacy\/<\/a><\/li>\n<li><strong>Real Cookie Banner<br \/>\n<\/strong>System, mit dem Sie Website-Besucher um Zustimmung zum Setzen von Cookies und zur Verarbeitung personenbezogener Daten bitten k\u00f6nnen.<\/li>\n<\/ul>\n<p>Weitere Informationen \u00fcber Cookies und wie Sie sie verwalten k\u00f6nnen oder Drittanbieter-Cookies deaktivieren oder zu Marketing \/Retargeting , finden Sie unter:<\/p>\n<p><span lang=\"zxx\"><a href=\"http:\/\/www.allaboutcookies.org\/\" target=\"_blank\" rel=\"noopener noreferrer\">http:\/\/www.allaboutcookies.org<\/a><\/span><br \/>\n<span lang=\"zxx\"><a href=\"http:\/\/www.networkadvertising.org\/choices\/\" target=\"_blank\" rel=\"noopener noreferrer\">http:\/\/ww.networkadvertising.org\/choices\/<\/a><\/span><br \/>\n<span lang=\"zxx\"><a href=\"http:\/\/www.youronlinechoices.com\/it\/\" target=\"_blank\" rel=\"noopener noreferrer\">http:\/\/www.youronlinechoices.com\/it\/<\/a><\/span><br \/>\n<span lang=\"zxx\"><a href=\"https:\/\/tools.google.com\/dipage\/gaoptout\" target=\"_blank\" rel=\"noopener noreferrer\">https:\/\/tools.google.com\/dipage\/gaoptout<\/a><\/span><br \/>\n<span lang=\"zxx\"><a href=\"http:\/\/www.aboutads.info\/choices\" target=\"_blank\" rel=\"noopener noreferrer\">http:\/\/www.aboutads.info\/choices<\/a><\/span><\/p>\n<hr \/>\n<h3>Rechte der Betroffenen<\/h3>\n<h3>Im Sinne von Art. 7 des GvD. 196\/2003 und\u00a0von Artikel 15 bis 22 der EU-Verordnung Nr. 2016\/679, haben die Betroffenen das Recht:<\/h3>\n<p>a) eine Best\u00e4tigung \u00addar\u00fcber zu verlangen, ob sie betreffende, personenbezogene Daten verarbeitet werden;<\/p>\n<p>b) Informationen \u00fcber den Zweck der Verarbeitung, die Kategorien personenbezogener Daten, die Empf\u00e4nger oder Kategorien von Empf\u00e4ngern, denen die personenbezogenen Daten mitgeteilt wurden oder werden, und, wenn m\u00f6glich, den Zeitraum der Speicherung zu erfahren;<\/p>\n<p>c) die Berichtigung und L\u00f6schung sie betreffender Daten zu erreichen,<\/p>\n<p>d) die Einschr\u00e4nkung der Verarbeitung zu verlangen,<\/p>\n<p>e) die Daten\u00fcbertragbarkeit zu erhalten, d.h. die sie betreffenden personenbezogenen Daten, in einem strukturierten, g\u00e4ngigen und maschinenlesbaren Format zu erhalten, und diese einem anderen Inhaber der Datenverarbeitung ohne Behinderungen zu \u00fcbermitteln,<\/p>\n<p>f) jederzeit gegen die Verarbeitung\u00a0Widerspruch einzulegen, auch im Fall, dass es sich um eine Verarbeitung zu Direktwerbezwecken handelt.<\/p>\n<p>g) sich gegen eine ausschlie\u00dflich auf einer automatisierten Verarbeitung \u2014 einschlie\u00dflich Profiling \u2014 beruhenden Entscheidung hinsichtlich nat\u00fcrlicher Personen zur Wehr zu setzen.<\/p>\n<p>h) vom f\u00fcr die Datenverarbeitung Verantwortlichen Zugang, Berichtigung oder L\u00f6schung personenbezogener Daten zu verlangen, oder zu verlangen, die Verarbeitung der ihn betreffenden personenbezogenen Daten einzuschr\u00e4nken, oder ihrer Verarbeitung zu widersprechen, unbeschadet dem Recht auf Daten\u00fcbertragbarkeit;<\/p>\n<p>i) die Einwilligung jederzeit zu widerrufen, unbeschadet der Rechtm\u00e4\u00dfigkeit\u00a0aufgrund der vor dem Widerruf erteilten Einwilligung erfolgten Verarbeitung,<\/p>\n<p>j) Beschwerde bei einer Aufsichtsbeh\u00f6rde einzureichen.<\/p>\n<hr \/>\n<h3>Pflichten des Inhabers<\/h3>\n<ul>\n<li>Gew\u00e4hrleistung der Rechte der Betroffenen<\/li>\n<li>Gew\u00e4hrleistung der Einhaltung der Vorschriften des gesetzesvertretenden Dekrets vom 30. Juni 2003 Nr. 196 insbesondere Art. 13, (Datenschutzbestimmungen personenbezogene Daten)<\/li>\n<li>Gew\u00e4hrleistung der Einhaltung der Vorschriften der EU- Datenschutzgrundverordnung 2016\/679 (GDPR General Data Protection Regulation UE 2016\/679)<\/li>\n<li>Unverz\u00fcgliche Information des Betroffenen im Fall einer Verletzung seiner personenbezogenen Daten.<\/li>\n<li>Gew\u00e4hrleistung der korrekten Verwaltung und Verarbeitung der Daten, gem\u00e4\u00df den Vorgaben der geltenden Vorschriften.<\/li>\n<li>Gew\u00e4hrleistung und Sicherstellung der Sicherheit und Vertraulichkeit der Daten, gem\u00e4\u00df den Vorgaben der geltenden Vorschriften.<\/li>\n<\/ul>\n<p>Zur Aus\u00fcbung der gesetzlich vorgesehenen Rechte wenden Sie sich an den Inhaber der Datenverarbeitung:<br \/>\nPirovano Stelvio S.p.A. \u2013 via Delle Prese 8 \u2013 23100 Sondrio, U.St.Id 00526710140, Tel. 0342 21.00.40, E-Mail <a href=\"mailto:info@pirovano.it\">info@pirovano.it<\/a> &#8211;\u00a0Zert.Mail\u00a0pec\u00a0<a href=\"mailto:pirovano@pec.popso.it\">pirovano@pec.popso.it<\/a><span class=\"s1\">\u00a0ist.<\/span><\/p>\n<p><strong>Auf dieser Website k\u00f6nnen Sie Cookies aktivieren und Ihre Auswahleinstellungen \u00fcber die folgenden Links \u00e4ndern:<\/strong><\/p>\n<ul>\n<li><a  href=\"#consent-change\" role=\"button\" id=\"rcb-sc-link-change\" data-success-message=\"\" class=\"rcb-sc-link rcb-sc-link-change \">Cookie-Zustimmungseinstellungen<\/a><\/li>\n<li><a  href=\"#consent-history\" role=\"button\" id=\"rcb-sc-link-history\" data-success-message=\"\" class=\"rcb-sc-link rcb-sc-link-history \">Verlauf der Datenschutzeinstellungen<\/a><\/li>\n<li><a  href=\"#consent-revoke\" role=\"button\" id=\"rcb-sc-link-revoke\" data-success-message=\"Sie haben Ihre Einwilligung erfolgreich widerrufen. Die Seite wird jetzt neu geladen.\" class=\"rcb-sc-link rcb-sc-link-revoke \">Widerrufen von Einwilligungen<\/a><\/li>\n<\/ul>\n<hr \/>\n<p><em>25 Mai 2022<\/em><\/p>\n","protected":false},"excerpt":{"rendered":"<p>AUF COOKIES ERWEITERTE HINWEISE Die Computersysteme und Softwares, die f\u00fcr den Betrieb der Website verwendet werden, erfassen w\u00e4hrend ihres normalen Betriebs einige personenbezogene Daten, deren \u00dcbertragung bei der Verwendung von Internet-Kommunikationsprotokollen implizit ist, aufgrund der Aktion von Dateien, die vor\u00fcbergehend oder dauerhaft auf Ihrer Festplatte gespeichert werden ( Cookies) und durch die Verwendung anderer Softwarekomponenten, [&hellip;]<\/p>\n","protected":false},"author":2,"featured_media":0,"parent":0,"menu_order":0,"comment_status":"closed","ping_status":"closed","template":"page-templates\/no-picture.php","meta":{"footnotes":""},"class_list":["post-11847","page","type-page","status-publish","hentry","odd"],"yoast_head":"<!-- This site is optimized with the Yoast SEO plugin v27.3 - https:\/\/yoast.com\/product\/yoast-seo-wordpress\/ -->\n<title>Cookies - Pirovano<\/title>\n<meta name=\"robots\" content=\"index, follow, max-snippet:-1, max-image-preview:large, max-video-preview:-1\" \/>\n<link rel=\"canonical\" href=\"https:\/\/pirovano.it\/de\/cookies\/\" \/>\n<meta property=\"og:locale\" content=\"de_DE\" \/>\n<meta property=\"og:type\" content=\"article\" \/>\n<meta property=\"og:title\" content=\"Cookies - Pirovano\" \/>\n<meta property=\"og:description\" content=\"AUF COOKIES ERWEITERTE HINWEISE Die Computersysteme und Softwares, die f\u00fcr den Betrieb der Website verwendet werden, erfassen w\u00e4hrend ihres normalen Betriebs einige personenbezogene Daten, deren \u00dcbertragung bei der Verwendung von Internet-Kommunikationsprotokollen implizit ist, aufgrund der Aktion von Dateien, die vor\u00fcbergehend oder dauerhaft auf Ihrer Festplatte gespeichert werden ( Cookies) und durch die Verwendung anderer Softwarekomponenten, [&hellip;]\" \/>\n<meta property=\"og:url\" content=\"https:\/\/pirovano.it\/de\/cookies\/\" \/>\n<meta property=\"og:site_name\" content=\"Pirovano\" \/>\n<meta property=\"article:modified_time\" content=\"2022-05-25T13:55:17+00:00\" \/>\n<meta name=\"twitter:card\" content=\"summary_large_image\" \/>\n<meta name=\"twitter:label1\" content=\"Est. reading time\" \/>\n\t<meta name=\"twitter:data1\" content=\"8 minutes\" \/>\n<script type=\"application\/ld+json\" class=\"yoast-schema-graph\">{\"@context\":\"https:\\\/\\\/schema.org\",\"@graph\":[{\"@type\":\"WebPage\",\"@id\":\"https:\\\/\\\/pirovano.it\\\/de\\\/cookies\\\/\",\"url\":\"https:\\\/\\\/pirovano.it\\\/de\\\/cookies\\\/\",\"name\":\"Cookies - Pirovano\",\"isPartOf\":{\"@id\":\"https:\\\/\\\/pirovano.it\\\/it\\\/#website\"},\"datePublished\":\"2022-05-25T13:48:33+00:00\",\"dateModified\":\"2022-05-25T13:55:17+00:00\",\"breadcrumb\":{\"@id\":\"https:\\\/\\\/pirovano.it\\\/de\\\/cookies\\\/#breadcrumb\"},\"inLanguage\":\"de-DE\",\"potentialAction\":[{\"@type\":\"ReadAction\",\"target\":[\"https:\\\/\\\/pirovano.it\\\/de\\\/cookies\\\/\"]}]},{\"@type\":\"BreadcrumbList\",\"@id\":\"https:\\\/\\\/pirovano.it\\\/de\\\/cookies\\\/#breadcrumb\",\"itemListElement\":[{\"@type\":\"ListItem\",\"position\":1,\"name\":\"Home\",\"item\":\"https:\\\/\\\/pirovano.it\\\/de\\\/\"},{\"@type\":\"ListItem\",\"position\":2,\"name\":\"Cookies\"}]},{\"@type\":\"WebSite\",\"@id\":\"https:\\\/\\\/pirovano.it\\\/it\\\/#website\",\"url\":\"https:\\\/\\\/pirovano.it\\\/it\\\/\",\"name\":\"Pirovano\",\"description\":\"Universit\u00e0 dello Sci, dello Snowboard e della Montagna\",\"potentialAction\":[{\"@type\":\"SearchAction\",\"target\":{\"@type\":\"EntryPoint\",\"urlTemplate\":\"https:\\\/\\\/pirovano.it\\\/it\\\/?s={search_term_string}\"},\"query-input\":{\"@type\":\"PropertyValueSpecification\",\"valueRequired\":true,\"valueName\":\"search_term_string\"}}],\"inLanguage\":\"de-DE\"}]}<\/script>\n<!-- \/ Yoast SEO plugin. -->","yoast_head_json":{"title":"Cookies - Pirovano","robots":{"index":"index","follow":"follow","max-snippet":"max-snippet:-1","max-image-preview":"max-image-preview:large","max-video-preview":"max-video-preview:-1"},"canonical":"https:\/\/pirovano.it\/de\/cookies\/","og_locale":"de_DE","og_type":"article","og_title":"Cookies - Pirovano","og_description":"AUF COOKIES ERWEITERTE HINWEISE Die Computersysteme und Softwares, die f\u00fcr den Betrieb der Website verwendet werden, erfassen w\u00e4hrend ihres normalen Betriebs einige personenbezogene Daten, deren \u00dcbertragung bei der Verwendung von Internet-Kommunikationsprotokollen implizit ist, aufgrund der Aktion von Dateien, die vor\u00fcbergehend oder dauerhaft auf Ihrer Festplatte gespeichert werden ( Cookies) und durch die Verwendung anderer Softwarekomponenten, [&hellip;]","og_url":"https:\/\/pirovano.it\/de\/cookies\/","og_site_name":"Pirovano","article_modified_time":"2022-05-25T13:55:17+00:00","twitter_card":"summary_large_image","twitter_misc":{"Est. reading time":"8 minutes"},"schema":{"@context":"https:\/\/schema.org","@graph":[{"@type":"WebPage","@id":"https:\/\/pirovano.it\/de\/cookies\/","url":"https:\/\/pirovano.it\/de\/cookies\/","name":"Cookies - Pirovano","isPartOf":{"@id":"https:\/\/pirovano.it\/it\/#website"},"datePublished":"2022-05-25T13:48:33+00:00","dateModified":"2022-05-25T13:55:17+00:00","breadcrumb":{"@id":"https:\/\/pirovano.it\/de\/cookies\/#breadcrumb"},"inLanguage":"de-DE","potentialAction":[{"@type":"ReadAction","target":["https:\/\/pirovano.it\/de\/cookies\/"]}]},{"@type":"BreadcrumbList","@id":"https:\/\/pirovano.it\/de\/cookies\/#breadcrumb","itemListElement":[{"@type":"ListItem","position":1,"name":"Home","item":"https:\/\/pirovano.it\/de\/"},{"@type":"ListItem","position":2,"name":"Cookies"}]},{"@type":"WebSite","@id":"https:\/\/pirovano.it\/it\/#website","url":"https:\/\/pirovano.it\/it\/","name":"Pirovano","description":"Universit\u00e0 dello Sci, dello Snowboard e della Montagna","potentialAction":[{"@type":"SearchAction","target":{"@type":"EntryPoint","urlTemplate":"https:\/\/pirovano.it\/it\/?s={search_term_string}"},"query-input":{"@type":"PropertyValueSpecification","valueRequired":true,"valueName":"search_term_string"}}],"inLanguage":"de-DE"}]}},"_links":{"self":[{"href":"https:\/\/pirovano.it\/de\/wp-json\/wp\/v2\/pages\/11847","targetHints":{"allow":["GET"]}}],"collection":[{"href":"https:\/\/pirovano.it\/de\/wp-json\/wp\/v2\/pages"}],"about":[{"href":"https:\/\/pirovano.it\/de\/wp-json\/wp\/v2\/types\/page"}],"author":[{"embeddable":true,"href":"https:\/\/pirovano.it\/de\/wp-json\/wp\/v2\/users\/2"}],"replies":[{"embeddable":true,"href":"https:\/\/pirovano.it\/de\/wp-json\/wp\/v2\/comments?post=11847"}],"version-history":[{"count":2,"href":"https:\/\/pirovano.it\/de\/wp-json\/wp\/v2\/pages\/11847\/revisions"}],"predecessor-version":[{"id":11850,"href":"https:\/\/pirovano.it\/de\/wp-json\/wp\/v2\/pages\/11847\/revisions\/11850"}],"wp:attachment":[{"href":"https:\/\/pirovano.it\/de\/wp-json\/wp\/v2\/media?parent=11847"}],"curies":[{"name":"wp","href":"https:\/\/api.w.org\/{rel}","templated":true}]}}