{"id":2572,"date":"2018-03-11T23:34:01","date_gmt":"2018-03-11T22:34:01","guid":{"rendered":"http:\/\/pirovano.it\/?page_id=2572"},"modified":"2020-03-03T15:24:01","modified_gmt":"2020-03-03T14:24:01","slug":"skifahren-sommer-erbst","status":"publish","type":"page","link":"https:\/\/pirovano.it\/de\/taetigkeiten-stilfs\/skifahren-sommer-erbst\/","title":{"rendered":"Das Skifahren vom Sommer bis zum Erbst in Stilfserjoch Gletstcher"},"content":{"rendered":"<p>Schon immer bedeuten Stilfs und Pirovano gro\u00dfen Sommer- und Herbstski.<\/p>\n<p>Der Seilbahn, der zu den Ski-Pisten des Gletschers f\u00fchrt, ist erst 50 Meter vom Hotel entfernt; die 20 Kilometer langen und 100% Naturschnee bedeckten Pisten sind t\u00e4glich ab Juni bis November offen; die Skischule Pirovano und zwar die besser bekannte \u201eSki-Universit\u00e4t\u201c weist eine zehnj\u00e4hrige Erfahrung und Professionalit\u00e4t auf&#8230;<\/p>\n<h4>Willkommen in der Hauptstadt des Sommerskis!<\/h4>\n<p>Der Gletscher Stilfs ist der einzige in Italien, wo man auch im Sommer Ski fahren kann: bis in die 50er Jahre ist er das Ziel f\u00fcr viele Ski-Fans, agonistische Mannschaften und Ski-Clubs von verschiedenen Teilen des Europas, die auch in Hochsommer dadurch ihren Lieblingssport treiben k\u00f6nnen.<\/p>\n<p>Das Skifahren nur mit einem T-Shirt in der Sonne, das Fliehen von den schw\u00fclen St\u00e4dten, das Atmen reine Bergluft, das Fahren perfekte und von einem atemberaubenden Panorama umgebenden Pisten schnell &#8230; diese sind nur einige der Gef\u00fchle, die man im Hochsommer oder Herbst am Stilfs erleben kann!<\/p>\n<p>Der Sommerschnee der Gletscher ist besonders; man soll ihn erfahren: tags\u00fcber \u00e4ndert die Schneedecke st\u00e4ndig und dies bringt den Skifahrer dazu, den Schneebedingungen seine Technik bei der Talfahrt anzupassen. Aus diesem Grund ist dieses Skigebiet das Beste f\u00fcr diejenige, die ihren Stil verbessern wollen.<\/p>\n<p>Im Paradies des Sommerskis schl\u00e4gt die Skischule Pirovano, die sich auf eine lange Erfahrung und gro\u00dfe Zuverl\u00e4ssigkeit st\u00fctzt, individuelle oder gemeinsame Kurse von jedem Niveau vor: vom Anf\u00e4nger bis zum Wettkampfniveau f\u00fcr Kinder und Erwachsenen&#8230; die Verbesserungen sind sicher!<\/p>\n<p>Viel Disziplin aber auch Erholung und Vergn\u00fcgung: zu F\u00fc\u00dfen des Gletschers erm\u00f6glichen die gute K\u00fcche und die Dienste des Hotels Pirovano Quarto, den Tag auf bestm\u00f6gliche Weise zu beenden.<\/p>\n<h4>Der Zauber des Schnees im Sommer&#8230;<\/h4>\n<p>Es kann scheinen, schwierig zu glauben, aber im Sommer werden die Piste Stilfs immer so perfekt vorbereitet wie im Winter. Das ist m\u00f6glich, weil eine gro\u00dfe Temperaturunterschiede zwischen Tag und Nacht besteht: w\u00e4hrend des Tages w\u00e4rmt sich der Schnee auf und w\u00e4hrend der klaren N\u00e4chte erk\u00e4ltet er sich sodass, er am Vormittag erneut perfekt erscheint.<\/p>\n<h6>Das Skifahren mit einem T-Shirt in der Sonne und auf den Gletschern ist eine Erfahrung, die alle erleben k\u00f6nnen: bestellen Sie noch heute!<\/h6>\n","protected":false},"excerpt":{"rendered":"<p>Schon immer bedeuten Stilfs und Pirovano gro\u00dfen Sommer- und Herbstski. Der Seilbahn, der zu den Ski-Pisten des Gletschers f\u00fchrt, ist erst 50 Meter vom Hotel entfernt; die 20 Kilometer langen und 100% Naturschnee bedeckten Pisten sind t\u00e4glich ab Juni bis November offen; die Skischule Pirovano und zwar die besser bekannte \u201eSki-Universit\u00e4t\u201c weist eine zehnj\u00e4hrige Erfahrung [&hellip;]<\/p>\n","protected":false},"author":3,"featured_media":611,"parent":2562,"menu_order":0,"comment_status":"closed","ping_status":"closed","template":"","meta":{"footnotes":""},"class_list":["post-2572","page","type-page","status-publish","has-post-thumbnail","hentry","odd"],"yoast_head":"<!-- This site is optimized with the Yoast SEO plugin v27.3 - https:\/\/yoast.com\/product\/yoast-seo-wordpress\/ -->\n<title>Sommer- und Herbstski in Stilfserjoch Gletstcher<\/title>\n<meta name=\"description\" content=\"Schon immer bedeuten Stilfs und Pirovano gro\u00dfen Sommer- und Herbstski in Stilfserjoch Gletstcher\" \/>\n<meta name=\"robots\" content=\"index, follow, max-snippet:-1, max-image-preview:large, max-video-preview:-1\" \/>\n<link rel=\"canonical\" href=\"https:\/\/pirovano.it\/de\/taetigkeiten-stilfs\/skifahren-sommer-erbst\/\" \/>\n<meta property=\"og:locale\" content=\"de_DE\" \/>\n<meta property=\"og:type\" content=\"article\" \/>\n<meta property=\"og:title\" content=\"Sommer- und Herbstski in Stilfserjoch Gletstcher\" \/>\n<meta property=\"og:description\" content=\"Schon immer bedeuten Stilfs und Pirovano gro\u00dfen Sommer- und Herbstski in Stilfserjoch Gletstcher\" \/>\n<meta property=\"og:url\" content=\"https:\/\/pirovano.it\/de\/taetigkeiten-stilfs\/skifahren-sommer-erbst\/\" \/>\n<meta property=\"og:site_name\" content=\"Pirovano\" \/>\n<meta property=\"article:modified_time\" content=\"2020-03-03T14:24:01+00:00\" \/>\n<meta property=\"og:image\" content=\"https:\/\/pirovano.it\/wp-content\/uploads\/2018\/03\/sciare-pista.jpg\" \/>\n\t<meta property=\"og:image:width\" content=\"1920\" \/>\n\t<meta property=\"og:image:height\" content=\"1067\" \/>\n\t<meta property=\"og:image:type\" content=\"image\/jpeg\" \/>\n<meta name=\"twitter:card\" content=\"summary_large_image\" \/>\n<meta name=\"twitter:label1\" content=\"Est. reading time\" \/>\n\t<meta name=\"twitter:data1\" content=\"2 minutes\" \/>\n<script type=\"application\/ld+json\" class=\"yoast-schema-graph\">{\"@context\":\"https:\\\/\\\/schema.org\",\"@graph\":[{\"@type\":\"WebPage\",\"@id\":\"https:\\\/\\\/pirovano.it\\\/de\\\/taetigkeiten-stilfs\\\/skifahren-sommer-erbst\\\/\",\"url\":\"https:\\\/\\\/pirovano.it\\\/de\\\/taetigkeiten-stilfs\\\/skifahren-sommer-erbst\\\/\",\"name\":\"Sommer- und Herbstski in Stilfserjoch Gletstcher\",\"isPartOf\":{\"@id\":\"https:\\\/\\\/pirovano.it\\\/it\\\/#website\"},\"primaryImageOfPage\":{\"@id\":\"https:\\\/\\\/pirovano.it\\\/de\\\/taetigkeiten-stilfs\\\/skifahren-sommer-erbst\\\/#primaryimage\"},\"image\":{\"@id\":\"https:\\\/\\\/pirovano.it\\\/de\\\/taetigkeiten-stilfs\\\/skifahren-sommer-erbst\\\/#primaryimage\"},\"thumbnailUrl\":\"https:\\\/\\\/pirovano.it\\\/wp-content\\\/uploads\\\/2018\\\/03\\\/sciare-pista.jpg\",\"datePublished\":\"2018-03-11T22:34:01+00:00\",\"dateModified\":\"2020-03-03T14:24:01+00:00\",\"description\":\"Schon immer bedeuten Stilfs und Pirovano gro\u00dfen Sommer- und Herbstski in Stilfserjoch Gletstcher\",\"breadcrumb\":{\"@id\":\"https:\\\/\\\/pirovano.it\\\/de\\\/taetigkeiten-stilfs\\\/skifahren-sommer-erbst\\\/#breadcrumb\"},\"inLanguage\":\"de-DE\",\"potentialAction\":[{\"@type\":\"ReadAction\",\"target\":[\"https:\\\/\\\/pirovano.it\\\/de\\\/taetigkeiten-stilfs\\\/skifahren-sommer-erbst\\\/\"]}]},{\"@type\":\"ImageObject\",\"inLanguage\":\"de-DE\",\"@id\":\"https:\\\/\\\/pirovano.it\\\/de\\\/taetigkeiten-stilfs\\\/skifahren-sommer-erbst\\\/#primaryimage\",\"url\":\"https:\\\/\\\/pirovano.it\\\/wp-content\\\/uploads\\\/2018\\\/03\\\/sciare-pista.jpg\",\"contentUrl\":\"https:\\\/\\\/pirovano.it\\\/wp-content\\\/uploads\\\/2018\\\/03\\\/sciare-pista.jpg\",\"width\":1920,\"height\":1067},{\"@type\":\"BreadcrumbList\",\"@id\":\"https:\\\/\\\/pirovano.it\\\/de\\\/taetigkeiten-stilfs\\\/skifahren-sommer-erbst\\\/#breadcrumb\",\"itemListElement\":[{\"@type\":\"ListItem\",\"position\":1,\"name\":\"Home\",\"item\":\"https:\\\/\\\/pirovano.it\\\/de\\\/\"},{\"@type\":\"ListItem\",\"position\":2,\"name\":\"T\u00e4tigkeiten\",\"item\":\"https:\\\/\\\/pirovano.it\\\/de\\\/taetigkeiten-stilfs\\\/\"},{\"@type\":\"ListItem\",\"position\":3,\"name\":\"Das Skifahren vom Sommer bis zum Erbst in Stilfserjoch Gletstcher\"}]},{\"@type\":\"WebSite\",\"@id\":\"https:\\\/\\\/pirovano.it\\\/it\\\/#website\",\"url\":\"https:\\\/\\\/pirovano.it\\\/it\\\/\",\"name\":\"Pirovano\",\"description\":\"Universit\u00e0 dello Sci, dello Snowboard e della Montagna\",\"potentialAction\":[{\"@type\":\"SearchAction\",\"target\":{\"@type\":\"EntryPoint\",\"urlTemplate\":\"https:\\\/\\\/pirovano.it\\\/it\\\/?s={search_term_string}\"},\"query-input\":{\"@type\":\"PropertyValueSpecification\",\"valueRequired\":true,\"valueName\":\"search_term_string\"}}],\"inLanguage\":\"de-DE\"}]}<\/script>\n<!-- \/ Yoast SEO plugin. -->","yoast_head_json":{"title":"Sommer- und Herbstski in Stilfserjoch Gletstcher","description":"Schon immer bedeuten Stilfs und Pirovano gro\u00dfen Sommer- und Herbstski in Stilfserjoch Gletstcher","robots":{"index":"index","follow":"follow","max-snippet":"max-snippet:-1","max-image-preview":"max-image-preview:large","max-video-preview":"max-video-preview:-1"},"canonical":"https:\/\/pirovano.it\/de\/taetigkeiten-stilfs\/skifahren-sommer-erbst\/","og_locale":"de_DE","og_type":"article","og_title":"Sommer- und Herbstski in Stilfserjoch Gletstcher","og_description":"Schon immer bedeuten Stilfs und Pirovano gro\u00dfen Sommer- und Herbstski in Stilfserjoch Gletstcher","og_url":"https:\/\/pirovano.it\/de\/taetigkeiten-stilfs\/skifahren-sommer-erbst\/","og_site_name":"Pirovano","article_modified_time":"2020-03-03T14:24:01+00:00","og_image":[{"width":1920,"height":1067,"url":"https:\/\/pirovano.it\/wp-content\/uploads\/2018\/03\/sciare-pista.jpg","type":"image\/jpeg"}],"twitter_card":"summary_large_image","twitter_misc":{"Est. reading time":"2 minutes"},"schema":{"@context":"https:\/\/schema.org","@graph":[{"@type":"WebPage","@id":"https:\/\/pirovano.it\/de\/taetigkeiten-stilfs\/skifahren-sommer-erbst\/","url":"https:\/\/pirovano.it\/de\/taetigkeiten-stilfs\/skifahren-sommer-erbst\/","name":"Sommer- und Herbstski in Stilfserjoch Gletstcher","isPartOf":{"@id":"https:\/\/pirovano.it\/it\/#website"},"primaryImageOfPage":{"@id":"https:\/\/pirovano.it\/de\/taetigkeiten-stilfs\/skifahren-sommer-erbst\/#primaryimage"},"image":{"@id":"https:\/\/pirovano.it\/de\/taetigkeiten-stilfs\/skifahren-sommer-erbst\/#primaryimage"},"thumbnailUrl":"https:\/\/pirovano.it\/wp-content\/uploads\/2018\/03\/sciare-pista.jpg","datePublished":"2018-03-11T22:34:01+00:00","dateModified":"2020-03-03T14:24:01+00:00","description":"Schon immer bedeuten Stilfs und Pirovano gro\u00dfen Sommer- und Herbstski in Stilfserjoch Gletstcher","breadcrumb":{"@id":"https:\/\/pirovano.it\/de\/taetigkeiten-stilfs\/skifahren-sommer-erbst\/#breadcrumb"},"inLanguage":"de-DE","potentialAction":[{"@type":"ReadAction","target":["https:\/\/pirovano.it\/de\/taetigkeiten-stilfs\/skifahren-sommer-erbst\/"]}]},{"@type":"ImageObject","inLanguage":"de-DE","@id":"https:\/\/pirovano.it\/de\/taetigkeiten-stilfs\/skifahren-sommer-erbst\/#primaryimage","url":"https:\/\/pirovano.it\/wp-content\/uploads\/2018\/03\/sciare-pista.jpg","contentUrl":"https:\/\/pirovano.it\/wp-content\/uploads\/2018\/03\/sciare-pista.jpg","width":1920,"height":1067},{"@type":"BreadcrumbList","@id":"https:\/\/pirovano.it\/de\/taetigkeiten-stilfs\/skifahren-sommer-erbst\/#breadcrumb","itemListElement":[{"@type":"ListItem","position":1,"name":"Home","item":"https:\/\/pirovano.it\/de\/"},{"@type":"ListItem","position":2,"name":"T\u00e4tigkeiten","item":"https:\/\/pirovano.it\/de\/taetigkeiten-stilfs\/"},{"@type":"ListItem","position":3,"name":"Das Skifahren vom Sommer bis zum Erbst in Stilfserjoch Gletstcher"}]},{"@type":"WebSite","@id":"https:\/\/pirovano.it\/it\/#website","url":"https:\/\/pirovano.it\/it\/","name":"Pirovano","description":"Universit\u00e0 dello Sci, dello Snowboard e della Montagna","potentialAction":[{"@type":"SearchAction","target":{"@type":"EntryPoint","urlTemplate":"https:\/\/pirovano.it\/it\/?s={search_term_string}"},"query-input":{"@type":"PropertyValueSpecification","valueRequired":true,"valueName":"search_term_string"}}],"inLanguage":"de-DE"}]}},"_links":{"self":[{"href":"https:\/\/pirovano.it\/de\/wp-json\/wp\/v2\/pages\/2572","targetHints":{"allow":["GET"]}}],"collection":[{"href":"https:\/\/pirovano.it\/de\/wp-json\/wp\/v2\/pages"}],"about":[{"href":"https:\/\/pirovano.it\/de\/wp-json\/wp\/v2\/types\/page"}],"author":[{"embeddable":true,"href":"https:\/\/pirovano.it\/de\/wp-json\/wp\/v2\/users\/3"}],"replies":[{"embeddable":true,"href":"https:\/\/pirovano.it\/de\/wp-json\/wp\/v2\/comments?post=2572"}],"version-history":[{"count":6,"href":"https:\/\/pirovano.it\/de\/wp-json\/wp\/v2\/pages\/2572\/revisions"}],"predecessor-version":[{"id":6211,"href":"https:\/\/pirovano.it\/de\/wp-json\/wp\/v2\/pages\/2572\/revisions\/6211"}],"up":[{"embeddable":true,"href":"https:\/\/pirovano.it\/de\/wp-json\/wp\/v2\/pages\/2562"}],"wp:featuredmedia":[{"embeddable":true,"href":"https:\/\/pirovano.it\/de\/wp-json\/wp\/v2\/media\/611"}],"wp:attachment":[{"href":"https:\/\/pirovano.it\/de\/wp-json\/wp\/v2\/media?parent=2572"}],"curies":[{"name":"wp","href":"https:\/\/api.w.org\/{rel}","templated":true}]}}