{"id":2577,"date":"2018-03-11T23:34:37","date_gmt":"2018-03-11T22:34:37","guid":{"rendered":"http:\/\/pirovano.it\/?page_id=2577"},"modified":"2020-03-03T15:25:22","modified_gmt":"2020-03-03T14:25:22","slug":"radsport","status":"publish","type":"page","link":"https:\/\/pirovano.it\/de\/taetigkeiten-stilfs\/radsport\/","title":{"rendered":"Radsport Stilfserjoch"},"content":{"rendered":"<p>Dank seinen \u00fcber 100 Kehren, die drei T\u00e4ler verbinden, ist das Stilfser Joch eines der von Radfahrern aller Welt bekanntesten Ziele, Profisportler und Amateuren; ein idealer Ort, wo man sich in gro\u00dfer H\u00f6he erholen und trainieren kann.<br \/>\nBeim Radeln auf den Kehren der Stra\u00dfe vom Stilfser Joch ist es nicht schwierig, bekannte Gesichter der Radwelt zu treffen, die sich hier trainieren um f\u00fcr die internationalen Radrennen vorzubereiten.<br \/>\nF\u00fcr ihren Aufenthalt w\u00e4hlen sie das Hotel Pirovano Quarto, da es eine besonders ausger\u00fcsteten Struktur zur sportlichen Vorbereitung in gro\u00dfer H\u00f6he mit seinem Wellness- und Fitnessraum ist und zudem eine gewisse Aufmerksamkeit auf eine spezifische und korrekte Ern\u00e4hrung lenkt.<\/p>\n<p>F\u00fcr die Radfreunde ist der H\u00f6henunterschied von 1.533 Meter, der beinahe 3.000 Meter erreicht, kein Witz, aber stellt eine taktische Strecke des sogenannten \u201cGrande Montagna\u201d lieber dar, bei deren Bew\u00e4ltigung Muskeln und Kopf eine wichtige Rolle spielen.<br \/>\nViel gesunde Anstrengung samt Ausdauer und Biss sind die richtigen Zutaten, um einmal im Leben den epischen Gipfel Coppis erreichen zu k\u00f6nnen, und zwar das Ziel der Meister mit dem gro\u00dfen \u201eM\u201c, wie der \u201eAirone volante\u201c (Fausto Coppi) und viele andere, die die Seiten des Buches des \u201eGiro d \u2019Italia\u201c geschrieben haben.<br \/>\nPirovano Stilfs ist erfreut, Sportgruppen und Einzelne zu Gast zu haben, die diesen Sport lieben. Aus diesem Grund sieht das Hotel spezifische und besonders g\u00fcnstige Angebote vor. Rufen Sie uns f\u00fcr weitere Informationen an.<\/p>\n<h3>Das Stilfser Joch mit dem Fahrrad<\/h3>\n<p>Vom Prad am Stilfserjoch, und zwar vom dem s\u00fcdtirolerisch Abhang (916 m s. l. m.), steigt man 25 Km lang ohne Pause auf und mit steigenden Gef\u00e4llen (ca. 11% bei dem letzten Kilometer). Der erste Aufstiegsteil ist gut mit dem Fahrrad befahrbar (erste 8 Km), mit Gef\u00e4llen von 5%. Dann kommen die 48 Kehren mit Gef\u00e4llen zwischen 8% und 9%. Der gesamte H\u00f6henunterschied \u00fcberschreitet 1800 Meter. Das durchschnittliche Gef\u00e4lle ist 7,4% und das maximale 11%.<br \/>\nBeim lombardischen Abhang beginnt der Anstieg von Bornio (1225 m s. l. m.), der 21,5 Km lang ist; nach ungef\u00e4hr 15 Km gibt es Pian di Grembo, eine Strecke mit geringf\u00fcgigen Gef\u00e4llen, wo man Atem holen kann. Die letzten 2-3 Kilometer, die die schwierigsten sind, haben ein Gef\u00e4lle von 8%. Das durchschnittliche Gef\u00e4lle ist 7,1% und das maximale 9,5% (zwischen dem 10. und 11. Kilometer).<br \/>\nEine weitere M\u00f6glichkeit ist der schweizerische Abhang, vom Santa Maria Val M\u00fcstair radelt man in Gro\u00dfteil durch das helvetische Gebiet bis Umbrailpass (2503 m s. l. m.) auf dem Abhang Bornios.<\/p>\n","protected":false},"excerpt":{"rendered":"<p>Dank seinen \u00fcber 100 Kehren, die drei T\u00e4ler verbinden, ist das Stilfser Joch eines der von Radfahrern aller Welt bekanntesten Ziele, Profisportler und Amateuren; ein idealer Ort, wo man sich in gro\u00dfer H\u00f6he erholen und trainieren kann. Beim Radeln auf den Kehren der Stra\u00dfe vom Stilfser Joch ist es nicht schwierig, bekannte Gesichter der Radwelt [&hellip;]<\/p>\n","protected":false},"author":3,"featured_media":446,"parent":2562,"menu_order":0,"comment_status":"closed","ping_status":"closed","template":"","meta":{"footnotes":""},"class_list":["post-2577","page","type-page","status-publish","has-post-thumbnail","hentry","odd"],"yoast_head":"<!-- This site is optimized with the Yoast SEO plugin v27.3 - https:\/\/yoast.com\/product\/yoast-seo-wordpress\/ -->\n<title>Radsport Stilfserjoch<\/title>\n<meta name=\"description\" content=\"Das Stilfserjoch ist eines der von Radfahrern aller Welt bekanntesten Ziele, Profisportler und Amateuren; ein idealer Ort, wo man sich in gro\u00dfer H\u00f6he erholen und trainieren kann\" \/>\n<meta name=\"robots\" content=\"index, follow, max-snippet:-1, max-image-preview:large, max-video-preview:-1\" \/>\n<link rel=\"canonical\" href=\"https:\/\/pirovano.it\/de\/taetigkeiten-stilfs\/radsport\/\" \/>\n<meta property=\"og:locale\" content=\"de_DE\" \/>\n<meta property=\"og:type\" content=\"article\" \/>\n<meta property=\"og:title\" content=\"Radsport Stilfserjoch\" \/>\n<meta property=\"og:description\" content=\"Das Stilfserjoch ist eines der von Radfahrern aller Welt bekanntesten Ziele, Profisportler und Amateuren; ein idealer Ort, wo man sich in gro\u00dfer H\u00f6he erholen und trainieren kann\" \/>\n<meta property=\"og:url\" content=\"https:\/\/pirovano.it\/de\/taetigkeiten-stilfs\/radsport\/\" \/>\n<meta property=\"og:site_name\" content=\"Pirovano\" \/>\n<meta property=\"article:modified_time\" content=\"2020-03-03T14:25:22+00:00\" \/>\n<meta property=\"og:image\" content=\"https:\/\/pirovano.it\/wp-content\/uploads\/2018\/03\/strada-tornanti-stelvio.jpg\" \/>\n\t<meta property=\"og:image:width\" content=\"1920\" \/>\n\t<meta property=\"og:image:height\" content=\"957\" \/>\n\t<meta property=\"og:image:type\" content=\"image\/jpeg\" \/>\n<meta name=\"twitter:card\" content=\"summary_large_image\" \/>\n<meta name=\"twitter:label1\" content=\"Est. reading time\" \/>\n\t<meta name=\"twitter:data1\" content=\"2 minutes\" \/>\n<script type=\"application\/ld+json\" class=\"yoast-schema-graph\">{\"@context\":\"https:\\\/\\\/schema.org\",\"@graph\":[{\"@type\":\"WebPage\",\"@id\":\"https:\\\/\\\/pirovano.it\\\/de\\\/taetigkeiten-stilfs\\\/radsport\\\/\",\"url\":\"https:\\\/\\\/pirovano.it\\\/de\\\/taetigkeiten-stilfs\\\/radsport\\\/\",\"name\":\"Radsport Stilfserjoch\",\"isPartOf\":{\"@id\":\"https:\\\/\\\/pirovano.it\\\/it\\\/#website\"},\"primaryImageOfPage\":{\"@id\":\"https:\\\/\\\/pirovano.it\\\/de\\\/taetigkeiten-stilfs\\\/radsport\\\/#primaryimage\"},\"image\":{\"@id\":\"https:\\\/\\\/pirovano.it\\\/de\\\/taetigkeiten-stilfs\\\/radsport\\\/#primaryimage\"},\"thumbnailUrl\":\"https:\\\/\\\/pirovano.it\\\/wp-content\\\/uploads\\\/2018\\\/03\\\/strada-tornanti-stelvio.jpg\",\"datePublished\":\"2018-03-11T22:34:37+00:00\",\"dateModified\":\"2020-03-03T14:25:22+00:00\",\"description\":\"Das Stilfserjoch ist eines der von Radfahrern aller Welt bekanntesten Ziele, Profisportler und Amateuren; ein idealer Ort, wo man sich in gro\u00dfer H\u00f6he erholen und trainieren kann\",\"breadcrumb\":{\"@id\":\"https:\\\/\\\/pirovano.it\\\/de\\\/taetigkeiten-stilfs\\\/radsport\\\/#breadcrumb\"},\"inLanguage\":\"de-DE\",\"potentialAction\":[{\"@type\":\"ReadAction\",\"target\":[\"https:\\\/\\\/pirovano.it\\\/de\\\/taetigkeiten-stilfs\\\/radsport\\\/\"]}]},{\"@type\":\"ImageObject\",\"inLanguage\":\"de-DE\",\"@id\":\"https:\\\/\\\/pirovano.it\\\/de\\\/taetigkeiten-stilfs\\\/radsport\\\/#primaryimage\",\"url\":\"https:\\\/\\\/pirovano.it\\\/wp-content\\\/uploads\\\/2018\\\/03\\\/strada-tornanti-stelvio.jpg\",\"contentUrl\":\"https:\\\/\\\/pirovano.it\\\/wp-content\\\/uploads\\\/2018\\\/03\\\/strada-tornanti-stelvio.jpg\",\"width\":1920,\"height\":957},{\"@type\":\"BreadcrumbList\",\"@id\":\"https:\\\/\\\/pirovano.it\\\/de\\\/taetigkeiten-stilfs\\\/radsport\\\/#breadcrumb\",\"itemListElement\":[{\"@type\":\"ListItem\",\"position\":1,\"name\":\"Home\",\"item\":\"https:\\\/\\\/pirovano.it\\\/de\\\/\"},{\"@type\":\"ListItem\",\"position\":2,\"name\":\"T\u00e4tigkeiten\",\"item\":\"https:\\\/\\\/pirovano.it\\\/de\\\/taetigkeiten-stilfs\\\/\"},{\"@type\":\"ListItem\",\"position\":3,\"name\":\"Radsport Stilfserjoch\"}]},{\"@type\":\"WebSite\",\"@id\":\"https:\\\/\\\/pirovano.it\\\/it\\\/#website\",\"url\":\"https:\\\/\\\/pirovano.it\\\/it\\\/\",\"name\":\"Pirovano\",\"description\":\"Universit\u00e0 dello Sci, dello Snowboard e della Montagna\",\"potentialAction\":[{\"@type\":\"SearchAction\",\"target\":{\"@type\":\"EntryPoint\",\"urlTemplate\":\"https:\\\/\\\/pirovano.it\\\/it\\\/?s={search_term_string}\"},\"query-input\":{\"@type\":\"PropertyValueSpecification\",\"valueRequired\":true,\"valueName\":\"search_term_string\"}}],\"inLanguage\":\"de-DE\"}]}<\/script>\n<!-- \/ Yoast SEO plugin. -->","yoast_head_json":{"title":"Radsport Stilfserjoch","description":"Das Stilfserjoch ist eines der von Radfahrern aller Welt bekanntesten Ziele, Profisportler und Amateuren; ein idealer Ort, wo man sich in gro\u00dfer H\u00f6he erholen und trainieren kann","robots":{"index":"index","follow":"follow","max-snippet":"max-snippet:-1","max-image-preview":"max-image-preview:large","max-video-preview":"max-video-preview:-1"},"canonical":"https:\/\/pirovano.it\/de\/taetigkeiten-stilfs\/radsport\/","og_locale":"de_DE","og_type":"article","og_title":"Radsport Stilfserjoch","og_description":"Das Stilfserjoch ist eines der von Radfahrern aller Welt bekanntesten Ziele, Profisportler und Amateuren; ein idealer Ort, wo man sich in gro\u00dfer H\u00f6he erholen und trainieren kann","og_url":"https:\/\/pirovano.it\/de\/taetigkeiten-stilfs\/radsport\/","og_site_name":"Pirovano","article_modified_time":"2020-03-03T14:25:22+00:00","og_image":[{"width":1920,"height":957,"url":"https:\/\/pirovano.it\/wp-content\/uploads\/2018\/03\/strada-tornanti-stelvio.jpg","type":"image\/jpeg"}],"twitter_card":"summary_large_image","twitter_misc":{"Est. reading time":"2 minutes"},"schema":{"@context":"https:\/\/schema.org","@graph":[{"@type":"WebPage","@id":"https:\/\/pirovano.it\/de\/taetigkeiten-stilfs\/radsport\/","url":"https:\/\/pirovano.it\/de\/taetigkeiten-stilfs\/radsport\/","name":"Radsport Stilfserjoch","isPartOf":{"@id":"https:\/\/pirovano.it\/it\/#website"},"primaryImageOfPage":{"@id":"https:\/\/pirovano.it\/de\/taetigkeiten-stilfs\/radsport\/#primaryimage"},"image":{"@id":"https:\/\/pirovano.it\/de\/taetigkeiten-stilfs\/radsport\/#primaryimage"},"thumbnailUrl":"https:\/\/pirovano.it\/wp-content\/uploads\/2018\/03\/strada-tornanti-stelvio.jpg","datePublished":"2018-03-11T22:34:37+00:00","dateModified":"2020-03-03T14:25:22+00:00","description":"Das Stilfserjoch ist eines der von Radfahrern aller Welt bekanntesten Ziele, Profisportler und Amateuren; ein idealer Ort, wo man sich in gro\u00dfer H\u00f6he erholen und trainieren kann","breadcrumb":{"@id":"https:\/\/pirovano.it\/de\/taetigkeiten-stilfs\/radsport\/#breadcrumb"},"inLanguage":"de-DE","potentialAction":[{"@type":"ReadAction","target":["https:\/\/pirovano.it\/de\/taetigkeiten-stilfs\/radsport\/"]}]},{"@type":"ImageObject","inLanguage":"de-DE","@id":"https:\/\/pirovano.it\/de\/taetigkeiten-stilfs\/radsport\/#primaryimage","url":"https:\/\/pirovano.it\/wp-content\/uploads\/2018\/03\/strada-tornanti-stelvio.jpg","contentUrl":"https:\/\/pirovano.it\/wp-content\/uploads\/2018\/03\/strada-tornanti-stelvio.jpg","width":1920,"height":957},{"@type":"BreadcrumbList","@id":"https:\/\/pirovano.it\/de\/taetigkeiten-stilfs\/radsport\/#breadcrumb","itemListElement":[{"@type":"ListItem","position":1,"name":"Home","item":"https:\/\/pirovano.it\/de\/"},{"@type":"ListItem","position":2,"name":"T\u00e4tigkeiten","item":"https:\/\/pirovano.it\/de\/taetigkeiten-stilfs\/"},{"@type":"ListItem","position":3,"name":"Radsport Stilfserjoch"}]},{"@type":"WebSite","@id":"https:\/\/pirovano.it\/it\/#website","url":"https:\/\/pirovano.it\/it\/","name":"Pirovano","description":"Universit\u00e0 dello Sci, dello Snowboard e della Montagna","potentialAction":[{"@type":"SearchAction","target":{"@type":"EntryPoint","urlTemplate":"https:\/\/pirovano.it\/it\/?s={search_term_string}"},"query-input":{"@type":"PropertyValueSpecification","valueRequired":true,"valueName":"search_term_string"}}],"inLanguage":"de-DE"}]}},"_links":{"self":[{"href":"https:\/\/pirovano.it\/de\/wp-json\/wp\/v2\/pages\/2577","targetHints":{"allow":["GET"]}}],"collection":[{"href":"https:\/\/pirovano.it\/de\/wp-json\/wp\/v2\/pages"}],"about":[{"href":"https:\/\/pirovano.it\/de\/wp-json\/wp\/v2\/types\/page"}],"author":[{"embeddable":true,"href":"https:\/\/pirovano.it\/de\/wp-json\/wp\/v2\/users\/3"}],"replies":[{"embeddable":true,"href":"https:\/\/pirovano.it\/de\/wp-json\/wp\/v2\/comments?post=2577"}],"version-history":[{"count":4,"href":"https:\/\/pirovano.it\/de\/wp-json\/wp\/v2\/pages\/2577\/revisions"}],"predecessor-version":[{"id":6214,"href":"https:\/\/pirovano.it\/de\/wp-json\/wp\/v2\/pages\/2577\/revisions\/6214"}],"up":[{"embeddable":true,"href":"https:\/\/pirovano.it\/de\/wp-json\/wp\/v2\/pages\/2562"}],"wp:featuredmedia":[{"embeddable":true,"href":"https:\/\/pirovano.it\/de\/wp-json\/wp\/v2\/media\/446"}],"wp:attachment":[{"href":"https:\/\/pirovano.it\/de\/wp-json\/wp\/v2\/media?parent=2577"}],"curies":[{"name":"wp","href":"https:\/\/api.w.org\/{rel}","templated":true}]}}