{"id":2580,"date":"2018-03-11T23:34:28","date_gmt":"2018-03-11T22:34:28","guid":{"rendered":"http:\/\/pirovano.it\/?page_id=2580"},"modified":"2020-03-03T15:26:32","modified_gmt":"2020-03-03T14:26:32","slug":"wandersport-trekking","status":"publish","type":"page","link":"https:\/\/pirovano.it\/de\/taetigkeiten-stilfs\/wandersport-trekking\/","title":{"rendered":"Wandersport\/Trekking"},"content":{"rendered":"<p>Ein wahres Paradies f\u00fcr Wanderer in der Mitte des Nationalparks Stilfser Joch.<br \/>\nEine reiche Routenwahl zweigt vom Stilfser Joch ab: auf \u00f6stlicher Seite bis die Gebirgskette Ortles-Cevedale und auf westlichen Seite in Richtung der schweizerischen Gipfel und s\u00fcdlich in Richtung des Tales Braulio und des Gebirgskamm Rims bis nach Bornio und &#8220;die wundersch\u00f6ne Erde&#8221;.<\/p>\n<p>Neben den zahlreichen touristischen Routen, auf denen man noch beobachten kann, wie sich Flora und Fauna gro\u00dfer H\u00f6he angepasst haben, bietet der Umgebung Stilfs viele andere Wanderungsm\u00f6glichkeiten: von den Pfaden auf den Sp\u00fcren des ersten Weltkriegs, der gerade in diesem Gebiet gek\u00e4mpft wurde, bis zu den wissenschaftlichen und didaktischen Routen, die zu den Fu\u00dfen der Gletscher f\u00fchren, wo man die Folgen des Klimawandels direkt feststellen kann.<br \/>\nEin L\u00e4ngen- und H\u00f6henunterschied pr\u00e4gt die vielen Wanderungen, die vom Joch erreichbar und f\u00fcr die Natur- und Geschichtefreunde sehr interessant sind. Wer die Wahl hat, hat die Qual!<\/p>\n<h6>Gef\u00fchrte Wanderungen mit Pirovano<\/h6>\n<p>Nicht nur wei\u00dfe Fl\u00e4che und Skikurse der \u201eUniversitat\u201c Pirovano, aber auch unterschiedlich lange und schwierige Themenwanderungen bieten den eigenen G\u00e4sten eine interessante M\u00f6glichkeit, um die Berge v\u00f6llig zu erleben!<br \/>\nExperte Bergf\u00fchrer und erfahrene Begleiter des Mittelgebirges f\u00fchren die Teilnehmer zur Entdeckung einer sehr sch\u00f6nen Oase. Gr\u00fcne Weiden, dichte W\u00e4lder, reine Schneefl\u00e4che, kristallklares Gew\u00e4sser von Bergfl\u00fcssen und Bergseen malen die zauberhafte Landschaft des Nationalparks Stilfser Joch, der auch von seltenen und bunten Blumen und reiche Fauna bev\u00f6lkert ist: Hirschfamilien, das flinke Hermelin, die ruhigen Murmeltiere, der furchterregende Bartgeier und der K\u00f6nigsadler.<\/p>\n","protected":false},"excerpt":{"rendered":"<p>Ein wahres Paradies f\u00fcr Wanderer in der Mitte des Nationalparks Stilfser Joch. Eine reiche Routenwahl zweigt vom Stilfser Joch ab: auf \u00f6stlicher Seite bis die Gebirgskette Ortles-Cevedale und auf westlichen Seite in Richtung der schweizerischen Gipfel und s\u00fcdlich in Richtung des Tales Braulio und des Gebirgskamm Rims bis nach Bornio und &#8220;die wundersch\u00f6ne Erde&#8221;. Neben [&hellip;]<\/p>\n","protected":false},"author":3,"featured_media":2833,"parent":2562,"menu_order":0,"comment_status":"closed","ping_status":"closed","template":"","meta":{"footnotes":""},"class_list":["post-2580","page","type-page","status-publish","has-post-thumbnail","hentry","odd"],"yoast_head":"<!-- This site is optimized with the Yoast SEO plugin v27.3 - https:\/\/yoast.com\/product\/yoast-seo-wordpress\/ -->\n<title>Wandersport Trekking Stilfserjoch<\/title>\n<meta name=\"description\" content=\"Ein wahres Paradies f\u00fcr Wanderer in der Mitte des Nationalparks Stilfser Joch\" \/>\n<meta name=\"robots\" content=\"index, follow, max-snippet:-1, max-image-preview:large, max-video-preview:-1\" \/>\n<link rel=\"canonical\" href=\"https:\/\/pirovano.it\/de\/taetigkeiten-stilfs\/wandersport-trekking\/\" \/>\n<meta property=\"og:locale\" content=\"de_DE\" \/>\n<meta property=\"og:type\" content=\"article\" \/>\n<meta property=\"og:title\" content=\"Wandersport Trekking Stilfserjoch\" \/>\n<meta property=\"og:description\" content=\"Ein wahres Paradies f\u00fcr Wanderer in der Mitte des Nationalparks Stilfser Joch\" \/>\n<meta property=\"og:url\" content=\"https:\/\/pirovano.it\/de\/taetigkeiten-stilfs\/wandersport-trekking\/\" \/>\n<meta property=\"og:site_name\" content=\"Pirovano\" \/>\n<meta property=\"article:modified_time\" content=\"2020-03-03T14:26:32+00:00\" \/>\n<meta property=\"og:image\" content=\"https:\/\/pirovano.it\/wp-content\/uploads\/2018\/06\/trekking-summer1-1024x768.jpg\" \/>\n\t<meta property=\"og:image:width\" content=\"1024\" \/>\n\t<meta property=\"og:image:height\" content=\"768\" \/>\n\t<meta property=\"og:image:type\" content=\"image\/jpeg\" \/>\n<meta name=\"twitter:card\" content=\"summary_large_image\" \/>\n<meta name=\"twitter:label1\" content=\"Est. reading time\" \/>\n\t<meta name=\"twitter:data1\" content=\"1 minute\" \/>\n<script type=\"application\/ld+json\" class=\"yoast-schema-graph\">{\"@context\":\"https:\\\/\\\/schema.org\",\"@graph\":[{\"@type\":\"WebPage\",\"@id\":\"https:\\\/\\\/pirovano.it\\\/de\\\/taetigkeiten-stilfs\\\/wandersport-trekking\\\/\",\"url\":\"https:\\\/\\\/pirovano.it\\\/de\\\/taetigkeiten-stilfs\\\/wandersport-trekking\\\/\",\"name\":\"Wandersport Trekking Stilfserjoch\",\"isPartOf\":{\"@id\":\"https:\\\/\\\/pirovano.it\\\/it\\\/#website\"},\"primaryImageOfPage\":{\"@id\":\"https:\\\/\\\/pirovano.it\\\/de\\\/taetigkeiten-stilfs\\\/wandersport-trekking\\\/#primaryimage\"},\"image\":{\"@id\":\"https:\\\/\\\/pirovano.it\\\/de\\\/taetigkeiten-stilfs\\\/wandersport-trekking\\\/#primaryimage\"},\"thumbnailUrl\":\"https:\\\/\\\/pirovano.it\\\/wp-content\\\/uploads\\\/2018\\\/06\\\/trekking-summer1.jpg\",\"datePublished\":\"2018-03-11T22:34:28+00:00\",\"dateModified\":\"2020-03-03T14:26:32+00:00\",\"description\":\"Ein wahres Paradies f\u00fcr Wanderer in der Mitte des Nationalparks Stilfser Joch\",\"breadcrumb\":{\"@id\":\"https:\\\/\\\/pirovano.it\\\/de\\\/taetigkeiten-stilfs\\\/wandersport-trekking\\\/#breadcrumb\"},\"inLanguage\":\"de-DE\",\"potentialAction\":[{\"@type\":\"ReadAction\",\"target\":[\"https:\\\/\\\/pirovano.it\\\/de\\\/taetigkeiten-stilfs\\\/wandersport-trekking\\\/\"]}]},{\"@type\":\"ImageObject\",\"inLanguage\":\"de-DE\",\"@id\":\"https:\\\/\\\/pirovano.it\\\/de\\\/taetigkeiten-stilfs\\\/wandersport-trekking\\\/#primaryimage\",\"url\":\"https:\\\/\\\/pirovano.it\\\/wp-content\\\/uploads\\\/2018\\\/06\\\/trekking-summer1.jpg\",\"contentUrl\":\"https:\\\/\\\/pirovano.it\\\/wp-content\\\/uploads\\\/2018\\\/06\\\/trekking-summer1.jpg\",\"width\":3264,\"height\":2448},{\"@type\":\"BreadcrumbList\",\"@id\":\"https:\\\/\\\/pirovano.it\\\/de\\\/taetigkeiten-stilfs\\\/wandersport-trekking\\\/#breadcrumb\",\"itemListElement\":[{\"@type\":\"ListItem\",\"position\":1,\"name\":\"Home\",\"item\":\"https:\\\/\\\/pirovano.it\\\/de\\\/\"},{\"@type\":\"ListItem\",\"position\":2,\"name\":\"T\u00e4tigkeiten\",\"item\":\"https:\\\/\\\/pirovano.it\\\/de\\\/taetigkeiten-stilfs\\\/\"},{\"@type\":\"ListItem\",\"position\":3,\"name\":\"Wandersport\\\/Trekking\"}]},{\"@type\":\"WebSite\",\"@id\":\"https:\\\/\\\/pirovano.it\\\/it\\\/#website\",\"url\":\"https:\\\/\\\/pirovano.it\\\/it\\\/\",\"name\":\"Pirovano\",\"description\":\"Universit\u00e0 dello Sci, dello Snowboard e della Montagna\",\"potentialAction\":[{\"@type\":\"SearchAction\",\"target\":{\"@type\":\"EntryPoint\",\"urlTemplate\":\"https:\\\/\\\/pirovano.it\\\/it\\\/?s={search_term_string}\"},\"query-input\":{\"@type\":\"PropertyValueSpecification\",\"valueRequired\":true,\"valueName\":\"search_term_string\"}}],\"inLanguage\":\"de-DE\"}]}<\/script>\n<!-- \/ Yoast SEO plugin. -->","yoast_head_json":{"title":"Wandersport Trekking Stilfserjoch","description":"Ein wahres Paradies f\u00fcr Wanderer in der Mitte des Nationalparks Stilfser Joch","robots":{"index":"index","follow":"follow","max-snippet":"max-snippet:-1","max-image-preview":"max-image-preview:large","max-video-preview":"max-video-preview:-1"},"canonical":"https:\/\/pirovano.it\/de\/taetigkeiten-stilfs\/wandersport-trekking\/","og_locale":"de_DE","og_type":"article","og_title":"Wandersport Trekking Stilfserjoch","og_description":"Ein wahres Paradies f\u00fcr Wanderer in der Mitte des Nationalparks Stilfser Joch","og_url":"https:\/\/pirovano.it\/de\/taetigkeiten-stilfs\/wandersport-trekking\/","og_site_name":"Pirovano","article_modified_time":"2020-03-03T14:26:32+00:00","og_image":[{"width":1024,"height":768,"url":"https:\/\/pirovano.it\/wp-content\/uploads\/2018\/06\/trekking-summer1-1024x768.jpg","type":"image\/jpeg"}],"twitter_card":"summary_large_image","twitter_misc":{"Est. reading time":"1 minute"},"schema":{"@context":"https:\/\/schema.org","@graph":[{"@type":"WebPage","@id":"https:\/\/pirovano.it\/de\/taetigkeiten-stilfs\/wandersport-trekking\/","url":"https:\/\/pirovano.it\/de\/taetigkeiten-stilfs\/wandersport-trekking\/","name":"Wandersport Trekking Stilfserjoch","isPartOf":{"@id":"https:\/\/pirovano.it\/it\/#website"},"primaryImageOfPage":{"@id":"https:\/\/pirovano.it\/de\/taetigkeiten-stilfs\/wandersport-trekking\/#primaryimage"},"image":{"@id":"https:\/\/pirovano.it\/de\/taetigkeiten-stilfs\/wandersport-trekking\/#primaryimage"},"thumbnailUrl":"https:\/\/pirovano.it\/wp-content\/uploads\/2018\/06\/trekking-summer1.jpg","datePublished":"2018-03-11T22:34:28+00:00","dateModified":"2020-03-03T14:26:32+00:00","description":"Ein wahres Paradies f\u00fcr Wanderer in der Mitte des Nationalparks Stilfser Joch","breadcrumb":{"@id":"https:\/\/pirovano.it\/de\/taetigkeiten-stilfs\/wandersport-trekking\/#breadcrumb"},"inLanguage":"de-DE","potentialAction":[{"@type":"ReadAction","target":["https:\/\/pirovano.it\/de\/taetigkeiten-stilfs\/wandersport-trekking\/"]}]},{"@type":"ImageObject","inLanguage":"de-DE","@id":"https:\/\/pirovano.it\/de\/taetigkeiten-stilfs\/wandersport-trekking\/#primaryimage","url":"https:\/\/pirovano.it\/wp-content\/uploads\/2018\/06\/trekking-summer1.jpg","contentUrl":"https:\/\/pirovano.it\/wp-content\/uploads\/2018\/06\/trekking-summer1.jpg","width":3264,"height":2448},{"@type":"BreadcrumbList","@id":"https:\/\/pirovano.it\/de\/taetigkeiten-stilfs\/wandersport-trekking\/#breadcrumb","itemListElement":[{"@type":"ListItem","position":1,"name":"Home","item":"https:\/\/pirovano.it\/de\/"},{"@type":"ListItem","position":2,"name":"T\u00e4tigkeiten","item":"https:\/\/pirovano.it\/de\/taetigkeiten-stilfs\/"},{"@type":"ListItem","position":3,"name":"Wandersport\/Trekking"}]},{"@type":"WebSite","@id":"https:\/\/pirovano.it\/it\/#website","url":"https:\/\/pirovano.it\/it\/","name":"Pirovano","description":"Universit\u00e0 dello Sci, dello Snowboard e della Montagna","potentialAction":[{"@type":"SearchAction","target":{"@type":"EntryPoint","urlTemplate":"https:\/\/pirovano.it\/it\/?s={search_term_string}"},"query-input":{"@type":"PropertyValueSpecification","valueRequired":true,"valueName":"search_term_string"}}],"inLanguage":"de-DE"}]}},"_links":{"self":[{"href":"https:\/\/pirovano.it\/de\/wp-json\/wp\/v2\/pages\/2580","targetHints":{"allow":["GET"]}}],"collection":[{"href":"https:\/\/pirovano.it\/de\/wp-json\/wp\/v2\/pages"}],"about":[{"href":"https:\/\/pirovano.it\/de\/wp-json\/wp\/v2\/types\/page"}],"author":[{"embeddable":true,"href":"https:\/\/pirovano.it\/de\/wp-json\/wp\/v2\/users\/3"}],"replies":[{"embeddable":true,"href":"https:\/\/pirovano.it\/de\/wp-json\/wp\/v2\/comments?post=2580"}],"version-history":[{"count":4,"href":"https:\/\/pirovano.it\/de\/wp-json\/wp\/v2\/pages\/2580\/revisions"}],"predecessor-version":[{"id":6216,"href":"https:\/\/pirovano.it\/de\/wp-json\/wp\/v2\/pages\/2580\/revisions\/6216"}],"up":[{"embeddable":true,"href":"https:\/\/pirovano.it\/de\/wp-json\/wp\/v2\/pages\/2562"}],"wp:featuredmedia":[{"embeddable":true,"href":"https:\/\/pirovano.it\/de\/wp-json\/wp\/v2\/media\/2833"}],"wp:attachment":[{"href":"https:\/\/pirovano.it\/de\/wp-json\/wp\/v2\/media?parent=2580"}],"curies":[{"name":"wp","href":"https:\/\/api.w.org\/{rel}","templated":true}]}}