{"id":2583,"date":"2018-03-11T23:34:15","date_gmt":"2018-03-11T22:34:15","guid":{"rendered":"http:\/\/pirovano.it\/?page_id=2583"},"modified":"2020-03-03T15:24:34","modified_gmt":"2020-03-03T14:24:34","slug":"der-nationalpark-stilfserjoch","status":"publish","type":"page","link":"https:\/\/pirovano.it\/de\/taetigkeiten-stilfs\/der-nationalpark-stilfserjoch\/","title":{"rendered":"Der Nationalpark Stilfserjoch"},"content":{"rendered":"<p>Die gro\u00dfen Gletscher, die das Stilfser Joch umgehen, geh\u00f6ren zu dem gr\u00f6\u00dften Naturschutzgebiet des Landes, eines der gr\u00f6\u00dften Europas: Der Nationalpark Stilfser Joch.<\/p>\n<p><strong>Der Nationalpark Stilfser Joch<\/strong> ist einer der ersten italienischen Naturschutzgebiete und kam zur Einrichtung im Jahr 1935, um die autochthone Flora und Fauna zu sch\u00fctzen und beobachten, die diesen besonderen Berglebensraum bev\u00f6lkern.<br \/>\nDank der Anwesenheit von verschiedenen Erdboden und einem gro\u00dfen H\u00f6henunterschied (von 600m bis 4000m), stellt der Nationalpark Stilfser Joch ein sehr reiches Umweltgut dar: vom Moos bis zur Bergweide, vom Nadelbaumwald bis zu den Steinfl\u00e4chen und den Gletschern der h\u00f6chsten Gipfel.<\/p>\n<p><strong>Verschiedene und seltene sind auch die S\u00e4ugetierarten,<\/strong> die den eigenen idealen Lebensraum hier gefunden haben, wie zum Beispiel der Bartgeier (gr\u00f6\u00dfer flugf\u00e4higer V\u00f6geln mit einer Fl\u00fcgelspannweite von \u00fcber 3 Metern), verschiedene Murmeltier-, Steinbock- und Gamswildkolonien und weitere Huftiere, die man einfach auf den vielen bestehenden Wanderungswegen ausmachen kann.<\/p>\n<p>Die im Jahr 1977 eingetretene Erweiterung des Parks hat den anliegenden Schweizerischer Nationalpark erreicht, indem sie ein Schutznaturgebiet bildet, das eines der gr\u00f6\u00dften europaweit ist und, das im Sommer zahlreiche Wanderer und Liebhaber anzieht.<\/p>\n<p><a href=\"http:\/\/www.stelviopark.it\" target=\"_blank\" rel=\"noopener noreferrer\">www.stelviopark.it<\/a><\/p>\n","protected":false},"excerpt":{"rendered":"<p>Die gro\u00dfen Gletscher, die das Stilfser Joch umgehen, geh\u00f6ren zu dem gr\u00f6\u00dften Naturschutzgebiet des Landes, eines der gr\u00f6\u00dften Europas: Der Nationalpark Stilfser Joch. Der Nationalpark Stilfser Joch ist einer der ersten italienischen Naturschutzgebiete und kam zur Einrichtung im Jahr 1935, um die autochthone Flora und Fauna zu sch\u00fctzen und beobachten, die diesen besonderen Berglebensraum bev\u00f6lkern. [&hellip;]<\/p>\n","protected":false},"author":3,"featured_media":2837,"parent":2562,"menu_order":0,"comment_status":"closed","ping_status":"closed","template":"","meta":{"footnotes":""},"class_list":["post-2583","page","type-page","status-publish","has-post-thumbnail","hentry","odd"],"yoast_head":"<!-- This site is optimized with the Yoast SEO plugin v27.3 - https:\/\/yoast.com\/product\/yoast-seo-wordpress\/ -->\n<title>Der Nationalpark Stilfserjoch<\/title>\n<meta name=\"description\" content=\"Die gro\u00dfen Gletscher, die das Stilfser Joch umgehen, geh\u00f6ren zu dem gr\u00f6\u00dften Naturschutzgebiet des Landes, eines der gr\u00f6\u00dften Europas: Der Nationalpark Stilfser Joch\" \/>\n<meta name=\"robots\" content=\"index, follow, max-snippet:-1, max-image-preview:large, max-video-preview:-1\" \/>\n<link rel=\"canonical\" href=\"https:\/\/pirovano.it\/de\/taetigkeiten-stilfs\/der-nationalpark-stilfserjoch\/\" \/>\n<meta property=\"og:locale\" content=\"de_DE\" \/>\n<meta property=\"og:type\" content=\"article\" \/>\n<meta property=\"og:title\" content=\"Der Nationalpark Stilfserjoch\" \/>\n<meta property=\"og:description\" content=\"Die gro\u00dfen Gletscher, die das Stilfser Joch umgehen, geh\u00f6ren zu dem gr\u00f6\u00dften Naturschutzgebiet des Landes, eines der gr\u00f6\u00dften Europas: Der Nationalpark Stilfser Joch\" \/>\n<meta property=\"og:url\" content=\"https:\/\/pirovano.it\/de\/taetigkeiten-stilfs\/der-nationalpark-stilfserjoch\/\" \/>\n<meta property=\"og:site_name\" content=\"Pirovano\" \/>\n<meta property=\"article:modified_time\" content=\"2020-03-03T14:24:34+00:00\" \/>\n<meta property=\"og:image\" content=\"https:\/\/pirovano.it\/wp-content\/uploads\/2018\/06\/trekking-summer5.jpg\" \/>\n\t<meta property=\"og:image:width\" content=\"1600\" \/>\n\t<meta property=\"og:image:height\" content=\"1200\" \/>\n\t<meta property=\"og:image:type\" content=\"image\/jpeg\" \/>\n<meta name=\"twitter:card\" content=\"summary_large_image\" \/>\n<meta name=\"twitter:label1\" content=\"Est. reading time\" \/>\n\t<meta name=\"twitter:data1\" content=\"1 minute\" \/>\n<script type=\"application\/ld+json\" class=\"yoast-schema-graph\">{\"@context\":\"https:\\\/\\\/schema.org\",\"@graph\":[{\"@type\":\"WebPage\",\"@id\":\"https:\\\/\\\/pirovano.it\\\/de\\\/taetigkeiten-stilfs\\\/der-nationalpark-stilfserjoch\\\/\",\"url\":\"https:\\\/\\\/pirovano.it\\\/de\\\/taetigkeiten-stilfs\\\/der-nationalpark-stilfserjoch\\\/\",\"name\":\"Der Nationalpark Stilfserjoch\",\"isPartOf\":{\"@id\":\"https:\\\/\\\/pirovano.it\\\/it\\\/#website\"},\"primaryImageOfPage\":{\"@id\":\"https:\\\/\\\/pirovano.it\\\/de\\\/taetigkeiten-stilfs\\\/der-nationalpark-stilfserjoch\\\/#primaryimage\"},\"image\":{\"@id\":\"https:\\\/\\\/pirovano.it\\\/de\\\/taetigkeiten-stilfs\\\/der-nationalpark-stilfserjoch\\\/#primaryimage\"},\"thumbnailUrl\":\"https:\\\/\\\/pirovano.it\\\/wp-content\\\/uploads\\\/2018\\\/06\\\/trekking-summer5.jpg\",\"datePublished\":\"2018-03-11T22:34:15+00:00\",\"dateModified\":\"2020-03-03T14:24:34+00:00\",\"description\":\"Die gro\u00dfen Gletscher, die das Stilfser Joch umgehen, geh\u00f6ren zu dem gr\u00f6\u00dften Naturschutzgebiet des Landes, eines der gr\u00f6\u00dften Europas: Der Nationalpark Stilfser Joch\",\"breadcrumb\":{\"@id\":\"https:\\\/\\\/pirovano.it\\\/de\\\/taetigkeiten-stilfs\\\/der-nationalpark-stilfserjoch\\\/#breadcrumb\"},\"inLanguage\":\"de-DE\",\"potentialAction\":[{\"@type\":\"ReadAction\",\"target\":[\"https:\\\/\\\/pirovano.it\\\/de\\\/taetigkeiten-stilfs\\\/der-nationalpark-stilfserjoch\\\/\"]}]},{\"@type\":\"ImageObject\",\"inLanguage\":\"de-DE\",\"@id\":\"https:\\\/\\\/pirovano.it\\\/de\\\/taetigkeiten-stilfs\\\/der-nationalpark-stilfserjoch\\\/#primaryimage\",\"url\":\"https:\\\/\\\/pirovano.it\\\/wp-content\\\/uploads\\\/2018\\\/06\\\/trekking-summer5.jpg\",\"contentUrl\":\"https:\\\/\\\/pirovano.it\\\/wp-content\\\/uploads\\\/2018\\\/06\\\/trekking-summer5.jpg\",\"width\":1600,\"height\":1200},{\"@type\":\"BreadcrumbList\",\"@id\":\"https:\\\/\\\/pirovano.it\\\/de\\\/taetigkeiten-stilfs\\\/der-nationalpark-stilfserjoch\\\/#breadcrumb\",\"itemListElement\":[{\"@type\":\"ListItem\",\"position\":1,\"name\":\"Home\",\"item\":\"https:\\\/\\\/pirovano.it\\\/de\\\/\"},{\"@type\":\"ListItem\",\"position\":2,\"name\":\"T\u00e4tigkeiten\",\"item\":\"https:\\\/\\\/pirovano.it\\\/de\\\/taetigkeiten-stilfs\\\/\"},{\"@type\":\"ListItem\",\"position\":3,\"name\":\"Der Nationalpark Stilfserjoch\"}]},{\"@type\":\"WebSite\",\"@id\":\"https:\\\/\\\/pirovano.it\\\/it\\\/#website\",\"url\":\"https:\\\/\\\/pirovano.it\\\/it\\\/\",\"name\":\"Pirovano\",\"description\":\"Universit\u00e0 dello Sci, dello Snowboard e della Montagna\",\"potentialAction\":[{\"@type\":\"SearchAction\",\"target\":{\"@type\":\"EntryPoint\",\"urlTemplate\":\"https:\\\/\\\/pirovano.it\\\/it\\\/?s={search_term_string}\"},\"query-input\":{\"@type\":\"PropertyValueSpecification\",\"valueRequired\":true,\"valueName\":\"search_term_string\"}}],\"inLanguage\":\"de-DE\"}]}<\/script>\n<!-- \/ Yoast SEO plugin. -->","yoast_head_json":{"title":"Der Nationalpark Stilfserjoch","description":"Die gro\u00dfen Gletscher, die das Stilfser Joch umgehen, geh\u00f6ren zu dem gr\u00f6\u00dften Naturschutzgebiet des Landes, eines der gr\u00f6\u00dften Europas: Der Nationalpark Stilfser Joch","robots":{"index":"index","follow":"follow","max-snippet":"max-snippet:-1","max-image-preview":"max-image-preview:large","max-video-preview":"max-video-preview:-1"},"canonical":"https:\/\/pirovano.it\/de\/taetigkeiten-stilfs\/der-nationalpark-stilfserjoch\/","og_locale":"de_DE","og_type":"article","og_title":"Der Nationalpark Stilfserjoch","og_description":"Die gro\u00dfen Gletscher, die das Stilfser Joch umgehen, geh\u00f6ren zu dem gr\u00f6\u00dften Naturschutzgebiet des Landes, eines der gr\u00f6\u00dften Europas: Der Nationalpark Stilfser Joch","og_url":"https:\/\/pirovano.it\/de\/taetigkeiten-stilfs\/der-nationalpark-stilfserjoch\/","og_site_name":"Pirovano","article_modified_time":"2020-03-03T14:24:34+00:00","og_image":[{"width":1600,"height":1200,"url":"https:\/\/pirovano.it\/wp-content\/uploads\/2018\/06\/trekking-summer5.jpg","type":"image\/jpeg"}],"twitter_card":"summary_large_image","twitter_misc":{"Est. reading time":"1 minute"},"schema":{"@context":"https:\/\/schema.org","@graph":[{"@type":"WebPage","@id":"https:\/\/pirovano.it\/de\/taetigkeiten-stilfs\/der-nationalpark-stilfserjoch\/","url":"https:\/\/pirovano.it\/de\/taetigkeiten-stilfs\/der-nationalpark-stilfserjoch\/","name":"Der Nationalpark Stilfserjoch","isPartOf":{"@id":"https:\/\/pirovano.it\/it\/#website"},"primaryImageOfPage":{"@id":"https:\/\/pirovano.it\/de\/taetigkeiten-stilfs\/der-nationalpark-stilfserjoch\/#primaryimage"},"image":{"@id":"https:\/\/pirovano.it\/de\/taetigkeiten-stilfs\/der-nationalpark-stilfserjoch\/#primaryimage"},"thumbnailUrl":"https:\/\/pirovano.it\/wp-content\/uploads\/2018\/06\/trekking-summer5.jpg","datePublished":"2018-03-11T22:34:15+00:00","dateModified":"2020-03-03T14:24:34+00:00","description":"Die gro\u00dfen Gletscher, die das Stilfser Joch umgehen, geh\u00f6ren zu dem gr\u00f6\u00dften Naturschutzgebiet des Landes, eines der gr\u00f6\u00dften Europas: Der Nationalpark Stilfser Joch","breadcrumb":{"@id":"https:\/\/pirovano.it\/de\/taetigkeiten-stilfs\/der-nationalpark-stilfserjoch\/#breadcrumb"},"inLanguage":"de-DE","potentialAction":[{"@type":"ReadAction","target":["https:\/\/pirovano.it\/de\/taetigkeiten-stilfs\/der-nationalpark-stilfserjoch\/"]}]},{"@type":"ImageObject","inLanguage":"de-DE","@id":"https:\/\/pirovano.it\/de\/taetigkeiten-stilfs\/der-nationalpark-stilfserjoch\/#primaryimage","url":"https:\/\/pirovano.it\/wp-content\/uploads\/2018\/06\/trekking-summer5.jpg","contentUrl":"https:\/\/pirovano.it\/wp-content\/uploads\/2018\/06\/trekking-summer5.jpg","width":1600,"height":1200},{"@type":"BreadcrumbList","@id":"https:\/\/pirovano.it\/de\/taetigkeiten-stilfs\/der-nationalpark-stilfserjoch\/#breadcrumb","itemListElement":[{"@type":"ListItem","position":1,"name":"Home","item":"https:\/\/pirovano.it\/de\/"},{"@type":"ListItem","position":2,"name":"T\u00e4tigkeiten","item":"https:\/\/pirovano.it\/de\/taetigkeiten-stilfs\/"},{"@type":"ListItem","position":3,"name":"Der Nationalpark Stilfserjoch"}]},{"@type":"WebSite","@id":"https:\/\/pirovano.it\/it\/#website","url":"https:\/\/pirovano.it\/it\/","name":"Pirovano","description":"Universit\u00e0 dello Sci, dello Snowboard e della Montagna","potentialAction":[{"@type":"SearchAction","target":{"@type":"EntryPoint","urlTemplate":"https:\/\/pirovano.it\/it\/?s={search_term_string}"},"query-input":{"@type":"PropertyValueSpecification","valueRequired":true,"valueName":"search_term_string"}}],"inLanguage":"de-DE"}]}},"_links":{"self":[{"href":"https:\/\/pirovano.it\/de\/wp-json\/wp\/v2\/pages\/2583","targetHints":{"allow":["GET"]}}],"collection":[{"href":"https:\/\/pirovano.it\/de\/wp-json\/wp\/v2\/pages"}],"about":[{"href":"https:\/\/pirovano.it\/de\/wp-json\/wp\/v2\/types\/page"}],"author":[{"embeddable":true,"href":"https:\/\/pirovano.it\/de\/wp-json\/wp\/v2\/users\/3"}],"replies":[{"embeddable":true,"href":"https:\/\/pirovano.it\/de\/wp-json\/wp\/v2\/comments?post=2583"}],"version-history":[{"count":7,"href":"https:\/\/pirovano.it\/de\/wp-json\/wp\/v2\/pages\/2583\/revisions"}],"predecessor-version":[{"id":6212,"href":"https:\/\/pirovano.it\/de\/wp-json\/wp\/v2\/pages\/2583\/revisions\/6212"}],"up":[{"embeddable":true,"href":"https:\/\/pirovano.it\/de\/wp-json\/wp\/v2\/pages\/2562"}],"wp:featuredmedia":[{"embeddable":true,"href":"https:\/\/pirovano.it\/de\/wp-json\/wp\/v2\/media\/2837"}],"wp:attachment":[{"href":"https:\/\/pirovano.it\/de\/wp-json\/wp\/v2\/media?parent=2583"}],"curies":[{"name":"wp","href":"https:\/\/api.w.org\/{rel}","templated":true}]}}