{"id":2590,"date":"2018-03-11T23:35:02","date_gmt":"2018-03-11T22:35:02","guid":{"rendered":"http:\/\/pirovano.it\/?page_id=2590"},"modified":"2020-03-03T15:25:50","modified_gmt":"2020-03-03T14:25:50","slug":"sehenswuerdigkeiten","status":"publish","type":"page","link":"https:\/\/pirovano.it\/de\/taetigkeiten-stilfs\/sehenswuerdigkeiten\/","title":{"rendered":"Sehensw\u00fcrdigkeiten"},"content":{"rendered":"<p>Vom Stilfser Joch sind verschiede Sehensw\u00fcrdigkeiten einfach erreichbar, die aus historischen, kulturellen und touristischen Gr\u00fcnden interessant sind.<\/p>\n<h3>Bormio<\/h3>\n<p>Bornio ist das touristische Zentrum des Alta Valle und ist au\u00dfer seinen Thermen auch f\u00fcr seine Geschichte, Tradition, touristische Strukturen bekannt.<br \/>\nDas Thermalwasser Bornio, das bei einer Temperatur von 35\u00b0-40\u00b0 sprudelt, gelt als ein echtes Wunder der Natur und geh\u00f6rt zu der Gruppe des alkali-sulfat-erdigen-mineralen-radioaktiven Thermalwassers. Aus diesem Grund besitzt es zahlreiche Behandlungswirkungen.<br \/>\nIm Museum Civico, beim Geb\u00e4ude Palazzo De Simoni (XVII Jh.), werden alten M\u00f6belst\u00fccke, Hausrats, Statuen, Holzalt\u00e4re, Gem\u00e4lde und Portr\u00e4ts aus Adelsgeb\u00e4uden und Kirchen, Kunstwerke in 14 R\u00e4umen aufbewahrt. Ein modernes und effizientes Gesch\u00e4fts- und Handwerkst\u00e4tigkeitsnetz wie die Holzbearbeitung und die Bergkr\u00e4uterlik\u00f6rherstellung \u2013 z.B. der ber\u00fchmte Braulio \u2013 ein Golfplatz des Architekten Mario Verdieri aus S.t. Moritz, der zu den besten der italienischen Bergwelt z\u00e4hlt, erg\u00e4nzt die Bergstadt.<\/p>\n<h3>Livigno<\/h3>\n<p>Einfach erreichbar vom Stilfser ist diese Ortschaft als \u201eK\u00f6nigin des Shopping no-tax\u201c ber\u00fchmt. Sie ist das bevorzugte Reiseziel der Wanderungsfreunde, die sich durch die Stadtwege zwischen Laden gerne und neugierig umsehen. Livigno ist zollfrei und somit sind die von vielen Laden anwendbaren Preisen sehr g\u00fcnstig wie, zum Beispiel, bei den Tankstellen, wo man bis zu beinahe 50% im Verglich zum Rest Italien einsparen kann.<\/p>\n<h3>Glurns<\/h3>\n<p>In Provinz Bozen, weniger als eine Fahrstunde vom Stilfser Joch entfernt, ist Glurns ein wundersch\u00f6nes mittelalterliches St\u00e4dtchen, das als \u201cCarcassonne delle Alpi\u201d genauer bekannt ist. Au\u00dferdem bietet Castel Coira den Besuchern die M\u00f6glichkeit an, die europaweit wichtigste private Ritterr\u00fcstungssammlung des Mittelalters zu bewundern. Bei schlechtem Wetter ist Glorenza eine ideale kulturelle Alternative.<\/p>\n<h3>Museum Donegani<\/h3>\n<p>Wenige Schritte vom Hotel Pirovano entfernt, bei dem Bankschalter der Volksbank Sondrio, bietet das Museum Donegani die M\u00f6glichkeit an, zwischen alten Abbildungen und Fotos und verschiedenen Dokumenten die ganze Geschichte des Stilfsers Joch, vom \u00f6sterreich-ungarischen Reich bis heute, zu entdecken. Der historische Sektor des Museums wird dem Weltkrieg, der Skischule, dem Bergsport, den Gletscher und dem Nationalpark gewidmet.<\/p>\n<h3>Messner Mountain Museum<\/h3>\n<p>Zwei der insgesamt sechs Museen des S\u00fcdtirols sind vom Stilfser Joch einfach erreichbar: das Museum Solda, das sich bei den F\u00fc\u00dfen der Ortleskette aber auf der anderen Seite des Stilfser-Abhangs befindet, und das Museum Castelbello, beim Eingang des Schnalstalers.<\/p>\n","protected":false},"excerpt":{"rendered":"<p>Vom Stilfser Joch sind verschiede Sehensw\u00fcrdigkeiten einfach erreichbar, die aus historischen, kulturellen und touristischen Gr\u00fcnden interessant sind. Bormio Bornio ist das touristische Zentrum des Alta Valle und ist au\u00dfer seinen Thermen auch f\u00fcr seine Geschichte, Tradition, touristische Strukturen bekannt. Das Thermalwasser Bornio, das bei einer Temperatur von 35\u00b0-40\u00b0 sprudelt, gelt als ein echtes Wunder der [&hellip;]<\/p>\n","protected":false},"author":3,"featured_media":742,"parent":2562,"menu_order":0,"comment_status":"closed","ping_status":"closed","template":"","meta":{"footnotes":""},"class_list":["post-2590","page","type-page","status-publish","has-post-thumbnail","hentry","odd"],"yoast_head":"<!-- This site is optimized with the Yoast SEO plugin v27.3 - https:\/\/yoast.com\/product\/yoast-seo-wordpress\/ -->\n<title>Sehensw\u00fcrdigkeiten Stilfserjoch<\/title>\n<meta name=\"description\" content=\"Vom Stilfser Joch sind verschiede Sehensw\u00fcrdigkeiten einfach erreichbar, die aus historischen, kulturellen und touristischen Gr\u00fcnden interessant sind\" \/>\n<meta name=\"robots\" content=\"index, follow, max-snippet:-1, max-image-preview:large, max-video-preview:-1\" \/>\n<link rel=\"canonical\" href=\"https:\/\/pirovano.it\/de\/taetigkeiten-stilfs\/sehenswuerdigkeiten\/\" \/>\n<meta property=\"og:locale\" content=\"de_DE\" \/>\n<meta property=\"og:type\" content=\"article\" \/>\n<meta property=\"og:title\" content=\"Sehensw\u00fcrdigkeiten Stilfserjoch\" \/>\n<meta property=\"og:description\" content=\"Vom Stilfser Joch sind verschiede Sehensw\u00fcrdigkeiten einfach erreichbar, die aus historischen, kulturellen und touristischen Gr\u00fcnden interessant sind\" \/>\n<meta property=\"og:url\" content=\"https:\/\/pirovano.it\/de\/taetigkeiten-stilfs\/sehenswuerdigkeiten\/\" \/>\n<meta property=\"og:site_name\" content=\"Pirovano\" \/>\n<meta property=\"article:modified_time\" content=\"2020-03-03T14:25:50+00:00\" \/>\n<meta property=\"og:image\" content=\"https:\/\/pirovano.it\/wp-content\/uploads\/2018\/03\/bormio-pano.jpg\" \/>\n\t<meta property=\"og:image:width\" content=\"1920\" \/>\n\t<meta property=\"og:image:height\" content=\"1097\" \/>\n\t<meta property=\"og:image:type\" content=\"image\/jpeg\" \/>\n<meta name=\"twitter:card\" content=\"summary_large_image\" \/>\n<meta name=\"twitter:label1\" content=\"Est. reading time\" \/>\n\t<meta name=\"twitter:data1\" content=\"2 minutes\" \/>\n<script type=\"application\/ld+json\" class=\"yoast-schema-graph\">{\"@context\":\"https:\\\/\\\/schema.org\",\"@graph\":[{\"@type\":\"WebPage\",\"@id\":\"https:\\\/\\\/pirovano.it\\\/de\\\/taetigkeiten-stilfs\\\/sehenswuerdigkeiten\\\/\",\"url\":\"https:\\\/\\\/pirovano.it\\\/de\\\/taetigkeiten-stilfs\\\/sehenswuerdigkeiten\\\/\",\"name\":\"Sehensw\u00fcrdigkeiten Stilfserjoch\",\"isPartOf\":{\"@id\":\"https:\\\/\\\/pirovano.it\\\/it\\\/#website\"},\"primaryImageOfPage\":{\"@id\":\"https:\\\/\\\/pirovano.it\\\/de\\\/taetigkeiten-stilfs\\\/sehenswuerdigkeiten\\\/#primaryimage\"},\"image\":{\"@id\":\"https:\\\/\\\/pirovano.it\\\/de\\\/taetigkeiten-stilfs\\\/sehenswuerdigkeiten\\\/#primaryimage\"},\"thumbnailUrl\":\"https:\\\/\\\/pirovano.it\\\/wp-content\\\/uploads\\\/2018\\\/03\\\/bormio-pano.jpg\",\"datePublished\":\"2018-03-11T22:35:02+00:00\",\"dateModified\":\"2020-03-03T14:25:50+00:00\",\"description\":\"Vom Stilfser Joch sind verschiede Sehensw\u00fcrdigkeiten einfach erreichbar, die aus historischen, kulturellen und touristischen Gr\u00fcnden interessant sind\",\"breadcrumb\":{\"@id\":\"https:\\\/\\\/pirovano.it\\\/de\\\/taetigkeiten-stilfs\\\/sehenswuerdigkeiten\\\/#breadcrumb\"},\"inLanguage\":\"de-DE\",\"potentialAction\":[{\"@type\":\"ReadAction\",\"target\":[\"https:\\\/\\\/pirovano.it\\\/de\\\/taetigkeiten-stilfs\\\/sehenswuerdigkeiten\\\/\"]}]},{\"@type\":\"ImageObject\",\"inLanguage\":\"de-DE\",\"@id\":\"https:\\\/\\\/pirovano.it\\\/de\\\/taetigkeiten-stilfs\\\/sehenswuerdigkeiten\\\/#primaryimage\",\"url\":\"https:\\\/\\\/pirovano.it\\\/wp-content\\\/uploads\\\/2018\\\/03\\\/bormio-pano.jpg\",\"contentUrl\":\"https:\\\/\\\/pirovano.it\\\/wp-content\\\/uploads\\\/2018\\\/03\\\/bormio-pano.jpg\",\"width\":1920,\"height\":1097},{\"@type\":\"BreadcrumbList\",\"@id\":\"https:\\\/\\\/pirovano.it\\\/de\\\/taetigkeiten-stilfs\\\/sehenswuerdigkeiten\\\/#breadcrumb\",\"itemListElement\":[{\"@type\":\"ListItem\",\"position\":1,\"name\":\"Home\",\"item\":\"https:\\\/\\\/pirovano.it\\\/de\\\/\"},{\"@type\":\"ListItem\",\"position\":2,\"name\":\"T\u00e4tigkeiten\",\"item\":\"https:\\\/\\\/pirovano.it\\\/de\\\/taetigkeiten-stilfs\\\/\"},{\"@type\":\"ListItem\",\"position\":3,\"name\":\"Sehensw\u00fcrdigkeiten\"}]},{\"@type\":\"WebSite\",\"@id\":\"https:\\\/\\\/pirovano.it\\\/it\\\/#website\",\"url\":\"https:\\\/\\\/pirovano.it\\\/it\\\/\",\"name\":\"Pirovano\",\"description\":\"Universit\u00e0 dello Sci, dello Snowboard e della Montagna\",\"potentialAction\":[{\"@type\":\"SearchAction\",\"target\":{\"@type\":\"EntryPoint\",\"urlTemplate\":\"https:\\\/\\\/pirovano.it\\\/it\\\/?s={search_term_string}\"},\"query-input\":{\"@type\":\"PropertyValueSpecification\",\"valueRequired\":true,\"valueName\":\"search_term_string\"}}],\"inLanguage\":\"de-DE\"}]}<\/script>\n<!-- \/ Yoast SEO plugin. -->","yoast_head_json":{"title":"Sehensw\u00fcrdigkeiten Stilfserjoch","description":"Vom Stilfser Joch sind verschiede Sehensw\u00fcrdigkeiten einfach erreichbar, die aus historischen, kulturellen und touristischen Gr\u00fcnden interessant sind","robots":{"index":"index","follow":"follow","max-snippet":"max-snippet:-1","max-image-preview":"max-image-preview:large","max-video-preview":"max-video-preview:-1"},"canonical":"https:\/\/pirovano.it\/de\/taetigkeiten-stilfs\/sehenswuerdigkeiten\/","og_locale":"de_DE","og_type":"article","og_title":"Sehensw\u00fcrdigkeiten Stilfserjoch","og_description":"Vom Stilfser Joch sind verschiede Sehensw\u00fcrdigkeiten einfach erreichbar, die aus historischen, kulturellen und touristischen Gr\u00fcnden interessant sind","og_url":"https:\/\/pirovano.it\/de\/taetigkeiten-stilfs\/sehenswuerdigkeiten\/","og_site_name":"Pirovano","article_modified_time":"2020-03-03T14:25:50+00:00","og_image":[{"width":1920,"height":1097,"url":"https:\/\/pirovano.it\/wp-content\/uploads\/2018\/03\/bormio-pano.jpg","type":"image\/jpeg"}],"twitter_card":"summary_large_image","twitter_misc":{"Est. reading time":"2 minutes"},"schema":{"@context":"https:\/\/schema.org","@graph":[{"@type":"WebPage","@id":"https:\/\/pirovano.it\/de\/taetigkeiten-stilfs\/sehenswuerdigkeiten\/","url":"https:\/\/pirovano.it\/de\/taetigkeiten-stilfs\/sehenswuerdigkeiten\/","name":"Sehensw\u00fcrdigkeiten Stilfserjoch","isPartOf":{"@id":"https:\/\/pirovano.it\/it\/#website"},"primaryImageOfPage":{"@id":"https:\/\/pirovano.it\/de\/taetigkeiten-stilfs\/sehenswuerdigkeiten\/#primaryimage"},"image":{"@id":"https:\/\/pirovano.it\/de\/taetigkeiten-stilfs\/sehenswuerdigkeiten\/#primaryimage"},"thumbnailUrl":"https:\/\/pirovano.it\/wp-content\/uploads\/2018\/03\/bormio-pano.jpg","datePublished":"2018-03-11T22:35:02+00:00","dateModified":"2020-03-03T14:25:50+00:00","description":"Vom Stilfser Joch sind verschiede Sehensw\u00fcrdigkeiten einfach erreichbar, die aus historischen, kulturellen und touristischen Gr\u00fcnden interessant sind","breadcrumb":{"@id":"https:\/\/pirovano.it\/de\/taetigkeiten-stilfs\/sehenswuerdigkeiten\/#breadcrumb"},"inLanguage":"de-DE","potentialAction":[{"@type":"ReadAction","target":["https:\/\/pirovano.it\/de\/taetigkeiten-stilfs\/sehenswuerdigkeiten\/"]}]},{"@type":"ImageObject","inLanguage":"de-DE","@id":"https:\/\/pirovano.it\/de\/taetigkeiten-stilfs\/sehenswuerdigkeiten\/#primaryimage","url":"https:\/\/pirovano.it\/wp-content\/uploads\/2018\/03\/bormio-pano.jpg","contentUrl":"https:\/\/pirovano.it\/wp-content\/uploads\/2018\/03\/bormio-pano.jpg","width":1920,"height":1097},{"@type":"BreadcrumbList","@id":"https:\/\/pirovano.it\/de\/taetigkeiten-stilfs\/sehenswuerdigkeiten\/#breadcrumb","itemListElement":[{"@type":"ListItem","position":1,"name":"Home","item":"https:\/\/pirovano.it\/de\/"},{"@type":"ListItem","position":2,"name":"T\u00e4tigkeiten","item":"https:\/\/pirovano.it\/de\/taetigkeiten-stilfs\/"},{"@type":"ListItem","position":3,"name":"Sehensw\u00fcrdigkeiten"}]},{"@type":"WebSite","@id":"https:\/\/pirovano.it\/it\/#website","url":"https:\/\/pirovano.it\/it\/","name":"Pirovano","description":"Universit\u00e0 dello Sci, dello Snowboard e della Montagna","potentialAction":[{"@type":"SearchAction","target":{"@type":"EntryPoint","urlTemplate":"https:\/\/pirovano.it\/it\/?s={search_term_string}"},"query-input":{"@type":"PropertyValueSpecification","valueRequired":true,"valueName":"search_term_string"}}],"inLanguage":"de-DE"}]}},"_links":{"self":[{"href":"https:\/\/pirovano.it\/de\/wp-json\/wp\/v2\/pages\/2590","targetHints":{"allow":["GET"]}}],"collection":[{"href":"https:\/\/pirovano.it\/de\/wp-json\/wp\/v2\/pages"}],"about":[{"href":"https:\/\/pirovano.it\/de\/wp-json\/wp\/v2\/types\/page"}],"author":[{"embeddable":true,"href":"https:\/\/pirovano.it\/de\/wp-json\/wp\/v2\/users\/3"}],"replies":[{"embeddable":true,"href":"https:\/\/pirovano.it\/de\/wp-json\/wp\/v2\/comments?post=2590"}],"version-history":[{"count":4,"href":"https:\/\/pirovano.it\/de\/wp-json\/wp\/v2\/pages\/2590\/revisions"}],"predecessor-version":[{"id":6215,"href":"https:\/\/pirovano.it\/de\/wp-json\/wp\/v2\/pages\/2590\/revisions\/6215"}],"up":[{"embeddable":true,"href":"https:\/\/pirovano.it\/de\/wp-json\/wp\/v2\/pages\/2562"}],"wp:featuredmedia":[{"embeddable":true,"href":"https:\/\/pirovano.it\/de\/wp-json\/wp\/v2\/media\/742"}],"wp:attachment":[{"href":"https:\/\/pirovano.it\/de\/wp-json\/wp\/v2\/media?parent=2590"}],"curies":[{"name":"wp","href":"https:\/\/api.w.org\/{rel}","templated":true}]}}