{"id":2594,"date":"2018-03-11T23:34:50","date_gmt":"2018-03-11T22:34:50","guid":{"rendered":"http:\/\/pirovano.it\/?page_id=2594"},"modified":"2020-03-03T15:22:40","modified_gmt":"2020-03-03T14:22:40","slug":"bormio-thermen","status":"publish","type":"page","link":"https:\/\/pirovano.it\/de\/taetigkeiten-stilfs\/bormio-thermen\/","title":{"rendered":"Bormio Thermen und Wellness"},"content":{"rendered":"<p>Seit der r\u00f6mischen \u00c4ra ist die Ortschaft Bornio dank der Eigenschaften ihres Thermalwassers ber\u00fchmt, die auf die Gesundheit und Wohlstand der Menschen positiv wirken.<br \/>\nEntspannend, entgiftend und Anti-Stress sind die Haupteigenschaften dieses Thermalwassers, das auch bei der Behandlung gegen Allergien und zahlreiche Krankheiten geeignet ist und, das bei einer Temperatur von 35-40 \u00b0C sprudelt, indem es 3 Thermalanlagen Wasser zuf\u00fchrt: Thermen Bornio, Bagni Vecchi und Bagni Nuovi.<\/p>\n<h3>Thermen Bornio<\/h3>\n<p>K\u00fcrzlich saniert stellen diese Thermen das modernste Zentrum des Gebietes dar und erm\u00f6glichen verschiedene Sch\u00f6nheits- und Thermalbehandlungen sowie Massagen und Rehabilitationskuren. Im Zentrum gibt es ein 25-Meter langes Schwimmbad, Schwimmbecken f\u00fcr Relax, einen 60-Meter langen Wasserrutschbahn, Dampfbad, Bio-Sauna und normale Sauna. Perfekte f\u00fcr alle.<\/p>\n<h3>Bagni Nuovi und Bagni Vecchi<\/h3>\n<p>Diese zwei Zentren sind voneinander nah und 5 Minuten lang vom Stilfser Joch erreichbar. Sie sind traditioneller als modernes Zentrum Bornio und bieten eine angenehme Alternative zur k\u00f6rperlichen und geistlichen Erholung in einer eleganten Atmosph\u00e4re.<\/p>\n<p><strong>Die neuen B\u00e4der<\/strong> (Bagni Nuovi) sehen vier verschiedene Thermal-Parcours vor, indem sie Aromen, Lichte, Bilder und nat\u00fcrliche Farben bieten. Die wundersch\u00f6ne mit Zirbelholz des fr\u00fchen 19. verkleidete Sauna ist bestimmt auszuprobieren.<\/p>\n<p><strong>Die alten B\u00e4der<\/strong> (Bagni Vecchi) sehen sechs verschiedene Thermal-Parcours vor, darunter den direkt an Bornio gerichteten Panoramapool und die r\u00f6mischen Thermen, die seit 1. Jahrhundert a.C. bekannt sind.<\/p>\n","protected":false},"excerpt":{"rendered":"<p>Seit der r\u00f6mischen \u00c4ra ist die Ortschaft Bornio dank der Eigenschaften ihres Thermalwassers ber\u00fchmt, die auf die Gesundheit und Wohlstand der Menschen positiv wirken. Entspannend, entgiftend und Anti-Stress sind die Haupteigenschaften dieses Thermalwassers, das auch bei der Behandlung gegen Allergien und zahlreiche Krankheiten geeignet ist und, das bei einer Temperatur von 35-40 \u00b0C sprudelt, indem [&hellip;]<\/p>\n","protected":false},"author":3,"featured_media":1645,"parent":2562,"menu_order":0,"comment_status":"closed","ping_status":"closed","template":"","meta":{"footnotes":""},"class_list":["post-2594","page","type-page","status-publish","has-post-thumbnail","hentry","odd"],"yoast_head":"<!-- This site is optimized with the Yoast SEO plugin v27.3 - https:\/\/yoast.com\/product\/yoast-seo-wordpress\/ -->\n<title>Bormio Thermen und Wellness<\/title>\n<meta name=\"description\" content=\"Die Ortschaft Bornio dank der Eigenschaften ihres Thermalwassers ber\u00fchmt, die auf die Gesundheit und Wohlstand der Menschen positiv wirken\" \/>\n<meta name=\"robots\" content=\"index, follow, max-snippet:-1, max-image-preview:large, max-video-preview:-1\" \/>\n<link rel=\"canonical\" href=\"https:\/\/pirovano.it\/de\/taetigkeiten-stilfs\/bormio-thermen\/\" \/>\n<meta property=\"og:locale\" content=\"de_DE\" \/>\n<meta property=\"og:type\" content=\"article\" \/>\n<meta property=\"og:title\" content=\"Bormio Thermen und Wellness\" \/>\n<meta property=\"og:description\" content=\"Die Ortschaft Bornio dank der Eigenschaften ihres Thermalwassers ber\u00fchmt, die auf die Gesundheit und Wohlstand der Menschen positiv wirken\" \/>\n<meta property=\"og:url\" content=\"https:\/\/pirovano.it\/de\/taetigkeiten-stilfs\/bormio-thermen\/\" \/>\n<meta property=\"og:site_name\" content=\"Pirovano\" \/>\n<meta property=\"article:modified_time\" content=\"2020-03-03T14:22:40+00:00\" \/>\n<meta property=\"og:image\" content=\"https:\/\/pirovano.it\/wp-content\/uploads\/2018\/03\/terme-bormio-piscina-esterna-pano-1024x648.jpg\" \/>\n\t<meta property=\"og:image:width\" content=\"1024\" \/>\n\t<meta property=\"og:image:height\" content=\"648\" \/>\n\t<meta property=\"og:image:type\" content=\"image\/jpeg\" \/>\n<meta name=\"twitter:card\" content=\"summary_large_image\" \/>\n<meta name=\"twitter:label1\" content=\"Est. reading time\" \/>\n\t<meta name=\"twitter:data1\" content=\"1 minute\" \/>\n<script type=\"application\/ld+json\" class=\"yoast-schema-graph\">{\"@context\":\"https:\\\/\\\/schema.org\",\"@graph\":[{\"@type\":\"WebPage\",\"@id\":\"https:\\\/\\\/pirovano.it\\\/de\\\/taetigkeiten-stilfs\\\/bormio-thermen\\\/\",\"url\":\"https:\\\/\\\/pirovano.it\\\/de\\\/taetigkeiten-stilfs\\\/bormio-thermen\\\/\",\"name\":\"Bormio Thermen und Wellness\",\"isPartOf\":{\"@id\":\"https:\\\/\\\/pirovano.it\\\/it\\\/#website\"},\"primaryImageOfPage\":{\"@id\":\"https:\\\/\\\/pirovano.it\\\/de\\\/taetigkeiten-stilfs\\\/bormio-thermen\\\/#primaryimage\"},\"image\":{\"@id\":\"https:\\\/\\\/pirovano.it\\\/de\\\/taetigkeiten-stilfs\\\/bormio-thermen\\\/#primaryimage\"},\"thumbnailUrl\":\"https:\\\/\\\/pirovano.it\\\/wp-content\\\/uploads\\\/2018\\\/03\\\/terme-bormio-piscina-esterna-pano.jpg\",\"datePublished\":\"2018-03-11T22:34:50+00:00\",\"dateModified\":\"2020-03-03T14:22:40+00:00\",\"description\":\"Die Ortschaft Bornio dank der Eigenschaften ihres Thermalwassers ber\u00fchmt, die auf die Gesundheit und Wohlstand der Menschen positiv wirken\",\"breadcrumb\":{\"@id\":\"https:\\\/\\\/pirovano.it\\\/de\\\/taetigkeiten-stilfs\\\/bormio-thermen\\\/#breadcrumb\"},\"inLanguage\":\"de-DE\",\"potentialAction\":[{\"@type\":\"ReadAction\",\"target\":[\"https:\\\/\\\/pirovano.it\\\/de\\\/taetigkeiten-stilfs\\\/bormio-thermen\\\/\"]}]},{\"@type\":\"ImageObject\",\"inLanguage\":\"de-DE\",\"@id\":\"https:\\\/\\\/pirovano.it\\\/de\\\/taetigkeiten-stilfs\\\/bormio-thermen\\\/#primaryimage\",\"url\":\"https:\\\/\\\/pirovano.it\\\/wp-content\\\/uploads\\\/2018\\\/03\\\/terme-bormio-piscina-esterna-pano.jpg\",\"contentUrl\":\"https:\\\/\\\/pirovano.it\\\/wp-content\\\/uploads\\\/2018\\\/03\\\/terme-bormio-piscina-esterna-pano.jpg\",\"width\":4500,\"height\":2848},{\"@type\":\"BreadcrumbList\",\"@id\":\"https:\\\/\\\/pirovano.it\\\/de\\\/taetigkeiten-stilfs\\\/bormio-thermen\\\/#breadcrumb\",\"itemListElement\":[{\"@type\":\"ListItem\",\"position\":1,\"name\":\"Home\",\"item\":\"https:\\\/\\\/pirovano.it\\\/de\\\/\"},{\"@type\":\"ListItem\",\"position\":2,\"name\":\"T\u00e4tigkeiten\",\"item\":\"https:\\\/\\\/pirovano.it\\\/de\\\/taetigkeiten-stilfs\\\/\"},{\"@type\":\"ListItem\",\"position\":3,\"name\":\"Bormio Thermen und Wellness\"}]},{\"@type\":\"WebSite\",\"@id\":\"https:\\\/\\\/pirovano.it\\\/it\\\/#website\",\"url\":\"https:\\\/\\\/pirovano.it\\\/it\\\/\",\"name\":\"Pirovano\",\"description\":\"Universit\u00e0 dello Sci, dello Snowboard e della Montagna\",\"potentialAction\":[{\"@type\":\"SearchAction\",\"target\":{\"@type\":\"EntryPoint\",\"urlTemplate\":\"https:\\\/\\\/pirovano.it\\\/it\\\/?s={search_term_string}\"},\"query-input\":{\"@type\":\"PropertyValueSpecification\",\"valueRequired\":true,\"valueName\":\"search_term_string\"}}],\"inLanguage\":\"de-DE\"}]}<\/script>\n<!-- \/ Yoast SEO plugin. -->","yoast_head_json":{"title":"Bormio Thermen und Wellness","description":"Die Ortschaft Bornio dank der Eigenschaften ihres Thermalwassers ber\u00fchmt, die auf die Gesundheit und Wohlstand der Menschen positiv wirken","robots":{"index":"index","follow":"follow","max-snippet":"max-snippet:-1","max-image-preview":"max-image-preview:large","max-video-preview":"max-video-preview:-1"},"canonical":"https:\/\/pirovano.it\/de\/taetigkeiten-stilfs\/bormio-thermen\/","og_locale":"de_DE","og_type":"article","og_title":"Bormio Thermen und Wellness","og_description":"Die Ortschaft Bornio dank der Eigenschaften ihres Thermalwassers ber\u00fchmt, die auf die Gesundheit und Wohlstand der Menschen positiv wirken","og_url":"https:\/\/pirovano.it\/de\/taetigkeiten-stilfs\/bormio-thermen\/","og_site_name":"Pirovano","article_modified_time":"2020-03-03T14:22:40+00:00","og_image":[{"width":1024,"height":648,"url":"https:\/\/pirovano.it\/wp-content\/uploads\/2018\/03\/terme-bormio-piscina-esterna-pano-1024x648.jpg","type":"image\/jpeg"}],"twitter_card":"summary_large_image","twitter_misc":{"Est. reading time":"1 minute"},"schema":{"@context":"https:\/\/schema.org","@graph":[{"@type":"WebPage","@id":"https:\/\/pirovano.it\/de\/taetigkeiten-stilfs\/bormio-thermen\/","url":"https:\/\/pirovano.it\/de\/taetigkeiten-stilfs\/bormio-thermen\/","name":"Bormio Thermen und Wellness","isPartOf":{"@id":"https:\/\/pirovano.it\/it\/#website"},"primaryImageOfPage":{"@id":"https:\/\/pirovano.it\/de\/taetigkeiten-stilfs\/bormio-thermen\/#primaryimage"},"image":{"@id":"https:\/\/pirovano.it\/de\/taetigkeiten-stilfs\/bormio-thermen\/#primaryimage"},"thumbnailUrl":"https:\/\/pirovano.it\/wp-content\/uploads\/2018\/03\/terme-bormio-piscina-esterna-pano.jpg","datePublished":"2018-03-11T22:34:50+00:00","dateModified":"2020-03-03T14:22:40+00:00","description":"Die Ortschaft Bornio dank der Eigenschaften ihres Thermalwassers ber\u00fchmt, die auf die Gesundheit und Wohlstand der Menschen positiv wirken","breadcrumb":{"@id":"https:\/\/pirovano.it\/de\/taetigkeiten-stilfs\/bormio-thermen\/#breadcrumb"},"inLanguage":"de-DE","potentialAction":[{"@type":"ReadAction","target":["https:\/\/pirovano.it\/de\/taetigkeiten-stilfs\/bormio-thermen\/"]}]},{"@type":"ImageObject","inLanguage":"de-DE","@id":"https:\/\/pirovano.it\/de\/taetigkeiten-stilfs\/bormio-thermen\/#primaryimage","url":"https:\/\/pirovano.it\/wp-content\/uploads\/2018\/03\/terme-bormio-piscina-esterna-pano.jpg","contentUrl":"https:\/\/pirovano.it\/wp-content\/uploads\/2018\/03\/terme-bormio-piscina-esterna-pano.jpg","width":4500,"height":2848},{"@type":"BreadcrumbList","@id":"https:\/\/pirovano.it\/de\/taetigkeiten-stilfs\/bormio-thermen\/#breadcrumb","itemListElement":[{"@type":"ListItem","position":1,"name":"Home","item":"https:\/\/pirovano.it\/de\/"},{"@type":"ListItem","position":2,"name":"T\u00e4tigkeiten","item":"https:\/\/pirovano.it\/de\/taetigkeiten-stilfs\/"},{"@type":"ListItem","position":3,"name":"Bormio Thermen und Wellness"}]},{"@type":"WebSite","@id":"https:\/\/pirovano.it\/it\/#website","url":"https:\/\/pirovano.it\/it\/","name":"Pirovano","description":"Universit\u00e0 dello Sci, dello Snowboard e della Montagna","potentialAction":[{"@type":"SearchAction","target":{"@type":"EntryPoint","urlTemplate":"https:\/\/pirovano.it\/it\/?s={search_term_string}"},"query-input":{"@type":"PropertyValueSpecification","valueRequired":true,"valueName":"search_term_string"}}],"inLanguage":"de-DE"}]}},"_links":{"self":[{"href":"https:\/\/pirovano.it\/de\/wp-json\/wp\/v2\/pages\/2594","targetHints":{"allow":["GET"]}}],"collection":[{"href":"https:\/\/pirovano.it\/de\/wp-json\/wp\/v2\/pages"}],"about":[{"href":"https:\/\/pirovano.it\/de\/wp-json\/wp\/v2\/types\/page"}],"author":[{"embeddable":true,"href":"https:\/\/pirovano.it\/de\/wp-json\/wp\/v2\/users\/3"}],"replies":[{"embeddable":true,"href":"https:\/\/pirovano.it\/de\/wp-json\/wp\/v2\/comments?post=2594"}],"version-history":[{"count":4,"href":"https:\/\/pirovano.it\/de\/wp-json\/wp\/v2\/pages\/2594\/revisions"}],"predecessor-version":[{"id":6209,"href":"https:\/\/pirovano.it\/de\/wp-json\/wp\/v2\/pages\/2594\/revisions\/6209"}],"up":[{"embeddable":true,"href":"https:\/\/pirovano.it\/de\/wp-json\/wp\/v2\/pages\/2562"}],"wp:featuredmedia":[{"embeddable":true,"href":"https:\/\/pirovano.it\/de\/wp-json\/wp\/v2\/media\/1645"}],"wp:attachment":[{"href":"https:\/\/pirovano.it\/de\/wp-json\/wp\/v2\/media?parent=2594"}],"curies":[{"name":"wp","href":"https:\/\/api.w.org\/{rel}","templated":true}]}}