{"id":2597,"date":"2018-03-10T11:14:27","date_gmt":"2018-03-10T10:14:27","guid":{"rendered":"http:\/\/pirovano.it\/?page_id=2597"},"modified":"2022-04-08T13:33:46","modified_gmt":"2022-04-08T11:33:46","slug":"anreise","status":"publish","type":"page","link":"https:\/\/pirovano.it\/de\/anreise\/","title":{"rendered":"Anreise Stilfserjoch"},"content":{"rendered":"<h3><i class=\"fas fa-map-signs\"><\/i> Wie kommt man zum Stilfserjoch?<\/h3>\n<p><strong>Das Stilfser Joch ist einer der weltweit h\u00f6chsten P\u00e4sse (2760m)<br \/>\n<\/strong><\/p>\n<p>Aus italienischer Seite ist es von Veltlin, durch Bornio, und von Vinschgau durch Bozen einfach erreichbar. Es wird empfohlen, Schneeketten mitzunehmen: da sich das Stilfser Joch in Hochbergen befindet, kann es von Sommerschneef\u00e4llen betroffen werden!<\/p>\n<p>Die Hauptkilometerentfernungen und die jeweiligen Fahrzeiten von den gr\u00f6\u00dften St\u00e4dten sind durch folgende Google Maps-Link einsehbar:<\/p>\n<ul class=\"multicolumns\">\n<li><a href=\"https:\/\/www.google.it\/maps\/dir\/Milano,+Milano\/Passo+Stelvio,+Bormio+Sondrio,+Lombardia\/\" target=\"_blank\" rel=\"noopener noreferrer\"><i class=\"fas fa-map-signs\"><\/i> von Milano<\/a><br \/>\n220 km<\/li>\n<li><a href=\"https:\/\/www.google.it\/maps\/dir\/genova\/Passo+Stelvio,+Bormio+Sondrio,+Lombardia\/\" target=\"_blank\" rel=\"noopener noreferrer\"><i class=\"fas fa-map-signs\"><\/i> von Genova<\/a><br \/>\n370 km<\/li>\n<li><a href=\"https:\/\/www.google.it\/maps\/dir\/genova\/Passo+Stelvio,+Bormio+Sondrio,+Lombardia\/\" target=\"_blank\" rel=\"noopener noreferrer\"><i class=\"fas fa-map-signs\"><\/i> von Bologna<\/a><br \/>\n380 km<\/li>\n<li><a href=\"https:\/\/www.google.it\/maps\/dir\/venezia\/Passo+Stelvio,+Bormio+Sondrio,+Lombardia\" target=\"_blank\" rel=\"noopener noreferrer\"><i class=\"fas fa-map-signs\"><\/i> von Venezia<\/a><br \/>\n370 km<\/li>\n<\/ul>\n<hr \/>\n<h3><i class=\"fas fa-map-marker-alt\"><\/i> Lage der Wohnungen in Bormio (Italien)<\/h3>\n<ul class=\"multicolumns\">\n<li><a href=\"https:\/\/www.google.it\/maps\/place\/Via+Roma,+131,+23032+Bormio+SO\" target=\"_blank\" rel=\"noopener noreferrer\"><i class=\"fas fa-map-marker-alt\"><\/i> Apartments &#8220;Pirovano&#8221;<\/a><br \/>\nvia roma 131, Bormio (SO)<\/li>\n<li><a href=\"https:\/\/www.google.it\/maps\/place\/Via+Milano,+24,+23032+Bormio+SO\" target=\"_blank\" rel=\"noopener noreferrer\"><i class=\"fas fa-map-marker-alt\"><\/i> Apartments &#8220;Chalet Felse&#8221;<\/a><br \/>\nvia Milano 24, Bormio (SO)<\/li>\n<\/ul>\n<hr \/>\n<h3><i class=\"fas fa-map-marker-alt\"><\/i> Lage der Wohnungen in Valdidentro (Italien)<\/h3>\n<ul>\n<li><a href=\"https:\/\/www.google.it\/maps\/place\/Via+Nazionale,+29,+23038+Isolaccia+SO\/@46.4879103,10.2973741,17z\/data=!3m1!4b1!4m5!3m4!1s0x47830dd809531aed:0x9e0e4acaf84530a!8m2!3d46.4879103!4d10.2995628\" target=\"_blank\" rel=\"noopener noreferrer\"><i class=\"fas fa-map-marker-alt\"><\/i> Apartments &#8220;Pirovano&#8221;<\/a> via Nazionale, 31 \u2013 Frazione Isolaccia, Valdidentro (SO)<\/li>\n<\/ul>\n<hr \/>\n","protected":false},"excerpt":{"rendered":"<p>Wie kommt man zum Stilfserjoch? Das Stilfser Joch ist einer der weltweit h\u00f6chsten P\u00e4sse (2760m) Aus italienischer Seite ist es von Veltlin, durch Bornio, und von Vinschgau durch Bozen einfach erreichbar. Es wird empfohlen, Schneeketten mitzunehmen: da sich das Stilfser Joch in Hochbergen befindet, kann es von Sommerschneef\u00e4llen betroffen werden! Die Hauptkilometerentfernungen und die jeweiligen [&hellip;]<\/p>\n","protected":false},"author":3,"featured_media":4450,"parent":0,"menu_order":0,"comment_status":"closed","ping_status":"closed","template":"page-templates\/map.php","meta":{"footnotes":""},"class_list":["post-2597","page","type-page","status-publish","has-post-thumbnail","hentry","odd"],"yoast_head":"<!-- This site is optimized with the Yoast SEO plugin v27.3 - https:\/\/yoast.com\/product\/yoast-seo-wordpress\/ -->\n<title>Anreise Stilfserjoch<\/title>\n<meta name=\"description\" content=\"Wie kommt man zum Stilfserjoch? Das Stilfser Joch ist einer der weltweit h\u00f6chsten P\u00e4sse (2760m)\" \/>\n<meta name=\"robots\" content=\"index, follow, max-snippet:-1, max-image-preview:large, max-video-preview:-1\" \/>\n<link rel=\"canonical\" href=\"https:\/\/pirovano.it\/de\/anreise\/\" \/>\n<meta property=\"og:locale\" content=\"de_DE\" \/>\n<meta property=\"og:type\" content=\"article\" \/>\n<meta property=\"og:title\" content=\"Anreise Stilfserjoch\" \/>\n<meta property=\"og:description\" content=\"Wie kommt man zum Stilfserjoch? Das Stilfser Joch ist einer der weltweit h\u00f6chsten P\u00e4sse (2760m)\" \/>\n<meta property=\"og:url\" content=\"https:\/\/pirovano.it\/de\/anreise\/\" \/>\n<meta property=\"og:site_name\" content=\"Pirovano\" \/>\n<meta property=\"article:modified_time\" content=\"2022-04-08T11:33:46+00:00\" \/>\n<meta property=\"og:image\" content=\"https:\/\/pirovano.it\/wp-content\/uploads\/2018\/03\/strada-tornanti-stelvio.jpg\" \/>\n\t<meta property=\"og:image:width\" content=\"1920\" \/>\n\t<meta property=\"og:image:height\" content=\"957\" \/>\n\t<meta property=\"og:image:type\" content=\"image\/jpeg\" \/>\n<meta name=\"twitter:card\" content=\"summary_large_image\" \/>\n<meta name=\"twitter:label1\" content=\"Est. reading time\" \/>\n\t<meta name=\"twitter:data1\" content=\"1 minute\" \/>\n<script type=\"application\/ld+json\" class=\"yoast-schema-graph\">{\"@context\":\"https:\\\/\\\/schema.org\",\"@graph\":[{\"@type\":\"WebPage\",\"@id\":\"https:\\\/\\\/pirovano.it\\\/de\\\/anreise\\\/\",\"url\":\"https:\\\/\\\/pirovano.it\\\/de\\\/anreise\\\/\",\"name\":\"Anreise Stilfserjoch\",\"isPartOf\":{\"@id\":\"https:\\\/\\\/pirovano.it\\\/it\\\/#website\"},\"primaryImageOfPage\":{\"@id\":\"https:\\\/\\\/pirovano.it\\\/de\\\/anreise\\\/#primaryimage\"},\"image\":{\"@id\":\"https:\\\/\\\/pirovano.it\\\/de\\\/anreise\\\/#primaryimage\"},\"thumbnailUrl\":\"https:\\\/\\\/pirovano.it\\\/wp-content\\\/uploads\\\/2018\\\/03\\\/strada-tornanti-stelvio.jpg\",\"datePublished\":\"2018-03-10T10:14:27+00:00\",\"dateModified\":\"2022-04-08T11:33:46+00:00\",\"description\":\"Wie kommt man zum Stilfserjoch? Das Stilfser Joch ist einer der weltweit h\u00f6chsten P\u00e4sse (2760m)\",\"breadcrumb\":{\"@id\":\"https:\\\/\\\/pirovano.it\\\/de\\\/anreise\\\/#breadcrumb\"},\"inLanguage\":\"de-DE\",\"potentialAction\":[{\"@type\":\"ReadAction\",\"target\":[\"https:\\\/\\\/pirovano.it\\\/de\\\/anreise\\\/\"]}]},{\"@type\":\"ImageObject\",\"inLanguage\":\"de-DE\",\"@id\":\"https:\\\/\\\/pirovano.it\\\/de\\\/anreise\\\/#primaryimage\",\"url\":\"https:\\\/\\\/pirovano.it\\\/wp-content\\\/uploads\\\/2018\\\/03\\\/strada-tornanti-stelvio.jpg\",\"contentUrl\":\"https:\\\/\\\/pirovano.it\\\/wp-content\\\/uploads\\\/2018\\\/03\\\/strada-tornanti-stelvio.jpg\",\"width\":1920,\"height\":957},{\"@type\":\"BreadcrumbList\",\"@id\":\"https:\\\/\\\/pirovano.it\\\/de\\\/anreise\\\/#breadcrumb\",\"itemListElement\":[{\"@type\":\"ListItem\",\"position\":1,\"name\":\"Home\",\"item\":\"https:\\\/\\\/pirovano.it\\\/de\\\/\"},{\"@type\":\"ListItem\",\"position\":2,\"name\":\"Anreise Stilfserjoch\"}]},{\"@type\":\"WebSite\",\"@id\":\"https:\\\/\\\/pirovano.it\\\/it\\\/#website\",\"url\":\"https:\\\/\\\/pirovano.it\\\/it\\\/\",\"name\":\"Pirovano\",\"description\":\"Universit\u00e0 dello Sci, dello Snowboard e della Montagna\",\"potentialAction\":[{\"@type\":\"SearchAction\",\"target\":{\"@type\":\"EntryPoint\",\"urlTemplate\":\"https:\\\/\\\/pirovano.it\\\/it\\\/?s={search_term_string}\"},\"query-input\":{\"@type\":\"PropertyValueSpecification\",\"valueRequired\":true,\"valueName\":\"search_term_string\"}}],\"inLanguage\":\"de-DE\"}]}<\/script>\n<!-- \/ Yoast SEO plugin. -->","yoast_head_json":{"title":"Anreise Stilfserjoch","description":"Wie kommt man zum Stilfserjoch? Das Stilfser Joch ist einer der weltweit h\u00f6chsten P\u00e4sse (2760m)","robots":{"index":"index","follow":"follow","max-snippet":"max-snippet:-1","max-image-preview":"max-image-preview:large","max-video-preview":"max-video-preview:-1"},"canonical":"https:\/\/pirovano.it\/de\/anreise\/","og_locale":"de_DE","og_type":"article","og_title":"Anreise Stilfserjoch","og_description":"Wie kommt man zum Stilfserjoch? Das Stilfser Joch ist einer der weltweit h\u00f6chsten P\u00e4sse (2760m)","og_url":"https:\/\/pirovano.it\/de\/anreise\/","og_site_name":"Pirovano","article_modified_time":"2022-04-08T11:33:46+00:00","og_image":[{"width":1920,"height":957,"url":"https:\/\/pirovano.it\/wp-content\/uploads\/2018\/03\/strada-tornanti-stelvio.jpg","type":"image\/jpeg"}],"twitter_card":"summary_large_image","twitter_misc":{"Est. reading time":"1 minute"},"schema":{"@context":"https:\/\/schema.org","@graph":[{"@type":"WebPage","@id":"https:\/\/pirovano.it\/de\/anreise\/","url":"https:\/\/pirovano.it\/de\/anreise\/","name":"Anreise Stilfserjoch","isPartOf":{"@id":"https:\/\/pirovano.it\/it\/#website"},"primaryImageOfPage":{"@id":"https:\/\/pirovano.it\/de\/anreise\/#primaryimage"},"image":{"@id":"https:\/\/pirovano.it\/de\/anreise\/#primaryimage"},"thumbnailUrl":"https:\/\/pirovano.it\/wp-content\/uploads\/2018\/03\/strada-tornanti-stelvio.jpg","datePublished":"2018-03-10T10:14:27+00:00","dateModified":"2022-04-08T11:33:46+00:00","description":"Wie kommt man zum Stilfserjoch? Das Stilfser Joch ist einer der weltweit h\u00f6chsten P\u00e4sse (2760m)","breadcrumb":{"@id":"https:\/\/pirovano.it\/de\/anreise\/#breadcrumb"},"inLanguage":"de-DE","potentialAction":[{"@type":"ReadAction","target":["https:\/\/pirovano.it\/de\/anreise\/"]}]},{"@type":"ImageObject","inLanguage":"de-DE","@id":"https:\/\/pirovano.it\/de\/anreise\/#primaryimage","url":"https:\/\/pirovano.it\/wp-content\/uploads\/2018\/03\/strada-tornanti-stelvio.jpg","contentUrl":"https:\/\/pirovano.it\/wp-content\/uploads\/2018\/03\/strada-tornanti-stelvio.jpg","width":1920,"height":957},{"@type":"BreadcrumbList","@id":"https:\/\/pirovano.it\/de\/anreise\/#breadcrumb","itemListElement":[{"@type":"ListItem","position":1,"name":"Home","item":"https:\/\/pirovano.it\/de\/"},{"@type":"ListItem","position":2,"name":"Anreise Stilfserjoch"}]},{"@type":"WebSite","@id":"https:\/\/pirovano.it\/it\/#website","url":"https:\/\/pirovano.it\/it\/","name":"Pirovano","description":"Universit\u00e0 dello Sci, dello Snowboard e della Montagna","potentialAction":[{"@type":"SearchAction","target":{"@type":"EntryPoint","urlTemplate":"https:\/\/pirovano.it\/it\/?s={search_term_string}"},"query-input":{"@type":"PropertyValueSpecification","valueRequired":true,"valueName":"search_term_string"}}],"inLanguage":"de-DE"}]}},"_links":{"self":[{"href":"https:\/\/pirovano.it\/de\/wp-json\/wp\/v2\/pages\/2597","targetHints":{"allow":["GET"]}}],"collection":[{"href":"https:\/\/pirovano.it\/de\/wp-json\/wp\/v2\/pages"}],"about":[{"href":"https:\/\/pirovano.it\/de\/wp-json\/wp\/v2\/types\/page"}],"author":[{"embeddable":true,"href":"https:\/\/pirovano.it\/de\/wp-json\/wp\/v2\/users\/3"}],"replies":[{"embeddable":true,"href":"https:\/\/pirovano.it\/de\/wp-json\/wp\/v2\/comments?post=2597"}],"version-history":[{"count":8,"href":"https:\/\/pirovano.it\/de\/wp-json\/wp\/v2\/pages\/2597\/revisions"}],"predecessor-version":[{"id":4437,"href":"https:\/\/pirovano.it\/de\/wp-json\/wp\/v2\/pages\/2597\/revisions\/4437"}],"wp:featuredmedia":[{"embeddable":true,"href":"https:\/\/pirovano.it\/de\/wp-json\/wp\/v2\/media\/4450"}],"wp:attachment":[{"href":"https:\/\/pirovano.it\/de\/wp-json\/wp\/v2\/media?parent=2597"}],"curies":[{"name":"wp","href":"https:\/\/api.w.org\/{rel}","templated":true}]}}