{"id":2606,"date":"2018-03-11T23:36:18","date_gmt":"2018-03-11T22:36:18","guid":{"rendered":"http:\/\/pirovano.it\/?page_id=2606"},"modified":"2020-03-03T15:09:30","modified_gmt":"2020-03-03T14:09:30","slug":"buchung-online","status":"publish","type":"page","link":"https:\/\/pirovano.it\/de\/kontakte\/buchung-online\/","title":{"rendered":"Buchung Online Stilfserjoch Hotel"},"content":{"rendered":"<p>Mittels des Buchung-Systems Online ist es m\u00f6glich, echtzeitig einen Kostenvoranschlag zu erstellen, die Verf\u00fcgbarkeit \u00fcber die Zimmer in der gew\u00fcnschten Periode zu pr\u00fcfen und eventuelle Buchungen und Einzahlungen des Angelds vorzunehmen.<\/p>\n<h3>POLICY<\/h3>\n<p><strong><span class=\"tlid-translation translation\"><span class=\"\" title=\"\">F\u00fcr Hotelunterk\u00fcnfte<\/span><\/span>,<\/strong> bei Verzicht 48 Stunden vor dem Aufenthaltsbeginn, wird das Angeld voll zur\u00fcckgegeben. Im Falle eines in k\u00fcrzeren Zeit erhaltenen Verzichts im Vergleich zur oben angef\u00fchrten Frist oder sollten Sie nicht in Hotel eintreffen, vorbehaltlich der F\u00e4lle h\u00f6herer Gewalt, wird das eingezahlte Angeld, das in H\u00f6he von 30% des \u00dcbernachtungspreises gerechnet wird, als Strafgeld einbehalten.<\/p>\n<p>Bei einer unentschuldigt verz\u00f6gerten Ankunft in Hotel oder einer vorzeitigen Abfahrt werden die nicht in Anspruch genommenen Tage bis zu einem H\u00f6chstbetrag von 3 Tagen \u2013 nur Kosten des Zimmers \u2013 abgebucht. Der Skikurs und Skipass werden hingegen im Ganzen belastet.<\/p>\n<p>Bei Verschiebung des bestellten Aufenthalts, unabh\u00e4ngig von der Vorank\u00fcndigungszeit, wird das Angeld in dem neuen Aufenthalt hereingeholt, vorausgesetzt, dass er in derselben Saison und mit derselben Kopfzahl erfolgt und nicht k\u00fcrzerer ist als derjenige, der abgesagt wurde.<\/p>\n<p><strong>F\u00fcr die Wohnungen Solution,<\/strong> konsultieren Sie bitte die <a href=\"https:\/\/pirovano.it\/wp-content\/uploads\/2018\/12\/condizioni-di-locazione-DE.pdf\">Mietbedingungen<\/a>.<\/p>\n","protected":false},"excerpt":{"rendered":"<p>Mittels des Buchung-Systems Online ist es m\u00f6glich, echtzeitig einen Kostenvoranschlag zu erstellen, die Verf\u00fcgbarkeit \u00fcber die Zimmer in der gew\u00fcnschten Periode zu pr\u00fcfen und eventuelle Buchungen und Einzahlungen des Angelds vorzunehmen. POLICY F\u00fcr Hotelunterk\u00fcnfte, bei Verzicht 48 Stunden vor dem Aufenthaltsbeginn, wird das Angeld voll zur\u00fcckgegeben. Im Falle eines in k\u00fcrzeren Zeit erhaltenen Verzichts im [&hellip;]<\/p>\n","protected":false},"author":3,"featured_media":31,"parent":2600,"menu_order":0,"comment_status":"closed","ping_status":"closed","template":"page-templates\/no-picture.php","meta":{"footnotes":""},"class_list":["post-2606","page","type-page","status-publish","has-post-thumbnail","hentry","odd"],"yoast_head":"<!-- This site is optimized with the Yoast SEO plugin v27.3 - https:\/\/yoast.com\/product\/yoast-seo-wordpress\/ -->\n<title>Buchung Online Stilfserjoch Hotel<\/title>\n<meta name=\"description\" content=\"Buchung Online Stilfserjoch Hotel\" \/>\n<meta name=\"robots\" content=\"index, follow, max-snippet:-1, max-image-preview:large, max-video-preview:-1\" \/>\n<link rel=\"canonical\" href=\"https:\/\/pirovano.it\/de\/kontakte\/buchung-online\/\" \/>\n<meta property=\"og:locale\" content=\"de_DE\" \/>\n<meta property=\"og:type\" content=\"article\" \/>\n<meta property=\"og:title\" content=\"Buchung Online Stilfserjoch Hotel\" \/>\n<meta property=\"og:description\" content=\"Buchung Online Stilfserjoch Hotel\" \/>\n<meta property=\"og:url\" content=\"https:\/\/pirovano.it\/de\/kontakte\/buchung-online\/\" \/>\n<meta property=\"og:site_name\" content=\"Pirovano\" \/>\n<meta property=\"article:modified_time\" content=\"2020-03-03T14:09:30+00:00\" \/>\n<meta property=\"og:image\" content=\"https:\/\/pirovano.it\/wp-content\/uploads\/2018\/02\/MG_7753-1024x683.jpg\" \/>\n\t<meta property=\"og:image:width\" content=\"1024\" \/>\n\t<meta property=\"og:image:height\" content=\"683\" \/>\n\t<meta property=\"og:image:type\" content=\"image\/jpeg\" \/>\n<meta name=\"twitter:card\" content=\"summary_large_image\" \/>\n<meta name=\"twitter:label1\" content=\"Est. reading time\" \/>\n\t<meta name=\"twitter:data1\" content=\"1 minute\" \/>\n<script type=\"application\/ld+json\" class=\"yoast-schema-graph\">{\"@context\":\"https:\\\/\\\/schema.org\",\"@graph\":[{\"@type\":\"WebPage\",\"@id\":\"https:\\\/\\\/pirovano.it\\\/de\\\/kontakte\\\/buchung-online\\\/\",\"url\":\"https:\\\/\\\/pirovano.it\\\/de\\\/kontakte\\\/buchung-online\\\/\",\"name\":\"Buchung Online Stilfserjoch Hotel\",\"isPartOf\":{\"@id\":\"https:\\\/\\\/pirovano.it\\\/it\\\/#website\"},\"primaryImageOfPage\":{\"@id\":\"https:\\\/\\\/pirovano.it\\\/de\\\/kontakte\\\/buchung-online\\\/#primaryimage\"},\"image\":{\"@id\":\"https:\\\/\\\/pirovano.it\\\/de\\\/kontakte\\\/buchung-online\\\/#primaryimage\"},\"thumbnailUrl\":\"https:\\\/\\\/pirovano.it\\\/wp-content\\\/uploads\\\/2018\\\/02\\\/MG_7753.jpg\",\"datePublished\":\"2018-03-11T22:36:18+00:00\",\"dateModified\":\"2020-03-03T14:09:30+00:00\",\"description\":\"Buchung Online Stilfserjoch Hotel\",\"breadcrumb\":{\"@id\":\"https:\\\/\\\/pirovano.it\\\/de\\\/kontakte\\\/buchung-online\\\/#breadcrumb\"},\"inLanguage\":\"de-DE\",\"potentialAction\":[{\"@type\":\"ReadAction\",\"target\":[\"https:\\\/\\\/pirovano.it\\\/de\\\/kontakte\\\/buchung-online\\\/\"]}]},{\"@type\":\"ImageObject\",\"inLanguage\":\"de-DE\",\"@id\":\"https:\\\/\\\/pirovano.it\\\/de\\\/kontakte\\\/buchung-online\\\/#primaryimage\",\"url\":\"https:\\\/\\\/pirovano.it\\\/wp-content\\\/uploads\\\/2018\\\/02\\\/MG_7753.jpg\",\"contentUrl\":\"https:\\\/\\\/pirovano.it\\\/wp-content\\\/uploads\\\/2018\\\/02\\\/MG_7753.jpg\",\"width\":5616,\"height\":3744},{\"@type\":\"BreadcrumbList\",\"@id\":\"https:\\\/\\\/pirovano.it\\\/de\\\/kontakte\\\/buchung-online\\\/#breadcrumb\",\"itemListElement\":[{\"@type\":\"ListItem\",\"position\":1,\"name\":\"Home\",\"item\":\"https:\\\/\\\/pirovano.it\\\/de\\\/\"},{\"@type\":\"ListItem\",\"position\":2,\"name\":\"Kontakte Pirovano\",\"item\":\"https:\\\/\\\/pirovano.it\\\/de\\\/kontakte\\\/\"},{\"@type\":\"ListItem\",\"position\":3,\"name\":\"Buchung Online Stilfserjoch Hotel\"}]},{\"@type\":\"WebSite\",\"@id\":\"https:\\\/\\\/pirovano.it\\\/it\\\/#website\",\"url\":\"https:\\\/\\\/pirovano.it\\\/it\\\/\",\"name\":\"Pirovano\",\"description\":\"Universit\u00e0 dello Sci, dello Snowboard e della Montagna\",\"potentialAction\":[{\"@type\":\"SearchAction\",\"target\":{\"@type\":\"EntryPoint\",\"urlTemplate\":\"https:\\\/\\\/pirovano.it\\\/it\\\/?s={search_term_string}\"},\"query-input\":{\"@type\":\"PropertyValueSpecification\",\"valueRequired\":true,\"valueName\":\"search_term_string\"}}],\"inLanguage\":\"de-DE\"}]}<\/script>\n<!-- \/ Yoast SEO plugin. -->","yoast_head_json":{"title":"Buchung Online Stilfserjoch Hotel","description":"Buchung Online Stilfserjoch Hotel","robots":{"index":"index","follow":"follow","max-snippet":"max-snippet:-1","max-image-preview":"max-image-preview:large","max-video-preview":"max-video-preview:-1"},"canonical":"https:\/\/pirovano.it\/de\/kontakte\/buchung-online\/","og_locale":"de_DE","og_type":"article","og_title":"Buchung Online Stilfserjoch Hotel","og_description":"Buchung Online Stilfserjoch Hotel","og_url":"https:\/\/pirovano.it\/de\/kontakte\/buchung-online\/","og_site_name":"Pirovano","article_modified_time":"2020-03-03T14:09:30+00:00","og_image":[{"width":1024,"height":683,"url":"https:\/\/pirovano.it\/wp-content\/uploads\/2018\/02\/MG_7753-1024x683.jpg","type":"image\/jpeg"}],"twitter_card":"summary_large_image","twitter_misc":{"Est. reading time":"1 minute"},"schema":{"@context":"https:\/\/schema.org","@graph":[{"@type":"WebPage","@id":"https:\/\/pirovano.it\/de\/kontakte\/buchung-online\/","url":"https:\/\/pirovano.it\/de\/kontakte\/buchung-online\/","name":"Buchung Online Stilfserjoch Hotel","isPartOf":{"@id":"https:\/\/pirovano.it\/it\/#website"},"primaryImageOfPage":{"@id":"https:\/\/pirovano.it\/de\/kontakte\/buchung-online\/#primaryimage"},"image":{"@id":"https:\/\/pirovano.it\/de\/kontakte\/buchung-online\/#primaryimage"},"thumbnailUrl":"https:\/\/pirovano.it\/wp-content\/uploads\/2018\/02\/MG_7753.jpg","datePublished":"2018-03-11T22:36:18+00:00","dateModified":"2020-03-03T14:09:30+00:00","description":"Buchung Online Stilfserjoch Hotel","breadcrumb":{"@id":"https:\/\/pirovano.it\/de\/kontakte\/buchung-online\/#breadcrumb"},"inLanguage":"de-DE","potentialAction":[{"@type":"ReadAction","target":["https:\/\/pirovano.it\/de\/kontakte\/buchung-online\/"]}]},{"@type":"ImageObject","inLanguage":"de-DE","@id":"https:\/\/pirovano.it\/de\/kontakte\/buchung-online\/#primaryimage","url":"https:\/\/pirovano.it\/wp-content\/uploads\/2018\/02\/MG_7753.jpg","contentUrl":"https:\/\/pirovano.it\/wp-content\/uploads\/2018\/02\/MG_7753.jpg","width":5616,"height":3744},{"@type":"BreadcrumbList","@id":"https:\/\/pirovano.it\/de\/kontakte\/buchung-online\/#breadcrumb","itemListElement":[{"@type":"ListItem","position":1,"name":"Home","item":"https:\/\/pirovano.it\/de\/"},{"@type":"ListItem","position":2,"name":"Kontakte Pirovano","item":"https:\/\/pirovano.it\/de\/kontakte\/"},{"@type":"ListItem","position":3,"name":"Buchung Online Stilfserjoch Hotel"}]},{"@type":"WebSite","@id":"https:\/\/pirovano.it\/it\/#website","url":"https:\/\/pirovano.it\/it\/","name":"Pirovano","description":"Universit\u00e0 dello Sci, dello Snowboard e della Montagna","potentialAction":[{"@type":"SearchAction","target":{"@type":"EntryPoint","urlTemplate":"https:\/\/pirovano.it\/it\/?s={search_term_string}"},"query-input":{"@type":"PropertyValueSpecification","valueRequired":true,"valueName":"search_term_string"}}],"inLanguage":"de-DE"}]}},"_links":{"self":[{"href":"https:\/\/pirovano.it\/de\/wp-json\/wp\/v2\/pages\/2606","targetHints":{"allow":["GET"]}}],"collection":[{"href":"https:\/\/pirovano.it\/de\/wp-json\/wp\/v2\/pages"}],"about":[{"href":"https:\/\/pirovano.it\/de\/wp-json\/wp\/v2\/types\/page"}],"author":[{"embeddable":true,"href":"https:\/\/pirovano.it\/de\/wp-json\/wp\/v2\/users\/3"}],"replies":[{"embeddable":true,"href":"https:\/\/pirovano.it\/de\/wp-json\/wp\/v2\/comments?post=2606"}],"version-history":[{"count":6,"href":"https:\/\/pirovano.it\/de\/wp-json\/wp\/v2\/pages\/2606\/revisions"}],"predecessor-version":[{"id":4875,"href":"https:\/\/pirovano.it\/de\/wp-json\/wp\/v2\/pages\/2606\/revisions\/4875"}],"up":[{"embeddable":true,"href":"https:\/\/pirovano.it\/de\/wp-json\/wp\/v2\/pages\/2600"}],"wp:featuredmedia":[{"embeddable":true,"href":"https:\/\/pirovano.it\/de\/wp-json\/wp\/v2\/media\/31"}],"wp:attachment":[{"href":"https:\/\/pirovano.it\/de\/wp-json\/wp\/v2\/media?parent=2606"}],"curies":[{"name":"wp","href":"https:\/\/api.w.org\/{rel}","templated":true}]}}