{"id":2625,"date":"2018-03-10T11:14:11","date_gmt":"2018-03-10T10:14:11","guid":{"rendered":"https:\/\/pirovano.it\/?page_id=2625"},"modified":"2026-03-02T17:51:53","modified_gmt":"2026-03-02T16:51:53","slug":"webcam-stilfser","status":"publish","type":"page","link":"https:\/\/pirovano.it\/de\/webcam-stilfser\/","title":{"rendered":"Webcam Stilfserjoch"},"content":{"rendered":"<p>Die Binder der immer aktiven Webcam werden je 20 Minuten aktualisiert.<\/p>\n<h2>Binder Webcam<\/h2>\n<p>Das Projekt, das von der Volksbank Sondrio zur touristischen F\u00f6rderung des Stilfs durchgef\u00fchrt wurde, erm\u00f6glicht es, echtzeitig die Wetter- und Schneebedingungen des Passes zu beobachten, auch wenn er w\u00e4hrend der Wintersaison (ab November bis Mai) geschlossen ist.<br \/>\nDie Durchf\u00fchrung des Projekts war nicht einfach: die in der Wintersaison bestehenden Temperaturen, die bis -40\u00b0 mit Winden \u00fcber 180 Km pro Stunden und starken Schneef\u00e4llen erreichen k\u00f6nnen, stellen j\u00e4hrlich die Ger\u00e4te auf eine harte Probe. Deswegen wurden besonders gesch\u00fctzte Webcams eingebaut, welche die Techniker beim Schaden durch einen Ferneingriff jedenfalls reparieren k\u00f6nnen.<\/p>\n","protected":false},"excerpt":{"rendered":"<p>Die Binder der immer aktiven Webcam werden je 20 Minuten aktualisiert. Binder Webcam Das Projekt, das von der Volksbank Sondrio zur touristischen F\u00f6rderung des Stilfs durchgef\u00fchrt wurde, erm\u00f6glicht es, echtzeitig die Wetter- und Schneebedingungen des Passes zu beobachten, auch wenn er w\u00e4hrend der Wintersaison (ab November bis Mai) geschlossen ist. Die Durchf\u00fchrung des Projekts war [&hellip;]<\/p>\n","protected":false},"author":3,"featured_media":0,"parent":0,"menu_order":0,"comment_status":"closed","ping_status":"closed","template":"page-templates\/webcams.php","meta":{"footnotes":""},"class_list":["post-2625","page","type-page","status-publish","hentry","odd"],"yoast_head":"<!-- This site is optimized with the Yoast SEO plugin v27.4 - https:\/\/yoast.com\/product\/yoast-seo-wordpress\/ -->\n<title>Webcam Stilfserjoch<\/title>\n<meta name=\"description\" content=\"Webcam Stilfserjoch. Die Binder der immer aktiven Webcam werden je 20 Minuten aktualisiert.\" \/>\n<meta name=\"robots\" content=\"index, follow, max-snippet:-1, max-image-preview:large, max-video-preview:-1\" \/>\n<link rel=\"canonical\" href=\"https:\/\/pirovano.it\/de\/webcam-stilfser\/\" \/>\n<meta property=\"og:locale\" content=\"de_DE\" \/>\n<meta property=\"og:type\" content=\"article\" \/>\n<meta property=\"og:title\" content=\"Webcam Stilfserjoch\" \/>\n<meta property=\"og:description\" content=\"Webcam Stilfserjoch. Die Binder der immer aktiven Webcam werden je 20 Minuten aktualisiert.\" \/>\n<meta property=\"og:url\" content=\"https:\/\/pirovano.it\/de\/webcam-stilfser\/\" \/>\n<meta property=\"og:site_name\" content=\"Pirovano\" \/>\n<meta property=\"article:modified_time\" content=\"2026-03-02T16:51:53+00:00\" \/>\n<meta name=\"twitter:card\" content=\"summary_large_image\" \/>\n<meta name=\"twitter:label1\" content=\"Est. reading time\" \/>\n\t<meta name=\"twitter:data1\" content=\"1 minute\" \/>\n<script type=\"application\/ld+json\" class=\"yoast-schema-graph\">{\"@context\":\"https:\\\/\\\/schema.org\",\"@graph\":[{\"@type\":\"WebPage\",\"@id\":\"https:\\\/\\\/pirovano.it\\\/de\\\/webcam-stilfser\\\/\",\"url\":\"https:\\\/\\\/pirovano.it\\\/de\\\/webcam-stilfser\\\/\",\"name\":\"Webcam Stilfserjoch\",\"isPartOf\":{\"@id\":\"https:\\\/\\\/pirovano.it\\\/it\\\/#website\"},\"datePublished\":\"2018-03-10T10:14:11+00:00\",\"dateModified\":\"2026-03-02T16:51:53+00:00\",\"description\":\"Webcam Stilfserjoch. Die Binder der immer aktiven Webcam werden je 20 Minuten aktualisiert.\",\"breadcrumb\":{\"@id\":\"https:\\\/\\\/pirovano.it\\\/de\\\/webcam-stilfser\\\/#breadcrumb\"},\"inLanguage\":\"de-DE\",\"potentialAction\":[{\"@type\":\"ReadAction\",\"target\":[\"https:\\\/\\\/pirovano.it\\\/de\\\/webcam-stilfser\\\/\"]}]},{\"@type\":\"BreadcrumbList\",\"@id\":\"https:\\\/\\\/pirovano.it\\\/de\\\/webcam-stilfser\\\/#breadcrumb\",\"itemListElement\":[{\"@type\":\"ListItem\",\"position\":1,\"name\":\"Home\",\"item\":\"https:\\\/\\\/pirovano.it\\\/de\\\/\"},{\"@type\":\"ListItem\",\"position\":2,\"name\":\"Webcam Stilfserjoch\"}]},{\"@type\":\"WebSite\",\"@id\":\"https:\\\/\\\/pirovano.it\\\/it\\\/#website\",\"url\":\"https:\\\/\\\/pirovano.it\\\/it\\\/\",\"name\":\"Pirovano\",\"description\":\"Universit\u00e0 dello Sci, dello Snowboard e della Montagna\",\"potentialAction\":[{\"@type\":\"SearchAction\",\"target\":{\"@type\":\"EntryPoint\",\"urlTemplate\":\"https:\\\/\\\/pirovano.it\\\/it\\\/?s={search_term_string}\"},\"query-input\":{\"@type\":\"PropertyValueSpecification\",\"valueRequired\":true,\"valueName\":\"search_term_string\"}}],\"inLanguage\":\"de-DE\"}]}<\/script>\n<!-- \/ Yoast SEO plugin. -->","yoast_head_json":{"title":"Webcam Stilfserjoch","description":"Webcam Stilfserjoch. Die Binder der immer aktiven Webcam werden je 20 Minuten aktualisiert.","robots":{"index":"index","follow":"follow","max-snippet":"max-snippet:-1","max-image-preview":"max-image-preview:large","max-video-preview":"max-video-preview:-1"},"canonical":"https:\/\/pirovano.it\/de\/webcam-stilfser\/","og_locale":"de_DE","og_type":"article","og_title":"Webcam Stilfserjoch","og_description":"Webcam Stilfserjoch. Die Binder der immer aktiven Webcam werden je 20 Minuten aktualisiert.","og_url":"https:\/\/pirovano.it\/de\/webcam-stilfser\/","og_site_name":"Pirovano","article_modified_time":"2026-03-02T16:51:53+00:00","twitter_card":"summary_large_image","twitter_misc":{"Est. reading time":"1 minute"},"schema":{"@context":"https:\/\/schema.org","@graph":[{"@type":"WebPage","@id":"https:\/\/pirovano.it\/de\/webcam-stilfser\/","url":"https:\/\/pirovano.it\/de\/webcam-stilfser\/","name":"Webcam Stilfserjoch","isPartOf":{"@id":"https:\/\/pirovano.it\/it\/#website"},"datePublished":"2018-03-10T10:14:11+00:00","dateModified":"2026-03-02T16:51:53+00:00","description":"Webcam Stilfserjoch. Die Binder der immer aktiven Webcam werden je 20 Minuten aktualisiert.","breadcrumb":{"@id":"https:\/\/pirovano.it\/de\/webcam-stilfser\/#breadcrumb"},"inLanguage":"de-DE","potentialAction":[{"@type":"ReadAction","target":["https:\/\/pirovano.it\/de\/webcam-stilfser\/"]}]},{"@type":"BreadcrumbList","@id":"https:\/\/pirovano.it\/de\/webcam-stilfser\/#breadcrumb","itemListElement":[{"@type":"ListItem","position":1,"name":"Home","item":"https:\/\/pirovano.it\/de\/"},{"@type":"ListItem","position":2,"name":"Webcam Stilfserjoch"}]},{"@type":"WebSite","@id":"https:\/\/pirovano.it\/it\/#website","url":"https:\/\/pirovano.it\/it\/","name":"Pirovano","description":"Universit\u00e0 dello Sci, dello Snowboard e della Montagna","potentialAction":[{"@type":"SearchAction","target":{"@type":"EntryPoint","urlTemplate":"https:\/\/pirovano.it\/it\/?s={search_term_string}"},"query-input":{"@type":"PropertyValueSpecification","valueRequired":true,"valueName":"search_term_string"}}],"inLanguage":"de-DE"}]}},"_links":{"self":[{"href":"https:\/\/pirovano.it\/de\/wp-json\/wp\/v2\/pages\/2625","targetHints":{"allow":["GET"]}}],"collection":[{"href":"https:\/\/pirovano.it\/de\/wp-json\/wp\/v2\/pages"}],"about":[{"href":"https:\/\/pirovano.it\/de\/wp-json\/wp\/v2\/types\/page"}],"author":[{"embeddable":true,"href":"https:\/\/pirovano.it\/de\/wp-json\/wp\/v2\/users\/3"}],"replies":[{"embeddable":true,"href":"https:\/\/pirovano.it\/de\/wp-json\/wp\/v2\/comments?post=2625"}],"version-history":[{"count":6,"href":"https:\/\/pirovano.it\/de\/wp-json\/wp\/v2\/pages\/2625\/revisions"}],"predecessor-version":[{"id":6220,"href":"https:\/\/pirovano.it\/de\/wp-json\/wp\/v2\/pages\/2625\/revisions\/6220"}],"wp:attachment":[{"href":"https:\/\/pirovano.it\/de\/wp-json\/wp\/v2\/media?parent=2625"}],"curies":[{"name":"wp","href":"https:\/\/api.w.org\/{rel}","templated":true}]}}