{"id":2662,"date":"2018-03-12T14:09:41","date_gmt":"2018-03-12T13:09:41","guid":{"rendered":"http:\/\/pirovano.it\/?page_id=2662"},"modified":"2025-04-10T09:34:16","modified_gmt":"2025-04-10T07:34:16","slug":"hotel-pirovano-quarto","status":"publish","type":"page","link":"https:\/\/pirovano.it\/de\/hotel-appartements\/hotel-stilfser-joch\/hotel-pirovano-quarto\/","title":{"rendered":"Hotel Pirovano Quarto (CIR: 014009-ALB-00027) (CIN: IT014009A1YO3FDWW6)"},"content":{"rendered":"<p>Das Hotel Pirovano Quarto befindet sich im Herzen des Nationalparks Stilfs, <strong>2.760 Meter \u00fcber dem Meeresspiegel<\/strong>. Es ist von sehr hohen Gipfeln und beeindruckenden Gletschern umgegeben. Zwischen Lombardei, Schweiz und Trentino-S\u00fcdtirol stellt es einen wichtigen Treffpunkt unterschiedlicher Kulturen und Ern\u00e4hrungstraditionen dar.<\/p>\n<p>Dank seiner einzigartigen Architektur, die im Einklang mit dem umgebenden bergigen Gebiet steht, ist das Hotel Pirovano Quarto leicht erkennbar und es entfernt <strong>nur 50 Meter von der Seilbahn zum Gletscher<\/strong>. Das ist die ideale Struktur f\u00fcr Skifahrer und Touristen, die sich am Stilfser Joch aufhalten.<\/p>\n<p><strong>Die Hotelanlage bietet trotz seiner H\u00f6henlage jeden Dienst und Komfort f\u00fcr einen Sport- und Wellnessurlaub an, wo nichts dem Zufall \u00fcberlassen wird.<\/strong><br \/>\nMit <strong>110 Schlafzimmern<\/strong> ist das Hotel auch f\u00fcr Konferenzen, Meeting, Team-building und andere T\u00e4tigkeiten ausger\u00fcstet, die viel Platz ben\u00f6tigen.<br \/>\nDas typische Essen kann die Erwartungen der Feinschmecker erf\u00fcllen, ohne jedoch die Bed\u00fcrfnisse der Kunden zu vernachl\u00e4ssigen, welche Nahrungsmittelunvertr\u00e4glichkeiten haben.<\/p>\n<p>Nach der sportlichen T\u00e4tigkeit k\u00f6nnen die G\u00e4ste im stillen Leseraum oder in der Spielothek, auf der <strong>Sonnenterrasse<\/strong>, usw. angenehme Zeiten genie\u00dfen.<\/p>\n<p><strong>Nach dem Abendessen<\/strong> ist es m\u00f6glich, \u00fcber eine sorgf\u00e4ltige Auswahl von Weinen, Spirituosen, Whisky und Grappa im Wein-Bar zu verf\u00fcgen und durch das Animationsprogramm auch Spa\u00df zu finden.<\/p>\n<p><strong>Bei schlechtem Wetter<\/strong> bietet der Fitnessraum die Gelegenheit f\u00fcr ein auf Fettverbrennung und Verst\u00e4rkung der Muskulatur ausgerichtetes Training, und Freizeitaktivit\u00e4ten werden durch die Animation des Hotelteams vorgeschlagen.<\/p>\n<p><strong>Es ist ganz gleich, ob es sich um Ski, Snowboard, Fahrr\u00e4der, Kitesegel, Werkzeuge f\u00fcr Alpinsport, usw. handelt:<\/strong> f\u00fcr jegliche Sportausr\u00fcstung sind sichere und gro\u00dfe Lagerr\u00e4ume zu Verf\u00fcgung gestellt.<\/p>\n<h3><em>Ein Pirovano-Urlaub am Stilfser Joch bietet die beste L\u00f6sung, um das Hochgebirge unter dem Motto \u201eKomfort und Wohlbefinden\u201c zu erleben!<\/em><\/h3>\n<p>&nbsp;<\/p>\n","protected":false},"excerpt":{"rendered":"<p>Das Hotel Pirovano Quarto befindet sich im Herzen des Nationalparks Stilfs, 2.760 Meter \u00fcber dem Meeresspiegel. Es ist von sehr hohen Gipfeln und beeindruckenden Gletschern umgegeben. Zwischen Lombardei, Schweiz und Trentino-S\u00fcdtirol stellt es einen wichtigen Treffpunkt unterschiedlicher Kulturen und Ern\u00e4hrungstraditionen dar. Dank seiner einzigartigen Architektur, die im Einklang mit dem umgebenden bergigen Gebiet steht, ist [&hellip;]<\/p>\n","protected":false},"author":3,"featured_media":41,"parent":2657,"menu_order":0,"comment_status":"closed","ping_status":"closed","template":"","meta":{"footnotes":""},"class_list":["post-2662","page","type-page","status-publish","has-post-thumbnail","hentry","odd"],"yoast_head":"<!-- This site is optimized with the Yoast SEO plugin v27.3 - https:\/\/yoast.com\/product\/yoast-seo-wordpress\/ -->\n<title>Hotel Pirovano Quarto Stilfserjoch<\/title>\n<meta name=\"description\" content=\"Hotel Pirovano Quarto. Das Hotel Pirovano Quarto befindet sich im Herzen des Nationalparks Stilfs, 2.760 Meter \u00fcber dem Meeresspiegel\" \/>\n<meta name=\"robots\" content=\"index, follow, max-snippet:-1, max-image-preview:large, max-video-preview:-1\" \/>\n<link rel=\"canonical\" href=\"https:\/\/pirovano.it\/de\/hotel-appartements\/hotel-stilfser-joch\/hotel-pirovano-quarto\/\" \/>\n<meta property=\"og:locale\" content=\"de_DE\" \/>\n<meta property=\"og:type\" content=\"article\" \/>\n<meta property=\"og:title\" content=\"Hotel Pirovano Quarto Stilfserjoch\" \/>\n<meta property=\"og:description\" content=\"Hotel Pirovano Quarto. Das Hotel Pirovano Quarto befindet sich im Herzen des Nationalparks Stilfs, 2.760 Meter \u00fcber dem Meeresspiegel\" \/>\n<meta property=\"og:url\" content=\"https:\/\/pirovano.it\/de\/hotel-appartements\/hotel-stilfser-joch\/hotel-pirovano-quarto\/\" \/>\n<meta property=\"og:site_name\" content=\"Pirovano\" \/>\n<meta property=\"article:modified_time\" content=\"2025-04-10T07:34:16+00:00\" \/>\n<meta property=\"og:image\" content=\"https:\/\/pirovano.it\/wp-content\/uploads\/2018\/02\/29102012_supernevicata5-1024x687.jpg\" \/>\n\t<meta property=\"og:image:width\" content=\"1024\" \/>\n\t<meta property=\"og:image:height\" content=\"687\" \/>\n\t<meta property=\"og:image:type\" content=\"image\/jpeg\" \/>\n<meta name=\"twitter:card\" content=\"summary_large_image\" \/>\n<meta name=\"twitter:label1\" content=\"Est. reading time\" \/>\n\t<meta name=\"twitter:data1\" content=\"2 minutes\" \/>\n<script type=\"application\/ld+json\" class=\"yoast-schema-graph\">{\"@context\":\"https:\\\/\\\/schema.org\",\"@graph\":[{\"@type\":\"WebPage\",\"@id\":\"https:\\\/\\\/pirovano.it\\\/de\\\/hotel-appartements\\\/hotel-stilfser-joch\\\/hotel-pirovano-quarto\\\/\",\"url\":\"https:\\\/\\\/pirovano.it\\\/de\\\/hotel-appartements\\\/hotel-stilfser-joch\\\/hotel-pirovano-quarto\\\/\",\"name\":\"Hotel Pirovano Quarto Stilfserjoch\",\"isPartOf\":{\"@id\":\"https:\\\/\\\/pirovano.it\\\/it\\\/#website\"},\"primaryImageOfPage\":{\"@id\":\"https:\\\/\\\/pirovano.it\\\/de\\\/hotel-appartements\\\/hotel-stilfser-joch\\\/hotel-pirovano-quarto\\\/#primaryimage\"},\"image\":{\"@id\":\"https:\\\/\\\/pirovano.it\\\/de\\\/hotel-appartements\\\/hotel-stilfser-joch\\\/hotel-pirovano-quarto\\\/#primaryimage\"},\"thumbnailUrl\":\"https:\\\/\\\/pirovano.it\\\/wp-content\\\/uploads\\\/2018\\\/02\\\/29102012_supernevicata5.jpg\",\"datePublished\":\"2018-03-12T13:09:41+00:00\",\"dateModified\":\"2025-04-10T07:34:16+00:00\",\"description\":\"Hotel Pirovano Quarto. Das Hotel Pirovano Quarto befindet sich im Herzen des Nationalparks Stilfs, 2.760 Meter \u00fcber dem Meeresspiegel\",\"breadcrumb\":{\"@id\":\"https:\\\/\\\/pirovano.it\\\/de\\\/hotel-appartements\\\/hotel-stilfser-joch\\\/hotel-pirovano-quarto\\\/#breadcrumb\"},\"inLanguage\":\"de-DE\",\"potentialAction\":[{\"@type\":\"ReadAction\",\"target\":[\"https:\\\/\\\/pirovano.it\\\/de\\\/hotel-appartements\\\/hotel-stilfser-joch\\\/hotel-pirovano-quarto\\\/\"]}]},{\"@type\":\"ImageObject\",\"inLanguage\":\"de-DE\",\"@id\":\"https:\\\/\\\/pirovano.it\\\/de\\\/hotel-appartements\\\/hotel-stilfser-joch\\\/hotel-pirovano-quarto\\\/#primaryimage\",\"url\":\"https:\\\/\\\/pirovano.it\\\/wp-content\\\/uploads\\\/2018\\\/02\\\/29102012_supernevicata5.jpg\",\"contentUrl\":\"https:\\\/\\\/pirovano.it\\\/wp-content\\\/uploads\\\/2018\\\/02\\\/29102012_supernevicata5.jpg\",\"width\":2896,\"height\":1944},{\"@type\":\"BreadcrumbList\",\"@id\":\"https:\\\/\\\/pirovano.it\\\/de\\\/hotel-appartements\\\/hotel-stilfser-joch\\\/hotel-pirovano-quarto\\\/#breadcrumb\",\"itemListElement\":[{\"@type\":\"ListItem\",\"position\":1,\"name\":\"Home\",\"item\":\"https:\\\/\\\/pirovano.it\\\/de\\\/\"},{\"@type\":\"ListItem\",\"position\":2,\"name\":\"Hotel und Appartements\",\"item\":\"https:\\\/\\\/pirovano.it\\\/de\\\/hotel-appartements\\\/\"},{\"@type\":\"ListItem\",\"position\":3,\"name\":\"Hotel Stilfser Joch Pirovano\",\"item\":\"https:\\\/\\\/pirovano.it\\\/de\\\/hotel-appartements\\\/hotel-stilfser-joch\\\/\"},{\"@type\":\"ListItem\",\"position\":4,\"name\":\"Hotel Pirovano Quarto (CIR: 014009-ALB-00027) (CIN: IT014009A1YO3FDWW6)\"}]},{\"@type\":\"WebSite\",\"@id\":\"https:\\\/\\\/pirovano.it\\\/it\\\/#website\",\"url\":\"https:\\\/\\\/pirovano.it\\\/it\\\/\",\"name\":\"Pirovano\",\"description\":\"Universit\u00e0 dello Sci, dello Snowboard e della Montagna\",\"potentialAction\":[{\"@type\":\"SearchAction\",\"target\":{\"@type\":\"EntryPoint\",\"urlTemplate\":\"https:\\\/\\\/pirovano.it\\\/it\\\/?s={search_term_string}\"},\"query-input\":{\"@type\":\"PropertyValueSpecification\",\"valueRequired\":true,\"valueName\":\"search_term_string\"}}],\"inLanguage\":\"de-DE\"}]}<\/script>\n<!-- \/ Yoast SEO plugin. -->","yoast_head_json":{"title":"Hotel Pirovano Quarto Stilfserjoch","description":"Hotel Pirovano Quarto. Das Hotel Pirovano Quarto befindet sich im Herzen des Nationalparks Stilfs, 2.760 Meter \u00fcber dem Meeresspiegel","robots":{"index":"index","follow":"follow","max-snippet":"max-snippet:-1","max-image-preview":"max-image-preview:large","max-video-preview":"max-video-preview:-1"},"canonical":"https:\/\/pirovano.it\/de\/hotel-appartements\/hotel-stilfser-joch\/hotel-pirovano-quarto\/","og_locale":"de_DE","og_type":"article","og_title":"Hotel Pirovano Quarto Stilfserjoch","og_description":"Hotel Pirovano Quarto. Das Hotel Pirovano Quarto befindet sich im Herzen des Nationalparks Stilfs, 2.760 Meter \u00fcber dem Meeresspiegel","og_url":"https:\/\/pirovano.it\/de\/hotel-appartements\/hotel-stilfser-joch\/hotel-pirovano-quarto\/","og_site_name":"Pirovano","article_modified_time":"2025-04-10T07:34:16+00:00","og_image":[{"width":1024,"height":687,"url":"https:\/\/pirovano.it\/wp-content\/uploads\/2018\/02\/29102012_supernevicata5-1024x687.jpg","type":"image\/jpeg"}],"twitter_card":"summary_large_image","twitter_misc":{"Est. reading time":"2 minutes"},"schema":{"@context":"https:\/\/schema.org","@graph":[{"@type":"WebPage","@id":"https:\/\/pirovano.it\/de\/hotel-appartements\/hotel-stilfser-joch\/hotel-pirovano-quarto\/","url":"https:\/\/pirovano.it\/de\/hotel-appartements\/hotel-stilfser-joch\/hotel-pirovano-quarto\/","name":"Hotel Pirovano Quarto Stilfserjoch","isPartOf":{"@id":"https:\/\/pirovano.it\/it\/#website"},"primaryImageOfPage":{"@id":"https:\/\/pirovano.it\/de\/hotel-appartements\/hotel-stilfser-joch\/hotel-pirovano-quarto\/#primaryimage"},"image":{"@id":"https:\/\/pirovano.it\/de\/hotel-appartements\/hotel-stilfser-joch\/hotel-pirovano-quarto\/#primaryimage"},"thumbnailUrl":"https:\/\/pirovano.it\/wp-content\/uploads\/2018\/02\/29102012_supernevicata5.jpg","datePublished":"2018-03-12T13:09:41+00:00","dateModified":"2025-04-10T07:34:16+00:00","description":"Hotel Pirovano Quarto. Das Hotel Pirovano Quarto befindet sich im Herzen des Nationalparks Stilfs, 2.760 Meter \u00fcber dem Meeresspiegel","breadcrumb":{"@id":"https:\/\/pirovano.it\/de\/hotel-appartements\/hotel-stilfser-joch\/hotel-pirovano-quarto\/#breadcrumb"},"inLanguage":"de-DE","potentialAction":[{"@type":"ReadAction","target":["https:\/\/pirovano.it\/de\/hotel-appartements\/hotel-stilfser-joch\/hotel-pirovano-quarto\/"]}]},{"@type":"ImageObject","inLanguage":"de-DE","@id":"https:\/\/pirovano.it\/de\/hotel-appartements\/hotel-stilfser-joch\/hotel-pirovano-quarto\/#primaryimage","url":"https:\/\/pirovano.it\/wp-content\/uploads\/2018\/02\/29102012_supernevicata5.jpg","contentUrl":"https:\/\/pirovano.it\/wp-content\/uploads\/2018\/02\/29102012_supernevicata5.jpg","width":2896,"height":1944},{"@type":"BreadcrumbList","@id":"https:\/\/pirovano.it\/de\/hotel-appartements\/hotel-stilfser-joch\/hotel-pirovano-quarto\/#breadcrumb","itemListElement":[{"@type":"ListItem","position":1,"name":"Home","item":"https:\/\/pirovano.it\/de\/"},{"@type":"ListItem","position":2,"name":"Hotel und Appartements","item":"https:\/\/pirovano.it\/de\/hotel-appartements\/"},{"@type":"ListItem","position":3,"name":"Hotel Stilfser Joch Pirovano","item":"https:\/\/pirovano.it\/de\/hotel-appartements\/hotel-stilfser-joch\/"},{"@type":"ListItem","position":4,"name":"Hotel Pirovano Quarto (CIR: 014009-ALB-00027) (CIN: IT014009A1YO3FDWW6)"}]},{"@type":"WebSite","@id":"https:\/\/pirovano.it\/it\/#website","url":"https:\/\/pirovano.it\/it\/","name":"Pirovano","description":"Universit\u00e0 dello Sci, dello Snowboard e della Montagna","potentialAction":[{"@type":"SearchAction","target":{"@type":"EntryPoint","urlTemplate":"https:\/\/pirovano.it\/it\/?s={search_term_string}"},"query-input":{"@type":"PropertyValueSpecification","valueRequired":true,"valueName":"search_term_string"}}],"inLanguage":"de-DE"}]}},"_links":{"self":[{"href":"https:\/\/pirovano.it\/de\/wp-json\/wp\/v2\/pages\/2662","targetHints":{"allow":["GET"]}}],"collection":[{"href":"https:\/\/pirovano.it\/de\/wp-json\/wp\/v2\/pages"}],"about":[{"href":"https:\/\/pirovano.it\/de\/wp-json\/wp\/v2\/types\/page"}],"author":[{"embeddable":true,"href":"https:\/\/pirovano.it\/de\/wp-json\/wp\/v2\/users\/3"}],"replies":[{"embeddable":true,"href":"https:\/\/pirovano.it\/de\/wp-json\/wp\/v2\/comments?post=2662"}],"version-history":[{"count":8,"href":"https:\/\/pirovano.it\/de\/wp-json\/wp\/v2\/pages\/2662\/revisions"}],"predecessor-version":[{"id":12237,"href":"https:\/\/pirovano.it\/de\/wp-json\/wp\/v2\/pages\/2662\/revisions\/12237"}],"up":[{"embeddable":true,"href":"https:\/\/pirovano.it\/de\/wp-json\/wp\/v2\/pages\/2657"}],"wp:featuredmedia":[{"embeddable":true,"href":"https:\/\/pirovano.it\/de\/wp-json\/wp\/v2\/media\/41"}],"wp:attachment":[{"href":"https:\/\/pirovano.it\/de\/wp-json\/wp\/v2\/media?parent=2662"}],"curies":[{"name":"wp","href":"https:\/\/api.w.org\/{rel}","templated":true}]}}