{"id":2665,"date":"2018-03-12T14:16:21","date_gmt":"2018-03-12T13:16:21","guid":{"rendered":"http:\/\/pirovano.it\/?page_id=2665"},"modified":"2025-03-24T15:09:18","modified_gmt":"2025-03-24T14:09:18","slug":"dienstleistungen","status":"publish","type":"page","link":"https:\/\/pirovano.it\/de\/hotel-appartements\/hotel-stilfser-joch\/dienstleistungen\/","title":{"rendered":"Die Dienstleistungen des Hotels Pirovano Stilfserjoch"},"content":{"rendered":"<p>Das Hotel Pirovano Quarto (CIR: 014009-ALB-00027)(CIN: IT014009A1YO3FDWW6) stellt f\u00fcr die G\u00e4ste zur Verf\u00fcgung:<\/p>\n<ul>\n<li>110 Schlafzimmer mit LED-Fernseher, Telefon, Tresor und Bad mit Haartrockner.<\/li>\n<li>24h-Empfang und Check In.<\/li>\n<li>Restaurant mit traditioneller und nationaler K\u00fcche.<\/li>\n<li>Wi-Fi in der ganzen Struktur.<\/li>\n<li>Hallenbad mit beheiztem Wasser.<\/li>\n<li>Wellnessraum mit Sauna, emotionaler Dusche, Dampfbad und Unterwassermassage.<\/li>\n<li>Fitness Center mit ausger\u00fcsteter Turnhalle.<\/li>\n<li>Eigene Skischule.<\/li>\n<li>Wein-Bar f\u00fcr ausgew\u00e4hlte Aperitifs und Weinverkostung, Lik\u00f6re und Grappen.<\/li>\n<li>Sonnenterrasse.<\/li>\n<li>Disco.<\/li>\n<li>Konferenzraum.<\/li>\n<li>Treffraum.<\/li>\n<li>Spielothek mit Billard.<\/li>\n<li>Kinosaal.<\/li>\n<li>Leseraum.<\/li>\n<li>Skilager mit beheizten Schr\u00e4nkchen f\u00fcr Ski und Skistiefel.<\/li>\n<li>Fahrradlager.<\/li>\n<li>Sanit\u00e4rdienst.<\/li>\n<li>Sportladen und Zeitungskiosk, Tabakladen und Ski- und Snowboardverleih.<\/li>\n<li>Inneren unbewachten Parkplatz.<\/li>\n<\/ul>\n<h4><span style=\"color: #ff0000;\">In der Saison 2025 werden das Schwimmbad und das Wellness-Center nicht zug\u00e4nglich sein. Wir entschuldigen uns f\u00fcr die Unterbrechung.<\/span><\/h4>\n","protected":false},"excerpt":{"rendered":"<p>Das Hotel Pirovano Quarto (CIR: 014009-ALB-00027)(CIN: IT014009A1YO3FDWW6) stellt f\u00fcr die G\u00e4ste zur Verf\u00fcgung: 110 Schlafzimmer mit LED-Fernseher, Telefon, Tresor und Bad mit Haartrockner. 24h-Empfang und Check In. Restaurant mit traditioneller und nationaler K\u00fcche. Wi-Fi in der ganzen Struktur. Hallenbad mit beheiztem Wasser. Wellnessraum mit Sauna, emotionaler Dusche, Dampfbad und Unterwassermassage. Fitness Center mit ausger\u00fcsteter Turnhalle. [&hellip;]<\/p>\n","protected":false},"author":3,"featured_media":41,"parent":2657,"menu_order":0,"comment_status":"closed","ping_status":"closed","template":"","meta":{"footnotes":""},"class_list":["post-2665","page","type-page","status-publish","has-post-thumbnail","hentry","odd"],"yoast_head":"<!-- This site is optimized with the Yoast SEO plugin v27.3 - https:\/\/yoast.com\/product\/yoast-seo-wordpress\/ -->\n<title>Die Dienstleistungen des Hotels Pirovano Stilfserjoch<\/title>\n<meta name=\"description\" content=\"Die Dienstleistungen des Hotels Pirovano Stilfserjoch in Sommer\" \/>\n<meta name=\"robots\" content=\"index, follow, max-snippet:-1, max-image-preview:large, max-video-preview:-1\" \/>\n<link rel=\"canonical\" href=\"https:\/\/pirovano.it\/de\/hotel-appartements\/hotel-stilfser-joch\/dienstleistungen\/\" \/>\n<meta property=\"og:locale\" content=\"de_DE\" \/>\n<meta property=\"og:type\" content=\"article\" \/>\n<meta property=\"og:title\" content=\"Die Dienstleistungen des Hotels Pirovano Stilfserjoch\" \/>\n<meta property=\"og:description\" content=\"Die Dienstleistungen des Hotels Pirovano Stilfserjoch in Sommer\" \/>\n<meta property=\"og:url\" content=\"https:\/\/pirovano.it\/de\/hotel-appartements\/hotel-stilfser-joch\/dienstleistungen\/\" \/>\n<meta property=\"og:site_name\" content=\"Pirovano\" \/>\n<meta property=\"article:modified_time\" content=\"2025-03-24T14:09:18+00:00\" \/>\n<meta property=\"og:image\" content=\"https:\/\/pirovano.it\/wp-content\/uploads\/2018\/02\/29102012_supernevicata5-1024x687.jpg\" \/>\n\t<meta property=\"og:image:width\" content=\"1024\" \/>\n\t<meta property=\"og:image:height\" content=\"687\" \/>\n\t<meta property=\"og:image:type\" content=\"image\/jpeg\" \/>\n<meta name=\"twitter:card\" content=\"summary_large_image\" \/>\n<meta name=\"twitter:label1\" content=\"Est. reading time\" \/>\n\t<meta name=\"twitter:data1\" content=\"1 minute\" \/>\n<script type=\"application\/ld+json\" class=\"yoast-schema-graph\">{\"@context\":\"https:\\\/\\\/schema.org\",\"@graph\":[{\"@type\":\"WebPage\",\"@id\":\"https:\\\/\\\/pirovano.it\\\/de\\\/hotel-appartements\\\/hotel-stilfser-joch\\\/dienstleistungen\\\/\",\"url\":\"https:\\\/\\\/pirovano.it\\\/de\\\/hotel-appartements\\\/hotel-stilfser-joch\\\/dienstleistungen\\\/\",\"name\":\"Die Dienstleistungen des Hotels Pirovano Stilfserjoch\",\"isPartOf\":{\"@id\":\"https:\\\/\\\/pirovano.it\\\/it\\\/#website\"},\"primaryImageOfPage\":{\"@id\":\"https:\\\/\\\/pirovano.it\\\/de\\\/hotel-appartements\\\/hotel-stilfser-joch\\\/dienstleistungen\\\/#primaryimage\"},\"image\":{\"@id\":\"https:\\\/\\\/pirovano.it\\\/de\\\/hotel-appartements\\\/hotel-stilfser-joch\\\/dienstleistungen\\\/#primaryimage\"},\"thumbnailUrl\":\"https:\\\/\\\/pirovano.it\\\/wp-content\\\/uploads\\\/2018\\\/02\\\/29102012_supernevicata5.jpg\",\"datePublished\":\"2018-03-12T13:16:21+00:00\",\"dateModified\":\"2025-03-24T14:09:18+00:00\",\"description\":\"Die Dienstleistungen des Hotels Pirovano Stilfserjoch in Sommer\",\"breadcrumb\":{\"@id\":\"https:\\\/\\\/pirovano.it\\\/de\\\/hotel-appartements\\\/hotel-stilfser-joch\\\/dienstleistungen\\\/#breadcrumb\"},\"inLanguage\":\"de-DE\",\"potentialAction\":[{\"@type\":\"ReadAction\",\"target\":[\"https:\\\/\\\/pirovano.it\\\/de\\\/hotel-appartements\\\/hotel-stilfser-joch\\\/dienstleistungen\\\/\"]}]},{\"@type\":\"ImageObject\",\"inLanguage\":\"de-DE\",\"@id\":\"https:\\\/\\\/pirovano.it\\\/de\\\/hotel-appartements\\\/hotel-stilfser-joch\\\/dienstleistungen\\\/#primaryimage\",\"url\":\"https:\\\/\\\/pirovano.it\\\/wp-content\\\/uploads\\\/2018\\\/02\\\/29102012_supernevicata5.jpg\",\"contentUrl\":\"https:\\\/\\\/pirovano.it\\\/wp-content\\\/uploads\\\/2018\\\/02\\\/29102012_supernevicata5.jpg\",\"width\":2896,\"height\":1944},{\"@type\":\"BreadcrumbList\",\"@id\":\"https:\\\/\\\/pirovano.it\\\/de\\\/hotel-appartements\\\/hotel-stilfser-joch\\\/dienstleistungen\\\/#breadcrumb\",\"itemListElement\":[{\"@type\":\"ListItem\",\"position\":1,\"name\":\"Home\",\"item\":\"https:\\\/\\\/pirovano.it\\\/de\\\/\"},{\"@type\":\"ListItem\",\"position\":2,\"name\":\"Hotel und Appartements\",\"item\":\"https:\\\/\\\/pirovano.it\\\/de\\\/hotel-appartements\\\/\"},{\"@type\":\"ListItem\",\"position\":3,\"name\":\"Hotel Stilfser Joch Pirovano\",\"item\":\"https:\\\/\\\/pirovano.it\\\/de\\\/hotel-appartements\\\/hotel-stilfser-joch\\\/\"},{\"@type\":\"ListItem\",\"position\":4,\"name\":\"Die Dienstleistungen des Hotels Pirovano Stilfserjoch\"}]},{\"@type\":\"WebSite\",\"@id\":\"https:\\\/\\\/pirovano.it\\\/it\\\/#website\",\"url\":\"https:\\\/\\\/pirovano.it\\\/it\\\/\",\"name\":\"Pirovano\",\"description\":\"Universit\u00e0 dello Sci, dello Snowboard e della Montagna\",\"potentialAction\":[{\"@type\":\"SearchAction\",\"target\":{\"@type\":\"EntryPoint\",\"urlTemplate\":\"https:\\\/\\\/pirovano.it\\\/it\\\/?s={search_term_string}\"},\"query-input\":{\"@type\":\"PropertyValueSpecification\",\"valueRequired\":true,\"valueName\":\"search_term_string\"}}],\"inLanguage\":\"de-DE\"}]}<\/script>\n<!-- \/ Yoast SEO plugin. -->","yoast_head_json":{"title":"Die Dienstleistungen des Hotels Pirovano Stilfserjoch","description":"Die Dienstleistungen des Hotels Pirovano Stilfserjoch in Sommer","robots":{"index":"index","follow":"follow","max-snippet":"max-snippet:-1","max-image-preview":"max-image-preview:large","max-video-preview":"max-video-preview:-1"},"canonical":"https:\/\/pirovano.it\/de\/hotel-appartements\/hotel-stilfser-joch\/dienstleistungen\/","og_locale":"de_DE","og_type":"article","og_title":"Die Dienstleistungen des Hotels Pirovano Stilfserjoch","og_description":"Die Dienstleistungen des Hotels Pirovano Stilfserjoch in Sommer","og_url":"https:\/\/pirovano.it\/de\/hotel-appartements\/hotel-stilfser-joch\/dienstleistungen\/","og_site_name":"Pirovano","article_modified_time":"2025-03-24T14:09:18+00:00","og_image":[{"width":1024,"height":687,"url":"https:\/\/pirovano.it\/wp-content\/uploads\/2018\/02\/29102012_supernevicata5-1024x687.jpg","type":"image\/jpeg"}],"twitter_card":"summary_large_image","twitter_misc":{"Est. reading time":"1 minute"},"schema":{"@context":"https:\/\/schema.org","@graph":[{"@type":"WebPage","@id":"https:\/\/pirovano.it\/de\/hotel-appartements\/hotel-stilfser-joch\/dienstleistungen\/","url":"https:\/\/pirovano.it\/de\/hotel-appartements\/hotel-stilfser-joch\/dienstleistungen\/","name":"Die Dienstleistungen des Hotels Pirovano Stilfserjoch","isPartOf":{"@id":"https:\/\/pirovano.it\/it\/#website"},"primaryImageOfPage":{"@id":"https:\/\/pirovano.it\/de\/hotel-appartements\/hotel-stilfser-joch\/dienstleistungen\/#primaryimage"},"image":{"@id":"https:\/\/pirovano.it\/de\/hotel-appartements\/hotel-stilfser-joch\/dienstleistungen\/#primaryimage"},"thumbnailUrl":"https:\/\/pirovano.it\/wp-content\/uploads\/2018\/02\/29102012_supernevicata5.jpg","datePublished":"2018-03-12T13:16:21+00:00","dateModified":"2025-03-24T14:09:18+00:00","description":"Die Dienstleistungen des Hotels Pirovano Stilfserjoch in Sommer","breadcrumb":{"@id":"https:\/\/pirovano.it\/de\/hotel-appartements\/hotel-stilfser-joch\/dienstleistungen\/#breadcrumb"},"inLanguage":"de-DE","potentialAction":[{"@type":"ReadAction","target":["https:\/\/pirovano.it\/de\/hotel-appartements\/hotel-stilfser-joch\/dienstleistungen\/"]}]},{"@type":"ImageObject","inLanguage":"de-DE","@id":"https:\/\/pirovano.it\/de\/hotel-appartements\/hotel-stilfser-joch\/dienstleistungen\/#primaryimage","url":"https:\/\/pirovano.it\/wp-content\/uploads\/2018\/02\/29102012_supernevicata5.jpg","contentUrl":"https:\/\/pirovano.it\/wp-content\/uploads\/2018\/02\/29102012_supernevicata5.jpg","width":2896,"height":1944},{"@type":"BreadcrumbList","@id":"https:\/\/pirovano.it\/de\/hotel-appartements\/hotel-stilfser-joch\/dienstleistungen\/#breadcrumb","itemListElement":[{"@type":"ListItem","position":1,"name":"Home","item":"https:\/\/pirovano.it\/de\/"},{"@type":"ListItem","position":2,"name":"Hotel und Appartements","item":"https:\/\/pirovano.it\/de\/hotel-appartements\/"},{"@type":"ListItem","position":3,"name":"Hotel Stilfser Joch Pirovano","item":"https:\/\/pirovano.it\/de\/hotel-appartements\/hotel-stilfser-joch\/"},{"@type":"ListItem","position":4,"name":"Die Dienstleistungen des Hotels Pirovano Stilfserjoch"}]},{"@type":"WebSite","@id":"https:\/\/pirovano.it\/it\/#website","url":"https:\/\/pirovano.it\/it\/","name":"Pirovano","description":"Universit\u00e0 dello Sci, dello Snowboard e della Montagna","potentialAction":[{"@type":"SearchAction","target":{"@type":"EntryPoint","urlTemplate":"https:\/\/pirovano.it\/it\/?s={search_term_string}"},"query-input":{"@type":"PropertyValueSpecification","valueRequired":true,"valueName":"search_term_string"}}],"inLanguage":"de-DE"}]}},"_links":{"self":[{"href":"https:\/\/pirovano.it\/de\/wp-json\/wp\/v2\/pages\/2665","targetHints":{"allow":["GET"]}}],"collection":[{"href":"https:\/\/pirovano.it\/de\/wp-json\/wp\/v2\/pages"}],"about":[{"href":"https:\/\/pirovano.it\/de\/wp-json\/wp\/v2\/types\/page"}],"author":[{"embeddable":true,"href":"https:\/\/pirovano.it\/de\/wp-json\/wp\/v2\/users\/3"}],"replies":[{"embeddable":true,"href":"https:\/\/pirovano.it\/de\/wp-json\/wp\/v2\/comments?post=2665"}],"version-history":[{"count":8,"href":"https:\/\/pirovano.it\/de\/wp-json\/wp\/v2\/pages\/2665\/revisions"}],"predecessor-version":[{"id":11711,"href":"https:\/\/pirovano.it\/de\/wp-json\/wp\/v2\/pages\/2665\/revisions\/11711"}],"up":[{"embeddable":true,"href":"https:\/\/pirovano.it\/de\/wp-json\/wp\/v2\/pages\/2657"}],"wp:featuredmedia":[{"embeddable":true,"href":"https:\/\/pirovano.it\/de\/wp-json\/wp\/v2\/media\/41"}],"wp:attachment":[{"href":"https:\/\/pirovano.it\/de\/wp-json\/wp\/v2\/media?parent=2665"}],"curies":[{"name":"wp","href":"https:\/\/api.w.org\/{rel}","templated":true}]}}