{"id":2668,"date":"2018-03-12T16:29:43","date_gmt":"2018-03-12T15:29:43","guid":{"rendered":"http:\/\/pirovano.it\/?page_id=2668"},"modified":"2025-03-24T15:10:21","modified_gmt":"2025-03-24T14:10:21","slug":"wellness-center-pool","status":"publish","type":"page","link":"https:\/\/pirovano.it\/de\/hotel-appartements\/hotel-stilfser-joch\/wellness-center-pool\/","title":{"rendered":"Wellness Center und Pool Stilfserjoch"},"content":{"rendered":"<p class=\"western\"><span lang=\"de-DE\">Das Hotel <\/span><span lang=\"de-DE\">Pirovano<\/span> <span lang=\"de-DE\">Quarto<\/span><span lang=\"de-DE\"> (CIR: 014009-ALB-00027) (CIN: IT014009A1YO3FDWW6)\u00a0 bietet den eigenen G\u00e4sten die M\u00f6glichkeit an, sich in einem der h\u00f6chsten Wellness Centers der Alpen <\/span><span lang=\"de-DE\">zu erholen!<\/span><span lang=\"de-DE\"> Neben dem Hallenbad mit beheiztem Wasser, verf\u00fcgt das moderne Wellness Centers \u00fcber: <\/span><\/p>\n<ul>\n<li class=\"western\" lang=\"de-DE\">gro\u00dfe 2017 renovierte finnische Saune<\/li>\n<li class=\"western\" lang=\"de-DE\">Dampfbad;<\/li>\n<li class=\"western\"><span lang=\"de-DE\">emotionale Dusche<\/span><span lang=\"de-DE\">;<\/span><\/li>\n<li class=\"western\" lang=\"de-DE\">Badewanne mit Unterwassermassage;<\/li>\n<li class=\"western\"><span lang=\"de-DE\">Ecke des Kr\u00e4utertees<\/span>.<\/li>\n<\/ul>\n<p class=\"western\">\u2026<span lang=\"de-DE\">entdecken Sie das H\u00f6hensport- und Sommerskivergn\u00fcgen und danach erholen Sie sich im <\/span><span lang=\"de-DE\">Wellness Center <\/span><span lang=\"de-DE\">Pirovano!<\/span><\/p>\n<h4><span style=\"color: #ff0000;\">In der Saison 2025 werden das Schwimmbad und das Wellness-Center nicht zug\u00e4nglich sein. Wir entschuldigen uns f\u00fcr die Unterbrechung.<\/span><\/h4>\n","protected":false},"excerpt":{"rendered":"<p>Das Hotel Pirovano Quarto (CIR: 014009-ALB-00027) (CIN: IT014009A1YO3FDWW6)\u00a0 bietet den eigenen G\u00e4sten die M\u00f6glichkeit an, sich in einem der h\u00f6chsten Wellness Centers der Alpen zu erholen! Neben dem Hallenbad mit beheiztem Wasser, verf\u00fcgt das moderne Wellness Centers \u00fcber: gro\u00dfe 2017 renovierte finnische Saune Dampfbad; emotionale Dusche; Badewanne mit Unterwassermassage; Ecke des Kr\u00e4utertees. \u2026entdecken Sie das [&hellip;]<\/p>\n","protected":false},"author":3,"featured_media":1126,"parent":2657,"menu_order":0,"comment_status":"closed","ping_status":"closed","template":"","meta":{"footnotes":""},"class_list":["post-2668","page","type-page","status-publish","has-post-thumbnail","hentry","odd"],"yoast_head":"<!-- This site is optimized with the Yoast SEO plugin v27.3 - https:\/\/yoast.com\/product\/yoast-seo-wordpress\/ -->\n<title>Wellness center am Stilfserjoch: Hotel Pirovano Quarto<\/title>\n<meta name=\"description\" content=\"Wellness center am Stilfserjoch: das Hotel Pirovano Quarto bietet den eigenen G\u00e4sten die M\u00f6glichkeit an, sich in einem der h\u00f6chsten Wellness Centers der Alpen zu erholen!\" \/>\n<meta name=\"robots\" content=\"index, follow, max-snippet:-1, max-image-preview:large, max-video-preview:-1\" \/>\n<link rel=\"canonical\" href=\"https:\/\/pirovano.it\/de\/hotel-appartements\/hotel-stilfser-joch\/wellness-center-pool\/\" \/>\n<meta property=\"og:locale\" content=\"de_DE\" \/>\n<meta property=\"og:type\" content=\"article\" \/>\n<meta property=\"og:title\" content=\"Wellness center am Stilfserjoch: Hotel Pirovano Quarto\" \/>\n<meta property=\"og:description\" content=\"Wellness center am Stilfserjoch: das Hotel Pirovano Quarto bietet den eigenen G\u00e4sten die M\u00f6glichkeit an, sich in einem der h\u00f6chsten Wellness Centers der Alpen zu erholen!\" \/>\n<meta property=\"og:url\" content=\"https:\/\/pirovano.it\/de\/hotel-appartements\/hotel-stilfser-joch\/wellness-center-pool\/\" \/>\n<meta property=\"og:site_name\" content=\"Pirovano\" \/>\n<meta property=\"article:modified_time\" content=\"2025-03-24T14:10:21+00:00\" \/>\n<meta property=\"og:image\" content=\"https:\/\/pirovano.it\/wp-content\/uploads\/2018\/03\/pirovano170952-1024x683.jpg\" \/>\n\t<meta property=\"og:image:width\" content=\"1024\" \/>\n\t<meta property=\"og:image:height\" content=\"683\" \/>\n\t<meta property=\"og:image:type\" content=\"image\/jpeg\" \/>\n<meta name=\"twitter:card\" content=\"summary_large_image\" \/>\n<meta name=\"twitter:label1\" content=\"Est. reading time\" \/>\n\t<meta name=\"twitter:data1\" content=\"1 minute\" \/>\n<script type=\"application\/ld+json\" class=\"yoast-schema-graph\">{\"@context\":\"https:\\\/\\\/schema.org\",\"@graph\":[{\"@type\":\"WebPage\",\"@id\":\"https:\\\/\\\/pirovano.it\\\/de\\\/hotel-appartements\\\/hotel-stilfser-joch\\\/wellness-center-pool\\\/\",\"url\":\"https:\\\/\\\/pirovano.it\\\/de\\\/hotel-appartements\\\/hotel-stilfser-joch\\\/wellness-center-pool\\\/\",\"name\":\"Wellness center am Stilfserjoch: Hotel Pirovano Quarto\",\"isPartOf\":{\"@id\":\"https:\\\/\\\/pirovano.it\\\/it\\\/#website\"},\"primaryImageOfPage\":{\"@id\":\"https:\\\/\\\/pirovano.it\\\/de\\\/hotel-appartements\\\/hotel-stilfser-joch\\\/wellness-center-pool\\\/#primaryimage\"},\"image\":{\"@id\":\"https:\\\/\\\/pirovano.it\\\/de\\\/hotel-appartements\\\/hotel-stilfser-joch\\\/wellness-center-pool\\\/#primaryimage\"},\"thumbnailUrl\":\"https:\\\/\\\/pirovano.it\\\/wp-content\\\/uploads\\\/2018\\\/03\\\/pirovano170952.jpg\",\"datePublished\":\"2018-03-12T15:29:43+00:00\",\"dateModified\":\"2025-03-24T14:10:21+00:00\",\"description\":\"Wellness center am Stilfserjoch: das Hotel Pirovano Quarto bietet den eigenen G\u00e4sten die M\u00f6glichkeit an, sich in einem der h\u00f6chsten Wellness Centers der Alpen zu erholen!\",\"breadcrumb\":{\"@id\":\"https:\\\/\\\/pirovano.it\\\/de\\\/hotel-appartements\\\/hotel-stilfser-joch\\\/wellness-center-pool\\\/#breadcrumb\"},\"inLanguage\":\"de-DE\",\"potentialAction\":[{\"@type\":\"ReadAction\",\"target\":[\"https:\\\/\\\/pirovano.it\\\/de\\\/hotel-appartements\\\/hotel-stilfser-joch\\\/wellness-center-pool\\\/\"]}]},{\"@type\":\"ImageObject\",\"inLanguage\":\"de-DE\",\"@id\":\"https:\\\/\\\/pirovano.it\\\/de\\\/hotel-appartements\\\/hotel-stilfser-joch\\\/wellness-center-pool\\\/#primaryimage\",\"url\":\"https:\\\/\\\/pirovano.it\\\/wp-content\\\/uploads\\\/2018\\\/03\\\/pirovano170952.jpg\",\"contentUrl\":\"https:\\\/\\\/pirovano.it\\\/wp-content\\\/uploads\\\/2018\\\/03\\\/pirovano170952.jpg\",\"width\":5184,\"height\":3456},{\"@type\":\"BreadcrumbList\",\"@id\":\"https:\\\/\\\/pirovano.it\\\/de\\\/hotel-appartements\\\/hotel-stilfser-joch\\\/wellness-center-pool\\\/#breadcrumb\",\"itemListElement\":[{\"@type\":\"ListItem\",\"position\":1,\"name\":\"Home\",\"item\":\"https:\\\/\\\/pirovano.it\\\/de\\\/\"},{\"@type\":\"ListItem\",\"position\":2,\"name\":\"Hotel und Appartements\",\"item\":\"https:\\\/\\\/pirovano.it\\\/de\\\/hotel-appartements\\\/\"},{\"@type\":\"ListItem\",\"position\":3,\"name\":\"Hotel Stilfser Joch Pirovano\",\"item\":\"https:\\\/\\\/pirovano.it\\\/de\\\/hotel-appartements\\\/hotel-stilfser-joch\\\/\"},{\"@type\":\"ListItem\",\"position\":4,\"name\":\"Wellness Center und Pool Stilfserjoch\"}]},{\"@type\":\"WebSite\",\"@id\":\"https:\\\/\\\/pirovano.it\\\/it\\\/#website\",\"url\":\"https:\\\/\\\/pirovano.it\\\/it\\\/\",\"name\":\"Pirovano\",\"description\":\"Universit\u00e0 dello Sci, dello Snowboard e della Montagna\",\"potentialAction\":[{\"@type\":\"SearchAction\",\"target\":{\"@type\":\"EntryPoint\",\"urlTemplate\":\"https:\\\/\\\/pirovano.it\\\/it\\\/?s={search_term_string}\"},\"query-input\":{\"@type\":\"PropertyValueSpecification\",\"valueRequired\":true,\"valueName\":\"search_term_string\"}}],\"inLanguage\":\"de-DE\"}]}<\/script>\n<!-- \/ Yoast SEO plugin. -->","yoast_head_json":{"title":"Wellness center am Stilfserjoch: Hotel Pirovano Quarto","description":"Wellness center am Stilfserjoch: das Hotel Pirovano Quarto bietet den eigenen G\u00e4sten die M\u00f6glichkeit an, sich in einem der h\u00f6chsten Wellness Centers der Alpen zu erholen!","robots":{"index":"index","follow":"follow","max-snippet":"max-snippet:-1","max-image-preview":"max-image-preview:large","max-video-preview":"max-video-preview:-1"},"canonical":"https:\/\/pirovano.it\/de\/hotel-appartements\/hotel-stilfser-joch\/wellness-center-pool\/","og_locale":"de_DE","og_type":"article","og_title":"Wellness center am Stilfserjoch: Hotel Pirovano Quarto","og_description":"Wellness center am Stilfserjoch: das Hotel Pirovano Quarto bietet den eigenen G\u00e4sten die M\u00f6glichkeit an, sich in einem der h\u00f6chsten Wellness Centers der Alpen zu erholen!","og_url":"https:\/\/pirovano.it\/de\/hotel-appartements\/hotel-stilfser-joch\/wellness-center-pool\/","og_site_name":"Pirovano","article_modified_time":"2025-03-24T14:10:21+00:00","og_image":[{"width":1024,"height":683,"url":"https:\/\/pirovano.it\/wp-content\/uploads\/2018\/03\/pirovano170952-1024x683.jpg","type":"image\/jpeg"}],"twitter_card":"summary_large_image","twitter_misc":{"Est. reading time":"1 minute"},"schema":{"@context":"https:\/\/schema.org","@graph":[{"@type":"WebPage","@id":"https:\/\/pirovano.it\/de\/hotel-appartements\/hotel-stilfser-joch\/wellness-center-pool\/","url":"https:\/\/pirovano.it\/de\/hotel-appartements\/hotel-stilfser-joch\/wellness-center-pool\/","name":"Wellness center am Stilfserjoch: Hotel Pirovano Quarto","isPartOf":{"@id":"https:\/\/pirovano.it\/it\/#website"},"primaryImageOfPage":{"@id":"https:\/\/pirovano.it\/de\/hotel-appartements\/hotel-stilfser-joch\/wellness-center-pool\/#primaryimage"},"image":{"@id":"https:\/\/pirovano.it\/de\/hotel-appartements\/hotel-stilfser-joch\/wellness-center-pool\/#primaryimage"},"thumbnailUrl":"https:\/\/pirovano.it\/wp-content\/uploads\/2018\/03\/pirovano170952.jpg","datePublished":"2018-03-12T15:29:43+00:00","dateModified":"2025-03-24T14:10:21+00:00","description":"Wellness center am Stilfserjoch: das Hotel Pirovano Quarto bietet den eigenen G\u00e4sten die M\u00f6glichkeit an, sich in einem der h\u00f6chsten Wellness Centers der Alpen zu erholen!","breadcrumb":{"@id":"https:\/\/pirovano.it\/de\/hotel-appartements\/hotel-stilfser-joch\/wellness-center-pool\/#breadcrumb"},"inLanguage":"de-DE","potentialAction":[{"@type":"ReadAction","target":["https:\/\/pirovano.it\/de\/hotel-appartements\/hotel-stilfser-joch\/wellness-center-pool\/"]}]},{"@type":"ImageObject","inLanguage":"de-DE","@id":"https:\/\/pirovano.it\/de\/hotel-appartements\/hotel-stilfser-joch\/wellness-center-pool\/#primaryimage","url":"https:\/\/pirovano.it\/wp-content\/uploads\/2018\/03\/pirovano170952.jpg","contentUrl":"https:\/\/pirovano.it\/wp-content\/uploads\/2018\/03\/pirovano170952.jpg","width":5184,"height":3456},{"@type":"BreadcrumbList","@id":"https:\/\/pirovano.it\/de\/hotel-appartements\/hotel-stilfser-joch\/wellness-center-pool\/#breadcrumb","itemListElement":[{"@type":"ListItem","position":1,"name":"Home","item":"https:\/\/pirovano.it\/de\/"},{"@type":"ListItem","position":2,"name":"Hotel und Appartements","item":"https:\/\/pirovano.it\/de\/hotel-appartements\/"},{"@type":"ListItem","position":3,"name":"Hotel Stilfser Joch Pirovano","item":"https:\/\/pirovano.it\/de\/hotel-appartements\/hotel-stilfser-joch\/"},{"@type":"ListItem","position":4,"name":"Wellness Center und Pool Stilfserjoch"}]},{"@type":"WebSite","@id":"https:\/\/pirovano.it\/it\/#website","url":"https:\/\/pirovano.it\/it\/","name":"Pirovano","description":"Universit\u00e0 dello Sci, dello Snowboard e della Montagna","potentialAction":[{"@type":"SearchAction","target":{"@type":"EntryPoint","urlTemplate":"https:\/\/pirovano.it\/it\/?s={search_term_string}"},"query-input":{"@type":"PropertyValueSpecification","valueRequired":true,"valueName":"search_term_string"}}],"inLanguage":"de-DE"}]}},"_links":{"self":[{"href":"https:\/\/pirovano.it\/de\/wp-json\/wp\/v2\/pages\/2668","targetHints":{"allow":["GET"]}}],"collection":[{"href":"https:\/\/pirovano.it\/de\/wp-json\/wp\/v2\/pages"}],"about":[{"href":"https:\/\/pirovano.it\/de\/wp-json\/wp\/v2\/types\/page"}],"author":[{"embeddable":true,"href":"https:\/\/pirovano.it\/de\/wp-json\/wp\/v2\/users\/3"}],"replies":[{"embeddable":true,"href":"https:\/\/pirovano.it\/de\/wp-json\/wp\/v2\/comments?post=2668"}],"version-history":[{"count":10,"href":"https:\/\/pirovano.it\/de\/wp-json\/wp\/v2\/pages\/2668\/revisions"}],"predecessor-version":[{"id":12239,"href":"https:\/\/pirovano.it\/de\/wp-json\/wp\/v2\/pages\/2668\/revisions\/12239"}],"up":[{"embeddable":true,"href":"https:\/\/pirovano.it\/de\/wp-json\/wp\/v2\/pages\/2657"}],"wp:featuredmedia":[{"embeddable":true,"href":"https:\/\/pirovano.it\/de\/wp-json\/wp\/v2\/media\/1126"}],"wp:attachment":[{"href":"https:\/\/pirovano.it\/de\/wp-json\/wp\/v2\/media?parent=2668"}],"curies":[{"name":"wp","href":"https:\/\/api.w.org\/{rel}","templated":true}]}}