{"id":2677,"date":"2018-03-12T14:19:02","date_gmt":"2018-03-12T13:19:02","guid":{"rendered":"http:\/\/pirovano.it\/?page_id=2677"},"modified":"2024-11-27T09:15:04","modified_gmt":"2024-11-27T08:15:04","slug":"restaurant","status":"publish","type":"page","link":"https:\/\/pirovano.it\/de\/hotel-appartements\/hotel-stilfser-joch\/restaurant\/","title":{"rendered":"Restaurant"},"content":{"rendered":"<p>Jeden Tag auf fast 3000 Meter H\u00f6he geschieht etwas Zaubers: die italienische K\u00fcche begegnet sich den typischen Speisen des Veltlins und S\u00fcdtirols\u2026 und schon wird eine echte gastronomische Partnerschaft f\u00fcr die Feinschmecker geschaffen!<\/p>\n<p>St\u00e4rke des Hotels Pirovano Quarto (CIR: 014009-ALB-00027) (CIN: IT014009A1YO3FDWW6)\u00a0 ist seine K\u00fcche, die den Bergurlaub angenehm und unvergesslich macht: die sorgf\u00e4ltige Auswahl der besten Zutaten und der im umliegenden Gebiet geernteten Produkte sowie die Sorgfalt bei der Zubereitung jeder Speise erm\u00f6glichen es, auch die anspruchsvollsten Feinschmecker zufriedenzustellen.<\/p>\n<p>Um den Tag am besten anzufangen und neue Kr\u00e4fte zu tanken, bietet das umfangreiche Fr\u00fchst\u00fccksbuffet eine gro\u00dfe Auswahl an leckeren hausgemachten Kuchen aus unserem Konditor sowie Getreide, heimisches Joghurt, Marmelade, frisches und eingemachtes Obst, Brioche, Geb\u00e4ck, Aufschnitt, K\u00e4se und Eier.<\/p>\n<h3>Allergien und Nahrungsmittelunvertr\u00e4glichkeiten<\/h3>\n<p>Bei Ern\u00e4hrungsproblemen, Glutenintoleranz usw. ist die Zubereitung individueller Speisen und vegetarischer Di\u00e4ten m\u00f6glich.<\/p>\n","protected":false},"excerpt":{"rendered":"<p>Jeden Tag auf fast 3000 Meter H\u00f6he geschieht etwas Zaubers: die italienische K\u00fcche begegnet sich den typischen Speisen des Veltlins und S\u00fcdtirols\u2026 und schon wird eine echte gastronomische Partnerschaft f\u00fcr die Feinschmecker geschaffen! St\u00e4rke des Hotels Pirovano Quarto (CIR: 014009-ALB-00027) (CIN: IT014009A1YO3FDWW6)\u00a0 ist seine K\u00fcche, die den Bergurlaub angenehm und unvergesslich macht: die sorgf\u00e4ltige Auswahl [&hellip;]<\/p>\n","protected":false},"author":3,"featured_media":1120,"parent":2657,"menu_order":0,"comment_status":"closed","ping_status":"closed","template":"page-templates\/ricette.php","meta":{"footnotes":""},"class_list":["post-2677","page","type-page","status-publish","has-post-thumbnail","hentry","odd"],"yoast_head":"<!-- This site is optimized with the Yoast SEO plugin v27.3 - https:\/\/yoast.com\/product\/yoast-seo-wordpress\/ -->\n<title>Restaurant Pirovano am Stilfserjoch<\/title>\n<meta name=\"description\" content=\"Restaurant Pirovano am Stilfserjoch: jeden Tag auf fast 3000 Meter H\u00f6he geschieht etwas Zaubers: die italienische K\u00fcche begegnet sich den typischen Speisen des Veltlins und S\u00fcdtirols\" \/>\n<meta name=\"robots\" content=\"index, follow, max-snippet:-1, max-image-preview:large, max-video-preview:-1\" \/>\n<link rel=\"canonical\" href=\"https:\/\/pirovano.it\/de\/hotel-appartements\/hotel-stilfser-joch\/restaurant\/\" \/>\n<meta property=\"og:locale\" content=\"de_DE\" \/>\n<meta property=\"og:type\" content=\"article\" \/>\n<meta property=\"og:title\" content=\"Restaurant Pirovano am Stilfserjoch\" \/>\n<meta property=\"og:description\" content=\"Restaurant Pirovano am Stilfserjoch: jeden Tag auf fast 3000 Meter H\u00f6he geschieht etwas Zaubers: die italienische K\u00fcche begegnet sich den typischen Speisen des Veltlins und S\u00fcdtirols\" \/>\n<meta property=\"og:url\" content=\"https:\/\/pirovano.it\/de\/hotel-appartements\/hotel-stilfser-joch\/restaurant\/\" \/>\n<meta property=\"og:site_name\" content=\"Pirovano\" \/>\n<meta property=\"article:modified_time\" content=\"2024-11-27T08:15:04+00:00\" \/>\n<meta property=\"og:image\" content=\"https:\/\/pirovano.it\/wp-content\/uploads\/2018\/03\/pirovano170904-1024x683.jpg\" \/>\n\t<meta property=\"og:image:width\" content=\"1024\" \/>\n\t<meta property=\"og:image:height\" content=\"683\" \/>\n\t<meta property=\"og:image:type\" content=\"image\/jpeg\" \/>\n<meta name=\"twitter:card\" content=\"summary_large_image\" \/>\n<meta name=\"twitter:label1\" content=\"Est. reading time\" \/>\n\t<meta name=\"twitter:data1\" content=\"1 minute\" \/>\n<script type=\"application\/ld+json\" class=\"yoast-schema-graph\">{\"@context\":\"https:\\\/\\\/schema.org\",\"@graph\":[{\"@type\":\"WebPage\",\"@id\":\"https:\\\/\\\/pirovano.it\\\/de\\\/hotel-appartements\\\/hotel-stilfser-joch\\\/restaurant\\\/\",\"url\":\"https:\\\/\\\/pirovano.it\\\/de\\\/hotel-appartements\\\/hotel-stilfser-joch\\\/restaurant\\\/\",\"name\":\"Restaurant Pirovano am Stilfserjoch\",\"isPartOf\":{\"@id\":\"https:\\\/\\\/pirovano.it\\\/it\\\/#website\"},\"primaryImageOfPage\":{\"@id\":\"https:\\\/\\\/pirovano.it\\\/de\\\/hotel-appartements\\\/hotel-stilfser-joch\\\/restaurant\\\/#primaryimage\"},\"image\":{\"@id\":\"https:\\\/\\\/pirovano.it\\\/de\\\/hotel-appartements\\\/hotel-stilfser-joch\\\/restaurant\\\/#primaryimage\"},\"thumbnailUrl\":\"https:\\\/\\\/pirovano.it\\\/wp-content\\\/uploads\\\/2018\\\/03\\\/pirovano170904.jpg\",\"datePublished\":\"2018-03-12T13:19:02+00:00\",\"dateModified\":\"2024-11-27T08:15:04+00:00\",\"description\":\"Restaurant Pirovano am Stilfserjoch: jeden Tag auf fast 3000 Meter H\u00f6he geschieht etwas Zaubers: die italienische K\u00fcche begegnet sich den typischen Speisen des Veltlins und S\u00fcdtirols\",\"breadcrumb\":{\"@id\":\"https:\\\/\\\/pirovano.it\\\/de\\\/hotel-appartements\\\/hotel-stilfser-joch\\\/restaurant\\\/#breadcrumb\"},\"inLanguage\":\"de-DE\",\"potentialAction\":[{\"@type\":\"ReadAction\",\"target\":[\"https:\\\/\\\/pirovano.it\\\/de\\\/hotel-appartements\\\/hotel-stilfser-joch\\\/restaurant\\\/\"]}]},{\"@type\":\"ImageObject\",\"inLanguage\":\"de-DE\",\"@id\":\"https:\\\/\\\/pirovano.it\\\/de\\\/hotel-appartements\\\/hotel-stilfser-joch\\\/restaurant\\\/#primaryimage\",\"url\":\"https:\\\/\\\/pirovano.it\\\/wp-content\\\/uploads\\\/2018\\\/03\\\/pirovano170904.jpg\",\"contentUrl\":\"https:\\\/\\\/pirovano.it\\\/wp-content\\\/uploads\\\/2018\\\/03\\\/pirovano170904.jpg\",\"width\":5184,\"height\":3456},{\"@type\":\"BreadcrumbList\",\"@id\":\"https:\\\/\\\/pirovano.it\\\/de\\\/hotel-appartements\\\/hotel-stilfser-joch\\\/restaurant\\\/#breadcrumb\",\"itemListElement\":[{\"@type\":\"ListItem\",\"position\":1,\"name\":\"Home\",\"item\":\"https:\\\/\\\/pirovano.it\\\/de\\\/\"},{\"@type\":\"ListItem\",\"position\":2,\"name\":\"Hotel und Appartements\",\"item\":\"https:\\\/\\\/pirovano.it\\\/de\\\/hotel-appartements\\\/\"},{\"@type\":\"ListItem\",\"position\":3,\"name\":\"Hotel Stilfser Joch Pirovano\",\"item\":\"https:\\\/\\\/pirovano.it\\\/de\\\/hotel-appartements\\\/hotel-stilfser-joch\\\/\"},{\"@type\":\"ListItem\",\"position\":4,\"name\":\"Restaurant\"}]},{\"@type\":\"WebSite\",\"@id\":\"https:\\\/\\\/pirovano.it\\\/it\\\/#website\",\"url\":\"https:\\\/\\\/pirovano.it\\\/it\\\/\",\"name\":\"Pirovano\",\"description\":\"Universit\u00e0 dello Sci, dello Snowboard e della Montagna\",\"potentialAction\":[{\"@type\":\"SearchAction\",\"target\":{\"@type\":\"EntryPoint\",\"urlTemplate\":\"https:\\\/\\\/pirovano.it\\\/it\\\/?s={search_term_string}\"},\"query-input\":{\"@type\":\"PropertyValueSpecification\",\"valueRequired\":true,\"valueName\":\"search_term_string\"}}],\"inLanguage\":\"de-DE\"}]}<\/script>\n<!-- \/ Yoast SEO plugin. -->","yoast_head_json":{"title":"Restaurant Pirovano am Stilfserjoch","description":"Restaurant Pirovano am Stilfserjoch: jeden Tag auf fast 3000 Meter H\u00f6he geschieht etwas Zaubers: die italienische K\u00fcche begegnet sich den typischen Speisen des Veltlins und S\u00fcdtirols","robots":{"index":"index","follow":"follow","max-snippet":"max-snippet:-1","max-image-preview":"max-image-preview:large","max-video-preview":"max-video-preview:-1"},"canonical":"https:\/\/pirovano.it\/de\/hotel-appartements\/hotel-stilfser-joch\/restaurant\/","og_locale":"de_DE","og_type":"article","og_title":"Restaurant Pirovano am Stilfserjoch","og_description":"Restaurant Pirovano am Stilfserjoch: jeden Tag auf fast 3000 Meter H\u00f6he geschieht etwas Zaubers: die italienische K\u00fcche begegnet sich den typischen Speisen des Veltlins und S\u00fcdtirols","og_url":"https:\/\/pirovano.it\/de\/hotel-appartements\/hotel-stilfser-joch\/restaurant\/","og_site_name":"Pirovano","article_modified_time":"2024-11-27T08:15:04+00:00","og_image":[{"width":1024,"height":683,"url":"https:\/\/pirovano.it\/wp-content\/uploads\/2018\/03\/pirovano170904-1024x683.jpg","type":"image\/jpeg"}],"twitter_card":"summary_large_image","twitter_misc":{"Est. reading time":"1 minute"},"schema":{"@context":"https:\/\/schema.org","@graph":[{"@type":"WebPage","@id":"https:\/\/pirovano.it\/de\/hotel-appartements\/hotel-stilfser-joch\/restaurant\/","url":"https:\/\/pirovano.it\/de\/hotel-appartements\/hotel-stilfser-joch\/restaurant\/","name":"Restaurant Pirovano am Stilfserjoch","isPartOf":{"@id":"https:\/\/pirovano.it\/it\/#website"},"primaryImageOfPage":{"@id":"https:\/\/pirovano.it\/de\/hotel-appartements\/hotel-stilfser-joch\/restaurant\/#primaryimage"},"image":{"@id":"https:\/\/pirovano.it\/de\/hotel-appartements\/hotel-stilfser-joch\/restaurant\/#primaryimage"},"thumbnailUrl":"https:\/\/pirovano.it\/wp-content\/uploads\/2018\/03\/pirovano170904.jpg","datePublished":"2018-03-12T13:19:02+00:00","dateModified":"2024-11-27T08:15:04+00:00","description":"Restaurant Pirovano am Stilfserjoch: jeden Tag auf fast 3000 Meter H\u00f6he geschieht etwas Zaubers: die italienische K\u00fcche begegnet sich den typischen Speisen des Veltlins und S\u00fcdtirols","breadcrumb":{"@id":"https:\/\/pirovano.it\/de\/hotel-appartements\/hotel-stilfser-joch\/restaurant\/#breadcrumb"},"inLanguage":"de-DE","potentialAction":[{"@type":"ReadAction","target":["https:\/\/pirovano.it\/de\/hotel-appartements\/hotel-stilfser-joch\/restaurant\/"]}]},{"@type":"ImageObject","inLanguage":"de-DE","@id":"https:\/\/pirovano.it\/de\/hotel-appartements\/hotel-stilfser-joch\/restaurant\/#primaryimage","url":"https:\/\/pirovano.it\/wp-content\/uploads\/2018\/03\/pirovano170904.jpg","contentUrl":"https:\/\/pirovano.it\/wp-content\/uploads\/2018\/03\/pirovano170904.jpg","width":5184,"height":3456},{"@type":"BreadcrumbList","@id":"https:\/\/pirovano.it\/de\/hotel-appartements\/hotel-stilfser-joch\/restaurant\/#breadcrumb","itemListElement":[{"@type":"ListItem","position":1,"name":"Home","item":"https:\/\/pirovano.it\/de\/"},{"@type":"ListItem","position":2,"name":"Hotel und Appartements","item":"https:\/\/pirovano.it\/de\/hotel-appartements\/"},{"@type":"ListItem","position":3,"name":"Hotel Stilfser Joch Pirovano","item":"https:\/\/pirovano.it\/de\/hotel-appartements\/hotel-stilfser-joch\/"},{"@type":"ListItem","position":4,"name":"Restaurant"}]},{"@type":"WebSite","@id":"https:\/\/pirovano.it\/it\/#website","url":"https:\/\/pirovano.it\/it\/","name":"Pirovano","description":"Universit\u00e0 dello Sci, dello Snowboard e della Montagna","potentialAction":[{"@type":"SearchAction","target":{"@type":"EntryPoint","urlTemplate":"https:\/\/pirovano.it\/it\/?s={search_term_string}"},"query-input":{"@type":"PropertyValueSpecification","valueRequired":true,"valueName":"search_term_string"}}],"inLanguage":"de-DE"}]}},"_links":{"self":[{"href":"https:\/\/pirovano.it\/de\/wp-json\/wp\/v2\/pages\/2677","targetHints":{"allow":["GET"]}}],"collection":[{"href":"https:\/\/pirovano.it\/de\/wp-json\/wp\/v2\/pages"}],"about":[{"href":"https:\/\/pirovano.it\/de\/wp-json\/wp\/v2\/types\/page"}],"author":[{"embeddable":true,"href":"https:\/\/pirovano.it\/de\/wp-json\/wp\/v2\/users\/3"}],"replies":[{"embeddable":true,"href":"https:\/\/pirovano.it\/de\/wp-json\/wp\/v2\/comments?post=2677"}],"version-history":[{"count":3,"href":"https:\/\/pirovano.it\/de\/wp-json\/wp\/v2\/pages\/2677\/revisions"}],"predecessor-version":[{"id":12240,"href":"https:\/\/pirovano.it\/de\/wp-json\/wp\/v2\/pages\/2677\/revisions\/12240"}],"up":[{"embeddable":true,"href":"https:\/\/pirovano.it\/de\/wp-json\/wp\/v2\/pages\/2657"}],"wp:featuredmedia":[{"embeddable":true,"href":"https:\/\/pirovano.it\/de\/wp-json\/wp\/v2\/media\/1120"}],"wp:attachment":[{"href":"https:\/\/pirovano.it\/de\/wp-json\/wp\/v2\/media?parent=2677"}],"curies":[{"name":"wp","href":"https:\/\/api.w.org\/{rel}","templated":true}]}}