{"id":2679,"date":"2018-03-19T16:35:34","date_gmt":"2018-03-19T15:35:34","guid":{"rendered":"http:\/\/pirovano.it\/?page_id=2679"},"modified":"2024-02-29T15:11:45","modified_gmt":"2024-02-29T14:11:45","slug":"junior-club-sommercamp-juegendliche","status":"publish","type":"page","link":"https:\/\/pirovano.it\/de\/hotel-appartements\/hotel-stilfser-joch\/junior-club-sommercamp-juegendliche\/","title":{"rendered":"Junior Club: Sommercamp fur J\u00fcgendliche"},"content":{"rendered":"<h4><span style=\"color: #ff0000;\">DIENST IN DER SAISON 2024 NICHT VERF\u00dcGBAR<\/span><\/h4>\n<p>Pirovano bietet Jugendlichen im Alter zwischen 8 und 18 Jahren einzigartige Sommercamps ohne Eltern an: Tritt in die Welt JUNIOR CLUB Pirovano ein!<\/p>\n<p>Der den Jugendlichen zwischen 8 und 18 Jahren vorbehaltene\u00a0Junior Club Pirovano\u00a0gibt die M\u00f6glichkeit, einen am\u00fcsanten und unvergesslichen Urlaub zu verbringen und vor allem den Eltern, die f\u00fcr ihre Kinder unser Sommercenter gew\u00e4hlt haben, maximale Ruhe zu gew\u00e4hrleisten.<\/p>\n<p>Die\u00a0gemeinsamen Ski- oder Snowboardkurse, die unter der Aufsicht von erfahrenen Lehrern und Pistenassistenten durchgef\u00fchrt werden, gew\u00e4hrleisten den maximalen Grad an Professionalit\u00e4t und Sicherheit.<\/p>\n<p>Ein aus\u00a0Ski-Lehrern und t\u00fcchtigen Animateuren bestehendes besonderes Team\u00a0beaufsichtigt und unterhaltet die Junior-Club-Teilnehmer durch erzieherische und kreative T\u00e4tigkeiten st\u00e4tig, die nicht nur auf Vergn\u00fcgen aber auch auf Kreativit\u00e4t und Sozialisierung zielen.<br \/>\nAu\u00dferdem gew\u00e4hrleisten ein Arzt und ein ausger\u00fcsteter Krankensaal einen angemessenen Gesundheitsschutz der kleinen G\u00e4ste.<\/p>\n","protected":false},"excerpt":{"rendered":"<p>DIENST IN DER SAISON 2024 NICHT VERF\u00dcGBAR Pirovano bietet Jugendlichen im Alter zwischen 8 und 18 Jahren einzigartige Sommercamps ohne Eltern an: Tritt in die Welt JUNIOR CLUB Pirovano ein! Der den Jugendlichen zwischen 8 und 18 Jahren vorbehaltene\u00a0Junior Club Pirovano\u00a0gibt die M\u00f6glichkeit, einen am\u00fcsanten und unvergesslichen Urlaub zu verbringen und vor allem den Eltern, [&hellip;]<\/p>\n","protected":false},"author":3,"featured_media":114,"parent":2657,"menu_order":0,"comment_status":"closed","ping_status":"closed","template":"","meta":{"footnotes":""},"class_list":["post-2679","page","type-page","status-publish","has-post-thumbnail","hentry","odd"],"yoast_head":"<!-- This site is optimized with the Yoast SEO plugin v27.3 - https:\/\/yoast.com\/product\/yoast-seo-wordpress\/ -->\n<title>Junior Club Sommercamp J\u00fcgendliche<\/title>\n<meta name=\"description\" content=\"Pirovano bietet Jugendlichen im Alter zwischen 8 und 18 Jahren einzigartige Sommercamps ohne Eltern an: Tritt in die Welt JUNIOR CLUB Pirovano ein!\" \/>\n<meta name=\"robots\" content=\"index, follow, max-snippet:-1, max-image-preview:large, max-video-preview:-1\" \/>\n<link rel=\"canonical\" href=\"https:\/\/pirovano.it\/de\/hotel-appartements\/hotel-stilfser-joch\/junior-club-sommercamp-juegendliche\/\" \/>\n<meta property=\"og:locale\" content=\"de_DE\" \/>\n<meta property=\"og:type\" content=\"article\" \/>\n<meta property=\"og:title\" content=\"Junior Club Sommercamp J\u00fcgendliche\" \/>\n<meta property=\"og:description\" content=\"Pirovano bietet Jugendlichen im Alter zwischen 8 und 18 Jahren einzigartige Sommercamps ohne Eltern an: Tritt in die Welt JUNIOR CLUB Pirovano ein!\" \/>\n<meta property=\"og:url\" content=\"https:\/\/pirovano.it\/de\/hotel-appartements\/hotel-stilfser-joch\/junior-club-sommercamp-juegendliche\/\" \/>\n<meta property=\"og:site_name\" content=\"Pirovano\" \/>\n<meta property=\"article:modified_time\" content=\"2024-02-29T14:11:45+00:00\" \/>\n<meta property=\"og:image\" content=\"https:\/\/pirovano.it\/wp-content\/uploads\/2018\/02\/DSC_8528-1024x687.jpg\" \/>\n\t<meta property=\"og:image:width\" content=\"1024\" \/>\n\t<meta property=\"og:image:height\" content=\"687\" \/>\n\t<meta property=\"og:image:type\" content=\"image\/jpeg\" \/>\n<meta name=\"twitter:card\" content=\"summary_large_image\" \/>\n<meta name=\"twitter:label1\" content=\"Est. reading time\" \/>\n\t<meta name=\"twitter:data1\" content=\"1 minute\" \/>\n<script type=\"application\/ld+json\" class=\"yoast-schema-graph\">{\"@context\":\"https:\\\/\\\/schema.org\",\"@graph\":[{\"@type\":\"WebPage\",\"@id\":\"https:\\\/\\\/pirovano.it\\\/de\\\/hotel-appartements\\\/hotel-stilfser-joch\\\/junior-club-sommercamp-juegendliche\\\/\",\"url\":\"https:\\\/\\\/pirovano.it\\\/de\\\/hotel-appartements\\\/hotel-stilfser-joch\\\/junior-club-sommercamp-juegendliche\\\/\",\"name\":\"Junior Club Sommercamp J\u00fcgendliche\",\"isPartOf\":{\"@id\":\"https:\\\/\\\/pirovano.it\\\/it\\\/#website\"},\"primaryImageOfPage\":{\"@id\":\"https:\\\/\\\/pirovano.it\\\/de\\\/hotel-appartements\\\/hotel-stilfser-joch\\\/junior-club-sommercamp-juegendliche\\\/#primaryimage\"},\"image\":{\"@id\":\"https:\\\/\\\/pirovano.it\\\/de\\\/hotel-appartements\\\/hotel-stilfser-joch\\\/junior-club-sommercamp-juegendliche\\\/#primaryimage\"},\"thumbnailUrl\":\"https:\\\/\\\/pirovano.it\\\/wp-content\\\/uploads\\\/2018\\\/02\\\/DSC_8528.jpg\",\"datePublished\":\"2018-03-19T15:35:34+00:00\",\"dateModified\":\"2024-02-29T14:11:45+00:00\",\"description\":\"Pirovano bietet Jugendlichen im Alter zwischen 8 und 18 Jahren einzigartige Sommercamps ohne Eltern an: Tritt in die Welt JUNIOR CLUB Pirovano ein!\",\"breadcrumb\":{\"@id\":\"https:\\\/\\\/pirovano.it\\\/de\\\/hotel-appartements\\\/hotel-stilfser-joch\\\/junior-club-sommercamp-juegendliche\\\/#breadcrumb\"},\"inLanguage\":\"de-DE\",\"potentialAction\":[{\"@type\":\"ReadAction\",\"target\":[\"https:\\\/\\\/pirovano.it\\\/de\\\/hotel-appartements\\\/hotel-stilfser-joch\\\/junior-club-sommercamp-juegendliche\\\/\"]}]},{\"@type\":\"ImageObject\",\"inLanguage\":\"de-DE\",\"@id\":\"https:\\\/\\\/pirovano.it\\\/de\\\/hotel-appartements\\\/hotel-stilfser-joch\\\/junior-club-sommercamp-juegendliche\\\/#primaryimage\",\"url\":\"https:\\\/\\\/pirovano.it\\\/wp-content\\\/uploads\\\/2018\\\/02\\\/DSC_8528.jpg\",\"contentUrl\":\"https:\\\/\\\/pirovano.it\\\/wp-content\\\/uploads\\\/2018\\\/02\\\/DSC_8528.jpg\",\"width\":2896,\"height\":1944},{\"@type\":\"BreadcrumbList\",\"@id\":\"https:\\\/\\\/pirovano.it\\\/de\\\/hotel-appartements\\\/hotel-stilfser-joch\\\/junior-club-sommercamp-juegendliche\\\/#breadcrumb\",\"itemListElement\":[{\"@type\":\"ListItem\",\"position\":1,\"name\":\"Home\",\"item\":\"https:\\\/\\\/pirovano.it\\\/de\\\/\"},{\"@type\":\"ListItem\",\"position\":2,\"name\":\"Hotel und Appartements\",\"item\":\"https:\\\/\\\/pirovano.it\\\/de\\\/hotel-appartements\\\/\"},{\"@type\":\"ListItem\",\"position\":3,\"name\":\"Hotel Stilfser Joch Pirovano\",\"item\":\"https:\\\/\\\/pirovano.it\\\/de\\\/hotel-appartements\\\/hotel-stilfser-joch\\\/\"},{\"@type\":\"ListItem\",\"position\":4,\"name\":\"Junior Club: Sommercamp fur J\u00fcgendliche\"}]},{\"@type\":\"WebSite\",\"@id\":\"https:\\\/\\\/pirovano.it\\\/it\\\/#website\",\"url\":\"https:\\\/\\\/pirovano.it\\\/it\\\/\",\"name\":\"Pirovano\",\"description\":\"Universit\u00e0 dello Sci, dello Snowboard e della Montagna\",\"potentialAction\":[{\"@type\":\"SearchAction\",\"target\":{\"@type\":\"EntryPoint\",\"urlTemplate\":\"https:\\\/\\\/pirovano.it\\\/it\\\/?s={search_term_string}\"},\"query-input\":{\"@type\":\"PropertyValueSpecification\",\"valueRequired\":true,\"valueName\":\"search_term_string\"}}],\"inLanguage\":\"de-DE\"}]}<\/script>\n<!-- \/ Yoast SEO plugin. -->","yoast_head_json":{"title":"Junior Club Sommercamp J\u00fcgendliche","description":"Pirovano bietet Jugendlichen im Alter zwischen 8 und 18 Jahren einzigartige Sommercamps ohne Eltern an: Tritt in die Welt JUNIOR CLUB Pirovano ein!","robots":{"index":"index","follow":"follow","max-snippet":"max-snippet:-1","max-image-preview":"max-image-preview:large","max-video-preview":"max-video-preview:-1"},"canonical":"https:\/\/pirovano.it\/de\/hotel-appartements\/hotel-stilfser-joch\/junior-club-sommercamp-juegendliche\/","og_locale":"de_DE","og_type":"article","og_title":"Junior Club Sommercamp J\u00fcgendliche","og_description":"Pirovano bietet Jugendlichen im Alter zwischen 8 und 18 Jahren einzigartige Sommercamps ohne Eltern an: Tritt in die Welt JUNIOR CLUB Pirovano ein!","og_url":"https:\/\/pirovano.it\/de\/hotel-appartements\/hotel-stilfser-joch\/junior-club-sommercamp-juegendliche\/","og_site_name":"Pirovano","article_modified_time":"2024-02-29T14:11:45+00:00","og_image":[{"width":1024,"height":687,"url":"https:\/\/pirovano.it\/wp-content\/uploads\/2018\/02\/DSC_8528-1024x687.jpg","type":"image\/jpeg"}],"twitter_card":"summary_large_image","twitter_misc":{"Est. reading time":"1 minute"},"schema":{"@context":"https:\/\/schema.org","@graph":[{"@type":"WebPage","@id":"https:\/\/pirovano.it\/de\/hotel-appartements\/hotel-stilfser-joch\/junior-club-sommercamp-juegendliche\/","url":"https:\/\/pirovano.it\/de\/hotel-appartements\/hotel-stilfser-joch\/junior-club-sommercamp-juegendliche\/","name":"Junior Club Sommercamp J\u00fcgendliche","isPartOf":{"@id":"https:\/\/pirovano.it\/it\/#website"},"primaryImageOfPage":{"@id":"https:\/\/pirovano.it\/de\/hotel-appartements\/hotel-stilfser-joch\/junior-club-sommercamp-juegendliche\/#primaryimage"},"image":{"@id":"https:\/\/pirovano.it\/de\/hotel-appartements\/hotel-stilfser-joch\/junior-club-sommercamp-juegendliche\/#primaryimage"},"thumbnailUrl":"https:\/\/pirovano.it\/wp-content\/uploads\/2018\/02\/DSC_8528.jpg","datePublished":"2018-03-19T15:35:34+00:00","dateModified":"2024-02-29T14:11:45+00:00","description":"Pirovano bietet Jugendlichen im Alter zwischen 8 und 18 Jahren einzigartige Sommercamps ohne Eltern an: Tritt in die Welt JUNIOR CLUB Pirovano ein!","breadcrumb":{"@id":"https:\/\/pirovano.it\/de\/hotel-appartements\/hotel-stilfser-joch\/junior-club-sommercamp-juegendliche\/#breadcrumb"},"inLanguage":"de-DE","potentialAction":[{"@type":"ReadAction","target":["https:\/\/pirovano.it\/de\/hotel-appartements\/hotel-stilfser-joch\/junior-club-sommercamp-juegendliche\/"]}]},{"@type":"ImageObject","inLanguage":"de-DE","@id":"https:\/\/pirovano.it\/de\/hotel-appartements\/hotel-stilfser-joch\/junior-club-sommercamp-juegendliche\/#primaryimage","url":"https:\/\/pirovano.it\/wp-content\/uploads\/2018\/02\/DSC_8528.jpg","contentUrl":"https:\/\/pirovano.it\/wp-content\/uploads\/2018\/02\/DSC_8528.jpg","width":2896,"height":1944},{"@type":"BreadcrumbList","@id":"https:\/\/pirovano.it\/de\/hotel-appartements\/hotel-stilfser-joch\/junior-club-sommercamp-juegendliche\/#breadcrumb","itemListElement":[{"@type":"ListItem","position":1,"name":"Home","item":"https:\/\/pirovano.it\/de\/"},{"@type":"ListItem","position":2,"name":"Hotel und Appartements","item":"https:\/\/pirovano.it\/de\/hotel-appartements\/"},{"@type":"ListItem","position":3,"name":"Hotel Stilfser Joch Pirovano","item":"https:\/\/pirovano.it\/de\/hotel-appartements\/hotel-stilfser-joch\/"},{"@type":"ListItem","position":4,"name":"Junior Club: Sommercamp fur J\u00fcgendliche"}]},{"@type":"WebSite","@id":"https:\/\/pirovano.it\/it\/#website","url":"https:\/\/pirovano.it\/it\/","name":"Pirovano","description":"Universit\u00e0 dello Sci, dello Snowboard e della Montagna","potentialAction":[{"@type":"SearchAction","target":{"@type":"EntryPoint","urlTemplate":"https:\/\/pirovano.it\/it\/?s={search_term_string}"},"query-input":{"@type":"PropertyValueSpecification","valueRequired":true,"valueName":"search_term_string"}}],"inLanguage":"de-DE"}]}},"_links":{"self":[{"href":"https:\/\/pirovano.it\/de\/wp-json\/wp\/v2\/pages\/2679","targetHints":{"allow":["GET"]}}],"collection":[{"href":"https:\/\/pirovano.it\/de\/wp-json\/wp\/v2\/pages"}],"about":[{"href":"https:\/\/pirovano.it\/de\/wp-json\/wp\/v2\/types\/page"}],"author":[{"embeddable":true,"href":"https:\/\/pirovano.it\/de\/wp-json\/wp\/v2\/users\/3"}],"replies":[{"embeddable":true,"href":"https:\/\/pirovano.it\/de\/wp-json\/wp\/v2\/comments?post=2679"}],"version-history":[{"count":9,"href":"https:\/\/pirovano.it\/de\/wp-json\/wp\/v2\/pages\/2679\/revisions"}],"predecessor-version":[{"id":13302,"href":"https:\/\/pirovano.it\/de\/wp-json\/wp\/v2\/pages\/2679\/revisions\/13302"}],"up":[{"embeddable":true,"href":"https:\/\/pirovano.it\/de\/wp-json\/wp\/v2\/pages\/2657"}],"wp:featuredmedia":[{"embeddable":true,"href":"https:\/\/pirovano.it\/de\/wp-json\/wp\/v2\/media\/114"}],"wp:attachment":[{"href":"https:\/\/pirovano.it\/de\/wp-json\/wp\/v2\/media?parent=2679"}],"curies":[{"name":"wp","href":"https:\/\/api.w.org\/{rel}","templated":true}]}}