{"id":2684,"date":"2018-03-28T10:12:34","date_gmt":"2018-03-28T08:12:34","guid":{"rendered":"http:\/\/pirovano.it\/?page_id=2684"},"modified":"2024-02-29T15:13:11","modified_gmt":"2024-02-29T14:13:11","slug":"mini-baby-club","status":"publish","type":"page","link":"https:\/\/pirovano.it\/de\/hotel-appartements\/hotel-stilfser-joch\/mini-baby-club\/","title":{"rendered":"Mini und Baby Club"},"content":{"rendered":"<h4><span style=\"color: #ff0000;\">DIENST IN DER SAISON 2024 NICHT VERF\u00dcGBAR<\/span><\/h4>\n<p><strong>Der Dienst ist f\u00fcr jene Eltern, die unsere Gruppenskikurse besuchen m\u00f6chten, deren Kinder aber nicht Ski fahren k\u00f6nnen<\/strong>.<\/p>\n<p>Zu vorprogrammierten Zeiten, gleichzeitig dem Skiunterricht, unterhaltet das Fachpersonal von Mini Club durch Spielzeuge und Bildungsaktivit\u00e4ten die kleinen G\u00e4ste, die wenigstens 5 Jahre alt sind. F\u00fcr die kleinesten steht der Baby Club auch zur Verf\u00fcgung.<\/p>\n<p>Auf Wunsch ist ein Baby-Sitter-Dienst auch m\u00f6glich.<\/p>\n","protected":false},"excerpt":{"rendered":"<p>DIENST IN DER SAISON 2024 NICHT VERF\u00dcGBAR Der Dienst ist f\u00fcr jene Eltern, die unsere Gruppenskikurse besuchen m\u00f6chten, deren Kinder aber nicht Ski fahren k\u00f6nnen. Zu vorprogrammierten Zeiten, gleichzeitig dem Skiunterricht, unterhaltet das Fachpersonal von Mini Club durch Spielzeuge und Bildungsaktivit\u00e4ten die kleinen G\u00e4ste, die wenigstens 5 Jahre alt sind. F\u00fcr die kleinesten steht der [&hellip;]<\/p>\n","protected":false},"author":3,"featured_media":0,"parent":2657,"menu_order":0,"comment_status":"closed","ping_status":"closed","template":"page-templates\/no-picture.php","meta":{"footnotes":""},"class_list":["post-2684","page","type-page","status-publish","hentry","odd"],"yoast_head":"<!-- This site is optimized with the Yoast SEO plugin v27.3 - https:\/\/yoast.com\/product\/yoast-seo-wordpress\/ -->\n<title>Mini und Baby Club Stilfserjoch<\/title>\n<meta name=\"description\" content=\"Der Dienst ist f\u00fcr jene Eltern, die unsere Gruppenskikurse besuchen m\u00f6chten, deren Kinder aber nicht Ski fahren k\u00f6nnen.\" \/>\n<meta name=\"robots\" content=\"index, follow, max-snippet:-1, max-image-preview:large, max-video-preview:-1\" \/>\n<link rel=\"canonical\" href=\"https:\/\/pirovano.it\/de\/hotel-appartements\/hotel-stilfser-joch\/mini-baby-club\/\" \/>\n<meta property=\"og:locale\" content=\"de_DE\" \/>\n<meta property=\"og:type\" content=\"article\" \/>\n<meta property=\"og:title\" content=\"Mini und Baby Club Stilfserjoch\" \/>\n<meta property=\"og:description\" content=\"Der Dienst ist f\u00fcr jene Eltern, die unsere Gruppenskikurse besuchen m\u00f6chten, deren Kinder aber nicht Ski fahren k\u00f6nnen.\" \/>\n<meta property=\"og:url\" content=\"https:\/\/pirovano.it\/de\/hotel-appartements\/hotel-stilfser-joch\/mini-baby-club\/\" \/>\n<meta property=\"og:site_name\" content=\"Pirovano\" \/>\n<meta property=\"article:modified_time\" content=\"2024-02-29T14:13:11+00:00\" \/>\n<meta name=\"twitter:card\" content=\"summary_large_image\" \/>\n<script type=\"application\/ld+json\" class=\"yoast-schema-graph\">{\"@context\":\"https:\\\/\\\/schema.org\",\"@graph\":[{\"@type\":\"WebPage\",\"@id\":\"https:\\\/\\\/pirovano.it\\\/de\\\/hotel-appartements\\\/hotel-stilfser-joch\\\/mini-baby-club\\\/\",\"url\":\"https:\\\/\\\/pirovano.it\\\/de\\\/hotel-appartements\\\/hotel-stilfser-joch\\\/mini-baby-club\\\/\",\"name\":\"Mini und Baby Club Stilfserjoch\",\"isPartOf\":{\"@id\":\"https:\\\/\\\/pirovano.it\\\/it\\\/#website\"},\"datePublished\":\"2018-03-28T08:12:34+00:00\",\"dateModified\":\"2024-02-29T14:13:11+00:00\",\"description\":\"Der Dienst ist f\u00fcr jene Eltern, die unsere Gruppenskikurse besuchen m\u00f6chten, deren Kinder aber nicht Ski fahren k\u00f6nnen.\",\"breadcrumb\":{\"@id\":\"https:\\\/\\\/pirovano.it\\\/de\\\/hotel-appartements\\\/hotel-stilfser-joch\\\/mini-baby-club\\\/#breadcrumb\"},\"inLanguage\":\"de-DE\",\"potentialAction\":[{\"@type\":\"ReadAction\",\"target\":[\"https:\\\/\\\/pirovano.it\\\/de\\\/hotel-appartements\\\/hotel-stilfser-joch\\\/mini-baby-club\\\/\"]}]},{\"@type\":\"BreadcrumbList\",\"@id\":\"https:\\\/\\\/pirovano.it\\\/de\\\/hotel-appartements\\\/hotel-stilfser-joch\\\/mini-baby-club\\\/#breadcrumb\",\"itemListElement\":[{\"@type\":\"ListItem\",\"position\":1,\"name\":\"Home\",\"item\":\"https:\\\/\\\/pirovano.it\\\/de\\\/\"},{\"@type\":\"ListItem\",\"position\":2,\"name\":\"Hotel und Appartements\",\"item\":\"https:\\\/\\\/pirovano.it\\\/de\\\/hotel-appartements\\\/\"},{\"@type\":\"ListItem\",\"position\":3,\"name\":\"Hotel Stilfser Joch Pirovano\",\"item\":\"https:\\\/\\\/pirovano.it\\\/de\\\/hotel-appartements\\\/hotel-stilfser-joch\\\/\"},{\"@type\":\"ListItem\",\"position\":4,\"name\":\"Mini und Baby Club\"}]},{\"@type\":\"WebSite\",\"@id\":\"https:\\\/\\\/pirovano.it\\\/it\\\/#website\",\"url\":\"https:\\\/\\\/pirovano.it\\\/it\\\/\",\"name\":\"Pirovano\",\"description\":\"Universit\u00e0 dello Sci, dello Snowboard e della Montagna\",\"potentialAction\":[{\"@type\":\"SearchAction\",\"target\":{\"@type\":\"EntryPoint\",\"urlTemplate\":\"https:\\\/\\\/pirovano.it\\\/it\\\/?s={search_term_string}\"},\"query-input\":{\"@type\":\"PropertyValueSpecification\",\"valueRequired\":true,\"valueName\":\"search_term_string\"}}],\"inLanguage\":\"de-DE\"}]}<\/script>\n<!-- \/ Yoast SEO plugin. -->","yoast_head_json":{"title":"Mini und Baby Club Stilfserjoch","description":"Der Dienst ist f\u00fcr jene Eltern, die unsere Gruppenskikurse besuchen m\u00f6chten, deren Kinder aber nicht Ski fahren k\u00f6nnen.","robots":{"index":"index","follow":"follow","max-snippet":"max-snippet:-1","max-image-preview":"max-image-preview:large","max-video-preview":"max-video-preview:-1"},"canonical":"https:\/\/pirovano.it\/de\/hotel-appartements\/hotel-stilfser-joch\/mini-baby-club\/","og_locale":"de_DE","og_type":"article","og_title":"Mini und Baby Club Stilfserjoch","og_description":"Der Dienst ist f\u00fcr jene Eltern, die unsere Gruppenskikurse besuchen m\u00f6chten, deren Kinder aber nicht Ski fahren k\u00f6nnen.","og_url":"https:\/\/pirovano.it\/de\/hotel-appartements\/hotel-stilfser-joch\/mini-baby-club\/","og_site_name":"Pirovano","article_modified_time":"2024-02-29T14:13:11+00:00","twitter_card":"summary_large_image","schema":{"@context":"https:\/\/schema.org","@graph":[{"@type":"WebPage","@id":"https:\/\/pirovano.it\/de\/hotel-appartements\/hotel-stilfser-joch\/mini-baby-club\/","url":"https:\/\/pirovano.it\/de\/hotel-appartements\/hotel-stilfser-joch\/mini-baby-club\/","name":"Mini und Baby Club Stilfserjoch","isPartOf":{"@id":"https:\/\/pirovano.it\/it\/#website"},"datePublished":"2018-03-28T08:12:34+00:00","dateModified":"2024-02-29T14:13:11+00:00","description":"Der Dienst ist f\u00fcr jene Eltern, die unsere Gruppenskikurse besuchen m\u00f6chten, deren Kinder aber nicht Ski fahren k\u00f6nnen.","breadcrumb":{"@id":"https:\/\/pirovano.it\/de\/hotel-appartements\/hotel-stilfser-joch\/mini-baby-club\/#breadcrumb"},"inLanguage":"de-DE","potentialAction":[{"@type":"ReadAction","target":["https:\/\/pirovano.it\/de\/hotel-appartements\/hotel-stilfser-joch\/mini-baby-club\/"]}]},{"@type":"BreadcrumbList","@id":"https:\/\/pirovano.it\/de\/hotel-appartements\/hotel-stilfser-joch\/mini-baby-club\/#breadcrumb","itemListElement":[{"@type":"ListItem","position":1,"name":"Home","item":"https:\/\/pirovano.it\/de\/"},{"@type":"ListItem","position":2,"name":"Hotel und Appartements","item":"https:\/\/pirovano.it\/de\/hotel-appartements\/"},{"@type":"ListItem","position":3,"name":"Hotel Stilfser Joch Pirovano","item":"https:\/\/pirovano.it\/de\/hotel-appartements\/hotel-stilfser-joch\/"},{"@type":"ListItem","position":4,"name":"Mini und Baby Club"}]},{"@type":"WebSite","@id":"https:\/\/pirovano.it\/it\/#website","url":"https:\/\/pirovano.it\/it\/","name":"Pirovano","description":"Universit\u00e0 dello Sci, dello Snowboard e della Montagna","potentialAction":[{"@type":"SearchAction","target":{"@type":"EntryPoint","urlTemplate":"https:\/\/pirovano.it\/it\/?s={search_term_string}"},"query-input":{"@type":"PropertyValueSpecification","valueRequired":true,"valueName":"search_term_string"}}],"inLanguage":"de-DE"}]}},"_links":{"self":[{"href":"https:\/\/pirovano.it\/de\/wp-json\/wp\/v2\/pages\/2684","targetHints":{"allow":["GET"]}}],"collection":[{"href":"https:\/\/pirovano.it\/de\/wp-json\/wp\/v2\/pages"}],"about":[{"href":"https:\/\/pirovano.it\/de\/wp-json\/wp\/v2\/types\/page"}],"author":[{"embeddable":true,"href":"https:\/\/pirovano.it\/de\/wp-json\/wp\/v2\/users\/3"}],"replies":[{"embeddable":true,"href":"https:\/\/pirovano.it\/de\/wp-json\/wp\/v2\/comments?post=2684"}],"version-history":[{"count":8,"href":"https:\/\/pirovano.it\/de\/wp-json\/wp\/v2\/pages\/2684\/revisions"}],"predecessor-version":[{"id":13304,"href":"https:\/\/pirovano.it\/de\/wp-json\/wp\/v2\/pages\/2684\/revisions\/13304"}],"up":[{"embeddable":true,"href":"https:\/\/pirovano.it\/de\/wp-json\/wp\/v2\/pages\/2657"}],"wp:attachment":[{"href":"https:\/\/pirovano.it\/de\/wp-json\/wp\/v2\/media?parent=2684"}],"curies":[{"name":"wp","href":"https:\/\/api.w.org\/{rel}","templated":true}]}}