{"id":2701,"date":"2018-03-15T13:00:13","date_gmt":"2018-03-15T12:00:13","guid":{"rendered":"https:\/\/pirovano.it\/?page_id=2701"},"modified":"2024-12-20T09:22:20","modified_gmt":"2024-12-20T08:22:20","slug":"appartements-chalet-felse","status":"publish","type":"page","link":"https:\/\/pirovano.it\/de\/hotel-appartements\/appartements-bormio\/appartements-chalet-felse\/","title":{"rendered":"Ferienwohnungen Chalet Felse &#8211; Bormio (CIR:014009-CIM-00241) (CIN: IT014009B42V5GRV26)"},"content":{"rendered":"<p>Ihr Urlaub in der sch\u00f6nen Umgebung Bormio, ein bekannter Sommer- und Winterferienort der Alpen, der au\u00dfer f\u00fcr den Ski, auch f\u00fcr seine Therme bekannt ist.<\/p>\n<p>Pirovano stellt eigenen G\u00e4sten ver&#8221;schiedene in einem strategischen Stadtgebiet befindenden Ferienwohnungen, die in der N\u00e4he von zwei Geb\u00e4uden sind: das Chalet Felse auf der Milano-Stra\u00dfe und die Wohnungen Pirovano &#8211; Bormio auf der Roma-Stra\u00dfe.<\/p>\n<h3>Ferienwohnungen Chalet Felse &#8211; Bormio<\/h3>\n<p><strong>Milano-Stra\u00dfe, 24\/A &#8211; Bormio (SO) <a href=\"https:\/\/www.google.it\/maps\/place\/Via+Milano,+24,+23032+Bormio+SO\" target=\"_blank\" rel=\"noopener noreferrer\"><i class=\"fas fa-map-marker-alt\"><\/i> Karte<\/a><\/strong><\/p>\n<ul>\n<li><strong>Drei Schlafzimmer &#8220;Gran Zebr\u00f9&#8221; <\/strong>\u00bb ideal f\u00fcr 6 Personen, kann sie bis 6 G\u00e4ste unterbringen<\/li>\n<li><strong>Zwei Schlafzimmer &#8220;Cima Piazzi&#8221; <\/strong>\u00bb ideal f\u00fcr 4 Personen, kann sie bis 6 G\u00e4ste unterbringen<\/li>\n<li><strong>Zwei Schlafzimmer &#8220;Pizzo Tresero&#8221; <\/strong>\u00bb ideal f\u00fcr 4 Personen, kann sie bis 5 G\u00e4ste unterbringen<\/li>\n<li><strong>Ein Schlafzimmer &#8220;Monte Reit&#8221; <\/strong>\u00bb ideal f\u00fcr 2 Personen, kann sie bis 4 G\u00e4ste unterbringen<\/li>\n<li><strong>Ein Schlafzimmer &#8220;Cima Bianca&#8221; <\/strong>\u00bb ideal f\u00fcr 2 Personen, kann sie bis 4 G\u00e4ste unterbringen<\/li>\n<\/ul>\n<p>Die Wohnungen Chalet Felse befinden sich in der N\u00e4he von der Fu\u00dfg\u00e4ngerzone Bormio, von den Thermen und von den wichtigsten Sehensw\u00fcrdigkeiten des Ortes.<\/p>\n<p><strong>Die Einrichtungen beinhalten:<\/strong> komplett ausgestattete Kochecke mit Geschirr, Elektrohaushaltsger\u00e4ten (K\u00fchlschrank, Induktionskochplatten, Ofen, Sp\u00fclmaschine, Wasserkocher), Haartrockner, WLAN-Verbindung und Flachbildschirm.<\/p>\n<p>Waschmaschine und W\u00e4schetrockner befinden sich im Erdgeschoss in einem gemeinsamen Raum des Chalets.<\/p>\n<p>Die Appartements, die nur f\u00fcr Nichtraucher sind, werden mit H\u00f6flichkeiten Set und W\u00e4schen pro Person \u00fcbergeben.<\/p>\n<h3>Beschreibungen der Appartements<\/h3>\n<ul>\n<li><strong>Ferienwhonung &#8220;Gran Zebr\u00f9&#8221; \u00bb 120m\u00b2 ideal f\u00fcr 6 Personen, kann sie bis 6 G\u00e4ste unterbringen<\/strong><br \/>\nDer Schlafbereich befindet sich im zweiten Stock des Chalets und besteht aus 3 Schlafzimmern, von denen sich 2 auf der oberen Ebene des Apartments befinden und 1 Doppelzimmer auf der ersten Ebene. Zwei Badezimmer. Auf der ersten Ebene Wohnzimmer mit bequemem Sofa, Essbereich, Balkon und separater K\u00fcche.<\/li>\n<li><strong>Ferienwhonung &#8220;Cima Piazzi&#8221; \u00bb 70m\u00b2 ideal f\u00fcr 4 Personen, kann sie bis 6 G\u00e4ste unterbringen<\/strong><br \/>\nIm ersten Stock des Chalets befindend, besteht der Schlafbereich aus 2 Schlafzimmern mit ger\u00e4umigen Schr\u00e4nken Garderobe, Schreibtischen und zwei B\u00e4der. Der Wohnzimmer besteht aus franz\u00f6sischem Sofa und Essecke. Der Zugang zum Balkon ist durch das Ehebett m\u00f6glich.<\/li>\n<li><strong>Ferienwohnung &#8220;Pizzo Tresero&#8221; \u00bb 60m\u00b2 ideal f\u00fcr 4 Personen, kann sie bis 5 G\u00e4ste unterbringen<\/strong><br \/>\nIm zweiten Stock des Chalets befindend, besteht der Schlafbereich aus 2 Schlafzimmern mit ger\u00e4umigen Schr\u00e4nken Garderobe und Schreibtischen. Der Wohnzimmer besteht aus ein Sofa und Essecke. Der Zugang zum Balkon ist durch das Ehebett m\u00f6glich.<\/li>\n<li><strong>Ferienrwohnung &#8220;Monte Reit&#8221; \u00bb 44m\u00b2 ideal f\u00fcr 2 Personen, kann sie bis 4 G\u00e4ste unterbringen<\/strong><br \/>\nDas Apartment befindet sich im ersten Stock und verf\u00fcgt \u00fcber ein Schlafzimmer mit Doppelbett, einen gro\u00dfen Kleiderschrank und einen Schreibtisch, ein Wohnzimmer mit einem Doppelschlafsofa, einen Essbereich und einen Balkon.<\/li>\n<li><strong>Ferienwohnung &#8220;Cima Bianca&#8221; \u00bb 56m\u00b2 ideal f\u00fcr 2 Personen, kann sie bis 4 G\u00e4ste unterbringen<\/strong><br \/>\nDer Schlafbereich besteht aus 1 Ehebett und ger\u00e4umigen Schr\u00e4nken Garderobe und einem Schreibtisch. Der Wohnzimmer besteht aus 2 franz\u00f6sischen Pl\u00e4tzen und Essecke.<\/li>\n<\/ul>\n<p><img loading=\"lazy\" decoding=\"async\" class=\"alignnone wp-image-7235\" src=\"https:\/\/pirovano.it\/wp-content\/uploads\/2021\/01\/GranZEBRU.jpg\" alt=\"\" width=\"330\" height=\"351\" \/>\u2800<img loading=\"lazy\" decoding=\"async\" class=\"alignnone wp-image-7232\" src=\"https:\/\/pirovano.it\/wp-content\/uploads\/2021\/01\/CimaPIZZI.jpg\" alt=\"\" width=\"226\" height=\"351\" \/><br \/>\n<img loading=\"lazy\" decoding=\"async\" class=\"alignnone wp-image-7244\" src=\"https:\/\/pirovano.it\/wp-content\/uploads\/2021\/01\/MonteTRESERO.jpg\" alt=\"\" width=\"201\" height=\"351\" \/>\u2800<img loading=\"lazy\" decoding=\"async\" class=\"alignnone wp-image-7241\" src=\"https:\/\/pirovano.it\/wp-content\/uploads\/2021\/01\/MonteREIT.jpg\" alt=\"\" width=\"191\" height=\"351\" \/>\u2800<img loading=\"lazy\" decoding=\"async\" class=\"alignnone wp-image-7229\" src=\"https:\/\/pirovano.it\/wp-content\/uploads\/2021\/01\/CimaBIANCA.jpg\" alt=\"\" width=\"194\" height=\"351\" \/><\/p>\n<h6>Weitere Informationen<\/h6>\n<ul>\n<li><em>Am Anreisetag stehen die Apartments ab 15.30 Uhr zur Verf\u00fcgung und der Abreisetag muss um 9.30 Uhr ger\u00e4umt sein<\/em><\/li>\n<li><em>Ank\u00fcnfte nach 18.30 Uhr m\u00fcssen im Voraus unter der Nummer (+39) 338 3749438 mitgeteilt werden<\/em><\/li>\n<li><em>Kurtaxe 1,50 \u20ac pro Tag, zahlbar bei der Ankunft, gilt f\u00fcr maximal sieben Tage. Ausgenommen Minderj\u00e4hrige bis zum zw\u00f6lften Lebensjahr<\/em><\/li>\n<li><a href=\"https:\/\/www.google.it\/maps\/place\/Via+Milano,+24,+23032+Bormio+SO\" target=\"_blank\" rel=\"noopener noreferrer\"><em> Karte<\/em><\/a><\/li>\n<\/ul>\n<hr \/>\n<ul>\n<li>\n<h4><strong><a href=\"https:\/\/pirovano.it\/de\/angebote-und-preise\/appartaments-preise-bormio\/winter\/\">Winter Preise 2024\/2025<\/a><\/strong><\/h4>\n<\/li>\n<\/ul>\n<hr \/>\n<h4><strong>Traveller awards<\/strong><\/h4>\n<p><img loading=\"lazy\" decoding=\"async\" class=\"wp-image-6541 alignleft\" src=\"https:\/\/pirovano.it\/wp-content\/uploads\/2020\/05\/Appartamenti-Pirovano-300x300.png\" alt=\"\" width=\"165\" height=\"165\" srcset=\"https:\/\/pirovano.it\/wp-content\/uploads\/2020\/05\/Appartamenti-Pirovano-300x300.png 300w, https:\/\/pirovano.it\/wp-content\/uploads\/2020\/05\/Appartamenti-Pirovano-150x150.png 150w, https:\/\/pirovano.it\/wp-content\/uploads\/2020\/05\/Appartamenti-Pirovano-500x500.png 500w, https:\/\/pirovano.it\/wp-content\/uploads\/2020\/05\/Appartamenti-Pirovano-96x96.png 96w, https:\/\/pirovano.it\/wp-content\/uploads\/2020\/05\/Appartamenti-Pirovano.png 600w\" sizes=\"auto, (max-width: 165px) 100vw, 165px\" \/> <img loading=\"lazy\" decoding=\"async\" class=\"alignnone wp-image-6584\" src=\"https:\/\/pirovano.it\/wp-content\/uploads\/2020\/06\/Appartamenti-Pirovano-232x300.jpg\" alt=\"\" width=\"133\" height=\"172\" srcset=\"https:\/\/pirovano.it\/wp-content\/uploads\/2020\/06\/Appartamenti-Pirovano-232x300.jpg 232w, https:\/\/pirovano.it\/wp-content\/uploads\/2020\/06\/Appartamenti-Pirovano-791x1024.jpg 791w, https:\/\/pirovano.it\/wp-content\/uploads\/2020\/06\/Appartamenti-Pirovano-768x994.jpg 768w, https:\/\/pirovano.it\/wp-content\/uploads\/2020\/06\/Appartamenti-Pirovano-1187x1536.jpg 1187w, https:\/\/pirovano.it\/wp-content\/uploads\/2020\/06\/Appartamenti-Pirovano-1583x2048.jpg 1583w, https:\/\/pirovano.it\/wp-content\/uploads\/2020\/06\/Appartamenti-Pirovano-823x1065.jpg 823w, https:\/\/pirovano.it\/wp-content\/uploads\/2020\/06\/Appartamenti-Pirovano-scaled.jpg 1978w\" sizes=\"auto, (max-width: 133px) 100vw, 133px\" \/><\/p>\n<hr \/>\n<h4><strong><em>Unternehmerisch gef\u00fchrtes Ferienhaus. CIR: 014009-REC-00018<\/em><\/strong><\/h4>\n","protected":false},"excerpt":{"rendered":"<p>Ihr Urlaub in der sch\u00f6nen Umgebung Bormio, ein bekannter Sommer- und Winterferienort der Alpen, der au\u00dfer f\u00fcr den Ski, auch f\u00fcr seine Therme bekannt ist. Pirovano stellt eigenen G\u00e4sten ver&#8221;schiedene in einem strategischen Stadtgebiet befindenden Ferienwohnungen, die in der N\u00e4he von zwei Geb\u00e4uden sind: das Chalet Felse auf der Milano-Stra\u00dfe und die Wohnungen Pirovano &#8211; [&hellip;]<\/p>\n","protected":false},"author":3,"featured_media":742,"parent":2698,"menu_order":0,"comment_status":"closed","ping_status":"closed","template":"","meta":{"footnotes":""},"class_list":["post-2701","page","type-page","status-publish","has-post-thumbnail","hentry","odd"],"yoast_head":"<!-- This site is optimized with the Yoast SEO plugin v27.4 - https:\/\/yoast.com\/product\/yoast-seo-wordpress\/ -->\n<title>Ferienwohnungen Chalet Felse - Bormio<\/title>\n<meta name=\"description\" content=\"Ferienwohnungen Chalet Felse - Bormio. Winter und Sommer\" \/>\n<meta name=\"robots\" content=\"index, follow, max-snippet:-1, max-image-preview:large, max-video-preview:-1\" \/>\n<link rel=\"canonical\" href=\"https:\/\/pirovano.it\/de\/hotel-appartements\/appartements-bormio\/appartements-chalet-felse\/\" \/>\n<meta property=\"og:locale\" content=\"de_DE\" \/>\n<meta property=\"og:type\" content=\"article\" \/>\n<meta property=\"og:title\" content=\"Ferienwohnungen Chalet Felse - Bormio\" \/>\n<meta property=\"og:description\" content=\"Ferienwohnungen Chalet Felse - Bormio. Winter und Sommer\" \/>\n<meta property=\"og:url\" content=\"https:\/\/pirovano.it\/de\/hotel-appartements\/appartements-bormio\/appartements-chalet-felse\/\" \/>\n<meta property=\"og:site_name\" content=\"Pirovano\" \/>\n<meta property=\"article:modified_time\" content=\"2024-12-20T08:22:20+00:00\" \/>\n<meta property=\"og:image\" content=\"https:\/\/pirovano.it\/wp-content\/uploads\/2018\/03\/bormio-pano.jpg\" \/>\n\t<meta property=\"og:image:width\" content=\"1920\" \/>\n\t<meta property=\"og:image:height\" content=\"1097\" \/>\n\t<meta property=\"og:image:type\" content=\"image\/jpeg\" \/>\n<meta name=\"twitter:card\" content=\"summary_large_image\" \/>\n<meta name=\"twitter:label1\" content=\"Est. reading time\" \/>\n\t<meta name=\"twitter:data1\" content=\"5 minutes\" \/>\n<script type=\"application\/ld+json\" class=\"yoast-schema-graph\">{\"@context\":\"https:\\\/\\\/schema.org\",\"@graph\":[{\"@type\":\"WebPage\",\"@id\":\"https:\\\/\\\/pirovano.it\\\/de\\\/hotel-appartements\\\/appartements-bormio\\\/appartements-chalet-felse\\\/\",\"url\":\"https:\\\/\\\/pirovano.it\\\/de\\\/hotel-appartements\\\/appartements-bormio\\\/appartements-chalet-felse\\\/\",\"name\":\"Ferienwohnungen Chalet Felse - Bormio\",\"isPartOf\":{\"@id\":\"https:\\\/\\\/pirovano.it\\\/it\\\/#website\"},\"primaryImageOfPage\":{\"@id\":\"https:\\\/\\\/pirovano.it\\\/de\\\/hotel-appartements\\\/appartements-bormio\\\/appartements-chalet-felse\\\/#primaryimage\"},\"image\":{\"@id\":\"https:\\\/\\\/pirovano.it\\\/de\\\/hotel-appartements\\\/appartements-bormio\\\/appartements-chalet-felse\\\/#primaryimage\"},\"thumbnailUrl\":\"https:\\\/\\\/pirovano.it\\\/wp-content\\\/uploads\\\/2018\\\/03\\\/bormio-pano.jpg\",\"datePublished\":\"2018-03-15T12:00:13+00:00\",\"dateModified\":\"2024-12-20T08:22:20+00:00\",\"description\":\"Ferienwohnungen Chalet Felse - Bormio. Winter und Sommer\",\"breadcrumb\":{\"@id\":\"https:\\\/\\\/pirovano.it\\\/de\\\/hotel-appartements\\\/appartements-bormio\\\/appartements-chalet-felse\\\/#breadcrumb\"},\"inLanguage\":\"de-DE\",\"potentialAction\":[{\"@type\":\"ReadAction\",\"target\":[\"https:\\\/\\\/pirovano.it\\\/de\\\/hotel-appartements\\\/appartements-bormio\\\/appartements-chalet-felse\\\/\"]}]},{\"@type\":\"ImageObject\",\"inLanguage\":\"de-DE\",\"@id\":\"https:\\\/\\\/pirovano.it\\\/de\\\/hotel-appartements\\\/appartements-bormio\\\/appartements-chalet-felse\\\/#primaryimage\",\"url\":\"https:\\\/\\\/pirovano.it\\\/wp-content\\\/uploads\\\/2018\\\/03\\\/bormio-pano.jpg\",\"contentUrl\":\"https:\\\/\\\/pirovano.it\\\/wp-content\\\/uploads\\\/2018\\\/03\\\/bormio-pano.jpg\",\"width\":1920,\"height\":1097},{\"@type\":\"BreadcrumbList\",\"@id\":\"https:\\\/\\\/pirovano.it\\\/de\\\/hotel-appartements\\\/appartements-bormio\\\/appartements-chalet-felse\\\/#breadcrumb\",\"itemListElement\":[{\"@type\":\"ListItem\",\"position\":1,\"name\":\"Home\",\"item\":\"https:\\\/\\\/pirovano.it\\\/de\\\/\"},{\"@type\":\"ListItem\",\"position\":2,\"name\":\"Hotel und Appartements\",\"item\":\"https:\\\/\\\/pirovano.it\\\/de\\\/hotel-appartements\\\/\"},{\"@type\":\"ListItem\",\"position\":3,\"name\":\"Ferienhaus in Bormio und Valdidentro\",\"item\":\"https:\\\/\\\/pirovano.it\\\/de\\\/hotel-appartements\\\/appartements-bormio\\\/\"},{\"@type\":\"ListItem\",\"position\":4,\"name\":\"Ferienwohnungen Chalet Felse &#8211; Bormio (CIR:014009-CIM-00241) (CIN: IT014009B42V5GRV26)\"}]},{\"@type\":\"WebSite\",\"@id\":\"https:\\\/\\\/pirovano.it\\\/it\\\/#website\",\"url\":\"https:\\\/\\\/pirovano.it\\\/it\\\/\",\"name\":\"Pirovano\",\"description\":\"Universit\u00e0 dello Sci, dello Snowboard e della Montagna\",\"potentialAction\":[{\"@type\":\"SearchAction\",\"target\":{\"@type\":\"EntryPoint\",\"urlTemplate\":\"https:\\\/\\\/pirovano.it\\\/it\\\/?s={search_term_string}\"},\"query-input\":{\"@type\":\"PropertyValueSpecification\",\"valueRequired\":true,\"valueName\":\"search_term_string\"}}],\"inLanguage\":\"de-DE\"}]}<\/script>\n<!-- \/ Yoast SEO plugin. -->","yoast_head_json":{"title":"Ferienwohnungen Chalet Felse - Bormio","description":"Ferienwohnungen Chalet Felse - Bormio. Winter und Sommer","robots":{"index":"index","follow":"follow","max-snippet":"max-snippet:-1","max-image-preview":"max-image-preview:large","max-video-preview":"max-video-preview:-1"},"canonical":"https:\/\/pirovano.it\/de\/hotel-appartements\/appartements-bormio\/appartements-chalet-felse\/","og_locale":"de_DE","og_type":"article","og_title":"Ferienwohnungen Chalet Felse - Bormio","og_description":"Ferienwohnungen Chalet Felse - Bormio. Winter und Sommer","og_url":"https:\/\/pirovano.it\/de\/hotel-appartements\/appartements-bormio\/appartements-chalet-felse\/","og_site_name":"Pirovano","article_modified_time":"2024-12-20T08:22:20+00:00","og_image":[{"width":1920,"height":1097,"url":"https:\/\/pirovano.it\/wp-content\/uploads\/2018\/03\/bormio-pano.jpg","type":"image\/jpeg"}],"twitter_card":"summary_large_image","twitter_misc":{"Est. reading time":"5 minutes"},"schema":{"@context":"https:\/\/schema.org","@graph":[{"@type":"WebPage","@id":"https:\/\/pirovano.it\/de\/hotel-appartements\/appartements-bormio\/appartements-chalet-felse\/","url":"https:\/\/pirovano.it\/de\/hotel-appartements\/appartements-bormio\/appartements-chalet-felse\/","name":"Ferienwohnungen Chalet Felse - Bormio","isPartOf":{"@id":"https:\/\/pirovano.it\/it\/#website"},"primaryImageOfPage":{"@id":"https:\/\/pirovano.it\/de\/hotel-appartements\/appartements-bormio\/appartements-chalet-felse\/#primaryimage"},"image":{"@id":"https:\/\/pirovano.it\/de\/hotel-appartements\/appartements-bormio\/appartements-chalet-felse\/#primaryimage"},"thumbnailUrl":"https:\/\/pirovano.it\/wp-content\/uploads\/2018\/03\/bormio-pano.jpg","datePublished":"2018-03-15T12:00:13+00:00","dateModified":"2024-12-20T08:22:20+00:00","description":"Ferienwohnungen Chalet Felse - Bormio. Winter und Sommer","breadcrumb":{"@id":"https:\/\/pirovano.it\/de\/hotel-appartements\/appartements-bormio\/appartements-chalet-felse\/#breadcrumb"},"inLanguage":"de-DE","potentialAction":[{"@type":"ReadAction","target":["https:\/\/pirovano.it\/de\/hotel-appartements\/appartements-bormio\/appartements-chalet-felse\/"]}]},{"@type":"ImageObject","inLanguage":"de-DE","@id":"https:\/\/pirovano.it\/de\/hotel-appartements\/appartements-bormio\/appartements-chalet-felse\/#primaryimage","url":"https:\/\/pirovano.it\/wp-content\/uploads\/2018\/03\/bormio-pano.jpg","contentUrl":"https:\/\/pirovano.it\/wp-content\/uploads\/2018\/03\/bormio-pano.jpg","width":1920,"height":1097},{"@type":"BreadcrumbList","@id":"https:\/\/pirovano.it\/de\/hotel-appartements\/appartements-bormio\/appartements-chalet-felse\/#breadcrumb","itemListElement":[{"@type":"ListItem","position":1,"name":"Home","item":"https:\/\/pirovano.it\/de\/"},{"@type":"ListItem","position":2,"name":"Hotel und Appartements","item":"https:\/\/pirovano.it\/de\/hotel-appartements\/"},{"@type":"ListItem","position":3,"name":"Ferienhaus in Bormio und Valdidentro","item":"https:\/\/pirovano.it\/de\/hotel-appartements\/appartements-bormio\/"},{"@type":"ListItem","position":4,"name":"Ferienwohnungen Chalet Felse &#8211; Bormio (CIR:014009-CIM-00241) (CIN: IT014009B42V5GRV26)"}]},{"@type":"WebSite","@id":"https:\/\/pirovano.it\/it\/#website","url":"https:\/\/pirovano.it\/it\/","name":"Pirovano","description":"Universit\u00e0 dello Sci, dello Snowboard e della Montagna","potentialAction":[{"@type":"SearchAction","target":{"@type":"EntryPoint","urlTemplate":"https:\/\/pirovano.it\/it\/?s={search_term_string}"},"query-input":{"@type":"PropertyValueSpecification","valueRequired":true,"valueName":"search_term_string"}}],"inLanguage":"de-DE"}]}},"_links":{"self":[{"href":"https:\/\/pirovano.it\/de\/wp-json\/wp\/v2\/pages\/2701","targetHints":{"allow":["GET"]}}],"collection":[{"href":"https:\/\/pirovano.it\/de\/wp-json\/wp\/v2\/pages"}],"about":[{"href":"https:\/\/pirovano.it\/de\/wp-json\/wp\/v2\/types\/page"}],"author":[{"embeddable":true,"href":"https:\/\/pirovano.it\/de\/wp-json\/wp\/v2\/users\/3"}],"replies":[{"embeddable":true,"href":"https:\/\/pirovano.it\/de\/wp-json\/wp\/v2\/comments?post=2701"}],"version-history":[{"count":68,"href":"https:\/\/pirovano.it\/de\/wp-json\/wp\/v2\/pages\/2701\/revisions"}],"predecessor-version":[{"id":5971,"href":"https:\/\/pirovano.it\/de\/wp-json\/wp\/v2\/pages\/2701\/revisions\/5971"}],"up":[{"embeddable":true,"href":"https:\/\/pirovano.it\/de\/wp-json\/wp\/v2\/pages\/2698"}],"wp:featuredmedia":[{"embeddable":true,"href":"https:\/\/pirovano.it\/de\/wp-json\/wp\/v2\/media\/742"}],"wp:attachment":[{"href":"https:\/\/pirovano.it\/de\/wp-json\/wp\/v2\/media?parent=2701"}],"curies":[{"name":"wp","href":"https:\/\/api.w.org\/{rel}","templated":true}]}}