{"id":2709,"date":"2018-03-12T14:14:23","date_gmt":"2018-03-12T13:14:23","guid":{"rendered":"http:\/\/pirovano.it\/?page_id=2709"},"modified":"2025-01-23T08:15:10","modified_gmt":"2025-01-23T07:15:10","slug":"appartements-pirovano","status":"publish","type":"page","link":"https:\/\/pirovano.it\/de\/hotel-appartements\/appartements-bormio\/appartements-pirovano\/","title":{"rendered":"Ferienwohnungen Pirovano &#8211; Bormio (CIR: 014009-CIM-00243, CIN: IT014009B4OFBMKAIJ)"},"content":{"rendered":"<p>Ihr Urlaub in der sch\u00f6nen Umgebung Bormio, ein bekannter Sommer- und Winterferienort der Alpen, der au\u00dfer f\u00fcr den Ski, auch f\u00fcr seine Therme bekannt ist.<\/p>\n<p>Pirovano stellt eigenen G\u00e4sten verschiedene in einem strategischen Stadtgebiet befindenden Ferienwohnungen, die in der N\u00e4he von zwei Geb\u00e4uden sind: das \u201cChalet Felse\u201d auf der Milano-Stra\u00dfe und die Wohnungen &#8220;Pirovano&#8221; auf der Roma-Stra\u00dfe.<\/p>\n<h3>Ferienwohnungen Pirovano &#8211; Bormio<\/h3>\n<p><strong>Roma-Stra\u00dfe, 131 &#8211; Bormio (SO) <a href=\"https:\/\/www.google.it\/maps\/place\/Via+Roma,+131,+23032+Bormio+SO\" target=\"_blank\" rel=\"noopener noreferrer\"><i class=\"fas fa-map-marker-alt\"><\/i> Karte<\/a><\/strong><\/p>\n<ul>\n<li><strong>Drei Schlafzimmern &#8220;Pino Cembro&#8221; <\/strong>\u00bb 5 Betten 98m\u00b2<\/li>\n<li><strong>Zwei Schlafzimmern &#8220;Larice Bianco&#8221; <\/strong>\u00bb 4 Betten 98m\u00b2<\/li>\n<li><strong>Zwei Schlafzimmern &#8220;Noce&#8221; <\/strong>\u00bb 4 Betten 80m\u00b2<\/li>\n<li><strong>Zwei Schlafzimmern &#8220;Abete Rosso&#8221; <\/strong>\u00bb 4 Betten 80m\u00b2 &#8211; <span style=\"color: #ff0000;\"><strong>derzeit nicht verf\u00fcgbar<\/strong><\/span><\/li>\n<\/ul>\n<p>Die hellen und komfortablen Wohnungen mit warmen Einrichtungen im Alpenstil befinden sich in einem strategischen Stadtgebiet, das erst ein paar Schritte vom historischen Zentrum, von den Thermen und den wichtigsten Sehensw\u00fcrdigkeiten des Ortes entfernt ist.<\/p>\n<p><strong>Die Einrichtungen beinhalten:<\/strong> komplett ausgestattete Kochecke mit Geschirr, Elektrohaushaltsger\u00e4ten (K\u00fchlschrank, Induktionskochplatten, Ofen, Sp\u00fclmaschine, Wasserkocher), Haartrockner, WLAN-Verbindung, Flachbildschirm und Waschmaschine.<\/p>\n<p>Die Appartements, die nur f\u00fcr Nichtraucher sind, werden mit H\u00f6flichkeiten Set und W\u00e4schen pro Person \u00fcbergeben.<\/p>\n<h3>Beschreibungen der Appartements<\/h3>\n<ul>\n<li><strong> Ferienwhonung &#8220;Pino Cembro&#8221; <\/strong>\u00bb 5 Betten 98m\u00b2<strong><br \/>\n<\/strong>Der <strong>Schlafbereich<\/strong> besteht aus 3 Schlafzimmern (1 mit Ehebett, 1 mit 2 Einzelbetten und 1 mit 1 Einzelbetten). Beide sind mit ger\u00e4umigem Schrank Garderobe und Schreibtisch versehen. Eine Schrankkabine und zwei B\u00e4der erg\u00e4nzen die Einrichtung. Der <strong>Wohnbereich<\/strong> besteht aus einem Wohnzimmer, Esstisch, Kochecke und ger\u00e4umige M\u00f6belst\u00fccke.<\/li>\n<li><strong>Ferienwhonung &#8220;Larice Bianco&#8221; <\/strong>\u00bb 4 Betten 98m\u00b2<strong><br \/>\n<\/strong>Der <strong>Schlafbereich<\/strong> besteht aus 2 Schlafzimmern (1 mit Ehebett und 1 mit 2 Einzelbetten). Beide sind mit ger\u00e4umigem Schrank Garderobe und Schreibtisch versehen. Eine Schrankkabine und zwei B\u00e4der erg\u00e4nzen die Einrichtung. Der <strong>Wohnbereich<\/strong> besteht aus einem Wohnzimmer, Esstisch, Kochecke und ger\u00e4umige M\u00f6belst\u00fccke.<\/li>\n<li><strong>Ferienwhonung &#8220;Noce&#8221; <\/strong>\u00bb 4 Betten 80m\u00b2<strong><br \/>\n<\/strong>Der <strong>Schlafbereich<\/strong> besteht aus 2 Schlafzimmern (1 mit Ehebett und 1 mit 2 Einzelbetten). Beide sind mit ger\u00e4umigem Schr\u00e4nken Garderobe versehen. Der <strong>Wohnbereich<\/strong> besteht aus einem Wohnzimmer, Esstisch, Kochecke und ger\u00e4umige M\u00f6belst\u00fccke.<\/li>\n<li><strong> Ferienwhonung &#8220;Abete Rosso&#8221; <\/strong>\u00bb 4 Betten 80m\u00b2 &#8211; <span style=\"color: #ff0000;\"><strong>derzeit nicht verf\u00fcgbar<\/strong><\/span><strong><br \/>\n<\/strong>Der <strong>Schlafbereich<\/strong> besteht aus 2 Schlafzimmern (1 mit Ehebett und 1 mit 2 Einzelbetten). Beide sind mit ger\u00e4umigem Schr\u00e4nken Garderobe versehen. Der <strong>Wohnbereich<\/strong> besteht aus einem Wohnzimmer, Esstisch, Kochecke und ger\u00e4umige M\u00f6belst\u00fccke.<\/li>\n<\/ul>\n<p><img loading=\"lazy\" decoding=\"async\" class=\"alignnone wp-image-7250\" src=\"https:\/\/pirovano.it\/wp-content\/uploads\/2021\/01\/PinoCEMBRO.jpg\" alt=\"\" width=\"400\" height=\"223\" srcset=\"https:\/\/pirovano.it\/wp-content\/uploads\/2021\/01\/PinoCEMBRO.jpg 591w, https:\/\/pirovano.it\/wp-content\/uploads\/2021\/01\/PinoCEMBRO-300x168.jpg 300w\" sizes=\"auto, (max-width: 400px) 100vw, 400px\" \/>\u2800<img loading=\"lazy\" decoding=\"async\" class=\"alignnone wp-image-7238\" src=\"https:\/\/pirovano.it\/wp-content\/uploads\/2021\/01\/LariceBIANCO.jpg\" alt=\"\" width=\"400\" height=\"223\" srcset=\"https:\/\/pirovano.it\/wp-content\/uploads\/2021\/01\/LariceBIANCO.jpg 591w, https:\/\/pirovano.it\/wp-content\/uploads\/2021\/01\/LariceBIANCO-300x168.jpg 300w\" sizes=\"auto, (max-width: 400px) 100vw, 400px\" \/><br \/>\n<img loading=\"lazy\" decoding=\"async\" class=\"alignnone wp-image-7247\" src=\"https:\/\/pirovano.it\/wp-content\/uploads\/2021\/01\/NOCE.jpg\" alt=\"\" width=\"400\" height=\"204\" srcset=\"https:\/\/pirovano.it\/wp-content\/uploads\/2021\/01\/NOCE.jpg 591w, https:\/\/pirovano.it\/wp-content\/uploads\/2021\/01\/NOCE-300x153.jpg 300w\" sizes=\"auto, (max-width: 400px) 100vw, 400px\" \/>\u2800<img loading=\"lazy\" decoding=\"async\" class=\"alignnone wp-image-7226\" src=\"https:\/\/pirovano.it\/wp-content\/uploads\/2021\/01\/AbeteROSSO.jpg\" alt=\"\" width=\"400\" height=\"204\" srcset=\"https:\/\/pirovano.it\/wp-content\/uploads\/2021\/01\/AbeteROSSO.jpg 591w, https:\/\/pirovano.it\/wp-content\/uploads\/2021\/01\/AbeteROSSO-300x153.jpg 300w\" sizes=\"auto, (max-width: 400px) 100vw, 400px\" \/><\/p>\n<h6>Weitere Informationen<\/h6>\n<ul>\n<li><em>Am Anreisetag stehen die Apartments ab 15.30 Uhr zur Verf\u00fcgung und der Abreisetag muss um 9.30 Uhr ger\u00e4umt sein<\/em><\/li>\n<li><em>Ank\u00fcnfte nach 18.30 Uhr m\u00fcssen im Voraus unter der Nummer (+39) 338 3749438 mitgeteilt werden<\/em><\/li>\n<li><em>Kurtaxe 1,50 \u20ac pro Tag, zahlbar bei der Ankunft, gilt f\u00fcr maximal sieben Tage. Ausgenommen Minderj\u00e4hrige bis zum zw\u00f6lften Lebensjahr<\/em><\/li>\n<li><a href=\"https:\/\/www.google.it\/maps\/place\/Via+Milano,+24,+23032+Bormio+SO\" target=\"_blank\" rel=\"noopener noreferrer\"><i class=\"fas fa-map-marker-alt\"><\/i> <em>Karte<\/em><\/a><\/li>\n<\/ul>\n<hr \/>\n<ul>\n<li>\n<h4><strong><a href=\"https:\/\/pirovano.it\/de\/angebote-und-preise\/appartaments-preise-bormio\/winter\/\">Winter Preise 2024\/2025<\/a><\/strong><\/h4>\n<\/li>\n<\/ul>\n<hr \/>\n<h4><strong>Traveller awards<\/strong><\/h4>\n<p><img loading=\"lazy\" decoding=\"async\" class=\"wp-image-6541 alignleft\" src=\"https:\/\/pirovano.it\/wp-content\/uploads\/2020\/05\/Appartamenti-Pirovano-300x300.png\" alt=\"\" width=\"165\" height=\"165\" srcset=\"https:\/\/pirovano.it\/wp-content\/uploads\/2020\/05\/Appartamenti-Pirovano-300x300.png 300w, https:\/\/pirovano.it\/wp-content\/uploads\/2020\/05\/Appartamenti-Pirovano-150x150.png 150w, https:\/\/pirovano.it\/wp-content\/uploads\/2020\/05\/Appartamenti-Pirovano-500x500.png 500w, https:\/\/pirovano.it\/wp-content\/uploads\/2020\/05\/Appartamenti-Pirovano-96x96.png 96w, https:\/\/pirovano.it\/wp-content\/uploads\/2020\/05\/Appartamenti-Pirovano.png 600w\" sizes=\"auto, (max-width: 165px) 100vw, 165px\" \/> <img loading=\"lazy\" decoding=\"async\" class=\"alignnone wp-image-6584\" src=\"https:\/\/pirovano.it\/wp-content\/uploads\/2020\/06\/Appartamenti-Pirovano-232x300.jpg\" alt=\"\" width=\"133\" height=\"172\" srcset=\"https:\/\/pirovano.it\/wp-content\/uploads\/2020\/06\/Appartamenti-Pirovano-232x300.jpg 232w, https:\/\/pirovano.it\/wp-content\/uploads\/2020\/06\/Appartamenti-Pirovano-791x1024.jpg 791w, https:\/\/pirovano.it\/wp-content\/uploads\/2020\/06\/Appartamenti-Pirovano-768x994.jpg 768w, https:\/\/pirovano.it\/wp-content\/uploads\/2020\/06\/Appartamenti-Pirovano-1187x1536.jpg 1187w, https:\/\/pirovano.it\/wp-content\/uploads\/2020\/06\/Appartamenti-Pirovano-1583x2048.jpg 1583w, https:\/\/pirovano.it\/wp-content\/uploads\/2020\/06\/Appartamenti-Pirovano-823x1065.jpg 823w, https:\/\/pirovano.it\/wp-content\/uploads\/2020\/06\/Appartamenti-Pirovano-scaled.jpg 1978w\" sizes=\"auto, (max-width: 133px) 100vw, 133px\" \/><\/p>\n<hr \/>\n<h4><strong><em>Unternehmerisch gef\u00fchrtes Ferienhaus. CIR: 014009-REC-00017<\/em><\/strong><\/h4>\n","protected":false},"excerpt":{"rendered":"<p>Ihr Urlaub in der sch\u00f6nen Umgebung Bormio, ein bekannter Sommer- und Winterferienort der Alpen, der au\u00dfer f\u00fcr den Ski, auch f\u00fcr seine Therme bekannt ist. Pirovano stellt eigenen G\u00e4sten verschiedene in einem strategischen Stadtgebiet befindenden Ferienwohnungen, die in der N\u00e4he von zwei Geb\u00e4uden sind: das \u201cChalet Felse\u201d auf der Milano-Stra\u00dfe und die Wohnungen &#8220;Pirovano&#8221; auf [&hellip;]<\/p>\n","protected":false},"author":3,"featured_media":742,"parent":2698,"menu_order":0,"comment_status":"closed","ping_status":"closed","template":"","meta":{"footnotes":""},"class_list":["post-2709","page","type-page","status-publish","has-post-thumbnail","hentry","odd"],"yoast_head":"<!-- This site is optimized with the Yoast SEO plugin v27.3 - https:\/\/yoast.com\/product\/yoast-seo-wordpress\/ -->\n<title>Ferienwohnungen Pirovano - Bormio<\/title>\n<meta name=\"description\" content=\"Ferienwohnungen Pirovano - Bormio. Winter und Sommer\" \/>\n<meta name=\"robots\" content=\"index, follow, max-snippet:-1, max-image-preview:large, max-video-preview:-1\" \/>\n<link rel=\"canonical\" href=\"https:\/\/pirovano.it\/de\/hotel-appartements\/appartements-bormio\/appartements-pirovano\/\" \/>\n<meta property=\"og:locale\" content=\"de_DE\" \/>\n<meta property=\"og:type\" content=\"article\" \/>\n<meta property=\"og:title\" content=\"Ferienwohnungen Pirovano - Bormio\" \/>\n<meta property=\"og:description\" content=\"Ferienwohnungen Pirovano - Bormio. Winter und Sommer\" \/>\n<meta property=\"og:url\" content=\"https:\/\/pirovano.it\/de\/hotel-appartements\/appartements-bormio\/appartements-pirovano\/\" \/>\n<meta property=\"og:site_name\" content=\"Pirovano\" \/>\n<meta property=\"article:modified_time\" content=\"2025-01-23T07:15:10+00:00\" \/>\n<meta property=\"og:image\" content=\"https:\/\/pirovano.it\/wp-content\/uploads\/2018\/03\/bormio-pano.jpg\" \/>\n\t<meta property=\"og:image:width\" content=\"1920\" \/>\n\t<meta property=\"og:image:height\" content=\"1097\" \/>\n\t<meta property=\"og:image:type\" content=\"image\/jpeg\" \/>\n<meta name=\"twitter:card\" content=\"summary_large_image\" \/>\n<meta name=\"twitter:label1\" content=\"Est. reading time\" \/>\n\t<meta name=\"twitter:data1\" content=\"4 minutes\" \/>\n<script type=\"application\/ld+json\" class=\"yoast-schema-graph\">{\"@context\":\"https:\\\/\\\/schema.org\",\"@graph\":[{\"@type\":\"WebPage\",\"@id\":\"https:\\\/\\\/pirovano.it\\\/de\\\/hotel-appartements\\\/appartements-bormio\\\/appartements-pirovano\\\/\",\"url\":\"https:\\\/\\\/pirovano.it\\\/de\\\/hotel-appartements\\\/appartements-bormio\\\/appartements-pirovano\\\/\",\"name\":\"Ferienwohnungen Pirovano - Bormio\",\"isPartOf\":{\"@id\":\"https:\\\/\\\/pirovano.it\\\/it\\\/#website\"},\"primaryImageOfPage\":{\"@id\":\"https:\\\/\\\/pirovano.it\\\/de\\\/hotel-appartements\\\/appartements-bormio\\\/appartements-pirovano\\\/#primaryimage\"},\"image\":{\"@id\":\"https:\\\/\\\/pirovano.it\\\/de\\\/hotel-appartements\\\/appartements-bormio\\\/appartements-pirovano\\\/#primaryimage\"},\"thumbnailUrl\":\"https:\\\/\\\/pirovano.it\\\/wp-content\\\/uploads\\\/2018\\\/03\\\/bormio-pano.jpg\",\"datePublished\":\"2018-03-12T13:14:23+00:00\",\"dateModified\":\"2025-01-23T07:15:10+00:00\",\"description\":\"Ferienwohnungen Pirovano - Bormio. Winter und Sommer\",\"breadcrumb\":{\"@id\":\"https:\\\/\\\/pirovano.it\\\/de\\\/hotel-appartements\\\/appartements-bormio\\\/appartements-pirovano\\\/#breadcrumb\"},\"inLanguage\":\"de-DE\",\"potentialAction\":[{\"@type\":\"ReadAction\",\"target\":[\"https:\\\/\\\/pirovano.it\\\/de\\\/hotel-appartements\\\/appartements-bormio\\\/appartements-pirovano\\\/\"]}]},{\"@type\":\"ImageObject\",\"inLanguage\":\"de-DE\",\"@id\":\"https:\\\/\\\/pirovano.it\\\/de\\\/hotel-appartements\\\/appartements-bormio\\\/appartements-pirovano\\\/#primaryimage\",\"url\":\"https:\\\/\\\/pirovano.it\\\/wp-content\\\/uploads\\\/2018\\\/03\\\/bormio-pano.jpg\",\"contentUrl\":\"https:\\\/\\\/pirovano.it\\\/wp-content\\\/uploads\\\/2018\\\/03\\\/bormio-pano.jpg\",\"width\":1920,\"height\":1097},{\"@type\":\"BreadcrumbList\",\"@id\":\"https:\\\/\\\/pirovano.it\\\/de\\\/hotel-appartements\\\/appartements-bormio\\\/appartements-pirovano\\\/#breadcrumb\",\"itemListElement\":[{\"@type\":\"ListItem\",\"position\":1,\"name\":\"Home\",\"item\":\"https:\\\/\\\/pirovano.it\\\/de\\\/\"},{\"@type\":\"ListItem\",\"position\":2,\"name\":\"Hotel und Appartements\",\"item\":\"https:\\\/\\\/pirovano.it\\\/de\\\/hotel-appartements\\\/\"},{\"@type\":\"ListItem\",\"position\":3,\"name\":\"Ferienhaus in Bormio und Valdidentro\",\"item\":\"https:\\\/\\\/pirovano.it\\\/de\\\/hotel-appartements\\\/appartements-bormio\\\/\"},{\"@type\":\"ListItem\",\"position\":4,\"name\":\"Ferienwohnungen Pirovano &#8211; Bormio (CIR: 014009-CIM-00243, CIN: IT014009B4OFBMKAIJ)\"}]},{\"@type\":\"WebSite\",\"@id\":\"https:\\\/\\\/pirovano.it\\\/it\\\/#website\",\"url\":\"https:\\\/\\\/pirovano.it\\\/it\\\/\",\"name\":\"Pirovano\",\"description\":\"Universit\u00e0 dello Sci, dello Snowboard e della Montagna\",\"potentialAction\":[{\"@type\":\"SearchAction\",\"target\":{\"@type\":\"EntryPoint\",\"urlTemplate\":\"https:\\\/\\\/pirovano.it\\\/it\\\/?s={search_term_string}\"},\"query-input\":{\"@type\":\"PropertyValueSpecification\",\"valueRequired\":true,\"valueName\":\"search_term_string\"}}],\"inLanguage\":\"de-DE\"}]}<\/script>\n<!-- \/ Yoast SEO plugin. -->","yoast_head_json":{"title":"Ferienwohnungen Pirovano - Bormio","description":"Ferienwohnungen Pirovano - Bormio. Winter und Sommer","robots":{"index":"index","follow":"follow","max-snippet":"max-snippet:-1","max-image-preview":"max-image-preview:large","max-video-preview":"max-video-preview:-1"},"canonical":"https:\/\/pirovano.it\/de\/hotel-appartements\/appartements-bormio\/appartements-pirovano\/","og_locale":"de_DE","og_type":"article","og_title":"Ferienwohnungen Pirovano - Bormio","og_description":"Ferienwohnungen Pirovano - Bormio. Winter und Sommer","og_url":"https:\/\/pirovano.it\/de\/hotel-appartements\/appartements-bormio\/appartements-pirovano\/","og_site_name":"Pirovano","article_modified_time":"2025-01-23T07:15:10+00:00","og_image":[{"width":1920,"height":1097,"url":"https:\/\/pirovano.it\/wp-content\/uploads\/2018\/03\/bormio-pano.jpg","type":"image\/jpeg"}],"twitter_card":"summary_large_image","twitter_misc":{"Est. reading time":"4 minutes"},"schema":{"@context":"https:\/\/schema.org","@graph":[{"@type":"WebPage","@id":"https:\/\/pirovano.it\/de\/hotel-appartements\/appartements-bormio\/appartements-pirovano\/","url":"https:\/\/pirovano.it\/de\/hotel-appartements\/appartements-bormio\/appartements-pirovano\/","name":"Ferienwohnungen Pirovano - Bormio","isPartOf":{"@id":"https:\/\/pirovano.it\/it\/#website"},"primaryImageOfPage":{"@id":"https:\/\/pirovano.it\/de\/hotel-appartements\/appartements-bormio\/appartements-pirovano\/#primaryimage"},"image":{"@id":"https:\/\/pirovano.it\/de\/hotel-appartements\/appartements-bormio\/appartements-pirovano\/#primaryimage"},"thumbnailUrl":"https:\/\/pirovano.it\/wp-content\/uploads\/2018\/03\/bormio-pano.jpg","datePublished":"2018-03-12T13:14:23+00:00","dateModified":"2025-01-23T07:15:10+00:00","description":"Ferienwohnungen Pirovano - Bormio. Winter und Sommer","breadcrumb":{"@id":"https:\/\/pirovano.it\/de\/hotel-appartements\/appartements-bormio\/appartements-pirovano\/#breadcrumb"},"inLanguage":"de-DE","potentialAction":[{"@type":"ReadAction","target":["https:\/\/pirovano.it\/de\/hotel-appartements\/appartements-bormio\/appartements-pirovano\/"]}]},{"@type":"ImageObject","inLanguage":"de-DE","@id":"https:\/\/pirovano.it\/de\/hotel-appartements\/appartements-bormio\/appartements-pirovano\/#primaryimage","url":"https:\/\/pirovano.it\/wp-content\/uploads\/2018\/03\/bormio-pano.jpg","contentUrl":"https:\/\/pirovano.it\/wp-content\/uploads\/2018\/03\/bormio-pano.jpg","width":1920,"height":1097},{"@type":"BreadcrumbList","@id":"https:\/\/pirovano.it\/de\/hotel-appartements\/appartements-bormio\/appartements-pirovano\/#breadcrumb","itemListElement":[{"@type":"ListItem","position":1,"name":"Home","item":"https:\/\/pirovano.it\/de\/"},{"@type":"ListItem","position":2,"name":"Hotel und Appartements","item":"https:\/\/pirovano.it\/de\/hotel-appartements\/"},{"@type":"ListItem","position":3,"name":"Ferienhaus in Bormio und Valdidentro","item":"https:\/\/pirovano.it\/de\/hotel-appartements\/appartements-bormio\/"},{"@type":"ListItem","position":4,"name":"Ferienwohnungen Pirovano &#8211; Bormio (CIR: 014009-CIM-00243, CIN: IT014009B4OFBMKAIJ)"}]},{"@type":"WebSite","@id":"https:\/\/pirovano.it\/it\/#website","url":"https:\/\/pirovano.it\/it\/","name":"Pirovano","description":"Universit\u00e0 dello Sci, dello Snowboard e della Montagna","potentialAction":[{"@type":"SearchAction","target":{"@type":"EntryPoint","urlTemplate":"https:\/\/pirovano.it\/it\/?s={search_term_string}"},"query-input":{"@type":"PropertyValueSpecification","valueRequired":true,"valueName":"search_term_string"}}],"inLanguage":"de-DE"}]}},"_links":{"self":[{"href":"https:\/\/pirovano.it\/de\/wp-json\/wp\/v2\/pages\/2709","targetHints":{"allow":["GET"]}}],"collection":[{"href":"https:\/\/pirovano.it\/de\/wp-json\/wp\/v2\/pages"}],"about":[{"href":"https:\/\/pirovano.it\/de\/wp-json\/wp\/v2\/types\/page"}],"author":[{"embeddable":true,"href":"https:\/\/pirovano.it\/de\/wp-json\/wp\/v2\/users\/3"}],"replies":[{"embeddable":true,"href":"https:\/\/pirovano.it\/de\/wp-json\/wp\/v2\/comments?post=2709"}],"version-history":[{"count":66,"href":"https:\/\/pirovano.it\/de\/wp-json\/wp\/v2\/pages\/2709\/revisions"}],"predecessor-version":[{"id":13696,"href":"https:\/\/pirovano.it\/de\/wp-json\/wp\/v2\/pages\/2709\/revisions\/13696"}],"up":[{"embeddable":true,"href":"https:\/\/pirovano.it\/de\/wp-json\/wp\/v2\/pages\/2698"}],"wp:featuredmedia":[{"embeddable":true,"href":"https:\/\/pirovano.it\/de\/wp-json\/wp\/v2\/media\/742"}],"wp:attachment":[{"href":"https:\/\/pirovano.it\/de\/wp-json\/wp\/v2\/media?parent=2709"}],"curies":[{"name":"wp","href":"https:\/\/api.w.org\/{rel}","templated":true}]}}