{"id":2734,"date":"2018-03-12T14:20:18","date_gmt":"2018-03-12T13:20:18","guid":{"rendered":"http:\/\/pirovano.it\/?page_id=2734"},"modified":"2025-03-24T15:59:10","modified_gmt":"2025-03-24T14:59:10","slug":"preisliste-bis-zu-4-tage","status":"publish","type":"page","link":"https:\/\/pirovano.it\/de\/angebote-und-preise\/angebote-preise-hotel-stilfser-joch\/preisliste-bis-zu-4-tage\/","title":{"rendered":"Preisliste bis zu 4 Tage &#8211; Stilfserjoch Hotel Pirovano"},"content":{"rendered":"<p>Tarife g\u00fcltig vom 30. Mai bis 02. November 2025<\/p>\n<p>F\u00fcr Ski-Club, Gruppen, Verb\u00e4nde, Veranstaltungen, Team Building kann ein individuelles und kostenloses Angebot beantragt werden.<\/p>\n<hr class=\"divider\" \/>\n<h3>Hotel Pirovano Quarto (CIR: 014009-ALB-00027) (CIN: IT014009A1YO3FDWW6)<\/h3>\n<h3>\n<table id=\"tablepress-19\" class=\"tablepress tablepress-id-19\">\n<thead>\n<tr class=\"row-1\">\n\t<td class=\"column-1\"><\/td><th class=\"column-2\">Bed&amp;Breakfast<\/th><th class=\"column-3\">Halbpension<\/th><th class=\"column-4\">Vollpension<\/th>\n<\/tr>\n<\/thead>\n<tbody class=\"row-striping\">\n<tr class=\"row-2\">\n\t<td class=\"column-1\">Vierbettzimmer<\/td><td class=\"column-2\">50,00\u20ac<\/td><td class=\"column-3\">85,00\u20ac<\/td><td class=\"column-4\">90,00\u20ac<\/td>\n<\/tr>\n<tr class=\"row-3\">\n\t<td class=\"column-1\">Dreibettzimmer<\/td><td class=\"column-2\">55,00\u20ac<\/td><td class=\"column-3\">90,00\u20ac<\/td><td class=\"column-4\">95,00\u20ac<\/td>\n<\/tr>\n<tr class=\"row-4\">\n\t<td class=\"column-1\">Doppelzimmer<\/td><td class=\"column-2\">70,00\u20ac<\/td><td class=\"column-3\">100,00\u20ac<\/td><td class=\"column-4\">110,00\u20ac<\/td>\n<\/tr>\n<tr class=\"row-5\">\n\t<td class=\"column-1\">Einzelzimmer<\/td><td class=\"column-2\">85,00\u20ac<\/td><td class=\"column-3\">105,00\u20ac<\/td><td class=\"column-4\">125,00\u20ac<\/td>\n<\/tr>\n<tr class=\"row-6\">\n\t<td class=\"column-1\">Doppelzimmer zur Einzelbelegung<\/td><td class=\"column-2\">95,00\u20ac<\/td><td class=\"column-3\">115,00\u20ac<\/td><td class=\"column-4\">135,00\u20ac<\/td>\n<\/tr>\n<\/tbody>\n<\/table>\n<!-- #tablepress-19 from cache --><\/h3>\n<p><em><strong>Alle obenstehenden Preise beziehen sich auf den Tagessatz pro Person.<\/strong><\/em><\/p>\n<h5>Bei einem mehr als 4-n\u00e4chtigen Aufenthalt, bitte auf die Tarife f\u00fcr die Skiwoche zur\u00fcckgreifen.<\/h5>\n<hr class=\"divider\" \/>\n<p>M\u00f6gliche <strong>Erm\u00e4\u00dfigungen<\/strong> bis zum 4. Urlaubstag<\/p>\n<ul>\n<li>Kinder 0 bis einschlie\u00dflich 2 Jahre alt: kostenlos;<\/li>\n<li>Kinder 3 bis einschlie\u00dflich 13 Jahre alt: 10% Erm\u00e4\u00dfigung;<\/li>\n<\/ul>\n<hr class=\"divider\" \/>\n<p>Die Tarife bis zum 4. Urlaubstag <strong>enthalten<\/strong> einen der folgenden Dienste:<\/p>\n<ul>\n<li>Wellness Center mit Pool;<\/li>\n<li>WLAN-Verbindung;<\/li>\n<li>beheiztes Schr\u00e4nkchen f\u00fcr Ski\/Snowboard und Skistiefel;<\/li>\n<li>Turnhalle.<\/li>\n<\/ul>\n<h4><span style=\"color: #ff0000;\">In der Saison 2025 werden das Schwimmbad und das Wellness-Center nicht zug\u00e4nglich sein. Wir entschuldigen uns f\u00fcr die Unterbrechung.<\/span><\/h4>\n<p><em>** Die Kurtaxe, in H\u00f6he \u20ac 2,50 pro Tag, ist nicht im Preis inbegriffen und ist f\u00fcr maximal 7 Tage anwendbar. Sie ist nicht f\u00fcr Kinder bis zum 12. Lebensjahr.<br \/>\n<\/em><\/p>\n","protected":false},"excerpt":{"rendered":"<p>Tarife g\u00fcltig vom 30. Mai bis 02. November 2025 F\u00fcr Ski-Club, Gruppen, Verb\u00e4nde, Veranstaltungen, Team Building kann ein individuelles und kostenloses Angebot beantragt werden. Hotel Pirovano Quarto (CIR: 014009-ALB-00027) (CIN: IT014009A1YO3FDWW6) Alle obenstehenden Preise beziehen sich auf den Tagessatz pro Person. Bei einem mehr als 4-n\u00e4chtigen Aufenthalt, bitte auf die Tarife f\u00fcr die Skiwoche zur\u00fcckgreifen. [&hellip;]<\/p>\n","protected":false},"author":3,"featured_media":618,"parent":2726,"menu_order":0,"comment_status":"closed","ping_status":"closed","template":"","meta":{"footnotes":""},"class_list":["post-2734","page","type-page","status-publish","has-post-thumbnail","hentry","odd"],"yoast_head":"<!-- This site is optimized with the Yoast SEO plugin v27.3 - https:\/\/yoast.com\/product\/yoast-seo-wordpress\/ -->\n<title>Pirovano hotel Stilfsercoh Preisliste bis zu 4 Tage<\/title>\n<meta name=\"description\" content=\"Pirovano hotel Stilfsercoh Preisliste bis zu 4 Tage in Sommer\" \/>\n<meta name=\"robots\" content=\"index, follow, max-snippet:-1, max-image-preview:large, max-video-preview:-1\" \/>\n<link rel=\"canonical\" href=\"https:\/\/pirovano.it\/de\/angebote-und-preise\/angebote-preise-hotel-stilfser-joch\/preisliste-bis-zu-4-tage\/\" \/>\n<meta property=\"og:locale\" content=\"de_DE\" \/>\n<meta property=\"og:type\" content=\"article\" \/>\n<meta property=\"og:title\" content=\"Pirovano hotel Stilfsercoh Preisliste bis zu 4 Tage\" \/>\n<meta property=\"og:description\" content=\"Pirovano hotel Stilfsercoh Preisliste bis zu 4 Tage in Sommer\" \/>\n<meta property=\"og:url\" content=\"https:\/\/pirovano.it\/de\/angebote-und-preise\/angebote-preise-hotel-stilfser-joch\/preisliste-bis-zu-4-tage\/\" \/>\n<meta property=\"og:site_name\" content=\"Pirovano\" \/>\n<meta property=\"article:modified_time\" content=\"2025-03-24T14:59:10+00:00\" \/>\n<meta property=\"og:image\" content=\"https:\/\/pirovano.it\/wp-content\/uploads\/2018\/03\/tramonto-ortles.jpg\" \/>\n\t<meta property=\"og:image:width\" content=\"1920\" \/>\n\t<meta property=\"og:image:height\" content=\"1201\" \/>\n\t<meta property=\"og:image:type\" content=\"image\/jpeg\" \/>\n<meta name=\"twitter:card\" content=\"summary_large_image\" \/>\n<meta name=\"twitter:label1\" content=\"Est. reading time\" \/>\n\t<meta name=\"twitter:data1\" content=\"1 minute\" \/>\n<script type=\"application\/ld+json\" class=\"yoast-schema-graph\">{\"@context\":\"https:\\\/\\\/schema.org\",\"@graph\":[{\"@type\":\"WebPage\",\"@id\":\"https:\\\/\\\/pirovano.it\\\/de\\\/angebote-und-preise\\\/angebote-preise-hotel-stilfser-joch\\\/preisliste-bis-zu-4-tage\\\/\",\"url\":\"https:\\\/\\\/pirovano.it\\\/de\\\/angebote-und-preise\\\/angebote-preise-hotel-stilfser-joch\\\/preisliste-bis-zu-4-tage\\\/\",\"name\":\"Pirovano hotel Stilfsercoh Preisliste bis zu 4 Tage\",\"isPartOf\":{\"@id\":\"https:\\\/\\\/pirovano.it\\\/it\\\/#website\"},\"primaryImageOfPage\":{\"@id\":\"https:\\\/\\\/pirovano.it\\\/de\\\/angebote-und-preise\\\/angebote-preise-hotel-stilfser-joch\\\/preisliste-bis-zu-4-tage\\\/#primaryimage\"},\"image\":{\"@id\":\"https:\\\/\\\/pirovano.it\\\/de\\\/angebote-und-preise\\\/angebote-preise-hotel-stilfser-joch\\\/preisliste-bis-zu-4-tage\\\/#primaryimage\"},\"thumbnailUrl\":\"https:\\\/\\\/pirovano.it\\\/wp-content\\\/uploads\\\/2018\\\/03\\\/tramonto-ortles.jpg\",\"datePublished\":\"2018-03-12T13:20:18+00:00\",\"dateModified\":\"2025-03-24T14:59:10+00:00\",\"description\":\"Pirovano hotel Stilfsercoh Preisliste bis zu 4 Tage in Sommer\",\"breadcrumb\":{\"@id\":\"https:\\\/\\\/pirovano.it\\\/de\\\/angebote-und-preise\\\/angebote-preise-hotel-stilfser-joch\\\/preisliste-bis-zu-4-tage\\\/#breadcrumb\"},\"inLanguage\":\"de-DE\",\"potentialAction\":[{\"@type\":\"ReadAction\",\"target\":[\"https:\\\/\\\/pirovano.it\\\/de\\\/angebote-und-preise\\\/angebote-preise-hotel-stilfser-joch\\\/preisliste-bis-zu-4-tage\\\/\"]}]},{\"@type\":\"ImageObject\",\"inLanguage\":\"de-DE\",\"@id\":\"https:\\\/\\\/pirovano.it\\\/de\\\/angebote-und-preise\\\/angebote-preise-hotel-stilfser-joch\\\/preisliste-bis-zu-4-tage\\\/#primaryimage\",\"url\":\"https:\\\/\\\/pirovano.it\\\/wp-content\\\/uploads\\\/2018\\\/03\\\/tramonto-ortles.jpg\",\"contentUrl\":\"https:\\\/\\\/pirovano.it\\\/wp-content\\\/uploads\\\/2018\\\/03\\\/tramonto-ortles.jpg\",\"width\":1920,\"height\":1201},{\"@type\":\"BreadcrumbList\",\"@id\":\"https:\\\/\\\/pirovano.it\\\/de\\\/angebote-und-preise\\\/angebote-preise-hotel-stilfser-joch\\\/preisliste-bis-zu-4-tage\\\/#breadcrumb\",\"itemListElement\":[{\"@type\":\"ListItem\",\"position\":1,\"name\":\"Home\",\"item\":\"https:\\\/\\\/pirovano.it\\\/de\\\/\"},{\"@type\":\"ListItem\",\"position\":2,\"name\":\"Angebote und Preise Stilfserjoch und Bormio\",\"item\":\"https:\\\/\\\/pirovano.it\\\/de\\\/angebote-und-preise\\\/\"},{\"@type\":\"ListItem\",\"position\":3,\"name\":\"Angebote und Preise Hotel Stilfser Joch\",\"item\":\"https:\\\/\\\/pirovano.it\\\/de\\\/angebote-und-preise\\\/angebote-preise-hotel-stilfser-joch\\\/\"},{\"@type\":\"ListItem\",\"position\":4,\"name\":\"Preisliste bis zu 4 Tage &#8211; Stilfserjoch Hotel Pirovano\"}]},{\"@type\":\"WebSite\",\"@id\":\"https:\\\/\\\/pirovano.it\\\/it\\\/#website\",\"url\":\"https:\\\/\\\/pirovano.it\\\/it\\\/\",\"name\":\"Pirovano\",\"description\":\"Universit\u00e0 dello Sci, dello Snowboard e della Montagna\",\"potentialAction\":[{\"@type\":\"SearchAction\",\"target\":{\"@type\":\"EntryPoint\",\"urlTemplate\":\"https:\\\/\\\/pirovano.it\\\/it\\\/?s={search_term_string}\"},\"query-input\":{\"@type\":\"PropertyValueSpecification\",\"valueRequired\":true,\"valueName\":\"search_term_string\"}}],\"inLanguage\":\"de-DE\"}]}<\/script>\n<!-- \/ Yoast SEO plugin. -->","yoast_head_json":{"title":"Pirovano hotel Stilfsercoh Preisliste bis zu 4 Tage","description":"Pirovano hotel Stilfsercoh Preisliste bis zu 4 Tage in Sommer","robots":{"index":"index","follow":"follow","max-snippet":"max-snippet:-1","max-image-preview":"max-image-preview:large","max-video-preview":"max-video-preview:-1"},"canonical":"https:\/\/pirovano.it\/de\/angebote-und-preise\/angebote-preise-hotel-stilfser-joch\/preisliste-bis-zu-4-tage\/","og_locale":"de_DE","og_type":"article","og_title":"Pirovano hotel Stilfsercoh Preisliste bis zu 4 Tage","og_description":"Pirovano hotel Stilfsercoh Preisliste bis zu 4 Tage in Sommer","og_url":"https:\/\/pirovano.it\/de\/angebote-und-preise\/angebote-preise-hotel-stilfser-joch\/preisliste-bis-zu-4-tage\/","og_site_name":"Pirovano","article_modified_time":"2025-03-24T14:59:10+00:00","og_image":[{"width":1920,"height":1201,"url":"https:\/\/pirovano.it\/wp-content\/uploads\/2018\/03\/tramonto-ortles.jpg","type":"image\/jpeg"}],"twitter_card":"summary_large_image","twitter_misc":{"Est. reading time":"1 minute"},"schema":{"@context":"https:\/\/schema.org","@graph":[{"@type":"WebPage","@id":"https:\/\/pirovano.it\/de\/angebote-und-preise\/angebote-preise-hotel-stilfser-joch\/preisliste-bis-zu-4-tage\/","url":"https:\/\/pirovano.it\/de\/angebote-und-preise\/angebote-preise-hotel-stilfser-joch\/preisliste-bis-zu-4-tage\/","name":"Pirovano hotel Stilfsercoh Preisliste bis zu 4 Tage","isPartOf":{"@id":"https:\/\/pirovano.it\/it\/#website"},"primaryImageOfPage":{"@id":"https:\/\/pirovano.it\/de\/angebote-und-preise\/angebote-preise-hotel-stilfser-joch\/preisliste-bis-zu-4-tage\/#primaryimage"},"image":{"@id":"https:\/\/pirovano.it\/de\/angebote-und-preise\/angebote-preise-hotel-stilfser-joch\/preisliste-bis-zu-4-tage\/#primaryimage"},"thumbnailUrl":"https:\/\/pirovano.it\/wp-content\/uploads\/2018\/03\/tramonto-ortles.jpg","datePublished":"2018-03-12T13:20:18+00:00","dateModified":"2025-03-24T14:59:10+00:00","description":"Pirovano hotel Stilfsercoh Preisliste bis zu 4 Tage in Sommer","breadcrumb":{"@id":"https:\/\/pirovano.it\/de\/angebote-und-preise\/angebote-preise-hotel-stilfser-joch\/preisliste-bis-zu-4-tage\/#breadcrumb"},"inLanguage":"de-DE","potentialAction":[{"@type":"ReadAction","target":["https:\/\/pirovano.it\/de\/angebote-und-preise\/angebote-preise-hotel-stilfser-joch\/preisliste-bis-zu-4-tage\/"]}]},{"@type":"ImageObject","inLanguage":"de-DE","@id":"https:\/\/pirovano.it\/de\/angebote-und-preise\/angebote-preise-hotel-stilfser-joch\/preisliste-bis-zu-4-tage\/#primaryimage","url":"https:\/\/pirovano.it\/wp-content\/uploads\/2018\/03\/tramonto-ortles.jpg","contentUrl":"https:\/\/pirovano.it\/wp-content\/uploads\/2018\/03\/tramonto-ortles.jpg","width":1920,"height":1201},{"@type":"BreadcrumbList","@id":"https:\/\/pirovano.it\/de\/angebote-und-preise\/angebote-preise-hotel-stilfser-joch\/preisliste-bis-zu-4-tage\/#breadcrumb","itemListElement":[{"@type":"ListItem","position":1,"name":"Home","item":"https:\/\/pirovano.it\/de\/"},{"@type":"ListItem","position":2,"name":"Angebote und Preise Stilfserjoch und Bormio","item":"https:\/\/pirovano.it\/de\/angebote-und-preise\/"},{"@type":"ListItem","position":3,"name":"Angebote und Preise Hotel Stilfser Joch","item":"https:\/\/pirovano.it\/de\/angebote-und-preise\/angebote-preise-hotel-stilfser-joch\/"},{"@type":"ListItem","position":4,"name":"Preisliste bis zu 4 Tage &#8211; Stilfserjoch Hotel Pirovano"}]},{"@type":"WebSite","@id":"https:\/\/pirovano.it\/it\/#website","url":"https:\/\/pirovano.it\/it\/","name":"Pirovano","description":"Universit\u00e0 dello Sci, dello Snowboard e della Montagna","potentialAction":[{"@type":"SearchAction","target":{"@type":"EntryPoint","urlTemplate":"https:\/\/pirovano.it\/it\/?s={search_term_string}"},"query-input":{"@type":"PropertyValueSpecification","valueRequired":true,"valueName":"search_term_string"}}],"inLanguage":"de-DE"}]}},"_links":{"self":[{"href":"https:\/\/pirovano.it\/de\/wp-json\/wp\/v2\/pages\/2734","targetHints":{"allow":["GET"]}}],"collection":[{"href":"https:\/\/pirovano.it\/de\/wp-json\/wp\/v2\/pages"}],"about":[{"href":"https:\/\/pirovano.it\/de\/wp-json\/wp\/v2\/types\/page"}],"author":[{"embeddable":true,"href":"https:\/\/pirovano.it\/de\/wp-json\/wp\/v2\/users\/3"}],"replies":[{"embeddable":true,"href":"https:\/\/pirovano.it\/de\/wp-json\/wp\/v2\/comments?post=2734"}],"version-history":[{"count":17,"href":"https:\/\/pirovano.it\/de\/wp-json\/wp\/v2\/pages\/2734\/revisions"}],"predecessor-version":[{"id":6641,"href":"https:\/\/pirovano.it\/de\/wp-json\/wp\/v2\/pages\/2734\/revisions\/6641"}],"up":[{"embeddable":true,"href":"https:\/\/pirovano.it\/de\/wp-json\/wp\/v2\/pages\/2726"}],"wp:featuredmedia":[{"embeddable":true,"href":"https:\/\/pirovano.it\/de\/wp-json\/wp\/v2\/media\/618"}],"wp:attachment":[{"href":"https:\/\/pirovano.it\/de\/wp-json\/wp\/v2\/media?parent=2734"}],"curies":[{"name":"wp","href":"https:\/\/api.w.org\/{rel}","templated":true}]}}