{"id":2740,"date":"2018-02-16T18:05:03","date_gmt":"2018-02-16T17:05:03","guid":{"rendered":"http:\/\/pirovano.it\/?page_id=2740"},"modified":"2025-04-10T09:35:05","modified_gmt":"2025-04-10T07:35:05","slug":"pisten-ski-anlagen","status":"publish","type":"page","link":"https:\/\/pirovano.it\/de\/pisten-ski-anlagen\/","title":{"rendered":"Pisten und Ski-Anlagen Stilfserjoch"},"content":{"rendered":"<p>Dank seinen <strong>20 Kilometer langen Pisten<\/strong> jedes Niveaus stellt das Skigebiet Stilfs mit einem H\u00f6henunterschied von 700 Metern eines der wichtigsten Sommerskizentren der Alpen dar.<\/p>\n<p><strong>Jeder Tag ge\u00f6ffnet ab Ende Mai bis Anfang November<\/strong> und aufgrund der M\u00f6glichkeit, im Hochsommer auf 100% nat\u00fcrlich schneebedeckte Pisten Ski zu fahren, ist der Gletscher Stilfs europaweit bekannt.<\/p>\n<p>Auf den Pisten Nagler und Payer ist es nicht selten, sich zusammen mit Sportlern von nationalen und weltweitem Ruf zu befinden, welche die besten Bedingungen zum Training und zur Vorbereitung f\u00fcr den Alpiner Skiweltcup und Langlauf hier finden.<br \/>\nUnter den vielen Meistern, welche die Pisten Stilfs befahren, sind beispielweise <strong>Gustav Th\u00f6ni, Deborah Compagnoni, Alberto Tomba, Federica Goggia, Giorgio Rocca, Manuela Di Centa, Stefania Belmondo, Federica Moioli, Manfred und Manuela M\u00f6lgg, Ole Einar Bjorndalen<\/strong> und noch viele weitere!<\/p>\n<p>Die verschiedenen Pisten, die von vier Skilift und zwei Seilbahnen bedient sind, haben einen gro\u00dfen Zulauf von professionellen Skifahrern: <strong>zum Training oder Vergn\u00fcgen ist im Hochsommer das Skifahren auf dem Gletscher eine einzigartige Erfahrung!<\/strong><\/p>\n<p>Alle Aufstiegsanlagen geh\u00f6ren zur Gesellschaft S.I.F.A.S. AG Bormio, die t\u00e4glich durch ihr Fachpersonal und sehr moderne Schneekatzen Prinoth-Leitner eine perfekte Pistenvorbereitung gew\u00e4hrleisten.<\/p>\n<p><strong>SOMMERSAISON 2025<\/strong><br \/>\nDie Skipisten und Skilifte sind <strong>vom 31\/05\u00a0 bis 0\/11\/2025\u00a0 t\u00e4glich ge\u00f6ffnet<\/strong>.<\/p>\n","protected":false},"excerpt":{"rendered":"<p>Dank seinen 20 Kilometer langen Pisten jedes Niveaus stellt das Skigebiet Stilfs mit einem H\u00f6henunterschied von 700 Metern eines der wichtigsten Sommerskizentren der Alpen dar. Jeder Tag ge\u00f6ffnet ab Ende Mai bis Anfang November und aufgrund der M\u00f6glichkeit, im Hochsommer auf 100% nat\u00fcrlich schneebedeckte Pisten Ski zu fahren, ist der Gletscher Stilfs europaweit bekannt. Auf [&hellip;]<\/p>\n","protected":false},"author":3,"featured_media":604,"parent":0,"menu_order":0,"comment_status":"closed","ping_status":"closed","template":"","meta":{"footnotes":""},"class_list":["post-2740","page","type-page","status-publish","has-post-thumbnail","hentry","odd"],"yoast_head":"<!-- This site is optimized with the Yoast SEO plugin v27.3 - https:\/\/yoast.com\/product\/yoast-seo-wordpress\/ -->\n<title>Pisten und Ski-Anlagen Stilfserjoch<\/title>\n<meta name=\"description\" content=\"Dank seinen 20 km langen Pisten stellt das Skigebiet Stilfs mit einem H\u00f6henunterschied von 700 Metern eines der wichtigsten Sommerskizentren der Alpen dar.\" \/>\n<meta name=\"robots\" content=\"index, follow, max-snippet:-1, max-image-preview:large, max-video-preview:-1\" \/>\n<link rel=\"canonical\" href=\"https:\/\/pirovano.it\/de\/pisten-ski-anlagen\/\" \/>\n<meta property=\"og:locale\" content=\"de_DE\" \/>\n<meta property=\"og:type\" content=\"article\" \/>\n<meta property=\"og:title\" content=\"Pisten und Ski-Anlagen Stilfserjoch\" \/>\n<meta property=\"og:description\" content=\"Dank seinen 20 km langen Pisten stellt das Skigebiet Stilfs mit einem H\u00f6henunterschied von 700 Metern eines der wichtigsten Sommerskizentren der Alpen dar.\" \/>\n<meta property=\"og:url\" content=\"https:\/\/pirovano.it\/de\/pisten-ski-anlagen\/\" \/>\n<meta property=\"og:site_name\" content=\"Pirovano\" \/>\n<meta property=\"article:modified_time\" content=\"2025-04-10T07:35:05+00:00\" \/>\n<meta property=\"og:image\" content=\"https:\/\/pirovano.it\/wp-content\/uploads\/2018\/03\/pano-funifor.jpg\" \/>\n\t<meta property=\"og:image:width\" content=\"2480\" \/>\n\t<meta property=\"og:image:height\" content=\"1062\" \/>\n\t<meta property=\"og:image:type\" content=\"image\/jpeg\" \/>\n<meta name=\"twitter:card\" content=\"summary_large_image\" \/>\n<meta name=\"twitter:label1\" content=\"Est. reading time\" \/>\n\t<meta name=\"twitter:data1\" content=\"2 minutes\" \/>\n<script type=\"application\/ld+json\" class=\"yoast-schema-graph\">{\"@context\":\"https:\\\/\\\/schema.org\",\"@graph\":[{\"@type\":\"WebPage\",\"@id\":\"https:\\\/\\\/pirovano.it\\\/de\\\/pisten-ski-anlagen\\\/\",\"url\":\"https:\\\/\\\/pirovano.it\\\/de\\\/pisten-ski-anlagen\\\/\",\"name\":\"Pisten und Ski-Anlagen Stilfserjoch\",\"isPartOf\":{\"@id\":\"https:\\\/\\\/pirovano.it\\\/it\\\/#website\"},\"primaryImageOfPage\":{\"@id\":\"https:\\\/\\\/pirovano.it\\\/de\\\/pisten-ski-anlagen\\\/#primaryimage\"},\"image\":{\"@id\":\"https:\\\/\\\/pirovano.it\\\/de\\\/pisten-ski-anlagen\\\/#primaryimage\"},\"thumbnailUrl\":\"https:\\\/\\\/pirovano.it\\\/wp-content\\\/uploads\\\/2018\\\/03\\\/pano-funifor.jpg\",\"datePublished\":\"2018-02-16T17:05:03+00:00\",\"dateModified\":\"2025-04-10T07:35:05+00:00\",\"description\":\"Dank seinen 20 km langen Pisten stellt das Skigebiet Stilfs mit einem H\u00f6henunterschied von 700 Metern eines der wichtigsten Sommerskizentren der Alpen dar.\",\"breadcrumb\":{\"@id\":\"https:\\\/\\\/pirovano.it\\\/de\\\/pisten-ski-anlagen\\\/#breadcrumb\"},\"inLanguage\":\"de-DE\",\"potentialAction\":[{\"@type\":\"ReadAction\",\"target\":[\"https:\\\/\\\/pirovano.it\\\/de\\\/pisten-ski-anlagen\\\/\"]}]},{\"@type\":\"ImageObject\",\"inLanguage\":\"de-DE\",\"@id\":\"https:\\\/\\\/pirovano.it\\\/de\\\/pisten-ski-anlagen\\\/#primaryimage\",\"url\":\"https:\\\/\\\/pirovano.it\\\/wp-content\\\/uploads\\\/2018\\\/03\\\/pano-funifor.jpg\",\"contentUrl\":\"https:\\\/\\\/pirovano.it\\\/wp-content\\\/uploads\\\/2018\\\/03\\\/pano-funifor.jpg\",\"width\":2480,\"height\":1062},{\"@type\":\"BreadcrumbList\",\"@id\":\"https:\\\/\\\/pirovano.it\\\/de\\\/pisten-ski-anlagen\\\/#breadcrumb\",\"itemListElement\":[{\"@type\":\"ListItem\",\"position\":1,\"name\":\"Home\",\"item\":\"https:\\\/\\\/pirovano.it\\\/de\\\/\"},{\"@type\":\"ListItem\",\"position\":2,\"name\":\"Pisten und Ski-Anlagen Stilfserjoch\"}]},{\"@type\":\"WebSite\",\"@id\":\"https:\\\/\\\/pirovano.it\\\/it\\\/#website\",\"url\":\"https:\\\/\\\/pirovano.it\\\/it\\\/\",\"name\":\"Pirovano\",\"description\":\"Universit\u00e0 dello Sci, dello Snowboard e della Montagna\",\"potentialAction\":[{\"@type\":\"SearchAction\",\"target\":{\"@type\":\"EntryPoint\",\"urlTemplate\":\"https:\\\/\\\/pirovano.it\\\/it\\\/?s={search_term_string}\"},\"query-input\":{\"@type\":\"PropertyValueSpecification\",\"valueRequired\":true,\"valueName\":\"search_term_string\"}}],\"inLanguage\":\"de-DE\"}]}<\/script>\n<!-- \/ Yoast SEO plugin. -->","yoast_head_json":{"title":"Pisten und Ski-Anlagen Stilfserjoch","description":"Dank seinen 20 km langen Pisten stellt das Skigebiet Stilfs mit einem H\u00f6henunterschied von 700 Metern eines der wichtigsten Sommerskizentren der Alpen dar.","robots":{"index":"index","follow":"follow","max-snippet":"max-snippet:-1","max-image-preview":"max-image-preview:large","max-video-preview":"max-video-preview:-1"},"canonical":"https:\/\/pirovano.it\/de\/pisten-ski-anlagen\/","og_locale":"de_DE","og_type":"article","og_title":"Pisten und Ski-Anlagen Stilfserjoch","og_description":"Dank seinen 20 km langen Pisten stellt das Skigebiet Stilfs mit einem H\u00f6henunterschied von 700 Metern eines der wichtigsten Sommerskizentren der Alpen dar.","og_url":"https:\/\/pirovano.it\/de\/pisten-ski-anlagen\/","og_site_name":"Pirovano","article_modified_time":"2025-04-10T07:35:05+00:00","og_image":[{"width":2480,"height":1062,"url":"https:\/\/pirovano.it\/wp-content\/uploads\/2018\/03\/pano-funifor.jpg","type":"image\/jpeg"}],"twitter_card":"summary_large_image","twitter_misc":{"Est. reading time":"2 minutes"},"schema":{"@context":"https:\/\/schema.org","@graph":[{"@type":"WebPage","@id":"https:\/\/pirovano.it\/de\/pisten-ski-anlagen\/","url":"https:\/\/pirovano.it\/de\/pisten-ski-anlagen\/","name":"Pisten und Ski-Anlagen Stilfserjoch","isPartOf":{"@id":"https:\/\/pirovano.it\/it\/#website"},"primaryImageOfPage":{"@id":"https:\/\/pirovano.it\/de\/pisten-ski-anlagen\/#primaryimage"},"image":{"@id":"https:\/\/pirovano.it\/de\/pisten-ski-anlagen\/#primaryimage"},"thumbnailUrl":"https:\/\/pirovano.it\/wp-content\/uploads\/2018\/03\/pano-funifor.jpg","datePublished":"2018-02-16T17:05:03+00:00","dateModified":"2025-04-10T07:35:05+00:00","description":"Dank seinen 20 km langen Pisten stellt das Skigebiet Stilfs mit einem H\u00f6henunterschied von 700 Metern eines der wichtigsten Sommerskizentren der Alpen dar.","breadcrumb":{"@id":"https:\/\/pirovano.it\/de\/pisten-ski-anlagen\/#breadcrumb"},"inLanguage":"de-DE","potentialAction":[{"@type":"ReadAction","target":["https:\/\/pirovano.it\/de\/pisten-ski-anlagen\/"]}]},{"@type":"ImageObject","inLanguage":"de-DE","@id":"https:\/\/pirovano.it\/de\/pisten-ski-anlagen\/#primaryimage","url":"https:\/\/pirovano.it\/wp-content\/uploads\/2018\/03\/pano-funifor.jpg","contentUrl":"https:\/\/pirovano.it\/wp-content\/uploads\/2018\/03\/pano-funifor.jpg","width":2480,"height":1062},{"@type":"BreadcrumbList","@id":"https:\/\/pirovano.it\/de\/pisten-ski-anlagen\/#breadcrumb","itemListElement":[{"@type":"ListItem","position":1,"name":"Home","item":"https:\/\/pirovano.it\/de\/"},{"@type":"ListItem","position":2,"name":"Pisten und Ski-Anlagen Stilfserjoch"}]},{"@type":"WebSite","@id":"https:\/\/pirovano.it\/it\/#website","url":"https:\/\/pirovano.it\/it\/","name":"Pirovano","description":"Universit\u00e0 dello Sci, dello Snowboard e della Montagna","potentialAction":[{"@type":"SearchAction","target":{"@type":"EntryPoint","urlTemplate":"https:\/\/pirovano.it\/it\/?s={search_term_string}"},"query-input":{"@type":"PropertyValueSpecification","valueRequired":true,"valueName":"search_term_string"}}],"inLanguage":"de-DE"}]}},"_links":{"self":[{"href":"https:\/\/pirovano.it\/de\/wp-json\/wp\/v2\/pages\/2740","targetHints":{"allow":["GET"]}}],"collection":[{"href":"https:\/\/pirovano.it\/de\/wp-json\/wp\/v2\/pages"}],"about":[{"href":"https:\/\/pirovano.it\/de\/wp-json\/wp\/v2\/types\/page"}],"author":[{"embeddable":true,"href":"https:\/\/pirovano.it\/de\/wp-json\/wp\/v2\/users\/3"}],"replies":[{"embeddable":true,"href":"https:\/\/pirovano.it\/de\/wp-json\/wp\/v2\/comments?post=2740"}],"version-history":[{"count":9,"href":"https:\/\/pirovano.it\/de\/wp-json\/wp\/v2\/pages\/2740\/revisions"}],"predecessor-version":[{"id":11723,"href":"https:\/\/pirovano.it\/de\/wp-json\/wp\/v2\/pages\/2740\/revisions\/11723"}],"wp:featuredmedia":[{"embeddable":true,"href":"https:\/\/pirovano.it\/de\/wp-json\/wp\/v2\/media\/604"}],"wp:attachment":[{"href":"https:\/\/pirovano.it\/de\/wp-json\/wp\/v2\/media?parent=2740"}],"curies":[{"name":"wp","href":"https:\/\/api.w.org\/{rel}","templated":true}]}}