{"id":2744,"date":"2018-03-11T23:25:06","date_gmt":"2018-03-11T22:25:06","guid":{"rendered":"http:\/\/pirovano.it\/?page_id=2744"},"modified":"2025-03-25T09:16:31","modified_gmt":"2025-03-25T08:16:31","slug":"skipass-preise","status":"publish","type":"page","link":"https:\/\/pirovano.it\/de\/pisten-ski-anlagen\/skipass-preise\/","title":{"rendered":"Skipass Preise Sommerski"},"content":{"rendered":"<p><strong>SOMMERSAISON 2025<\/strong><br \/>\nDie Skipisten und Skilifte sind <strong>vom 31. May bis 02. November t\u00e4glich ge\u00f6ffnet\u00a0<\/strong><\/p>\n\n<table id=\"tablepress-20\" class=\"tablepress tablepress-id-20\">\n<thead>\n<tr class=\"row-1\">\n\t<th class=\"column-1\">Tage<\/th><th class=\"column-2\">Reduzierter Preis*<\/th><th class=\"column-3\">Voller Preis<\/th>\n<\/tr>\n<\/thead>\n<tbody class=\"row-striping\">\n<tr class=\"row-2\">\n\t<td class=\"column-1\">1 Tag<\/td><td class=\"column-2\">59,00\u20ac<\/td><td class=\"column-3\">59,00\u20ac<\/td>\n<\/tr>\n<tr class=\"row-3\">\n\t<td class=\"column-1\">2 Tage<\/td><td class=\"column-2\">96,00\u20ac<\/td><td class=\"column-3\">113,00\u20ac<\/td>\n<\/tr>\n<tr class=\"row-4\">\n\t<td class=\"column-1\">3 Tage<\/td><td class=\"column-2\">135,00\u20ac<\/td><td class=\"column-3\">161,00\u20ac<\/td>\n<\/tr>\n<tr class=\"row-5\">\n\t<td class=\"column-1\">4 Tage<\/td><td class=\"column-2\">166,00\u20ac<\/td><td class=\"column-3\">202,00\u20ac<\/td>\n<\/tr>\n<tr class=\"row-6\">\n\t<td class=\"column-1\">5 Tage<\/td><td class=\"column-2\">194,00\u20ac<\/td><td class=\"column-3\">246,00\u20ac<\/td>\n<\/tr>\n<tr class=\"row-7\">\n\t<td class=\"column-1\">6 Tage<\/td><td class=\"column-2\">205,00\u20ac<\/td><td class=\"column-3\">259,00\u20ac<\/td>\n<\/tr>\n<tr class=\"row-8\">\n\t<td class=\"column-1\">7 Tage<\/td><td class=\"column-2\">225,00\u20ac<\/td><td class=\"column-3\">273,00\u20ac<\/td>\n<\/tr>\n<\/tbody>\n<\/table>\n<!-- #tablepress-20 from cache -->\n<p><em>* der Billigtarif ist f\u00fcr<strong> die G\u00e4ste des Hotels Quarto Pirovano<\/strong> am Stilfser Joch und der Wohnungen Pirovano Bormio. Der Billigtarif ist auch f\u00fcr Jugendlichen, die nach dem 1. Januar 2013 geboren wurden, und f\u00fcr Senioren, die vor dem 1. Januar 1965 geboren wurden; f\u00fcr diese wird der Skipass-Tagestarif von \u20ac 50,00 statt \u20ac 59,00 angewandt.<br \/>\n<\/em><\/p>\n<ul>\n<li>Bei der Abgabe des magnetischen Skipasses ist eine Anzahl von \u20ac 5,00 erforderlich, die erstattet wird, wenn man ihn zur\u00fcckgibt.<\/li>\n<li>Versicherung durch Polizze Snowcare: Zusatz \u20ac 3.00 pro Tag f\u00fcr jede Skipass-Kategorie. Weitere Informationen auf: <a href=\"http:\/\/www.24hassistance.com\/Snowcare.aspx\">www.24hassistance.com\/Snowcare.aspx<\/a><\/li>\n<\/ul>\n","protected":false},"excerpt":{"rendered":"<p>SOMMERSAISON 2025 Die Skipisten und Skilifte sind vom 31. May bis 02. November t\u00e4glich ge\u00f6ffnet\u00a0 * der Billigtarif ist f\u00fcr die G\u00e4ste des Hotels Quarto Pirovano am Stilfser Joch und der Wohnungen Pirovano Bormio. Der Billigtarif ist auch f\u00fcr Jugendlichen, die nach dem 1. Januar 2013 geboren wurden, und f\u00fcr Senioren, die vor dem 1. [&hellip;]<\/p>\n","protected":false},"author":3,"featured_media":613,"parent":2740,"menu_order":0,"comment_status":"closed","ping_status":"closed","template":"","meta":{"footnotes":""},"class_list":["post-2744","page","type-page","status-publish","has-post-thumbnail","hentry","odd"],"yoast_head":"<!-- This site is optimized with the Yoast SEO plugin v27.3 - https:\/\/yoast.com\/product\/yoast-seo-wordpress\/ -->\n<title>Skipass Preise Sommerski Stilfserjoch<\/title>\n<meta name=\"description\" content=\"Skipass Preise Sommerski Stilfserjoch Seilbahnen am Gletscher\" \/>\n<meta name=\"robots\" content=\"index, follow, max-snippet:-1, max-image-preview:large, max-video-preview:-1\" \/>\n<link rel=\"canonical\" href=\"https:\/\/pirovano.it\/de\/pisten-ski-anlagen\/skipass-preise\/\" \/>\n<meta property=\"og:locale\" content=\"de_DE\" \/>\n<meta property=\"og:type\" content=\"article\" \/>\n<meta property=\"og:title\" content=\"Skipass Preise Sommerski Stilfserjoch\" \/>\n<meta property=\"og:description\" content=\"Skipass Preise Sommerski Stilfserjoch Seilbahnen am Gletscher\" \/>\n<meta property=\"og:url\" content=\"https:\/\/pirovano.it\/de\/pisten-ski-anlagen\/skipass-preise\/\" \/>\n<meta property=\"og:site_name\" content=\"Pirovano\" \/>\n<meta property=\"article:modified_time\" content=\"2025-03-25T08:16:31+00:00\" \/>\n<meta property=\"og:image\" content=\"https:\/\/pirovano.it\/wp-content\/uploads\/2018\/03\/sciata-ortles-classic.jpg\" \/>\n\t<meta property=\"og:image:width\" content=\"1920\" \/>\n\t<meta property=\"og:image:height\" content=\"1285\" \/>\n\t<meta property=\"og:image:type\" content=\"image\/jpeg\" \/>\n<meta name=\"twitter:card\" content=\"summary_large_image\" \/>\n<meta name=\"twitter:label1\" content=\"Est. reading time\" \/>\n\t<meta name=\"twitter:data1\" content=\"1 minute\" \/>\n<script type=\"application\/ld+json\" class=\"yoast-schema-graph\">{\"@context\":\"https:\\\/\\\/schema.org\",\"@graph\":[{\"@type\":\"WebPage\",\"@id\":\"https:\\\/\\\/pirovano.it\\\/de\\\/pisten-ski-anlagen\\\/skipass-preise\\\/\",\"url\":\"https:\\\/\\\/pirovano.it\\\/de\\\/pisten-ski-anlagen\\\/skipass-preise\\\/\",\"name\":\"Skipass Preise Sommerski Stilfserjoch\",\"isPartOf\":{\"@id\":\"https:\\\/\\\/pirovano.it\\\/it\\\/#website\"},\"primaryImageOfPage\":{\"@id\":\"https:\\\/\\\/pirovano.it\\\/de\\\/pisten-ski-anlagen\\\/skipass-preise\\\/#primaryimage\"},\"image\":{\"@id\":\"https:\\\/\\\/pirovano.it\\\/de\\\/pisten-ski-anlagen\\\/skipass-preise\\\/#primaryimage\"},\"thumbnailUrl\":\"https:\\\/\\\/pirovano.it\\\/wp-content\\\/uploads\\\/2018\\\/03\\\/sciata-ortles-classic.jpg\",\"datePublished\":\"2018-03-11T22:25:06+00:00\",\"dateModified\":\"2025-03-25T08:16:31+00:00\",\"description\":\"Skipass Preise Sommerski Stilfserjoch Seilbahnen am Gletscher\",\"breadcrumb\":{\"@id\":\"https:\\\/\\\/pirovano.it\\\/de\\\/pisten-ski-anlagen\\\/skipass-preise\\\/#breadcrumb\"},\"inLanguage\":\"de-DE\",\"potentialAction\":[{\"@type\":\"ReadAction\",\"target\":[\"https:\\\/\\\/pirovano.it\\\/de\\\/pisten-ski-anlagen\\\/skipass-preise\\\/\"]}]},{\"@type\":\"ImageObject\",\"inLanguage\":\"de-DE\",\"@id\":\"https:\\\/\\\/pirovano.it\\\/de\\\/pisten-ski-anlagen\\\/skipass-preise\\\/#primaryimage\",\"url\":\"https:\\\/\\\/pirovano.it\\\/wp-content\\\/uploads\\\/2018\\\/03\\\/sciata-ortles-classic.jpg\",\"contentUrl\":\"https:\\\/\\\/pirovano.it\\\/wp-content\\\/uploads\\\/2018\\\/03\\\/sciata-ortles-classic.jpg\",\"width\":1920,\"height\":1285},{\"@type\":\"BreadcrumbList\",\"@id\":\"https:\\\/\\\/pirovano.it\\\/de\\\/pisten-ski-anlagen\\\/skipass-preise\\\/#breadcrumb\",\"itemListElement\":[{\"@type\":\"ListItem\",\"position\":1,\"name\":\"Home\",\"item\":\"https:\\\/\\\/pirovano.it\\\/de\\\/\"},{\"@type\":\"ListItem\",\"position\":2,\"name\":\"Pisten und Ski-Anlagen Stilfserjoch\",\"item\":\"https:\\\/\\\/pirovano.it\\\/de\\\/pisten-ski-anlagen\\\/\"},{\"@type\":\"ListItem\",\"position\":3,\"name\":\"Skipass Preise Sommerski\"}]},{\"@type\":\"WebSite\",\"@id\":\"https:\\\/\\\/pirovano.it\\\/it\\\/#website\",\"url\":\"https:\\\/\\\/pirovano.it\\\/it\\\/\",\"name\":\"Pirovano\",\"description\":\"Universit\u00e0 dello Sci, dello Snowboard e della Montagna\",\"potentialAction\":[{\"@type\":\"SearchAction\",\"target\":{\"@type\":\"EntryPoint\",\"urlTemplate\":\"https:\\\/\\\/pirovano.it\\\/it\\\/?s={search_term_string}\"},\"query-input\":{\"@type\":\"PropertyValueSpecification\",\"valueRequired\":true,\"valueName\":\"search_term_string\"}}],\"inLanguage\":\"de-DE\"}]}<\/script>\n<!-- \/ Yoast SEO plugin. -->","yoast_head_json":{"title":"Skipass Preise Sommerski Stilfserjoch","description":"Skipass Preise Sommerski Stilfserjoch Seilbahnen am Gletscher","robots":{"index":"index","follow":"follow","max-snippet":"max-snippet:-1","max-image-preview":"max-image-preview:large","max-video-preview":"max-video-preview:-1"},"canonical":"https:\/\/pirovano.it\/de\/pisten-ski-anlagen\/skipass-preise\/","og_locale":"de_DE","og_type":"article","og_title":"Skipass Preise Sommerski Stilfserjoch","og_description":"Skipass Preise Sommerski Stilfserjoch Seilbahnen am Gletscher","og_url":"https:\/\/pirovano.it\/de\/pisten-ski-anlagen\/skipass-preise\/","og_site_name":"Pirovano","article_modified_time":"2025-03-25T08:16:31+00:00","og_image":[{"width":1920,"height":1285,"url":"https:\/\/pirovano.it\/wp-content\/uploads\/2018\/03\/sciata-ortles-classic.jpg","type":"image\/jpeg"}],"twitter_card":"summary_large_image","twitter_misc":{"Est. reading time":"1 minute"},"schema":{"@context":"https:\/\/schema.org","@graph":[{"@type":"WebPage","@id":"https:\/\/pirovano.it\/de\/pisten-ski-anlagen\/skipass-preise\/","url":"https:\/\/pirovano.it\/de\/pisten-ski-anlagen\/skipass-preise\/","name":"Skipass Preise Sommerski Stilfserjoch","isPartOf":{"@id":"https:\/\/pirovano.it\/it\/#website"},"primaryImageOfPage":{"@id":"https:\/\/pirovano.it\/de\/pisten-ski-anlagen\/skipass-preise\/#primaryimage"},"image":{"@id":"https:\/\/pirovano.it\/de\/pisten-ski-anlagen\/skipass-preise\/#primaryimage"},"thumbnailUrl":"https:\/\/pirovano.it\/wp-content\/uploads\/2018\/03\/sciata-ortles-classic.jpg","datePublished":"2018-03-11T22:25:06+00:00","dateModified":"2025-03-25T08:16:31+00:00","description":"Skipass Preise Sommerski Stilfserjoch Seilbahnen am Gletscher","breadcrumb":{"@id":"https:\/\/pirovano.it\/de\/pisten-ski-anlagen\/skipass-preise\/#breadcrumb"},"inLanguage":"de-DE","potentialAction":[{"@type":"ReadAction","target":["https:\/\/pirovano.it\/de\/pisten-ski-anlagen\/skipass-preise\/"]}]},{"@type":"ImageObject","inLanguage":"de-DE","@id":"https:\/\/pirovano.it\/de\/pisten-ski-anlagen\/skipass-preise\/#primaryimage","url":"https:\/\/pirovano.it\/wp-content\/uploads\/2018\/03\/sciata-ortles-classic.jpg","contentUrl":"https:\/\/pirovano.it\/wp-content\/uploads\/2018\/03\/sciata-ortles-classic.jpg","width":1920,"height":1285},{"@type":"BreadcrumbList","@id":"https:\/\/pirovano.it\/de\/pisten-ski-anlagen\/skipass-preise\/#breadcrumb","itemListElement":[{"@type":"ListItem","position":1,"name":"Home","item":"https:\/\/pirovano.it\/de\/"},{"@type":"ListItem","position":2,"name":"Pisten und Ski-Anlagen Stilfserjoch","item":"https:\/\/pirovano.it\/de\/pisten-ski-anlagen\/"},{"@type":"ListItem","position":3,"name":"Skipass Preise Sommerski"}]},{"@type":"WebSite","@id":"https:\/\/pirovano.it\/it\/#website","url":"https:\/\/pirovano.it\/it\/","name":"Pirovano","description":"Universit\u00e0 dello Sci, dello Snowboard e della Montagna","potentialAction":[{"@type":"SearchAction","target":{"@type":"EntryPoint","urlTemplate":"https:\/\/pirovano.it\/it\/?s={search_term_string}"},"query-input":{"@type":"PropertyValueSpecification","valueRequired":true,"valueName":"search_term_string"}}],"inLanguage":"de-DE"}]}},"_links":{"self":[{"href":"https:\/\/pirovano.it\/de\/wp-json\/wp\/v2\/pages\/2744","targetHints":{"allow":["GET"]}}],"collection":[{"href":"https:\/\/pirovano.it\/de\/wp-json\/wp\/v2\/pages"}],"about":[{"href":"https:\/\/pirovano.it\/de\/wp-json\/wp\/v2\/types\/page"}],"author":[{"embeddable":true,"href":"https:\/\/pirovano.it\/de\/wp-json\/wp\/v2\/users\/3"}],"replies":[{"embeddable":true,"href":"https:\/\/pirovano.it\/de\/wp-json\/wp\/v2\/comments?post=2744"}],"version-history":[{"count":19,"href":"https:\/\/pirovano.it\/de\/wp-json\/wp\/v2\/pages\/2744\/revisions"}],"predecessor-version":[{"id":5782,"href":"https:\/\/pirovano.it\/de\/wp-json\/wp\/v2\/pages\/2744\/revisions\/5782"}],"up":[{"embeddable":true,"href":"https:\/\/pirovano.it\/de\/wp-json\/wp\/v2\/pages\/2740"}],"wp:featuredmedia":[{"embeddable":true,"href":"https:\/\/pirovano.it\/de\/wp-json\/wp\/v2\/media\/613"}],"wp:attachment":[{"href":"https:\/\/pirovano.it\/de\/wp-json\/wp\/v2\/media?parent=2744"}],"curies":[{"name":"wp","href":"https:\/\/api.w.org\/{rel}","templated":true}]}}