{"id":2750,"date":"2018-02-16T18:04:37","date_gmt":"2018-02-16T17:04:37","guid":{"rendered":"http:\/\/pirovano.it\/?page_id=2750"},"modified":"2020-03-03T15:20:35","modified_gmt":"2020-03-03T14:20:35","slug":"skischule-pirovano-die-ski-universitaet","status":"publish","type":"page","link":"https:\/\/pirovano.it\/de\/skischule-pirovano-die-ski-universitaet\/","title":{"rendered":"Skischule Pirovano \u2013 Die Ski-Universit\u00e4t"},"content":{"rendered":"<p>\u00dcber 60 Jahren Erfahrung bei der Lehrt\u00e4tigkeit in alpinem Skilauf, ist diese die Universit\u00e4t, an der sich jeder einschreiben m\u00f6chte!<\/p>\n<p>Seit den 50er Jahren sind durch eine wunderbare sportliche Geschichte Pirovano und Stilfs miteinander verbunden, deren erfolgreiche Zutaten noch heute Ernsthaftigkeit und Zuverl\u00e4ssigkeit sind, neben einer gro\u00dfen sportlichen Leidenschaft, welche Aufregungen bestimmt nicht erspart. Dies und die Professionalit\u00e4t unserer Skilehrer haben dieser Schule nun die Anrede von &#8220;Ski-Universit\u00e4t&#8221; verschafft.<\/p>\n<p>Eine Universit\u00e4t, deren Klassenzimmer wundersch\u00f6ne Skipisten sind, und deren Professoren qualifizierte Lehrer sind, die den eigenen Sch\u00fclern einen professionell hohen Unterricht in einer der sch\u00f6nsten Alpenlandschaften erteilen; von den ersten Schritten auf dem Schnee bis hin zur agonistischen Training.<\/p>\n<p>Vom blutigen Anf\u00e4nger, der nie Ski getragen haben, bis zum erfahrenen Skifahrer, der sich zur Pr\u00fcfung anmelden will um Skilehrer zu werden, kann die Skischule Pirovano eine breite Auswahl an Kursen f\u00fcr jedes Bed\u00fcrfnis anbieten:<\/p>\n<ul>\n<li><strong>Gemeinsame Kurse:<\/strong> den in homogene Gruppen eingeteilten Teilnehmern, vom Anf\u00e4nger bis zum erfahrenen Skifahrer, wird t\u00e4glich einen 4-Stunden langen Unterricht erteilt, der neben den Grundlagen der Disziplin Videoaufnahmen umfasst, die Referenzmaterial f\u00fcr den theoretischen Unterricht darstellen.<br \/>\nZum Schluss der &#8220;Session&#8221; findet immer ein spannendes Rennen statt, das meist ein Fest wird, um die im Klassenzimmer begonnene Freundschaft zwischen den Teilnehmern zu verst\u00e4rken.<br \/>\nAm Ende der Kurse erh\u00e4lt jeder Teilnehmer ein individuelles Curriculum, in das der Lehrer seine technischen Beurteilungen betreffend die Ski-F\u00e4higkeit des Schulers sowie die weiteren zu erreichenden Ziele aufschreibt.<\/li>\n<li><strong>Individueller Unterricht, der nach Ihren pers\u00f6nlichen Zielen ausgerichtet wird:<\/strong> ideal f\u00fcr Anf\u00e4nger, zur agonistischen Training, zur Vorbereitung der Pr\u00fcfung um Skilehrer oder einfach einen \u201etop Skier\u201c zu werden. Der individuelle Unterricht erm\u00f6glicht es, das Lehrprogramm zu personalisieren und im Voraus mit den Lehrern die Ziele zu vereinbaren.<\/li>\n<li><strong>Gemeinsame Baby-Skischule:<\/strong> besonderes Augenmerk auf die kleinen Sch\u00fcler, denen an bestimmten Wochen gemeinsame Kurse f\u00fcr Kinder im Alter ab 5 Jahre vorgeschlagen werden.<br \/>\nZur Schaffung eines mitrei\u00dfenden Klimas, welches das Lernen f\u00f6rdert, werden den Kindern Gelegenheiten gestattet, frei zu spielen. Die Lehrt\u00e4tigkeit wird nun Erziehung und Unterhaltung um zu vermeiden, dass sie Konzepte oder rein technische Korrekturen langweilen.<\/li>\n<\/ul>\n<p>Weitere Info des Skiunterrichts und der Universit\u00e4t k\u00f6nnen jederzeit gefragt werden.<\/p>\n","protected":false},"excerpt":{"rendered":"<p>\u00dcber 60 Jahren Erfahrung bei der Lehrt\u00e4tigkeit in alpinem Skilauf, ist diese die Universit\u00e4t, an der sich jeder einschreiben m\u00f6chte! Seit den 50er Jahren sind durch eine wunderbare sportliche Geschichte Pirovano und Stilfs miteinander verbunden, deren erfolgreiche Zutaten noch heute Ernsthaftigkeit und Zuverl\u00e4ssigkeit sind, neben einer gro\u00dfen sportlichen Leidenschaft, welche Aufregungen bestimmt nicht erspart. Dies [&hellip;]<\/p>\n","protected":false},"author":3,"featured_media":3718,"parent":0,"menu_order":0,"comment_status":"closed","ping_status":"closed","template":"","meta":{"footnotes":""},"class_list":["post-2750","page","type-page","status-publish","has-post-thumbnail","hentry","odd"],"yoast_head":"<!-- This site is optimized with the Yoast SEO plugin v27.3 - https:\/\/yoast.com\/product\/yoast-seo-wordpress\/ -->\n<title>Skischule Pirovano: die Ski Universit\u00e4t<\/title>\n<meta name=\"description\" content=\"\u00dcber 60 Jahren Erfahrung bei der Lehrt\u00e4tigkeit in alpinem Skilauf, ist diese die Universit\u00e4t, an der sich jeder einschreiben m\u00f6chte!\" \/>\n<meta name=\"robots\" content=\"index, follow, max-snippet:-1, max-image-preview:large, max-video-preview:-1\" \/>\n<link rel=\"canonical\" href=\"https:\/\/pirovano.it\/de\/skischule-pirovano-die-ski-universitaet\/\" \/>\n<meta property=\"og:locale\" content=\"de_DE\" \/>\n<meta property=\"og:type\" content=\"article\" \/>\n<meta property=\"og:title\" content=\"Skischule Pirovano: die Ski Universit\u00e4t\" \/>\n<meta property=\"og:description\" content=\"\u00dcber 60 Jahren Erfahrung bei der Lehrt\u00e4tigkeit in alpinem Skilauf, ist diese die Universit\u00e4t, an der sich jeder einschreiben m\u00f6chte!\" \/>\n<meta property=\"og:url\" content=\"https:\/\/pirovano.it\/de\/skischule-pirovano-die-ski-universitaet\/\" \/>\n<meta property=\"og:site_name\" content=\"Pirovano\" \/>\n<meta property=\"article:modified_time\" content=\"2020-03-03T14:20:35+00:00\" \/>\n<meta property=\"og:image\" content=\"https:\/\/pirovano.it\/wp-content\/uploads\/2018\/04\/pirovano170684-1024x683.jpg\" \/>\n\t<meta property=\"og:image:width\" content=\"1024\" \/>\n\t<meta property=\"og:image:height\" content=\"683\" \/>\n\t<meta property=\"og:image:type\" content=\"image\/jpeg\" \/>\n<meta name=\"twitter:card\" content=\"summary_large_image\" \/>\n<meta name=\"twitter:label1\" content=\"Est. reading time\" \/>\n\t<meta name=\"twitter:data1\" content=\"2 minutes\" \/>\n<script type=\"application\/ld+json\" class=\"yoast-schema-graph\">{\"@context\":\"https:\\\/\\\/schema.org\",\"@graph\":[{\"@type\":\"WebPage\",\"@id\":\"https:\\\/\\\/pirovano.it\\\/de\\\/skischule-pirovano-die-ski-universitaet\\\/\",\"url\":\"https:\\\/\\\/pirovano.it\\\/de\\\/skischule-pirovano-die-ski-universitaet\\\/\",\"name\":\"Skischule Pirovano: die Ski Universit\u00e4t\",\"isPartOf\":{\"@id\":\"https:\\\/\\\/pirovano.it\\\/it\\\/#website\"},\"primaryImageOfPage\":{\"@id\":\"https:\\\/\\\/pirovano.it\\\/de\\\/skischule-pirovano-die-ski-universitaet\\\/#primaryimage\"},\"image\":{\"@id\":\"https:\\\/\\\/pirovano.it\\\/de\\\/skischule-pirovano-die-ski-universitaet\\\/#primaryimage\"},\"thumbnailUrl\":\"https:\\\/\\\/pirovano.it\\\/wp-content\\\/uploads\\\/2018\\\/04\\\/pirovano170684.jpg\",\"datePublished\":\"2018-02-16T17:04:37+00:00\",\"dateModified\":\"2020-03-03T14:20:35+00:00\",\"description\":\"\u00dcber 60 Jahren Erfahrung bei der Lehrt\u00e4tigkeit in alpinem Skilauf, ist diese die Universit\u00e4t, an der sich jeder einschreiben m\u00f6chte!\",\"breadcrumb\":{\"@id\":\"https:\\\/\\\/pirovano.it\\\/de\\\/skischule-pirovano-die-ski-universitaet\\\/#breadcrumb\"},\"inLanguage\":\"de-DE\",\"potentialAction\":[{\"@type\":\"ReadAction\",\"target\":[\"https:\\\/\\\/pirovano.it\\\/de\\\/skischule-pirovano-die-ski-universitaet\\\/\"]}]},{\"@type\":\"ImageObject\",\"inLanguage\":\"de-DE\",\"@id\":\"https:\\\/\\\/pirovano.it\\\/de\\\/skischule-pirovano-die-ski-universitaet\\\/#primaryimage\",\"url\":\"https:\\\/\\\/pirovano.it\\\/wp-content\\\/uploads\\\/2018\\\/04\\\/pirovano170684.jpg\",\"contentUrl\":\"https:\\\/\\\/pirovano.it\\\/wp-content\\\/uploads\\\/2018\\\/04\\\/pirovano170684.jpg\",\"width\":5184,\"height\":3456},{\"@type\":\"BreadcrumbList\",\"@id\":\"https:\\\/\\\/pirovano.it\\\/de\\\/skischule-pirovano-die-ski-universitaet\\\/#breadcrumb\",\"itemListElement\":[{\"@type\":\"ListItem\",\"position\":1,\"name\":\"Home\",\"item\":\"https:\\\/\\\/pirovano.it\\\/de\\\/\"},{\"@type\":\"ListItem\",\"position\":2,\"name\":\"Skischule Pirovano \u2013 Die Ski-Universit\u00e4t\"}]},{\"@type\":\"WebSite\",\"@id\":\"https:\\\/\\\/pirovano.it\\\/it\\\/#website\",\"url\":\"https:\\\/\\\/pirovano.it\\\/it\\\/\",\"name\":\"Pirovano\",\"description\":\"Universit\u00e0 dello Sci, dello Snowboard e della Montagna\",\"potentialAction\":[{\"@type\":\"SearchAction\",\"target\":{\"@type\":\"EntryPoint\",\"urlTemplate\":\"https:\\\/\\\/pirovano.it\\\/it\\\/?s={search_term_string}\"},\"query-input\":{\"@type\":\"PropertyValueSpecification\",\"valueRequired\":true,\"valueName\":\"search_term_string\"}}],\"inLanguage\":\"de-DE\"}]}<\/script>\n<!-- \/ Yoast SEO plugin. -->","yoast_head_json":{"title":"Skischule Pirovano: die Ski Universit\u00e4t","description":"\u00dcber 60 Jahren Erfahrung bei der Lehrt\u00e4tigkeit in alpinem Skilauf, ist diese die Universit\u00e4t, an der sich jeder einschreiben m\u00f6chte!","robots":{"index":"index","follow":"follow","max-snippet":"max-snippet:-1","max-image-preview":"max-image-preview:large","max-video-preview":"max-video-preview:-1"},"canonical":"https:\/\/pirovano.it\/de\/skischule-pirovano-die-ski-universitaet\/","og_locale":"de_DE","og_type":"article","og_title":"Skischule Pirovano: die Ski Universit\u00e4t","og_description":"\u00dcber 60 Jahren Erfahrung bei der Lehrt\u00e4tigkeit in alpinem Skilauf, ist diese die Universit\u00e4t, an der sich jeder einschreiben m\u00f6chte!","og_url":"https:\/\/pirovano.it\/de\/skischule-pirovano-die-ski-universitaet\/","og_site_name":"Pirovano","article_modified_time":"2020-03-03T14:20:35+00:00","og_image":[{"width":1024,"height":683,"url":"https:\/\/pirovano.it\/wp-content\/uploads\/2018\/04\/pirovano170684-1024x683.jpg","type":"image\/jpeg"}],"twitter_card":"summary_large_image","twitter_misc":{"Est. reading time":"2 minutes"},"schema":{"@context":"https:\/\/schema.org","@graph":[{"@type":"WebPage","@id":"https:\/\/pirovano.it\/de\/skischule-pirovano-die-ski-universitaet\/","url":"https:\/\/pirovano.it\/de\/skischule-pirovano-die-ski-universitaet\/","name":"Skischule Pirovano: die Ski Universit\u00e4t","isPartOf":{"@id":"https:\/\/pirovano.it\/it\/#website"},"primaryImageOfPage":{"@id":"https:\/\/pirovano.it\/de\/skischule-pirovano-die-ski-universitaet\/#primaryimage"},"image":{"@id":"https:\/\/pirovano.it\/de\/skischule-pirovano-die-ski-universitaet\/#primaryimage"},"thumbnailUrl":"https:\/\/pirovano.it\/wp-content\/uploads\/2018\/04\/pirovano170684.jpg","datePublished":"2018-02-16T17:04:37+00:00","dateModified":"2020-03-03T14:20:35+00:00","description":"\u00dcber 60 Jahren Erfahrung bei der Lehrt\u00e4tigkeit in alpinem Skilauf, ist diese die Universit\u00e4t, an der sich jeder einschreiben m\u00f6chte!","breadcrumb":{"@id":"https:\/\/pirovano.it\/de\/skischule-pirovano-die-ski-universitaet\/#breadcrumb"},"inLanguage":"de-DE","potentialAction":[{"@type":"ReadAction","target":["https:\/\/pirovano.it\/de\/skischule-pirovano-die-ski-universitaet\/"]}]},{"@type":"ImageObject","inLanguage":"de-DE","@id":"https:\/\/pirovano.it\/de\/skischule-pirovano-die-ski-universitaet\/#primaryimage","url":"https:\/\/pirovano.it\/wp-content\/uploads\/2018\/04\/pirovano170684.jpg","contentUrl":"https:\/\/pirovano.it\/wp-content\/uploads\/2018\/04\/pirovano170684.jpg","width":5184,"height":3456},{"@type":"BreadcrumbList","@id":"https:\/\/pirovano.it\/de\/skischule-pirovano-die-ski-universitaet\/#breadcrumb","itemListElement":[{"@type":"ListItem","position":1,"name":"Home","item":"https:\/\/pirovano.it\/de\/"},{"@type":"ListItem","position":2,"name":"Skischule Pirovano \u2013 Die Ski-Universit\u00e4t"}]},{"@type":"WebSite","@id":"https:\/\/pirovano.it\/it\/#website","url":"https:\/\/pirovano.it\/it\/","name":"Pirovano","description":"Universit\u00e0 dello Sci, dello Snowboard e della Montagna","potentialAction":[{"@type":"SearchAction","target":{"@type":"EntryPoint","urlTemplate":"https:\/\/pirovano.it\/it\/?s={search_term_string}"},"query-input":{"@type":"PropertyValueSpecification","valueRequired":true,"valueName":"search_term_string"}}],"inLanguage":"de-DE"}]}},"_links":{"self":[{"href":"https:\/\/pirovano.it\/de\/wp-json\/wp\/v2\/pages\/2750","targetHints":{"allow":["GET"]}}],"collection":[{"href":"https:\/\/pirovano.it\/de\/wp-json\/wp\/v2\/pages"}],"about":[{"href":"https:\/\/pirovano.it\/de\/wp-json\/wp\/v2\/types\/page"}],"author":[{"embeddable":true,"href":"https:\/\/pirovano.it\/de\/wp-json\/wp\/v2\/users\/3"}],"replies":[{"embeddable":true,"href":"https:\/\/pirovano.it\/de\/wp-json\/wp\/v2\/comments?post=2750"}],"version-history":[{"count":3,"href":"https:\/\/pirovano.it\/de\/wp-json\/wp\/v2\/pages\/2750\/revisions"}],"predecessor-version":[{"id":6207,"href":"https:\/\/pirovano.it\/de\/wp-json\/wp\/v2\/pages\/2750\/revisions\/6207"}],"wp:featuredmedia":[{"embeddable":true,"href":"https:\/\/pirovano.it\/de\/wp-json\/wp\/v2\/media\/3718"}],"wp:attachment":[{"href":"https:\/\/pirovano.it\/de\/wp-json\/wp\/v2\/media?parent=2750"}],"curies":[{"name":"wp","href":"https:\/\/api.w.org\/{rel}","templated":true}]}}