{"id":2755,"date":"2018-03-13T15:43:17","date_gmt":"2018-03-13T14:43:17","guid":{"rendered":"https:\/\/pirovano.it\/?page_id=2755"},"modified":"2020-03-03T15:17:08","modified_gmt":"2020-03-03T14:17:08","slug":"ski-curse","status":"publish","type":"page","link":"https:\/\/pirovano.it\/de\/skischule-pirovano-die-ski-universitaet\/ski-curse\/","title":{"rendered":"Ski-Curse am Stilsferjoch Gletscher"},"content":{"rendered":"<p>F\u00fcnf oder sechs Unterrichtstage, ab Montag bis Freitag oder Samstag, vom Anf\u00e4nger bis zum Wettkampfniveau.<\/p>\n<p>Entwickelt von A.M.S.I. (Italienische Skilehrerverband), erm\u00f6glicht dieser Kurs, konkrete Ergebnisse zu erreichen.<\/p>\n<p>Ab Montag bis Samstag f\u00fchren die Lehrer von Pirovano Snowboard University jeden Rider, vom Anf\u00e4nger bis zum Experten!<\/p>\n<p>Die Kurse der &#8220;Universit\u00e4t&#8221; sind nicht nur an Erwachsene gerichtet, aber gleichfalls f\u00fcr Kinder ab 8 Jahre alt. F\u00fcr die Baby-Skifahrer ab 5 Jahre alt stehen bei bestimmten Wochen spezifische Kurse zur Verf\u00fcgung.<\/p>\n<p>Wenn die Sommerhitze der Stadt unertr\u00e4glich wird, erlauben Sie ihnen manche Freude&#8230; genie\u00dfen Sie frische und reine Luft am Stilfserjoch.<\/p>\n","protected":false},"excerpt":{"rendered":"<p>F\u00fcnf oder sechs Unterrichtstage, ab Montag bis Freitag oder Samstag, vom Anf\u00e4nger bis zum Wettkampfniveau. Entwickelt von A.M.S.I. (Italienische Skilehrerverband), erm\u00f6glicht dieser Kurs, konkrete Ergebnisse zu erreichen. Ab Montag bis Samstag f\u00fchren die Lehrer von Pirovano Snowboard University jeden Rider, vom Anf\u00e4nger bis zum Experten! Die Kurse der &#8220;Universit\u00e4t&#8221; sind nicht nur an Erwachsene gerichtet, [&hellip;]<\/p>\n","protected":false},"author":3,"featured_media":1249,"parent":2750,"menu_order":0,"comment_status":"closed","ping_status":"closed","template":"page-templates\/courses.php","meta":{"footnotes":""},"class_list":["post-2755","page","type-page","status-publish","has-post-thumbnail","hentry","odd"],"yoast_head":"<!-- This site is optimized with the Yoast SEO plugin v27.4 - https:\/\/yoast.com\/product\/yoast-seo-wordpress\/ -->\n<title>Ski-Curse am Stilsferjoch Gletscher mit Pirovano<\/title>\n<meta name=\"description\" content=\"Ski-Curse am Stilsferjoch Gletscher mit Pirovano. Sommerski\" \/>\n<meta name=\"robots\" content=\"index, follow, max-snippet:-1, max-image-preview:large, max-video-preview:-1\" \/>\n<link rel=\"canonical\" href=\"https:\/\/pirovano.it\/de\/skischule-pirovano-die-ski-universitaet\/ski-curse\/\" \/>\n<meta property=\"og:locale\" content=\"de_DE\" \/>\n<meta property=\"og:type\" content=\"article\" \/>\n<meta property=\"og:title\" content=\"Ski-Curse am Stilsferjoch Gletscher mit Pirovano\" \/>\n<meta property=\"og:description\" content=\"Ski-Curse am Stilsferjoch Gletscher mit Pirovano. Sommerski\" \/>\n<meta property=\"og:url\" content=\"https:\/\/pirovano.it\/de\/skischule-pirovano-die-ski-universitaet\/ski-curse\/\" \/>\n<meta property=\"og:site_name\" content=\"Pirovano\" \/>\n<meta property=\"article:modified_time\" content=\"2020-03-03T14:17:08+00:00\" \/>\n<meta property=\"og:image\" content=\"https:\/\/pirovano.it\/wp-content\/uploads\/2018\/03\/DSC_1699-1024x685.jpg\" \/>\n\t<meta property=\"og:image:width\" content=\"1024\" \/>\n\t<meta property=\"og:image:height\" content=\"685\" \/>\n\t<meta property=\"og:image:type\" content=\"image\/jpeg\" \/>\n<meta name=\"twitter:card\" content=\"summary_large_image\" \/>\n<meta name=\"twitter:label1\" content=\"Est. reading time\" \/>\n\t<meta name=\"twitter:data1\" content=\"1 minute\" \/>\n<script type=\"application\/ld+json\" class=\"yoast-schema-graph\">{\"@context\":\"https:\\\/\\\/schema.org\",\"@graph\":[{\"@type\":\"WebPage\",\"@id\":\"https:\\\/\\\/pirovano.it\\\/de\\\/skischule-pirovano-die-ski-universitaet\\\/ski-curse\\\/\",\"url\":\"https:\\\/\\\/pirovano.it\\\/de\\\/skischule-pirovano-die-ski-universitaet\\\/ski-curse\\\/\",\"name\":\"Ski-Curse am Stilsferjoch Gletscher mit Pirovano\",\"isPartOf\":{\"@id\":\"https:\\\/\\\/pirovano.it\\\/it\\\/#website\"},\"primaryImageOfPage\":{\"@id\":\"https:\\\/\\\/pirovano.it\\\/de\\\/skischule-pirovano-die-ski-universitaet\\\/ski-curse\\\/#primaryimage\"},\"image\":{\"@id\":\"https:\\\/\\\/pirovano.it\\\/de\\\/skischule-pirovano-die-ski-universitaet\\\/ski-curse\\\/#primaryimage\"},\"thumbnailUrl\":\"https:\\\/\\\/pirovano.it\\\/wp-content\\\/uploads\\\/2018\\\/03\\\/DSC_1699.jpg\",\"datePublished\":\"2018-03-13T14:43:17+00:00\",\"dateModified\":\"2020-03-03T14:17:08+00:00\",\"description\":\"Ski-Curse am Stilsferjoch Gletscher mit Pirovano. Sommerski\",\"breadcrumb\":{\"@id\":\"https:\\\/\\\/pirovano.it\\\/de\\\/skischule-pirovano-die-ski-universitaet\\\/ski-curse\\\/#breadcrumb\"},\"inLanguage\":\"de-DE\",\"potentialAction\":[{\"@type\":\"ReadAction\",\"target\":[\"https:\\\/\\\/pirovano.it\\\/de\\\/skischule-pirovano-die-ski-universitaet\\\/ski-curse\\\/\"]}]},{\"@type\":\"ImageObject\",\"inLanguage\":\"de-DE\",\"@id\":\"https:\\\/\\\/pirovano.it\\\/de\\\/skischule-pirovano-die-ski-universitaet\\\/ski-curse\\\/#primaryimage\",\"url\":\"https:\\\/\\\/pirovano.it\\\/wp-content\\\/uploads\\\/2018\\\/03\\\/DSC_1699.jpg\",\"contentUrl\":\"https:\\\/\\\/pirovano.it\\\/wp-content\\\/uploads\\\/2018\\\/03\\\/DSC_1699.jpg\",\"width\":3872,\"height\":2592},{\"@type\":\"BreadcrumbList\",\"@id\":\"https:\\\/\\\/pirovano.it\\\/de\\\/skischule-pirovano-die-ski-universitaet\\\/ski-curse\\\/#breadcrumb\",\"itemListElement\":[{\"@type\":\"ListItem\",\"position\":1,\"name\":\"Home\",\"item\":\"https:\\\/\\\/pirovano.it\\\/de\\\/\"},{\"@type\":\"ListItem\",\"position\":2,\"name\":\"Skischule Pirovano \u2013 Die Ski-Universit\u00e4t\",\"item\":\"https:\\\/\\\/pirovano.it\\\/de\\\/skischule-pirovano-die-ski-universitaet\\\/\"},{\"@type\":\"ListItem\",\"position\":3,\"name\":\"Ski-Curse am Stilsferjoch Gletscher\"}]},{\"@type\":\"WebSite\",\"@id\":\"https:\\\/\\\/pirovano.it\\\/it\\\/#website\",\"url\":\"https:\\\/\\\/pirovano.it\\\/it\\\/\",\"name\":\"Pirovano\",\"description\":\"Universit\u00e0 dello Sci, dello Snowboard e della Montagna\",\"potentialAction\":[{\"@type\":\"SearchAction\",\"target\":{\"@type\":\"EntryPoint\",\"urlTemplate\":\"https:\\\/\\\/pirovano.it\\\/it\\\/?s={search_term_string}\"},\"query-input\":{\"@type\":\"PropertyValueSpecification\",\"valueRequired\":true,\"valueName\":\"search_term_string\"}}],\"inLanguage\":\"de-DE\"}]}<\/script>\n<!-- \/ Yoast SEO plugin. -->","yoast_head_json":{"title":"Ski-Curse am Stilsferjoch Gletscher mit Pirovano","description":"Ski-Curse am Stilsferjoch Gletscher mit Pirovano. Sommerski","robots":{"index":"index","follow":"follow","max-snippet":"max-snippet:-1","max-image-preview":"max-image-preview:large","max-video-preview":"max-video-preview:-1"},"canonical":"https:\/\/pirovano.it\/de\/skischule-pirovano-die-ski-universitaet\/ski-curse\/","og_locale":"de_DE","og_type":"article","og_title":"Ski-Curse am Stilsferjoch Gletscher mit Pirovano","og_description":"Ski-Curse am Stilsferjoch Gletscher mit Pirovano. Sommerski","og_url":"https:\/\/pirovano.it\/de\/skischule-pirovano-die-ski-universitaet\/ski-curse\/","og_site_name":"Pirovano","article_modified_time":"2020-03-03T14:17:08+00:00","og_image":[{"width":1024,"height":685,"url":"https:\/\/pirovano.it\/wp-content\/uploads\/2018\/03\/DSC_1699-1024x685.jpg","type":"image\/jpeg"}],"twitter_card":"summary_large_image","twitter_misc":{"Est. reading time":"1 minute"},"schema":{"@context":"https:\/\/schema.org","@graph":[{"@type":"WebPage","@id":"https:\/\/pirovano.it\/de\/skischule-pirovano-die-ski-universitaet\/ski-curse\/","url":"https:\/\/pirovano.it\/de\/skischule-pirovano-die-ski-universitaet\/ski-curse\/","name":"Ski-Curse am Stilsferjoch Gletscher mit Pirovano","isPartOf":{"@id":"https:\/\/pirovano.it\/it\/#website"},"primaryImageOfPage":{"@id":"https:\/\/pirovano.it\/de\/skischule-pirovano-die-ski-universitaet\/ski-curse\/#primaryimage"},"image":{"@id":"https:\/\/pirovano.it\/de\/skischule-pirovano-die-ski-universitaet\/ski-curse\/#primaryimage"},"thumbnailUrl":"https:\/\/pirovano.it\/wp-content\/uploads\/2018\/03\/DSC_1699.jpg","datePublished":"2018-03-13T14:43:17+00:00","dateModified":"2020-03-03T14:17:08+00:00","description":"Ski-Curse am Stilsferjoch Gletscher mit Pirovano. Sommerski","breadcrumb":{"@id":"https:\/\/pirovano.it\/de\/skischule-pirovano-die-ski-universitaet\/ski-curse\/#breadcrumb"},"inLanguage":"de-DE","potentialAction":[{"@type":"ReadAction","target":["https:\/\/pirovano.it\/de\/skischule-pirovano-die-ski-universitaet\/ski-curse\/"]}]},{"@type":"ImageObject","inLanguage":"de-DE","@id":"https:\/\/pirovano.it\/de\/skischule-pirovano-die-ski-universitaet\/ski-curse\/#primaryimage","url":"https:\/\/pirovano.it\/wp-content\/uploads\/2018\/03\/DSC_1699.jpg","contentUrl":"https:\/\/pirovano.it\/wp-content\/uploads\/2018\/03\/DSC_1699.jpg","width":3872,"height":2592},{"@type":"BreadcrumbList","@id":"https:\/\/pirovano.it\/de\/skischule-pirovano-die-ski-universitaet\/ski-curse\/#breadcrumb","itemListElement":[{"@type":"ListItem","position":1,"name":"Home","item":"https:\/\/pirovano.it\/de\/"},{"@type":"ListItem","position":2,"name":"Skischule Pirovano \u2013 Die Ski-Universit\u00e4t","item":"https:\/\/pirovano.it\/de\/skischule-pirovano-die-ski-universitaet\/"},{"@type":"ListItem","position":3,"name":"Ski-Curse am Stilsferjoch Gletscher"}]},{"@type":"WebSite","@id":"https:\/\/pirovano.it\/it\/#website","url":"https:\/\/pirovano.it\/it\/","name":"Pirovano","description":"Universit\u00e0 dello Sci, dello Snowboard e della Montagna","potentialAction":[{"@type":"SearchAction","target":{"@type":"EntryPoint","urlTemplate":"https:\/\/pirovano.it\/it\/?s={search_term_string}"},"query-input":{"@type":"PropertyValueSpecification","valueRequired":true,"valueName":"search_term_string"}}],"inLanguage":"de-DE"}]}},"_links":{"self":[{"href":"https:\/\/pirovano.it\/de\/wp-json\/wp\/v2\/pages\/2755","targetHints":{"allow":["GET"]}}],"collection":[{"href":"https:\/\/pirovano.it\/de\/wp-json\/wp\/v2\/pages"}],"about":[{"href":"https:\/\/pirovano.it\/de\/wp-json\/wp\/v2\/types\/page"}],"author":[{"embeddable":true,"href":"https:\/\/pirovano.it\/de\/wp-json\/wp\/v2\/users\/3"}],"replies":[{"embeddable":true,"href":"https:\/\/pirovano.it\/de\/wp-json\/wp\/v2\/comments?post=2755"}],"version-history":[{"count":6,"href":"https:\/\/pirovano.it\/de\/wp-json\/wp\/v2\/pages\/2755\/revisions"}],"predecessor-version":[{"id":6202,"href":"https:\/\/pirovano.it\/de\/wp-json\/wp\/v2\/pages\/2755\/revisions\/6202"}],"up":[{"embeddable":true,"href":"https:\/\/pirovano.it\/de\/wp-json\/wp\/v2\/pages\/2750"}],"wp:featuredmedia":[{"embeddable":true,"href":"https:\/\/pirovano.it\/de\/wp-json\/wp\/v2\/media\/1249"}],"wp:attachment":[{"href":"https:\/\/pirovano.it\/de\/wp-json\/wp\/v2\/media?parent=2755"}],"curies":[{"name":"wp","href":"https:\/\/api.w.org\/{rel}","templated":true}]}}