{"id":2759,"date":"2018-03-13T15:41:46","date_gmt":"2018-03-13T14:41:46","guid":{"rendered":"http:\/\/pirovano.it\/?page_id=2759"},"modified":"2025-03-25T08:52:38","modified_gmt":"2025-03-25T07:52:38","slug":"skilehrer","status":"publish","type":"page","link":"https:\/\/pirovano.it\/de\/skischule-pirovano-die-ski-universitaet\/skilehrer\/","title":{"rendered":"Skilehrer Stilfserjoch"},"content":{"rendered":"<p>Pirovano und seine Skilehrer bedeuten Erfahrung und Professionalit\u00e4t.<\/p>\n<p>\u00dcber 60 Jahren am Stilfs lehrt man dem h\u00f6chsten Technikgrad in einer Schule, welche die Tradition bei der Ausbildung ihrer Sch\u00fcler fortf\u00fchrt und, welche die Anrede von \u201eSki-Universit\u00e4t\u201c nicht zuf\u00e4llig erworben hat.<\/p>\n<p><strong>Entdecken Sie die Qualit\u00e4t Pirovano&#8230; schenken Sie Ihnen einen Studienaufenthalt zusammen mit den Lehrern der \u201eSki-Universit\u00e4t\u201c.<\/strong><\/p>\n","protected":false},"excerpt":{"rendered":"<p>Pirovano und seine Skilehrer bedeuten Erfahrung und Professionalit\u00e4t. \u00dcber 60 Jahren am Stilfs lehrt man dem h\u00f6chsten Technikgrad in einer Schule, welche die Tradition bei der Ausbildung ihrer Sch\u00fcler fortf\u00fchrt und, welche die Anrede von \u201eSki-Universit\u00e4t\u201c nicht zuf\u00e4llig erworben hat. Entdecken Sie die Qualit\u00e4t Pirovano&#8230; schenken Sie Ihnen einen Studienaufenthalt zusammen mit den Lehrern der [&hellip;]<\/p>\n","protected":false},"author":3,"featured_media":4056,"parent":2750,"menu_order":0,"comment_status":"closed","ping_status":"closed","template":"page-templates\/instructors.php","meta":{"footnotes":""},"class_list":["post-2759","page","type-page","status-publish","has-post-thumbnail","hentry","odd"],"yoast_head":"<!-- This site is optimized with the Yoast SEO plugin v27.3 - https:\/\/yoast.com\/product\/yoast-seo-wordpress\/ -->\n<title>Skilehrer Stilfserjoch Gletscher Pirovano<\/title>\n<meta name=\"description\" content=\"Skilehrer Stilfserjoch: Pirovano und seine Skilehrer bedeuten Erfahrung und Professionalit\u00e4t.\" \/>\n<meta name=\"robots\" content=\"index, follow, max-snippet:-1, max-image-preview:large, max-video-preview:-1\" \/>\n<link rel=\"canonical\" href=\"https:\/\/pirovano.it\/de\/skischule-pirovano-die-ski-universitaet\/skilehrer\/\" \/>\n<meta property=\"og:locale\" content=\"de_DE\" \/>\n<meta property=\"og:type\" content=\"article\" \/>\n<meta property=\"og:title\" content=\"Skilehrer Stilfserjoch Gletscher Pirovano\" \/>\n<meta property=\"og:description\" content=\"Skilehrer Stilfserjoch: Pirovano und seine Skilehrer bedeuten Erfahrung und Professionalit\u00e4t.\" \/>\n<meta property=\"og:url\" content=\"https:\/\/pirovano.it\/de\/skischule-pirovano-die-ski-universitaet\/skilehrer\/\" \/>\n<meta property=\"og:site_name\" content=\"Pirovano\" \/>\n<meta property=\"article:modified_time\" content=\"2025-03-25T07:52:38+00:00\" \/>\n<meta property=\"og:image\" content=\"https:\/\/pirovano.it\/wp-content\/uploads\/2018\/03\/maestro-retro.jpg\" \/>\n\t<meta property=\"og:image:width\" content=\"1920\" \/>\n\t<meta property=\"og:image:height\" content=\"1235\" \/>\n\t<meta property=\"og:image:type\" content=\"image\/jpeg\" \/>\n<meta name=\"twitter:card\" content=\"summary_large_image\" \/>\n<script type=\"application\/ld+json\" class=\"yoast-schema-graph\">{\"@context\":\"https:\\\/\\\/schema.org\",\"@graph\":[{\"@type\":\"WebPage\",\"@id\":\"https:\\\/\\\/pirovano.it\\\/de\\\/skischule-pirovano-die-ski-universitaet\\\/skilehrer\\\/\",\"url\":\"https:\\\/\\\/pirovano.it\\\/de\\\/skischule-pirovano-die-ski-universitaet\\\/skilehrer\\\/\",\"name\":\"Skilehrer Stilfserjoch Gletscher Pirovano\",\"isPartOf\":{\"@id\":\"https:\\\/\\\/pirovano.it\\\/it\\\/#website\"},\"primaryImageOfPage\":{\"@id\":\"https:\\\/\\\/pirovano.it\\\/de\\\/skischule-pirovano-die-ski-universitaet\\\/skilehrer\\\/#primaryimage\"},\"image\":{\"@id\":\"https:\\\/\\\/pirovano.it\\\/de\\\/skischule-pirovano-die-ski-universitaet\\\/skilehrer\\\/#primaryimage\"},\"thumbnailUrl\":\"https:\\\/\\\/pirovano.it\\\/wp-content\\\/uploads\\\/2018\\\/03\\\/maestro-retro.jpg\",\"datePublished\":\"2018-03-13T14:41:46+00:00\",\"dateModified\":\"2025-03-25T07:52:38+00:00\",\"description\":\"Skilehrer Stilfserjoch: Pirovano und seine Skilehrer bedeuten Erfahrung und Professionalit\u00e4t.\",\"breadcrumb\":{\"@id\":\"https:\\\/\\\/pirovano.it\\\/de\\\/skischule-pirovano-die-ski-universitaet\\\/skilehrer\\\/#breadcrumb\"},\"inLanguage\":\"de-DE\",\"potentialAction\":[{\"@type\":\"ReadAction\",\"target\":[\"https:\\\/\\\/pirovano.it\\\/de\\\/skischule-pirovano-die-ski-universitaet\\\/skilehrer\\\/\"]}]},{\"@type\":\"ImageObject\",\"inLanguage\":\"de-DE\",\"@id\":\"https:\\\/\\\/pirovano.it\\\/de\\\/skischule-pirovano-die-ski-universitaet\\\/skilehrer\\\/#primaryimage\",\"url\":\"https:\\\/\\\/pirovano.it\\\/wp-content\\\/uploads\\\/2018\\\/03\\\/maestro-retro.jpg\",\"contentUrl\":\"https:\\\/\\\/pirovano.it\\\/wp-content\\\/uploads\\\/2018\\\/03\\\/maestro-retro.jpg\",\"width\":1920,\"height\":1235},{\"@type\":\"BreadcrumbList\",\"@id\":\"https:\\\/\\\/pirovano.it\\\/de\\\/skischule-pirovano-die-ski-universitaet\\\/skilehrer\\\/#breadcrumb\",\"itemListElement\":[{\"@type\":\"ListItem\",\"position\":1,\"name\":\"Home\",\"item\":\"https:\\\/\\\/pirovano.it\\\/de\\\/\"},{\"@type\":\"ListItem\",\"position\":2,\"name\":\"Skischule Pirovano \u2013 Die Ski-Universit\u00e4t\",\"item\":\"https:\\\/\\\/pirovano.it\\\/de\\\/skischule-pirovano-die-ski-universitaet\\\/\"},{\"@type\":\"ListItem\",\"position\":3,\"name\":\"Skilehrer Stilfserjoch\"}]},{\"@type\":\"WebSite\",\"@id\":\"https:\\\/\\\/pirovano.it\\\/it\\\/#website\",\"url\":\"https:\\\/\\\/pirovano.it\\\/it\\\/\",\"name\":\"Pirovano\",\"description\":\"Universit\u00e0 dello Sci, dello Snowboard e della Montagna\",\"potentialAction\":[{\"@type\":\"SearchAction\",\"target\":{\"@type\":\"EntryPoint\",\"urlTemplate\":\"https:\\\/\\\/pirovano.it\\\/it\\\/?s={search_term_string}\"},\"query-input\":{\"@type\":\"PropertyValueSpecification\",\"valueRequired\":true,\"valueName\":\"search_term_string\"}}],\"inLanguage\":\"de-DE\"}]}<\/script>\n<!-- \/ Yoast SEO plugin. -->","yoast_head_json":{"title":"Skilehrer Stilfserjoch Gletscher Pirovano","description":"Skilehrer Stilfserjoch: Pirovano und seine Skilehrer bedeuten Erfahrung und Professionalit\u00e4t.","robots":{"index":"index","follow":"follow","max-snippet":"max-snippet:-1","max-image-preview":"max-image-preview:large","max-video-preview":"max-video-preview:-1"},"canonical":"https:\/\/pirovano.it\/de\/skischule-pirovano-die-ski-universitaet\/skilehrer\/","og_locale":"de_DE","og_type":"article","og_title":"Skilehrer Stilfserjoch Gletscher Pirovano","og_description":"Skilehrer Stilfserjoch: Pirovano und seine Skilehrer bedeuten Erfahrung und Professionalit\u00e4t.","og_url":"https:\/\/pirovano.it\/de\/skischule-pirovano-die-ski-universitaet\/skilehrer\/","og_site_name":"Pirovano","article_modified_time":"2025-03-25T07:52:38+00:00","og_image":[{"width":1920,"height":1235,"url":"https:\/\/pirovano.it\/wp-content\/uploads\/2018\/03\/maestro-retro.jpg","type":"image\/jpeg"}],"twitter_card":"summary_large_image","schema":{"@context":"https:\/\/schema.org","@graph":[{"@type":"WebPage","@id":"https:\/\/pirovano.it\/de\/skischule-pirovano-die-ski-universitaet\/skilehrer\/","url":"https:\/\/pirovano.it\/de\/skischule-pirovano-die-ski-universitaet\/skilehrer\/","name":"Skilehrer Stilfserjoch Gletscher Pirovano","isPartOf":{"@id":"https:\/\/pirovano.it\/it\/#website"},"primaryImageOfPage":{"@id":"https:\/\/pirovano.it\/de\/skischule-pirovano-die-ski-universitaet\/skilehrer\/#primaryimage"},"image":{"@id":"https:\/\/pirovano.it\/de\/skischule-pirovano-die-ski-universitaet\/skilehrer\/#primaryimage"},"thumbnailUrl":"https:\/\/pirovano.it\/wp-content\/uploads\/2018\/03\/maestro-retro.jpg","datePublished":"2018-03-13T14:41:46+00:00","dateModified":"2025-03-25T07:52:38+00:00","description":"Skilehrer Stilfserjoch: Pirovano und seine Skilehrer bedeuten Erfahrung und Professionalit\u00e4t.","breadcrumb":{"@id":"https:\/\/pirovano.it\/de\/skischule-pirovano-die-ski-universitaet\/skilehrer\/#breadcrumb"},"inLanguage":"de-DE","potentialAction":[{"@type":"ReadAction","target":["https:\/\/pirovano.it\/de\/skischule-pirovano-die-ski-universitaet\/skilehrer\/"]}]},{"@type":"ImageObject","inLanguage":"de-DE","@id":"https:\/\/pirovano.it\/de\/skischule-pirovano-die-ski-universitaet\/skilehrer\/#primaryimage","url":"https:\/\/pirovano.it\/wp-content\/uploads\/2018\/03\/maestro-retro.jpg","contentUrl":"https:\/\/pirovano.it\/wp-content\/uploads\/2018\/03\/maestro-retro.jpg","width":1920,"height":1235},{"@type":"BreadcrumbList","@id":"https:\/\/pirovano.it\/de\/skischule-pirovano-die-ski-universitaet\/skilehrer\/#breadcrumb","itemListElement":[{"@type":"ListItem","position":1,"name":"Home","item":"https:\/\/pirovano.it\/de\/"},{"@type":"ListItem","position":2,"name":"Skischule Pirovano \u2013 Die Ski-Universit\u00e4t","item":"https:\/\/pirovano.it\/de\/skischule-pirovano-die-ski-universitaet\/"},{"@type":"ListItem","position":3,"name":"Skilehrer Stilfserjoch"}]},{"@type":"WebSite","@id":"https:\/\/pirovano.it\/it\/#website","url":"https:\/\/pirovano.it\/it\/","name":"Pirovano","description":"Universit\u00e0 dello Sci, dello Snowboard e della Montagna","potentialAction":[{"@type":"SearchAction","target":{"@type":"EntryPoint","urlTemplate":"https:\/\/pirovano.it\/it\/?s={search_term_string}"},"query-input":{"@type":"PropertyValueSpecification","valueRequired":true,"valueName":"search_term_string"}}],"inLanguage":"de-DE"}]}},"_links":{"self":[{"href":"https:\/\/pirovano.it\/de\/wp-json\/wp\/v2\/pages\/2759","targetHints":{"allow":["GET"]}}],"collection":[{"href":"https:\/\/pirovano.it\/de\/wp-json\/wp\/v2\/pages"}],"about":[{"href":"https:\/\/pirovano.it\/de\/wp-json\/wp\/v2\/types\/page"}],"author":[{"embeddable":true,"href":"https:\/\/pirovano.it\/de\/wp-json\/wp\/v2\/users\/3"}],"replies":[{"embeddable":true,"href":"https:\/\/pirovano.it\/de\/wp-json\/wp\/v2\/comments?post=2759"}],"version-history":[{"count":10,"href":"https:\/\/pirovano.it\/de\/wp-json\/wp\/v2\/pages\/2759\/revisions"}],"predecessor-version":[{"id":13307,"href":"https:\/\/pirovano.it\/de\/wp-json\/wp\/v2\/pages\/2759\/revisions\/13307"}],"up":[{"embeddable":true,"href":"https:\/\/pirovano.it\/de\/wp-json\/wp\/v2\/pages\/2750"}],"wp:featuredmedia":[{"embeddable":true,"href":"https:\/\/pirovano.it\/de\/wp-json\/wp\/v2\/media\/4056"}],"wp:attachment":[{"href":"https:\/\/pirovano.it\/de\/wp-json\/wp\/v2\/media?parent=2759"}],"curies":[{"name":"wp","href":"https:\/\/api.w.org\/{rel}","templated":true}]}}