{"id":2764,"date":"2018-03-28T23:05:29","date_gmt":"2018-03-28T21:05:29","guid":{"rendered":"http:\/\/pirovano.it\/?page_id=2764"},"modified":"2025-03-25T09:07:41","modified_gmt":"2025-03-25T08:07:41","slug":"ski-schule-und-skipass","status":"publish","type":"page","link":"https:\/\/pirovano.it\/de\/skischule-pirovano-die-ski-universitaet\/ski-schule-und-skipass\/","title":{"rendered":"Ski Schule und Skipass Stilfserjoch Gletscher"},"content":{"rendered":"<div class=\"frame\">\n<div class=\"frame\">\n<div class=\"page tlid-homepage homepage translate-text\">\n<div class=\"homepage-content-wrap\">\n<div class=\"tlid-source-target main-header\">\n<div class=\"source-target-row\">\n<div class=\"tlid-results-container results-container\">\n<div class=\"tlid-result result-dict-wrapper\">\n<div class=\"result tlid-copy-target\">\n<div class=\"text-wrap tlid-copy-target\">\n<div tabindex=\"0\"><span class=\"tlid-translation translation\" lang=\"de\"><span class=\"alt-edited\" title=\"\">Die Gruppenskikurs f\u00fcr 5 oder 6 Tage <\/span><\/span>der &#8220;Pirovano Ski University&#8221; beginnen am Montag, den 02 Juni.<\/div>\n<\/div>\n<\/div>\n<\/div>\n<\/div>\n<\/div>\n<\/div>\n<\/div>\n<\/div>\n<\/div>\n<\/div>\n<h4>Kosten f\u00fcr 5-t\u00e4gige Skischuldienste (von Montag bis Freitag inklusive) und Skipass:<\/h4>\n<ul>\n<li>Ski Schule 5 Tage + Skipass 7 Tage <strong>\u20ac 495,00<\/strong><br \/>\n(Ski Schule \u20ac 270,00 &#8211; Skipass \u20ac 225,00)<\/li>\n<li>Ski Schule 5 Tage + Skipass 6 Tage <strong>\u20ac 475,00<\/strong><br \/>\n(Ski Schule \u20ac 270,00 &#8211; Skipass \u20ac 205,00)<\/li>\n<li>Ski Schule 5 Tage + Skipass 5 Tage <strong>\u20ac 464,00<\/strong><br \/>\n(Ski Schule \u20ac 270,00 &#8211; Skipass \u20ac 194,00)<\/li>\n<\/ul>\n<h4>Kosten f\u00fcr 6-t\u00e4gige Skischuldienste (von Montag bis Samstag inklusive) und Skipass:<\/h4>\n<ul>\n<li>Ski Schule 6 Tage + Skipass 7 Tage <strong>\u20ac 525,00<\/strong><br \/>\n(Ski Schule \u20ac 300,00 &#8211; Skipass \u20ac 225,00)<\/li>\n<li>Ski Schule 6 Tage + Skipass 6 Tage <strong>\u20ac 505,00<\/strong><br \/>\n(Ski Schule \u20ac 300,00 &#8211; Skipass \u20ac 205,00)<\/li>\n<\/ul>\n<p><strong>Die oben angegebenen Preise f\u00fcr Gruppenskikurs von 5 oder 6 Tagen sind ausschlie\u00dflich Kunden unseres Hotels vorbehalten. Das Mindestalter f\u00fcr die Teilnahme an Gruppenkursen betr\u00e4gt 8 Jahre.<\/strong><\/p>\n<hr \/>\n<h3>Snowboardschule<\/h3>\n<p>NUR AUF ANFRAGE<\/p>\n<hr \/>\n<h3>KOLLEKTIVE SKIKURSE F\u00dcR ANF\u00c4NGER und Kinder &#8220;Baby&#8221; (ab f\u00fcnf Jahren).<\/h3>\n<h3>Skischule 5\/6 Tage f\u00fcr Gruppen nur ab 8\/6 bis zum 06\/7\/2025 und ab 03\/8 bis zum 17\/8\/2025.<\/h3>\n<p>Zu allen anderen Saisonzeiten, nur die M\u00f6glichkeit der Privatunterricht 2 Stunden pro Tag, Montag bis Freitag enthalten:\u20ac 550,00 (plus \u20ac 100,00 f\u00fcr die weitere Person nach der Ersten) m\u00f6glich.<\/p>\n<h3><strong style=\"font-size: 16px;\">Privatunterricht<\/strong><span style=\"font-size: 16px;\"> (mindestens 2 Stunden pro Tag) oder &#8220;Anf\u00e4nger-Privatunterricht&#8221;, wie oben angef\u00fchrt, sind w\u00e4hrend der gesamten Saison aktiv.<\/span><\/h3>\n<p>&#8230;ben\u00f6tigen Sie etwas anderes, k\u00f6nnen Sie Ihr ideales Ski- und Snowboardschule-Solution bilden. \u00dcber die ganze Sommersaison 2024 \u2013 auf Anfrage und reservierungspflichtig \u2013 ist es neben dem Privatunterricht m\u00f6glich (wenn keine Anf\u00e4nger), bei einem weniger als 5 Tage dauernden Aufenthalt auch an die gemeinsamen Kurse teilzunehmen.<\/p>\n<h4>Individueller Unterricht: Verf\u00fcgbarkeit \u00fcber individuellen Unterricht in allen Perioden der Saison.<\/h4>\n","protected":false},"excerpt":{"rendered":"<p>Die Gruppenskikurs f\u00fcr 5 oder 6 Tage der &#8220;Pirovano Ski University&#8221; beginnen am Montag, den 02 Juni. Kosten f\u00fcr 5-t\u00e4gige Skischuldienste (von Montag bis Freitag inklusive) und Skipass: Ski Schule 5 Tage + Skipass 7 Tage \u20ac 495,00 (Ski Schule \u20ac 270,00 &#8211; Skipass \u20ac 225,00) Ski Schule 5 Tage + Skipass 6 Tage \u20ac [&hellip;]<\/p>\n","protected":false},"author":3,"featured_media":1265,"parent":2750,"menu_order":0,"comment_status":"closed","ping_status":"closed","template":"","meta":{"footnotes":""},"class_list":["post-2764","page","type-page","status-publish","has-post-thumbnail","hentry","odd"],"yoast_head":"<!-- This site is optimized with the Yoast SEO plugin v27.3 - https:\/\/yoast.com\/product\/yoast-seo-wordpress\/ -->\n<title>Ski Schule und Skipass Stilfserjoch Gletscher<\/title>\n<meta name=\"description\" content=\"Ski Schule und Skipass Stilfserjoch Gletscher. Sommerski\" \/>\n<meta name=\"robots\" content=\"index, follow, max-snippet:-1, max-image-preview:large, max-video-preview:-1\" \/>\n<link rel=\"canonical\" href=\"https:\/\/pirovano.it\/de\/skischule-pirovano-die-ski-universitaet\/ski-schule-und-skipass\/\" \/>\n<meta property=\"og:locale\" content=\"de_DE\" \/>\n<meta property=\"og:type\" content=\"article\" \/>\n<meta property=\"og:title\" content=\"Ski Schule und Skipass Stilfserjoch Gletscher\" \/>\n<meta property=\"og:description\" content=\"Ski Schule und Skipass Stilfserjoch Gletscher. Sommerski\" \/>\n<meta property=\"og:url\" content=\"https:\/\/pirovano.it\/de\/skischule-pirovano-die-ski-universitaet\/ski-schule-und-skipass\/\" \/>\n<meta property=\"og:site_name\" content=\"Pirovano\" \/>\n<meta property=\"article:modified_time\" content=\"2025-03-25T08:07:41+00:00\" \/>\n<meta property=\"og:image\" content=\"https:\/\/pirovano.it\/wp-content\/uploads\/2018\/03\/DSC_1692-1024x685.jpg\" \/>\n\t<meta property=\"og:image:width\" content=\"1024\" \/>\n\t<meta property=\"og:image:height\" content=\"685\" \/>\n\t<meta property=\"og:image:type\" content=\"image\/jpeg\" \/>\n<meta name=\"twitter:card\" content=\"summary_large_image\" \/>\n<meta name=\"twitter:label1\" content=\"Est. reading time\" \/>\n\t<meta name=\"twitter:data1\" content=\"2 minutes\" \/>\n<script type=\"application\/ld+json\" class=\"yoast-schema-graph\">{\"@context\":\"https:\\\/\\\/schema.org\",\"@graph\":[{\"@type\":\"WebPage\",\"@id\":\"https:\\\/\\\/pirovano.it\\\/de\\\/skischule-pirovano-die-ski-universitaet\\\/ski-schule-und-skipass\\\/\",\"url\":\"https:\\\/\\\/pirovano.it\\\/de\\\/skischule-pirovano-die-ski-universitaet\\\/ski-schule-und-skipass\\\/\",\"name\":\"Ski Schule und Skipass Stilfserjoch Gletscher\",\"isPartOf\":{\"@id\":\"https:\\\/\\\/pirovano.it\\\/it\\\/#website\"},\"primaryImageOfPage\":{\"@id\":\"https:\\\/\\\/pirovano.it\\\/de\\\/skischule-pirovano-die-ski-universitaet\\\/ski-schule-und-skipass\\\/#primaryimage\"},\"image\":{\"@id\":\"https:\\\/\\\/pirovano.it\\\/de\\\/skischule-pirovano-die-ski-universitaet\\\/ski-schule-und-skipass\\\/#primaryimage\"},\"thumbnailUrl\":\"https:\\\/\\\/pirovano.it\\\/wp-content\\\/uploads\\\/2018\\\/03\\\/DSC_1692.jpg\",\"datePublished\":\"2018-03-28T21:05:29+00:00\",\"dateModified\":\"2025-03-25T08:07:41+00:00\",\"description\":\"Ski Schule und Skipass Stilfserjoch Gletscher. Sommerski\",\"breadcrumb\":{\"@id\":\"https:\\\/\\\/pirovano.it\\\/de\\\/skischule-pirovano-die-ski-universitaet\\\/ski-schule-und-skipass\\\/#breadcrumb\"},\"inLanguage\":\"de-DE\",\"potentialAction\":[{\"@type\":\"ReadAction\",\"target\":[\"https:\\\/\\\/pirovano.it\\\/de\\\/skischule-pirovano-die-ski-universitaet\\\/ski-schule-und-skipass\\\/\"]}]},{\"@type\":\"ImageObject\",\"inLanguage\":\"de-DE\",\"@id\":\"https:\\\/\\\/pirovano.it\\\/de\\\/skischule-pirovano-die-ski-universitaet\\\/ski-schule-und-skipass\\\/#primaryimage\",\"url\":\"https:\\\/\\\/pirovano.it\\\/wp-content\\\/uploads\\\/2018\\\/03\\\/DSC_1692.jpg\",\"contentUrl\":\"https:\\\/\\\/pirovano.it\\\/wp-content\\\/uploads\\\/2018\\\/03\\\/DSC_1692.jpg\",\"width\":3872,\"height\":2592},{\"@type\":\"BreadcrumbList\",\"@id\":\"https:\\\/\\\/pirovano.it\\\/de\\\/skischule-pirovano-die-ski-universitaet\\\/ski-schule-und-skipass\\\/#breadcrumb\",\"itemListElement\":[{\"@type\":\"ListItem\",\"position\":1,\"name\":\"Home\",\"item\":\"https:\\\/\\\/pirovano.it\\\/de\\\/\"},{\"@type\":\"ListItem\",\"position\":2,\"name\":\"Skischule Pirovano \u2013 Die Ski-Universit\u00e4t\",\"item\":\"https:\\\/\\\/pirovano.it\\\/de\\\/skischule-pirovano-die-ski-universitaet\\\/\"},{\"@type\":\"ListItem\",\"position\":3,\"name\":\"Ski Schule und Skipass Stilfserjoch Gletscher\"}]},{\"@type\":\"WebSite\",\"@id\":\"https:\\\/\\\/pirovano.it\\\/it\\\/#website\",\"url\":\"https:\\\/\\\/pirovano.it\\\/it\\\/\",\"name\":\"Pirovano\",\"description\":\"Universit\u00e0 dello Sci, dello Snowboard e della Montagna\",\"potentialAction\":[{\"@type\":\"SearchAction\",\"target\":{\"@type\":\"EntryPoint\",\"urlTemplate\":\"https:\\\/\\\/pirovano.it\\\/it\\\/?s={search_term_string}\"},\"query-input\":{\"@type\":\"PropertyValueSpecification\",\"valueRequired\":true,\"valueName\":\"search_term_string\"}}],\"inLanguage\":\"de-DE\"}]}<\/script>\n<!-- \/ Yoast SEO plugin. -->","yoast_head_json":{"title":"Ski Schule und Skipass Stilfserjoch Gletscher","description":"Ski Schule und Skipass Stilfserjoch Gletscher. Sommerski","robots":{"index":"index","follow":"follow","max-snippet":"max-snippet:-1","max-image-preview":"max-image-preview:large","max-video-preview":"max-video-preview:-1"},"canonical":"https:\/\/pirovano.it\/de\/skischule-pirovano-die-ski-universitaet\/ski-schule-und-skipass\/","og_locale":"de_DE","og_type":"article","og_title":"Ski Schule und Skipass Stilfserjoch Gletscher","og_description":"Ski Schule und Skipass Stilfserjoch Gletscher. Sommerski","og_url":"https:\/\/pirovano.it\/de\/skischule-pirovano-die-ski-universitaet\/ski-schule-und-skipass\/","og_site_name":"Pirovano","article_modified_time":"2025-03-25T08:07:41+00:00","og_image":[{"width":1024,"height":685,"url":"https:\/\/pirovano.it\/wp-content\/uploads\/2018\/03\/DSC_1692-1024x685.jpg","type":"image\/jpeg"}],"twitter_card":"summary_large_image","twitter_misc":{"Est. reading time":"2 minutes"},"schema":{"@context":"https:\/\/schema.org","@graph":[{"@type":"WebPage","@id":"https:\/\/pirovano.it\/de\/skischule-pirovano-die-ski-universitaet\/ski-schule-und-skipass\/","url":"https:\/\/pirovano.it\/de\/skischule-pirovano-die-ski-universitaet\/ski-schule-und-skipass\/","name":"Ski Schule und Skipass Stilfserjoch Gletscher","isPartOf":{"@id":"https:\/\/pirovano.it\/it\/#website"},"primaryImageOfPage":{"@id":"https:\/\/pirovano.it\/de\/skischule-pirovano-die-ski-universitaet\/ski-schule-und-skipass\/#primaryimage"},"image":{"@id":"https:\/\/pirovano.it\/de\/skischule-pirovano-die-ski-universitaet\/ski-schule-und-skipass\/#primaryimage"},"thumbnailUrl":"https:\/\/pirovano.it\/wp-content\/uploads\/2018\/03\/DSC_1692.jpg","datePublished":"2018-03-28T21:05:29+00:00","dateModified":"2025-03-25T08:07:41+00:00","description":"Ski Schule und Skipass Stilfserjoch Gletscher. Sommerski","breadcrumb":{"@id":"https:\/\/pirovano.it\/de\/skischule-pirovano-die-ski-universitaet\/ski-schule-und-skipass\/#breadcrumb"},"inLanguage":"de-DE","potentialAction":[{"@type":"ReadAction","target":["https:\/\/pirovano.it\/de\/skischule-pirovano-die-ski-universitaet\/ski-schule-und-skipass\/"]}]},{"@type":"ImageObject","inLanguage":"de-DE","@id":"https:\/\/pirovano.it\/de\/skischule-pirovano-die-ski-universitaet\/ski-schule-und-skipass\/#primaryimage","url":"https:\/\/pirovano.it\/wp-content\/uploads\/2018\/03\/DSC_1692.jpg","contentUrl":"https:\/\/pirovano.it\/wp-content\/uploads\/2018\/03\/DSC_1692.jpg","width":3872,"height":2592},{"@type":"BreadcrumbList","@id":"https:\/\/pirovano.it\/de\/skischule-pirovano-die-ski-universitaet\/ski-schule-und-skipass\/#breadcrumb","itemListElement":[{"@type":"ListItem","position":1,"name":"Home","item":"https:\/\/pirovano.it\/de\/"},{"@type":"ListItem","position":2,"name":"Skischule Pirovano \u2013 Die Ski-Universit\u00e4t","item":"https:\/\/pirovano.it\/de\/skischule-pirovano-die-ski-universitaet\/"},{"@type":"ListItem","position":3,"name":"Ski Schule und Skipass Stilfserjoch Gletscher"}]},{"@type":"WebSite","@id":"https:\/\/pirovano.it\/it\/#website","url":"https:\/\/pirovano.it\/it\/","name":"Pirovano","description":"Universit\u00e0 dello Sci, dello Snowboard e della Montagna","potentialAction":[{"@type":"SearchAction","target":{"@type":"EntryPoint","urlTemplate":"https:\/\/pirovano.it\/it\/?s={search_term_string}"},"query-input":{"@type":"PropertyValueSpecification","valueRequired":true,"valueName":"search_term_string"}}],"inLanguage":"de-DE"}]}},"_links":{"self":[{"href":"https:\/\/pirovano.it\/de\/wp-json\/wp\/v2\/pages\/2764","targetHints":{"allow":["GET"]}}],"collection":[{"href":"https:\/\/pirovano.it\/de\/wp-json\/wp\/v2\/pages"}],"about":[{"href":"https:\/\/pirovano.it\/de\/wp-json\/wp\/v2\/types\/page"}],"author":[{"embeddable":true,"href":"https:\/\/pirovano.it\/de\/wp-json\/wp\/v2\/users\/3"}],"replies":[{"embeddable":true,"href":"https:\/\/pirovano.it\/de\/wp-json\/wp\/v2\/comments?post=2764"}],"version-history":[{"count":18,"href":"https:\/\/pirovano.it\/de\/wp-json\/wp\/v2\/pages\/2764\/revisions"}],"predecessor-version":[{"id":4168,"href":"https:\/\/pirovano.it\/de\/wp-json\/wp\/v2\/pages\/2764\/revisions\/4168"}],"up":[{"embeddable":true,"href":"https:\/\/pirovano.it\/de\/wp-json\/wp\/v2\/pages\/2750"}],"wp:featuredmedia":[{"embeddable":true,"href":"https:\/\/pirovano.it\/de\/wp-json\/wp\/v2\/media\/1265"}],"wp:attachment":[{"href":"https:\/\/pirovano.it\/de\/wp-json\/wp\/v2\/media?parent=2764"}],"curies":[{"name":"wp","href":"https:\/\/api.w.org\/{rel}","templated":true}]}}