{"id":2767,"date":"2018-03-21T10:09:55","date_gmt":"2018-03-21T09:09:55","guid":{"rendered":"http:\/\/pirovano.it\/?page_id=2767"},"modified":"2020-03-03T15:27:04","modified_gmt":"2020-03-03T14:27:04","slug":"valtellina-weinstrasse","status":"publish","type":"page","link":"https:\/\/pirovano.it\/de\/valtellina-weinstrasse\/","title":{"rendered":"Valtellina Weinstra\u00dfe"},"content":{"rendered":"<h2>67 km Panoramastra\u00dfe zwischen terrassierten Weinbergen<\/h2>\n<p>Wenn Sie die Erzeuger des Nebbiolo der Alpen auf einer 67 km langen Route zwischen den terrassierten Weinbergen, den alten D\u00f6rfern und den goldenen Sonnenunterg\u00e4ngen auf den Berggipfeln treffen m\u00f6chten, versuchen Sie das Erlebnis, zwischen den Weinbergen in einem Bauernhaus zu schlafen und sich zu wundern die Rezepte &#8220;wie einst&#8221;&#8230;<\/p>\n<p>Sie sind auf dem richtigen Weg: VALTELLINA WEINSTRA\u00dfE.<\/p>\n<p>Valtellina liegt im Herzen der Alpen, umgeben von den Bergen und dem Comer See, nur einen Steinwurf von Mailand und der Schweiz entfernt.<\/p>\n<p><img loading=\"lazy\" decoding=\"async\" class=\"aligncenter wp-image-1442 size-full\" src=\"https:\/\/pirovano.it\/wp-content\/uploads\/2018\/03\/website-strada-vino.jpg\" alt=\"\" width=\"700\" height=\"578\" srcset=\"https:\/\/pirovano.it\/wp-content\/uploads\/2018\/03\/website-strada-vino.jpg 700w, https:\/\/pirovano.it\/wp-content\/uploads\/2018\/03\/website-strada-vino-300x248.jpg 300w\" sizes=\"auto, (max-width: 700px) 100vw, 700px\" \/><\/p>\n<p style=\"text-align: center;\"><a href=\"https:\/\/www.stradadelvinovaltellina.it\/\" target=\"_blank\" rel=\"noopener noreferrer\"><strong>www.stradadelvinovaltellina.it<\/strong><\/a><\/p>\n","protected":false},"excerpt":{"rendered":"<p>67 km Panoramastra\u00dfe zwischen terrassierten Weinbergen Wenn Sie die Erzeuger des Nebbiolo der Alpen auf einer 67 km langen Route zwischen den terrassierten Weinbergen, den alten D\u00f6rfern und den goldenen Sonnenunterg\u00e4ngen auf den Berggipfeln treffen m\u00f6chten, versuchen Sie das Erlebnis, zwischen den Weinbergen in einem Bauernhaus zu schlafen und sich zu wundern die Rezepte &#8220;wie [&hellip;]<\/p>\n","protected":false},"author":3,"featured_media":1444,"parent":0,"menu_order":0,"comment_status":"closed","ping_status":"closed","template":"","meta":{"footnotes":""},"class_list":["post-2767","page","type-page","status-publish","has-post-thumbnail","hentry","odd"],"yoast_head":"<!-- This site is optimized with the Yoast SEO plugin v27.3 - https:\/\/yoast.com\/product\/yoast-seo-wordpress\/ -->\n<title>Valtellina Weinstra\u00dfe<\/title>\n<meta name=\"description\" content=\"Valtellina Weinstra\u00dfe: 67 km Panoramastra\u00dfe zwischen terrassierten Weinbergen\" \/>\n<meta name=\"robots\" content=\"index, follow, max-snippet:-1, max-image-preview:large, max-video-preview:-1\" \/>\n<link rel=\"canonical\" href=\"https:\/\/pirovano.it\/de\/valtellina-weinstrasse\/\" \/>\n<meta property=\"og:locale\" content=\"de_DE\" \/>\n<meta property=\"og:type\" content=\"article\" \/>\n<meta property=\"og:title\" content=\"Valtellina Weinstra\u00dfe\" \/>\n<meta property=\"og:description\" content=\"Valtellina Weinstra\u00dfe: 67 km Panoramastra\u00dfe zwischen terrassierten Weinbergen\" \/>\n<meta property=\"og:url\" content=\"https:\/\/pirovano.it\/de\/valtellina-weinstrasse\/\" \/>\n<meta property=\"og:site_name\" content=\"Pirovano\" \/>\n<meta property=\"article:modified_time\" content=\"2020-03-03T14:27:04+00:00\" \/>\n<meta property=\"og:image\" content=\"https:\/\/pirovano.it\/wp-content\/uploads\/2018\/03\/header-strada-vino.jpg\" \/>\n\t<meta property=\"og:image:width\" content=\"1920\" \/>\n\t<meta property=\"og:image:height\" content=\"675\" \/>\n\t<meta property=\"og:image:type\" content=\"image\/jpeg\" \/>\n<meta name=\"twitter:card\" content=\"summary_large_image\" \/>\n<script type=\"application\/ld+json\" class=\"yoast-schema-graph\">{\"@context\":\"https:\\\/\\\/schema.org\",\"@graph\":[{\"@type\":\"WebPage\",\"@id\":\"https:\\\/\\\/pirovano.it\\\/de\\\/valtellina-weinstrasse\\\/\",\"url\":\"https:\\\/\\\/pirovano.it\\\/de\\\/valtellina-weinstrasse\\\/\",\"name\":\"Valtellina Weinstra\u00dfe\",\"isPartOf\":{\"@id\":\"https:\\\/\\\/pirovano.it\\\/it\\\/#website\"},\"primaryImageOfPage\":{\"@id\":\"https:\\\/\\\/pirovano.it\\\/de\\\/valtellina-weinstrasse\\\/#primaryimage\"},\"image\":{\"@id\":\"https:\\\/\\\/pirovano.it\\\/de\\\/valtellina-weinstrasse\\\/#primaryimage\"},\"thumbnailUrl\":\"https:\\\/\\\/pirovano.it\\\/wp-content\\\/uploads\\\/2018\\\/03\\\/header-strada-vino.jpg\",\"datePublished\":\"2018-03-21T09:09:55+00:00\",\"dateModified\":\"2020-03-03T14:27:04+00:00\",\"description\":\"Valtellina Weinstra\u00dfe: 67 km Panoramastra\u00dfe zwischen terrassierten Weinbergen\",\"breadcrumb\":{\"@id\":\"https:\\\/\\\/pirovano.it\\\/de\\\/valtellina-weinstrasse\\\/#breadcrumb\"},\"inLanguage\":\"de-DE\",\"potentialAction\":[{\"@type\":\"ReadAction\",\"target\":[\"https:\\\/\\\/pirovano.it\\\/de\\\/valtellina-weinstrasse\\\/\"]}]},{\"@type\":\"ImageObject\",\"inLanguage\":\"de-DE\",\"@id\":\"https:\\\/\\\/pirovano.it\\\/de\\\/valtellina-weinstrasse\\\/#primaryimage\",\"url\":\"https:\\\/\\\/pirovano.it\\\/wp-content\\\/uploads\\\/2018\\\/03\\\/header-strada-vino.jpg\",\"contentUrl\":\"https:\\\/\\\/pirovano.it\\\/wp-content\\\/uploads\\\/2018\\\/03\\\/header-strada-vino.jpg\",\"width\":1920,\"height\":675},{\"@type\":\"BreadcrumbList\",\"@id\":\"https:\\\/\\\/pirovano.it\\\/de\\\/valtellina-weinstrasse\\\/#breadcrumb\",\"itemListElement\":[{\"@type\":\"ListItem\",\"position\":1,\"name\":\"Home\",\"item\":\"https:\\\/\\\/pirovano.it\\\/de\\\/\"},{\"@type\":\"ListItem\",\"position\":2,\"name\":\"Valtellina Weinstra\u00dfe\"}]},{\"@type\":\"WebSite\",\"@id\":\"https:\\\/\\\/pirovano.it\\\/it\\\/#website\",\"url\":\"https:\\\/\\\/pirovano.it\\\/it\\\/\",\"name\":\"Pirovano\",\"description\":\"Universit\u00e0 dello Sci, dello Snowboard e della Montagna\",\"potentialAction\":[{\"@type\":\"SearchAction\",\"target\":{\"@type\":\"EntryPoint\",\"urlTemplate\":\"https:\\\/\\\/pirovano.it\\\/it\\\/?s={search_term_string}\"},\"query-input\":{\"@type\":\"PropertyValueSpecification\",\"valueRequired\":true,\"valueName\":\"search_term_string\"}}],\"inLanguage\":\"de-DE\"}]}<\/script>\n<!-- \/ Yoast SEO plugin. -->","yoast_head_json":{"title":"Valtellina Weinstra\u00dfe","description":"Valtellina Weinstra\u00dfe: 67 km Panoramastra\u00dfe zwischen terrassierten Weinbergen","robots":{"index":"index","follow":"follow","max-snippet":"max-snippet:-1","max-image-preview":"max-image-preview:large","max-video-preview":"max-video-preview:-1"},"canonical":"https:\/\/pirovano.it\/de\/valtellina-weinstrasse\/","og_locale":"de_DE","og_type":"article","og_title":"Valtellina Weinstra\u00dfe","og_description":"Valtellina Weinstra\u00dfe: 67 km Panoramastra\u00dfe zwischen terrassierten Weinbergen","og_url":"https:\/\/pirovano.it\/de\/valtellina-weinstrasse\/","og_site_name":"Pirovano","article_modified_time":"2020-03-03T14:27:04+00:00","og_image":[{"width":1920,"height":675,"url":"https:\/\/pirovano.it\/wp-content\/uploads\/2018\/03\/header-strada-vino.jpg","type":"image\/jpeg"}],"twitter_card":"summary_large_image","schema":{"@context":"https:\/\/schema.org","@graph":[{"@type":"WebPage","@id":"https:\/\/pirovano.it\/de\/valtellina-weinstrasse\/","url":"https:\/\/pirovano.it\/de\/valtellina-weinstrasse\/","name":"Valtellina Weinstra\u00dfe","isPartOf":{"@id":"https:\/\/pirovano.it\/it\/#website"},"primaryImageOfPage":{"@id":"https:\/\/pirovano.it\/de\/valtellina-weinstrasse\/#primaryimage"},"image":{"@id":"https:\/\/pirovano.it\/de\/valtellina-weinstrasse\/#primaryimage"},"thumbnailUrl":"https:\/\/pirovano.it\/wp-content\/uploads\/2018\/03\/header-strada-vino.jpg","datePublished":"2018-03-21T09:09:55+00:00","dateModified":"2020-03-03T14:27:04+00:00","description":"Valtellina Weinstra\u00dfe: 67 km Panoramastra\u00dfe zwischen terrassierten Weinbergen","breadcrumb":{"@id":"https:\/\/pirovano.it\/de\/valtellina-weinstrasse\/#breadcrumb"},"inLanguage":"de-DE","potentialAction":[{"@type":"ReadAction","target":["https:\/\/pirovano.it\/de\/valtellina-weinstrasse\/"]}]},{"@type":"ImageObject","inLanguage":"de-DE","@id":"https:\/\/pirovano.it\/de\/valtellina-weinstrasse\/#primaryimage","url":"https:\/\/pirovano.it\/wp-content\/uploads\/2018\/03\/header-strada-vino.jpg","contentUrl":"https:\/\/pirovano.it\/wp-content\/uploads\/2018\/03\/header-strada-vino.jpg","width":1920,"height":675},{"@type":"BreadcrumbList","@id":"https:\/\/pirovano.it\/de\/valtellina-weinstrasse\/#breadcrumb","itemListElement":[{"@type":"ListItem","position":1,"name":"Home","item":"https:\/\/pirovano.it\/de\/"},{"@type":"ListItem","position":2,"name":"Valtellina Weinstra\u00dfe"}]},{"@type":"WebSite","@id":"https:\/\/pirovano.it\/it\/#website","url":"https:\/\/pirovano.it\/it\/","name":"Pirovano","description":"Universit\u00e0 dello Sci, dello Snowboard e della Montagna","potentialAction":[{"@type":"SearchAction","target":{"@type":"EntryPoint","urlTemplate":"https:\/\/pirovano.it\/it\/?s={search_term_string}"},"query-input":{"@type":"PropertyValueSpecification","valueRequired":true,"valueName":"search_term_string"}}],"inLanguage":"de-DE"}]}},"_links":{"self":[{"href":"https:\/\/pirovano.it\/de\/wp-json\/wp\/v2\/pages\/2767","targetHints":{"allow":["GET"]}}],"collection":[{"href":"https:\/\/pirovano.it\/de\/wp-json\/wp\/v2\/pages"}],"about":[{"href":"https:\/\/pirovano.it\/de\/wp-json\/wp\/v2\/types\/page"}],"author":[{"embeddable":true,"href":"https:\/\/pirovano.it\/de\/wp-json\/wp\/v2\/users\/3"}],"replies":[{"embeddable":true,"href":"https:\/\/pirovano.it\/de\/wp-json\/wp\/v2\/comments?post=2767"}],"version-history":[{"count":3,"href":"https:\/\/pirovano.it\/de\/wp-json\/wp\/v2\/pages\/2767\/revisions"}],"predecessor-version":[{"id":6218,"href":"https:\/\/pirovano.it\/de\/wp-json\/wp\/v2\/pages\/2767\/revisions\/6218"}],"wp:featuredmedia":[{"embeddable":true,"href":"https:\/\/pirovano.it\/de\/wp-json\/wp\/v2\/media\/1444"}],"wp:attachment":[{"href":"https:\/\/pirovano.it\/de\/wp-json\/wp\/v2\/media?parent=2767"}],"curies":[{"name":"wp","href":"https:\/\/api.w.org\/{rel}","templated":true}]}}