{"id":2946,"date":"2018-04-27T06:46:38","date_gmt":"2018-04-27T04:46:38","guid":{"rendered":"https:\/\/pirovano.it\/?page_id=2946"},"modified":"2022-06-01T12:18:46","modified_gmt":"2022-06-01T10:18:46","slug":"newsletter-datenschutzrichtlinie","status":"publish","type":"page","link":"https:\/\/pirovano.it\/de\/newsletter-datenschutzrichtlinie\/","title":{"rendered":"Newsletter: Datenschutzrichtlinie"},"content":{"rendered":"<p class=\"p1\"><span class=\"s1\"><b>Informationshinweis im Sinne des Art. 13 der EU-Verordnung 2016\/679 \u2013 (Datenschutzgrundverordnung).<\/b><\/span><\/p>\n<p>Sehr geehrter Kunde, \u2028 um den Newsletter zu abonnieren m\u00fcssen Sie uns einige Daten angeben. Bei Fehlen dieser Daten kann Ihrer Anfrage nicht Folge geleistet werden. Die notwendigen Daten sind auf geeignete Weise hervorgehoben.<\/p>\n<p>Mit diesem Informationshinweis m\u00f6chten wir Sie dar\u00fcber informieren <strong>wie wir die Sie betreffenden Daten verwenden<\/strong>, die Sie dabei sind uns anzugeben, und weisen darauf hin, das Art. 8 der EU-Verordnung 2016\/679 in den F\u00e4llen, in denen eine ausdr\u00fcckliche Zustimmung erforderlich ist, vorschreibt, dass <strong>die Verarbeitung von Daten, die sich auf Nutzer von unter 16 Jahren beziehen nur erfolgen kann, wenn diese vom Erziehungsberechtigten angegeben oder autorisiert werden. Daraus folgt, dass Sie durch Ausf\u00fcllen dieses Formulars bescheinigen, mindestens 16 Jahre alt zu sein. <\/strong><\/p>\n<p>In Anwendung der Europ\u00e4ischen Verordnung Nr. 679 aus 2016 und des GvD Nr. 196 aus 2003 zum Schutz personenbezogener Daten, teilen wir Ihnen mit, dass der Inhaber der Datenverarbeitung Pirovano Stelvio S.p.A, via Delle Prese 8, 23100 Sondrio, PI 00526710140 \u2013 pec <a href=\"mailto:pirovano@pec.popso.it\">pirovano@pec.popso.it<\/a> (in Folge der &#8220;Inhaber&#8221; genannt) ist.<\/p>\n<p>Nach der ausdr\u00fccklichen und gesonderten Einwilligung (Art. 7 DSGVO), die Sie uns durch Ihre Anmeldungsanfrage zu unserem Newsletter erteilen, werden Ihre Daten f\u00fcr die folgenden Marketingzwecke verwendet:<\/p>\n<ul>\n<li>Zusendung von E-Mail-Newslettern, kommerziellen Mitteilungen und\/oder Werbematerial zu den vom Eigent\u00fcmer angebotenen Produkten und Dienstleistungen.<\/li>\n<\/ul>\n<p>Ihre Daten werden auch nach Ihrer Anfrage nicht f\u00fcr andere Zwecke verwendet und in voller \u00dcbereinstimmung mit der EU-Verordnung 679\/2016 und de GvD 196\/2003 verarbeitet.<\/p>\n<p>Die Verarbeitung Ihrer personenbezogenen Daten erfolgt durch die in Art. 4 Nr. 2) DSGVO angegebenen Vorg\u00e4nge und im Einzelnen durch: Erheben, Erfassen, Organisation, Speicherung,\u00a0 Abfragen, Anpassung oder Ver\u00e4nderung, Auslesen, \u00a0 Verwendung, \u00dcbermittlung, Verbreitung Abgleich oder Verkn\u00fcpfung, Einschr\u00e4nkung, L\u00f6schen oder Vernichtung sowie Kombinationen aus zwei oder mehreren der oben genannten T\u00e4tigkeiten. Ihre personenbezogenen Daten werden sowohl auf Papier als auch elektronisch und\/oder automatisiert verarbeitet und nicht weitergegeben.<\/p>\n<p>Die Daten werden von dem vom Inhaber mit der Datenverarbeitung beauftragten Personal unter Verwendung von Verfahren, technischen und IT-Instrumenten verarbeitet, die geeignet sind, die Vertraulichkeit und Sicherheit der Daten des Betroffenen zu sch\u00fctzen. Insbesondere k\u00f6nnen Ihre Daten zug\u00e4nglich gemacht werden f\u00fcr:<\/p>\n<ul>\n<li>Besch\u00e4ftigte und Mitarbeiter des Inhabers in ihrer Eigenschaft als intern Beauftragte, bzw. Verantwortliche der Verarbeitung, bzw. Systemadministratoren;<\/li>\n<li>Drittunternehmen oder andere Personen, die im Auftrag des Inhabers in ihrer Eigenschaft als externe Datenbeauftragte T\u00e4tigkeiten in Outsourcing durchf\u00fchren. Es handelt sich dabei um Provider f\u00fcr Cloud Services, technische und IT-Berater und andere \u00e4hnliche Unternehmen, die mit unserem Unternehmen zusammenarbeiten und Leistungen liefern, die eng und zwangsl\u00e4ufig mit den Aktivit\u00e4ten des Inhabers verbunden sind.<\/li>\n<\/ul>\n<p>Sie k\u00f6nnen eine vollst\u00e4ndige und aktualisierte Liste der Personen, die als Datenbeauftragte ernannt wurden, anfordern, indem sie sich an den oben angegebenen Inhaber wenden.<br \/>\nDie Daten k\u00f6nnen innerhalb der Europ\u00e4ischen Union dorthin \u00fcbermittelt werden, wo der Inhaber oder seine Lieferanten und Mitarbeiter ihren Sitz oder ihre eigenen Server haben. Die Daten werden nicht nach au\u00dferhalb der Europ\u00e4ischen Union \u00fcbertragen. Au\u00dferhalb der oben beschriebenen Zusammenh\u00e4nge werden die Daten weder an Dritte mitgeteilt, noch abgegeben oder gar ver\u00f6ffentlicht.<\/p>\n<p>Die Daten, die Sie dabei sind uns zur Verf\u00fcgung zu stellen, werden aufbewahrt, bis Sie Ihre Einwilligung widerrufen, indem Sie auf den Link &#8220;Unsubscribe&#8221; am Rand einer unserer E-Mails klicken, oder sich an den Inhaber der Datenverarbeitung wenden.<\/p>\n<p><strong>Rechte des Betroffenen<\/strong><\/p>\n<p>Sie haben jederzeit das Recht im Sinne des Art. 7 des GvD. 196\/2003 und\u00a0von Artikel 15 bis 22 der EU-Verordnung Nr. 2016\/679:<\/p>\n<p>a) eine Best\u00e4tigung \u00addar\u00fcber zu verlangen, ob Sie betreffende, personenbezogene Daten verarbeitet werden;<\/p>\n<p>b) Informationen \u00fcber den Zweck der Verarbeitung, die Kategorien personenbezogener Daten, die Empf\u00e4nger oder Kategorien von Empf\u00e4ngern, denen die personenbezogenen Daten mitgeteilt wurden oder werden, und, wenn m\u00f6glich, den Zeitraum der Speicherung zu erfahren;<\/p>\n<p>c) die Berichtigung und L\u00f6schung Sie betreffender Daten zu erreichen,<\/p>\n<p>d) die Einschr\u00e4nkung der Verarbeitung zu verlangen,<\/p>\n<p>e) die Daten\u00fcbertragbarkeit zu erhalten, d.h. die Sie betreffenden personenbezogenen Daten, in einem strukturierten, g\u00e4ngigen und maschinenlesbaren Format zu erhalten, und diese einem anderen Inhaber der Datenverarbeitung ohne Behinderungen zu \u00fcbermitteln,<\/p>\n<p>f) jederzeit gegen die Verarbeitung\u00a0Widerspruch einzulegen, auch im Fall, dass es sich um eine Verarbeitung zu Direktwerbezwecken handelt.<\/p>\n<p>g) sich gegen eine ausschlie\u00dflich auf einer automatisierten Verarbeitung \u2014 einschlie\u00dflich Profiling \u2014 beruhenden Entscheidung hinsichtlich nat\u00fcrlicher Personen zur Wehr zu setzen.<\/p>\n<p>h) vom f\u00fcr die Datenverarbeitung Verantwortlichen Zugang, Berichtigung oder L\u00f6schung personenbezogener Daten zu verlangen, oder zu verlangen, die Verarbeitung der Sie betreffenden personenbezogenen Daten einzuschr\u00e4nken, oder ihrer Verarbeitung zu widersprechen, unbeschadet dem Recht auf Daten\u00fcbertragbarkeit;<\/p>\n<p>i) die Einwilligung jederzeit zu widerrufen, unbeschadet der Rechtm\u00e4\u00dfigkeit\u00a0aufgrund der vor dem Widerruf erteilten Einwilligung erfolgten Verarbeitung,<\/p>\n<p>j) Beschwerde bei einer Aufsichtsbeh\u00f6rde einzureichen.<\/p>\n<p>Zur Aus\u00fcbung der gesetzlich festgelegten Rechte wenden Sie sich bitte an: \u2028Pirovano Stelvio S.p.A. \u2013 via Delle Prese 8 \u2013 23100 Sondrio.<\/p>\n<p><strong>Pflichten des Inhabers<\/strong><\/p>\n<ul>\n<li>Gew\u00e4hrleistung der Rechte der Betroffenen<\/li>\n<li>Gew\u00e4hrleistung der Einhaltung der Vorschriften des gesetzesvertretenden Dekrets vom 30. Juni 2003 Nr. 196 insbesondere Art. 13, (Datenschutzbestimmungen personenbezogene Daten)<\/li>\n<li>Gew\u00e4hrleistung der Einhaltung der Vorschriften der EU- Datenschutzgrundverordnung 2016\/679 (GDPR General Data Protection Regulation UE 2016\/679)<\/li>\n<li>Unverz\u00fcgliche Information des Betroffenen im Fall einer Verletzung seiner personenbezogenen Daten.<\/li>\n<li>Gew\u00e4hrleistung der korrekten Verwaltung und Verarbeitung der Daten, gem\u00e4\u00df den Vorgaben der geltenden Vorschriften.<\/li>\n<li>Gew\u00e4hrleistung und Sicherstellung der Sicherheit und Vertraulichkeit der Daten, gem\u00e4\u00df den Vorgaben der geltenden Vorschriften.<\/li>\n<\/ul>\n<p>Die Datenschutzerkl\u00e4rung unterliegt regelm\u00e4\u00dfigen \u00c4nderungen, die durch neue gesetzliche Bestimmungen oder die Einf\u00fchrung neuer Verarbeitungsmethoden und -zwecke durch Pirovano Stelvio Spa erforderlich werden. In Anbetracht dessen bitten wir Sie, regelm\u00e4\u00dfig unsere Webseite zu besuchen und diese Informationshinweise zu lesen. Wenn Sie noch Fragen haben schicken Sie eine E-Mail an <a href=\"mailto:info@pirovano.it\">info@pirovano.it<\/a> oder <a href=\"mailto:pirovano@pec.popso.it\">pirovano@pec.popso.it<\/a>.<\/p>\n<p>Informationshinweis aktualisiert zum 27\/05\/2022<\/p>\n","protected":false},"excerpt":{"rendered":"<p>Informationshinweis im Sinne des Art. 13 der EU-Verordnung 2016\/679 \u2013 (Datenschutzgrundverordnung). Sehr geehrter Kunde, \u2028 um den Newsletter zu abonnieren m\u00fcssen Sie uns einige Daten angeben. Bei Fehlen dieser Daten kann Ihrer Anfrage nicht Folge geleistet werden. Die notwendigen Daten sind auf geeignete Weise hervorgehoben. Mit diesem Informationshinweis m\u00f6chten wir Sie dar\u00fcber informieren wie wir [&hellip;]<\/p>\n","protected":false},"author":3,"featured_media":0,"parent":0,"menu_order":0,"comment_status":"closed","ping_status":"closed","template":"page-templates\/no-picture.php","meta":{"footnotes":""},"class_list":["post-2946","page","type-page","status-publish","hentry","odd"],"yoast_head":"<!-- This site is optimized with the Yoast SEO plugin v27.4 - https:\/\/yoast.com\/product\/yoast-seo-wordpress\/ -->\n<title>Newsletter: Datenschutzrichtlinie<\/title>\n<meta name=\"description\" content=\"Newsletter: Datenschutzrichtlinie\" \/>\n<meta name=\"robots\" content=\"index, follow, max-snippet:-1, max-image-preview:large, max-video-preview:-1\" \/>\n<link rel=\"canonical\" href=\"https:\/\/pirovano.it\/de\/newsletter-datenschutzrichtlinie\/\" \/>\n<meta property=\"og:locale\" content=\"de_DE\" \/>\n<meta property=\"og:type\" content=\"article\" \/>\n<meta property=\"og:title\" content=\"Newsletter: Datenschutzrichtlinie\" \/>\n<meta property=\"og:description\" content=\"Newsletter: Datenschutzrichtlinie\" \/>\n<meta property=\"og:url\" content=\"https:\/\/pirovano.it\/de\/newsletter-datenschutzrichtlinie\/\" \/>\n<meta property=\"og:site_name\" content=\"Pirovano\" \/>\n<meta property=\"article:modified_time\" content=\"2022-06-01T10:18:46+00:00\" \/>\n<meta name=\"twitter:card\" content=\"summary_large_image\" \/>\n<meta name=\"twitter:label1\" content=\"Est. reading time\" \/>\n\t<meta name=\"twitter:data1\" content=\"5 minutes\" \/>\n<script type=\"application\/ld+json\" class=\"yoast-schema-graph\">{\"@context\":\"https:\\\/\\\/schema.org\",\"@graph\":[{\"@type\":\"WebPage\",\"@id\":\"https:\\\/\\\/pirovano.it\\\/de\\\/newsletter-datenschutzrichtlinie\\\/\",\"url\":\"https:\\\/\\\/pirovano.it\\\/de\\\/newsletter-datenschutzrichtlinie\\\/\",\"name\":\"Newsletter: Datenschutzrichtlinie\",\"isPartOf\":{\"@id\":\"https:\\\/\\\/pirovano.it\\\/it\\\/#website\"},\"datePublished\":\"2018-04-27T04:46:38+00:00\",\"dateModified\":\"2022-06-01T10:18:46+00:00\",\"description\":\"Newsletter: Datenschutzrichtlinie\",\"breadcrumb\":{\"@id\":\"https:\\\/\\\/pirovano.it\\\/de\\\/newsletter-datenschutzrichtlinie\\\/#breadcrumb\"},\"inLanguage\":\"de-DE\",\"potentialAction\":[{\"@type\":\"ReadAction\",\"target\":[\"https:\\\/\\\/pirovano.it\\\/de\\\/newsletter-datenschutzrichtlinie\\\/\"]}]},{\"@type\":\"BreadcrumbList\",\"@id\":\"https:\\\/\\\/pirovano.it\\\/de\\\/newsletter-datenschutzrichtlinie\\\/#breadcrumb\",\"itemListElement\":[{\"@type\":\"ListItem\",\"position\":1,\"name\":\"Home\",\"item\":\"https:\\\/\\\/pirovano.it\\\/de\\\/\"},{\"@type\":\"ListItem\",\"position\":2,\"name\":\"Newsletter: Datenschutzrichtlinie\"}]},{\"@type\":\"WebSite\",\"@id\":\"https:\\\/\\\/pirovano.it\\\/it\\\/#website\",\"url\":\"https:\\\/\\\/pirovano.it\\\/it\\\/\",\"name\":\"Pirovano\",\"description\":\"Universit\u00e0 dello Sci, dello Snowboard e della Montagna\",\"potentialAction\":[{\"@type\":\"SearchAction\",\"target\":{\"@type\":\"EntryPoint\",\"urlTemplate\":\"https:\\\/\\\/pirovano.it\\\/it\\\/?s={search_term_string}\"},\"query-input\":{\"@type\":\"PropertyValueSpecification\",\"valueRequired\":true,\"valueName\":\"search_term_string\"}}],\"inLanguage\":\"de-DE\"}]}<\/script>\n<!-- \/ Yoast SEO plugin. -->","yoast_head_json":{"title":"Newsletter: Datenschutzrichtlinie","description":"Newsletter: Datenschutzrichtlinie","robots":{"index":"index","follow":"follow","max-snippet":"max-snippet:-1","max-image-preview":"max-image-preview:large","max-video-preview":"max-video-preview:-1"},"canonical":"https:\/\/pirovano.it\/de\/newsletter-datenschutzrichtlinie\/","og_locale":"de_DE","og_type":"article","og_title":"Newsletter: Datenschutzrichtlinie","og_description":"Newsletter: Datenschutzrichtlinie","og_url":"https:\/\/pirovano.it\/de\/newsletter-datenschutzrichtlinie\/","og_site_name":"Pirovano","article_modified_time":"2022-06-01T10:18:46+00:00","twitter_card":"summary_large_image","twitter_misc":{"Est. reading time":"5 minutes"},"schema":{"@context":"https:\/\/schema.org","@graph":[{"@type":"WebPage","@id":"https:\/\/pirovano.it\/de\/newsletter-datenschutzrichtlinie\/","url":"https:\/\/pirovano.it\/de\/newsletter-datenschutzrichtlinie\/","name":"Newsletter: Datenschutzrichtlinie","isPartOf":{"@id":"https:\/\/pirovano.it\/it\/#website"},"datePublished":"2018-04-27T04:46:38+00:00","dateModified":"2022-06-01T10:18:46+00:00","description":"Newsletter: Datenschutzrichtlinie","breadcrumb":{"@id":"https:\/\/pirovano.it\/de\/newsletter-datenschutzrichtlinie\/#breadcrumb"},"inLanguage":"de-DE","potentialAction":[{"@type":"ReadAction","target":["https:\/\/pirovano.it\/de\/newsletter-datenschutzrichtlinie\/"]}]},{"@type":"BreadcrumbList","@id":"https:\/\/pirovano.it\/de\/newsletter-datenschutzrichtlinie\/#breadcrumb","itemListElement":[{"@type":"ListItem","position":1,"name":"Home","item":"https:\/\/pirovano.it\/de\/"},{"@type":"ListItem","position":2,"name":"Newsletter: Datenschutzrichtlinie"}]},{"@type":"WebSite","@id":"https:\/\/pirovano.it\/it\/#website","url":"https:\/\/pirovano.it\/it\/","name":"Pirovano","description":"Universit\u00e0 dello Sci, dello Snowboard e della Montagna","potentialAction":[{"@type":"SearchAction","target":{"@type":"EntryPoint","urlTemplate":"https:\/\/pirovano.it\/it\/?s={search_term_string}"},"query-input":{"@type":"PropertyValueSpecification","valueRequired":true,"valueName":"search_term_string"}}],"inLanguage":"de-DE"}]}},"_links":{"self":[{"href":"https:\/\/pirovano.it\/de\/wp-json\/wp\/v2\/pages\/2946","targetHints":{"allow":["GET"]}}],"collection":[{"href":"https:\/\/pirovano.it\/de\/wp-json\/wp\/v2\/pages"}],"about":[{"href":"https:\/\/pirovano.it\/de\/wp-json\/wp\/v2\/types\/page"}],"author":[{"embeddable":true,"href":"https:\/\/pirovano.it\/de\/wp-json\/wp\/v2\/users\/3"}],"replies":[{"embeddable":true,"href":"https:\/\/pirovano.it\/de\/wp-json\/wp\/v2\/comments?post=2946"}],"version-history":[{"count":10,"href":"https:\/\/pirovano.it\/de\/wp-json\/wp\/v2\/pages\/2946\/revisions"}],"predecessor-version":[{"id":11878,"href":"https:\/\/pirovano.it\/de\/wp-json\/wp\/v2\/pages\/2946\/revisions\/11878"}],"wp:attachment":[{"href":"https:\/\/pirovano.it\/de\/wp-json\/wp\/v2\/media?parent=2946"}],"curies":[{"name":"wp","href":"https:\/\/api.w.org\/{rel}","templated":true}]}}