{"id":4751,"date":"2019-01-03T17:49:44","date_gmt":"2019-01-03T16:49:44","guid":{"rendered":"https:\/\/pirovano.it\/angebote-und-preise\/preise-appartaments-bormio\/listini-inverno-2018-2019\/"},"modified":"2025-10-15T12:28:03","modified_gmt":"2025-10-15T10:28:03","slug":"winter","status":"publish","type":"page","link":"https:\/\/pirovano.it\/de\/angebote-und-preise\/appartaments-preise-bormio\/winter\/","title":{"rendered":"Winter Preise 2025\/2026"},"content":{"rendered":"<p><i class=\"fas fa-sign-in-alt\"><\/i> <strong>CHECK-IN<\/strong> ab <strong>15.30<\/strong> Uhr bis <strong>18.30<\/strong> Uhr<br \/>\n<i class=\"fas fa-sign-out-alt\"><\/i> <strong>CHECK-OUT<\/strong> bis<strong> 9.30 <\/strong>Uhr<\/p>\n<p><em>Bei sp\u00e4teren Anreisen nach 18:30\u00a0 Uhr melden Sie sich bitte telefonisch unter der Nummer <strong>(+39) 338 3749438<\/strong><\/em><\/p>\n<ul>\n<li><em><strong>Tagespreise Betr\u00e4ge zur Vermietung enthalten:<\/strong> Strom-, Wasser- und Heizungsverbrauch, Endreinigung, W\u00e4sche, Parkplatz f\u00fcr ein Auto pro Wohnung.<\/em><\/li>\n<li><em><b>Kurtaxe<\/b> in H\u00f6he \u20ac 1,80 t\u00e4glich pro Person, vor Ort zu bezahlen, maximal 7 Tage anwendbar. Die Minderj\u00e4hrigen bis 12 Jahre alt sind ausgenommen.<\/em><em>.<\/em><\/li>\n<li><em><em><strong>Tiere: <\/strong><\/em>werden nur wenn von kleiner Gr\u00f6\u00dfe akzeptiert und wenn sie bei der Buchung angek\u00fcndigt werden. <strong>Die Kosten von 10,00 \u20ac pro Tag werden<\/strong><\/em><strong> <em>f\u00fcr maximal<\/em> 7 <em>Tage berechnet<\/em>.<\/strong><\/li>\n<\/ul>\n<hr \/>\n<h4><strong>FERIENWOHNUNGEN PIROVANO<\/strong> &#8211; Winter 2025\/2026<br \/>\n(CIR: 014009-CIM-00243) &#8211; (CIN: IT014009B4OFBMKAIJ)<\/h4>\n\n<table id=\"tablepress-41\" class=\"tablepress tablepress-id-41\">\n<thead>\n<tr class=\"row-1\">\n\t<th class=\"column-1\">Tagespreise<\/th><th class=\"column-2\">Ferienwohnung <br \/>\nPino Cembro<br \/>\n3 Schlafzimmern<br \/>\n(5 Betten)<br \/>\n2 Badezimmer<\/th><th class=\"column-3\">Ferienwohnung <br \/>\nLarice Bianco<br \/>\n2 Schlafzimmern<br \/>\n(4 Betten)<br \/>\n2 Badezimmer<\/th><th class=\"column-4\">Ferienwohnung <br \/>\nNoce<br \/>\n2 Schlafzimmern<br \/>\n(4 Betten)<br \/>\n1 Badezimmer<\/th>\n<\/tr>\n<\/thead>\n<tbody class=\"row-striping\">\n<tr class=\"row-2\">\n\t<td class=\"column-1\">Vom 4. bis 8. Dezember 2024<\/td><td class=\"column-2\">\u20ac 250,00<br \/>\n<\/td><td class=\"column-3\">\u20ac 230,00<\/td><td class=\"column-4\">\u20ac 210,00<\/td>\n<\/tr>\n<tr class=\"row-3\">\n\t<td class=\"column-1\">Vom . bis 19. Dezember 2025<\/td><td class=\"column-2\">\u20ac 240,00<\/td><td class=\"column-3\">\u20ac 220,00<\/td><td class=\"column-4\">\u20ac 200,00<\/td>\n<\/tr>\n<tr class=\"row-4\">\n\t<td class=\"column-1\">* Vom 20. Dezember 2025 bis 5. Januar 2026<\/td><td class=\"column-2\">\u20ac 360,00<\/td><td class=\"column-3\">\u20ac 320,00<\/td><td class=\"column-4\">\u20ac 300,00<\/td>\n<\/tr>\n<tr class=\"row-5\">\n\t<td class=\"column-1\">Vom 6. Januar bis 6. Februar 2026<\/td><td class=\"column-2\">\u20ac 240,00<\/td><td class=\"column-3\">\u20ac 220,00<\/td><td class=\"column-4\">\u20ac 200,00<\/td>\n<\/tr>\n<tr class=\"row-6\">\n\t<td class=\"column-1\">Vom . bis 20 Februar 2026  - Olympischen Winterspiele Mailand-Cortina<\/td><td class=\"column-2\">\u20ac 500,00<\/td><td class=\"column-3\">\u20ac 460,00<\/td><td class=\"column-4\">\u20ac 430,00<\/td>\n<\/tr>\n<tr class=\"row-7\">\n\t<td class=\"column-1\">* Vom 21. Februar bis 6. M\u00e4rz 2026<\/td><td class=\"column-2\">\u20ac 360,00<\/td><td class=\"column-3\">\u20ac 320,00<\/td><td class=\"column-4\">\u20ac 300,00<\/td>\n<\/tr>\n<tr class=\"row-8\">\n\t<td class=\"column-1\">Vom 7.  bis 27. Marz 2026<\/td><td class=\"column-2\">\u20ac 240,00<\/td><td class=\"column-3\">\u20ac 220,00<\/td><td class=\"column-4\">\u20ac 200,00<\/td>\n<\/tr>\n<tr class=\"row-9\">\n\t<td class=\"column-1\">Vom 28. Marz bis 12. April 2026<\/td><td class=\"column-2\">\u20ac 240,00<\/td><td class=\"column-3\">\u20ac 220,00<\/td><td class=\"column-4\">\u20ac 200,00<\/td>\n<\/tr>\n<\/tbody>\n<\/table>\n<!-- #tablepress-41 from cache -->\n<ul class=\"links\">\n<li><strong><a href=\"https:\/\/pirovano.it\/de\/hotel-appartements\/appartements-bormio\/appartements-pirovano\/\"><i class=\"fas fa-home\"><\/i> Wohnungen beschreibung PIROVANO<\/a><\/strong><\/li>\n<\/ul>\n<p><em>* vom 20. Dezember 2025 bis 5. Januar 2026 &#8211; vom 7. Februar bis 6. March 2026, Mindestaufenthalt 7 N\u00e4chte. (Sieben Tage Aufenthalt von Samstag der Ankunft bis Samstag der Abreise oder von Sonntag der Ankunft bis Sonntag der Abreise)<\/em><\/p>\n<p>Vom 7. bis 22. Februar 2026 \u2013 XXV. Olympischen Winterspiele in Mailand-Cortina<\/p>\n<p><em>In allen anderen Zeitr\u00e4umen der Saison betr\u00e4gt der Mindestaufenthalt 3 Tage.<\/em><\/p>\n<hr \/>\n<h4><strong>CHALET FELSE<\/strong> &#8211; Winter 2025\/2026<br \/>\n(CIR:014009-CIM-00241) &#8211; (CIN: IT014009B42V5GRV26)<\/h4>\n\n<table id=\"tablepress-43\" class=\"tablepress tablepress-id-43\">\n<thead>\n<tr class=\"row-1\">\n\t<th class=\"column-1\">Tagespreise<\/th><th class=\"column-2\">Ferienwohnung<br \/>\nGran Zebr\u00f9<br \/>\n3 Schlafzimmern <br \/>\n(6 Betten)<br \/>\n2 Badezimmer<\/th><th class=\"column-3\">Ferienwohnung<br \/>\nCima Piazzi<br \/>\n2 Schlafzimmern<br \/>\n(6 Betten)<br \/>\n2 Badezimmer<\/th><th class=\"column-4\">Ferienwohnung<br \/>\nPizzo Tresero<br \/>\n2 Schlafzimmern<br \/>\n(5 Betten)<br \/>\n1 Badezimmer<\/th><th class=\"column-5\">Ferienwohnung<br \/>\nMonte Reit<br \/>\n1 Schlafzimmer<br \/>\n(4 Betten)<br \/>\n1 Badezimmer<\/th><th class=\"column-6\">Ferienwohnung<br \/>\nCima Bianca<br \/>\n1 Schlafzimmer<br \/>\n(4 Betten)<br \/>\n1 Badezimmer<\/th>\n<\/tr>\n<\/thead>\n<tbody class=\"row-striping\">\n<tr class=\"row-2\">\n\t<td class=\"column-1\">Vom 4. bis 8. Dezember 2025<\/td><td class=\"column-2\">\u20ac 270,00<\/td><td class=\"column-3\">\u20ac 220,00<\/td><td class=\"column-4\">\u20ac 200,00<\/td><td class=\"column-5\">\u20ac 180,00<\/td><td class=\"column-6\">\u20ac 180,00<\/td>\n<\/tr>\n<tr class=\"row-3\">\n\t<td class=\"column-1\">Vom 9. bis 19. Dezember 2025<\/td><td class=\"column-2\">\u20ac 250,00<\/td><td class=\"column-3\">\u20ac 200,00<\/td><td class=\"column-4\">\u20ac 180,00<\/td><td class=\"column-5\">\u20ac 160,00<\/td><td class=\"column-6\">\u20ac 160,00<\/td>\n<\/tr>\n<tr class=\"row-4\">\n\t<td class=\"column-1\">* Vom 20. Dezember 2025 bis 5. Januar 2026<\/td><td class=\"column-2\">\u20ac 360,00<\/td><td class=\"column-3\">\u20ac 260,00<\/td><td class=\"column-4\">\u20ac 220,00<\/td><td class=\"column-5\">\u20ac 190,00<\/td><td class=\"column-6\">\u20ac 190,00<\/td>\n<\/tr>\n<tr class=\"row-5\">\n\t<td class=\"column-1\">Vom 6. januar bis 6. Februar 2026<\/td><td class=\"column-2\">\u20ac 250,00<\/td><td class=\"column-3\">\u20ac 200,00<\/td><td class=\"column-4\">\u20ac 180,00<\/td><td class=\"column-5\">\u20ac 160,00<\/td><td class=\"column-6\">\u20ac 160,00<\/td>\n<\/tr>\n<tr class=\"row-6\">\n\t<td class=\"column-1\">Vom 7. bis 20. Februar 2026 - Olympischen Winterspiele Mailand-Cortina<\/td><td class=\"column-2\">\u20ac 500,00<\/td><td class=\"column-3\">\u20ac 400,00<\/td><td class=\"column-4\">\u20ac 350,00<\/td><td class=\"column-5\">\u20ac 280,00<\/td><td class=\"column-6\">\u20ac 280,00<\/td>\n<\/tr>\n<tr class=\"row-7\">\n\t<td class=\"column-1\">* Vom 21. Februar bis 6. M\u00e4rz 2026<\/td><td class=\"column-2\">\u20ac 360,00<\/td><td class=\"column-3\">\u20ac 260,00<\/td><td class=\"column-4\">\u20ac 220,00<\/td><td class=\"column-5\">\u20ac 190,00<\/td><td class=\"column-6\">\u20ac 190,00<\/td>\n<\/tr>\n<tr class=\"row-8\">\n\t<td class=\"column-1\">Vom 7. M\u00e4rz bis 27. M\u00e4rz 2026<\/td><td class=\"column-2\">\u20ac 250,00<\/td><td class=\"column-3\">\u20ac 200,00<\/td><td class=\"column-4\">\u20ac 180,00<\/td><td class=\"column-5\">\u20ac 160,00<\/td><td class=\"column-6\">\u20ac 160,00<\/td>\n<\/tr>\n<tr class=\"row-9\">\n\t<td class=\"column-1\">Vom 28. M\u00e4rz bis 12. April 2026<\/td><td class=\"column-2\">\u20ac 270,00<\/td><td class=\"column-3\">\u20ac 220,00<\/td><td class=\"column-4\">\u20ac 200,00<\/td><td class=\"column-5\">\u20ac 180,00<\/td><td class=\"column-6\">\u20ac 180,00<\/td>\n<\/tr>\n<\/tbody>\n<\/table>\n<!-- #tablepress-43 from cache -->\n<ul class=\"links\">\n<li><strong><a href=\"https:\/\/pirovano.it\/de\/hotel-appartements\/appartements-bormio\/appartements-chalet-felse\/\"><i class=\"fas fa-home\"><\/i> Wohnungen beschreibung CHALET FELSE<\/a><\/strong><\/li>\n<\/ul>\n<p><em>* vom 20. Dezember 2025 bis 5. Januar 2026 &#8211; vom 7. Februar bis 6. March 2026, Mindestaufenthalt 7 N\u00e4chte. (Sieben Tage Aufenthalt von Samstag der Ankunft bis Samstag der Abreise oder von Sonntag der Ankunft bis Sonntag der Abreise)<\/em><\/p>\n<p><em>Vom 7. bis 22. Februar 2026 \u2013 XXV. Olympischen Winterspiele in Mailand-Cortina<\/em><\/p>\n<p><em>In allen anderen Zeitr\u00e4umen der Saison betr\u00e4gt der Mindestaufenthalt 3 Tage.<\/em><\/p>\n<ul>\n<li><strong>Zuschlag von \u20ac 20,00 pro Tag und Person ab der sechsten Person, f\u00fcr die Wohnungen &#8220;Tresero&#8221; und &#8220;Cima Piazzi&#8221;.<\/strong><\/li>\n<\/ul>\n<hr \/>\n<h4><strong>FERIENWOHNUNGEN PIROVANO VALDIDENTRO<\/strong> &#8211; Winter 2025\/2026<br \/>\n(CIR: 014071-CIM-00053\/54) &#8211; (CIN: IT014071B4TM9U9M94)<\/h4>\n<p><strong>CHECK-IN<\/strong> ab <strong>10.00<\/strong>\u00a0Uhr bis <strong>16.30<\/strong> Uhr<br \/>\n<i class=\"fas fa-sign-out-alt\"><\/i> <strong>CHECK-OUT<\/strong> bis<strong> 9.30 <\/strong>Uhr<\/p>\n<p><em>Bei sp\u00e4teren Anreisen nach 16:30\u00a0 Uhr melden Sie sich bitte telefonisch unter der Nummer <strong>(+39) 338 3749438<\/strong><\/em><\/p>\n<ul>\n<li><em><strong>Tagespreise Betr\u00e4ge zur Vermietung enthalten:<\/strong> Strom-, Wasser- und Heizungsverbrauch, Endreinigung, W\u00e4sche, Parkplatz f\u00fcr ein Auto pro Wohnung.<\/em><\/li>\n<li><em><b>Kurtaxe<\/b>, in H\u00f6he \u20ac 1,20 t\u00e4glich pro Person, vor Ort zu bezahlen, maximal 7 Tage anwendbar. Die Minderj\u00e4hrigen bis 18 Jahre alt sind ausgenommen.<\/em><\/li>\n<li><em><strong>Tiere: <\/strong>werden nur wenn von kleiner Gr\u00f6\u00dfe akzeptiert und wenn sie bei der Buchung angek\u00fcndigt werden. <strong>Die Kosten von 10,00 \u20ac pro Tag werden<\/strong><\/em><strong> <em>f\u00fcr maximal<\/em> 7 <em>Tage berechnet<\/em>.<\/strong><\/li>\n<\/ul>\n\n<table id=\"tablepress-45\" class=\"tablepress tablepress-id-45\">\n<thead>\n<tr class=\"row-1\">\n\t<th class=\"column-1\">Tagespreise<\/th><th class=\"column-2\">Ferienwohnung <br \/>\nViola<br \/>\n3 Schlafzimmern<br \/>\n2 Badezimmer<\/th><th class=\"column-3\">Ferienwohnung <br \/>\nAdda<br \/>\n3 Schlafzimmern<br \/>\n1 Badezimmer<\/th>\n<\/tr>\n<\/thead>\n<tbody class=\"row-striping\">\n<tr class=\"row-2\">\n\t<td class=\"column-1\">Vom 4. bis 8. Dezember 2025<\/td><td class=\"column-2\">\u20ac 190,00<\/td><td class=\"column-3\">\u20ac 170,00<\/td>\n<\/tr>\n<tr class=\"row-3\">\n\t<td class=\"column-1\">Vom 9. bis 20. Dezember 2025<\/td><td class=\"column-2\">\u20ac 180,00<\/td><td class=\"column-3\">\u20ac 160,00<\/td>\n<\/tr>\n<tr class=\"row-4\">\n\t<td class=\"column-1\">* Vom 21. Dezember 2025 bis 5. Januar 2026<\/td><td class=\"column-2\">\u20ac 250,00<\/td><td class=\"column-3\">\u20ac 220,00<\/td>\n<\/tr>\n<tr class=\"row-5\">\n\t<td class=\"column-1\">Vom 6. Januar bis 6. Februar 2026<\/td><td class=\"column-2\">\u20ac 180,00<\/td><td class=\"column-3\">\u20ac 160,00<\/td>\n<\/tr>\n<tr class=\"row-6\">\n\t<td class=\"column-1\">Vom 7. bis 20. Februar 2026 - XXV Olympischen Winterspiele Mailand-Cortina<\/td><td class=\"column-2\">\u20ac 350,00<\/td><td class=\"column-3\">\u20ac 320,00<\/td>\n<\/tr>\n<tr class=\"row-7\">\n\t<td class=\"column-1\">* Vom 21. Februar bis 6. M\u00e4rz 2026<\/td><td class=\"column-2\">\u20ac 250,00<\/td><td class=\"column-3\">\u20ac 220,00<\/td>\n<\/tr>\n<tr class=\"row-8\">\n\t<td class=\"column-1\">Vom 7. M\u00e4rz bis 27. M\u00e4rz 2025<\/td><td class=\"column-2\">\u20ac 180,00<\/td><td class=\"column-3\">\u20ac 160,00<\/td>\n<\/tr>\n<tr class=\"row-9\">\n\t<td class=\"column-1\">Vom 28. M\u00e4rz bis 12. April 2026<\/td><td class=\"column-2\">\u20ac 190,00<\/td><td class=\"column-3\">\u20ac 170,00<\/td>\n<\/tr>\n<\/tbody>\n<\/table>\n<!-- #tablepress-45 from cache -->\n<ul class=\"links\">\n<li><strong><a href=\"https:\/\/pirovano.it\/de\/hotel-appartements\/appartements-bormio\/ferienwohnungen-pirovano-valdidentro\/\"><i class=\"fas fa-home\"><\/i> Wohnungen beschreibung PIROVANO VALDIDENTRO<\/a><\/strong><\/li>\n<\/ul>\n<p><em>* vom 20. Dezember 2025 bis 5. Januar 2026 &#8211; vom 7. Februar bis 6. March 2026, Mindestaufenthalt 7 N\u00e4chte. (Sieben Tage Aufenthalt von Samstag der Ankunft bis Samstag der Abreise oder von Sonntag der Ankunft bis Sonntag der Abreise)<\/em><\/p>\n<p><em>Vom 7. bis 22. Februar 2026 \u2013 XXV. Olympischen Winterspiele in Mailand-Cortin<\/em>a<\/p>\n<p><em>In allen anderen Zeitr\u00e4umen der Saison betr\u00e4gt der Mindestaufenthalt 3 Tage.<\/em><\/p>\n<ul>\n<li><strong>Zuschlag von \u20ac 20,00 pro Tag und Person ab der sechsten Person, f\u00fcr die Wohnun &#8220;Viola&#8221;.<br \/>\n<\/strong><\/li>\n<\/ul>\n<hr \/>\n<h3>Mietbedingungen<\/h3>\n<ul class=\"links\">\n<li><i class=\"fas fa-file-pdf\"><\/i> <a href=\"https:\/\/pirovano.it\/wp-content\/uploads\/2018\/12\/EN-condizioni-di-locazione.pdf\" target=\"_blank\" rel=\"noopener noreferrer\">Download PDF auf English<\/a><\/li>\n<\/ul>\n","protected":false},"excerpt":{"rendered":"<p>CHECK-IN ab 15.30 Uhr bis 18.30 Uhr CHECK-OUT bis 9.30 Uhr Bei sp\u00e4teren Anreisen nach 18:30\u00a0 Uhr melden Sie sich bitte telefonisch unter der Nummer (+39) 338 3749438 Tagespreise Betr\u00e4ge zur Vermietung enthalten: Strom-, Wasser- und Heizungsverbrauch, Endreinigung, W\u00e4sche, Parkplatz f\u00fcr ein Auto pro Wohnung. Kurtaxe in H\u00f6he \u20ac 1,80 t\u00e4glich pro Person, vor Ort [&hellip;]<\/p>\n","protected":false},"author":3,"featured_media":3420,"parent":2723,"menu_order":0,"comment_status":"closed","ping_status":"closed","template":"","meta":{"footnotes":""},"class_list":["post-4751","page","type-page","status-publish","has-post-thumbnail","hentry","odd"],"yoast_head":"<!-- This site is optimized with the Yoast SEO plugin v27.3 - https:\/\/yoast.com\/product\/yoast-seo-wordpress\/ -->\n<title>Winter Preise Appartaments in Bormio<\/title>\n<meta name=\"description\" content=\"Winter Preise Appartaments in Bormio\" \/>\n<meta name=\"robots\" content=\"index, follow, max-snippet:-1, max-image-preview:large, max-video-preview:-1\" \/>\n<link rel=\"canonical\" href=\"https:\/\/pirovano.it\/de\/angebote-und-preise\/appartaments-preise-bormio\/winter\/\" \/>\n<meta property=\"og:locale\" content=\"de_DE\" \/>\n<meta property=\"og:type\" content=\"article\" \/>\n<meta property=\"og:title\" content=\"Winter Preise Appartaments in Bormio\" \/>\n<meta property=\"og:description\" content=\"Winter Preise Appartaments in Bormio\" \/>\n<meta property=\"og:url\" content=\"https:\/\/pirovano.it\/de\/angebote-und-preise\/appartaments-preise-bormio\/winter\/\" \/>\n<meta property=\"og:site_name\" content=\"Pirovano\" \/>\n<meta property=\"article:modified_time\" content=\"2025-10-15T10:28:03+00:00\" \/>\n<meta property=\"og:image\" content=\"https:\/\/pirovano.it\/wp-content\/uploads\/2018\/03\/bormio-pano.jpg\" \/>\n\t<meta property=\"og:image:width\" content=\"1920\" \/>\n\t<meta property=\"og:image:height\" content=\"1097\" \/>\n\t<meta property=\"og:image:type\" content=\"image\/jpeg\" \/>\n<meta name=\"twitter:card\" content=\"summary_large_image\" \/>\n<meta name=\"twitter:label1\" content=\"Est. reading time\" \/>\n\t<meta name=\"twitter:data1\" content=\"3 minutes\" \/>\n<script type=\"application\/ld+json\" class=\"yoast-schema-graph\">{\"@context\":\"https:\\\/\\\/schema.org\",\"@graph\":[{\"@type\":\"WebPage\",\"@id\":\"https:\\\/\\\/pirovano.it\\\/de\\\/angebote-und-preise\\\/appartaments-preise-bormio\\\/winter\\\/\",\"url\":\"https:\\\/\\\/pirovano.it\\\/de\\\/angebote-und-preise\\\/appartaments-preise-bormio\\\/winter\\\/\",\"name\":\"Winter Preise Appartaments in Bormio\",\"isPartOf\":{\"@id\":\"https:\\\/\\\/pirovano.it\\\/it\\\/#website\"},\"primaryImageOfPage\":{\"@id\":\"https:\\\/\\\/pirovano.it\\\/de\\\/angebote-und-preise\\\/appartaments-preise-bormio\\\/winter\\\/#primaryimage\"},\"image\":{\"@id\":\"https:\\\/\\\/pirovano.it\\\/de\\\/angebote-und-preise\\\/appartaments-preise-bormio\\\/winter\\\/#primaryimage\"},\"thumbnailUrl\":\"https:\\\/\\\/pirovano.it\\\/wp-content\\\/uploads\\\/2018\\\/03\\\/bormio-pano.jpg\",\"datePublished\":\"2019-01-03T16:49:44+00:00\",\"dateModified\":\"2025-10-15T10:28:03+00:00\",\"description\":\"Winter Preise Appartaments in Bormio\",\"breadcrumb\":{\"@id\":\"https:\\\/\\\/pirovano.it\\\/de\\\/angebote-und-preise\\\/appartaments-preise-bormio\\\/winter\\\/#breadcrumb\"},\"inLanguage\":\"de-DE\",\"potentialAction\":[{\"@type\":\"ReadAction\",\"target\":[\"https:\\\/\\\/pirovano.it\\\/de\\\/angebote-und-preise\\\/appartaments-preise-bormio\\\/winter\\\/\"]}]},{\"@type\":\"ImageObject\",\"inLanguage\":\"de-DE\",\"@id\":\"https:\\\/\\\/pirovano.it\\\/de\\\/angebote-und-preise\\\/appartaments-preise-bormio\\\/winter\\\/#primaryimage\",\"url\":\"https:\\\/\\\/pirovano.it\\\/wp-content\\\/uploads\\\/2018\\\/03\\\/bormio-pano.jpg\",\"contentUrl\":\"https:\\\/\\\/pirovano.it\\\/wp-content\\\/uploads\\\/2018\\\/03\\\/bormio-pano.jpg\",\"width\":1920,\"height\":1097},{\"@type\":\"BreadcrumbList\",\"@id\":\"https:\\\/\\\/pirovano.it\\\/de\\\/angebote-und-preise\\\/appartaments-preise-bormio\\\/winter\\\/#breadcrumb\",\"itemListElement\":[{\"@type\":\"ListItem\",\"position\":1,\"name\":\"Home\",\"item\":\"https:\\\/\\\/pirovano.it\\\/de\\\/\"},{\"@type\":\"ListItem\",\"position\":2,\"name\":\"Angebote und Preise Stilfserjoch und Bormio\",\"item\":\"https:\\\/\\\/pirovano.it\\\/de\\\/angebote-und-preise\\\/\"},{\"@type\":\"ListItem\",\"position\":3,\"name\":\"Appartaments Preise Bormio\",\"item\":\"https:\\\/\\\/pirovano.it\\\/de\\\/angebote-und-preise\\\/appartaments-preise-bormio\\\/\"},{\"@type\":\"ListItem\",\"position\":4,\"name\":\"Winter Preise 2025\\\/2026\"}]},{\"@type\":\"WebSite\",\"@id\":\"https:\\\/\\\/pirovano.it\\\/it\\\/#website\",\"url\":\"https:\\\/\\\/pirovano.it\\\/it\\\/\",\"name\":\"Pirovano\",\"description\":\"Universit\u00e0 dello Sci, dello Snowboard e della Montagna\",\"potentialAction\":[{\"@type\":\"SearchAction\",\"target\":{\"@type\":\"EntryPoint\",\"urlTemplate\":\"https:\\\/\\\/pirovano.it\\\/it\\\/?s={search_term_string}\"},\"query-input\":{\"@type\":\"PropertyValueSpecification\",\"valueRequired\":true,\"valueName\":\"search_term_string\"}}],\"inLanguage\":\"de-DE\"}]}<\/script>\n<!-- \/ Yoast SEO plugin. -->","yoast_head_json":{"title":"Winter Preise Appartaments in Bormio","description":"Winter Preise Appartaments in Bormio","robots":{"index":"index","follow":"follow","max-snippet":"max-snippet:-1","max-image-preview":"max-image-preview:large","max-video-preview":"max-video-preview:-1"},"canonical":"https:\/\/pirovano.it\/de\/angebote-und-preise\/appartaments-preise-bormio\/winter\/","og_locale":"de_DE","og_type":"article","og_title":"Winter Preise Appartaments in Bormio","og_description":"Winter Preise Appartaments in Bormio","og_url":"https:\/\/pirovano.it\/de\/angebote-und-preise\/appartaments-preise-bormio\/winter\/","og_site_name":"Pirovano","article_modified_time":"2025-10-15T10:28:03+00:00","og_image":[{"width":1920,"height":1097,"url":"https:\/\/pirovano.it\/wp-content\/uploads\/2018\/03\/bormio-pano.jpg","type":"image\/jpeg"}],"twitter_card":"summary_large_image","twitter_misc":{"Est. reading time":"3 minutes"},"schema":{"@context":"https:\/\/schema.org","@graph":[{"@type":"WebPage","@id":"https:\/\/pirovano.it\/de\/angebote-und-preise\/appartaments-preise-bormio\/winter\/","url":"https:\/\/pirovano.it\/de\/angebote-und-preise\/appartaments-preise-bormio\/winter\/","name":"Winter Preise Appartaments in Bormio","isPartOf":{"@id":"https:\/\/pirovano.it\/it\/#website"},"primaryImageOfPage":{"@id":"https:\/\/pirovano.it\/de\/angebote-und-preise\/appartaments-preise-bormio\/winter\/#primaryimage"},"image":{"@id":"https:\/\/pirovano.it\/de\/angebote-und-preise\/appartaments-preise-bormio\/winter\/#primaryimage"},"thumbnailUrl":"https:\/\/pirovano.it\/wp-content\/uploads\/2018\/03\/bormio-pano.jpg","datePublished":"2019-01-03T16:49:44+00:00","dateModified":"2025-10-15T10:28:03+00:00","description":"Winter Preise Appartaments in Bormio","breadcrumb":{"@id":"https:\/\/pirovano.it\/de\/angebote-und-preise\/appartaments-preise-bormio\/winter\/#breadcrumb"},"inLanguage":"de-DE","potentialAction":[{"@type":"ReadAction","target":["https:\/\/pirovano.it\/de\/angebote-und-preise\/appartaments-preise-bormio\/winter\/"]}]},{"@type":"ImageObject","inLanguage":"de-DE","@id":"https:\/\/pirovano.it\/de\/angebote-und-preise\/appartaments-preise-bormio\/winter\/#primaryimage","url":"https:\/\/pirovano.it\/wp-content\/uploads\/2018\/03\/bormio-pano.jpg","contentUrl":"https:\/\/pirovano.it\/wp-content\/uploads\/2018\/03\/bormio-pano.jpg","width":1920,"height":1097},{"@type":"BreadcrumbList","@id":"https:\/\/pirovano.it\/de\/angebote-und-preise\/appartaments-preise-bormio\/winter\/#breadcrumb","itemListElement":[{"@type":"ListItem","position":1,"name":"Home","item":"https:\/\/pirovano.it\/de\/"},{"@type":"ListItem","position":2,"name":"Angebote und Preise Stilfserjoch und Bormio","item":"https:\/\/pirovano.it\/de\/angebote-und-preise\/"},{"@type":"ListItem","position":3,"name":"Appartaments Preise Bormio","item":"https:\/\/pirovano.it\/de\/angebote-und-preise\/appartaments-preise-bormio\/"},{"@type":"ListItem","position":4,"name":"Winter Preise 2025\/2026"}]},{"@type":"WebSite","@id":"https:\/\/pirovano.it\/it\/#website","url":"https:\/\/pirovano.it\/it\/","name":"Pirovano","description":"Universit\u00e0 dello Sci, dello Snowboard e della Montagna","potentialAction":[{"@type":"SearchAction","target":{"@type":"EntryPoint","urlTemplate":"https:\/\/pirovano.it\/it\/?s={search_term_string}"},"query-input":{"@type":"PropertyValueSpecification","valueRequired":true,"valueName":"search_term_string"}}],"inLanguage":"de-DE"}]}},"_links":{"self":[{"href":"https:\/\/pirovano.it\/de\/wp-json\/wp\/v2\/pages\/4751","targetHints":{"allow":["GET"]}}],"collection":[{"href":"https:\/\/pirovano.it\/de\/wp-json\/wp\/v2\/pages"}],"about":[{"href":"https:\/\/pirovano.it\/de\/wp-json\/wp\/v2\/types\/page"}],"author":[{"embeddable":true,"href":"https:\/\/pirovano.it\/de\/wp-json\/wp\/v2\/users\/3"}],"replies":[{"embeddable":true,"href":"https:\/\/pirovano.it\/de\/wp-json\/wp\/v2\/comments?post=4751"}],"version-history":[{"count":40,"href":"https:\/\/pirovano.it\/de\/wp-json\/wp\/v2\/pages\/4751\/revisions"}],"predecessor-version":[{"id":7387,"href":"https:\/\/pirovano.it\/de\/wp-json\/wp\/v2\/pages\/4751\/revisions\/7387"}],"up":[{"embeddable":true,"href":"https:\/\/pirovano.it\/de\/wp-json\/wp\/v2\/pages\/2723"}],"wp:featuredmedia":[{"embeddable":true,"href":"https:\/\/pirovano.it\/de\/wp-json\/wp\/v2\/media\/3420"}],"wp:attachment":[{"href":"https:\/\/pirovano.it\/de\/wp-json\/wp\/v2\/media?parent=4751"}],"curies":[{"name":"wp","href":"https:\/\/api.w.org\/{rel}","templated":true}]}}