{"id":4752,"date":"2019-01-03T17:50:38","date_gmt":"2019-01-03T16:50:38","guid":{"rendered":"https:\/\/pirovano.it\/angebote-und-preise\/preise-appartaments-bormio\/listini-estate-autunno-2019\/"},"modified":"2026-01-19T15:58:56","modified_gmt":"2026-01-19T14:58:56","slug":"sommer","status":"publish","type":"page","link":"https:\/\/pirovano.it\/de\/angebote-und-preise\/appartaments-preise-bormio\/sommer\/","title":{"rendered":"Sommer Preise 2026"},"content":{"rendered":"<ul>\n<li><em>Mindenaufenthalt 7 nachte vom 18. July. bis 21. August 2026<\/em><\/li>\n<\/ul>\n<h4><i class=\"fas fa-sign-in-alt\"><\/i> <strong>CHECK-IN<\/strong> ab <strong>15.30<\/strong> Uhr bis <strong>18.30<\/strong> Uhr<br \/>\n<i class=\"fas fa-sign-out-alt\"><\/i> <strong>CHECK-<\/strong><strong>OUT<\/strong> bis<strong> 9.30 <\/strong>Uhr<\/h4>\n<p><em>Bei sp\u00e4teren Anreisen nach 18.30 Uhr melden Sie sich bitte telefonisch unter der Nummer <strong>(+39) 338 3749438<\/strong><\/em><\/p>\n<ul>\n<li><em><strong>Tagespreise Betr\u00e4ge zur Vermietung enthalten:<\/strong> Strom-, Wasser- und Heizungsverbrauch, Endreinigung, W\u00e4sche, Parkplatz f\u00fcr ein Auto pro Wohnung.<\/em><\/li>\n<li><em><b>Kurtaxe<\/b>, in H\u00f6he \u20ac 1,80 t\u00e4glich pro Person, vor Ort zu bezahlen, maximal 7 Tage anwendbar. Die Minderj\u00e4hrigen bis 12 Jahre alt sind ausgenommen.<\/em><\/li>\n<li><em><strong>Tiere:<\/strong> werden nur wenn von kleiner\/mittlerer Gr\u00f6\u00dfe akzeptiert und wenn sie bei der Buchung angek\u00fcndigt werden. Die Kosten von 10,00 \u20ac pro Tag werdenf\u00fcr maximal 7 Tage berechnet.<\/em><\/li>\n<\/ul>\n<hr \/>\n<h4><strong>APPARTAMENTS PIROVANO BORMIO<\/strong> &#8211; Sommer 2026<br \/>\n<strong>(CIR: 014009-REC<\/strong>-00017) (CIN: IT014009B4E9D28LVK)<\/h4>\n\n<table id=\"tablepress-17\" class=\"tablepress tablepress-id-17\">\n<thead>\n<tr class=\"row-1\">\n\t<th class=\"column-1\">Tagespreise<\/th><th class=\"column-2\">    Ferienwohnung<br \/>\n      Pino Cembro<br \/>\nDrei Schlafzimmern <br \/>\n          5 Betten<\/th><th class=\"column-3\">     Ferienwohnung<br \/>\n       Larice Bianco<br \/>\nZwei Schlafzimmern <br \/>\n          4 Betten<\/th><th class=\"column-4\">    Ferienwohnung<br \/>\n             Noce<br \/>\nZwei Schlafzimmern <br \/>\n           4 Betten<\/th>\n<\/tr>\n<\/thead>\n<tbody class=\"row-striping\">\n<tr class=\"row-2\">\n\t<td class=\"column-1\">vom 28. Mai bis zum 26. Juni<\/td><td class=\"column-2\">\u20ac 240,00<\/td><td class=\"column-3\">\u20ac 210,00<\/td><td class=\"column-4\">\u20ac 190,00<\/td>\n<\/tr>\n<tr class=\"row-3\">\n\t<td class=\"column-1\">vom 27. Juni bis zum17. Juli<\/td><td class=\"column-2\">\u20ac 250,00<\/td><td class=\"column-3\">\u20ac 220,00<\/td><td class=\"column-4\">\u20ac 200,00<\/td>\n<\/tr>\n<tr class=\"row-4\">\n\t<td class=\"column-1\">vom 18. Juli bis zum 31. Juli*<\/td><td class=\"column-2\">\u20ac 260,00<\/td><td class=\"column-3\">\u20ac 230,00<\/td><td class=\"column-4\">\u20ac 210,00<\/td>\n<\/tr>\n<tr class=\"row-5\">\n\t<td class=\"column-1\">vom 1. bis zum 7. August*<\/td><td class=\"column-2\">\u20ac 280,00<\/td><td class=\"column-3\">\u20ac 260,00<\/td><td class=\"column-4\">\u20ac 230,00<\/td>\n<\/tr>\n<tr class=\"row-6\">\n\t<td class=\"column-1\">vom 8. bis zum 21. August*<\/td><td class=\"column-2\">\u20ac 320,00<\/td><td class=\"column-3\">\u20ac 300,00<\/td><td class=\"column-4\">\u20ac 280,00<\/td>\n<\/tr>\n<tr class=\"row-7\">\n\t<td class=\"column-1\">vom 22. bis zum 28. August <\/td><td class=\"column-2\">\u20ac 280,00<\/td><td class=\"column-3\">\u20ac 260,00<\/td><td class=\"column-4\">\u20ac 230,00<\/td>\n<\/tr>\n<tr class=\"row-8\">\n\t<td class=\"column-1\">vom 29. August bis zum 19. September<\/td><td class=\"column-2\">\u20ac 250,00<\/td><td class=\"column-3\">\u20ac 220,00<\/td><td class=\"column-4\">\u20ac 200,00<\/td>\n<\/tr>\n<\/tbody>\n<\/table>\n<!-- #tablepress-17 from cache -->\n<p><em>* Mindestaufenthalt 7 N\u00e4chte<\/em><\/p>\n<ul class=\"links\">\n<li><strong><a href=\"https:\/\/pirovano.it\/de\/hotel-appartements\/appartements-bormio\/appartements-pirovano\/\"><i class=\"fas fa-home\"><\/i> Wohnungen beschreibung PIROVANO<\/a><\/strong><\/li>\n<\/ul>\n<hr \/>\n<h4><strong>CHALET FELSE<\/strong> &#8211; Sommer 2026<br \/>\n(CIR:014009-CIM-00241) (CIN: IT014009B42V5GRV26)<\/h4>\n\n<table id=\"tablepress-18\" class=\"tablepress tablepress-id-18\">\n<thead>\n<tr class=\"row-1\">\n\t<th class=\"column-1\">Tagespreise<\/th><th class=\"column-2\">Ferienwohnung<br \/>\nGran Zebr\u00f9<br \/>\nDrei Schlafzimmern<br \/>\n(6 Betten)<\/th><th class=\"column-3\">Ferienwohnung<br \/>\nCima Piazzi<br \/>\nZwei Schlafzimmern<br \/>\n(6 Betten)<\/th><th class=\"column-4\">Ferienwohnung<br \/>\nPizzo Tresero<br \/>\nZwei Schlafzimmern<br \/>\n(5 Betten)<\/th><th class=\"column-5\">Ferienwohnung<br \/>\nMonte Reit<br \/>\nEin Schlafzimmer<br \/>\n(4 Betten)<\/th><th class=\"column-6\">Ferienwohnung<br \/>\nCima Bianca<br \/>\nEin Schlafzimmer<br \/>\n(4 Betten)<\/th>\n<\/tr>\n<\/thead>\n<tbody class=\"row-striping\">\n<tr class=\"row-2\">\n\t<td class=\"column-1\">vom 28. Mai bis zum 26. Juni<\/td><td class=\"column-2\">\u20ac 260,00<\/td><td class=\"column-3\">\u20ac 210,00<\/td><td class=\"column-4\">\u20ac 190,00<\/td><td class=\"column-5\">\u20ac 170,00<\/td><td class=\"column-6\">\u20ac 170,00<\/td>\n<\/tr>\n<tr class=\"row-3\">\n\t<td class=\"column-1\">vom 27. Juni bis zum 17. Juli<\/td><td class=\"column-2\">\u20ac 270,00<\/td><td class=\"column-3\">\u20ac 210,00<\/td><td class=\"column-4\">\u20ac 190,00<\/td><td class=\"column-5\">\u20ac 170,00<\/td><td class=\"column-6\">\u20ac 170,00<\/td>\n<\/tr>\n<tr class=\"row-4\">\n\t<td class=\"column-1\">vom 18. Juli bis zum 31. July*<\/td><td class=\"column-2\">\u20ac 280,00<\/td><td class=\"column-3\">\u20ac 220,00<\/td><td class=\"column-4\">\u20ac 200,00<\/td><td class=\"column-5\">\u20ac 180,00<\/td><td class=\"column-6\">\u20ac 180,00<\/td>\n<\/tr>\n<tr class=\"row-5\">\n\t<td class=\"column-1\">vom 1. bis zum 7 August*<\/td><td class=\"column-2\">\u20ac 290,00<\/td><td class=\"column-3\">\u20ac 230,00<\/td><td class=\"column-4\">\u20ac 210,00<\/td><td class=\"column-5\">\u20ac 180,00<\/td><td class=\"column-6\">\u20ac 180,00<\/td>\n<\/tr>\n<tr class=\"row-6\">\n\t<td class=\"column-1\">vom 8. bis zum 21. August*<\/td><td class=\"column-2\">\u20ac 320,00<\/td><td class=\"column-3\">\u20ac 250,00<\/td><td class=\"column-4\">\u20ac 220,00<\/td><td class=\"column-5\">\u20ac 190,00<\/td><td class=\"column-6\">\u20ac 190,00<\/td>\n<\/tr>\n<tr class=\"row-7\">\n\t<td class=\"column-1\">vom 22.  bis zum 28. August<\/td><td class=\"column-2\">\u20ac 290,00<\/td><td class=\"column-3\">\u20ac 220,00<\/td><td class=\"column-4\">\u20ac 200,00<\/td><td class=\"column-5\">\u20ac 180,00<\/td><td class=\"column-6\">\u20ac 180,00<\/td>\n<\/tr>\n<tr class=\"row-8\">\n\t<td class=\"column-1\">vom 29. August bis zum 19. September<\/td><td class=\"column-2\">\u20ac 270,00<\/td><td class=\"column-3\">\u20ac 210,00<\/td><td class=\"column-4\">\u20ac 190,00<\/td><td class=\"column-5\">\u20ac 170,00<\/td><td class=\"column-6\">\u20ac 170,00<\/td>\n<\/tr>\n<\/tbody>\n<\/table>\n<!-- #tablepress-18 from cache -->\n<p><em>* Mindestaufenthalt 7 N\u00e4chte<\/em><\/p>\n<ul>\n<li><strong>Zuschlag von \u20ac 25,00 pro Person und Tag ab der f\u00fcnften Person, g\u00fcltig f\u00fcr die Wohnungen Tresero und Cima Piazzi<\/strong><\/li>\n<\/ul>\n<ul class=\"links\">\n<li><strong><a href=\"https:\/\/pirovano.it\/de\/hotel-appartements\/appartements-bormio\/appartements-chalet-felse\/\"><i class=\"fas fa-home\"><\/i> Wohnungen beschreibung CHALET FELSE<\/a><\/strong><\/li>\n<\/ul>\n<hr \/>\n<h4>\u00a0APPARTEMENTS PIROVANO VALDIDENTRO &#8211; Sommer 2026<br \/>\n(CIR: 014071 &#8211; CIM 00053 \/ 00054) (CIN: IT014071B4TM9U9M94)<\/h4>\n<ul>\n<li><em>Mindenaufenthalt 7 nachte vom 18. July. bis 21. August 2026<\/em><\/li>\n<\/ul>\n<h4><i class=\"fas fa-sign-in-alt\"><\/i> <strong>CHECK-IN<\/strong> ab <strong>14.00<\/strong> Uhr bis <strong>16.30<\/strong> Uhr<br \/>\n<i class=\"fas fa-sign-out-alt\"><\/i> <strong>CHECK-<\/strong><strong>OUT<\/strong> bis<strong> 9.30 <\/strong>Uhr<\/h4>\n<p><em>Bei sp\u00e4teren Anreisen nach 16.30 Uhr melden Sie sich bitte telefonisch unter der Nummer <strong>(+39) 338 3749438<\/strong><\/em><\/p>\n<ul>\n<li><em><strong>Tagespreise Betr\u00e4ge zur Vermietung enthalten:<\/strong> Strom-, Wasser- und Heizungsverbrauch, Endreinigung, W\u00e4sche, Parkplatz f\u00fcr ein Auto pro Wohnung.<\/em><\/li>\n<li><em><b>Kurtaxe<\/b> in H\u00f6he \u20ac 1,20 t\u00e4glich pro Person, vor Ort zu bezahlen, maximal 7 Tage anwendbar, ab 18 Jahre alt.<\/em><\/li>\n<li><em><strong>Tiere:<\/strong> werden nur wenn von kleiner\/mittlerer Gr\u00f6\u00dfe akzeptiert und wenn sie bei der Buchung angek\u00fcndigt werden. Die Kosten von 10,00 \u20ac pro Tag werdenf\u00fcr maximal 7 Tage berechnet.<\/em><\/li>\n<li><strong>Zuschlag von \u20ac 25,00 pro Tag und Person ab der sechsten Person, f\u00fcr die Wohnung Viola.<\/strong><\/li>\n<\/ul>\n\n<table id=\"tablepress-36\" class=\"tablepress tablepress-id-36\">\n<thead>\n<tr class=\"row-1\">\n\t<th class=\"column-1\">Tagespreise<\/th><th class=\"column-2\">Ferienwohnung<br \/>\n\"Adda\"<br \/>\nDrei Schlafzimmern<br \/>\n1 Badezimmer<br \/>\n(5 Betten)<\/th><th class=\"column-3\">Ferienwohnung<br \/>\n\"Viola\"<br \/>\nDrei Schlafzimmern<br \/>\n2 Badezimmer<br \/>\n(5 Betten)<\/th>\n<\/tr>\n<\/thead>\n<tbody class=\"row-striping\">\n<tr class=\"row-2\">\n\t<td class=\"column-1\">vom 28. Mai bis zum 26. Juni<\/td><td class=\"column-2\">\u20ac 160,00<\/td><td class=\"column-3\">\u20ac 170,00<\/td>\n<\/tr>\n<tr class=\"row-3\">\n\t<td class=\"column-1\">vom 27. Juni bis zum 17. Juli<\/td><td class=\"column-2\">\u20ac 170,00<\/td><td class=\"column-3\">\u20ac 180,00<\/td>\n<\/tr>\n<tr class=\"row-4\">\n\t<td class=\"column-1\">vom 18. Juli bis zum 31. Juli*<\/td><td class=\"column-2\">\u20ac 180,00<\/td><td class=\"column-3\">\u20ac 190,00<\/td>\n<\/tr>\n<tr class=\"row-5\">\n\t<td class=\"column-1\">vom 1. bis zum 7. August*<\/td><td class=\"column-2\">\u20ac 200,00<\/td><td class=\"column-3\">\u20ac 210,00<\/td>\n<\/tr>\n<tr class=\"row-6\">\n\t<td class=\"column-1\">vom 8. bis zum 21. August*<\/td><td class=\"column-2\">\u20ac 210,00<\/td><td class=\"column-3\">\u20ac 220,00<\/td>\n<\/tr>\n<tr class=\"row-7\">\n\t<td class=\"column-1\">vom 22. bis zum 28. August<\/td><td class=\"column-2\">\u20ac 200,00<\/td><td class=\"column-3\">\u20ac 210,00<\/td>\n<\/tr>\n<tr class=\"row-8\">\n\t<td class=\"column-1\">vom 28. August bis zum 19. September<\/td><td class=\"column-2\">\u20ac 170,00<\/td><td class=\"column-3\">\u20ac 180,00<\/td>\n<\/tr>\n<\/tbody>\n<\/table>\n<!-- #tablepress-36 from cache -->\n<ul class=\"links\">\n<li><strong><i class=\"fas fa-home\"><\/i> <a href=\"https:\/\/pirovano.it\/de\/hotel-appartements\/appartements-bormio\/ferienwohnungen-pirovano-valdidentro\/\">Wohnungen beschreibung Pirovano Valdidentro<\/a><\/strong><\/li>\n<\/ul>\n<hr \/>\n<h3>Mietbedingungen<\/h3>\n<ul class=\"links\">\n<li><i class=\"fas fa-file-pdf\"><\/i> <a href=\"https:\/\/pirovano.it\/wp-content\/uploads\/2018\/12\/EN-condizioni-di-locazione.pdf\" target=\"_blank\" rel=\"noopener noreferrer\">Download PDF auf English<\/a><\/li>\n<\/ul>\n","protected":false},"excerpt":{"rendered":"<p>Mindenaufenthalt 7 nachte vom 18. July. bis 21. August 2026 CHECK-IN ab 15.30 Uhr bis 18.30 Uhr CHECK-OUT bis 9.30 Uhr Bei sp\u00e4teren Anreisen nach 18.30 Uhr melden Sie sich bitte telefonisch unter der Nummer (+39) 338 3749438 Tagespreise Betr\u00e4ge zur Vermietung enthalten: Strom-, Wasser- und Heizungsverbrauch, Endreinigung, W\u00e4sche, Parkplatz f\u00fcr ein Auto pro Wohnung. [&hellip;]<\/p>\n","protected":false},"author":3,"featured_media":3420,"parent":2723,"menu_order":0,"comment_status":"closed","ping_status":"closed","template":"","meta":{"footnotes":""},"class_list":["post-4752","page","type-page","status-publish","has-post-thumbnail","hentry","odd"],"yoast_head":"<!-- This site is optimized with the Yoast SEO plugin v27.3 - https:\/\/yoast.com\/product\/yoast-seo-wordpress\/ -->\n<title>Appartaments Sommer Preise 2020 in Bormio<\/title>\n<meta name=\"description\" content=\"Appartaments Sommer Preise 2020 in Bormio mit Pirovano\" \/>\n<meta name=\"robots\" content=\"index, follow, max-snippet:-1, max-image-preview:large, max-video-preview:-1\" \/>\n<link rel=\"canonical\" href=\"https:\/\/pirovano.it\/de\/angebote-und-preise\/appartaments-preise-bormio\/sommer\/\" \/>\n<meta property=\"og:locale\" content=\"de_DE\" \/>\n<meta property=\"og:type\" content=\"article\" \/>\n<meta property=\"og:title\" content=\"Appartaments Sommer Preise 2020 in Bormio\" \/>\n<meta property=\"og:description\" content=\"Appartaments Sommer Preise 2020 in Bormio mit Pirovano\" \/>\n<meta property=\"og:url\" content=\"https:\/\/pirovano.it\/de\/angebote-und-preise\/appartaments-preise-bormio\/sommer\/\" \/>\n<meta property=\"og:site_name\" content=\"Pirovano\" \/>\n<meta property=\"article:modified_time\" content=\"2026-01-19T14:58:56+00:00\" \/>\n<meta property=\"og:image\" content=\"https:\/\/pirovano.it\/wp-content\/uploads\/2018\/03\/bormio-pano.jpg\" \/>\n\t<meta property=\"og:image:width\" content=\"1920\" \/>\n\t<meta property=\"og:image:height\" content=\"1097\" \/>\n\t<meta property=\"og:image:type\" content=\"image\/jpeg\" \/>\n<meta name=\"twitter:card\" content=\"summary_large_image\" \/>\n<meta name=\"twitter:label1\" content=\"Est. reading time\" \/>\n\t<meta name=\"twitter:data1\" content=\"2 minutes\" \/>\n<script type=\"application\/ld+json\" class=\"yoast-schema-graph\">{\"@context\":\"https:\\\/\\\/schema.org\",\"@graph\":[{\"@type\":\"WebPage\",\"@id\":\"https:\\\/\\\/pirovano.it\\\/de\\\/angebote-und-preise\\\/appartaments-preise-bormio\\\/sommer\\\/\",\"url\":\"https:\\\/\\\/pirovano.it\\\/de\\\/angebote-und-preise\\\/appartaments-preise-bormio\\\/sommer\\\/\",\"name\":\"Appartaments Sommer Preise 2020 in Bormio\",\"isPartOf\":{\"@id\":\"https:\\\/\\\/pirovano.it\\\/it\\\/#website\"},\"primaryImageOfPage\":{\"@id\":\"https:\\\/\\\/pirovano.it\\\/de\\\/angebote-und-preise\\\/appartaments-preise-bormio\\\/sommer\\\/#primaryimage\"},\"image\":{\"@id\":\"https:\\\/\\\/pirovano.it\\\/de\\\/angebote-und-preise\\\/appartaments-preise-bormio\\\/sommer\\\/#primaryimage\"},\"thumbnailUrl\":\"https:\\\/\\\/pirovano.it\\\/wp-content\\\/uploads\\\/2018\\\/03\\\/bormio-pano.jpg\",\"datePublished\":\"2019-01-03T16:50:38+00:00\",\"dateModified\":\"2026-01-19T14:58:56+00:00\",\"description\":\"Appartaments Sommer Preise 2020 in Bormio mit Pirovano\",\"breadcrumb\":{\"@id\":\"https:\\\/\\\/pirovano.it\\\/de\\\/angebote-und-preise\\\/appartaments-preise-bormio\\\/sommer\\\/#breadcrumb\"},\"inLanguage\":\"de-DE\",\"potentialAction\":[{\"@type\":\"ReadAction\",\"target\":[\"https:\\\/\\\/pirovano.it\\\/de\\\/angebote-und-preise\\\/appartaments-preise-bormio\\\/sommer\\\/\"]}]},{\"@type\":\"ImageObject\",\"inLanguage\":\"de-DE\",\"@id\":\"https:\\\/\\\/pirovano.it\\\/de\\\/angebote-und-preise\\\/appartaments-preise-bormio\\\/sommer\\\/#primaryimage\",\"url\":\"https:\\\/\\\/pirovano.it\\\/wp-content\\\/uploads\\\/2018\\\/03\\\/bormio-pano.jpg\",\"contentUrl\":\"https:\\\/\\\/pirovano.it\\\/wp-content\\\/uploads\\\/2018\\\/03\\\/bormio-pano.jpg\",\"width\":1920,\"height\":1097},{\"@type\":\"BreadcrumbList\",\"@id\":\"https:\\\/\\\/pirovano.it\\\/de\\\/angebote-und-preise\\\/appartaments-preise-bormio\\\/sommer\\\/#breadcrumb\",\"itemListElement\":[{\"@type\":\"ListItem\",\"position\":1,\"name\":\"Home\",\"item\":\"https:\\\/\\\/pirovano.it\\\/de\\\/\"},{\"@type\":\"ListItem\",\"position\":2,\"name\":\"Angebote und Preise Stilfserjoch und Bormio\",\"item\":\"https:\\\/\\\/pirovano.it\\\/de\\\/angebote-und-preise\\\/\"},{\"@type\":\"ListItem\",\"position\":3,\"name\":\"Appartaments Preise Bormio\",\"item\":\"https:\\\/\\\/pirovano.it\\\/de\\\/angebote-und-preise\\\/appartaments-preise-bormio\\\/\"},{\"@type\":\"ListItem\",\"position\":4,\"name\":\"Sommer Preise 2026\"}]},{\"@type\":\"WebSite\",\"@id\":\"https:\\\/\\\/pirovano.it\\\/it\\\/#website\",\"url\":\"https:\\\/\\\/pirovano.it\\\/it\\\/\",\"name\":\"Pirovano\",\"description\":\"Universit\u00e0 dello Sci, dello Snowboard e della Montagna\",\"potentialAction\":[{\"@type\":\"SearchAction\",\"target\":{\"@type\":\"EntryPoint\",\"urlTemplate\":\"https:\\\/\\\/pirovano.it\\\/it\\\/?s={search_term_string}\"},\"query-input\":{\"@type\":\"PropertyValueSpecification\",\"valueRequired\":true,\"valueName\":\"search_term_string\"}}],\"inLanguage\":\"de-DE\"}]}<\/script>\n<!-- \/ Yoast SEO plugin. -->","yoast_head_json":{"title":"Appartaments Sommer Preise 2020 in Bormio","description":"Appartaments Sommer Preise 2020 in Bormio mit Pirovano","robots":{"index":"index","follow":"follow","max-snippet":"max-snippet:-1","max-image-preview":"max-image-preview:large","max-video-preview":"max-video-preview:-1"},"canonical":"https:\/\/pirovano.it\/de\/angebote-und-preise\/appartaments-preise-bormio\/sommer\/","og_locale":"de_DE","og_type":"article","og_title":"Appartaments Sommer Preise 2020 in Bormio","og_description":"Appartaments Sommer Preise 2020 in Bormio mit Pirovano","og_url":"https:\/\/pirovano.it\/de\/angebote-und-preise\/appartaments-preise-bormio\/sommer\/","og_site_name":"Pirovano","article_modified_time":"2026-01-19T14:58:56+00:00","og_image":[{"width":1920,"height":1097,"url":"https:\/\/pirovano.it\/wp-content\/uploads\/2018\/03\/bormio-pano.jpg","type":"image\/jpeg"}],"twitter_card":"summary_large_image","twitter_misc":{"Est. reading time":"2 minutes"},"schema":{"@context":"https:\/\/schema.org","@graph":[{"@type":"WebPage","@id":"https:\/\/pirovano.it\/de\/angebote-und-preise\/appartaments-preise-bormio\/sommer\/","url":"https:\/\/pirovano.it\/de\/angebote-und-preise\/appartaments-preise-bormio\/sommer\/","name":"Appartaments Sommer Preise 2020 in Bormio","isPartOf":{"@id":"https:\/\/pirovano.it\/it\/#website"},"primaryImageOfPage":{"@id":"https:\/\/pirovano.it\/de\/angebote-und-preise\/appartaments-preise-bormio\/sommer\/#primaryimage"},"image":{"@id":"https:\/\/pirovano.it\/de\/angebote-und-preise\/appartaments-preise-bormio\/sommer\/#primaryimage"},"thumbnailUrl":"https:\/\/pirovano.it\/wp-content\/uploads\/2018\/03\/bormio-pano.jpg","datePublished":"2019-01-03T16:50:38+00:00","dateModified":"2026-01-19T14:58:56+00:00","description":"Appartaments Sommer Preise 2020 in Bormio mit Pirovano","breadcrumb":{"@id":"https:\/\/pirovano.it\/de\/angebote-und-preise\/appartaments-preise-bormio\/sommer\/#breadcrumb"},"inLanguage":"de-DE","potentialAction":[{"@type":"ReadAction","target":["https:\/\/pirovano.it\/de\/angebote-und-preise\/appartaments-preise-bormio\/sommer\/"]}]},{"@type":"ImageObject","inLanguage":"de-DE","@id":"https:\/\/pirovano.it\/de\/angebote-und-preise\/appartaments-preise-bormio\/sommer\/#primaryimage","url":"https:\/\/pirovano.it\/wp-content\/uploads\/2018\/03\/bormio-pano.jpg","contentUrl":"https:\/\/pirovano.it\/wp-content\/uploads\/2018\/03\/bormio-pano.jpg","width":1920,"height":1097},{"@type":"BreadcrumbList","@id":"https:\/\/pirovano.it\/de\/angebote-und-preise\/appartaments-preise-bormio\/sommer\/#breadcrumb","itemListElement":[{"@type":"ListItem","position":1,"name":"Home","item":"https:\/\/pirovano.it\/de\/"},{"@type":"ListItem","position":2,"name":"Angebote und Preise Stilfserjoch und Bormio","item":"https:\/\/pirovano.it\/de\/angebote-und-preise\/"},{"@type":"ListItem","position":3,"name":"Appartaments Preise Bormio","item":"https:\/\/pirovano.it\/de\/angebote-und-preise\/appartaments-preise-bormio\/"},{"@type":"ListItem","position":4,"name":"Sommer Preise 2026"}]},{"@type":"WebSite","@id":"https:\/\/pirovano.it\/it\/#website","url":"https:\/\/pirovano.it\/it\/","name":"Pirovano","description":"Universit\u00e0 dello Sci, dello Snowboard e della Montagna","potentialAction":[{"@type":"SearchAction","target":{"@type":"EntryPoint","urlTemplate":"https:\/\/pirovano.it\/it\/?s={search_term_string}"},"query-input":{"@type":"PropertyValueSpecification","valueRequired":true,"valueName":"search_term_string"}}],"inLanguage":"de-DE"}]}},"_links":{"self":[{"href":"https:\/\/pirovano.it\/de\/wp-json\/wp\/v2\/pages\/4752","targetHints":{"allow":["GET"]}}],"collection":[{"href":"https:\/\/pirovano.it\/de\/wp-json\/wp\/v2\/pages"}],"about":[{"href":"https:\/\/pirovano.it\/de\/wp-json\/wp\/v2\/types\/page"}],"author":[{"embeddable":true,"href":"https:\/\/pirovano.it\/de\/wp-json\/wp\/v2\/users\/3"}],"replies":[{"embeddable":true,"href":"https:\/\/pirovano.it\/de\/wp-json\/wp\/v2\/comments?post=4752"}],"version-history":[{"count":45,"href":"https:\/\/pirovano.it\/de\/wp-json\/wp\/v2\/pages\/4752\/revisions"}],"predecessor-version":[{"id":14194,"href":"https:\/\/pirovano.it\/de\/wp-json\/wp\/v2\/pages\/4752\/revisions\/14194"}],"up":[{"embeddable":true,"href":"https:\/\/pirovano.it\/de\/wp-json\/wp\/v2\/pages\/2723"}],"wp:featuredmedia":[{"embeddable":true,"href":"https:\/\/pirovano.it\/de\/wp-json\/wp\/v2\/media\/3420"}],"wp:attachment":[{"href":"https:\/\/pirovano.it\/de\/wp-json\/wp\/v2\/media?parent=4752"}],"curies":[{"name":"wp","href":"https:\/\/api.w.org\/{rel}","templated":true}]}}