{"id":7410,"date":"2021-02-08T10:15:33","date_gmt":"2021-02-08T09:15:33","guid":{"rendered":"https:\/\/pirovano.it\/?page_id=7410"},"modified":"2021-02-08T10:34:00","modified_gmt":"2021-02-08T09:34:00","slug":"covid-19-hotel-sicher","status":"publish","type":"page","link":"https:\/\/pirovano.it\/de\/covid-19-hotel-sicher\/","title":{"rendered":"Covid-19: Hotel Sicher"},"content":{"rendered":"<h3>Alles ist bereit f\u00fcr einen sicheren Sommer 2021!<\/h3>\n<h3>Reservierungen und Anzahlungen<\/h3>\n<ul>\n<li>Bei jeder Buchung ist eine Anzahlung von 30% des Gesamtbetrages nur f\u00fcr das Hotelarrangement (ohne Schulleistungen und Skipass) zu leisten.<\/li>\n<li>Es ist m\u00f6glich, die Buchung bis zu 48 Stunden vor dem Anreisetag zu stornieren. Die R\u00fcckerstattung erfolgt in voller H\u00f6he und die Anzahlung wird per Bank\u00fcberweisung zur\u00fcckerstattet.<\/li>\n<li>Es ist m\u00f6glich, die Ankunfts- und Abreisedaten zu \u00e4ndern, je nach Verf\u00fcgbarkeit in unserer Anlage. Im Falle einer \u00c4nderung des gebuchten Zeitraums, unabh\u00e4ngig von der K\u00fcndigungsfrist, wird die Anzahlung f\u00fcr den neuen Aufenthalt in voller H\u00f6he zur\u00fcckerstattet, vorausgesetzt, er findet in der gleichen Saison statt, hat eine nicht geringere Dauer als der stornierte und hat die gleiche Teilnehmerzahl.<\/li>\n<\/ul>\n<h3>Reinigung und Desinfektion der Anlage und der R\u00e4ume<\/h3>\n<ul>\n<li>Wir verwenden spezielle zertifizierte Produkte f\u00fcr alle Oberfl\u00e4chen. Alle Gemeinschaftsr\u00e4ume und Aufz\u00fcge werden mehrmals t\u00e4glich gereinigt und desinfiziert.<\/li>\n<li>F\u00fcr die Betten werden Einweg-Matratzenschoner und Kopfkissen verwendet, die bei jedem Check-out ausgetauscht werden. Die W\u00e4sche wird von einer zertifizierten Firma geliefert, die alle erforderlichen Sicherheitsstandards garantiert.<\/li>\n<li>Die B\u00e4der werden bei jedem Check-out mit einem Ger\u00e4t desinfiziert, das ein hochwirksames Desinfektionsmittel verspr\u00fcht.<\/li>\n<\/ul>\n<h3>Restaurant und Fr\u00fchst\u00fcck<\/h3>\n<ul>\n<li>Die G\u00e4ste k\u00f6nnen den Restaurantraum betreten, nachdem sie die Temperatur gemessen haben.<\/li>\n<li>Die Tische sind mit dem vorgeschriebenen Sicherheitsabstand zwischen den G\u00e4sten aufgestellt. An einem Tisch d\u00fcrfen nur G\u00e4ste sitzen, die zum gleichen Haushalt geh\u00f6ren oder das gleiche Zimmer teilen.<\/li>\n<li>Es gibt kein Buffet, die Bedienung erfolgt am Tisch. Zum Fr\u00fchst\u00fcck werden die von den G\u00e4sten ausgew\u00e4hlten Speisen und Getr\u00e4nke, gesch\u00fctzt durch physische Glasbarrieren, vom Personal auf einem Tablett zubereitet und serviert.<\/li>\n<li>\u00d6l- und Salzstreuer werden nach jedem Gebrauch desinfiziert.<\/li>\n<li>Durch das Lesen eines QR-Codes k\u00f6nnen die G\u00e4ste die Speise- und Getr\u00e4nkekarte des Restaurants mit ihrem eigenen Ger\u00e4t abrufen.<\/li>\n<\/ul>\n<h3>Personal<\/h3>\n<ul>\n<li>Das Personal darf seinen Dienst erst nach \u00dcberpr\u00fcfung der K\u00f6rpertemperatur antreten.<\/li>\n<li>Alle Mitarbeiter sind zu ihrer eigenen Sicherheit und zur Sicherheit unserer G\u00e4ste mit pers\u00f6nlicher Schutzausr\u00fcstung ausgestattet.<\/li>\n<li>Alle Mitarbeiter wurden in Hygiene und Protokollen geschult, damit sie f\u00fcr sich und die G\u00e4ste sicher arbeiten k\u00f6nnen.<\/li>\n<\/ul>\n<h3>G\u00e4ste<\/h3>\n<p>F\u00fcr einen sicheren Urlaub brauchen wir auch Ihre Hilfe:<\/p>\n<ul>\n<li>Um die Anmeldeformalit\u00e4ten zu vereinfachen und die Aufenthalte an der Rezeption zu reduzieren, kann der Check-in online erfolgen. Bei der Reservierung erhalten Sie eine E-Mail mit einem Link zur Eingabe Ihrer Daten, oder Sie k\u00f6nnen uns Ihre Dokumente per E-Mail zukommen lassen.<\/li>\n<li>Im Hotel bitten wir Sie, Abstand von anderen Personen zu halten und den Aufzug nicht mit Personen zu benutzen, die nicht zu Ihrem Haushalt geh\u00f6ren. Wir bitten Sie auch, die Schilder und Hinweise zum richtigen Vermeidungsverhalten zu beachten, die an verschiedenen Stellen im Hotel angebracht sind.<\/li>\n<li>In allen Gemeinschaftsbereichen des Hotels finden Sie Stationen mit Spendern von hydroalkoholischen Handhygienel\u00f6sungen, die wir Sie bitten, auch vor der Benutzung der externen Knopfleiste des Aufzugs zu benutzen.<\/li>\n<li>Wir bitten Sie, beim Betreten der \u00f6ffentlichen Bereiche des Hotels eine Maske zu tragen.<\/li>\n<li>Bitte beachten Sie, dass eine Maske getragen werden muss, wenn Sie sich nicht im Restaurant aufhalten.<\/li>\n<li>Beim Auftreten von Symptomen, auch von leichten, m\u00fcssen Sie die Rezeption telefonisch benachrichtigen, die alle notwendigen Ma\u00dfnahmen ergreift, und in Ihrem Zimmer bleiben.<\/li>\n<\/ul>\n","protected":false},"excerpt":{"rendered":"<p>Alles ist bereit f\u00fcr einen sicheren Sommer 2021! Reservierungen und Anzahlungen Bei jeder Buchung ist eine Anzahlung von 30% des Gesamtbetrages nur f\u00fcr das Hotelarrangement (ohne Schulleistungen und Skipass) zu leisten. Es ist m\u00f6glich, die Buchung bis zu 48 Stunden vor dem Anreisetag zu stornieren. Die R\u00fcckerstattung erfolgt in voller H\u00f6he und die Anzahlung wird [&hellip;]<\/p>\n","protected":false},"author":3,"featured_media":0,"parent":0,"menu_order":0,"comment_status":"closed","ping_status":"closed","template":"page-templates\/no-picture.php","meta":{"footnotes":""},"class_list":["post-7410","page","type-page","status-publish","hentry","odd"],"yoast_head":"<!-- This site is optimized with the Yoast SEO plugin v27.3 - https:\/\/yoast.com\/product\/yoast-seo-wordpress\/ -->\n<title>Covid-19: Hotel Sicher - Pirovano<\/title>\n<meta name=\"robots\" content=\"index, follow, max-snippet:-1, max-image-preview:large, max-video-preview:-1\" \/>\n<link rel=\"canonical\" href=\"https:\/\/pirovano.it\/de\/covid-19-hotel-sicher\/\" \/>\n<meta property=\"og:locale\" content=\"de_DE\" \/>\n<meta property=\"og:type\" content=\"article\" \/>\n<meta property=\"og:title\" content=\"Covid-19: Hotel Sicher - Pirovano\" \/>\n<meta property=\"og:description\" content=\"Alles ist bereit f\u00fcr einen sicheren Sommer 2021! Reservierungen und Anzahlungen Bei jeder Buchung ist eine Anzahlung von 30% des Gesamtbetrages nur f\u00fcr das Hotelarrangement (ohne Schulleistungen und Skipass) zu leisten. Es ist m\u00f6glich, die Buchung bis zu 48 Stunden vor dem Anreisetag zu stornieren. Die R\u00fcckerstattung erfolgt in voller H\u00f6he und die Anzahlung wird [&hellip;]\" \/>\n<meta property=\"og:url\" content=\"https:\/\/pirovano.it\/de\/covid-19-hotel-sicher\/\" \/>\n<meta property=\"og:site_name\" content=\"Pirovano\" \/>\n<meta property=\"article:modified_time\" content=\"2021-02-08T09:34:00+00:00\" \/>\n<meta name=\"twitter:card\" content=\"summary_large_image\" \/>\n<meta name=\"twitter:label1\" content=\"Est. reading time\" \/>\n\t<meta name=\"twitter:data1\" content=\"3 minutes\" \/>\n<script type=\"application\/ld+json\" class=\"yoast-schema-graph\">{\"@context\":\"https:\\\/\\\/schema.org\",\"@graph\":[{\"@type\":\"WebPage\",\"@id\":\"https:\\\/\\\/pirovano.it\\\/de\\\/covid-19-hotel-sicher\\\/\",\"url\":\"https:\\\/\\\/pirovano.it\\\/de\\\/covid-19-hotel-sicher\\\/\",\"name\":\"Covid-19: Hotel Sicher - Pirovano\",\"isPartOf\":{\"@id\":\"https:\\\/\\\/pirovano.it\\\/it\\\/#website\"},\"datePublished\":\"2021-02-08T09:15:33+00:00\",\"dateModified\":\"2021-02-08T09:34:00+00:00\",\"breadcrumb\":{\"@id\":\"https:\\\/\\\/pirovano.it\\\/de\\\/covid-19-hotel-sicher\\\/#breadcrumb\"},\"inLanguage\":\"de-DE\",\"potentialAction\":[{\"@type\":\"ReadAction\",\"target\":[\"https:\\\/\\\/pirovano.it\\\/de\\\/covid-19-hotel-sicher\\\/\"]}]},{\"@type\":\"BreadcrumbList\",\"@id\":\"https:\\\/\\\/pirovano.it\\\/de\\\/covid-19-hotel-sicher\\\/#breadcrumb\",\"itemListElement\":[{\"@type\":\"ListItem\",\"position\":1,\"name\":\"Home\",\"item\":\"https:\\\/\\\/pirovano.it\\\/de\\\/\"},{\"@type\":\"ListItem\",\"position\":2,\"name\":\"Covid-19: Hotel Sicher\"}]},{\"@type\":\"WebSite\",\"@id\":\"https:\\\/\\\/pirovano.it\\\/it\\\/#website\",\"url\":\"https:\\\/\\\/pirovano.it\\\/it\\\/\",\"name\":\"Pirovano\",\"description\":\"Universit\u00e0 dello Sci, dello Snowboard e della Montagna\",\"potentialAction\":[{\"@type\":\"SearchAction\",\"target\":{\"@type\":\"EntryPoint\",\"urlTemplate\":\"https:\\\/\\\/pirovano.it\\\/it\\\/?s={search_term_string}\"},\"query-input\":{\"@type\":\"PropertyValueSpecification\",\"valueRequired\":true,\"valueName\":\"search_term_string\"}}],\"inLanguage\":\"de-DE\"}]}<\/script>\n<!-- \/ Yoast SEO plugin. -->","yoast_head_json":{"title":"Covid-19: Hotel Sicher - Pirovano","robots":{"index":"index","follow":"follow","max-snippet":"max-snippet:-1","max-image-preview":"max-image-preview:large","max-video-preview":"max-video-preview:-1"},"canonical":"https:\/\/pirovano.it\/de\/covid-19-hotel-sicher\/","og_locale":"de_DE","og_type":"article","og_title":"Covid-19: Hotel Sicher - Pirovano","og_description":"Alles ist bereit f\u00fcr einen sicheren Sommer 2021! Reservierungen und Anzahlungen Bei jeder Buchung ist eine Anzahlung von 30% des Gesamtbetrages nur f\u00fcr das Hotelarrangement (ohne Schulleistungen und Skipass) zu leisten. Es ist m\u00f6glich, die Buchung bis zu 48 Stunden vor dem Anreisetag zu stornieren. Die R\u00fcckerstattung erfolgt in voller H\u00f6he und die Anzahlung wird [&hellip;]","og_url":"https:\/\/pirovano.it\/de\/covid-19-hotel-sicher\/","og_site_name":"Pirovano","article_modified_time":"2021-02-08T09:34:00+00:00","twitter_card":"summary_large_image","twitter_misc":{"Est. reading time":"3 minutes"},"schema":{"@context":"https:\/\/schema.org","@graph":[{"@type":"WebPage","@id":"https:\/\/pirovano.it\/de\/covid-19-hotel-sicher\/","url":"https:\/\/pirovano.it\/de\/covid-19-hotel-sicher\/","name":"Covid-19: Hotel Sicher - Pirovano","isPartOf":{"@id":"https:\/\/pirovano.it\/it\/#website"},"datePublished":"2021-02-08T09:15:33+00:00","dateModified":"2021-02-08T09:34:00+00:00","breadcrumb":{"@id":"https:\/\/pirovano.it\/de\/covid-19-hotel-sicher\/#breadcrumb"},"inLanguage":"de-DE","potentialAction":[{"@type":"ReadAction","target":["https:\/\/pirovano.it\/de\/covid-19-hotel-sicher\/"]}]},{"@type":"BreadcrumbList","@id":"https:\/\/pirovano.it\/de\/covid-19-hotel-sicher\/#breadcrumb","itemListElement":[{"@type":"ListItem","position":1,"name":"Home","item":"https:\/\/pirovano.it\/de\/"},{"@type":"ListItem","position":2,"name":"Covid-19: Hotel Sicher"}]},{"@type":"WebSite","@id":"https:\/\/pirovano.it\/it\/#website","url":"https:\/\/pirovano.it\/it\/","name":"Pirovano","description":"Universit\u00e0 dello Sci, dello Snowboard e della Montagna","potentialAction":[{"@type":"SearchAction","target":{"@type":"EntryPoint","urlTemplate":"https:\/\/pirovano.it\/it\/?s={search_term_string}"},"query-input":{"@type":"PropertyValueSpecification","valueRequired":true,"valueName":"search_term_string"}}],"inLanguage":"de-DE"}]}},"_links":{"self":[{"href":"https:\/\/pirovano.it\/de\/wp-json\/wp\/v2\/pages\/7410","targetHints":{"allow":["GET"]}}],"collection":[{"href":"https:\/\/pirovano.it\/de\/wp-json\/wp\/v2\/pages"}],"about":[{"href":"https:\/\/pirovano.it\/de\/wp-json\/wp\/v2\/types\/page"}],"author":[{"embeddable":true,"href":"https:\/\/pirovano.it\/de\/wp-json\/wp\/v2\/users\/3"}],"replies":[{"embeddable":true,"href":"https:\/\/pirovano.it\/de\/wp-json\/wp\/v2\/comments?post=7410"}],"version-history":[{"count":2,"href":"https:\/\/pirovano.it\/de\/wp-json\/wp\/v2\/pages\/7410\/revisions"}],"predecessor-version":[{"id":7412,"href":"https:\/\/pirovano.it\/de\/wp-json\/wp\/v2\/pages\/7410\/revisions\/7412"}],"wp:attachment":[{"href":"https:\/\/pirovano.it\/de\/wp-json\/wp\/v2\/media?parent=7410"}],"curies":[{"name":"wp","href":"https:\/\/api.w.org\/{rel}","templated":true}]}}