{"id":7529,"date":"2021-03-18T09:34:07","date_gmt":"2021-03-18T08:34:07","guid":{"rendered":"https:\/\/pirovano.it\/?page_id=7529"},"modified":"2024-11-27T11:40:37","modified_gmt":"2024-11-27T10:40:37","slug":"ferienwohnungen-pirovano-valdidentro","status":"publish","type":"page","link":"https:\/\/pirovano.it\/de\/hotel-appartements\/appartements-bormio\/ferienwohnungen-pirovano-valdidentro\/","title":{"rendered":"Ferienwohnungen Pirovano &#8211; Valdidentro (CIR: 014071-CIM-00053\/54) (CIN: IT014071B4TM9U9M94)"},"content":{"rendered":"<p>Verf\u00fcgbar ab Ende Mai 2021, Appartements befinden sich in Isolaccia, einem bekannter Ferienort im Valdidentro, 9 km von der Stadt Bormio und 25 km von Livigno entfernt.<\/p>\n<p>Die k\u00fcrzlich renovierten Wohneinheiten liegen gegen\u00fcber den Skiliften des Skigebiets und befinden sich in der N\u00e4he der wichtigsten Dienstleistungen und kommerziellen Aktivit\u00e4ten des Ortes. Der internationale Verein &#8220;Alpenperlen&#8221; (&#8220;Perlen der Alpen&#8221;) &#8211; ein Synonym f\u00fcr Klima- und Umweltschutz sowie eine Realit\u00e4t, die sich f\u00fcr die Erhaltung der kulturellen Vielfalt der Alpen einsetzt &#8211; zahlt Valdidentro die wichtige Anerkennung eines der sch\u00f6nsten T\u00e4ler der Alpen.<\/p>\n<h3>Ferienwohnungen Pirovano &#8211; Valdidentro<\/h3>\n<p><strong>Nazionale -Stra\u00dfe, 29 &#8211; Valdidentro (SO) <a href=\"https:\/\/www.google.it\/maps\/place\/Via+Nazionale,+29,+23038+Isolaccia+SO\/@46.487914,10.2973741,17z\/data=!3m1!4b1!4m5!3m4!1s0x47830dd809531aed:0x9e0e4acaf84530a!8m2!3d46.48791!4d10.299562?hl=it\"><i class=\"fas fa-map-marker-alt\"><\/i> Karte<\/a><\/strong><\/p>\n<ul>\n<li><strong>Drei Schlafzimmern &#8220;Adda&#8221; <\/strong>\u00bb Maximale Belugung 5 Personen<\/li>\n<li><strong>Drei Schlafzimmern &#8220;Viola&#8221; <\/strong>\u00bb Maximale Belegung\u00a0 7 Personen.<\/li>\n<\/ul>\n<p><strong>Die Einrichtungen beinhalten:<\/strong> komplett ausgestattete Kochecke mit Geschirr, Elektrohaushaltsger\u00e4ten (Waschmaschine, K\u00fchlschrank, Induktionskochplatten, Ofen, Sp\u00fclmaschine, Wasserkocher), Haartrockner, WLAN-Verbindung und Flachbildschirm.<\/p>\n<p>Die Appartements, die nur f\u00fcr Nichtraucher sind, werden mit H\u00f6flichkeiten Set und W\u00e4schen pro Person \u00fcbergeben.<\/p>\n<h3>Beschreibungen der Appartements<\/h3>\n<ul>\n<li><strong>Ferienwohnung &#8220;Adda&#8221; \u00bb 100m\u00b2<\/strong><br \/>\nDer Schlafbereich besteht aus 3 Schlafzimmern, einem Doppelzimmer, einem Schlafzimmer mit zwei Einzelbetten und einem Einzelzimmer, die alle mit einem gro\u00dfen Kleiderschrank ausgestattet sind. Der Wohnbereich verf\u00fcgt \u00fcber eine Sitzecke, einen Esstisch, Wohnzimmerm\u00f6bel mit TV und einen gro\u00dfen Balkon. K\u00fcche mit Balkon und ein Badezimmer vervollst\u00e4ndigen die Ausstattung.<\/li>\n<\/ul>\n<ul>\n<li><strong>Ferienwohnung &#8220;Viola&#8221; \u00bb 100m\u00b2\u00a0<\/strong><br \/>\nDer Schlafbereich besteht aus 3 Schlafzimmern, einem Doppelzimmer, einem Schlafzimmer mit zwei Einzelbetten und einem Einzelzimmer, die alle mit einem gro\u00dfen Kleiderschrank ausgestattet sind. Der Wohnbereich verf\u00fcgt mit einer Doppelschlafsofa ausgestattet, Wohnzimmerm\u00f6bel mit TV und einen gro\u00dfen Balkon. K\u00fcche mit Balkon und zwei Badzimmer vervollst\u00e4ndigen die Ausstattung.<\/li>\n<\/ul>\n<p><img loading=\"lazy\" decoding=\"async\" class=\"alignnone wp-image-7636\" src=\"https:\/\/pirovano.it\/wp-content\/uploads\/2021\/03\/ADDA.jpg\" alt=\"\" width=\"300\" height=\"420\" \/>\u2800<img loading=\"lazy\" decoding=\"async\" class=\"alignnone wp-image-7639\" src=\"https:\/\/pirovano.it\/wp-content\/uploads\/2021\/03\/VIOLA.jpg\" alt=\"\" width=\"300\" height=\"420\" \/><\/p>\n<h6>Weitere Informationen<\/h6>\n<ul>\n<li><em><strong>Am Anreisetag<\/strong> stehen die Apartments ab 14.00 Uhr zur Verf\u00fcgung und der Abreisetag muss um 9.30 Uhr ger\u00e4umt sein<\/em><\/li>\n<li><em><strong>Ank\u00fcnfte nach 16.30<\/strong> Uhr m\u00fcssen im Voraus unter der Nummer (+39) 338 3749438 mitgeteilt werden<\/em><\/li>\n<li><em><strong>Tagespreise Betr\u00e4ge zur Vermietung enthalten:<\/strong>\u00a0Strom-, Wasser- und Heizungsverbrauch, Endreinigung, W\u00e4sche, Parkplatz f\u00fcr ein Auto pro Wohnung.<\/em><\/li>\n<li><em><strong>Nicht inbegriffen:<\/strong> Kurtaxe, in H\u00f6he \u20ac 1,20 t\u00e4glich pro Person, vor Ort zu bezahlen, maximal 7 Tage anwendbar, ab 18 Jahre alt<\/em><\/li>\n<li><em><strong>Tiere:<\/strong> werden nur wenn von kleiner Gr\u00f6\u00dfe akzeptiert und wenn sie bei der Buchung angek\u00fcndigt werden. Die Kosten von 7,00 \u20ac pro Tag werdenf\u00fcr maximal 7 Tage berechnet<\/em><\/li>\n<li><a href=\"https:\/\/www.google.com\/maps\/place\/Via+Nazionale,+29,+23038+Isolaccia+SO\/@46.4879103,10.2973741,17z\/data=!3m1!4b1!4m5!3m4!1s0x47830dd809531aed:0x9e0e4acaf84530a!8m2!3d46.4879103!4d10.2995628\" target=\"_blank\" rel=\"noopener noreferrer\"><i class=\"fas fa-map-marker-alt\"><\/i> <em>Karte<\/em><\/a><\/li>\n<\/ul>\n<hr \/>\n<ul>\n<li>\n<h4><strong><a href=\"https:\/\/pirovano.it\/de\/angebote-und-preise\/appartaments-preise-bormio\/winter\/\">Winter Preise 2024\/2025<\/a><\/strong><\/h4>\n<\/li>\n<\/ul>\n<hr \/>\n<h4><strong>Traveller awards<\/strong><\/h4>\n<p><img loading=\"lazy\" decoding=\"async\" class=\"wp-image-6541 alignleft\" src=\"https:\/\/pirovano.it\/wp-content\/uploads\/2020\/05\/Appartamenti-Pirovano-300x300.png\" alt=\"\" width=\"165\" height=\"165\" srcset=\"https:\/\/pirovano.it\/wp-content\/uploads\/2020\/05\/Appartamenti-Pirovano-300x300.png 300w, https:\/\/pirovano.it\/wp-content\/uploads\/2020\/05\/Appartamenti-Pirovano-150x150.png 150w, https:\/\/pirovano.it\/wp-content\/uploads\/2020\/05\/Appartamenti-Pirovano-500x500.png 500w, https:\/\/pirovano.it\/wp-content\/uploads\/2020\/05\/Appartamenti-Pirovano-96x96.png 96w, https:\/\/pirovano.it\/wp-content\/uploads\/2020\/05\/Appartamenti-Pirovano.png 600w\" sizes=\"auto, (max-width: 165px) 100vw, 165px\" \/> <img loading=\"lazy\" decoding=\"async\" class=\"alignnone wp-image-6584\" src=\"https:\/\/pirovano.it\/wp-content\/uploads\/2020\/06\/Appartamenti-Pirovano-232x300.jpg\" alt=\"\" width=\"133\" height=\"172\" srcset=\"https:\/\/pirovano.it\/wp-content\/uploads\/2020\/06\/Appartamenti-Pirovano-232x300.jpg 232w, https:\/\/pirovano.it\/wp-content\/uploads\/2020\/06\/Appartamenti-Pirovano-791x1024.jpg 791w, https:\/\/pirovano.it\/wp-content\/uploads\/2020\/06\/Appartamenti-Pirovano-768x994.jpg 768w, https:\/\/pirovano.it\/wp-content\/uploads\/2020\/06\/Appartamenti-Pirovano-1187x1536.jpg 1187w, https:\/\/pirovano.it\/wp-content\/uploads\/2020\/06\/Appartamenti-Pirovano-1583x2048.jpg 1583w, https:\/\/pirovano.it\/wp-content\/uploads\/2020\/06\/Appartamenti-Pirovano-823x1065.jpg 823w, https:\/\/pirovano.it\/wp-content\/uploads\/2020\/06\/Appartamenti-Pirovano-scaled.jpg 1978w\" sizes=\"auto, (max-width: 133px) 100vw, 133px\" \/><\/p>\n<hr \/>\n<h4><strong><em>Unternehmerisch gef\u00fchrtes Ferienhaus. CIR: 014009-REC-00019<\/em><\/strong><\/h4>\n","protected":false},"excerpt":{"rendered":"<p>Verf\u00fcgbar ab Ende Mai 2021, Appartements befinden sich in Isolaccia, einem bekannter Ferienort im Valdidentro, 9 km von der Stadt Bormio und 25 km von Livigno entfernt. Die k\u00fcrzlich renovierten Wohneinheiten liegen gegen\u00fcber den Skiliften des Skigebiets und befinden sich in der N\u00e4he der wichtigsten Dienstleistungen und kommerziellen Aktivit\u00e4ten des Ortes. Der internationale Verein &#8220;Alpenperlen&#8221; [&hellip;]<\/p>\n","protected":false},"author":2,"featured_media":7548,"parent":2698,"menu_order":0,"comment_status":"closed","ping_status":"closed","template":"","meta":{"footnotes":""},"class_list":["post-7529","page","type-page","status-publish","has-post-thumbnail","hentry","odd"],"yoast_head":"<!-- This site is optimized with the Yoast SEO plugin v27.3 - https:\/\/yoast.com\/product\/yoast-seo-wordpress\/ -->\n<title>Ferienwohnungen Pirovano - Valdidentro<\/title>\n<meta name=\"description\" content=\"Ferienwohnungen Pirovano - Valdidentro. Winter und Sommer\" \/>\n<meta name=\"robots\" content=\"index, follow, max-snippet:-1, max-image-preview:large, max-video-preview:-1\" \/>\n<link rel=\"canonical\" href=\"https:\/\/pirovano.it\/de\/hotel-appartements\/appartements-bormio\/ferienwohnungen-pirovano-valdidentro\/\" \/>\n<meta property=\"og:locale\" content=\"de_DE\" \/>\n<meta property=\"og:type\" content=\"article\" \/>\n<meta property=\"og:title\" content=\"Ferienwohnungen Pirovano - Valdidentro\" \/>\n<meta property=\"og:description\" content=\"Ferienwohnungen Pirovano - Valdidentro. Winter und Sommer\" \/>\n<meta property=\"og:url\" content=\"https:\/\/pirovano.it\/de\/hotel-appartements\/appartements-bormio\/ferienwohnungen-pirovano-valdidentro\/\" \/>\n<meta property=\"og:site_name\" content=\"Pirovano\" \/>\n<meta property=\"article:modified_time\" content=\"2024-11-27T10:40:37+00:00\" \/>\n<meta property=\"og:image\" content=\"https:\/\/pirovano.it\/wp-content\/uploads\/2021\/03\/20200812_100637-1024x768.jpg\" \/>\n\t<meta property=\"og:image:width\" content=\"1024\" \/>\n\t<meta property=\"og:image:height\" content=\"768\" \/>\n\t<meta property=\"og:image:type\" content=\"image\/jpeg\" \/>\n<meta name=\"twitter:card\" content=\"summary_large_image\" \/>\n<meta name=\"twitter:label1\" content=\"Est. reading time\" \/>\n\t<meta name=\"twitter:data1\" content=\"3 minutes\" \/>\n<script type=\"application\/ld+json\" class=\"yoast-schema-graph\">{\"@context\":\"https:\\\/\\\/schema.org\",\"@graph\":[{\"@type\":\"WebPage\",\"@id\":\"https:\\\/\\\/pirovano.it\\\/de\\\/hotel-appartements\\\/appartements-bormio\\\/ferienwohnungen-pirovano-valdidentro\\\/\",\"url\":\"https:\\\/\\\/pirovano.it\\\/de\\\/hotel-appartements\\\/appartements-bormio\\\/ferienwohnungen-pirovano-valdidentro\\\/\",\"name\":\"Ferienwohnungen Pirovano - Valdidentro\",\"isPartOf\":{\"@id\":\"https:\\\/\\\/pirovano.it\\\/it\\\/#website\"},\"primaryImageOfPage\":{\"@id\":\"https:\\\/\\\/pirovano.it\\\/de\\\/hotel-appartements\\\/appartements-bormio\\\/ferienwohnungen-pirovano-valdidentro\\\/#primaryimage\"},\"image\":{\"@id\":\"https:\\\/\\\/pirovano.it\\\/de\\\/hotel-appartements\\\/appartements-bormio\\\/ferienwohnungen-pirovano-valdidentro\\\/#primaryimage\"},\"thumbnailUrl\":\"https:\\\/\\\/pirovano.it\\\/wp-content\\\/uploads\\\/2021\\\/03\\\/20200812_100637.jpg\",\"datePublished\":\"2021-03-18T08:34:07+00:00\",\"dateModified\":\"2024-11-27T10:40:37+00:00\",\"description\":\"Ferienwohnungen Pirovano - Valdidentro. Winter und Sommer\",\"breadcrumb\":{\"@id\":\"https:\\\/\\\/pirovano.it\\\/de\\\/hotel-appartements\\\/appartements-bormio\\\/ferienwohnungen-pirovano-valdidentro\\\/#breadcrumb\"},\"inLanguage\":\"de-DE\",\"potentialAction\":[{\"@type\":\"ReadAction\",\"target\":[\"https:\\\/\\\/pirovano.it\\\/de\\\/hotel-appartements\\\/appartements-bormio\\\/ferienwohnungen-pirovano-valdidentro\\\/\"]}]},{\"@type\":\"ImageObject\",\"inLanguage\":\"de-DE\",\"@id\":\"https:\\\/\\\/pirovano.it\\\/de\\\/hotel-appartements\\\/appartements-bormio\\\/ferienwohnungen-pirovano-valdidentro\\\/#primaryimage\",\"url\":\"https:\\\/\\\/pirovano.it\\\/wp-content\\\/uploads\\\/2021\\\/03\\\/20200812_100637.jpg\",\"contentUrl\":\"https:\\\/\\\/pirovano.it\\\/wp-content\\\/uploads\\\/2021\\\/03\\\/20200812_100637.jpg\",\"width\":2560,\"height\":1920},{\"@type\":\"BreadcrumbList\",\"@id\":\"https:\\\/\\\/pirovano.it\\\/de\\\/hotel-appartements\\\/appartements-bormio\\\/ferienwohnungen-pirovano-valdidentro\\\/#breadcrumb\",\"itemListElement\":[{\"@type\":\"ListItem\",\"position\":1,\"name\":\"Home\",\"item\":\"https:\\\/\\\/pirovano.it\\\/de\\\/\"},{\"@type\":\"ListItem\",\"position\":2,\"name\":\"Hotel und Appartements\",\"item\":\"https:\\\/\\\/pirovano.it\\\/de\\\/hotel-appartements\\\/\"},{\"@type\":\"ListItem\",\"position\":3,\"name\":\"Ferienhaus in Bormio und Valdidentro\",\"item\":\"https:\\\/\\\/pirovano.it\\\/de\\\/hotel-appartements\\\/appartements-bormio\\\/\"},{\"@type\":\"ListItem\",\"position\":4,\"name\":\"Ferienwohnungen Pirovano &#8211; Valdidentro (CIR: 014071-CIM-00053\\\/54) (CIN: IT014071B4TM9U9M94)\"}]},{\"@type\":\"WebSite\",\"@id\":\"https:\\\/\\\/pirovano.it\\\/it\\\/#website\",\"url\":\"https:\\\/\\\/pirovano.it\\\/it\\\/\",\"name\":\"Pirovano\",\"description\":\"Universit\u00e0 dello Sci, dello Snowboard e della Montagna\",\"potentialAction\":[{\"@type\":\"SearchAction\",\"target\":{\"@type\":\"EntryPoint\",\"urlTemplate\":\"https:\\\/\\\/pirovano.it\\\/it\\\/?s={search_term_string}\"},\"query-input\":{\"@type\":\"PropertyValueSpecification\",\"valueRequired\":true,\"valueName\":\"search_term_string\"}}],\"inLanguage\":\"de-DE\"}]}<\/script>\n<!-- \/ Yoast SEO plugin. -->","yoast_head_json":{"title":"Ferienwohnungen Pirovano - Valdidentro","description":"Ferienwohnungen Pirovano - Valdidentro. Winter und Sommer","robots":{"index":"index","follow":"follow","max-snippet":"max-snippet:-1","max-image-preview":"max-image-preview:large","max-video-preview":"max-video-preview:-1"},"canonical":"https:\/\/pirovano.it\/de\/hotel-appartements\/appartements-bormio\/ferienwohnungen-pirovano-valdidentro\/","og_locale":"de_DE","og_type":"article","og_title":"Ferienwohnungen Pirovano - Valdidentro","og_description":"Ferienwohnungen Pirovano - Valdidentro. Winter und Sommer","og_url":"https:\/\/pirovano.it\/de\/hotel-appartements\/appartements-bormio\/ferienwohnungen-pirovano-valdidentro\/","og_site_name":"Pirovano","article_modified_time":"2024-11-27T10:40:37+00:00","og_image":[{"width":1024,"height":768,"url":"https:\/\/pirovano.it\/wp-content\/uploads\/2021\/03\/20200812_100637-1024x768.jpg","type":"image\/jpeg"}],"twitter_card":"summary_large_image","twitter_misc":{"Est. reading time":"3 minutes"},"schema":{"@context":"https:\/\/schema.org","@graph":[{"@type":"WebPage","@id":"https:\/\/pirovano.it\/de\/hotel-appartements\/appartements-bormio\/ferienwohnungen-pirovano-valdidentro\/","url":"https:\/\/pirovano.it\/de\/hotel-appartements\/appartements-bormio\/ferienwohnungen-pirovano-valdidentro\/","name":"Ferienwohnungen Pirovano - Valdidentro","isPartOf":{"@id":"https:\/\/pirovano.it\/it\/#website"},"primaryImageOfPage":{"@id":"https:\/\/pirovano.it\/de\/hotel-appartements\/appartements-bormio\/ferienwohnungen-pirovano-valdidentro\/#primaryimage"},"image":{"@id":"https:\/\/pirovano.it\/de\/hotel-appartements\/appartements-bormio\/ferienwohnungen-pirovano-valdidentro\/#primaryimage"},"thumbnailUrl":"https:\/\/pirovano.it\/wp-content\/uploads\/2021\/03\/20200812_100637.jpg","datePublished":"2021-03-18T08:34:07+00:00","dateModified":"2024-11-27T10:40:37+00:00","description":"Ferienwohnungen Pirovano - Valdidentro. Winter und Sommer","breadcrumb":{"@id":"https:\/\/pirovano.it\/de\/hotel-appartements\/appartements-bormio\/ferienwohnungen-pirovano-valdidentro\/#breadcrumb"},"inLanguage":"de-DE","potentialAction":[{"@type":"ReadAction","target":["https:\/\/pirovano.it\/de\/hotel-appartements\/appartements-bormio\/ferienwohnungen-pirovano-valdidentro\/"]}]},{"@type":"ImageObject","inLanguage":"de-DE","@id":"https:\/\/pirovano.it\/de\/hotel-appartements\/appartements-bormio\/ferienwohnungen-pirovano-valdidentro\/#primaryimage","url":"https:\/\/pirovano.it\/wp-content\/uploads\/2021\/03\/20200812_100637.jpg","contentUrl":"https:\/\/pirovano.it\/wp-content\/uploads\/2021\/03\/20200812_100637.jpg","width":2560,"height":1920},{"@type":"BreadcrumbList","@id":"https:\/\/pirovano.it\/de\/hotel-appartements\/appartements-bormio\/ferienwohnungen-pirovano-valdidentro\/#breadcrumb","itemListElement":[{"@type":"ListItem","position":1,"name":"Home","item":"https:\/\/pirovano.it\/de\/"},{"@type":"ListItem","position":2,"name":"Hotel und Appartements","item":"https:\/\/pirovano.it\/de\/hotel-appartements\/"},{"@type":"ListItem","position":3,"name":"Ferienhaus in Bormio und Valdidentro","item":"https:\/\/pirovano.it\/de\/hotel-appartements\/appartements-bormio\/"},{"@type":"ListItem","position":4,"name":"Ferienwohnungen Pirovano &#8211; Valdidentro (CIR: 014071-CIM-00053\/54) (CIN: IT014071B4TM9U9M94)"}]},{"@type":"WebSite","@id":"https:\/\/pirovano.it\/it\/#website","url":"https:\/\/pirovano.it\/it\/","name":"Pirovano","description":"Universit\u00e0 dello Sci, dello Snowboard e della Montagna","potentialAction":[{"@type":"SearchAction","target":{"@type":"EntryPoint","urlTemplate":"https:\/\/pirovano.it\/it\/?s={search_term_string}"},"query-input":{"@type":"PropertyValueSpecification","valueRequired":true,"valueName":"search_term_string"}}],"inLanguage":"de-DE"}]}},"_links":{"self":[{"href":"https:\/\/pirovano.it\/de\/wp-json\/wp\/v2\/pages\/7529","targetHints":{"allow":["GET"]}}],"collection":[{"href":"https:\/\/pirovano.it\/de\/wp-json\/wp\/v2\/pages"}],"about":[{"href":"https:\/\/pirovano.it\/de\/wp-json\/wp\/v2\/types\/page"}],"author":[{"embeddable":true,"href":"https:\/\/pirovano.it\/de\/wp-json\/wp\/v2\/users\/2"}],"replies":[{"embeddable":true,"href":"https:\/\/pirovano.it\/de\/wp-json\/wp\/v2\/comments?post=7529"}],"version-history":[{"count":58,"href":"https:\/\/pirovano.it\/de\/wp-json\/wp\/v2\/pages\/7529\/revisions"}],"predecessor-version":[{"id":13714,"href":"https:\/\/pirovano.it\/de\/wp-json\/wp\/v2\/pages\/7529\/revisions\/13714"}],"up":[{"embeddable":true,"href":"https:\/\/pirovano.it\/de\/wp-json\/wp\/v2\/pages\/2698"}],"wp:featuredmedia":[{"embeddable":true,"href":"https:\/\/pirovano.it\/de\/wp-json\/wp\/v2\/media\/7548"}],"wp:attachment":[{"href":"https:\/\/pirovano.it\/de\/wp-json\/wp\/v2\/media?parent=7529"}],"curies":[{"name":"wp","href":"https:\/\/api.w.org\/{rel}","templated":true}]}}