{"id":11,"date":"2018-02-16T18:04:37","date_gmt":"2018-02-16T18:04:37","guid":{"rendered":"http:\/\/pirovanonew.local\/?page_id=11"},"modified":"2020-02-27T16:14:41","modified_gmt":"2020-02-27T15:14:41","slug":"scuola-sci-estate-autunno","status":"publish","type":"page","link":"https:\/\/pirovano.it\/it\/scuola-sci-estate-autunno\/","title":{"rendered":"Scuola di Sci Pirovano &#8211; L&#8217;Universit\u00e0 dello Sci in estate e autunno"},"content":{"rendered":"<p>Pirovano Stelvio \u00e8 una Scuola di Sci estiva e autunnale che offre corsi di tutti i livelli in ghiacciaio a 3000 metri<\/p>\n<p>Oltre 60 anni di esperienza nell&#8217;insegnamento dello Sci Alpino, questa \u00e8 l'&#8221;Universit\u00e0&#8221; a cui tutti vorrebbero iscriversi!<\/p>\n<p>E&#8217; dagli anni &#8217;50 che Pirovano e lo Stelvio sono legati da una bellissima storia di sport, una storia i cui ingredienti vincenti sono stati e sono tutt\u2019oggi la seriet\u00e0, l&#8217;affidabilit\u00e0, oltre naturalmente la grande passione per una disciplina sportiva che non nega certo emozioni. Tutto questo, unitamente alla professionalit\u00e0 dei propri maestri, ha fatto guadagnare a questa Scuola l&#8217;appellativo di<strong> &#8220;Universit\u00e0 dello Sci&#8221;<\/strong>.<\/p>\n<p>Un&#8217;universit\u00e0 le cui &#8220;aule&#8221; sono costituite da splendide piste di discesa e i docenti sono qualificati istruttori che al cospetto di uno scenario di montagna fra i pi\u00f9 belli dell&#8217;intero arco alpino, impartiscono ai propri alunni lezioni di alto livello professionale; dai &#8220;primi passi&#8221; sulla neve fino al perfezionamento agonistico.<\/p>\n<p>Dal <strong>principiante assoluto<\/strong> che non ha mai messo gli sci ai piedi, allo <strong>sciatore esperto<\/strong> che vuole iscriversi alle selezioni per diventare maestro, la scuola di sci di Pirovano \u00e8 in grado di offrire una <strong>vasta scelta di corsi,<\/strong> studiati specificatamente per qualsiasi esigenza:<\/p>\n<ul>\n<li><strong><a href=\"http:\/\/pirovano.it\/it\/scuola-sci-estate-autunno\/corsi-sci\/\">Corsi Collettivi<\/a>: <\/strong>agli allievi, dal principiante all&#8217;agonista, suddivisi in gruppi omogenei, vengono impartite quattro ore giornaliere di lezione che oltre all&#8217;insegnamento dei fondamentali della disciplina, si completano con riprese video che costituiscono materiale di riferimento per le lezioni teoriche, finalizzate al consolidamento dei metodi correttivi degli errori di conduzione risultati pi\u00f9 comuni.<br \/>\nAl termine della &#8220;sessione&#8221; si tiene sempre una stimolante gara di fine corso che il pi\u00f9 delle volte, si tramuta in festa tesa a &#8220;cementare&#8221; l&#8217;amicizia creatasi durante l&#8217;assidua frequentazione in &#8220;aula&#8221;.<br \/>\nA corso ultimato ciascun partecipante riceve un curriculum personalizzato, nel quale il maestro di classe indica le proprie valutazioni tecniche sulla sciata dell&#8217;allievo e gli ulteriori obiettivi di miglioramento da perseguire.<\/li>\n<li><strong>Lezioni Individuali, personalizzate in base ai vostri obiettivi:<\/strong> ideali per coloro che si avvicinano per la prima volta a questa disciplina sportiva, per il perfezionamento agonistico, per prepararsi alle selezioni per diventare maestro di sci o pi\u00f9 semplicemente per diventare un vero e proprio &#8220;top skier&#8221;, le lezioni private consentono di personalizzare il programma didattico e di concordare preventivamente con i nostri maestri i traguardi da raggiungere.<\/li>\n<li><strong>Scuola sci Baby collettiva:<\/strong> particolare attenzione \u00e8 rivolta ai piccoli alunni ai quali, in determinate settimane, sono proposti corsi collettivi a partire dai cinque anni di et\u00e0.<br \/>\nAl fine di creare un clima coinvolgente, favorevole all&#8217;apprendimento, ai bambini vengono lasciati momenti di puro gioco, dando all&#8217;attivit\u00e0 didattica un&#8217;impostazione ludico-educativa, per evitare di annoiarli con concetti o correzioni di carattere puramente tecnico.<\/li>\n<\/ul>\n<p>Per tutto ci\u00f2 che riguarda le lezioni di sci con l'&#8221;Universit\u00e0&#8221;, \u00e8 possibile <a href=\"http:\/\/pirovano.it\/it\/contatti\/richiesta-informazioni\/\">chiedere maggiori informazioni \u00bb<\/a><\/p>\n","protected":false},"excerpt":{"rendered":"<p>Pirovano Stelvio \u00e8 una Scuola di Sci estiva e autunnale che offre corsi di tutti i livelli in ghiacciaio a 3000 metri Oltre 60 anni di esperienza nell&#8217;insegnamento dello Sci Alpino, questa \u00e8 l&#8217;&#8221;Universit\u00e0&#8221; a cui tutti vorrebbero iscriversi! E&#8217; dagli anni &#8217;50 che Pirovano e lo Stelvio sono legati da una bellissima storia di [&hellip;]<\/p>\n","protected":false},"author":2,"featured_media":2039,"parent":0,"menu_order":0,"comment_status":"closed","ping_status":"closed","template":"","meta":{"footnotes":""},"class_list":["post-11","page","type-page","status-publish","has-post-thumbnail","hentry","odd"],"yoast_head":"<!-- This site is optimized with the Yoast SEO plugin v27.3 - https:\/\/yoast.com\/product\/yoast-seo-wordpress\/ -->\n<title>Scuola di Sci estate\/autunno sui ghiacciai dello Stelvio con Pirovano<\/title>\n<meta name=\"description\" content=\"Scuola di Sci Pirovano - L&#039;Universit\u00e0 dello Sci offre corsi per tutti i livelli in estate e in autunno sui ghiacciai dello Stelvio a 3000 metri\" \/>\n<meta name=\"robots\" content=\"index, follow, max-snippet:-1, max-image-preview:large, max-video-preview:-1\" \/>\n<link rel=\"canonical\" href=\"https:\/\/pirovano.it\/it\/scuola-sci-estate-autunno\/\" \/>\n<meta property=\"og:locale\" content=\"it_IT\" \/>\n<meta property=\"og:type\" content=\"article\" \/>\n<meta property=\"og:title\" content=\"Scuola di Sci estate\/autunno sui ghiacciai dello Stelvio con Pirovano\" \/>\n<meta property=\"og:description\" content=\"Scuola di Sci Pirovano - L&#039;Universit\u00e0 dello Sci offre corsi per tutti i livelli in estate e in autunno sui ghiacciai dello Stelvio a 3000 metri\" \/>\n<meta property=\"og:url\" content=\"https:\/\/pirovano.it\/it\/scuola-sci-estate-autunno\/\" \/>\n<meta property=\"og:site_name\" content=\"Pirovano\" \/>\n<meta property=\"article:modified_time\" content=\"2020-02-27T15:14:41+00:00\" \/>\n<meta property=\"og:image\" content=\"https:\/\/pirovano.it\/wp-content\/uploads\/2018\/04\/pirovano170684-1024x683.jpg\" \/>\n\t<meta property=\"og:image:width\" content=\"1024\" \/>\n\t<meta property=\"og:image:height\" content=\"683\" \/>\n\t<meta property=\"og:image:type\" content=\"image\/jpeg\" \/>\n<meta name=\"twitter:card\" content=\"summary_large_image\" \/>\n<meta name=\"twitter:label1\" content=\"Tempo di lettura stimato\" \/>\n\t<meta name=\"twitter:data1\" content=\"2 minuti\" \/>\n<script type=\"application\/ld+json\" class=\"yoast-schema-graph\">{\"@context\":\"https:\\\/\\\/schema.org\",\"@graph\":[{\"@type\":\"WebPage\",\"@id\":\"https:\\\/\\\/pirovano.it\\\/it\\\/scuola-sci-estate-autunno\\\/\",\"url\":\"https:\\\/\\\/pirovano.it\\\/it\\\/scuola-sci-estate-autunno\\\/\",\"name\":\"Scuola di Sci estate\\\/autunno sui ghiacciai dello Stelvio con Pirovano\",\"isPartOf\":{\"@id\":\"https:\\\/\\\/pirovano.it\\\/it\\\/#website\"},\"primaryImageOfPage\":{\"@id\":\"https:\\\/\\\/pirovano.it\\\/it\\\/scuola-sci-estate-autunno\\\/#primaryimage\"},\"image\":{\"@id\":\"https:\\\/\\\/pirovano.it\\\/it\\\/scuola-sci-estate-autunno\\\/#primaryimage\"},\"thumbnailUrl\":\"https:\\\/\\\/pirovano.it\\\/wp-content\\\/uploads\\\/2018\\\/04\\\/pirovano170684.jpg\",\"datePublished\":\"2018-02-16T18:04:37+00:00\",\"dateModified\":\"2020-02-27T15:14:41+00:00\",\"description\":\"Scuola di Sci Pirovano - L'Universit\u00e0 dello Sci offre corsi per tutti i livelli in estate e in autunno sui ghiacciai dello Stelvio a 3000 metri\",\"breadcrumb\":{\"@id\":\"https:\\\/\\\/pirovano.it\\\/it\\\/scuola-sci-estate-autunno\\\/#breadcrumb\"},\"inLanguage\":\"it-IT\",\"potentialAction\":[{\"@type\":\"ReadAction\",\"target\":[\"https:\\\/\\\/pirovano.it\\\/it\\\/scuola-sci-estate-autunno\\\/\"]}]},{\"@type\":\"ImageObject\",\"inLanguage\":\"it-IT\",\"@id\":\"https:\\\/\\\/pirovano.it\\\/it\\\/scuola-sci-estate-autunno\\\/#primaryimage\",\"url\":\"https:\\\/\\\/pirovano.it\\\/wp-content\\\/uploads\\\/2018\\\/04\\\/pirovano170684.jpg\",\"contentUrl\":\"https:\\\/\\\/pirovano.it\\\/wp-content\\\/uploads\\\/2018\\\/04\\\/pirovano170684.jpg\",\"width\":5184,\"height\":3456},{\"@type\":\"BreadcrumbList\",\"@id\":\"https:\\\/\\\/pirovano.it\\\/it\\\/scuola-sci-estate-autunno\\\/#breadcrumb\",\"itemListElement\":[{\"@type\":\"ListItem\",\"position\":1,\"name\":\"Home\",\"item\":\"https:\\\/\\\/pirovano.it\\\/it\\\/\"},{\"@type\":\"ListItem\",\"position\":2,\"name\":\"Scuola di Sci Pirovano &#8211; L&#8217;Universit\u00e0 dello Sci in estate e autunno\"}]},{\"@type\":\"WebSite\",\"@id\":\"https:\\\/\\\/pirovano.it\\\/it\\\/#website\",\"url\":\"https:\\\/\\\/pirovano.it\\\/it\\\/\",\"name\":\"Pirovano\",\"description\":\"Universit\u00e0 dello Sci, dello Snowboard e della Montagna\",\"potentialAction\":[{\"@type\":\"SearchAction\",\"target\":{\"@type\":\"EntryPoint\",\"urlTemplate\":\"https:\\\/\\\/pirovano.it\\\/it\\\/?s={search_term_string}\"},\"query-input\":{\"@type\":\"PropertyValueSpecification\",\"valueRequired\":true,\"valueName\":\"search_term_string\"}}],\"inLanguage\":\"it-IT\"}]}<\/script>\n<!-- \/ Yoast SEO plugin. -->","yoast_head_json":{"title":"Scuola di Sci estate\/autunno sui ghiacciai dello Stelvio con Pirovano","description":"Scuola di Sci Pirovano - L'Universit\u00e0 dello Sci offre corsi per tutti i livelli in estate e in autunno sui ghiacciai dello Stelvio a 3000 metri","robots":{"index":"index","follow":"follow","max-snippet":"max-snippet:-1","max-image-preview":"max-image-preview:large","max-video-preview":"max-video-preview:-1"},"canonical":"https:\/\/pirovano.it\/it\/scuola-sci-estate-autunno\/","og_locale":"it_IT","og_type":"article","og_title":"Scuola di Sci estate\/autunno sui ghiacciai dello Stelvio con Pirovano","og_description":"Scuola di Sci Pirovano - L'Universit\u00e0 dello Sci offre corsi per tutti i livelli in estate e in autunno sui ghiacciai dello Stelvio a 3000 metri","og_url":"https:\/\/pirovano.it\/it\/scuola-sci-estate-autunno\/","og_site_name":"Pirovano","article_modified_time":"2020-02-27T15:14:41+00:00","og_image":[{"width":1024,"height":683,"url":"https:\/\/pirovano.it\/wp-content\/uploads\/2018\/04\/pirovano170684-1024x683.jpg","type":"image\/jpeg"}],"twitter_card":"summary_large_image","twitter_misc":{"Tempo di lettura stimato":"2 minuti"},"schema":{"@context":"https:\/\/schema.org","@graph":[{"@type":"WebPage","@id":"https:\/\/pirovano.it\/it\/scuola-sci-estate-autunno\/","url":"https:\/\/pirovano.it\/it\/scuola-sci-estate-autunno\/","name":"Scuola di Sci estate\/autunno sui ghiacciai dello Stelvio con Pirovano","isPartOf":{"@id":"https:\/\/pirovano.it\/it\/#website"},"primaryImageOfPage":{"@id":"https:\/\/pirovano.it\/it\/scuola-sci-estate-autunno\/#primaryimage"},"image":{"@id":"https:\/\/pirovano.it\/it\/scuola-sci-estate-autunno\/#primaryimage"},"thumbnailUrl":"https:\/\/pirovano.it\/wp-content\/uploads\/2018\/04\/pirovano170684.jpg","datePublished":"2018-02-16T18:04:37+00:00","dateModified":"2020-02-27T15:14:41+00:00","description":"Scuola di Sci Pirovano - L'Universit\u00e0 dello Sci offre corsi per tutti i livelli in estate e in autunno sui ghiacciai dello Stelvio a 3000 metri","breadcrumb":{"@id":"https:\/\/pirovano.it\/it\/scuola-sci-estate-autunno\/#breadcrumb"},"inLanguage":"it-IT","potentialAction":[{"@type":"ReadAction","target":["https:\/\/pirovano.it\/it\/scuola-sci-estate-autunno\/"]}]},{"@type":"ImageObject","inLanguage":"it-IT","@id":"https:\/\/pirovano.it\/it\/scuola-sci-estate-autunno\/#primaryimage","url":"https:\/\/pirovano.it\/wp-content\/uploads\/2018\/04\/pirovano170684.jpg","contentUrl":"https:\/\/pirovano.it\/wp-content\/uploads\/2018\/04\/pirovano170684.jpg","width":5184,"height":3456},{"@type":"BreadcrumbList","@id":"https:\/\/pirovano.it\/it\/scuola-sci-estate-autunno\/#breadcrumb","itemListElement":[{"@type":"ListItem","position":1,"name":"Home","item":"https:\/\/pirovano.it\/it\/"},{"@type":"ListItem","position":2,"name":"Scuola di Sci Pirovano &#8211; L&#8217;Universit\u00e0 dello Sci in estate e autunno"}]},{"@type":"WebSite","@id":"https:\/\/pirovano.it\/it\/#website","url":"https:\/\/pirovano.it\/it\/","name":"Pirovano","description":"Universit\u00e0 dello Sci, dello Snowboard e della Montagna","potentialAction":[{"@type":"SearchAction","target":{"@type":"EntryPoint","urlTemplate":"https:\/\/pirovano.it\/it\/?s={search_term_string}"},"query-input":{"@type":"PropertyValueSpecification","valueRequired":true,"valueName":"search_term_string"}}],"inLanguage":"it-IT"}]}},"_links":{"self":[{"href":"https:\/\/pirovano.it\/it\/wp-json\/wp\/v2\/pages\/11","targetHints":{"allow":["GET"]}}],"collection":[{"href":"https:\/\/pirovano.it\/it\/wp-json\/wp\/v2\/pages"}],"about":[{"href":"https:\/\/pirovano.it\/it\/wp-json\/wp\/v2\/types\/page"}],"author":[{"embeddable":true,"href":"https:\/\/pirovano.it\/it\/wp-json\/wp\/v2\/users\/2"}],"replies":[{"embeddable":true,"href":"https:\/\/pirovano.it\/it\/wp-json\/wp\/v2\/comments?post=11"}],"version-history":[{"count":58,"href":"https:\/\/pirovano.it\/it\/wp-json\/wp\/v2\/pages\/11\/revisions"}],"predecessor-version":[{"id":6097,"href":"https:\/\/pirovano.it\/it\/wp-json\/wp\/v2\/pages\/11\/revisions\/6097"}],"wp:featuredmedia":[{"embeddable":true,"href":"https:\/\/pirovano.it\/it\/wp-json\/wp\/v2\/media\/2039"}],"wp:attachment":[{"href":"https:\/\/pirovano.it\/it\/wp-json\/wp\/v2\/media?parent=11"}],"curies":[{"name":"wp","href":"https:\/\/api.w.org\/{rel}","templated":true}]}}