{"id":1184,"date":"2018-03-17T15:56:09","date_gmt":"2018-03-17T15:56:09","guid":{"rendered":"http:\/\/pirovano.webfactional.com\/?page_id=1184"},"modified":"2026-03-10T09:34:42","modified_gmt":"2026-03-10T08:34:42","slug":"informativa-privacy-note-legali","status":"publish","type":"page","link":"https:\/\/pirovano.it\/it\/informativa-privacy-note-legali\/","title":{"rendered":"Informativa sulla privacy &#8211; Note legali"},"content":{"rendered":"<h2>INFORMAZIONI SOCIETARIE<\/h2>\n<p>Pirovano Stelvio S.p.A con sede legale in Via delle Prese, 8 &#8211; 23100 Sondrio \u00e8 una societ\u00e0 soggetta all\u2019attivit\u00e0 di direzione e coordinamento di BPER Banca SpA.<\/p>\n<h2>SITO<\/h2>\n<p>Pirovano.it \u00e8 il sito di Pirovano Stelvio S.p.A per lo svolgimento di attivit\u00e0 informativa di tipo istituzionale, integrata con la componente della promo-commercializzazione a supporto dell\u2019offerta turistica dell&#8217;Albergo Quarto Pirovano, sito in Localit\u00e0 Passo dello Stelvio 23032 Bormio (SO),\u00a0 e degli appartamenti per locazioni brevi a scopo turistico situati a Bormio, in Viale Milano nr. 24\/A e in Via Roma nr.131, e a Isolaccia Valdidentro in Via Nazionale nr.31.<\/p>\n<h2>DIRITTI DI PROPRIET\u00c0 INTELLETTUALE ED INDUSTRIALE<\/h2>\n<p>Tutti i contenuti del Sito sono protetti e tutelati dalle vigenti norme in materia di diritto d\u2019autore e di propriet\u00e0 industriale.<br \/>\nA titolo esemplificativo, ma non esaustivo, per contenuto del Sito debbono intendersi:<br \/>\ni testi, le fotografie, i filmati, le banche dati, i layout grafici, le riproduzioni audio, qualunque rappresentazione grafica e\/o testo in genere.<br \/>\n\u00c8 vietata qualunque operazione di estrazione o di reimpiego, non espressamente autorizzata, dei contenuti presenti sul Sito, nonch\u00e9 ogni altra attivit\u00e0 che possa ledere i legittimi interessi degli autori e dei titolari dei diritti sulle opere dell\u2019ingegno ivi accessibili.<\/p>\n<p>Non \u00e8 pertanto possibile copiare e\/o riprodurre in tutto o in parte il contenuto del Sito, senza l\u2019espressa autorizzazione di Pirovano Stelvio S.p.A, salvo l\u2019uso per fini esclusivamente personali o didattici.<\/p>\n<p>Il marchio &#8220;Pirovano&#8221;, il nome a dominio, gli altri segni distintivi sono di titolarit\u00e0 esclusiva di Pirovano Stelvio S.p.A e quindi protetti dalla vigente normativa in materia di propriet\u00e0 industriale.<br \/>\nSi informa che nelle pagine del Sito potrebbero trovare collocazione marchi, nomi a dominio, denominazioni sociali o altri segni in titolarit\u00e0 di terzi con cui Pirovano Stelvio S.p.A ha rapporti di collaborazione a vario titolo, i quali hanno autorizzato Pirovano Stelvio S.p.A al loro impiego sul Sito: ogni riproduzione o altro utilizzo \u00e8 vietato.<\/p>\n<p>Il downloading di materiale presente nel Sito \u00e8 lecito solo se espressamente autorizzato con apposita indicazione all&#8217;interno delle pagine web; detta autorizzazione riguarda esclusivamente l&#8217;uso a fini personali e non commerciali del materiale scaricato, mentre resta tassativamente vietata qualsiasi altra forma di utilizzazione.<\/p>\n<h2>SITI ESTERNI COLLEGATI<\/h2>\n<p>Per fornire maggiori informazioni o facilitare la navigazione degli utenti \u00e8 possibile che vengano ospitati sulle nostre pagine web dei link ad altri siti non di nostra realizzazione (es. motori di ricerca, fornitori di soluzioni collegate etc.). Le politiche per il trattamento dei dati applicate da tali siti non sono sotto il controllo di Pirovano Stelvio S.p.A\u00a0 e non si estendono ad essi le tutele fornite dalla presente nota informativa; Pirovano Stelvio S.p.A. non assume alcuna responsabilit\u00e0 circa i dati personali che possano essere l\u00ec raccolti.<br \/>\nNessuna responsabilit\u00e0 per Pirovano Stelvio S.p.A pu\u00f2 derivare altres\u00ec dall\u2019impiego di informazioni ottenute dall\u2019accesso ai siti esterni collegati che, per completezza e precisione, restano nella responsabilit\u00e0 dei soggetti titolari dei siti stessi.<\/p>\n<h2>ESCLUSIONE DI RESPONSABILIT\u00c0<\/h2>\n<p>Pirovano Stelvio S.p.A pone la massima cura nell\u2019aggiornamento delle informazioni contenute nelle sue pagine web. Tuttavia essa non pu\u00f2 garantire che il Sito sia esente da problemi tecnici legati al funzionamento degli strumenti utilizzati.<br \/>\nIn nessun caso Pirovano Stelvio S.p.A potr\u00e0 essere ritenuta responsabile per eventuali conseguenze dannose, dirette o indirette, derivanti dall\u2019uso di informazioni comunque rese accessibili attraverso il Sito, come anche da eventuali interruzioni del servizio.<br \/>\nPirovano Stelvio S.p.A si riserva il diritto di modificare ed aggiornare detti contenuti, senza preavviso alcuno e a propria discrezione.<\/p>\n<h2>PRIVACY<\/h2>\n<h3>Informativa ai sensi dell\u2019art. 13 del Regolamento UE 2016\/679<\/h3>\n<p>Durante la consultazione delle pagine web del sito http:\/\/www.pirovano.it \u00e8 possibile che vengano raccolti informazioni e dati personali tramite la compilazione volontaria di form in esso presenti; in tal caso l&#8217;interessato deve preventivamente leggere l&#8217;informativa per il trattamento dei dati associata a tale trattamento e acconsentirne la gestione da parte di Pirovano Stelvio S.p.A, nelle modalit\u00e0 indicate nella stessa informativa. E&#8217; inoltre possibile accedere al sito senza che all&#8217;utente venga richiesto il conferimento di alcun dato personale. Tuttavia, l&#8217;acquisizione e la trasmissione di alcuni dati personali \u00e8 implicita nell&#8217;uso dei protocolli di comunicazione Internet.<br \/>\nIn questo paragrafo si forniscono agli Interessati tutte le informazioni relative alle modalit\u00e0 di gestione del sito http:\/\/www.pirovano.it con riferimento al trattamento dei dati personali relativi ad utenti identificati o identificabili che lo consultano.<\/p>\n<h3>Titolare del trattamento<\/h3>\n<p>Ai sensi del Regolamento UE 2016\/679 del Parlamento Europeo e del Consiglio del 27 aprile 2016 (abbreviato in <strong>GDPR<\/strong>) relativi alla protezione dei dati personali, informiamo che il <strong>Titolare del trattamento<\/strong> dei dati \u00e8 Pirovano Stelvio S.p.A. &#8211; via Delle Prese 8 &#8211; 23100 Sondrio, P.IVA 00526710140, tel. 0342 21.00.40, e-mail\u00a0<a href=\"mailto:info@pirovano.it\">info@pirovano.it<\/a>\u00a0\u2013 pec\u00a0<u><a href=\"mailto:pirovano@pec.popso.it\">pirovano@pec.popso.it<\/a><\/u><\/p>\n<h3>Informativa sul trattamento dei dati personali ai sensi dell&#8217;art.13 del Regolamento generale sulla protezione dei dati (Regolamento UE\u00a0 2016\/679 &#8211; GDPR)<\/h3>\n<p>Tutti i dati forniti dal Cliente (ovvero &#8220;l\u2019<strong>Interessato<\/strong>&#8220;) saranno utilizzati al solo fine di dar seguito alle Sue richieste o per l\u2019esecuzione di un &#8220;contratto d\u2019albergo&#8221; di cui l\u2019Interessato \u00e8 parte e potranno essere comunicati a terzi solo nel caso in cui ci\u00f2 sia necessario a tal fine, o previo consenso esplicito da parte dell\u2019Interessato stesso.<\/p>\n<p>In particolare il trattamento sar\u00e0 svolto in esecuzione di:<\/p>\n<ul>\n<li>Obblighi contrattuali, come la fornitura di beni e servizi agli ospiti;<\/li>\n<li>Obblighi legali, come la fatturazione, tenuta di scritture contabili obbligatorie e registrazioni, comunicazioni alle autorit\u00e0 richiedenti;<\/li>\n<li>Comunicazioni ad istituti bancari e simili, per le attivit\u00e0 di riscossione dei crediti e per altre attivit\u00e0 collegate agli adempimenti contrattuali;<\/li>\n<li>Offerte di servizi durante il soggiorno (a titolo esemplificativo servizi di segreteria, consegna corrispondenza, prenotazione di servizi).<\/li>\n<\/ul>\n<p>Per il trattamento dei dati per tali finalit\u00e0 non occorre il consenso del Cliente poich\u00e9 il trattamento \u00e8 necessario all&#8217;esecuzione di un contratto di cui il Cliente \u00e8 parte o all&#8217;esecuzione di misure precontrattuali adottate su richiesta del Cliente (art. 6, comma 1, lett. b) del Regolamento), nonch\u00e9, ove applicabile, per adempiere un obbligo legale (art. 6, comma 1, lett. c) del Regolamento).<\/p>\n<h3>Dati forniti volontariamente dall\u2019utente previo esplicito consenso<\/h3>\n<p>Ogniqualvolta vengono forniti volontariamente dall&#8217;Interessato dei dati personali, ad esempio attraverso la compilazione dei form presenti nel sito di richiesta informazioni, prenotazione, di iscrizione alla newsletter, di esecuzione del web check-in o al check-in in albergo, lo stesso viene debitamente informato sull\u2019uso dei dati che lo riguardano.<\/p>\n<p>Precisamente, all&#8217;Interessato viene richiesto specifico e distinto consenso (art.7 GPDR), che lo stesso \u00e8 libero di accettare o meno, in tutti i seguenti casi:<\/p>\n<ul>\n<li>Per l\u2019utilizzo dei dati forniti per eventuali azioni commerciali, e per finalit\u00e0 correlate (ad esempio l\u2019invio di pubblicit\u00e0 inerente ai prezzi della successiva stagione turistica, a mezzo posta elettronica, Internet).<\/li>\n<li>Per l&#8217;utilizzo dei dati forniti in relazione alle richieste di informazioni attraverso la compilazione del form dedicato.<\/li>\n<li>In fase di web check-in e check-in per l&#8217;utilizzo dei dati per la comunicazione di informazioni relative al soggiorno a persone esterne (es. inoltro di messaggi e telefonate).<\/li>\n<li>In fase di web check-in e check-in per la conservazione dei dati nel database al fine di agevolare future operazioni di registrazione in caso di nuovi soggiorni.<\/li>\n<li>Per le riprese video e scatti fotografici delle performance degli allievi previste dai corsi di sci e snowboard commercializzati, tenuto conto che:\n<ul>\n<li>le riprese video, complete di sonoro del commento tecnico dell\u2019istruttore, sono utilizzate quale supporto per le lezioni teoriche tramite la loro proiezione \u2013 con visione condivisa da parte degli allievi iscritti al corso di sci e\/o snowboard &#8211; nell\u2019ambito della struttura alberghiera.<\/li>\n<li>Le riprese video costituiscono, inoltre, oggetto di produzione di videocassette o altri supporti video ricordo (chiavette USB, DVD, CD ecc.); parimenti anche gli scatti fotografici vengono messi a disposizione degli allievi dei singoli corsi, riprodotti in forma cartacea o su altri supporti tecnologici e informatici (chiavette USB, CD ecc.).<\/li>\n<li>Le riprese video e gli scatti fotografici delle sessioni di sci e\/o snowboard potrebbero anche essere utilizzati per: la pubblicazione cartacea su materiale informativo vario (d\u00e8pliant dell\u2019offerta Pirovano Stelvio S.p.A e Scuola di Sci Pirovano &#8211; L\u2019Universit\u00e0 dello Sci, articoli o pagine tabellari su riviste, periodici ecc.); on-line in contesti inerenti la divulgazione e documentazione delle attivit\u00e0 didattiche della Scuola di Sci Pirovano (sito Scuola Sci Pirovano, sito Pirovano Stelvio S.p.A, you tube, facebook Pirovano, social network e altre piattaforme on-line).<\/li>\n<\/ul>\n<\/li>\n<\/ul>\n<p>L\u2019eventuale rifiuto di fornire il consenso agli ulteriori servizi proposti non pregiudica in alcun modo l\u2019esecuzione del contratto d\u2019albergo.<\/p>\n<p>Nel caso in cui sia stato espresso il consenso per gli ulteriori servizi proposti, i\u00a0 dati saranno conservati per il periodo di 2 anni, ferma restando per l&#8217;iscrizione alla newsletter la possibilit\u00e0 di cancellazione al servizio in qualsiasi momento facendo clic sul link &#8220;Unsubscribe&#8221; contenuto in ogni singola nostra comunicazione e-mail.<\/p>\n<h3>Modalit\u00e0 di trattamento<\/h3>\n<p>Pirovano svolge tutte le attivit\u00e0 descritte con procedure, strumenti tecnici e informatici idonei a tutelare la riservatezza e la sicurezza dei dati dell&#8217;Interessato: direttamente, attraverso i propri incaricati, oppure per il tramite di soggetti esterni responsabili. Il trattamento dei dati personali \u00e8 realizzato per mezzo delle operazioni indicate all&#8217;art.4 n.2 GDPR e precisamente: raccolta, registrazione, organizzazione, conservazione, consultazione, elaborazione, modificazione, selezione, estrazione, raffronto, utilizzo, interconnessione, blocco, comunicazione, cancellazione e distruzione dei dati comprese la combinazione di due o pi\u00f9 delle attivit\u00e0 suddette.<\/p>\n<p>Sono altres\u00ec applicate procedure operative rigorose e misure di sicurezza tecniche e organizzative adeguate per prevenire qualsiasi accesso, modifica, eliminazione o trasmissioni non autorizzati di tali informazioni personali.<\/p>\n<p>I dati personali saranno conservati per il tempo strettamente necessario a fornire all\u2019Interessato i servizi richiesti e saranno in ogni caso eliminati a seguito di richiesta dell\u2019Interessato stesso, salvi ulteriori obblighi di conservazione previsti dalla legge. I dati dell\u2019interessato non saranno inoltre diffusi.<\/p>\n<p>Nell\u2019ambito della propria attivit\u00e0 il Titolare potr\u00e0 avvalersi di servizi resi da soggetti terzi che operano per conto del Titolare e secondo le sue istruzioni, quali Responsabili del trattamento. In particolare i dati potranno essere resi accessibili a:<\/p>\n<ul>\n<li>dipendenti e collaboratori del Titolare nella loro qualit\u00e0 di incaricati e\/o responsabili interni del trattamento e\/o amministratori di sistema;<\/li>\n<li>a societ\u00e0 terze o altri soggetti che svolgono attivit\u00e0 in outsourcing per conto del Titolare nella loro qualit\u00e0 di responsabili esterni del trattamento. Si tratta di fornitori di servizi cloud, consulenti tecnici e informatici, consulenti fiscali, assicurazioni e altri soggetti analoghi che collaborano con la nostra organizzazione e che forniscono un servizio strettamente e necessariamente collegato all\u2019attivit\u00e0 del Titolare.<\/li>\n<li>Enti pubblici e privati, anche relativamente a ispezioni o verifiche, soggetti che possono accedere ai dati in forza di disposizioni di legge.<\/li>\n<\/ul>\n<p>L\u2019interessato potr\u00e0 richiedere un elenco completo e aggiornato dei soggetti nominati responsabili del trattamento rivolgendosi al contatto del Titolare del trattamento.<\/p>\n<p>I dati potranno essere trasferiti all\u2019interno della Unione Europea, ove il Titolare o i suoi fornitori e collaboratori abbiano sede o abbiano i propri server. I dati non saranno trasferiti fuori dalla Unione Europea.<\/p>\n<p>Fuori dai contesti sopra descritti i dati non saranno comunicati n\u00e9 ceduti a terzi, e nemmeno resi pubblici.<\/p>\n<hr \/>\n<h2>Cookie<\/h2>\n<p><a href=\"https:\/\/pirovano.it\/it\/informativa-estesa-sui-cookie\/\">Informativa estesa sull&#8217;uso dei cookie<\/a><\/p>\n<p>Per gestire i cookie e le tecnologie similari utilizzate (tracking pixel, web beacon, ecc.) e i relativi consensi, utilizziamo lo strumento di consenso \u201cReal Cookie Banner\u201d. I dettagli su come funziona \u201cReal Cookie Banner\u201d sono disponibili su devowl.io\/rcb\/data-processing. Le basi giuridiche per il trattamento dei dati personali in questo contesto sono l\u2019art. 6 (1) lett. c del RGPD e dell\u2019art. 6 (1) lett. f GDPR. Nostro legittimo interesse \u00e8 la gestione dei cookie e delle tecnologie similari utilizzate e dei relativi consensi. Il conferimento dei dati personali non \u00e8 contrattualmente richiesto n\u00e9 necessario per la conclusione di un contratto. Non sei obbligato a fornire i dati personali. Se non fornisci i dati personali, non saremo in grado di gestire i tuoi consensi.<\/p>\n<hr \/>\n<h3>Diritti degli interessati<\/h3>\n<h3>Ai sensi degli articoli dal 15 al 22 del Regolamento UE n. 2016\/679, gli interessati hanno diritto di:<\/h3>\n<p>a) chiedere la confe\u00adrma dell\u2019esistenza o meno di propri dati personali;<\/p>\n<p>b) ottenere le indicazioni circa le finalit\u00e0 del trattamento, le categorie dei dati personali, i destinatari o le categorie di destinatari a cui i dati personali sono stati o saranno comunicati e, quando possibile, il periodo di conservazione;<\/p>\n<p>c) ottenere la rettifica e la cancellazione dei dati;<\/p>\n<p>d) ottenere la limitazione del trattamento;<\/p>\n<p>e) ottenere la portabilit\u00e0 dei dati, ossia riceverli da un titolare del trattamento, in un formato strutturato, di uso comune e leggibile da dispositivo automatico, e trasmetterli ad un altro titolare del trattamento senza impedimenti;<\/p>\n<p>f) opporsi al trattamento in qualsiasi momento ed anche nel caso di trattamento per finalit\u00e0 di marketing diretto;<\/p>\n<p>g) opporsi ad un processo decisionale automatizzato relativo alle persone \ufb01siche, compresa la profilazione.<\/p>\n<p>h) chiedere al titolare del trattamento l\u2019accesso ai dati personali e la rettifica o la cancellazione degli stessi o la limitazione del trattamento che lo riguardano o di opporsi al loro trattamento, oltre al diritto alla portabilit\u00e0 dei dati;<\/p>\n<p>i) revocare il consenso in qualsiasi momento senza pregiudicare la liceit\u00e0 del trattamento basata sul consenso prestato prima della revoca;<\/p>\n<p>j) proporre reclamo a un\u2019autorit\u00e0 di controllo.<\/p>\n<p>Per l\u2019esercizio dei diritti previsti dalla normativa occorre rivolgersi al titolare del trattamento:<\/p>\n<p><strong>Pirovano Stelvio S.p.A.<\/strong> \u2013 via Delle Prese 8 \u2013 23100 Sondrio, P.IVA 00526710140, tel. 0342 21.00.40, e-mail\u00a0<a href=\"mailto:info@pirovano.it\">info@pirovano.it<\/a>\u00a0\u2013 pec\u00a0<a href=\"mailto:pirovano@pec.popso.it\">pirovano@pec.popso.it<\/a><\/p>\n<hr \/>\n<p><em>Ultimo aggiornamento: 10 marzo 2026<\/em><\/p>\n","protected":false},"excerpt":{"rendered":"<p>INFORMAZIONI SOCIETARIE Pirovano Stelvio S.p.A con sede legale in Via delle Prese, 8 &#8211; 23100 Sondrio \u00e8 una societ\u00e0 soggetta all\u2019attivit\u00e0 di direzione e coordinamento di BPER Banca SpA. SITO Pirovano.it \u00e8 il sito di Pirovano Stelvio S.p.A per lo svolgimento di attivit\u00e0 informativa di tipo istituzionale, integrata con la componente della promo-commercializzazione a supporto [&hellip;]<\/p>\n","protected":false},"author":2,"featured_media":0,"parent":0,"menu_order":0,"comment_status":"closed","ping_status":"closed","template":"page-templates\/no-picture.php","meta":{"footnotes":""},"class_list":["post-1184","page","type-page","status-publish","hentry","odd"],"yoast_head":"<!-- This site is optimized with the Yoast SEO plugin v27.3 - https:\/\/yoast.com\/product\/yoast-seo-wordpress\/ -->\n<title>Informativa sulla privacy e Note legali di Pirovano Stelvio Spa<\/title>\n<meta name=\"description\" content=\"Pirovano Stelvio S.p.A con sede legale in Via delle Prese, 8 - 23100 Sondrio \u00e8 una societ\u00e0 soggetta all\u2019attivit\u00e0 di direzione e coordinamento della Banca Popolare di Sondrio soc.coop. per azioni\" \/>\n<meta name=\"robots\" content=\"index, follow, max-snippet:-1, max-image-preview:large, max-video-preview:-1\" \/>\n<link rel=\"canonical\" href=\"https:\/\/pirovano.it\/it\/informativa-privacy-note-legali\/\" \/>\n<meta property=\"og:locale\" content=\"it_IT\" \/>\n<meta property=\"og:type\" content=\"article\" \/>\n<meta property=\"og:title\" content=\"Informativa sulla privacy e Note legali di Pirovano Stelvio Spa\" \/>\n<meta property=\"og:description\" content=\"Pirovano Stelvio S.p.A con sede legale in Via delle Prese, 8 - 23100 Sondrio \u00e8 una societ\u00e0 soggetta all\u2019attivit\u00e0 di direzione e coordinamento della Banca Popolare di Sondrio soc.coop. per azioni\" \/>\n<meta property=\"og:url\" content=\"https:\/\/pirovano.it\/it\/informativa-privacy-note-legali\/\" \/>\n<meta property=\"og:site_name\" content=\"Pirovano\" \/>\n<meta property=\"article:modified_time\" content=\"2026-03-10T08:34:42+00:00\" \/>\n<meta name=\"twitter:card\" content=\"summary_large_image\" \/>\n<meta name=\"twitter:label1\" content=\"Tempo di lettura stimato\" \/>\n\t<meta name=\"twitter:data1\" content=\"12 minuti\" \/>\n<script type=\"application\/ld+json\" class=\"yoast-schema-graph\">{\"@context\":\"https:\\\/\\\/schema.org\",\"@graph\":[{\"@type\":\"WebPage\",\"@id\":\"https:\\\/\\\/pirovano.it\\\/it\\\/informativa-privacy-note-legali\\\/\",\"url\":\"https:\\\/\\\/pirovano.it\\\/it\\\/informativa-privacy-note-legali\\\/\",\"name\":\"Informativa sulla privacy e Note legali di Pirovano Stelvio Spa\",\"isPartOf\":{\"@id\":\"https:\\\/\\\/pirovano.it\\\/it\\\/#website\"},\"datePublished\":\"2018-03-17T15:56:09+00:00\",\"dateModified\":\"2026-03-10T08:34:42+00:00\",\"description\":\"Pirovano Stelvio S.p.A con sede legale in Via delle Prese, 8 - 23100 Sondrio \u00e8 una societ\u00e0 soggetta all\u2019attivit\u00e0 di direzione e coordinamento della Banca Popolare di Sondrio soc.coop. per azioni\",\"breadcrumb\":{\"@id\":\"https:\\\/\\\/pirovano.it\\\/it\\\/informativa-privacy-note-legali\\\/#breadcrumb\"},\"inLanguage\":\"it-IT\",\"potentialAction\":[{\"@type\":\"ReadAction\",\"target\":[\"https:\\\/\\\/pirovano.it\\\/it\\\/informativa-privacy-note-legali\\\/\"]}]},{\"@type\":\"BreadcrumbList\",\"@id\":\"https:\\\/\\\/pirovano.it\\\/it\\\/informativa-privacy-note-legali\\\/#breadcrumb\",\"itemListElement\":[{\"@type\":\"ListItem\",\"position\":1,\"name\":\"Home\",\"item\":\"https:\\\/\\\/pirovano.it\\\/it\\\/\"},{\"@type\":\"ListItem\",\"position\":2,\"name\":\"Informativa sulla privacy &#8211; Note legali\"}]},{\"@type\":\"WebSite\",\"@id\":\"https:\\\/\\\/pirovano.it\\\/it\\\/#website\",\"url\":\"https:\\\/\\\/pirovano.it\\\/it\\\/\",\"name\":\"Pirovano\",\"description\":\"Universit\u00e0 dello Sci, dello Snowboard e della Montagna\",\"potentialAction\":[{\"@type\":\"SearchAction\",\"target\":{\"@type\":\"EntryPoint\",\"urlTemplate\":\"https:\\\/\\\/pirovano.it\\\/it\\\/?s={search_term_string}\"},\"query-input\":{\"@type\":\"PropertyValueSpecification\",\"valueRequired\":true,\"valueName\":\"search_term_string\"}}],\"inLanguage\":\"it-IT\"}]}<\/script>\n<!-- \/ Yoast SEO plugin. -->","yoast_head_json":{"title":"Informativa sulla privacy e Note legali di Pirovano Stelvio Spa","description":"Pirovano Stelvio S.p.A con sede legale in Via delle Prese, 8 - 23100 Sondrio \u00e8 una societ\u00e0 soggetta all\u2019attivit\u00e0 di direzione e coordinamento della Banca Popolare di Sondrio soc.coop. per azioni","robots":{"index":"index","follow":"follow","max-snippet":"max-snippet:-1","max-image-preview":"max-image-preview:large","max-video-preview":"max-video-preview:-1"},"canonical":"https:\/\/pirovano.it\/it\/informativa-privacy-note-legali\/","og_locale":"it_IT","og_type":"article","og_title":"Informativa sulla privacy e Note legali di Pirovano Stelvio Spa","og_description":"Pirovano Stelvio S.p.A con sede legale in Via delle Prese, 8 - 23100 Sondrio \u00e8 una societ\u00e0 soggetta all\u2019attivit\u00e0 di direzione e coordinamento della Banca Popolare di Sondrio soc.coop. per azioni","og_url":"https:\/\/pirovano.it\/it\/informativa-privacy-note-legali\/","og_site_name":"Pirovano","article_modified_time":"2026-03-10T08:34:42+00:00","twitter_card":"summary_large_image","twitter_misc":{"Tempo di lettura stimato":"12 minuti"},"schema":{"@context":"https:\/\/schema.org","@graph":[{"@type":"WebPage","@id":"https:\/\/pirovano.it\/it\/informativa-privacy-note-legali\/","url":"https:\/\/pirovano.it\/it\/informativa-privacy-note-legali\/","name":"Informativa sulla privacy e Note legali di Pirovano Stelvio Spa","isPartOf":{"@id":"https:\/\/pirovano.it\/it\/#website"},"datePublished":"2018-03-17T15:56:09+00:00","dateModified":"2026-03-10T08:34:42+00:00","description":"Pirovano Stelvio S.p.A con sede legale in Via delle Prese, 8 - 23100 Sondrio \u00e8 una societ\u00e0 soggetta all\u2019attivit\u00e0 di direzione e coordinamento della Banca Popolare di Sondrio soc.coop. per azioni","breadcrumb":{"@id":"https:\/\/pirovano.it\/it\/informativa-privacy-note-legali\/#breadcrumb"},"inLanguage":"it-IT","potentialAction":[{"@type":"ReadAction","target":["https:\/\/pirovano.it\/it\/informativa-privacy-note-legali\/"]}]},{"@type":"BreadcrumbList","@id":"https:\/\/pirovano.it\/it\/informativa-privacy-note-legali\/#breadcrumb","itemListElement":[{"@type":"ListItem","position":1,"name":"Home","item":"https:\/\/pirovano.it\/it\/"},{"@type":"ListItem","position":2,"name":"Informativa sulla privacy &#8211; Note legali"}]},{"@type":"WebSite","@id":"https:\/\/pirovano.it\/it\/#website","url":"https:\/\/pirovano.it\/it\/","name":"Pirovano","description":"Universit\u00e0 dello Sci, dello Snowboard e della Montagna","potentialAction":[{"@type":"SearchAction","target":{"@type":"EntryPoint","urlTemplate":"https:\/\/pirovano.it\/it\/?s={search_term_string}"},"query-input":{"@type":"PropertyValueSpecification","valueRequired":true,"valueName":"search_term_string"}}],"inLanguage":"it-IT"}]}},"_links":{"self":[{"href":"https:\/\/pirovano.it\/it\/wp-json\/wp\/v2\/pages\/1184","targetHints":{"allow":["GET"]}}],"collection":[{"href":"https:\/\/pirovano.it\/it\/wp-json\/wp\/v2\/pages"}],"about":[{"href":"https:\/\/pirovano.it\/it\/wp-json\/wp\/v2\/types\/page"}],"author":[{"embeddable":true,"href":"https:\/\/pirovano.it\/it\/wp-json\/wp\/v2\/users\/2"}],"replies":[{"embeddable":true,"href":"https:\/\/pirovano.it\/it\/wp-json\/wp\/v2\/comments?post=1184"}],"version-history":[{"count":48,"href":"https:\/\/pirovano.it\/it\/wp-json\/wp\/v2\/pages\/1184\/revisions"}],"predecessor-version":[{"id":2410,"href":"https:\/\/pirovano.it\/it\/wp-json\/wp\/v2\/pages\/1184\/revisions\/2410"}],"wp:attachment":[{"href":"https:\/\/pirovano.it\/it\/wp-json\/wp\/v2\/media?parent=1184"}],"curies":[{"name":"wp","href":"https:\/\/api.w.org\/{rel}","templated":true}]}}