{"id":11842,"date":"2022-05-25T15:48:33","date_gmt":"2022-05-25T13:48:33","guid":{"rendered":"https:\/\/pirovano.it\/?page_id=11842"},"modified":"2022-05-25T16:01:55","modified_gmt":"2022-05-25T14:01:55","slug":"informativa-estesa-sui-cookie","status":"publish","type":"page","link":"https:\/\/pirovano.it\/it\/informativa-estesa-sui-cookie\/","title":{"rendered":"Cookie"},"content":{"rendered":"<h2>INFORMATIVA ESTESA SUI COOKIE<\/h2>\n<p>I sistemi informatici e i software preposti al funzionamento del Sito acquisiscono, nel corso del loro normale esercizio, alcuni dati personali la cui trasmissione \u00e8 implicita nell&#8217;uso dei protocolli di comunicazione di Internet, per mezzo dell\u2019azione di file memorizzati in via temporanea o permanente sul vostro hard-disk (cd. Cookies) e grazie all\u2019uso di altri componenti software scaricati o attivati durante la navigazione.<br \/>\nTali informazioni non sono raccolte per essere associate a interessati identificati, ma anche per la loro stessa natura potrebbero, attraverso elaborazioni o associazioni, permettere l&#8217;identificazione dell&#8217;utente.<br \/>\nIn questa categoria rientrano gli indirizzi IP dei computer utilizzati dagli utenti che si connettono al Sito, l&#8217;Url delle risorse richieste, l&#8217;orario della richiesta, la dimensione del file ottenuto in risposta, ecc.<br \/>\nQuesti dati vengono utilizzati soltanto per ricavare informazioni statistiche anonime sull&#8217;uso del Sito (quale, in particolare, il numero di accessi), per controllarne il corretto funzionamento, per velocizzare, migliorare o personalizzare il livello di servizio agli utenti e vengono cancellati immediatamente dopo l&#8217;elaborazione.<br \/>\nIl conferimento dei dati \u00e8 facoltativo; l&#8217;eventuale rifiuto a fornire tali dati, il blocco dei cookies o degli altri componenti software potrebbe comportare l\u2019impossibilit\u00e0 da parte nostra di inviare le informazioni richieste e\/o una non del tutto corretta funzionalit\u00e0 del sito.<br \/>\nI dati raccolti saranno trattati esclusivamente dal personale aziendale a ci\u00f2 incaricato e non saranno ceduti o comunicati ad altri soggetti.<br \/>\nI dati potrebbero essere utilizzati per l\u2019accertamento di responsabilit\u00e0 in caso di ipotetici reati informatici ai danni del Sito o a terzi: salva questa eventualit\u00e0, allo stato i dati sui contatti web non vengono conservati in maniera permanente.<\/p>\n<h3>TITOLARE DEL TRATTAMENTO DEI DATI RELATIVI AI COOKIE<\/h3>\n<p>Il <strong>Titolare del trattamento<\/strong> \u00e8 Pirovano Stelvio S.p.A. \u2013 via Delle Prese 8 \u2013 23100 Sondrio. Per esercitare i suoi diritti sopra elencati, potr\u00e0 rivolgersi al numero di telefono 0342 21.00.40, al numero di fax 0342 903433 o agli indirizzi mail <a href=\"mailto:info@pirovano.it\">info@pirovano.it<\/a> \u2013 <a href=\"mailto:pirovano@pec.popso.it\">pirovano@pec.popso.it<\/a>.<\/p>\n<p><strong>DEFINIZIONI<\/strong><\/p>\n<p>I cookie sono brevi frammenti di testo (lettere e\/o numeri) che permettono al server web di memorizzare sul client (il browser) informazioni da riutilizzare nel corso della medesima visita al sito (cookie di sessione) o in seguito, anche a distanza di giorni (cookie persistenti). I cookie vengono memorizzati, in base alle preferenze dell&#8217;utente, dal singolo browser sullo specifico dispositivo utilizzato (computer, tablet, smartphone). Tecnologie similari sono utilizzabili per raccogliere informazioni sul comportamento dell&#8217;utente e sull&#8217;utilizzo dei servizi.<\/p>\n<p>Nel seguito di questo documento faremo riferimento ai cookie e a tutte le tecnologie similari utilizzando semplicemente il termine &#8220;cookie&#8221;.<\/p>\n<p><strong>TIPOLOGIE DI COOKIE<\/strong><\/p>\n<p>In base alle caratteristiche e all&#8217;utilizzo dei cookie possiamo distinguere diverse categorie:<\/p>\n<ul>\n<li><strong>Cookie strettamente necessari.<\/strong> Si tratta di cookie indispensabili per il corretto funzionamento del nostro sito e sono utilizzati per gestire il login e l&#8217;accesso alle funzioni riservate del sito, in generale per velocizzare, migliorare o personalizzare il livello di servizio agli utenti. La durata dei cookie \u00e8 o strettamente limitata alla sessione di lavoro (chiuso il browser vengono cancellati), o di durata pi\u00f9 lunga, volti a riconoscere il computer del visitatore. La loro disattivazione pu\u00f2 compromette l&#8217;utilizzo dei servizi accessibili da login, mentre la parte pubblica del sito resta normalmente utilizzabile.<\/li>\n<li><strong>Cookie di analisi e prestazioni.<\/strong> Sono cookie utilizzati per raccogliere e analizzare il traffico e l&#8217;utilizzo del sito in modo anonimo. Questi cookie, pur senza identificare l&#8217;utente, consentono, per esempio, di rilevare se il medesimo utente torna a collegarsi in momenti diversi. Permettono inoltre di monitorare il sistema e migliorarne le prestazioni e l&#8217;usabilit\u00e0. La disattivazione di tali cookie pu\u00f2 essere eseguita senza alcuna perdita di funzionalit\u00e0.<\/li>\n<li><strong>Cookie di profilazione.<\/strong> Si tratta di cookie permanenti utilizzati per identificare (in modo anonimo e non) le preferenze dell&#8217;utente e migliorare la sua esperienza di navigazione, al fine di inviare messaggi pubblicitari in linea con le preferenze manifestate dallo stesso nell&#8217;ambito della navigazione in rete.<\/li>\n<\/ul>\n<p><strong>COOKIE DI TERZE PARTI<\/strong><\/p>\n<p>Visitando un sito web si possono ricevere cookie sia dal sito visitato (&#8220;proprietario&#8221;), sia da siti gestiti da altre organizzazioni (&#8220;terze parti&#8221;). Un esempio \u00e8 rappresentato dalla presenza dei &#8220;social plugin&#8221; (p.e. Facebook, Twitter, Google+) finalizzato alla condivisione dei contenuti sui social network. La presenza di questi plugin comporta la trasmissione di cookie da e verso tutti i siti gestiti da terze parti. La gestione delle informazioni raccolte da &#8220;terze parti&#8221; \u00e8 disciplinata dalle relative informative cui si prega di fare riferimento.<\/p>\n<h3>GESTIONE DEI COOKIE<\/h3>\n<p>L&#8217;utente pu\u00f2 decidere se accettare o meno i cookie utilizzando le impostazioni del proprio browser.<\/p>\n<p><strong>Attenzione:<\/strong> la disabilitazione totale o parziale dei cookie tecnici pu\u00f2 compromettere l&#8217;utilizzo delle funzionalit\u00e0 del sito riservate agli utenti registrati. Al contrario, la fruibilit\u00e0 dei contenuti pubblici \u00e8 possibile anche disabilitando completamente i cookie.<\/p>\n<p>La disabilitazione dei cookie \u201cterze parti\u201d non pregiudica in alcun modo la navigabilit\u00e0. L&#8217;impostazione pu\u00f2 essere definita in modo specifico per i diversi siti e applicazioni web. Inoltre i migliori browser consentono di definire impostazioni diverse per i cookie \u201cproprietari\u201d e per quelli di \u201cterze parti\u201d.<\/p>\n<ul>\n<li><a href=\"http:\/\/windows.microsoft.com\/it-IT\/internet-explorer\/delete-manage-cookies#ie=ie-11\" target=\"_blank\" rel=\"noopener\">Internet Explorer<\/a><\/li>\n<li><a href=\"https:\/\/support.mozilla.org\/it\/kb\/Gestione%20dei%20cookie?redirectlocale=en-US&amp;redirectslug=Cookies\" target=\"_blank\" rel=\"noopener\">Firefox<\/a><\/li>\n<li><a href=\"https:\/\/support.google.com\/chrome\/answer\/95647?hl=it\" target=\"_blank\" rel=\"noopener\">Google Chrome<\/a><\/li>\n<li><a href=\"http:\/\/www.opera.com\/help\/tutorials\/security\/cookies\/\" target=\"_blank\" rel=\"noopener\">Opera<\/a><\/li>\n<li><a href=\"https:\/\/support.apple.com\/kb\/PH19214?viewlocale=it_IT&amp;locale=it_IT\" target=\"_blank\" rel=\"noopener\">Safari<\/a><\/li>\n<li><a href=\"http:\/\/support.apple.com\/kb\/HT1677\" target=\"_blank\" rel=\"noopener\">Safari iOS<\/a><\/li>\n<li><a href=\"https:\/\/support.google.com\/xoom\/answer\/169022?hl=it&amp;rd=1\" target=\"_blank\" rel=\"noopener\">Android<\/a><\/li>\n<li><a href=\"http:\/\/docs.blackberry.com\/en\/smartphone_users\/deliverables\/32004\/Turn_off_cookies_in_the_browser_60_1072866_11.jsp\" target=\"_blank\" rel=\"noopener\">Blackberry<\/a><\/li>\n<li><a href=\"http:\/\/www.windowsphone.com\/it-IT\/how-to\/wp7\/web\/changing-privacy-and-other-browser-settings\" target=\"_blank\" rel=\"noopener\">Windows Phone<\/a><\/li>\n<\/ul>\n<h3>COOKIE UTILIZZATI IN QUESTO SITO<\/h3>\n<h4>Cookie tecnici<\/h4>\n<p>Quei cookie strettamente necessari per permettere:<\/p>\n<ul>\n<li>la navigazione e fruizione del sito web;<\/li>\n<li>la raccolta di informazioni, in forma aggregata, sul numero degli utenti e su come questi visitano il sito stesso (&#8220;cookie analytics&#8221;);<\/li>\n<li>la navigazione in funzione di una serie di criteri selezionati (ad esempio, la lingua, &#8220;cookie di funzionalit\u00e0&#8221;) al fine di migliorare il servizio reso allo stesso.<\/li>\n<\/ul>\n<p>Tali cookie non vengono utilizzati per scopi ulteriori rispetto a quelli funzionali sopra descritti e pertanto la loro installazione non richiede il tuo consenso.<\/p>\n<h4>Cookie di profilazione di terze parti<\/h4>\n<p>Tali cookie sono installati da soggetti diversi da\u00a0<span class=\"contains-cookie-policy-owner\">Pirovano Stelvio S.p.A<\/span>\u00a0e l&#8217;installazione degli stessi richiede il tuo consenso in mancanza del quale gli stessi non saranno installati.<\/p>\n<p>Ti riportiamo quindi di seguito i link alle informative privacy delle terze parti dove potrai esprimere il tuo consenso all&#8217;installazione di tali cookie evidenziando che, laddove non effettuassi alcuna scelta e decidessi di proseguire comunque con la navigazione all&#8217;interno del presente sito web, acconsentirai all&#8217;uso di tali cookie.<\/p>\n<ul>\n<li><strong>Google Analytics<\/strong><br \/>\nIl sito utilizza Google Analytics. Si tratta di un servizio di analisi web fornito da Google Inc. (\u201cGoogle\u201d) che utilizza dei cookie che vengono depositati sul computer dell&#8217;utente per consentire analisi statistiche in forma aggregata in ordine all&#8217;utilizzo del sito web visitato.<br \/>\nIl gestore del sito ha attivato la funzione di anonimizzazione dell&#8217;indirizzo IP e sottoscritto l&#8217;emendamento sulla elaborazione dei dati in conformit\u00e0 alla disciplina europea dettata dalla direttiva 95\/46\/CE.<br \/>\n<a href=\"http:\/\/www.google.com\/intl\/it_ALL\/analytics\/learn\/privacy.html\" target=\"_blank\" rel=\"noopener\">http:\/\/www.google.com\/intl\/it_ALL\/analytics\/learn\/privacy.html<\/a><\/li>\n<li><strong>YouTube<br \/>\n<\/strong>Inclusione video Youtube<br \/>\n<a href=\"https:\/\/www.youtube.com\/yt\/policyandsafety\/\" target=\"_blank\" rel=\"noopener\">https:\/\/www.youtube.com\/yt\/policyandsafety\/<\/a><\/li>\n<li><strong>Google Fonts<br \/>\n<\/strong>Archivio online di applicazioni per l&#8217;integrazione di font gratuiti per interfacce web.<br \/>\n<a href=\"http:\/\/www.google.com\/policies\/privacy\/\" target=\"_blank\" rel=\"noopener\">http:\/\/www.google.com\/policies\/privacy\/<\/a><\/li>\n<li><strong>Google Maps<br \/>\n<\/strong>Piattaforma di mappe online.<br \/>\n<a href=\"http:\/\/www.google.com\/policies\/privacy\/\" target=\"_blank\" rel=\"noopener\">http:\/\/www.google.com\/policies\/privacy\/<\/a><\/li>\n<li><strong>Real Cookie Banner<br \/>\n<\/strong>Sistema che permette di chiedere ai visitatori del sito il consenso per impostare i cookie e trattare i dati personali.<\/li>\n<\/ul>\n<p>Per saperne di pi\u00f9 riguardo ai cookie e come gestirli o disabilitare quelli di terze parti o di marketing\/retargeting, visita:<br \/>\n<span lang=\"zxx\"><a href=\"http:\/\/www.allaboutcookies.org\/\" target=\"_blank\" rel=\"noopener\">http:\/\/www.allaboutcookies.org<\/a><\/span><br \/>\n<span lang=\"zxx\"><a href=\"http:\/\/www.networkadvertising.org\/choices\/\" target=\"_blank\" rel=\"noopener\">http:\/\/ww.networkadvertising.org\/choices\/<\/a><\/span><br \/>\n<span lang=\"zxx\"><a href=\"http:\/\/www.youronlinechoices.com\/it\/\" target=\"_blank\" rel=\"noopener\">http:\/\/www.youronlinechoices.com\/it\/<\/a><\/span><br \/>\n<span lang=\"zxx\"><a href=\"https:\/\/tools.google.com\/dipage\/gaoptout\" target=\"_blank\" rel=\"noopener\">https:\/\/tools.google.com\/dipage\/gaoptout<\/a><\/span><br \/>\n<span lang=\"zxx\"><a href=\"http:\/\/www.aboutads.info\/choices\" target=\"_blank\" rel=\"noopener\">http:\/\/www.aboutads.info\/choices<\/a><\/span><\/p>\n<hr \/>\n<h3>Diritti degli interessati<\/h3>\n<h3>Ai sensi degli articoli dal 15 al 22 del Regolamento UE n. 2016\/679, gli interessati hanno diritto di:<\/h3>\n<p>a) chiedere la confe\u00adrma dell\u2019esistenza o meno di propri dati personali;<\/p>\n<p>b) ottenere le indicazioni circa le finalit\u00e0 del trattamento, le categorie dei dati personali, i destinatari o le categorie di destinatari a cui i dati personali sono stati o saranno comunicati e, quando possibile, il periodo di conservazione;<\/p>\n<p>c) ottenere la rettifica e la cancellazione dei dati;<\/p>\n<p>d) ottenere la limitazione del trattamento;<\/p>\n<p>e) ottenere la portabilit\u00e0 dei dati, ossia riceverli da un titolare del trattamento, in un formato strutturato, di uso comune e leggibile da dispositivo automatico, e trasmetterli ad un altro titolare del trattamento senza impedimenti;<\/p>\n<p>f) opporsi al trattamento in qualsiasi momento ed anche nel caso di trattamento per finalit\u00e0 di marketing diretto;<\/p>\n<p>g) opporsi ad un processo decisionale automatizzato relativo alle persone \ufb01siche, compresa la profilazione.<\/p>\n<p>h) chiedere al titolare del trattamento l\u2019accesso ai dati personali e la rettifica o la cancellazione degli stessi o la limitazione del trattamento che lo riguardano o di opporsi al loro trattamento, oltre al diritto alla portabilit\u00e0 dei dati;<\/p>\n<p>i) revocare il consenso in qualsiasi momento senza pregiudicare la liceit\u00e0 del trattamento basata sul consenso prestato prima della revoca;<\/p>\n<p>j) proporre reclamo a un\u2019autorit\u00e0 di controllo.<\/p>\n<p>Per l\u2019esercizio dei diritti previsti dalla normativa occorre rivolgersi al titolare del trattamento:<\/p>\n<p>Pirovano Stelvio S.p.A. \u2013 via Delle Prese 8 \u2013 23100 Sondrio, P.IVA 00526710140, tel. 0342 21.00.40, e-mail\u00a0<a href=\"mailto:info@pirovano.it\">info@pirovano.it<\/a>\u00a0\u2013 pec\u00a0<a href=\"mailto:pirovano@pec.popso.it\">pirovano@pec.popso.it<\/a><\/p>\n<p><strong>Il presente sito permette di abilitare i cookie e di modificare le impostazioni di scelta attraverso i seguenti link:<\/strong><\/p>\n<ul>\n<li><a  href=\"#consent-change\" role=\"button\" id=\"rcb-sc-link-change\" data-success-message=\"\" class=\"rcb-sc-link rcb-sc-link-change \">Cambia impostazioni cookie<\/a><\/li>\n<li><a  href=\"#consent-history\" role=\"button\" id=\"rcb-sc-link-history\" data-success-message=\"\" class=\"rcb-sc-link rcb-sc-link-history \">Cronologia impostazioni Privacy<\/a><\/li>\n<li><a  href=\"#consent-revoke\" role=\"button\" id=\"rcb-sc-link-revoke\" data-success-message=\"Hai revocato con successo il consenso. La pagina verr\u00e0 ricaricata ora.\" class=\"rcb-sc-link rcb-sc-link-revoke \">Revoca consenso<\/a><\/li>\n<\/ul>\n<hr \/>\n<p><em>Ultimo aggiornamento: 25 maggio 2022<\/em><\/p>\n","protected":false},"excerpt":{"rendered":"<p>INFORMATIVA ESTESA SUI COOKIE I sistemi informatici e i software preposti al funzionamento del Sito acquisiscono, nel corso del loro normale esercizio, alcuni dati personali la cui trasmissione \u00e8 implicita nell&#8217;uso dei protocolli di comunicazione di Internet, per mezzo dell\u2019azione di file memorizzati in via temporanea o permanente sul vostro hard-disk (cd. Cookies) e grazie [&hellip;]<\/p>\n","protected":false},"author":2,"featured_media":0,"parent":0,"menu_order":0,"comment_status":"closed","ping_status":"closed","template":"page-templates\/no-picture.php","meta":{"footnotes":""},"class_list":["post-11842","page","type-page","status-publish","hentry","odd"],"yoast_head":"<!-- This site is optimized with the Yoast SEO plugin v27.3 - https:\/\/yoast.com\/product\/yoast-seo-wordpress\/ -->\n<title>Cookie - Pirovano<\/title>\n<meta name=\"robots\" content=\"index, follow, max-snippet:-1, max-image-preview:large, max-video-preview:-1\" \/>\n<link rel=\"canonical\" href=\"https:\/\/pirovano.it\/it\/informativa-estesa-sui-cookie\/\" \/>\n<meta property=\"og:locale\" content=\"it_IT\" \/>\n<meta property=\"og:type\" content=\"article\" \/>\n<meta property=\"og:title\" content=\"Cookie - Pirovano\" \/>\n<meta property=\"og:description\" content=\"INFORMATIVA ESTESA SUI COOKIE I sistemi informatici e i software preposti al funzionamento del Sito acquisiscono, nel corso del loro normale esercizio, alcuni dati personali la cui trasmissione \u00e8 implicita nell&#8217;uso dei protocolli di comunicazione di Internet, per mezzo dell\u2019azione di file memorizzati in via temporanea o permanente sul vostro hard-disk (cd. Cookies) e grazie [&hellip;]\" \/>\n<meta property=\"og:url\" content=\"https:\/\/pirovano.it\/it\/informativa-estesa-sui-cookie\/\" \/>\n<meta property=\"og:site_name\" content=\"Pirovano\" \/>\n<meta property=\"article:modified_time\" content=\"2022-05-25T14:01:55+00:00\" \/>\n<meta name=\"twitter:card\" content=\"summary_large_image\" \/>\n<meta name=\"twitter:label1\" content=\"Tempo di lettura stimato\" \/>\n\t<meta name=\"twitter:data1\" content=\"8 minuti\" \/>\n<script type=\"application\/ld+json\" class=\"yoast-schema-graph\">{\"@context\":\"https:\\\/\\\/schema.org\",\"@graph\":[{\"@type\":\"WebPage\",\"@id\":\"https:\\\/\\\/pirovano.it\\\/it\\\/informativa-estesa-sui-cookie\\\/\",\"url\":\"https:\\\/\\\/pirovano.it\\\/it\\\/informativa-estesa-sui-cookie\\\/\",\"name\":\"Cookie - Pirovano\",\"isPartOf\":{\"@id\":\"https:\\\/\\\/pirovano.it\\\/it\\\/#website\"},\"datePublished\":\"2022-05-25T13:48:33+00:00\",\"dateModified\":\"2022-05-25T14:01:55+00:00\",\"breadcrumb\":{\"@id\":\"https:\\\/\\\/pirovano.it\\\/it\\\/informativa-estesa-sui-cookie\\\/#breadcrumb\"},\"inLanguage\":\"it-IT\",\"potentialAction\":[{\"@type\":\"ReadAction\",\"target\":[\"https:\\\/\\\/pirovano.it\\\/it\\\/informativa-estesa-sui-cookie\\\/\"]}]},{\"@type\":\"BreadcrumbList\",\"@id\":\"https:\\\/\\\/pirovano.it\\\/it\\\/informativa-estesa-sui-cookie\\\/#breadcrumb\",\"itemListElement\":[{\"@type\":\"ListItem\",\"position\":1,\"name\":\"Home\",\"item\":\"https:\\\/\\\/pirovano.it\\\/it\\\/\"},{\"@type\":\"ListItem\",\"position\":2,\"name\":\"Cookie\"}]},{\"@type\":\"WebSite\",\"@id\":\"https:\\\/\\\/pirovano.it\\\/it\\\/#website\",\"url\":\"https:\\\/\\\/pirovano.it\\\/it\\\/\",\"name\":\"Pirovano\",\"description\":\"Universit\u00e0 dello Sci, dello Snowboard e della Montagna\",\"potentialAction\":[{\"@type\":\"SearchAction\",\"target\":{\"@type\":\"EntryPoint\",\"urlTemplate\":\"https:\\\/\\\/pirovano.it\\\/it\\\/?s={search_term_string}\"},\"query-input\":{\"@type\":\"PropertyValueSpecification\",\"valueRequired\":true,\"valueName\":\"search_term_string\"}}],\"inLanguage\":\"it-IT\"}]}<\/script>\n<!-- \/ Yoast SEO plugin. -->","yoast_head_json":{"title":"Cookie - Pirovano","robots":{"index":"index","follow":"follow","max-snippet":"max-snippet:-1","max-image-preview":"max-image-preview:large","max-video-preview":"max-video-preview:-1"},"canonical":"https:\/\/pirovano.it\/it\/informativa-estesa-sui-cookie\/","og_locale":"it_IT","og_type":"article","og_title":"Cookie - Pirovano","og_description":"INFORMATIVA ESTESA SUI COOKIE I sistemi informatici e i software preposti al funzionamento del Sito acquisiscono, nel corso del loro normale esercizio, alcuni dati personali la cui trasmissione \u00e8 implicita nell&#8217;uso dei protocolli di comunicazione di Internet, per mezzo dell\u2019azione di file memorizzati in via temporanea o permanente sul vostro hard-disk (cd. Cookies) e grazie [&hellip;]","og_url":"https:\/\/pirovano.it\/it\/informativa-estesa-sui-cookie\/","og_site_name":"Pirovano","article_modified_time":"2022-05-25T14:01:55+00:00","twitter_card":"summary_large_image","twitter_misc":{"Tempo di lettura stimato":"8 minuti"},"schema":{"@context":"https:\/\/schema.org","@graph":[{"@type":"WebPage","@id":"https:\/\/pirovano.it\/it\/informativa-estesa-sui-cookie\/","url":"https:\/\/pirovano.it\/it\/informativa-estesa-sui-cookie\/","name":"Cookie - Pirovano","isPartOf":{"@id":"https:\/\/pirovano.it\/it\/#website"},"datePublished":"2022-05-25T13:48:33+00:00","dateModified":"2022-05-25T14:01:55+00:00","breadcrumb":{"@id":"https:\/\/pirovano.it\/it\/informativa-estesa-sui-cookie\/#breadcrumb"},"inLanguage":"it-IT","potentialAction":[{"@type":"ReadAction","target":["https:\/\/pirovano.it\/it\/informativa-estesa-sui-cookie\/"]}]},{"@type":"BreadcrumbList","@id":"https:\/\/pirovano.it\/it\/informativa-estesa-sui-cookie\/#breadcrumb","itemListElement":[{"@type":"ListItem","position":1,"name":"Home","item":"https:\/\/pirovano.it\/it\/"},{"@type":"ListItem","position":2,"name":"Cookie"}]},{"@type":"WebSite","@id":"https:\/\/pirovano.it\/it\/#website","url":"https:\/\/pirovano.it\/it\/","name":"Pirovano","description":"Universit\u00e0 dello Sci, dello Snowboard e della Montagna","potentialAction":[{"@type":"SearchAction","target":{"@type":"EntryPoint","urlTemplate":"https:\/\/pirovano.it\/it\/?s={search_term_string}"},"query-input":{"@type":"PropertyValueSpecification","valueRequired":true,"valueName":"search_term_string"}}],"inLanguage":"it-IT"}]}},"_links":{"self":[{"href":"https:\/\/pirovano.it\/it\/wp-json\/wp\/v2\/pages\/11842","targetHints":{"allow":["GET"]}}],"collection":[{"href":"https:\/\/pirovano.it\/it\/wp-json\/wp\/v2\/pages"}],"about":[{"href":"https:\/\/pirovano.it\/it\/wp-json\/wp\/v2\/types\/page"}],"author":[{"embeddable":true,"href":"https:\/\/pirovano.it\/it\/wp-json\/wp\/v2\/users\/2"}],"replies":[{"embeddable":true,"href":"https:\/\/pirovano.it\/it\/wp-json\/wp\/v2\/comments?post=11842"}],"version-history":[{"count":3,"href":"https:\/\/pirovano.it\/it\/wp-json\/wp\/v2\/pages\/11842\/revisions"}],"predecessor-version":[{"id":11854,"href":"https:\/\/pirovano.it\/it\/wp-json\/wp\/v2\/pages\/11842\/revisions\/11854"}],"wp:attachment":[{"href":"https:\/\/pirovano.it\/it\/wp-json\/wp\/v2\/media?parent=11842"}],"curies":[{"name":"wp","href":"https:\/\/api.w.org\/{rel}","templated":true}]}}