{"id":162,"date":"2018-03-10T11:14:27","date_gmt":"2018-03-10T11:14:27","guid":{"rendered":"http:\/\/pirovanonew.local\/?page_id=162"},"modified":"2022-04-08T13:27:21","modified_gmt":"2022-04-08T11:27:21","slug":"come-arrivare-allo-stelvio","status":"publish","type":"page","link":"https:\/\/pirovano.it\/it\/come-arrivare-allo-stelvio\/","title":{"rendered":"Come arrivare"},"content":{"rendered":"<p>Come arrivare al Passo dello Stelvio in macchina, moto e mezzi pubblici<\/p>\n<p>Il Passo dello Stelvio \u00e8 uno dei passi carrabili pi\u00f9 alti d&#8217;Europa (2760 mslm)<strong><br \/>\n<\/strong><\/p>\n<p>Dall&#8217;Italia \u00e8 facilmente raggiungibile dalla Valtellina, attraverso Bormio, e dalla Val Venosta passando per Bolzano.<br \/>\n<i class=\"fas fa-exclamation-circle\"><\/i> <em>\u00c8 consigliato essere muniti di catene da neve: essendo in alta montagna il Passo dello Stelvio pu\u00f2 essere soggetto a nevicate anche in piena estate!<\/em><\/p>\n<ul class=\"multicolumns\">\n<li><a href=\"https:\/\/www.google.it\/maps\/dir\/Milano,+Milano\/Passo+Stelvio,+Bormio+Sondrio,+Lombardia\/\" target=\"_blank\" rel=\"noopener noreferrer\"><i class=\"fas fa-map-signs\"><\/i> da Milano<\/a><br \/>\n220 km \u2013 3 ore 40 min<\/li>\n<li><a href=\"https:\/\/www.google.it\/maps\/dir\/genova\/Passo+Stelvio,+Bormio+Sondrio,+Lombardia\/\" target=\"_blank\" rel=\"noopener noreferrer\"><i class=\"fas fa-map-signs\"><\/i> da Genova<\/a><br \/>\n370 km \u2013 5 ore<\/li>\n<li><a href=\"https:\/\/www.google.it\/maps\/dir\/genova\/Passo+Stelvio,+Bormio+Sondrio,+Lombardia\/\" target=\"_blank\" rel=\"noopener noreferrer\"><i class=\"fas fa-map-signs\"><\/i> da Bologna<\/a><br \/>\n380 km \u2013 4 ore<\/li>\n<li><a href=\"https:\/\/www.google.it\/maps\/dir\/venezia\/Passo+Stelvio,+Bormio+Sondrio,+Lombardia\" target=\"_blank\" rel=\"noopener noreferrer\"><i class=\"fas fa-map-signs\"><\/i> da Venezia<\/a><br \/>\n370 km \u2013 4 ore<\/li>\n<\/ul>\n<hr \/>\n<h3><i class=\"fas fa-map-marker-alt\"><\/i> Posizione degli appartamenti a Bormio (SO)<\/h3>\n<ul class=\"multicolumns\">\n<li><a href=\"https:\/\/www.google.it\/maps\/place\/Via+Roma,+131,+23032+Bormio+SO\" target=\"_blank\" rel=\"noopener noreferrer\"><i class=\"fas fa-map-marker-alt\"><\/i> Appartamenti &#8220;Pirovano&#8221;<\/a><br \/>\nvia roma 131, Bormio (SO)<\/li>\n<li><a href=\"https:\/\/www.google.it\/maps\/place\/Via+Milano,+24,+23032+Bormio+SO\" target=\"_blank\" rel=\"noopener noreferrer\"><i class=\"fas fa-map-marker-alt\"><\/i> Appartamenti &#8220;Chalet Felse&#8221;<\/a><br \/>\nvia Milano 24, Bormio (SO)<\/li>\n<\/ul>\n<hr \/>\n<h3><i class=\"fas fa-map-marker-alt\"><\/i> Posizione degli appartamenti a Valdidentro (SO)<\/h3>\n<ul>\n<li><a href=\"https:\/\/www.google.it\/maps\/place\/Via+Nazionale,+29,+23038+Isolaccia+SO\/@46.4879103,10.2973741,17z\/data=!3m1!4b1!4m5!3m4!1s0x47830dd809531aed:0x9e0e4acaf84530a!8m2!3d46.4879103!4d10.2995628\" target=\"_blank\" rel=\"noopener noreferrer\"><i class=\"fas fa-map-marker-alt\"><\/i> Appartamenti &#8220;Pirovano&#8221;<\/a> via Nazionale, 31 \u2013 Frazione Isolaccia, Valdidentro (SO)<\/li>\n<\/ul>\n","protected":false},"excerpt":{"rendered":"<p>Come arrivare al Passo dello Stelvio in macchina, moto e mezzi pubblici Il Passo dello Stelvio \u00e8 uno dei passi carrabili pi\u00f9 alti d&#8217;Europa (2760 mslm) Dall&#8217;Italia \u00e8 facilmente raggiungibile dalla Valtellina, attraverso Bormio, e dalla Val Venosta passando per Bolzano. \u00c8 consigliato essere muniti di catene da neve: essendo in alta montagna il Passo [&hellip;]<\/p>\n","protected":false},"author":2,"featured_media":446,"parent":0,"menu_order":0,"comment_status":"closed","ping_status":"closed","template":"page-templates\/map.php","meta":{"footnotes":""},"class_list":["post-162","page","type-page","status-publish","has-post-thumbnail","hentry","odd"],"yoast_head":"<!-- This site is optimized with the Yoast SEO plugin v27.4 - https:\/\/yoast.com\/product\/yoast-seo-wordpress\/ -->\n<title>Come arrivare al Passo dello Stelvio in macchina, moto e mezzi pubblici<\/title>\n<meta name=\"description\" content=\"Come arrivare al Passo dello Stelvio in macchina, moto e mezzi pubblici: si pu\u00f2 arrivare dall&#039;Alto-Adige per Bolzano o dalla Valtellina per Bormio\" \/>\n<meta name=\"robots\" content=\"index, follow, max-snippet:-1, max-image-preview:large, max-video-preview:-1\" \/>\n<link rel=\"canonical\" href=\"https:\/\/pirovano.it\/it\/come-arrivare-allo-stelvio\/\" \/>\n<meta property=\"og:locale\" content=\"it_IT\" \/>\n<meta property=\"og:type\" content=\"article\" \/>\n<meta property=\"og:title\" content=\"Come arrivare al Passo dello Stelvio in macchina, moto e mezzi pubblici\" \/>\n<meta property=\"og:description\" content=\"Come arrivare al Passo dello Stelvio in macchina, moto e mezzi pubblici: si pu\u00f2 arrivare dall&#039;Alto-Adige per Bolzano o dalla Valtellina per Bormio\" \/>\n<meta property=\"og:url\" content=\"https:\/\/pirovano.it\/it\/come-arrivare-allo-stelvio\/\" \/>\n<meta property=\"og:site_name\" content=\"Pirovano\" \/>\n<meta property=\"article:modified_time\" content=\"2022-04-08T11:27:21+00:00\" \/>\n<meta property=\"og:image\" content=\"https:\/\/pirovano.it\/wp-content\/uploads\/2018\/03\/strada-tornanti-stelvio.jpg\" \/>\n\t<meta property=\"og:image:width\" content=\"1920\" \/>\n\t<meta property=\"og:image:height\" content=\"957\" \/>\n\t<meta property=\"og:image:type\" content=\"image\/jpeg\" \/>\n<meta name=\"twitter:card\" content=\"summary_large_image\" \/>\n<meta name=\"twitter:label1\" content=\"Tempo di lettura stimato\" \/>\n\t<meta name=\"twitter:data1\" content=\"1 minuto\" \/>\n<script type=\"application\/ld+json\" class=\"yoast-schema-graph\">{\"@context\":\"https:\\\/\\\/schema.org\",\"@graph\":[{\"@type\":\"WebPage\",\"@id\":\"https:\\\/\\\/pirovano.it\\\/it\\\/come-arrivare-allo-stelvio\\\/\",\"url\":\"https:\\\/\\\/pirovano.it\\\/it\\\/come-arrivare-allo-stelvio\\\/\",\"name\":\"Come arrivare al Passo dello Stelvio in macchina, moto e mezzi pubblici\",\"isPartOf\":{\"@id\":\"https:\\\/\\\/pirovano.it\\\/it\\\/#website\"},\"primaryImageOfPage\":{\"@id\":\"https:\\\/\\\/pirovano.it\\\/it\\\/come-arrivare-allo-stelvio\\\/#primaryimage\"},\"image\":{\"@id\":\"https:\\\/\\\/pirovano.it\\\/it\\\/come-arrivare-allo-stelvio\\\/#primaryimage\"},\"thumbnailUrl\":\"https:\\\/\\\/pirovano.it\\\/wp-content\\\/uploads\\\/2018\\\/03\\\/strada-tornanti-stelvio.jpg\",\"datePublished\":\"2018-03-10T11:14:27+00:00\",\"dateModified\":\"2022-04-08T11:27:21+00:00\",\"description\":\"Come arrivare al Passo dello Stelvio in macchina, moto e mezzi pubblici: si pu\u00f2 arrivare dall'Alto-Adige per Bolzano o dalla Valtellina per Bormio\",\"breadcrumb\":{\"@id\":\"https:\\\/\\\/pirovano.it\\\/it\\\/come-arrivare-allo-stelvio\\\/#breadcrumb\"},\"inLanguage\":\"it-IT\",\"potentialAction\":[{\"@type\":\"ReadAction\",\"target\":[\"https:\\\/\\\/pirovano.it\\\/it\\\/come-arrivare-allo-stelvio\\\/\"]}]},{\"@type\":\"ImageObject\",\"inLanguage\":\"it-IT\",\"@id\":\"https:\\\/\\\/pirovano.it\\\/it\\\/come-arrivare-allo-stelvio\\\/#primaryimage\",\"url\":\"https:\\\/\\\/pirovano.it\\\/wp-content\\\/uploads\\\/2018\\\/03\\\/strada-tornanti-stelvio.jpg\",\"contentUrl\":\"https:\\\/\\\/pirovano.it\\\/wp-content\\\/uploads\\\/2018\\\/03\\\/strada-tornanti-stelvio.jpg\",\"width\":1920,\"height\":957},{\"@type\":\"BreadcrumbList\",\"@id\":\"https:\\\/\\\/pirovano.it\\\/it\\\/come-arrivare-allo-stelvio\\\/#breadcrumb\",\"itemListElement\":[{\"@type\":\"ListItem\",\"position\":1,\"name\":\"Home\",\"item\":\"https:\\\/\\\/pirovano.it\\\/it\\\/\"},{\"@type\":\"ListItem\",\"position\":2,\"name\":\"Come arrivare\"}]},{\"@type\":\"WebSite\",\"@id\":\"https:\\\/\\\/pirovano.it\\\/it\\\/#website\",\"url\":\"https:\\\/\\\/pirovano.it\\\/it\\\/\",\"name\":\"Pirovano\",\"description\":\"Universit\u00e0 dello Sci, dello Snowboard e della Montagna\",\"potentialAction\":[{\"@type\":\"SearchAction\",\"target\":{\"@type\":\"EntryPoint\",\"urlTemplate\":\"https:\\\/\\\/pirovano.it\\\/it\\\/?s={search_term_string}\"},\"query-input\":{\"@type\":\"PropertyValueSpecification\",\"valueRequired\":true,\"valueName\":\"search_term_string\"}}],\"inLanguage\":\"it-IT\"}]}<\/script>\n<!-- \/ Yoast SEO plugin. -->","yoast_head_json":{"title":"Come arrivare al Passo dello Stelvio in macchina, moto e mezzi pubblici","description":"Come arrivare al Passo dello Stelvio in macchina, moto e mezzi pubblici: si pu\u00f2 arrivare dall'Alto-Adige per Bolzano o dalla Valtellina per Bormio","robots":{"index":"index","follow":"follow","max-snippet":"max-snippet:-1","max-image-preview":"max-image-preview:large","max-video-preview":"max-video-preview:-1"},"canonical":"https:\/\/pirovano.it\/it\/come-arrivare-allo-stelvio\/","og_locale":"it_IT","og_type":"article","og_title":"Come arrivare al Passo dello Stelvio in macchina, moto e mezzi pubblici","og_description":"Come arrivare al Passo dello Stelvio in macchina, moto e mezzi pubblici: si pu\u00f2 arrivare dall'Alto-Adige per Bolzano o dalla Valtellina per Bormio","og_url":"https:\/\/pirovano.it\/it\/come-arrivare-allo-stelvio\/","og_site_name":"Pirovano","article_modified_time":"2022-04-08T11:27:21+00:00","og_image":[{"width":1920,"height":957,"url":"https:\/\/pirovano.it\/wp-content\/uploads\/2018\/03\/strada-tornanti-stelvio.jpg","type":"image\/jpeg"}],"twitter_card":"summary_large_image","twitter_misc":{"Tempo di lettura stimato":"1 minuto"},"schema":{"@context":"https:\/\/schema.org","@graph":[{"@type":"WebPage","@id":"https:\/\/pirovano.it\/it\/come-arrivare-allo-stelvio\/","url":"https:\/\/pirovano.it\/it\/come-arrivare-allo-stelvio\/","name":"Come arrivare al Passo dello Stelvio in macchina, moto e mezzi pubblici","isPartOf":{"@id":"https:\/\/pirovano.it\/it\/#website"},"primaryImageOfPage":{"@id":"https:\/\/pirovano.it\/it\/come-arrivare-allo-stelvio\/#primaryimage"},"image":{"@id":"https:\/\/pirovano.it\/it\/come-arrivare-allo-stelvio\/#primaryimage"},"thumbnailUrl":"https:\/\/pirovano.it\/wp-content\/uploads\/2018\/03\/strada-tornanti-stelvio.jpg","datePublished":"2018-03-10T11:14:27+00:00","dateModified":"2022-04-08T11:27:21+00:00","description":"Come arrivare al Passo dello Stelvio in macchina, moto e mezzi pubblici: si pu\u00f2 arrivare dall'Alto-Adige per Bolzano o dalla Valtellina per Bormio","breadcrumb":{"@id":"https:\/\/pirovano.it\/it\/come-arrivare-allo-stelvio\/#breadcrumb"},"inLanguage":"it-IT","potentialAction":[{"@type":"ReadAction","target":["https:\/\/pirovano.it\/it\/come-arrivare-allo-stelvio\/"]}]},{"@type":"ImageObject","inLanguage":"it-IT","@id":"https:\/\/pirovano.it\/it\/come-arrivare-allo-stelvio\/#primaryimage","url":"https:\/\/pirovano.it\/wp-content\/uploads\/2018\/03\/strada-tornanti-stelvio.jpg","contentUrl":"https:\/\/pirovano.it\/wp-content\/uploads\/2018\/03\/strada-tornanti-stelvio.jpg","width":1920,"height":957},{"@type":"BreadcrumbList","@id":"https:\/\/pirovano.it\/it\/come-arrivare-allo-stelvio\/#breadcrumb","itemListElement":[{"@type":"ListItem","position":1,"name":"Home","item":"https:\/\/pirovano.it\/it\/"},{"@type":"ListItem","position":2,"name":"Come arrivare"}]},{"@type":"WebSite","@id":"https:\/\/pirovano.it\/it\/#website","url":"https:\/\/pirovano.it\/it\/","name":"Pirovano","description":"Universit\u00e0 dello Sci, dello Snowboard e della Montagna","potentialAction":[{"@type":"SearchAction","target":{"@type":"EntryPoint","urlTemplate":"https:\/\/pirovano.it\/it\/?s={search_term_string}"},"query-input":{"@type":"PropertyValueSpecification","valueRequired":true,"valueName":"search_term_string"}}],"inLanguage":"it-IT"}]}},"_links":{"self":[{"href":"https:\/\/pirovano.it\/it\/wp-json\/wp\/v2\/pages\/162","targetHints":{"allow":["GET"]}}],"collection":[{"href":"https:\/\/pirovano.it\/it\/wp-json\/wp\/v2\/pages"}],"about":[{"href":"https:\/\/pirovano.it\/it\/wp-json\/wp\/v2\/types\/page"}],"author":[{"embeddable":true,"href":"https:\/\/pirovano.it\/it\/wp-json\/wp\/v2\/users\/2"}],"replies":[{"embeddable":true,"href":"https:\/\/pirovano.it\/it\/wp-json\/wp\/v2\/comments?post=162"}],"version-history":[{"count":61,"href":"https:\/\/pirovano.it\/it\/wp-json\/wp\/v2\/pages\/162\/revisions"}],"predecessor-version":[{"id":301,"href":"https:\/\/pirovano.it\/it\/wp-json\/wp\/v2\/pages\/162\/revisions\/301"}],"wp:featuredmedia":[{"embeddable":true,"href":"https:\/\/pirovano.it\/it\/wp-json\/wp\/v2\/media\/446"}],"wp:attachment":[{"href":"https:\/\/pirovano.it\/it\/wp-json\/wp\/v2\/media?parent=162"}],"curies":[{"name":"wp","href":"https:\/\/api.w.org\/{rel}","templated":true}]}}