{"id":1756,"date":"2018-03-28T23:05:29","date_gmt":"2018-03-28T23:05:29","guid":{"rendered":"http:\/\/pirovano.webfactional.com\/?page_id=1756"},"modified":"2026-04-02T11:28:46","modified_gmt":"2026-04-02T09:28:46","slug":"pacchetti-scuola-sci-skipass","status":"publish","type":"page","link":"https:\/\/pirovano.it\/it\/scuola-sci-estate-autunno\/pacchetti-scuola-sci-skipass\/","title":{"rendered":"Offerta Scuola Sci e Skipass al Passo dello Stelvio"},"content":{"rendered":"<p>I corsi collettivi 5\/6 giorni dell&#8217;Universit\u00e0 dello Sci Pirovano inizieranno a decorrere da luned\u00ec 01 giugno e termineranno sabato 05 settembre 2026.<\/p>\n<p><strong>Dal 06<\/strong> <strong>settembre al 1\u00b0 novembre 2026<\/strong>\u00a0i corsi collettivi saranno sostituiti da corsi privati, ideati per coloro che richiedono lezioni individuali per principianti, perfezionamento agonistico o programmi di allenamento e preparazione aspiranti maestri di sci.<\/p>\n<p>Le lezioni collettive saranno comunque garantite, previo richiesta, per gruppi organizzati e precostituiti con un minimo di 5 allievi.<\/p>\n<h4><strong>Quote servizi scuola 5 gg. (dal luned\u00ec al venerd\u00ec incluso, 4 ore al giorno) e skipass:<br \/>\n<\/strong><\/h4>\n<ul>\n<li>Scuola Sci 5 giorni + Skipass 7 giorni <strong>\u20ac 572,00<\/strong><br \/>\n(Scuola Sci \u20ac 350,00 &#8211; Skipass \u20ac 232,00)<\/li>\n<li>Scuola Sci 5 giorni + Skipass 6 giorni <strong>\u20ac 562,00<\/strong><br \/>\n(Scuola Sci \u20ac 350,00 &#8211; Skipass \u20ac 212,00)<\/li>\n<li>Scuola Sci 5 giorni + Skipass 5 giorni <strong>\u20ac 550,00<\/strong><br \/>\n(Scuola Sci \u20ac 350,00 &#8211; Skipass \u20ac 200,00)<\/li>\n<\/ul>\n<h4><strong>Quote servizi scuola 6 gg. (dal luned\u00ec al sabato incluso, 4 ore al giorno) e skipass:<\/strong><\/h4>\n<ul>\n<li>Scuola Sci 6 giorni + Skipass 7 giorni <strong>\u20ac 632,00<\/strong><br \/>\n(Scuola Sci \u20ac 400,00 &#8211; Skipass \u20ac 232,00)<\/li>\n<li>Scuola Sci 6 giorni + Skipass 6 giorni <strong>\u20ac 612,00<\/strong><br \/>\n(Scuola Sci \u20ac 400,00 &#8211; Skipass \u20ac 212,00)<\/li>\n<\/ul>\n<p>Per tutta la durata della stagione estiva 2026 &#8211; a richiesta e con prenotazione obbligatoria \u2013 possibilit\u00e0 di inserimento nei corsi collettivi anche per periodi di soggiorno inferiori ai 5 giorni (purch\u00e9 non principianti), oltre che di lezioni private.<\/p>\n<p><strong>N.B.: per tutte le prove tra i pali \u00e8 obbligatorio l&#8217;uso del casco protettivo. Le quote sopra indicate per le lezioni collettive 5 o 6 giorni sono riservate esclusivamente ai clienti della nostra struttura alberghiera. L&#8217;et\u00e0 minima richiesta per la partecipazione ai corsi collettivi \u00e8 di anni 8.<br \/>\n<\/strong><\/p>\n<hr \/>\n<h3>SCUOLA SCI PRINCIPIANTI e BABY di et\u00e0 inferiore a anni 8<\/h3>\n<p>I corsi collettivi principianti e baby principianti sono previsti esclusivamente nel periodo 7\/6 &#8211; 5\/7 e dal 2\/8 al 16\/8\/2026.<\/p>\n<p>In tutti gli altri periodi della stagione, possibilit\u00e0 di lezioni individuali della durata di 2 ore al giorno, dal luned\u00ec al venerd\u00ec incluso, al costo di \u20ac 550,00, cui aggiungere \u20ac 150,00 per ogni persona oltre la prima.<\/p>\n<h3>LEZIONI INDIVIDUALI<\/h3>\n<p>&#8230;e se le Vostre esigenze sono differenti, costruite la formula scuola sci a Voi pi\u00f9 congeniale. Su richiesta possibilit\u00e0 di lezioni individuali personalizzate in tutti i periodi della stagione.<\/p>\n<hr \/>\n<h4><\/h4>\n","protected":false},"excerpt":{"rendered":"<p>I corsi collettivi 5\/6 giorni dell&#8217;Universit\u00e0 dello Sci Pirovano inizieranno a decorrere da luned\u00ec 01 giugno e termineranno sabato 05 settembre 2026. Dal 06 settembre al 1\u00b0 novembre 2026\u00a0i corsi collettivi saranno sostituiti da corsi privati, ideati per coloro che richiedono lezioni individuali per principianti, perfezionamento agonistico o programmi di allenamento e preparazione aspiranti maestri [&hellip;]<\/p>\n","protected":false},"author":2,"featured_media":1265,"parent":11,"menu_order":0,"comment_status":"closed","ping_status":"closed","template":"","meta":{"footnotes":""},"class_list":["post-1756","page","type-page","status-publish","has-post-thumbnail","hentry","odd"],"yoast_head":"<!-- This site is optimized with the Yoast SEO plugin v27.3 - https:\/\/yoast.com\/product\/yoast-seo-wordpress\/ -->\n<title>Offerta Scuola di Sci Pirovano e Skipass al Passo dello Stelvio<\/title>\n<meta name=\"description\" content=\"La Scuola di Sci Pirovano al Passo dello Stelvio offre corsi per tutti i livelli e comprende il prezzo dello Skipass per gli impianti e le piste\" \/>\n<meta name=\"robots\" content=\"index, follow, max-snippet:-1, max-image-preview:large, max-video-preview:-1\" \/>\n<link rel=\"canonical\" href=\"https:\/\/pirovano.it\/it\/scuola-sci-estate-autunno\/pacchetti-scuola-sci-skipass\/\" \/>\n<meta property=\"og:locale\" content=\"it_IT\" \/>\n<meta property=\"og:type\" content=\"article\" \/>\n<meta property=\"og:title\" content=\"Offerta Scuola di Sci Pirovano e Skipass al Passo dello Stelvio\" \/>\n<meta property=\"og:description\" content=\"La Scuola di Sci Pirovano al Passo dello Stelvio offre corsi per tutti i livelli e comprende il prezzo dello Skipass per gli impianti e le piste\" \/>\n<meta property=\"og:url\" content=\"https:\/\/pirovano.it\/it\/scuola-sci-estate-autunno\/pacchetti-scuola-sci-skipass\/\" \/>\n<meta property=\"og:site_name\" content=\"Pirovano\" \/>\n<meta property=\"article:modified_time\" content=\"2026-04-02T09:28:46+00:00\" \/>\n<meta property=\"og:image\" content=\"https:\/\/pirovano.it\/wp-content\/uploads\/2018\/03\/DSC_1692-1024x685.jpg\" \/>\n\t<meta property=\"og:image:width\" content=\"1024\" \/>\n\t<meta property=\"og:image:height\" content=\"685\" \/>\n\t<meta property=\"og:image:type\" content=\"image\/jpeg\" \/>\n<meta name=\"twitter:card\" content=\"summary_large_image\" \/>\n<meta name=\"twitter:label1\" content=\"Tempo di lettura stimato\" \/>\n\t<meta name=\"twitter:data1\" content=\"3 minuti\" \/>\n<script type=\"application\/ld+json\" class=\"yoast-schema-graph\">{\"@context\":\"https:\\\/\\\/schema.org\",\"@graph\":[{\"@type\":\"WebPage\",\"@id\":\"https:\\\/\\\/pirovano.it\\\/it\\\/scuola-sci-estate-autunno\\\/pacchetti-scuola-sci-skipass\\\/\",\"url\":\"https:\\\/\\\/pirovano.it\\\/it\\\/scuola-sci-estate-autunno\\\/pacchetti-scuola-sci-skipass\\\/\",\"name\":\"Offerta Scuola di Sci Pirovano e Skipass al Passo dello Stelvio\",\"isPartOf\":{\"@id\":\"https:\\\/\\\/pirovano.it\\\/it\\\/#website\"},\"primaryImageOfPage\":{\"@id\":\"https:\\\/\\\/pirovano.it\\\/it\\\/scuola-sci-estate-autunno\\\/pacchetti-scuola-sci-skipass\\\/#primaryimage\"},\"image\":{\"@id\":\"https:\\\/\\\/pirovano.it\\\/it\\\/scuola-sci-estate-autunno\\\/pacchetti-scuola-sci-skipass\\\/#primaryimage\"},\"thumbnailUrl\":\"https:\\\/\\\/pirovano.it\\\/wp-content\\\/uploads\\\/2018\\\/03\\\/DSC_1692.jpg\",\"datePublished\":\"2018-03-28T23:05:29+00:00\",\"dateModified\":\"2026-04-02T09:28:46+00:00\",\"description\":\"La Scuola di Sci Pirovano al Passo dello Stelvio offre corsi per tutti i livelli e comprende il prezzo dello Skipass per gli impianti e le piste\",\"breadcrumb\":{\"@id\":\"https:\\\/\\\/pirovano.it\\\/it\\\/scuola-sci-estate-autunno\\\/pacchetti-scuola-sci-skipass\\\/#breadcrumb\"},\"inLanguage\":\"it-IT\",\"potentialAction\":[{\"@type\":\"ReadAction\",\"target\":[\"https:\\\/\\\/pirovano.it\\\/it\\\/scuola-sci-estate-autunno\\\/pacchetti-scuola-sci-skipass\\\/\"]}]},{\"@type\":\"ImageObject\",\"inLanguage\":\"it-IT\",\"@id\":\"https:\\\/\\\/pirovano.it\\\/it\\\/scuola-sci-estate-autunno\\\/pacchetti-scuola-sci-skipass\\\/#primaryimage\",\"url\":\"https:\\\/\\\/pirovano.it\\\/wp-content\\\/uploads\\\/2018\\\/03\\\/DSC_1692.jpg\",\"contentUrl\":\"https:\\\/\\\/pirovano.it\\\/wp-content\\\/uploads\\\/2018\\\/03\\\/DSC_1692.jpg\",\"width\":3872,\"height\":2592},{\"@type\":\"BreadcrumbList\",\"@id\":\"https:\\\/\\\/pirovano.it\\\/it\\\/scuola-sci-estate-autunno\\\/pacchetti-scuola-sci-skipass\\\/#breadcrumb\",\"itemListElement\":[{\"@type\":\"ListItem\",\"position\":1,\"name\":\"Home\",\"item\":\"https:\\\/\\\/pirovano.it\\\/it\\\/\"},{\"@type\":\"ListItem\",\"position\":2,\"name\":\"Scuola di Sci Pirovano &#8211; L&#8217;Universit\u00e0 dello Sci in estate e autunno\",\"item\":\"https:\\\/\\\/pirovano.it\\\/it\\\/scuola-sci-estate-autunno\\\/\"},{\"@type\":\"ListItem\",\"position\":3,\"name\":\"Offerta Scuola Sci e Skipass al Passo dello Stelvio\"}]},{\"@type\":\"WebSite\",\"@id\":\"https:\\\/\\\/pirovano.it\\\/it\\\/#website\",\"url\":\"https:\\\/\\\/pirovano.it\\\/it\\\/\",\"name\":\"Pirovano\",\"description\":\"Universit\u00e0 dello Sci, dello Snowboard e della Montagna\",\"potentialAction\":[{\"@type\":\"SearchAction\",\"target\":{\"@type\":\"EntryPoint\",\"urlTemplate\":\"https:\\\/\\\/pirovano.it\\\/it\\\/?s={search_term_string}\"},\"query-input\":{\"@type\":\"PropertyValueSpecification\",\"valueRequired\":true,\"valueName\":\"search_term_string\"}}],\"inLanguage\":\"it-IT\"}]}<\/script>\n<!-- \/ Yoast SEO plugin. -->","yoast_head_json":{"title":"Offerta Scuola di Sci Pirovano e Skipass al Passo dello Stelvio","description":"La Scuola di Sci Pirovano al Passo dello Stelvio offre corsi per tutti i livelli e comprende il prezzo dello Skipass per gli impianti e le piste","robots":{"index":"index","follow":"follow","max-snippet":"max-snippet:-1","max-image-preview":"max-image-preview:large","max-video-preview":"max-video-preview:-1"},"canonical":"https:\/\/pirovano.it\/it\/scuola-sci-estate-autunno\/pacchetti-scuola-sci-skipass\/","og_locale":"it_IT","og_type":"article","og_title":"Offerta Scuola di Sci Pirovano e Skipass al Passo dello Stelvio","og_description":"La Scuola di Sci Pirovano al Passo dello Stelvio offre corsi per tutti i livelli e comprende il prezzo dello Skipass per gli impianti e le piste","og_url":"https:\/\/pirovano.it\/it\/scuola-sci-estate-autunno\/pacchetti-scuola-sci-skipass\/","og_site_name":"Pirovano","article_modified_time":"2026-04-02T09:28:46+00:00","og_image":[{"width":1024,"height":685,"url":"https:\/\/pirovano.it\/wp-content\/uploads\/2018\/03\/DSC_1692-1024x685.jpg","type":"image\/jpeg"}],"twitter_card":"summary_large_image","twitter_misc":{"Tempo di lettura stimato":"3 minuti"},"schema":{"@context":"https:\/\/schema.org","@graph":[{"@type":"WebPage","@id":"https:\/\/pirovano.it\/it\/scuola-sci-estate-autunno\/pacchetti-scuola-sci-skipass\/","url":"https:\/\/pirovano.it\/it\/scuola-sci-estate-autunno\/pacchetti-scuola-sci-skipass\/","name":"Offerta Scuola di Sci Pirovano e Skipass al Passo dello Stelvio","isPartOf":{"@id":"https:\/\/pirovano.it\/it\/#website"},"primaryImageOfPage":{"@id":"https:\/\/pirovano.it\/it\/scuola-sci-estate-autunno\/pacchetti-scuola-sci-skipass\/#primaryimage"},"image":{"@id":"https:\/\/pirovano.it\/it\/scuola-sci-estate-autunno\/pacchetti-scuola-sci-skipass\/#primaryimage"},"thumbnailUrl":"https:\/\/pirovano.it\/wp-content\/uploads\/2018\/03\/DSC_1692.jpg","datePublished":"2018-03-28T23:05:29+00:00","dateModified":"2026-04-02T09:28:46+00:00","description":"La Scuola di Sci Pirovano al Passo dello Stelvio offre corsi per tutti i livelli e comprende il prezzo dello Skipass per gli impianti e le piste","breadcrumb":{"@id":"https:\/\/pirovano.it\/it\/scuola-sci-estate-autunno\/pacchetti-scuola-sci-skipass\/#breadcrumb"},"inLanguage":"it-IT","potentialAction":[{"@type":"ReadAction","target":["https:\/\/pirovano.it\/it\/scuola-sci-estate-autunno\/pacchetti-scuola-sci-skipass\/"]}]},{"@type":"ImageObject","inLanguage":"it-IT","@id":"https:\/\/pirovano.it\/it\/scuola-sci-estate-autunno\/pacchetti-scuola-sci-skipass\/#primaryimage","url":"https:\/\/pirovano.it\/wp-content\/uploads\/2018\/03\/DSC_1692.jpg","contentUrl":"https:\/\/pirovano.it\/wp-content\/uploads\/2018\/03\/DSC_1692.jpg","width":3872,"height":2592},{"@type":"BreadcrumbList","@id":"https:\/\/pirovano.it\/it\/scuola-sci-estate-autunno\/pacchetti-scuola-sci-skipass\/#breadcrumb","itemListElement":[{"@type":"ListItem","position":1,"name":"Home","item":"https:\/\/pirovano.it\/it\/"},{"@type":"ListItem","position":2,"name":"Scuola di Sci Pirovano &#8211; L&#8217;Universit\u00e0 dello Sci in estate e autunno","item":"https:\/\/pirovano.it\/it\/scuola-sci-estate-autunno\/"},{"@type":"ListItem","position":3,"name":"Offerta Scuola Sci e Skipass al Passo dello Stelvio"}]},{"@type":"WebSite","@id":"https:\/\/pirovano.it\/it\/#website","url":"https:\/\/pirovano.it\/it\/","name":"Pirovano","description":"Universit\u00e0 dello Sci, dello Snowboard e della Montagna","potentialAction":[{"@type":"SearchAction","target":{"@type":"EntryPoint","urlTemplate":"https:\/\/pirovano.it\/it\/?s={search_term_string}"},"query-input":{"@type":"PropertyValueSpecification","valueRequired":true,"valueName":"search_term_string"}}],"inLanguage":"it-IT"}]}},"_links":{"self":[{"href":"https:\/\/pirovano.it\/it\/wp-json\/wp\/v2\/pages\/1756","targetHints":{"allow":["GET"]}}],"collection":[{"href":"https:\/\/pirovano.it\/it\/wp-json\/wp\/v2\/pages"}],"about":[{"href":"https:\/\/pirovano.it\/it\/wp-json\/wp\/v2\/types\/page"}],"author":[{"embeddable":true,"href":"https:\/\/pirovano.it\/it\/wp-json\/wp\/v2\/users\/2"}],"replies":[{"embeddable":true,"href":"https:\/\/pirovano.it\/it\/wp-json\/wp\/v2\/comments?post=1756"}],"version-history":[{"count":58,"href":"https:\/\/pirovano.it\/it\/wp-json\/wp\/v2\/pages\/1756\/revisions"}],"predecessor-version":[{"id":14344,"href":"https:\/\/pirovano.it\/it\/wp-json\/wp\/v2\/pages\/1756\/revisions\/14344"}],"up":[{"embeddable":true,"href":"https:\/\/pirovano.it\/it\/wp-json\/wp\/v2\/pages\/11"}],"wp:featuredmedia":[{"embeddable":true,"href":"https:\/\/pirovano.it\/it\/wp-json\/wp\/v2\/media\/1265"}],"wp:attachment":[{"href":"https:\/\/pirovano.it\/it\/wp-json\/wp\/v2\/media?parent=1756"}],"curies":[{"name":"wp","href":"https:\/\/api.w.org\/{rel}","templated":true}]}}