{"id":2091,"date":"2018-04-27T06:46:38","date_gmt":"2018-04-27T06:46:38","guid":{"rendered":"http:\/\/pirovano.it\/?page_id=2091"},"modified":"2022-06-01T12:11:10","modified_gmt":"2022-06-01T10:11:10","slug":"newsletter-informativa-privacy","status":"publish","type":"page","link":"https:\/\/pirovano.it\/it\/newsletter-informativa-privacy\/","title":{"rendered":"Newsletter: informativa sulla privacy"},"content":{"rendered":"<p><strong>Nota informativa ai sensi dell\u2019art. 13 del Regolamento UE 2016\/679 \u2013\u00a0 (Codice di protezione dei dati personali)<\/strong><\/p>\n<p>Gentile cliente,<br \/>\nper iscriversi alla newsletter occorre fornire alcuni dati. In mancanza di tali dati non \u00e8 possibile eseguire quanto richiesto. I dati necessari richiesti sono opportunamente evidenziati.<\/p>\n<p>Con questa informativa desideriamo informarla sull\u2019<strong>uso che facciamo dei dati<\/strong>\u00a0che La riguardano e che sta per fornirci, precisandoLe che\u00a0L\u2019Art.8 del Regolamento Europeo \u00a02016\/679, nei casi in cui i servizi offerti richiedano un consenso esplicito, dispone che <strong>il trattamento dei dati degli utenti di et\u00e0 inferiore ai 16 anni pu\u00f2 avvenire solo se prestato o autorizzato dal titolare della responsabilit\u00e0 genitoriale<\/strong>. <strong>Ne deriva che compilando il presente il form Lei certifica di avere almeno 16 anni.<\/strong><\/p>\n<p>In applicazione del Regolamento Europeo n. 679 del 2016 e del D.Lgs. n. 196 del 2003 relativi alla protezione dei dati personali Le si comunica che Il Titolare del trattamento dei dati \u00e8 Pirovano Stelvio S.p.A, via Delle Prese 8, 23100 Sondrio, PI 00526710140 \u2013 pec <a href=\"mailto:pirovano@pec.popso.it\">pirovano@pec.popso.it<\/a> (di seguito definito \u201c Titolare\u201d).<\/p>\n<p>Con lo specifico e distinto consenso (art.7 GPDR) che Lei sta per fornirci attraverso la Sua richiesta di iscrizione al nostro servizio di newsletter, i Suoi dati saranno utilizzati per le seguenti finalit\u00e0 di marketing:<\/p>\n<ul>\n<li>InviarLe via e-mail newsletter, comunicazioni commerciali e\/o materiale pubblicitario su prodotti e servizi offerti dal Titolare.<\/li>\n<\/ul>\n<p>I Suoi dati non saranno utilizzati per altri fini, neanche successivamente alla Sua richiesta e sarannno trattati nel pieno rispetto del Regolamento UE 679\/2016 e del D.Lgs 196\/2003.<\/p>\n<p>Il trattamento dei Suoi dati personali \u00e8 realizzato per mezzo delle operazioni indicate all\u2019art. 4 n. 2) GDPR e precisamente: raccolta, registrazione, organizzazione, conservazione, consultazione, elaborazione, modificazione, selezione, estrazione, raffronto, utilizzo, interconnessione, blocco, comunicazione, cancellazione e distruzione dei dati comprese la combinazione di due o pi\u00f9 delle attivit\u00e0 suddette. I Suoi dati personali sono sottoposti a trattamento sia cartaceo che elettronico e\/o automatizzato e non saranno diffusi.<\/p>\n<p>Il trattamento dei dati avverr\u00e0 da parte di personale incaricato dal Titolare con procedure, strumenti tecnici e informatici idonei a tutelare la riservatezza e la sicurezza dei dati dell&#8217;Interessato. In particolare i Suoi dati potranno essere resi accessibili a:<\/p>\n<ul>\n<li>dipendenti e collaboratori del Titolare nella loro qualit\u00e0 di incaricati e\/o responsabili interni del trattamento e\/o amministratori di sistema;<\/li>\n<li>a societ\u00e0 terze o altri soggetti che svolgono attivit\u00e0 in outsourcing per conto del Titolare nella loro qualit\u00e0 di Responsabili Esterni del trattamento. Si tratta di fornitori di servizi cloud consulenti tecnici e informatici e altri soggetti analoghi che collaborano con la nostra organizzazione e che forniscono un servizio strettamente e necessariamente collegato all\u2019attivit\u00e0 del Titolare<\/li>\n<\/ul>\n<p>Lei potr\u00e0 richiedere un elenco completo e aggiornato dei soggetti nominati responsabili del trattamento rivolgendosi al contatto del Titolare specificato in epigrafe.<br \/>\nI dati potranno essere trasferiti all\u2019interno della Unione Europea, ove il Titolare o i suoi fornitori e collaboratori abbiano sede o abbiano i propri server. I dati non saranno trasferiti fuori dalla Unione Europea. Fuori dai contesti sopra descritti i dati non saranno comunicati n\u00e9 ceduti a terzi, e nemmeno resi pubblici.<\/p>\n<p>I dati che Lei sta per fornirci saranno conservati sino a quando non revocher\u00e0 il Suo consenso facendo clic sul link \u201cUnsubscribe\u201d che trover\u00e0 a margine di ogni nostra comunicazione e-mail o rivolgendosi al Titolare del Trattamento.<\/p>\n<p><strong>Diritti dell\u2019interessato<\/strong><\/p>\n<p>In ogni momento, Lei potr\u00e0 esercitare, ai sensi dell\u2019art. 7 del D.Lgs. 196\/2003 e degli articoli dal 15 al 22 del Regolamento UE n. 2016\/679, il diritto di:<\/p>\n<p>a) chiedere la confe\u00adrma dell\u2019esistenza o meno di propri dati personali;<\/p>\n<p>b) ottenere le indicazioni circa le finalit\u00e0 del trattamento, le categorie dei dati personali, i destinatari o le categorie di destinatari a cui i dati personali sono stati o saranno comunicati e, quando possibile, il periodo di conservazione;<\/p>\n<p>c) ottenere la rettifica e la cancellazione dei dati;<\/p>\n<p>d) ottenere la limitazione del trattamento;<\/p>\n<p>e) ottenere la portabilit\u00e0 dei dati, ossia riceverli da un titolare del trattamento, in un formato strutturato, di uso comune e leggibile da dispositivo automatico, e trasmetterli ad un altro titolare del trattamento senza impedimenti;<\/p>\n<p>f) opporsi al trattamento in qualsiasi momento ed anche nel caso di trattamento per finalit\u00e0 di marketing diretto;<\/p>\n<p>g) opporsi ad un processo decisionale automatizzato relativo alle persone \ufb01siche, compresa la profilazione;<\/p>\n<p>h) chiedere al titolare del trattamento l\u2019accesso ai dati personali e la rettifica o la cancellazione degli stessi o la limitazione del trattamento che lo riguardano o di opporsi al loro trattamento, oltre al diritto alla portabilit\u00e0 dei dati;<\/p>\n<p>i) revocare il consenso in qualsiasi momento senza pregiudicare la liceit\u00e0 del trattamento basata sul consenso prestato prima della revoca;<\/p>\n<p>j) proporre reclamo a un\u2019autorit\u00e0 di controllo.<\/p>\n<p>Per l\u2019esercizio dei diritti previsti dalla normativa, La preghiamo di rivolgersi a:<br \/>\n<strong>Pirovano Stelvio S.p.A.<\/strong> \u2013 Via delle Prese, 8 \u2013 23100 Sondrio.<\/p>\n<p><strong>Doveri del Titolare<\/strong><\/p>\n<ul>\n<li>Garantire i diritti degli Interessati<\/li>\n<li>Garantite quanto disposto dal Decreto Legislativo 30 giugno 2003, n. 196 di cui all\u2019art. 13, (Codice in materia di protezione dei dati personali)<\/li>\n<li>Garantire quanto disposto dal Regolamento UE 2016\/679 sulla protezione dei dati (GDPR, General Data Protection Regulation UE 2016\/679)<\/li>\n<li>Informare prontamente l\u2019interessato in caso di violazione dei propri dati personali.<\/li>\n<li>Garantire la corretta gestione e trattamento dei dati in linea a quanto definito dalle norme vigenti.<\/li>\n<li>Garantire e assicurare la sicurezza e riservatezza dei dati in linea con quanto definito dalle norme vigenti.<\/li>\n<\/ul>\n<p>L\u2019informativa sulla privacy \u00e8 soggetta a variazioni periodiche, rese necessarie da nuove previsioni normative o dall\u2019introduzione di nuove modalit\u00e0 e finalit\u00e0 del trattamento da parte di Pirovano Stelvio Spa. In considerazione di ci\u00f2, Le chiediamo di visitare costantemente il nostro sito e di prendere visione della presente informativa. Se ha ancora dei dubbi invia un\u2019email all\u2019indirizzo <a href=\"mailto:info@pirovano.it\">info@pirovano.it<\/a> o <a href=\"mailto:pirovano@pec.popso.it\">pirovano@pec.popso.it<\/a>.<\/p>\n<p>Informativa aggiornata al 27\/05\/2022<\/p>\n","protected":false},"excerpt":{"rendered":"<p>Nota informativa ai sensi dell\u2019art. 13 del Regolamento UE 2016\/679 \u2013\u00a0 (Codice di protezione dei dati personali) Gentile cliente, per iscriversi alla newsletter occorre fornire alcuni dati. In mancanza di tali dati non \u00e8 possibile eseguire quanto richiesto. I dati necessari richiesti sono opportunamente evidenziati. Con questa informativa desideriamo informarla sull\u2019uso che facciamo dei dati\u00a0che [&hellip;]<\/p>\n","protected":false},"author":2,"featured_media":0,"parent":0,"menu_order":0,"comment_status":"closed","ping_status":"closed","template":"page-templates\/no-picture.php","meta":{"footnotes":""},"class_list":["post-2091","page","type-page","status-publish","hentry","odd"],"yoast_head":"<!-- This site is optimized with the Yoast SEO plugin v27.3 - https:\/\/yoast.com\/product\/yoast-seo-wordpress\/ -->\n<title>Newsletter: informativa sulla privacy - Pirovano<\/title>\n<meta name=\"robots\" content=\"index, follow, max-snippet:-1, max-image-preview:large, max-video-preview:-1\" \/>\n<link rel=\"canonical\" href=\"https:\/\/pirovano.it\/it\/newsletter-informativa-privacy\/\" \/>\n<meta property=\"og:locale\" content=\"it_IT\" \/>\n<meta property=\"og:type\" content=\"article\" \/>\n<meta property=\"og:title\" content=\"Newsletter: informativa sulla privacy - Pirovano\" \/>\n<meta property=\"og:description\" content=\"Nota informativa ai sensi dell\u2019art. 13 del Regolamento UE 2016\/679 \u2013\u00a0 (Codice di protezione dei dati personali) Gentile cliente, per iscriversi alla newsletter occorre fornire alcuni dati. In mancanza di tali dati non \u00e8 possibile eseguire quanto richiesto. I dati necessari richiesti sono opportunamente evidenziati. Con questa informativa desideriamo informarla sull\u2019uso che facciamo dei dati\u00a0che [&hellip;]\" \/>\n<meta property=\"og:url\" content=\"https:\/\/pirovano.it\/it\/newsletter-informativa-privacy\/\" \/>\n<meta property=\"og:site_name\" content=\"Pirovano\" \/>\n<meta property=\"article:modified_time\" content=\"2022-06-01T10:11:10+00:00\" \/>\n<meta name=\"twitter:card\" content=\"summary_large_image\" \/>\n<meta name=\"twitter:label1\" content=\"Tempo di lettura stimato\" \/>\n\t<meta name=\"twitter:data1\" content=\"6 minuti\" \/>\n<script type=\"application\/ld+json\" class=\"yoast-schema-graph\">{\"@context\":\"https:\\\/\\\/schema.org\",\"@graph\":[{\"@type\":\"WebPage\",\"@id\":\"https:\\\/\\\/pirovano.it\\\/it\\\/newsletter-informativa-privacy\\\/\",\"url\":\"https:\\\/\\\/pirovano.it\\\/it\\\/newsletter-informativa-privacy\\\/\",\"name\":\"Newsletter: informativa sulla privacy - Pirovano\",\"isPartOf\":{\"@id\":\"https:\\\/\\\/pirovano.it\\\/it\\\/#website\"},\"datePublished\":\"2018-04-27T06:46:38+00:00\",\"dateModified\":\"2022-06-01T10:11:10+00:00\",\"breadcrumb\":{\"@id\":\"https:\\\/\\\/pirovano.it\\\/it\\\/newsletter-informativa-privacy\\\/#breadcrumb\"},\"inLanguage\":\"it-IT\",\"potentialAction\":[{\"@type\":\"ReadAction\",\"target\":[\"https:\\\/\\\/pirovano.it\\\/it\\\/newsletter-informativa-privacy\\\/\"]}]},{\"@type\":\"BreadcrumbList\",\"@id\":\"https:\\\/\\\/pirovano.it\\\/it\\\/newsletter-informativa-privacy\\\/#breadcrumb\",\"itemListElement\":[{\"@type\":\"ListItem\",\"position\":1,\"name\":\"Home\",\"item\":\"https:\\\/\\\/pirovano.it\\\/it\\\/\"},{\"@type\":\"ListItem\",\"position\":2,\"name\":\"Newsletter: informativa sulla privacy\"}]},{\"@type\":\"WebSite\",\"@id\":\"https:\\\/\\\/pirovano.it\\\/it\\\/#website\",\"url\":\"https:\\\/\\\/pirovano.it\\\/it\\\/\",\"name\":\"Pirovano\",\"description\":\"Universit\u00e0 dello Sci, dello Snowboard e della Montagna\",\"potentialAction\":[{\"@type\":\"SearchAction\",\"target\":{\"@type\":\"EntryPoint\",\"urlTemplate\":\"https:\\\/\\\/pirovano.it\\\/it\\\/?s={search_term_string}\"},\"query-input\":{\"@type\":\"PropertyValueSpecification\",\"valueRequired\":true,\"valueName\":\"search_term_string\"}}],\"inLanguage\":\"it-IT\"}]}<\/script>\n<!-- \/ Yoast SEO plugin. -->","yoast_head_json":{"title":"Newsletter: informativa sulla privacy - Pirovano","robots":{"index":"index","follow":"follow","max-snippet":"max-snippet:-1","max-image-preview":"max-image-preview:large","max-video-preview":"max-video-preview:-1"},"canonical":"https:\/\/pirovano.it\/it\/newsletter-informativa-privacy\/","og_locale":"it_IT","og_type":"article","og_title":"Newsletter: informativa sulla privacy - Pirovano","og_description":"Nota informativa ai sensi dell\u2019art. 13 del Regolamento UE 2016\/679 \u2013\u00a0 (Codice di protezione dei dati personali) Gentile cliente, per iscriversi alla newsletter occorre fornire alcuni dati. In mancanza di tali dati non \u00e8 possibile eseguire quanto richiesto. I dati necessari richiesti sono opportunamente evidenziati. Con questa informativa desideriamo informarla sull\u2019uso che facciamo dei dati\u00a0che [&hellip;]","og_url":"https:\/\/pirovano.it\/it\/newsletter-informativa-privacy\/","og_site_name":"Pirovano","article_modified_time":"2022-06-01T10:11:10+00:00","twitter_card":"summary_large_image","twitter_misc":{"Tempo di lettura stimato":"6 minuti"},"schema":{"@context":"https:\/\/schema.org","@graph":[{"@type":"WebPage","@id":"https:\/\/pirovano.it\/it\/newsletter-informativa-privacy\/","url":"https:\/\/pirovano.it\/it\/newsletter-informativa-privacy\/","name":"Newsletter: informativa sulla privacy - Pirovano","isPartOf":{"@id":"https:\/\/pirovano.it\/it\/#website"},"datePublished":"2018-04-27T06:46:38+00:00","dateModified":"2022-06-01T10:11:10+00:00","breadcrumb":{"@id":"https:\/\/pirovano.it\/it\/newsletter-informativa-privacy\/#breadcrumb"},"inLanguage":"it-IT","potentialAction":[{"@type":"ReadAction","target":["https:\/\/pirovano.it\/it\/newsletter-informativa-privacy\/"]}]},{"@type":"BreadcrumbList","@id":"https:\/\/pirovano.it\/it\/newsletter-informativa-privacy\/#breadcrumb","itemListElement":[{"@type":"ListItem","position":1,"name":"Home","item":"https:\/\/pirovano.it\/it\/"},{"@type":"ListItem","position":2,"name":"Newsletter: informativa sulla privacy"}]},{"@type":"WebSite","@id":"https:\/\/pirovano.it\/it\/#website","url":"https:\/\/pirovano.it\/it\/","name":"Pirovano","description":"Universit\u00e0 dello Sci, dello Snowboard e della Montagna","potentialAction":[{"@type":"SearchAction","target":{"@type":"EntryPoint","urlTemplate":"https:\/\/pirovano.it\/it\/?s={search_term_string}"},"query-input":{"@type":"PropertyValueSpecification","valueRequired":true,"valueName":"search_term_string"}}],"inLanguage":"it-IT"}]}},"_links":{"self":[{"href":"https:\/\/pirovano.it\/it\/wp-json\/wp\/v2\/pages\/2091","targetHints":{"allow":["GET"]}}],"collection":[{"href":"https:\/\/pirovano.it\/it\/wp-json\/wp\/v2\/pages"}],"about":[{"href":"https:\/\/pirovano.it\/it\/wp-json\/wp\/v2\/types\/page"}],"author":[{"embeddable":true,"href":"https:\/\/pirovano.it\/it\/wp-json\/wp\/v2\/users\/2"}],"replies":[{"embeddable":true,"href":"https:\/\/pirovano.it\/it\/wp-json\/wp\/v2\/comments?post=2091"}],"version-history":[{"count":16,"href":"https:\/\/pirovano.it\/it\/wp-json\/wp\/v2\/pages\/2091\/revisions"}],"predecessor-version":[{"id":11872,"href":"https:\/\/pirovano.it\/it\/wp-json\/wp\/v2\/pages\/2091\/revisions\/11872"}],"wp:attachment":[{"href":"https:\/\/pirovano.it\/it\/wp-json\/wp\/v2\/media?parent=2091"}],"curies":[{"name":"wp","href":"https:\/\/api.w.org\/{rel}","templated":true}]}}