{"id":249,"date":"2018-03-11T23:34:28","date_gmt":"2018-03-11T23:34:28","guid":{"rendered":"http:\/\/pirovano.webfactional.com\/?page_id=249"},"modified":"2020-02-27T12:25:19","modified_gmt":"2020-02-27T11:25:19","slug":"escursionismo-trekking","status":"publish","type":"page","link":"https:\/\/pirovano.it\/it\/attivita-stelvio\/escursionismo-trekking\/","title":{"rendered":"Escursionismo\/Trekking"},"content":{"rendered":"<p>Un vero paradiso per escursioni e trekking al centro del Parco Nazionale dello Stelvio.<\/p>\n<p>Una ricca scelta di <strong>itinerari escursionistici<\/strong> da fare a piedi si dirama dal Passo dello Stelvio verso i ghiacciai del gruppo Ortles-Cevedale ad Est e verso le cime della Svizzera a Ovest, mentre, in direzione sud, la valle del Braulio e la cresta di Rims portano verso Bormio e &#8220;<em>la magnifica Terra<\/em>&#8220;.<\/p>\n<p>Oltre ai tanti <strong>sentieri naturalistici,<\/strong> percorrendo i quali \u00e8 possibile osservare come flora e fauna si sono adattate per sopravvivere alle alte quote, i dintorni dello Stelvio offrono tantissime altre possibilit\u00e0 escursionistiche: dai sentieri che seguono le tracce lasciate dalla <strong>Grande Guerra<\/strong>, combattuta proprio in questi luoghi, ai percorsi scientifici e didattici che, ad esempio, portano ai piedi dei ghiacciai dove \u00e8 possibile toccare con mano l&#8217;effetto dei <strong>cambiamenti climatici.<\/strong><\/p>\n<p>Di differenti lunghezza e dislivello, i tanti trekking raggiungibili dal Passo presentano quanto di meglio un amante della natura e della storia pu\u00f2 desiderare da un&#8217;escursione&#8230; non c&#8217;\u00e8 che l&#8217;imbarazzo della scelta!<\/p>\n<h6>Escursioni guidate con Pirovano<\/h6>\n<p>Non solo distese bianche, oltre ai corsi di sci della sua &#8220;Universit\u00e0&#8221;, Pirovano offre infatti ai propri ospiti la possibilit\u00e0 di partecipare a diverse escursioni a tema, di varia durata e difficolt\u00e0, per vivere la montagna a 360\u00b0, alla scoperta di un&#8217;oasi naturale di rara bellezza!<\/p>\n<p>Verdi pascoli, fitti boschi, candide nevi, acque cristalline di torrenti e laghi alpini dipingono gli incantevoli paesaggi del Parco Nazionale dello Stelvio, popolato da variopinti fiori rari e da una fauna ricca e curiosa: famigliole di cervi, l&#8217;agile ermellino, le placide marmotte, il temibile Gipeto, insieme all&#8217;Aquila reale.<\/p>\n<p>&nbsp;<\/p>\n","protected":false},"excerpt":{"rendered":"<p>Un vero paradiso per escursioni e trekking al centro del Parco Nazionale dello Stelvio. Una ricca scelta di itinerari escursionistici da fare a piedi si dirama dal Passo dello Stelvio verso i ghiacciai del gruppo Ortles-Cevedale ad Est e verso le cime della Svizzera a Ovest, mentre, in direzione sud, la valle del Braulio e [&hellip;]<\/p>\n","protected":false},"author":2,"featured_media":2833,"parent":17,"menu_order":0,"comment_status":"closed","ping_status":"closed","template":"","meta":{"footnotes":""},"class_list":["post-249","page","type-page","status-publish","has-post-thumbnail","hentry","odd"],"yoast_head":"<!-- This site is optimized with the Yoast SEO plugin v27.3 - https:\/\/yoast.com\/product\/yoast-seo-wordpress\/ -->\n<title>Escursioni a piedi e Trekking al Passo dello Stelvio<\/title>\n<meta name=\"description\" content=\"Un vero paradiso escursionistico per tanti trekking al centro del Parco Nazionale dello Stelvio: dai ghiacciai Ortles-Cevedale a Bormio e in Alto-Adige\" \/>\n<meta name=\"robots\" content=\"index, follow, max-snippet:-1, max-image-preview:large, max-video-preview:-1\" \/>\n<link rel=\"canonical\" href=\"https:\/\/pirovano.it\/it\/attivita-stelvio\/escursionismo-trekking\/\" \/>\n<meta property=\"og:locale\" content=\"it_IT\" \/>\n<meta property=\"og:type\" content=\"article\" \/>\n<meta property=\"og:title\" content=\"Escursioni a piedi e Trekking al Passo dello Stelvio\" \/>\n<meta property=\"og:description\" content=\"Un vero paradiso escursionistico per tanti trekking al centro del Parco Nazionale dello Stelvio: dai ghiacciai Ortles-Cevedale a Bormio e in Alto-Adige\" \/>\n<meta property=\"og:url\" content=\"https:\/\/pirovano.it\/it\/attivita-stelvio\/escursionismo-trekking\/\" \/>\n<meta property=\"og:site_name\" content=\"Pirovano\" \/>\n<meta property=\"article:modified_time\" content=\"2020-02-27T11:25:19+00:00\" \/>\n<meta property=\"og:image\" content=\"https:\/\/pirovano.it\/wp-content\/uploads\/2018\/06\/trekking-summer1-1024x768.jpg\" \/>\n\t<meta property=\"og:image:width\" content=\"1024\" \/>\n\t<meta property=\"og:image:height\" content=\"768\" \/>\n\t<meta property=\"og:image:type\" content=\"image\/jpeg\" \/>\n<meta name=\"twitter:card\" content=\"summary_large_image\" \/>\n<meta name=\"twitter:label1\" content=\"Tempo di lettura stimato\" \/>\n\t<meta name=\"twitter:data1\" content=\"1 minuto\" \/>\n<script type=\"application\/ld+json\" class=\"yoast-schema-graph\">{\"@context\":\"https:\\\/\\\/schema.org\",\"@graph\":[{\"@type\":\"WebPage\",\"@id\":\"https:\\\/\\\/pirovano.it\\\/it\\\/attivita-stelvio\\\/escursionismo-trekking\\\/\",\"url\":\"https:\\\/\\\/pirovano.it\\\/it\\\/attivita-stelvio\\\/escursionismo-trekking\\\/\",\"name\":\"Escursioni a piedi e Trekking al Passo dello Stelvio\",\"isPartOf\":{\"@id\":\"https:\\\/\\\/pirovano.it\\\/it\\\/#website\"},\"primaryImageOfPage\":{\"@id\":\"https:\\\/\\\/pirovano.it\\\/it\\\/attivita-stelvio\\\/escursionismo-trekking\\\/#primaryimage\"},\"image\":{\"@id\":\"https:\\\/\\\/pirovano.it\\\/it\\\/attivita-stelvio\\\/escursionismo-trekking\\\/#primaryimage\"},\"thumbnailUrl\":\"https:\\\/\\\/pirovano.it\\\/wp-content\\\/uploads\\\/2018\\\/06\\\/trekking-summer1.jpg\",\"datePublished\":\"2018-03-11T23:34:28+00:00\",\"dateModified\":\"2020-02-27T11:25:19+00:00\",\"description\":\"Un vero paradiso escursionistico per tanti trekking al centro del Parco Nazionale dello Stelvio: dai ghiacciai Ortles-Cevedale a Bormio e in Alto-Adige\",\"breadcrumb\":{\"@id\":\"https:\\\/\\\/pirovano.it\\\/it\\\/attivita-stelvio\\\/escursionismo-trekking\\\/#breadcrumb\"},\"inLanguage\":\"it-IT\",\"potentialAction\":[{\"@type\":\"ReadAction\",\"target\":[\"https:\\\/\\\/pirovano.it\\\/it\\\/attivita-stelvio\\\/escursionismo-trekking\\\/\"]}]},{\"@type\":\"ImageObject\",\"inLanguage\":\"it-IT\",\"@id\":\"https:\\\/\\\/pirovano.it\\\/it\\\/attivita-stelvio\\\/escursionismo-trekking\\\/#primaryimage\",\"url\":\"https:\\\/\\\/pirovano.it\\\/wp-content\\\/uploads\\\/2018\\\/06\\\/trekking-summer1.jpg\",\"contentUrl\":\"https:\\\/\\\/pirovano.it\\\/wp-content\\\/uploads\\\/2018\\\/06\\\/trekking-summer1.jpg\",\"width\":3264,\"height\":2448},{\"@type\":\"BreadcrumbList\",\"@id\":\"https:\\\/\\\/pirovano.it\\\/it\\\/attivita-stelvio\\\/escursionismo-trekking\\\/#breadcrumb\",\"itemListElement\":[{\"@type\":\"ListItem\",\"position\":1,\"name\":\"Home\",\"item\":\"https:\\\/\\\/pirovano.it\\\/it\\\/\"},{\"@type\":\"ListItem\",\"position\":2,\"name\":\"Attivit\u00e0\",\"item\":\"https:\\\/\\\/pirovano.it\\\/it\\\/attivita-stelvio\\\/\"},{\"@type\":\"ListItem\",\"position\":3,\"name\":\"Escursionismo\\\/Trekking\"}]},{\"@type\":\"WebSite\",\"@id\":\"https:\\\/\\\/pirovano.it\\\/it\\\/#website\",\"url\":\"https:\\\/\\\/pirovano.it\\\/it\\\/\",\"name\":\"Pirovano\",\"description\":\"Universit\u00e0 dello Sci, dello Snowboard e della Montagna\",\"potentialAction\":[{\"@type\":\"SearchAction\",\"target\":{\"@type\":\"EntryPoint\",\"urlTemplate\":\"https:\\\/\\\/pirovano.it\\\/it\\\/?s={search_term_string}\"},\"query-input\":{\"@type\":\"PropertyValueSpecification\",\"valueRequired\":true,\"valueName\":\"search_term_string\"}}],\"inLanguage\":\"it-IT\"}]}<\/script>\n<!-- \/ Yoast SEO plugin. -->","yoast_head_json":{"title":"Escursioni a piedi e Trekking al Passo dello Stelvio","description":"Un vero paradiso escursionistico per tanti trekking al centro del Parco Nazionale dello Stelvio: dai ghiacciai Ortles-Cevedale a Bormio e in Alto-Adige","robots":{"index":"index","follow":"follow","max-snippet":"max-snippet:-1","max-image-preview":"max-image-preview:large","max-video-preview":"max-video-preview:-1"},"canonical":"https:\/\/pirovano.it\/it\/attivita-stelvio\/escursionismo-trekking\/","og_locale":"it_IT","og_type":"article","og_title":"Escursioni a piedi e Trekking al Passo dello Stelvio","og_description":"Un vero paradiso escursionistico per tanti trekking al centro del Parco Nazionale dello Stelvio: dai ghiacciai Ortles-Cevedale a Bormio e in Alto-Adige","og_url":"https:\/\/pirovano.it\/it\/attivita-stelvio\/escursionismo-trekking\/","og_site_name":"Pirovano","article_modified_time":"2020-02-27T11:25:19+00:00","og_image":[{"width":1024,"height":768,"url":"https:\/\/pirovano.it\/wp-content\/uploads\/2018\/06\/trekking-summer1-1024x768.jpg","type":"image\/jpeg"}],"twitter_card":"summary_large_image","twitter_misc":{"Tempo di lettura stimato":"1 minuto"},"schema":{"@context":"https:\/\/schema.org","@graph":[{"@type":"WebPage","@id":"https:\/\/pirovano.it\/it\/attivita-stelvio\/escursionismo-trekking\/","url":"https:\/\/pirovano.it\/it\/attivita-stelvio\/escursionismo-trekking\/","name":"Escursioni a piedi e Trekking al Passo dello Stelvio","isPartOf":{"@id":"https:\/\/pirovano.it\/it\/#website"},"primaryImageOfPage":{"@id":"https:\/\/pirovano.it\/it\/attivita-stelvio\/escursionismo-trekking\/#primaryimage"},"image":{"@id":"https:\/\/pirovano.it\/it\/attivita-stelvio\/escursionismo-trekking\/#primaryimage"},"thumbnailUrl":"https:\/\/pirovano.it\/wp-content\/uploads\/2018\/06\/trekking-summer1.jpg","datePublished":"2018-03-11T23:34:28+00:00","dateModified":"2020-02-27T11:25:19+00:00","description":"Un vero paradiso escursionistico per tanti trekking al centro del Parco Nazionale dello Stelvio: dai ghiacciai Ortles-Cevedale a Bormio e in Alto-Adige","breadcrumb":{"@id":"https:\/\/pirovano.it\/it\/attivita-stelvio\/escursionismo-trekking\/#breadcrumb"},"inLanguage":"it-IT","potentialAction":[{"@type":"ReadAction","target":["https:\/\/pirovano.it\/it\/attivita-stelvio\/escursionismo-trekking\/"]}]},{"@type":"ImageObject","inLanguage":"it-IT","@id":"https:\/\/pirovano.it\/it\/attivita-stelvio\/escursionismo-trekking\/#primaryimage","url":"https:\/\/pirovano.it\/wp-content\/uploads\/2018\/06\/trekking-summer1.jpg","contentUrl":"https:\/\/pirovano.it\/wp-content\/uploads\/2018\/06\/trekking-summer1.jpg","width":3264,"height":2448},{"@type":"BreadcrumbList","@id":"https:\/\/pirovano.it\/it\/attivita-stelvio\/escursionismo-trekking\/#breadcrumb","itemListElement":[{"@type":"ListItem","position":1,"name":"Home","item":"https:\/\/pirovano.it\/it\/"},{"@type":"ListItem","position":2,"name":"Attivit\u00e0","item":"https:\/\/pirovano.it\/it\/attivita-stelvio\/"},{"@type":"ListItem","position":3,"name":"Escursionismo\/Trekking"}]},{"@type":"WebSite","@id":"https:\/\/pirovano.it\/it\/#website","url":"https:\/\/pirovano.it\/it\/","name":"Pirovano","description":"Universit\u00e0 dello Sci, dello Snowboard e della Montagna","potentialAction":[{"@type":"SearchAction","target":{"@type":"EntryPoint","urlTemplate":"https:\/\/pirovano.it\/it\/?s={search_term_string}"},"query-input":{"@type":"PropertyValueSpecification","valueRequired":true,"valueName":"search_term_string"}}],"inLanguage":"it-IT"}]}},"_links":{"self":[{"href":"https:\/\/pirovano.it\/it\/wp-json\/wp\/v2\/pages\/249","targetHints":{"allow":["GET"]}}],"collection":[{"href":"https:\/\/pirovano.it\/it\/wp-json\/wp\/v2\/pages"}],"about":[{"href":"https:\/\/pirovano.it\/it\/wp-json\/wp\/v2\/types\/page"}],"author":[{"embeddable":true,"href":"https:\/\/pirovano.it\/it\/wp-json\/wp\/v2\/users\/2"}],"replies":[{"embeddable":true,"href":"https:\/\/pirovano.it\/it\/wp-json\/wp\/v2\/comments?post=249"}],"version-history":[{"count":37,"href":"https:\/\/pirovano.it\/it\/wp-json\/wp\/v2\/pages\/249\/revisions"}],"predecessor-version":[{"id":6047,"href":"https:\/\/pirovano.it\/it\/wp-json\/wp\/v2\/pages\/249\/revisions\/6047"}],"up":[{"embeddable":true,"href":"https:\/\/pirovano.it\/it\/wp-json\/wp\/v2\/pages\/17"}],"wp:featuredmedia":[{"embeddable":true,"href":"https:\/\/pirovano.it\/it\/wp-json\/wp\/v2\/media\/2833"}],"wp:attachment":[{"href":"https:\/\/pirovano.it\/it\/wp-json\/wp\/v2\/media?parent=249"}],"curies":[{"name":"wp","href":"https:\/\/api.w.org\/{rel}","templated":true}]}}