{"id":251,"date":"2018-03-11T23:34:37","date_gmt":"2018-03-11T23:34:37","guid":{"rendered":"http:\/\/pirovano.webfactional.com\/?page_id=251"},"modified":"2020-02-27T12:21:14","modified_gmt":"2020-02-27T11:21:14","slug":"ciclismo","status":"publish","type":"page","link":"https:\/\/pirovano.it\/it\/attivita-stelvio\/ciclismo\/","title":{"rendered":"Ciclismo"},"content":{"rendered":"<p>Il Passo dello Stelvio, con i suoi oltre 100 tornanti che collegano tre valli, \u00e8 una delle mete pi\u00f9 conosciute ed ambite da tutti i ciclisti del mondo, professionisti e non, un luogo ideale dove poter svolgere attivit\u00e0 d\u2019allenamento, ossigenazione e riposo in alta quota in sella alla propria bicicletta.<\/p>\n<p>Pedalando lungo i tornanti della strada dello Stelvio non \u00e8, infatti, raro incontrare volti noti del mondo delle due ruote, che qui si allenano per affrontare le grandi corse a tappe dei circuiti internazionali.<\/p>\n<p>Per il proprio soggiorno essi scelgono l\u2019Albergo Pirovano Quarto, una struttura particolarmente adatta a completare la preparazione in quota grazie all\u2019attrezzata zona benessere e fitness, oltre che all\u2019attenzione dedicata ad una corretta e specifica alimentazione.<\/p>\n<p>Per il ciclista allenato, gli oltre 1.500 metri di dislivello per arrivare a quasi 3.000 metri di quota al Passo dello Stelvio non sono da sottovalutare e rappresentano una vera e propria &#8220;scalata&#8221;\u00a0 che entra a pieno titolo nella \u201cGrande Montagna\u201d. Una sfida da giocarsi con i muscoli e con la mente.<br \/>\nTanta \u201csana fatica\u201d, unita a tenacia e grinta per arrivare almeno una volta nella vita all\u2019epica Cima Coppi, quella dei campioni con la \u201cC\u201d maiuscola, quella dell\u2019Airone volante (Fausto Coppi) e di tanti grandi che hanno scritto pagine leggendarie del Giro d\u2019Italia.<\/p>\n<p><strong>Pirovano Stelvio \u00e8 lieta di ospitare gruppi sportivi e singoli amanti del ciclismo ai quali dedica specifici pacchetti soggiorno particolarmente agevolati \u00bb <a href=\"https:\/\/pirovano.it\/it\/contatti\/\">contattateci per maggiori informazioni<\/a><\/strong><\/p>\n<h3>Il Passo dello Stelvio in bici <i class=\"far fa-map\"><\/i><\/h3>\n<p>Partendo <strong>da Prato allo Stelvio<\/strong>, dal versante Altoatesino (916 m s.l.m.), si sale per circa 25 km senza un attimo di respiro, e con pendenze via via crescenti (circa 11% nell&#8217;ultimo chilometro). La prima parte della salita \u00e8 la pi\u00f9 pedalabile (i primi 8 km), con pendenze intorno al 5%. Poi iniziano i 48 tornanti con pendenze medie intorno all&#8217;8-9%. Il dislivello complessivo supera i 1800 m. La pendenza media \u00e8 del 7,4%, la pendenza massima \u00e8 dell&#8217;11%.<\/p>\n<p>Sul versante Lombardo la salita inizia <strong>da Bormio<\/strong> (1225 m s.l.m.) ed \u00e8 lunga circa 21,5 km; dopo circa 15 km vi \u00e8 il Pian di Grembo, un tratto di circa un chilometro con pendenze modeste, dove si pu\u00f2 riprendere fiato. Gli ultimi 2-3 km, i pi\u00f9 duri, si attestano intorno all&#8217;8% di pendenza. La pendenza media \u00e8 del 7,1%, quella massima del 9,5% (tra il km 10 e il km 11).<\/p>\n<p>Un&#8217;ulteriore possibilit\u00e0 di salita \u00e8 offerta dal versante Svizzero, partendo <strong>da Santa Maria<\/strong> in Val Monastero, pedalando per buona parte in territorio elvetico, per poi ricongiungersi in localit\u00e0 Giogo di Santa Maria (2503 m.s.l.m) al versante di Bormio.<\/p>\n","protected":false},"excerpt":{"rendered":"<p>Il Passo dello Stelvio, con i suoi oltre 100 tornanti che collegano tre valli, \u00e8 una delle mete pi\u00f9 conosciute ed ambite da tutti i ciclisti del mondo, professionisti e non, un luogo ideale dove poter svolgere attivit\u00e0 d\u2019allenamento, ossigenazione e riposo in alta quota in sella alla propria bicicletta. Pedalando lungo i tornanti della [&hellip;]<\/p>\n","protected":false},"author":2,"featured_media":446,"parent":17,"menu_order":0,"comment_status":"closed","ping_status":"closed","template":"","meta":{"footnotes":""},"class_list":["post-251","page","type-page","status-publish","has-post-thumbnail","hentry","odd"],"yoast_head":"<!-- This site is optimized with the Yoast SEO plugin v27.4 - https:\/\/yoast.com\/product\/yoast-seo-wordpress\/ -->\n<title>Ciclismo e bici al Passo dello Stelvio da Bormio e Val Venosta<\/title>\n<meta name=\"description\" content=\"Il Passo dello Stelvio per il ciclismo \u00e8 una delle mete pi\u00f9 conosciute dagli appassionati di bici con i suoi oltre 100 tornanti da Bormio e Val Venosta\" \/>\n<meta name=\"robots\" content=\"index, follow, max-snippet:-1, max-image-preview:large, max-video-preview:-1\" \/>\n<link rel=\"canonical\" href=\"https:\/\/pirovano.it\/it\/attivita-stelvio\/ciclismo\/\" \/>\n<meta property=\"og:locale\" content=\"it_IT\" \/>\n<meta property=\"og:type\" content=\"article\" \/>\n<meta property=\"og:title\" content=\"Ciclismo e bici al Passo dello Stelvio da Bormio e Val Venosta\" \/>\n<meta property=\"og:description\" content=\"Il Passo dello Stelvio per il ciclismo \u00e8 una delle mete pi\u00f9 conosciute dagli appassionati di bici con i suoi oltre 100 tornanti da Bormio e Val Venosta\" \/>\n<meta property=\"og:url\" content=\"https:\/\/pirovano.it\/it\/attivita-stelvio\/ciclismo\/\" \/>\n<meta property=\"og:site_name\" content=\"Pirovano\" \/>\n<meta property=\"article:modified_time\" content=\"2020-02-27T11:21:14+00:00\" \/>\n<meta property=\"og:image\" content=\"https:\/\/pirovano.it\/wp-content\/uploads\/2018\/03\/strada-tornanti-stelvio.jpg\" \/>\n\t<meta property=\"og:image:width\" content=\"1920\" \/>\n\t<meta property=\"og:image:height\" content=\"957\" \/>\n\t<meta property=\"og:image:type\" content=\"image\/jpeg\" \/>\n<meta name=\"twitter:card\" content=\"summary_large_image\" \/>\n<meta name=\"twitter:label1\" content=\"Tempo di lettura stimato\" \/>\n\t<meta name=\"twitter:data1\" content=\"2 minuti\" \/>\n<script type=\"application\/ld+json\" class=\"yoast-schema-graph\">{\"@context\":\"https:\\\/\\\/schema.org\",\"@graph\":[{\"@type\":\"WebPage\",\"@id\":\"https:\\\/\\\/pirovano.it\\\/it\\\/attivita-stelvio\\\/ciclismo\\\/\",\"url\":\"https:\\\/\\\/pirovano.it\\\/it\\\/attivita-stelvio\\\/ciclismo\\\/\",\"name\":\"Ciclismo e bici al Passo dello Stelvio da Bormio e Val Venosta\",\"isPartOf\":{\"@id\":\"https:\\\/\\\/pirovano.it\\\/it\\\/#website\"},\"primaryImageOfPage\":{\"@id\":\"https:\\\/\\\/pirovano.it\\\/it\\\/attivita-stelvio\\\/ciclismo\\\/#primaryimage\"},\"image\":{\"@id\":\"https:\\\/\\\/pirovano.it\\\/it\\\/attivita-stelvio\\\/ciclismo\\\/#primaryimage\"},\"thumbnailUrl\":\"https:\\\/\\\/pirovano.it\\\/wp-content\\\/uploads\\\/2018\\\/03\\\/strada-tornanti-stelvio.jpg\",\"datePublished\":\"2018-03-11T23:34:37+00:00\",\"dateModified\":\"2020-02-27T11:21:14+00:00\",\"description\":\"Il Passo dello Stelvio per il ciclismo \u00e8 una delle mete pi\u00f9 conosciute dagli appassionati di bici con i suoi oltre 100 tornanti da Bormio e Val Venosta\",\"breadcrumb\":{\"@id\":\"https:\\\/\\\/pirovano.it\\\/it\\\/attivita-stelvio\\\/ciclismo\\\/#breadcrumb\"},\"inLanguage\":\"it-IT\",\"potentialAction\":[{\"@type\":\"ReadAction\",\"target\":[\"https:\\\/\\\/pirovano.it\\\/it\\\/attivita-stelvio\\\/ciclismo\\\/\"]}]},{\"@type\":\"ImageObject\",\"inLanguage\":\"it-IT\",\"@id\":\"https:\\\/\\\/pirovano.it\\\/it\\\/attivita-stelvio\\\/ciclismo\\\/#primaryimage\",\"url\":\"https:\\\/\\\/pirovano.it\\\/wp-content\\\/uploads\\\/2018\\\/03\\\/strada-tornanti-stelvio.jpg\",\"contentUrl\":\"https:\\\/\\\/pirovano.it\\\/wp-content\\\/uploads\\\/2018\\\/03\\\/strada-tornanti-stelvio.jpg\",\"width\":1920,\"height\":957},{\"@type\":\"BreadcrumbList\",\"@id\":\"https:\\\/\\\/pirovano.it\\\/it\\\/attivita-stelvio\\\/ciclismo\\\/#breadcrumb\",\"itemListElement\":[{\"@type\":\"ListItem\",\"position\":1,\"name\":\"Home\",\"item\":\"https:\\\/\\\/pirovano.it\\\/it\\\/\"},{\"@type\":\"ListItem\",\"position\":2,\"name\":\"Attivit\u00e0\",\"item\":\"https:\\\/\\\/pirovano.it\\\/it\\\/attivita-stelvio\\\/\"},{\"@type\":\"ListItem\",\"position\":3,\"name\":\"Ciclismo\"}]},{\"@type\":\"WebSite\",\"@id\":\"https:\\\/\\\/pirovano.it\\\/it\\\/#website\",\"url\":\"https:\\\/\\\/pirovano.it\\\/it\\\/\",\"name\":\"Pirovano\",\"description\":\"Universit\u00e0 dello Sci, dello Snowboard e della Montagna\",\"potentialAction\":[{\"@type\":\"SearchAction\",\"target\":{\"@type\":\"EntryPoint\",\"urlTemplate\":\"https:\\\/\\\/pirovano.it\\\/it\\\/?s={search_term_string}\"},\"query-input\":{\"@type\":\"PropertyValueSpecification\",\"valueRequired\":true,\"valueName\":\"search_term_string\"}}],\"inLanguage\":\"it-IT\"}]}<\/script>\n<!-- \/ Yoast SEO plugin. -->","yoast_head_json":{"title":"Ciclismo e bici al Passo dello Stelvio da Bormio e Val Venosta","description":"Il Passo dello Stelvio per il ciclismo \u00e8 una delle mete pi\u00f9 conosciute dagli appassionati di bici con i suoi oltre 100 tornanti da Bormio e Val Venosta","robots":{"index":"index","follow":"follow","max-snippet":"max-snippet:-1","max-image-preview":"max-image-preview:large","max-video-preview":"max-video-preview:-1"},"canonical":"https:\/\/pirovano.it\/it\/attivita-stelvio\/ciclismo\/","og_locale":"it_IT","og_type":"article","og_title":"Ciclismo e bici al Passo dello Stelvio da Bormio e Val Venosta","og_description":"Il Passo dello Stelvio per il ciclismo \u00e8 una delle mete pi\u00f9 conosciute dagli appassionati di bici con i suoi oltre 100 tornanti da Bormio e Val Venosta","og_url":"https:\/\/pirovano.it\/it\/attivita-stelvio\/ciclismo\/","og_site_name":"Pirovano","article_modified_time":"2020-02-27T11:21:14+00:00","og_image":[{"width":1920,"height":957,"url":"https:\/\/pirovano.it\/wp-content\/uploads\/2018\/03\/strada-tornanti-stelvio.jpg","type":"image\/jpeg"}],"twitter_card":"summary_large_image","twitter_misc":{"Tempo di lettura stimato":"2 minuti"},"schema":{"@context":"https:\/\/schema.org","@graph":[{"@type":"WebPage","@id":"https:\/\/pirovano.it\/it\/attivita-stelvio\/ciclismo\/","url":"https:\/\/pirovano.it\/it\/attivita-stelvio\/ciclismo\/","name":"Ciclismo e bici al Passo dello Stelvio da Bormio e Val Venosta","isPartOf":{"@id":"https:\/\/pirovano.it\/it\/#website"},"primaryImageOfPage":{"@id":"https:\/\/pirovano.it\/it\/attivita-stelvio\/ciclismo\/#primaryimage"},"image":{"@id":"https:\/\/pirovano.it\/it\/attivita-stelvio\/ciclismo\/#primaryimage"},"thumbnailUrl":"https:\/\/pirovano.it\/wp-content\/uploads\/2018\/03\/strada-tornanti-stelvio.jpg","datePublished":"2018-03-11T23:34:37+00:00","dateModified":"2020-02-27T11:21:14+00:00","description":"Il Passo dello Stelvio per il ciclismo \u00e8 una delle mete pi\u00f9 conosciute dagli appassionati di bici con i suoi oltre 100 tornanti da Bormio e Val Venosta","breadcrumb":{"@id":"https:\/\/pirovano.it\/it\/attivita-stelvio\/ciclismo\/#breadcrumb"},"inLanguage":"it-IT","potentialAction":[{"@type":"ReadAction","target":["https:\/\/pirovano.it\/it\/attivita-stelvio\/ciclismo\/"]}]},{"@type":"ImageObject","inLanguage":"it-IT","@id":"https:\/\/pirovano.it\/it\/attivita-stelvio\/ciclismo\/#primaryimage","url":"https:\/\/pirovano.it\/wp-content\/uploads\/2018\/03\/strada-tornanti-stelvio.jpg","contentUrl":"https:\/\/pirovano.it\/wp-content\/uploads\/2018\/03\/strada-tornanti-stelvio.jpg","width":1920,"height":957},{"@type":"BreadcrumbList","@id":"https:\/\/pirovano.it\/it\/attivita-stelvio\/ciclismo\/#breadcrumb","itemListElement":[{"@type":"ListItem","position":1,"name":"Home","item":"https:\/\/pirovano.it\/it\/"},{"@type":"ListItem","position":2,"name":"Attivit\u00e0","item":"https:\/\/pirovano.it\/it\/attivita-stelvio\/"},{"@type":"ListItem","position":3,"name":"Ciclismo"}]},{"@type":"WebSite","@id":"https:\/\/pirovano.it\/it\/#website","url":"https:\/\/pirovano.it\/it\/","name":"Pirovano","description":"Universit\u00e0 dello Sci, dello Snowboard e della Montagna","potentialAction":[{"@type":"SearchAction","target":{"@type":"EntryPoint","urlTemplate":"https:\/\/pirovano.it\/it\/?s={search_term_string}"},"query-input":{"@type":"PropertyValueSpecification","valueRequired":true,"valueName":"search_term_string"}}],"inLanguage":"it-IT"}]}},"_links":{"self":[{"href":"https:\/\/pirovano.it\/it\/wp-json\/wp\/v2\/pages\/251","targetHints":{"allow":["GET"]}}],"collection":[{"href":"https:\/\/pirovano.it\/it\/wp-json\/wp\/v2\/pages"}],"about":[{"href":"https:\/\/pirovano.it\/it\/wp-json\/wp\/v2\/types\/page"}],"author":[{"embeddable":true,"href":"https:\/\/pirovano.it\/it\/wp-json\/wp\/v2\/users\/2"}],"replies":[{"embeddable":true,"href":"https:\/\/pirovano.it\/it\/wp-json\/wp\/v2\/comments?post=251"}],"version-history":[{"count":26,"href":"https:\/\/pirovano.it\/it\/wp-json\/wp\/v2\/pages\/251\/revisions"}],"predecessor-version":[{"id":6046,"href":"https:\/\/pirovano.it\/it\/wp-json\/wp\/v2\/pages\/251\/revisions\/6046"}],"up":[{"embeddable":true,"href":"https:\/\/pirovano.it\/it\/wp-json\/wp\/v2\/pages\/17"}],"wp:featuredmedia":[{"embeddable":true,"href":"https:\/\/pirovano.it\/it\/wp-json\/wp\/v2\/media\/446"}],"wp:attachment":[{"href":"https:\/\/pirovano.it\/it\/wp-json\/wp\/v2\/media?parent=251"}],"curies":[{"name":"wp","href":"https:\/\/api.w.org\/{rel}","templated":true}]}}