{"id":253,"date":"2018-03-11T23:34:50","date_gmt":"2018-03-11T23:34:50","guid":{"rendered":"http:\/\/pirovano.webfactional.com\/?page_id=253"},"modified":"2020-02-27T12:32:59","modified_gmt":"2020-02-27T11:32:59","slug":"bormio-terme","status":"publish","type":"page","link":"https:\/\/pirovano.it\/it\/attivita-stelvio\/bormio-terme\/","title":{"rendered":"Le Terme di Bormio"},"content":{"rendered":"<p>Le rinomate propriet\u00e0 delle acque termali di Bormio sono in grado di generare effetti benefici per la salute ed il benessere della persona<\/p>\n<p>Rilassanti, disintossicanti e antistress, dalle propriet\u00e0 curative, adatte anche al trattamento di malattie allergiche e di numerose altre patologie, le calde acque termali di Bormio, che sgorgano ad una temperatura compresa tra i 35 e i 40 gradi, alimentano 3 stabilimenti: le <strong>Terme di Bormio<\/strong>, i <strong>Bagni Vecchi<\/strong> e i <strong>Bagni Nuovi<\/strong>.<\/p>\n<h3>Le Terme di Bormio<\/h3>\n<p>Di recente ristrutturazione, \u00e8 il centro pi\u00f9 moderno del luogo, in grado di offrire diversi trattamenti, da quelli estetici a quelli termali senza dimenticare le innumerevoli possibilit\u00e0 di massaggi e riabilitazione. All\u2019interno ci sono\u00a0una piscina da 25 metri,\u00a0vasche per il relax, un acquascivolo di 60 metri, bagni turchi, biosauna e saune. Perfette per tutti.<\/p>\n<p><a href=\"http:\/\/www.bormioterme.it\/\">www.bormioterme.it<\/a><\/p>\n<h3>Bagni Nuovi e Bagni Vecchi<\/h3>\n<p>Questi due centri sorgono a poca distanza l&#8217;uno dall&#8217;altro e sono raggiungibili in venti minuti dal Passo dello Stelvio. Pi\u00f9 caratteristici e tradizionali del moderno centro termale di Bormio, offrono una piacevole alternativa per rigenerare il corpo e la mente immersi in un ambiente elegante di grande fascino.<\/p>\n<p>I <strong>Bagni Nuovi s<\/strong>i articolano in quattro settori con differenti percorsi termali. Questa realt\u00e0 propone\u00a0aromi, luci, immagini e colori tutti naturali. Da provare l&#8217;incantevole sauna rivestita in cirmolo dei primi dell\u2019Ottocento.<\/p>\n<p>I\u00a0<strong>Bagni vecchi<\/strong>\u00a0propongono\u00a0sei settori con differenti percorsi termali, tra cui\u00a0<strong>piscina panoramica <\/strong>all\u2019aperto &#8211; a picco sulla conca di Bormio &#8211; e terme romane conosciute fin dal I secolo a.C..<\/p>\n","protected":false},"excerpt":{"rendered":"<p>Le rinomate propriet\u00e0 delle acque termali di Bormio sono in grado di generare effetti benefici per la salute ed il benessere della persona Rilassanti, disintossicanti e antistress, dalle propriet\u00e0 curative, adatte anche al trattamento di malattie allergiche e di numerose altre patologie, le calde acque termali di Bormio, che sgorgano ad una temperatura compresa tra [&hellip;]<\/p>\n","protected":false},"author":2,"featured_media":1645,"parent":17,"menu_order":0,"comment_status":"closed","ping_status":"closed","template":"","meta":{"footnotes":""},"class_list":["post-253","page","type-page","status-publish","has-post-thumbnail","hentry","odd"],"yoast_head":"<!-- This site is optimized with the Yoast SEO plugin v27.3 - https:\/\/yoast.com\/product\/yoast-seo-wordpress\/ -->\n<title>Bormio Terme: le propriet\u00e0 termali e curative dell&#039;acqua<\/title>\n<meta name=\"description\" content=\"Bormio Terme con le sue acque termali e curative \u00e8 da sempre una localit\u00e0 di cura e benessere per il proprio corpo e non solo\" \/>\n<meta name=\"robots\" content=\"index, follow, max-snippet:-1, max-image-preview:large, max-video-preview:-1\" \/>\n<link rel=\"canonical\" href=\"https:\/\/pirovano.it\/it\/attivita-stelvio\/bormio-terme\/\" \/>\n<meta property=\"og:locale\" content=\"it_IT\" \/>\n<meta property=\"og:type\" content=\"article\" \/>\n<meta property=\"og:title\" content=\"Bormio Terme: le propriet\u00e0 termali e curative dell&#039;acqua\" \/>\n<meta property=\"og:description\" content=\"Bormio Terme con le sue acque termali e curative \u00e8 da sempre una localit\u00e0 di cura e benessere per il proprio corpo e non solo\" \/>\n<meta property=\"og:url\" content=\"https:\/\/pirovano.it\/it\/attivita-stelvio\/bormio-terme\/\" \/>\n<meta property=\"og:site_name\" content=\"Pirovano\" \/>\n<meta property=\"article:modified_time\" content=\"2020-02-27T11:32:59+00:00\" \/>\n<meta property=\"og:image\" content=\"https:\/\/pirovano.it\/wp-content\/uploads\/2018\/03\/terme-bormio-piscina-esterna-pano-1024x648.jpg\" \/>\n\t<meta property=\"og:image:width\" content=\"1024\" \/>\n\t<meta property=\"og:image:height\" content=\"648\" \/>\n\t<meta property=\"og:image:type\" content=\"image\/jpeg\" \/>\n<meta name=\"twitter:card\" content=\"summary_large_image\" \/>\n<meta name=\"twitter:label1\" content=\"Tempo di lettura stimato\" \/>\n\t<meta name=\"twitter:data1\" content=\"1 minuto\" \/>\n<script type=\"application\/ld+json\" class=\"yoast-schema-graph\">{\"@context\":\"https:\\\/\\\/schema.org\",\"@graph\":[{\"@type\":\"WebPage\",\"@id\":\"https:\\\/\\\/pirovano.it\\\/it\\\/attivita-stelvio\\\/bormio-terme\\\/\",\"url\":\"https:\\\/\\\/pirovano.it\\\/it\\\/attivita-stelvio\\\/bormio-terme\\\/\",\"name\":\"Bormio Terme: le propriet\u00e0 termali e curative dell'acqua\",\"isPartOf\":{\"@id\":\"https:\\\/\\\/pirovano.it\\\/it\\\/#website\"},\"primaryImageOfPage\":{\"@id\":\"https:\\\/\\\/pirovano.it\\\/it\\\/attivita-stelvio\\\/bormio-terme\\\/#primaryimage\"},\"image\":{\"@id\":\"https:\\\/\\\/pirovano.it\\\/it\\\/attivita-stelvio\\\/bormio-terme\\\/#primaryimage\"},\"thumbnailUrl\":\"https:\\\/\\\/pirovano.it\\\/wp-content\\\/uploads\\\/2018\\\/03\\\/terme-bormio-piscina-esterna-pano.jpg\",\"datePublished\":\"2018-03-11T23:34:50+00:00\",\"dateModified\":\"2020-02-27T11:32:59+00:00\",\"description\":\"Bormio Terme con le sue acque termali e curative \u00e8 da sempre una localit\u00e0 di cura e benessere per il proprio corpo e non solo\",\"breadcrumb\":{\"@id\":\"https:\\\/\\\/pirovano.it\\\/it\\\/attivita-stelvio\\\/bormio-terme\\\/#breadcrumb\"},\"inLanguage\":\"it-IT\",\"potentialAction\":[{\"@type\":\"ReadAction\",\"target\":[\"https:\\\/\\\/pirovano.it\\\/it\\\/attivita-stelvio\\\/bormio-terme\\\/\"]}]},{\"@type\":\"ImageObject\",\"inLanguage\":\"it-IT\",\"@id\":\"https:\\\/\\\/pirovano.it\\\/it\\\/attivita-stelvio\\\/bormio-terme\\\/#primaryimage\",\"url\":\"https:\\\/\\\/pirovano.it\\\/wp-content\\\/uploads\\\/2018\\\/03\\\/terme-bormio-piscina-esterna-pano.jpg\",\"contentUrl\":\"https:\\\/\\\/pirovano.it\\\/wp-content\\\/uploads\\\/2018\\\/03\\\/terme-bormio-piscina-esterna-pano.jpg\",\"width\":4500,\"height\":2848},{\"@type\":\"BreadcrumbList\",\"@id\":\"https:\\\/\\\/pirovano.it\\\/it\\\/attivita-stelvio\\\/bormio-terme\\\/#breadcrumb\",\"itemListElement\":[{\"@type\":\"ListItem\",\"position\":1,\"name\":\"Home\",\"item\":\"https:\\\/\\\/pirovano.it\\\/it\\\/\"},{\"@type\":\"ListItem\",\"position\":2,\"name\":\"Attivit\u00e0\",\"item\":\"https:\\\/\\\/pirovano.it\\\/it\\\/attivita-stelvio\\\/\"},{\"@type\":\"ListItem\",\"position\":3,\"name\":\"Le Terme di Bormio\"}]},{\"@type\":\"WebSite\",\"@id\":\"https:\\\/\\\/pirovano.it\\\/it\\\/#website\",\"url\":\"https:\\\/\\\/pirovano.it\\\/it\\\/\",\"name\":\"Pirovano\",\"description\":\"Universit\u00e0 dello Sci, dello Snowboard e della Montagna\",\"potentialAction\":[{\"@type\":\"SearchAction\",\"target\":{\"@type\":\"EntryPoint\",\"urlTemplate\":\"https:\\\/\\\/pirovano.it\\\/it\\\/?s={search_term_string}\"},\"query-input\":{\"@type\":\"PropertyValueSpecification\",\"valueRequired\":true,\"valueName\":\"search_term_string\"}}],\"inLanguage\":\"it-IT\"}]}<\/script>\n<!-- \/ Yoast SEO plugin. -->","yoast_head_json":{"title":"Bormio Terme: le propriet\u00e0 termali e curative dell'acqua","description":"Bormio Terme con le sue acque termali e curative \u00e8 da sempre una localit\u00e0 di cura e benessere per il proprio corpo e non solo","robots":{"index":"index","follow":"follow","max-snippet":"max-snippet:-1","max-image-preview":"max-image-preview:large","max-video-preview":"max-video-preview:-1"},"canonical":"https:\/\/pirovano.it\/it\/attivita-stelvio\/bormio-terme\/","og_locale":"it_IT","og_type":"article","og_title":"Bormio Terme: le propriet\u00e0 termali e curative dell'acqua","og_description":"Bormio Terme con le sue acque termali e curative \u00e8 da sempre una localit\u00e0 di cura e benessere per il proprio corpo e non solo","og_url":"https:\/\/pirovano.it\/it\/attivita-stelvio\/bormio-terme\/","og_site_name":"Pirovano","article_modified_time":"2020-02-27T11:32:59+00:00","og_image":[{"width":1024,"height":648,"url":"https:\/\/pirovano.it\/wp-content\/uploads\/2018\/03\/terme-bormio-piscina-esterna-pano-1024x648.jpg","type":"image\/jpeg"}],"twitter_card":"summary_large_image","twitter_misc":{"Tempo di lettura stimato":"1 minuto"},"schema":{"@context":"https:\/\/schema.org","@graph":[{"@type":"WebPage","@id":"https:\/\/pirovano.it\/it\/attivita-stelvio\/bormio-terme\/","url":"https:\/\/pirovano.it\/it\/attivita-stelvio\/bormio-terme\/","name":"Bormio Terme: le propriet\u00e0 termali e curative dell'acqua","isPartOf":{"@id":"https:\/\/pirovano.it\/it\/#website"},"primaryImageOfPage":{"@id":"https:\/\/pirovano.it\/it\/attivita-stelvio\/bormio-terme\/#primaryimage"},"image":{"@id":"https:\/\/pirovano.it\/it\/attivita-stelvio\/bormio-terme\/#primaryimage"},"thumbnailUrl":"https:\/\/pirovano.it\/wp-content\/uploads\/2018\/03\/terme-bormio-piscina-esterna-pano.jpg","datePublished":"2018-03-11T23:34:50+00:00","dateModified":"2020-02-27T11:32:59+00:00","description":"Bormio Terme con le sue acque termali e curative \u00e8 da sempre una localit\u00e0 di cura e benessere per il proprio corpo e non solo","breadcrumb":{"@id":"https:\/\/pirovano.it\/it\/attivita-stelvio\/bormio-terme\/#breadcrumb"},"inLanguage":"it-IT","potentialAction":[{"@type":"ReadAction","target":["https:\/\/pirovano.it\/it\/attivita-stelvio\/bormio-terme\/"]}]},{"@type":"ImageObject","inLanguage":"it-IT","@id":"https:\/\/pirovano.it\/it\/attivita-stelvio\/bormio-terme\/#primaryimage","url":"https:\/\/pirovano.it\/wp-content\/uploads\/2018\/03\/terme-bormio-piscina-esterna-pano.jpg","contentUrl":"https:\/\/pirovano.it\/wp-content\/uploads\/2018\/03\/terme-bormio-piscina-esterna-pano.jpg","width":4500,"height":2848},{"@type":"BreadcrumbList","@id":"https:\/\/pirovano.it\/it\/attivita-stelvio\/bormio-terme\/#breadcrumb","itemListElement":[{"@type":"ListItem","position":1,"name":"Home","item":"https:\/\/pirovano.it\/it\/"},{"@type":"ListItem","position":2,"name":"Attivit\u00e0","item":"https:\/\/pirovano.it\/it\/attivita-stelvio\/"},{"@type":"ListItem","position":3,"name":"Le Terme di Bormio"}]},{"@type":"WebSite","@id":"https:\/\/pirovano.it\/it\/#website","url":"https:\/\/pirovano.it\/it\/","name":"Pirovano","description":"Universit\u00e0 dello Sci, dello Snowboard e della Montagna","potentialAction":[{"@type":"SearchAction","target":{"@type":"EntryPoint","urlTemplate":"https:\/\/pirovano.it\/it\/?s={search_term_string}"},"query-input":{"@type":"PropertyValueSpecification","valueRequired":true,"valueName":"search_term_string"}}],"inLanguage":"it-IT"}]}},"_links":{"self":[{"href":"https:\/\/pirovano.it\/it\/wp-json\/wp\/v2\/pages\/253","targetHints":{"allow":["GET"]}}],"collection":[{"href":"https:\/\/pirovano.it\/it\/wp-json\/wp\/v2\/pages"}],"about":[{"href":"https:\/\/pirovano.it\/it\/wp-json\/wp\/v2\/types\/page"}],"author":[{"embeddable":true,"href":"https:\/\/pirovano.it\/it\/wp-json\/wp\/v2\/users\/2"}],"replies":[{"embeddable":true,"href":"https:\/\/pirovano.it\/it\/wp-json\/wp\/v2\/comments?post=253"}],"version-history":[{"count":18,"href":"https:\/\/pirovano.it\/it\/wp-json\/wp\/v2\/pages\/253\/revisions"}],"predecessor-version":[{"id":6050,"href":"https:\/\/pirovano.it\/it\/wp-json\/wp\/v2\/pages\/253\/revisions\/6050"}],"up":[{"embeddable":true,"href":"https:\/\/pirovano.it\/it\/wp-json\/wp\/v2\/pages\/17"}],"wp:featuredmedia":[{"embeddable":true,"href":"https:\/\/pirovano.it\/it\/wp-json\/wp\/v2\/media\/1645"}],"wp:attachment":[{"href":"https:\/\/pirovano.it\/it\/wp-json\/wp\/v2\/media?parent=253"}],"curies":[{"name":"wp","href":"https:\/\/api.w.org\/{rel}","templated":true}]}}