{"id":255,"date":"2018-03-11T23:35:02","date_gmt":"2018-03-11T23:35:02","guid":{"rendered":"http:\/\/pirovano.webfactional.com\/?page_id=255"},"modified":"2022-04-05T12:10:48","modified_gmt":"2022-04-05T10:10:48","slug":"luoghi-di-interesse","status":"publish","type":"page","link":"https:\/\/pirovano.it\/it\/attivita-stelvio\/luoghi-di-interesse\/","title":{"rendered":"Luoghi di interesse"},"content":{"rendered":"<p>Dal Passo dello Stelvio \u00e8 possibile raggiungere diverse localit\u00e0 di interesse storico-culturale, turistico e di svago<\/p>\n<h3>Bormio <i class=\"far fa-map\"><\/i><strong><br \/>\n<\/strong><\/h3>\n<p>Bormio \u00e8 il centro turistico per eccellenza dell&#8217;Alta Valle ed \u00e8 famoso per la sua storia, per le sue tradizioni, per le sue infrastrutture turistiche e ricettive, oltre che per le sue terme.<br \/>\nLe acque termali di Bormio sono, infatti, considerate un vero miracolo della natura, fluiscono ad una temperatura variabile tra i 35\u00b0 ed i 40\u00b0 e appartengono al gruppo delle acque termali solfato-alcaline-terrose-minerali-radioattive, per questo sono dotate di moltissime indicazioni terapeutiche.<\/p>\n<p>All&#8217;interno del suo <strong>museo Civico, presso il Palazzo De Simoni (XVII sec)<\/strong>, in 14 sale si conservano antichi mobili, suppellettili, tele, statue ed altari lignei, quadri e ritratti provenienti da chiese e palazzi nobiliari, opere d&#8217;arte popolare.<\/p>\n<p>Una moderna ed efficiente rete commerciale di negozi e di attivit\u00e0 artigianali, quali quelle della lavorazione del legno e la produzione di liquori a base di erbe alpine come il famoso Braulio, un campo da golf, opera dell&#8217;architetto\u00a0<em>Mario Verdieri di S.<\/em><em>t.Moritz<\/em> ed annoverato tra i migliori<strong> di montagna d&#8217;Italia<\/strong>, completano la cittadina alpina.<\/p>\n<h3>Livigno <i class=\"far fa-map\"><\/i><strong><br \/>\n<\/strong><\/h3>\n<p>Comodamente raggiungibile dallo Stelvio, questa localit\u00e0 \u00e8 conosciuta principalmente per essere la regina dello shopping &#8220;no-tax&#8221;. Meta obbligatoria per tutti coloro che amano passeggiare per le vie del centro curiosando tra le vetrine, Livigno \u00e8 zona extra doganale per cui i prezzi praticati nei numerosi negozi sono alquanto vantaggiosi, cos\u00ec come il costo del carburante che \u00e8 inferiore di quasi il 50% rispetto al resto d&#8217;Italia.<\/p>\n<h3>Glorenza <i class=\"far fa-map\"><\/i><strong><br \/>\n<\/strong><\/h3>\n<p>In provincia di Bolzano, a meno di un&#8217;ora di macchina dal Passo dello Stelvio, Glorenza \u00e8 una meravigliosa cittadina medievale, meglio conosciuta come la \u201cCarcassonne delle Alpi\u201d. Visitando Castel Coira, inoltre, si avr\u00e0 la possibilit\u00e0 di ammirare la collezione privata di armature medievali pi\u00f9 importante d\u2019Europa. Una visita a Glorenza \u00e8 un&#8217;ottima alternativa culturale in caso di maltempo.<\/p>\n<h3>Museo Donegani <i class=\"far fa-map\"><\/i><\/h3>\n<p>A pochi passi dall&#8217;albergo Pirovano, presso lo sportello della Banca Popolare di Sondrio, il <a href=\"https:\/\/www.popso.it\/donegani\">Museo Donegani<\/a> offre la possibilit\u00e0 di ripercorrere, attraverso immagini e foto d&#8217;epoca che si alternano a documenti di varia natura, il grande puzzle della storia del Passo dello Stelvio, dall&#8217;impero Austro-Ungarico ai giorni nostri.\u00a0 Nel Museo sezioni storiche dedicate alla Grande Guerra, alle scuole di sci, all&#8217;alpinismo, ai ghiacciai, allo sport e al Parco nazionale.<\/p>\n<h3>Messner Mountain Museum <i class=\"far fa-map\"><\/i><strong><br \/>\n<\/strong><\/h3>\n<p>Due dei sei musei della montagna presenti in tutto l&#8217;Alto-Adige sono facilmente raggiungibili dallo Stelvio: quello di Solda, ai piedi piedi dell&#8217;Ortles ma sul versante opposto rispetto a quello dello Stelvio, e quello di Castelbello, all&#8217;imbocco della Val Senales. <a href=\"http:\/\/www.messner-mountain-museum.it\" target=\"_blank\" rel=\"noopener noreferrer\">www.messner-mountain-museum.it<\/a><\/p>\n","protected":false},"excerpt":{"rendered":"<p>Dal Passo dello Stelvio \u00e8 possibile raggiungere diverse localit\u00e0 di interesse storico-culturale, turistico e di svago Bormio Bormio \u00e8 il centro turistico per eccellenza dell&#8217;Alta Valle ed \u00e8 famoso per la sua storia, per le sue tradizioni, per le sue infrastrutture turistiche e ricettive, oltre che per le sue terme. Le acque termali di Bormio [&hellip;]<\/p>\n","protected":false},"author":2,"featured_media":742,"parent":17,"menu_order":0,"comment_status":"closed","ping_status":"closed","template":"","meta":{"footnotes":""},"class_list":["post-255","page","type-page","status-publish","has-post-thumbnail","hentry","odd"],"yoast_head":"<!-- This site is optimized with the Yoast SEO plugin v27.3 - https:\/\/yoast.com\/product\/yoast-seo-wordpress\/ -->\n<title>Luogi di interesse vicini allo Stelvio: Bormio, Livigno, Glorenza e altri<\/title>\n<meta name=\"description\" content=\"Dal Passo dello Stelvio \u00e8 possibile raggiungere facilmente diverse localit\u00e0 di interesse storico-culturale come Bormio, Livigno, Glorenza e altri ancora\" \/>\n<meta name=\"robots\" content=\"index, follow, max-snippet:-1, max-image-preview:large, max-video-preview:-1\" \/>\n<link rel=\"canonical\" href=\"https:\/\/pirovano.it\/it\/attivita-stelvio\/luoghi-di-interesse\/\" \/>\n<meta property=\"og:locale\" content=\"it_IT\" \/>\n<meta property=\"og:type\" content=\"article\" \/>\n<meta property=\"og:title\" content=\"Luogi di interesse vicini allo Stelvio: Bormio, Livigno, Glorenza e altri\" \/>\n<meta property=\"og:description\" content=\"Dal Passo dello Stelvio \u00e8 possibile raggiungere facilmente diverse localit\u00e0 di interesse storico-culturale come Bormio, Livigno, Glorenza e altri ancora\" \/>\n<meta property=\"og:url\" content=\"https:\/\/pirovano.it\/it\/attivita-stelvio\/luoghi-di-interesse\/\" \/>\n<meta property=\"og:site_name\" content=\"Pirovano\" \/>\n<meta property=\"article:modified_time\" content=\"2022-04-05T10:10:48+00:00\" \/>\n<meta property=\"og:image\" content=\"https:\/\/pirovano.it\/wp-content\/uploads\/2018\/03\/bormio-pano.jpg\" \/>\n\t<meta property=\"og:image:width\" content=\"1920\" \/>\n\t<meta property=\"og:image:height\" content=\"1097\" \/>\n\t<meta property=\"og:image:type\" content=\"image\/jpeg\" \/>\n<meta name=\"twitter:card\" content=\"summary_large_image\" \/>\n<meta name=\"twitter:label1\" content=\"Tempo di lettura stimato\" \/>\n\t<meta name=\"twitter:data1\" content=\"3 minuti\" \/>\n<script type=\"application\/ld+json\" class=\"yoast-schema-graph\">{\"@context\":\"https:\\\/\\\/schema.org\",\"@graph\":[{\"@type\":\"WebPage\",\"@id\":\"https:\\\/\\\/pirovano.it\\\/it\\\/attivita-stelvio\\\/luoghi-di-interesse\\\/\",\"url\":\"https:\\\/\\\/pirovano.it\\\/it\\\/attivita-stelvio\\\/luoghi-di-interesse\\\/\",\"name\":\"Luogi di interesse vicini allo Stelvio: Bormio, Livigno, Glorenza e altri\",\"isPartOf\":{\"@id\":\"https:\\\/\\\/pirovano.it\\\/it\\\/#website\"},\"primaryImageOfPage\":{\"@id\":\"https:\\\/\\\/pirovano.it\\\/it\\\/attivita-stelvio\\\/luoghi-di-interesse\\\/#primaryimage\"},\"image\":{\"@id\":\"https:\\\/\\\/pirovano.it\\\/it\\\/attivita-stelvio\\\/luoghi-di-interesse\\\/#primaryimage\"},\"thumbnailUrl\":\"https:\\\/\\\/pirovano.it\\\/wp-content\\\/uploads\\\/2018\\\/03\\\/bormio-pano.jpg\",\"datePublished\":\"2018-03-11T23:35:02+00:00\",\"dateModified\":\"2022-04-05T10:10:48+00:00\",\"description\":\"Dal Passo dello Stelvio \u00e8 possibile raggiungere facilmente diverse localit\u00e0 di interesse storico-culturale come Bormio, Livigno, Glorenza e altri ancora\",\"breadcrumb\":{\"@id\":\"https:\\\/\\\/pirovano.it\\\/it\\\/attivita-stelvio\\\/luoghi-di-interesse\\\/#breadcrumb\"},\"inLanguage\":\"it-IT\",\"potentialAction\":[{\"@type\":\"ReadAction\",\"target\":[\"https:\\\/\\\/pirovano.it\\\/it\\\/attivita-stelvio\\\/luoghi-di-interesse\\\/\"]}]},{\"@type\":\"ImageObject\",\"inLanguage\":\"it-IT\",\"@id\":\"https:\\\/\\\/pirovano.it\\\/it\\\/attivita-stelvio\\\/luoghi-di-interesse\\\/#primaryimage\",\"url\":\"https:\\\/\\\/pirovano.it\\\/wp-content\\\/uploads\\\/2018\\\/03\\\/bormio-pano.jpg\",\"contentUrl\":\"https:\\\/\\\/pirovano.it\\\/wp-content\\\/uploads\\\/2018\\\/03\\\/bormio-pano.jpg\",\"width\":1920,\"height\":1097},{\"@type\":\"BreadcrumbList\",\"@id\":\"https:\\\/\\\/pirovano.it\\\/it\\\/attivita-stelvio\\\/luoghi-di-interesse\\\/#breadcrumb\",\"itemListElement\":[{\"@type\":\"ListItem\",\"position\":1,\"name\":\"Home\",\"item\":\"https:\\\/\\\/pirovano.it\\\/it\\\/\"},{\"@type\":\"ListItem\",\"position\":2,\"name\":\"Attivit\u00e0\",\"item\":\"https:\\\/\\\/pirovano.it\\\/it\\\/attivita-stelvio\\\/\"},{\"@type\":\"ListItem\",\"position\":3,\"name\":\"Luoghi di interesse\"}]},{\"@type\":\"WebSite\",\"@id\":\"https:\\\/\\\/pirovano.it\\\/it\\\/#website\",\"url\":\"https:\\\/\\\/pirovano.it\\\/it\\\/\",\"name\":\"Pirovano\",\"description\":\"Universit\u00e0 dello Sci, dello Snowboard e della Montagna\",\"potentialAction\":[{\"@type\":\"SearchAction\",\"target\":{\"@type\":\"EntryPoint\",\"urlTemplate\":\"https:\\\/\\\/pirovano.it\\\/it\\\/?s={search_term_string}\"},\"query-input\":{\"@type\":\"PropertyValueSpecification\",\"valueRequired\":true,\"valueName\":\"search_term_string\"}}],\"inLanguage\":\"it-IT\"}]}<\/script>\n<!-- \/ Yoast SEO plugin. -->","yoast_head_json":{"title":"Luogi di interesse vicini allo Stelvio: Bormio, Livigno, Glorenza e altri","description":"Dal Passo dello Stelvio \u00e8 possibile raggiungere facilmente diverse localit\u00e0 di interesse storico-culturale come Bormio, Livigno, Glorenza e altri ancora","robots":{"index":"index","follow":"follow","max-snippet":"max-snippet:-1","max-image-preview":"max-image-preview:large","max-video-preview":"max-video-preview:-1"},"canonical":"https:\/\/pirovano.it\/it\/attivita-stelvio\/luoghi-di-interesse\/","og_locale":"it_IT","og_type":"article","og_title":"Luogi di interesse vicini allo Stelvio: Bormio, Livigno, Glorenza e altri","og_description":"Dal Passo dello Stelvio \u00e8 possibile raggiungere facilmente diverse localit\u00e0 di interesse storico-culturale come Bormio, Livigno, Glorenza e altri ancora","og_url":"https:\/\/pirovano.it\/it\/attivita-stelvio\/luoghi-di-interesse\/","og_site_name":"Pirovano","article_modified_time":"2022-04-05T10:10:48+00:00","og_image":[{"width":1920,"height":1097,"url":"https:\/\/pirovano.it\/wp-content\/uploads\/2018\/03\/bormio-pano.jpg","type":"image\/jpeg"}],"twitter_card":"summary_large_image","twitter_misc":{"Tempo di lettura stimato":"3 minuti"},"schema":{"@context":"https:\/\/schema.org","@graph":[{"@type":"WebPage","@id":"https:\/\/pirovano.it\/it\/attivita-stelvio\/luoghi-di-interesse\/","url":"https:\/\/pirovano.it\/it\/attivita-stelvio\/luoghi-di-interesse\/","name":"Luogi di interesse vicini allo Stelvio: Bormio, Livigno, Glorenza e altri","isPartOf":{"@id":"https:\/\/pirovano.it\/it\/#website"},"primaryImageOfPage":{"@id":"https:\/\/pirovano.it\/it\/attivita-stelvio\/luoghi-di-interesse\/#primaryimage"},"image":{"@id":"https:\/\/pirovano.it\/it\/attivita-stelvio\/luoghi-di-interesse\/#primaryimage"},"thumbnailUrl":"https:\/\/pirovano.it\/wp-content\/uploads\/2018\/03\/bormio-pano.jpg","datePublished":"2018-03-11T23:35:02+00:00","dateModified":"2022-04-05T10:10:48+00:00","description":"Dal Passo dello Stelvio \u00e8 possibile raggiungere facilmente diverse localit\u00e0 di interesse storico-culturale come Bormio, Livigno, Glorenza e altri ancora","breadcrumb":{"@id":"https:\/\/pirovano.it\/it\/attivita-stelvio\/luoghi-di-interesse\/#breadcrumb"},"inLanguage":"it-IT","potentialAction":[{"@type":"ReadAction","target":["https:\/\/pirovano.it\/it\/attivita-stelvio\/luoghi-di-interesse\/"]}]},{"@type":"ImageObject","inLanguage":"it-IT","@id":"https:\/\/pirovano.it\/it\/attivita-stelvio\/luoghi-di-interesse\/#primaryimage","url":"https:\/\/pirovano.it\/wp-content\/uploads\/2018\/03\/bormio-pano.jpg","contentUrl":"https:\/\/pirovano.it\/wp-content\/uploads\/2018\/03\/bormio-pano.jpg","width":1920,"height":1097},{"@type":"BreadcrumbList","@id":"https:\/\/pirovano.it\/it\/attivita-stelvio\/luoghi-di-interesse\/#breadcrumb","itemListElement":[{"@type":"ListItem","position":1,"name":"Home","item":"https:\/\/pirovano.it\/it\/"},{"@type":"ListItem","position":2,"name":"Attivit\u00e0","item":"https:\/\/pirovano.it\/it\/attivita-stelvio\/"},{"@type":"ListItem","position":3,"name":"Luoghi di interesse"}]},{"@type":"WebSite","@id":"https:\/\/pirovano.it\/it\/#website","url":"https:\/\/pirovano.it\/it\/","name":"Pirovano","description":"Universit\u00e0 dello Sci, dello Snowboard e della Montagna","potentialAction":[{"@type":"SearchAction","target":{"@type":"EntryPoint","urlTemplate":"https:\/\/pirovano.it\/it\/?s={search_term_string}"},"query-input":{"@type":"PropertyValueSpecification","valueRequired":true,"valueName":"search_term_string"}}],"inLanguage":"it-IT"}]}},"_links":{"self":[{"href":"https:\/\/pirovano.it\/it\/wp-json\/wp\/v2\/pages\/255","targetHints":{"allow":["GET"]}}],"collection":[{"href":"https:\/\/pirovano.it\/it\/wp-json\/wp\/v2\/pages"}],"about":[{"href":"https:\/\/pirovano.it\/it\/wp-json\/wp\/v2\/types\/page"}],"author":[{"embeddable":true,"href":"https:\/\/pirovano.it\/it\/wp-json\/wp\/v2\/users\/2"}],"replies":[{"embeddable":true,"href":"https:\/\/pirovano.it\/it\/wp-json\/wp\/v2\/comments?post=255"}],"version-history":[{"count":27,"href":"https:\/\/pirovano.it\/it\/wp-json\/wp\/v2\/pages\/255\/revisions"}],"predecessor-version":[{"id":11675,"href":"https:\/\/pirovano.it\/it\/wp-json\/wp\/v2\/pages\/255\/revisions\/11675"}],"up":[{"embeddable":true,"href":"https:\/\/pirovano.it\/it\/wp-json\/wp\/v2\/pages\/17"}],"wp:featuredmedia":[{"embeddable":true,"href":"https:\/\/pirovano.it\/it\/wp-json\/wp\/v2\/media\/742"}],"wp:attachment":[{"href":"https:\/\/pirovano.it\/it\/wp-json\/wp\/v2\/media?parent=255"}],"curies":[{"name":"wp","href":"https:\/\/api.w.org\/{rel}","templated":true}]}}