{"id":3213,"date":"2018-07-20T11:00:30","date_gmt":"2018-07-20T09:00:30","guid":{"rendered":"http:\/\/pirovano.it\/?page_id=3213"},"modified":"2020-02-27T15:54:53","modified_gmt":"2020-02-27T14:54:53","slug":"pacchetti-sci-ciclismo","status":"publish","type":"page","link":"https:\/\/pirovano.it\/it\/offerte-listini\/listino-prezzi-appartamenti\/pacchetti-sci-ciclismo\/","title":{"rendered":"Pacchetti &#8220;Ski&#038;Bike&#8221;"},"content":{"rendered":"<p>Per chi soggiorna presso gli appartamenti &#8220;Pirovano&#8221; o &#8220;Chalet Felse&#8221; sono disponibili speciali offerte dedicate allo sci estivo e al ciclismo<\/p>\n<h3><i class=\"fas fa-snowflake\"><\/i> SKI EXPERIENCE<\/h3>\n<p>Nel periodo <strong>9 giugno &#8211; 26 agosto 2018<\/strong> l&#8217;Universit\u00e0 dello Sci Pirovano, con sede al Passo dello Stelvio, \u00e8 a disposizione degli Ospiti degli Appartamenti Pirovano e Chalet Felse per lezioni di sci individuali o collettive, con possibilit\u00e0 di servizio navetta andata\/ritorno e deposito attrezzatura presso l&#8217;Hotel Quarto Pirovano.<\/p>\n<p>Dettagli offerta riservata solamente agli ospiti degli appartamenti:<\/p>\n<ul>\n<li><strong>Pacchetto 6 giorni scuola sci collettiva<br \/>\n<\/strong>4 ore al giorno di lezione, comprensivo di skipass 6 giorni, trasporto con automezzi Pirovano da Bormio al Passo dello Stelvio, n. 2 pranzi in hotel \u00bb <strong>\u20ac 450,00<\/strong> a persona.<br \/>\n(inizio lezioni luned\u00ec mattina, termine lezioni sabato)<\/li>\n<li><strong>Pacchetto 5 giorni scuola sci collettiva<br \/>\n<\/strong>4 ore al giorno di lezione, comprensivo di skipass 6 giorni, trasporto con automezzi Pirovano da Bormio al Passo dello Stelvio, n. 2 pranzi in hotel \u00bb <strong>\u20ac 420,00<\/strong> a persona.<br \/>\n(inizio lezioni luned\u00ec mattina, termine lezioni venerd\u00ec)<\/li>\n<li><strong>Corsi collettivi per principianti<br \/>\n<\/strong>dal 10 giugno all&#8217;8 luglio e dal 29 luglio al 19 agosto. In tutti gli altri periodi della stagione possibilit\u00e0 di lezioni individuali della durata di 2 ore al giorno, dal luned\u00ec al venerd\u00ec incluso \u00bb <strong>\u20ac 450,00<\/strong> a cui aggiungere \u20ac 125,00 per ogni allievo oltre il primo.<\/li>\n<\/ul>\n<p>La prenotazione \u00e8 obbligatoria e si effettua presso i nostri uffici amministrativi entro il gioved\u00ec precedente il Vostro arrivo.<\/p>\n<p>Possibilit\u00e0 di noleggio e deposito attrezzatura presso l\u2019hotel Quarto Pirovano al Passo dello Stelvio.<\/p>\n<h3><i class=\"fas fa-bicycle\"><\/i> BIKE EXPERIENCE<\/h3>\n<p>A tutti coloro che intendono &#8220;scalare&#8221; lo Stelvio in sella alla propria bicicletta, l&#8217;hotel Pirovano al Passo dello Stelvio mette a disposizione i seguenti servizi esclusivi per gli ospiti degli appartamenti:<\/p>\n<ol>\n<li>Trasporto indumenti e custodia presso la reception dell\u2019albergo<\/li>\n<li>Servizio doccia e relax presso il centro benessere dell\u2019albergo dotato di piscina, sauna, bagno turco e idromassaggio<\/li>\n<li>Custodia biciclette<\/li>\n<li>Possibilit\u00e0 di pranzo in quota al ristorante &#8220;La Terrazza del Pirovano&#8221;, associato alla &#8220;Strada del Vino e dei Sapori di Valtellina&#8221;<\/li>\n<\/ol>\n<p>Il servizio trasporto indumenti, doccia e utilizzo del centro benessere, ha un costo pari a <strong>\u20ac 10,00<\/strong> a persona.<\/p>\n<p>La consegna del bagaglio deve essere effettuata entro le ore 16.30 il giorno precedente presso la reception degli appartamenti Pirovano a Bormio in Via Milano 24\/a, mentre la riconsegna del bagaglio \u00e8 prevista entro le ore 17.00 del medesimo giorno.<\/p>\n<p>Il ristorante &#8220;La Terrazza del Pirovano&#8221; \u00e8 aperto tutti i giorni dalle ore 12.30 alle 14.30<\/p>\n<p>Sui servizi di ristorazione, viene riservato uno sconto del <strong>10%<\/strong><\/p>\n<ul class=\"links\">\n<li><i class=\"fas fa-file-pdf\"><\/i> <a href=\"http:\/\/pirovano.it\/wp-content\/uploads\/2018\/07\/Speciale-estate-2018-Ski-Bike.pdf\" target=\"_blank\" rel=\"noopener noreferrer\">Download PDF<\/a><\/li>\n<\/ul>\n","protected":false},"excerpt":{"rendered":"<p>Per chi soggiorna presso gli appartamenti &#8220;Pirovano&#8221; o &#8220;Chalet Felse&#8221; sono disponibili speciali offerte dedicate allo sci estivo e al ciclismo SKI EXPERIENCE Nel periodo 9 giugno &#8211; 26 agosto 2018 l&#8217;Universit\u00e0 dello Sci Pirovano, con sede al Passo dello Stelvio, \u00e8 a disposizione degli Ospiti degli Appartamenti Pirovano e Chalet Felse per lezioni di [&hellip;]<\/p>\n","protected":false},"author":3,"featured_media":618,"parent":805,"menu_order":0,"comment_status":"closed","ping_status":"closed","template":"","meta":{"footnotes":""},"class_list":["post-3213","page","type-page","status-publish","has-post-thumbnail","hentry","odd"],"yoast_head":"<!-- This site is optimized with the Yoast SEO plugin v27.3 - https:\/\/yoast.com\/product\/yoast-seo-wordpress\/ -->\n<title>Offerte speciali sci estivo e ciclismo a Bormio paese<\/title>\n<meta name=\"description\" content=\"Per chi soggiorna presso gli appartamenti Pirovano o Chalet Felse sono disponibili speciali offerte dedicate allo sci estivo e al ciclismo\" \/>\n<meta name=\"robots\" content=\"index, follow, max-snippet:-1, max-image-preview:large, max-video-preview:-1\" \/>\n<link rel=\"canonical\" href=\"https:\/\/pirovano.it\/it\/offerte-listini\/listino-prezzi-appartamenti\/pacchetti-sci-ciclismo\/\" \/>\n<meta property=\"og:locale\" content=\"it_IT\" \/>\n<meta property=\"og:type\" content=\"article\" \/>\n<meta property=\"og:title\" content=\"Offerte speciali sci estivo e ciclismo a Bormio paese\" \/>\n<meta property=\"og:description\" content=\"Per chi soggiorna presso gli appartamenti Pirovano o Chalet Felse sono disponibili speciali offerte dedicate allo sci estivo e al ciclismo\" \/>\n<meta property=\"og:url\" content=\"https:\/\/pirovano.it\/it\/offerte-listini\/listino-prezzi-appartamenti\/pacchetti-sci-ciclismo\/\" \/>\n<meta property=\"og:site_name\" content=\"Pirovano\" \/>\n<meta property=\"article:modified_time\" content=\"2020-02-27T14:54:53+00:00\" \/>\n<meta property=\"og:image\" content=\"https:\/\/pirovano.it\/wp-content\/uploads\/2018\/03\/tramonto-ortles.jpg\" \/>\n\t<meta property=\"og:image:width\" content=\"1920\" \/>\n\t<meta property=\"og:image:height\" content=\"1201\" \/>\n\t<meta property=\"og:image:type\" content=\"image\/jpeg\" \/>\n<meta name=\"twitter:card\" content=\"summary_large_image\" \/>\n<meta name=\"twitter:label1\" content=\"Tempo di lettura stimato\" \/>\n\t<meta name=\"twitter:data1\" content=\"2 minuti\" \/>\n<script type=\"application\/ld+json\" class=\"yoast-schema-graph\">{\"@context\":\"https:\\\/\\\/schema.org\",\"@graph\":[{\"@type\":\"WebPage\",\"@id\":\"https:\\\/\\\/pirovano.it\\\/it\\\/offerte-listini\\\/listino-prezzi-appartamenti\\\/pacchetti-sci-ciclismo\\\/\",\"url\":\"https:\\\/\\\/pirovano.it\\\/it\\\/offerte-listini\\\/listino-prezzi-appartamenti\\\/pacchetti-sci-ciclismo\\\/\",\"name\":\"Offerte speciali sci estivo e ciclismo a Bormio paese\",\"isPartOf\":{\"@id\":\"https:\\\/\\\/pirovano.it\\\/it\\\/#website\"},\"primaryImageOfPage\":{\"@id\":\"https:\\\/\\\/pirovano.it\\\/it\\\/offerte-listini\\\/listino-prezzi-appartamenti\\\/pacchetti-sci-ciclismo\\\/#primaryimage\"},\"image\":{\"@id\":\"https:\\\/\\\/pirovano.it\\\/it\\\/offerte-listini\\\/listino-prezzi-appartamenti\\\/pacchetti-sci-ciclismo\\\/#primaryimage\"},\"thumbnailUrl\":\"https:\\\/\\\/pirovano.it\\\/wp-content\\\/uploads\\\/2018\\\/03\\\/tramonto-ortles.jpg\",\"datePublished\":\"2018-07-20T09:00:30+00:00\",\"dateModified\":\"2020-02-27T14:54:53+00:00\",\"description\":\"Per chi soggiorna presso gli appartamenti Pirovano o Chalet Felse sono disponibili speciali offerte dedicate allo sci estivo e al ciclismo\",\"breadcrumb\":{\"@id\":\"https:\\\/\\\/pirovano.it\\\/it\\\/offerte-listini\\\/listino-prezzi-appartamenti\\\/pacchetti-sci-ciclismo\\\/#breadcrumb\"},\"inLanguage\":\"it-IT\",\"potentialAction\":[{\"@type\":\"ReadAction\",\"target\":[\"https:\\\/\\\/pirovano.it\\\/it\\\/offerte-listini\\\/listino-prezzi-appartamenti\\\/pacchetti-sci-ciclismo\\\/\"]}]},{\"@type\":\"ImageObject\",\"inLanguage\":\"it-IT\",\"@id\":\"https:\\\/\\\/pirovano.it\\\/it\\\/offerte-listini\\\/listino-prezzi-appartamenti\\\/pacchetti-sci-ciclismo\\\/#primaryimage\",\"url\":\"https:\\\/\\\/pirovano.it\\\/wp-content\\\/uploads\\\/2018\\\/03\\\/tramonto-ortles.jpg\",\"contentUrl\":\"https:\\\/\\\/pirovano.it\\\/wp-content\\\/uploads\\\/2018\\\/03\\\/tramonto-ortles.jpg\",\"width\":1920,\"height\":1201},{\"@type\":\"BreadcrumbList\",\"@id\":\"https:\\\/\\\/pirovano.it\\\/it\\\/offerte-listini\\\/listino-prezzi-appartamenti\\\/pacchetti-sci-ciclismo\\\/#breadcrumb\",\"itemListElement\":[{\"@type\":\"ListItem\",\"position\":1,\"name\":\"Home\",\"item\":\"https:\\\/\\\/pirovano.it\\\/it\\\/\"},{\"@type\":\"ListItem\",\"position\":2,\"name\":\"Offerte e Listini\",\"item\":\"https:\\\/\\\/pirovano.it\\\/it\\\/offerte-listini\\\/\"},{\"@type\":\"ListItem\",\"position\":3,\"name\":\"Listini appartamenti Bormio\",\"item\":\"https:\\\/\\\/pirovano.it\\\/it\\\/offerte-listini\\\/listino-prezzi-appartamenti\\\/\"},{\"@type\":\"ListItem\",\"position\":4,\"name\":\"Pacchetti &#8220;Ski&#038;Bike&#8221;\"}]},{\"@type\":\"WebSite\",\"@id\":\"https:\\\/\\\/pirovano.it\\\/it\\\/#website\",\"url\":\"https:\\\/\\\/pirovano.it\\\/it\\\/\",\"name\":\"Pirovano\",\"description\":\"Universit\u00e0 dello Sci, dello Snowboard e della Montagna\",\"potentialAction\":[{\"@type\":\"SearchAction\",\"target\":{\"@type\":\"EntryPoint\",\"urlTemplate\":\"https:\\\/\\\/pirovano.it\\\/it\\\/?s={search_term_string}\"},\"query-input\":{\"@type\":\"PropertyValueSpecification\",\"valueRequired\":true,\"valueName\":\"search_term_string\"}}],\"inLanguage\":\"it-IT\"}]}<\/script>\n<!-- \/ Yoast SEO plugin. -->","yoast_head_json":{"title":"Offerte speciali sci estivo e ciclismo a Bormio paese","description":"Per chi soggiorna presso gli appartamenti Pirovano o Chalet Felse sono disponibili speciali offerte dedicate allo sci estivo e al ciclismo","robots":{"index":"index","follow":"follow","max-snippet":"max-snippet:-1","max-image-preview":"max-image-preview:large","max-video-preview":"max-video-preview:-1"},"canonical":"https:\/\/pirovano.it\/it\/offerte-listini\/listino-prezzi-appartamenti\/pacchetti-sci-ciclismo\/","og_locale":"it_IT","og_type":"article","og_title":"Offerte speciali sci estivo e ciclismo a Bormio paese","og_description":"Per chi soggiorna presso gli appartamenti Pirovano o Chalet Felse sono disponibili speciali offerte dedicate allo sci estivo e al ciclismo","og_url":"https:\/\/pirovano.it\/it\/offerte-listini\/listino-prezzi-appartamenti\/pacchetti-sci-ciclismo\/","og_site_name":"Pirovano","article_modified_time":"2020-02-27T14:54:53+00:00","og_image":[{"width":1920,"height":1201,"url":"https:\/\/pirovano.it\/wp-content\/uploads\/2018\/03\/tramonto-ortles.jpg","type":"image\/jpeg"}],"twitter_card":"summary_large_image","twitter_misc":{"Tempo di lettura stimato":"2 minuti"},"schema":{"@context":"https:\/\/schema.org","@graph":[{"@type":"WebPage","@id":"https:\/\/pirovano.it\/it\/offerte-listini\/listino-prezzi-appartamenti\/pacchetti-sci-ciclismo\/","url":"https:\/\/pirovano.it\/it\/offerte-listini\/listino-prezzi-appartamenti\/pacchetti-sci-ciclismo\/","name":"Offerte speciali sci estivo e ciclismo a Bormio paese","isPartOf":{"@id":"https:\/\/pirovano.it\/it\/#website"},"primaryImageOfPage":{"@id":"https:\/\/pirovano.it\/it\/offerte-listini\/listino-prezzi-appartamenti\/pacchetti-sci-ciclismo\/#primaryimage"},"image":{"@id":"https:\/\/pirovano.it\/it\/offerte-listini\/listino-prezzi-appartamenti\/pacchetti-sci-ciclismo\/#primaryimage"},"thumbnailUrl":"https:\/\/pirovano.it\/wp-content\/uploads\/2018\/03\/tramonto-ortles.jpg","datePublished":"2018-07-20T09:00:30+00:00","dateModified":"2020-02-27T14:54:53+00:00","description":"Per chi soggiorna presso gli appartamenti Pirovano o Chalet Felse sono disponibili speciali offerte dedicate allo sci estivo e al ciclismo","breadcrumb":{"@id":"https:\/\/pirovano.it\/it\/offerte-listini\/listino-prezzi-appartamenti\/pacchetti-sci-ciclismo\/#breadcrumb"},"inLanguage":"it-IT","potentialAction":[{"@type":"ReadAction","target":["https:\/\/pirovano.it\/it\/offerte-listini\/listino-prezzi-appartamenti\/pacchetti-sci-ciclismo\/"]}]},{"@type":"ImageObject","inLanguage":"it-IT","@id":"https:\/\/pirovano.it\/it\/offerte-listini\/listino-prezzi-appartamenti\/pacchetti-sci-ciclismo\/#primaryimage","url":"https:\/\/pirovano.it\/wp-content\/uploads\/2018\/03\/tramonto-ortles.jpg","contentUrl":"https:\/\/pirovano.it\/wp-content\/uploads\/2018\/03\/tramonto-ortles.jpg","width":1920,"height":1201},{"@type":"BreadcrumbList","@id":"https:\/\/pirovano.it\/it\/offerte-listini\/listino-prezzi-appartamenti\/pacchetti-sci-ciclismo\/#breadcrumb","itemListElement":[{"@type":"ListItem","position":1,"name":"Home","item":"https:\/\/pirovano.it\/it\/"},{"@type":"ListItem","position":2,"name":"Offerte e Listini","item":"https:\/\/pirovano.it\/it\/offerte-listini\/"},{"@type":"ListItem","position":3,"name":"Listini appartamenti Bormio","item":"https:\/\/pirovano.it\/it\/offerte-listini\/listino-prezzi-appartamenti\/"},{"@type":"ListItem","position":4,"name":"Pacchetti &#8220;Ski&#038;Bike&#8221;"}]},{"@type":"WebSite","@id":"https:\/\/pirovano.it\/it\/#website","url":"https:\/\/pirovano.it\/it\/","name":"Pirovano","description":"Universit\u00e0 dello Sci, dello Snowboard e della Montagna","potentialAction":[{"@type":"SearchAction","target":{"@type":"EntryPoint","urlTemplate":"https:\/\/pirovano.it\/it\/?s={search_term_string}"},"query-input":{"@type":"PropertyValueSpecification","valueRequired":true,"valueName":"search_term_string"}}],"inLanguage":"it-IT"}]}},"_links":{"self":[{"href":"https:\/\/pirovano.it\/it\/wp-json\/wp\/v2\/pages\/3213","targetHints":{"allow":["GET"]}}],"collection":[{"href":"https:\/\/pirovano.it\/it\/wp-json\/wp\/v2\/pages"}],"about":[{"href":"https:\/\/pirovano.it\/it\/wp-json\/wp\/v2\/types\/page"}],"author":[{"embeddable":true,"href":"https:\/\/pirovano.it\/it\/wp-json\/wp\/v2\/users\/3"}],"replies":[{"embeddable":true,"href":"https:\/\/pirovano.it\/it\/wp-json\/wp\/v2\/comments?post=3213"}],"version-history":[{"count":16,"href":"https:\/\/pirovano.it\/it\/wp-json\/wp\/v2\/pages\/3213\/revisions"}],"predecessor-version":[{"id":6085,"href":"https:\/\/pirovano.it\/it\/wp-json\/wp\/v2\/pages\/3213\/revisions\/6085"}],"up":[{"embeddable":true,"href":"https:\/\/pirovano.it\/it\/wp-json\/wp\/v2\/pages\/805"}],"wp:featuredmedia":[{"embeddable":true,"href":"https:\/\/pirovano.it\/it\/wp-json\/wp\/v2\/media\/618"}],"wp:attachment":[{"href":"https:\/\/pirovano.it\/it\/wp-json\/wp\/v2\/media?parent=3213"}],"curies":[{"name":"wp","href":"https:\/\/api.w.org\/{rel}","templated":true}]}}