{"id":377,"date":"2018-03-12T14:19:02","date_gmt":"2018-03-12T14:19:02","guid":{"rendered":"http:\/\/pirovano.webfactional.com\/?page_id=377"},"modified":"2024-11-27T08:30:17","modified_gmt":"2024-11-27T07:30:17","slug":"ristorante","status":"publish","type":"page","link":"https:\/\/pirovano.it\/it\/hotel-appartamenti\/hotel-passo-stelvio\/ristorante\/","title":{"rendered":"Il Ristorante Pirovano allo Stelvio"},"content":{"rendered":"<p>(CIR: 014009-ALB-00027) (CIN: IT014009A1YO3FDWW6)<\/p>\n<p>Tutti i giorni a quasi 3000 metri di quota succede qualcosa di magico: la cucina Italiana incontra i piatti tipici della tradizione Valtellinese e Altoatesina&#8230; ed ecco che nasce un vero e proprio sodalizio gastronomico dedicato agli amanti della buona tavola!<\/p>\n<p><strong>La cucina dell&#8217;hotel Pirovano Quarto<\/strong>\u00a0 \u00e8 uno dei punti di forza che rendono ancora pi\u00f9 piacevole e indimenticabile il soggiorno in alta montagna: l&#8217;attenzione nella scelta di ingredienti di qualit\u00e0, la selezione di materie prime del territorio e la cura dedicata ad ogni piatto consentono di soddisfare anche i palati pi\u00f9 esigenti.<\/p>\n<p>E per iniziare la giornata nei migliori dei modi, per fare il pieno di energia, a colazione \u00e8 disponibile un ricco buffet con ampia scelta di torte fatte in casa dal nostro pasticcere, i migliori cereali, yogurt a km zero, marmellate, frutta fresca e sciroppata, brioches, biscotti, salumi, formaggi e uova.<\/p>\n<h3>Allergie e intolleranze alimentari<\/h3>\n<p>Per qualsiasi problema alimentare, di intolleranza al glutine o altro, ed anche per diete vegetariane \u00e8 possibile richiedere la preparazione di piatti personalizzati.<\/p>\n<h3>Le ricette del nostro Chef<\/h3>\n<p>Volete ritrovare il piacere della buona cucina Pirovano anche a casa vostra? Provate a cucinare le ricette del nostro chef sui fornelli di casa e&#8230; buon appetito!<\/p>\n<p>&nbsp;<\/p>\n","protected":false},"excerpt":{"rendered":"<p>(CIR: 014009-ALB-00027) (CIN: IT014009A1YO3FDWW6) Tutti i giorni a quasi 3000 metri di quota succede qualcosa di magico: la cucina Italiana incontra i piatti tipici della tradizione Valtellinese e Altoatesina&#8230; ed ecco che nasce un vero e proprio sodalizio gastronomico dedicato agli amanti della buona tavola! La cucina dell&#8217;hotel Pirovano Quarto\u00a0 \u00e8 uno dei punti di [&hellip;]<\/p>\n","protected":false},"author":3,"featured_media":1120,"parent":358,"menu_order":0,"comment_status":"closed","ping_status":"closed","template":"page-templates\/ricette.php","meta":{"footnotes":""},"class_list":["post-377","page","type-page","status-publish","has-post-thumbnail","hentry","odd"],"yoast_head":"<!-- This site is optimized with the Yoast SEO plugin v27.3 - https:\/\/yoast.com\/product\/yoast-seo-wordpress\/ -->\n<title>Ristorante tipico e tradizionale al Passo dello Stelvio<\/title>\n<meta name=\"description\" content=\"Il ristorante Pirovano \u00e8 aperto al pubblico tutti i giorni a pranzo: specialit\u00e0 tipiche e fatte in casa della Valtellina e dell&#039;Alto-Adige\" \/>\n<meta name=\"robots\" content=\"index, follow, max-snippet:-1, max-image-preview:large, max-video-preview:-1\" \/>\n<link rel=\"canonical\" href=\"https:\/\/pirovano.it\/it\/hotel-appartamenti\/hotel-passo-stelvio\/ristorante\/\" \/>\n<meta property=\"og:locale\" content=\"it_IT\" \/>\n<meta property=\"og:type\" content=\"article\" \/>\n<meta property=\"og:title\" content=\"Ristorante tipico e tradizionale al Passo dello Stelvio\" \/>\n<meta property=\"og:description\" content=\"Il ristorante Pirovano \u00e8 aperto al pubblico tutti i giorni a pranzo: specialit\u00e0 tipiche e fatte in casa della Valtellina e dell&#039;Alto-Adige\" \/>\n<meta property=\"og:url\" content=\"https:\/\/pirovano.it\/it\/hotel-appartamenti\/hotel-passo-stelvio\/ristorante\/\" \/>\n<meta property=\"og:site_name\" content=\"Pirovano\" \/>\n<meta property=\"article:modified_time\" content=\"2024-11-27T07:30:17+00:00\" \/>\n<meta property=\"og:image\" content=\"https:\/\/pirovano.it\/wp-content\/uploads\/2018\/03\/pirovano170904-1024x683.jpg\" \/>\n\t<meta property=\"og:image:width\" content=\"1024\" \/>\n\t<meta property=\"og:image:height\" content=\"683\" \/>\n\t<meta property=\"og:image:type\" content=\"image\/jpeg\" \/>\n<meta name=\"twitter:card\" content=\"summary_large_image\" \/>\n<meta name=\"twitter:label1\" content=\"Tempo di lettura stimato\" \/>\n\t<meta name=\"twitter:data1\" content=\"2 minuti\" \/>\n<script type=\"application\/ld+json\" class=\"yoast-schema-graph\">{\"@context\":\"https:\\\/\\\/schema.org\",\"@graph\":[{\"@type\":\"WebPage\",\"@id\":\"https:\\\/\\\/pirovano.it\\\/it\\\/hotel-appartamenti\\\/hotel-passo-stelvio\\\/ristorante\\\/\",\"url\":\"https:\\\/\\\/pirovano.it\\\/it\\\/hotel-appartamenti\\\/hotel-passo-stelvio\\\/ristorante\\\/\",\"name\":\"Ristorante tipico e tradizionale al Passo dello Stelvio\",\"isPartOf\":{\"@id\":\"https:\\\/\\\/pirovano.it\\\/it\\\/#website\"},\"primaryImageOfPage\":{\"@id\":\"https:\\\/\\\/pirovano.it\\\/it\\\/hotel-appartamenti\\\/hotel-passo-stelvio\\\/ristorante\\\/#primaryimage\"},\"image\":{\"@id\":\"https:\\\/\\\/pirovano.it\\\/it\\\/hotel-appartamenti\\\/hotel-passo-stelvio\\\/ristorante\\\/#primaryimage\"},\"thumbnailUrl\":\"https:\\\/\\\/pirovano.it\\\/wp-content\\\/uploads\\\/2018\\\/03\\\/pirovano170904.jpg\",\"datePublished\":\"2018-03-12T14:19:02+00:00\",\"dateModified\":\"2024-11-27T07:30:17+00:00\",\"description\":\"Il ristorante Pirovano \u00e8 aperto al pubblico tutti i giorni a pranzo: specialit\u00e0 tipiche e fatte in casa della Valtellina e dell'Alto-Adige\",\"breadcrumb\":{\"@id\":\"https:\\\/\\\/pirovano.it\\\/it\\\/hotel-appartamenti\\\/hotel-passo-stelvio\\\/ristorante\\\/#breadcrumb\"},\"inLanguage\":\"it-IT\",\"potentialAction\":[{\"@type\":\"ReadAction\",\"target\":[\"https:\\\/\\\/pirovano.it\\\/it\\\/hotel-appartamenti\\\/hotel-passo-stelvio\\\/ristorante\\\/\"]}]},{\"@type\":\"ImageObject\",\"inLanguage\":\"it-IT\",\"@id\":\"https:\\\/\\\/pirovano.it\\\/it\\\/hotel-appartamenti\\\/hotel-passo-stelvio\\\/ristorante\\\/#primaryimage\",\"url\":\"https:\\\/\\\/pirovano.it\\\/wp-content\\\/uploads\\\/2018\\\/03\\\/pirovano170904.jpg\",\"contentUrl\":\"https:\\\/\\\/pirovano.it\\\/wp-content\\\/uploads\\\/2018\\\/03\\\/pirovano170904.jpg\",\"width\":5184,\"height\":3456},{\"@type\":\"BreadcrumbList\",\"@id\":\"https:\\\/\\\/pirovano.it\\\/it\\\/hotel-appartamenti\\\/hotel-passo-stelvio\\\/ristorante\\\/#breadcrumb\",\"itemListElement\":[{\"@type\":\"ListItem\",\"position\":1,\"name\":\"Home\",\"item\":\"https:\\\/\\\/pirovano.it\\\/it\\\/\"},{\"@type\":\"ListItem\",\"position\":2,\"name\":\"Hotel e Appartamenti allo Stelvio, a Bormio e a Isolaccia-Valdidentro\",\"item\":\"https:\\\/\\\/pirovano.it\\\/it\\\/hotel-appartamenti\\\/\"},{\"@type\":\"ListItem\",\"position\":3,\"name\":\"Hotel al Passo dello Stelvio\",\"item\":\"https:\\\/\\\/pirovano.it\\\/it\\\/hotel-appartamenti\\\/hotel-passo-stelvio\\\/\"},{\"@type\":\"ListItem\",\"position\":4,\"name\":\"Il Ristorante Pirovano allo Stelvio\"}]},{\"@type\":\"WebSite\",\"@id\":\"https:\\\/\\\/pirovano.it\\\/it\\\/#website\",\"url\":\"https:\\\/\\\/pirovano.it\\\/it\\\/\",\"name\":\"Pirovano\",\"description\":\"Universit\u00e0 dello Sci, dello Snowboard e della Montagna\",\"potentialAction\":[{\"@type\":\"SearchAction\",\"target\":{\"@type\":\"EntryPoint\",\"urlTemplate\":\"https:\\\/\\\/pirovano.it\\\/it\\\/?s={search_term_string}\"},\"query-input\":{\"@type\":\"PropertyValueSpecification\",\"valueRequired\":true,\"valueName\":\"search_term_string\"}}],\"inLanguage\":\"it-IT\"}]}<\/script>\n<!-- \/ Yoast SEO plugin. -->","yoast_head_json":{"title":"Ristorante tipico e tradizionale al Passo dello Stelvio","description":"Il ristorante Pirovano \u00e8 aperto al pubblico tutti i giorni a pranzo: specialit\u00e0 tipiche e fatte in casa della Valtellina e dell'Alto-Adige","robots":{"index":"index","follow":"follow","max-snippet":"max-snippet:-1","max-image-preview":"max-image-preview:large","max-video-preview":"max-video-preview:-1"},"canonical":"https:\/\/pirovano.it\/it\/hotel-appartamenti\/hotel-passo-stelvio\/ristorante\/","og_locale":"it_IT","og_type":"article","og_title":"Ristorante tipico e tradizionale al Passo dello Stelvio","og_description":"Il ristorante Pirovano \u00e8 aperto al pubblico tutti i giorni a pranzo: specialit\u00e0 tipiche e fatte in casa della Valtellina e dell'Alto-Adige","og_url":"https:\/\/pirovano.it\/it\/hotel-appartamenti\/hotel-passo-stelvio\/ristorante\/","og_site_name":"Pirovano","article_modified_time":"2024-11-27T07:30:17+00:00","og_image":[{"width":1024,"height":683,"url":"https:\/\/pirovano.it\/wp-content\/uploads\/2018\/03\/pirovano170904-1024x683.jpg","type":"image\/jpeg"}],"twitter_card":"summary_large_image","twitter_misc":{"Tempo di lettura stimato":"2 minuti"},"schema":{"@context":"https:\/\/schema.org","@graph":[{"@type":"WebPage","@id":"https:\/\/pirovano.it\/it\/hotel-appartamenti\/hotel-passo-stelvio\/ristorante\/","url":"https:\/\/pirovano.it\/it\/hotel-appartamenti\/hotel-passo-stelvio\/ristorante\/","name":"Ristorante tipico e tradizionale al Passo dello Stelvio","isPartOf":{"@id":"https:\/\/pirovano.it\/it\/#website"},"primaryImageOfPage":{"@id":"https:\/\/pirovano.it\/it\/hotel-appartamenti\/hotel-passo-stelvio\/ristorante\/#primaryimage"},"image":{"@id":"https:\/\/pirovano.it\/it\/hotel-appartamenti\/hotel-passo-stelvio\/ristorante\/#primaryimage"},"thumbnailUrl":"https:\/\/pirovano.it\/wp-content\/uploads\/2018\/03\/pirovano170904.jpg","datePublished":"2018-03-12T14:19:02+00:00","dateModified":"2024-11-27T07:30:17+00:00","description":"Il ristorante Pirovano \u00e8 aperto al pubblico tutti i giorni a pranzo: specialit\u00e0 tipiche e fatte in casa della Valtellina e dell'Alto-Adige","breadcrumb":{"@id":"https:\/\/pirovano.it\/it\/hotel-appartamenti\/hotel-passo-stelvio\/ristorante\/#breadcrumb"},"inLanguage":"it-IT","potentialAction":[{"@type":"ReadAction","target":["https:\/\/pirovano.it\/it\/hotel-appartamenti\/hotel-passo-stelvio\/ristorante\/"]}]},{"@type":"ImageObject","inLanguage":"it-IT","@id":"https:\/\/pirovano.it\/it\/hotel-appartamenti\/hotel-passo-stelvio\/ristorante\/#primaryimage","url":"https:\/\/pirovano.it\/wp-content\/uploads\/2018\/03\/pirovano170904.jpg","contentUrl":"https:\/\/pirovano.it\/wp-content\/uploads\/2018\/03\/pirovano170904.jpg","width":5184,"height":3456},{"@type":"BreadcrumbList","@id":"https:\/\/pirovano.it\/it\/hotel-appartamenti\/hotel-passo-stelvio\/ristorante\/#breadcrumb","itemListElement":[{"@type":"ListItem","position":1,"name":"Home","item":"https:\/\/pirovano.it\/it\/"},{"@type":"ListItem","position":2,"name":"Hotel e Appartamenti allo Stelvio, a Bormio e a Isolaccia-Valdidentro","item":"https:\/\/pirovano.it\/it\/hotel-appartamenti\/"},{"@type":"ListItem","position":3,"name":"Hotel al Passo dello Stelvio","item":"https:\/\/pirovano.it\/it\/hotel-appartamenti\/hotel-passo-stelvio\/"},{"@type":"ListItem","position":4,"name":"Il Ristorante Pirovano allo Stelvio"}]},{"@type":"WebSite","@id":"https:\/\/pirovano.it\/it\/#website","url":"https:\/\/pirovano.it\/it\/","name":"Pirovano","description":"Universit\u00e0 dello Sci, dello Snowboard e della Montagna","potentialAction":[{"@type":"SearchAction","target":{"@type":"EntryPoint","urlTemplate":"https:\/\/pirovano.it\/it\/?s={search_term_string}"},"query-input":{"@type":"PropertyValueSpecification","valueRequired":true,"valueName":"search_term_string"}}],"inLanguage":"it-IT"}]}},"_links":{"self":[{"href":"https:\/\/pirovano.it\/it\/wp-json\/wp\/v2\/pages\/377","targetHints":{"allow":["GET"]}}],"collection":[{"href":"https:\/\/pirovano.it\/it\/wp-json\/wp\/v2\/pages"}],"about":[{"href":"https:\/\/pirovano.it\/it\/wp-json\/wp\/v2\/types\/page"}],"author":[{"embeddable":true,"href":"https:\/\/pirovano.it\/it\/wp-json\/wp\/v2\/users\/3"}],"replies":[{"embeddable":true,"href":"https:\/\/pirovano.it\/it\/wp-json\/wp\/v2\/comments?post=377"}],"version-history":[{"count":45,"href":"https:\/\/pirovano.it\/it\/wp-json\/wp\/v2\/pages\/377\/revisions"}],"predecessor-version":[{"id":13459,"href":"https:\/\/pirovano.it\/it\/wp-json\/wp\/v2\/pages\/377\/revisions\/13459"}],"up":[{"embeddable":true,"href":"https:\/\/pirovano.it\/it\/wp-json\/wp\/v2\/pages\/358"}],"wp:featuredmedia":[{"embeddable":true,"href":"https:\/\/pirovano.it\/it\/wp-json\/wp\/v2\/media\/1120"}],"wp:attachment":[{"href":"https:\/\/pirovano.it\/it\/wp-json\/wp\/v2\/media?parent=377"}],"curies":[{"name":"wp","href":"https:\/\/api.w.org\/{rel}","templated":true}]}}