{"id":5006,"date":"2019-05-02T13:47:49","date_gmt":"2019-05-02T11:47:49","guid":{"rendered":"https:\/\/pirovano.it\/?page_id=5006"},"modified":"2019-05-02T14:01:31","modified_gmt":"2019-05-02T12:01:31","slug":"pirovano-welcome","status":"publish","type":"page","link":"https:\/\/pirovano.it\/it\/lp\/pirovano-welcome\/","title":{"rendered":"Pirovano \u00e8&#8230;"},"content":{"rendered":"<h2>Mountain Hotel<\/h2>\n<h3>Una struttura ricettiva dotata di ogni comfort, per un soggiorno all\u2019insegna di sport e benessere, dove nulla \u00e8 lasciato al caso.<\/h3>\n<p><a href=\"https:\/\/pirovano.it\/it\/hotel-appartamenti\/hotel-passo-stelvio\/servizi\/\">L\u2019albergo Pirovano Quarto<\/a> si trova nel cuore del Parco Nazionale dello Stelvio, a un\u2019altitudine di 2760 metri sul livello del mare. Facilmente riconoscibile per le sue imponenti e singolari linee architettoniche, che ben si inseriscono nel circostante contesto d\u2019alta montagna, dista meno di 50 metri dalla funivia per il ghiacciaio ed \u00e8 la struttura ideale per sciatori e turisti che soggiornano al Passo dello Stelvio.<\/p>\n<p>Dotato di 110 camere, l\u2019albergo \u00e8 attrezzato per convegni, meeting, team-building ed altre attivit\u00e0 che necessitano di grandi spazi. A disposizione dei clienti una grande variet\u00e0 di servizi: la piscina riscaldata con un rinnovato <a href=\"https:\/\/pirovano.it\/it\/hotel-appartamenti\/hotel-passo-stelvio\/centro-benessere-piscina\/\">centro benessere<\/a>, la palestra per allenamenti aerobici e di rafforzamento della muscolatura, la tranquilla sala lettura, la sala giochi, la terrazza solarium, un coinvolgente staff di animazione e molto altro ancora&#8230;<\/p>\n<p>Tutti i giorni a quasi 3000 metri di quota succede, inoltre, qualcosa di magico: <a href=\"https:\/\/pirovano.it\/it\/hotel-appartamenti\/hotel-passo-stelvio\/ristorante\/\">la cucina<\/a> Italiana incontra i piatti tipici della tradizione Valtellinese e Altoatesina&#8230; ed ecco che nasce un vero e proprio sodalizio gastronomico dedicato agli amanti della buona tavola<\/p>\n<h2>&#8220;L\u2019Universit\u00e0 dello Sci&#8221;<\/h2>\n<h3>Una scuola con oltre 60 anni di esperienza nell\u2019insegnamento dello Sci Alpino, questa \u00e8 l&#8217;Universit\u00e0 a cui tutti vorrebbero iscriversi<\/h3>\n<p>Pirovano e lo Stelvio&#8230; una bellissima &#8220;storia di sport&#8221; i cui ingredienti vincenti sono tutt\u2019oggi la seriet\u00e0, l\u2019affidabilit\u00e0, oltre alla grande passione per una disciplina sportiva densa di emozioni. Tutto questo, unitamente alla professionalit\u00e0 dei propri maestri, ha fatto guadagnare alla Scuola Pirovano l\u2019appellativo di &#8220;Universit\u00e0 dello Sci&#8221;.<\/p>\n<p>La Scuola di Sci di Pirovano \u00e8 in grado di offrire una vasta <a href=\"https:\/\/pirovano.it\/it\/scuola-sci-estate-autunno\/corsi-sci\/\">scelta di corsi<\/a>, studiati specificatamente per qualsiasi esigenza:<\/p>\n<ul>\n<li><strong><a href=\"https:\/\/pirovano.it\/it\/corsi\/settimana-standard\/\">Corsi collettivi<\/a><\/strong>: suddivisi in gruppi omogenei, dal principiante all\u2019agonista, vengono impartite quattro ore giornaliere di lezione. Parte integrante dei corsi sono le riprese video, supporto alle lezioni teoriche e propedeutiche all\u2019affinamento della conduzione.<\/li>\n<li><strong>Lezioni Individuali<\/strong>, personalizzate, ideali per neofiti come anche mirate al perfezionamento agonistico, alla preparazione per aspiranti maestri di sci o pi\u00f9 semplicemente per diventare un vero e proprio \u201ctop skier\u201d.<\/li>\n<li><a href=\"https:\/\/pirovano.it\/it\/corsi\/corsi-bambini-baby\/\"><strong>Scuola sci Baby collettiva<\/strong><\/a>: particolare attenzione \u00e8 rivolta anche agli allievi pi\u00f9 piccoli. A loro, in determinate settimane, sono dedicati specifici corsi collettivi a partire dai cinque anni di et\u00e0.<\/li>\n<\/ul>\n<h2>JUNIOR CLUB &#8211; Camp estivi per ragazzi<\/h2>\n<p>Nel periodo dal 9 giugno al 7 luglio Pirovano dedica ai ragazzi dagli otto ai diciotto anni speciali camp estivi senza genitori: entrate nel mondo <a href=\"https:\/\/pirovano.it\/it\/hotel-appartamenti\/hotel-passo-stelvio\/junior-club-camp-estivi-ragazzi\/\">JUNIOR CLUB Pirovano<\/a>!<\/p>\n<p>Studiato per proporre una vacanza divertente e memorabile all\u2019insegna dello sport, <a href=\"https:\/\/pirovano.it\/it\/offerte\/junior-club-camp-estivi-per-ragazzi-non-accompagnati\/\">Junior Club Pirovano<\/a> assicura la tranquillit\u00e0 dei genitori che hanno scelto di affidare i loro figli al nostro centro di vacanza estivo.<\/p>\n<p>I corsi collettivi di sci o snowboard, svolti sotto la guida di esperti istruttori coadiuvati da personale addetto all\u2019assistenza sulle piste, garantiscono il massimo della professionalit\u00e0 e sicurezza. In albergo uno speciale staff sorveglia e intrattiene costantemente i minori con attivit\u00e0 ludico-educative, mirate anche alla creativit\u00e0 e alla socializzazione. La presenza di un medico e di un\u2019attrezzata infermeria offrono un\u2019adeguata tutela della salute dei piccoli ospiti.<\/p>\n","protected":false},"excerpt":{"rendered":"<p>Mountain Hotel Una struttura ricettiva dotata di ogni comfort, per un soggiorno all\u2019insegna di sport e benessere, dove nulla \u00e8 lasciato al caso. L\u2019albergo Pirovano Quarto si trova nel cuore del Parco Nazionale dello Stelvio, a un\u2019altitudine di 2760 metri sul livello del mare. Facilmente riconoscibile per le sue imponenti e singolari linee architettoniche, che [&hellip;]<\/p>\n","protected":false},"author":3,"featured_media":41,"parent":5003,"menu_order":0,"comment_status":"closed","ping_status":"closed","template":"","meta":{"footnotes":""},"class_list":["post-5006","page","type-page","status-publish","has-post-thumbnail","hentry","odd"],"yoast_head":"<!-- This site is optimized with the Yoast SEO plugin v27.4 - https:\/\/yoast.com\/product\/yoast-seo-wordpress\/ -->\n<title>Pirovano \u00e8... - Pirovano<\/title>\n<meta name=\"robots\" content=\"index, follow, max-snippet:-1, max-image-preview:large, max-video-preview:-1\" \/>\n<link rel=\"canonical\" href=\"https:\/\/pirovano.it\/it\/lp\/pirovano-welcome\/\" \/>\n<meta property=\"og:locale\" content=\"it_IT\" \/>\n<meta property=\"og:type\" content=\"article\" \/>\n<meta property=\"og:title\" content=\"Pirovano \u00e8... - Pirovano\" \/>\n<meta property=\"og:description\" content=\"Mountain Hotel Una struttura ricettiva dotata di ogni comfort, per un soggiorno all\u2019insegna di sport e benessere, dove nulla \u00e8 lasciato al caso. L\u2019albergo Pirovano Quarto si trova nel cuore del Parco Nazionale dello Stelvio, a un\u2019altitudine di 2760 metri sul livello del mare. Facilmente riconoscibile per le sue imponenti e singolari linee architettoniche, che [&hellip;]\" \/>\n<meta property=\"og:url\" content=\"https:\/\/pirovano.it\/it\/lp\/pirovano-welcome\/\" \/>\n<meta property=\"og:site_name\" content=\"Pirovano\" \/>\n<meta property=\"article:modified_time\" content=\"2019-05-02T12:01:31+00:00\" \/>\n<meta property=\"og:image\" content=\"https:\/\/pirovano.it\/wp-content\/uploads\/2018\/02\/29102012_supernevicata5-1024x687.jpg\" \/>\n\t<meta property=\"og:image:width\" content=\"1024\" \/>\n\t<meta property=\"og:image:height\" content=\"687\" \/>\n\t<meta property=\"og:image:type\" content=\"image\/jpeg\" \/>\n<meta name=\"twitter:card\" content=\"summary_large_image\" \/>\n<meta name=\"twitter:label1\" content=\"Tempo di lettura stimato\" \/>\n\t<meta name=\"twitter:data1\" content=\"3 minuti\" \/>\n<script type=\"application\/ld+json\" class=\"yoast-schema-graph\">{\"@context\":\"https:\\\/\\\/schema.org\",\"@graph\":[{\"@type\":\"WebPage\",\"@id\":\"https:\\\/\\\/pirovano.it\\\/it\\\/lp\\\/pirovano-welcome\\\/\",\"url\":\"https:\\\/\\\/pirovano.it\\\/it\\\/lp\\\/pirovano-welcome\\\/\",\"name\":\"Pirovano \u00e8... - Pirovano\",\"isPartOf\":{\"@id\":\"https:\\\/\\\/pirovano.it\\\/it\\\/#website\"},\"primaryImageOfPage\":{\"@id\":\"https:\\\/\\\/pirovano.it\\\/it\\\/lp\\\/pirovano-welcome\\\/#primaryimage\"},\"image\":{\"@id\":\"https:\\\/\\\/pirovano.it\\\/it\\\/lp\\\/pirovano-welcome\\\/#primaryimage\"},\"thumbnailUrl\":\"https:\\\/\\\/pirovano.it\\\/wp-content\\\/uploads\\\/2018\\\/02\\\/29102012_supernevicata5.jpg\",\"datePublished\":\"2019-05-02T11:47:49+00:00\",\"dateModified\":\"2019-05-02T12:01:31+00:00\",\"breadcrumb\":{\"@id\":\"https:\\\/\\\/pirovano.it\\\/it\\\/lp\\\/pirovano-welcome\\\/#breadcrumb\"},\"inLanguage\":\"it-IT\",\"potentialAction\":[{\"@type\":\"ReadAction\",\"target\":[\"https:\\\/\\\/pirovano.it\\\/it\\\/lp\\\/pirovano-welcome\\\/\"]}]},{\"@type\":\"ImageObject\",\"inLanguage\":\"it-IT\",\"@id\":\"https:\\\/\\\/pirovano.it\\\/it\\\/lp\\\/pirovano-welcome\\\/#primaryimage\",\"url\":\"https:\\\/\\\/pirovano.it\\\/wp-content\\\/uploads\\\/2018\\\/02\\\/29102012_supernevicata5.jpg\",\"contentUrl\":\"https:\\\/\\\/pirovano.it\\\/wp-content\\\/uploads\\\/2018\\\/02\\\/29102012_supernevicata5.jpg\",\"width\":2896,\"height\":1944},{\"@type\":\"BreadcrumbList\",\"@id\":\"https:\\\/\\\/pirovano.it\\\/it\\\/lp\\\/pirovano-welcome\\\/#breadcrumb\",\"itemListElement\":[{\"@type\":\"ListItem\",\"position\":1,\"name\":\"Home\",\"item\":\"https:\\\/\\\/pirovano.it\\\/it\\\/\"},{\"@type\":\"ListItem\",\"position\":2,\"name\":\"Landing Pages\",\"item\":\"https:\\\/\\\/pirovano.it\\\/it\\\/lp\\\/\"},{\"@type\":\"ListItem\",\"position\":3,\"name\":\"Pirovano \u00e8&#8230;\"}]},{\"@type\":\"WebSite\",\"@id\":\"https:\\\/\\\/pirovano.it\\\/it\\\/#website\",\"url\":\"https:\\\/\\\/pirovano.it\\\/it\\\/\",\"name\":\"Pirovano\",\"description\":\"Universit\u00e0 dello Sci, dello Snowboard e della Montagna\",\"potentialAction\":[{\"@type\":\"SearchAction\",\"target\":{\"@type\":\"EntryPoint\",\"urlTemplate\":\"https:\\\/\\\/pirovano.it\\\/it\\\/?s={search_term_string}\"},\"query-input\":{\"@type\":\"PropertyValueSpecification\",\"valueRequired\":true,\"valueName\":\"search_term_string\"}}],\"inLanguage\":\"it-IT\"}]}<\/script>\n<!-- \/ Yoast SEO plugin. -->","yoast_head_json":{"title":"Pirovano \u00e8... - Pirovano","robots":{"index":"index","follow":"follow","max-snippet":"max-snippet:-1","max-image-preview":"max-image-preview:large","max-video-preview":"max-video-preview:-1"},"canonical":"https:\/\/pirovano.it\/it\/lp\/pirovano-welcome\/","og_locale":"it_IT","og_type":"article","og_title":"Pirovano \u00e8... - Pirovano","og_description":"Mountain Hotel Una struttura ricettiva dotata di ogni comfort, per un soggiorno all\u2019insegna di sport e benessere, dove nulla \u00e8 lasciato al caso. L\u2019albergo Pirovano Quarto si trova nel cuore del Parco Nazionale dello Stelvio, a un\u2019altitudine di 2760 metri sul livello del mare. Facilmente riconoscibile per le sue imponenti e singolari linee architettoniche, che [&hellip;]","og_url":"https:\/\/pirovano.it\/it\/lp\/pirovano-welcome\/","og_site_name":"Pirovano","article_modified_time":"2019-05-02T12:01:31+00:00","og_image":[{"width":1024,"height":687,"url":"https:\/\/pirovano.it\/wp-content\/uploads\/2018\/02\/29102012_supernevicata5-1024x687.jpg","type":"image\/jpeg"}],"twitter_card":"summary_large_image","twitter_misc":{"Tempo di lettura stimato":"3 minuti"},"schema":{"@context":"https:\/\/schema.org","@graph":[{"@type":"WebPage","@id":"https:\/\/pirovano.it\/it\/lp\/pirovano-welcome\/","url":"https:\/\/pirovano.it\/it\/lp\/pirovano-welcome\/","name":"Pirovano \u00e8... - Pirovano","isPartOf":{"@id":"https:\/\/pirovano.it\/it\/#website"},"primaryImageOfPage":{"@id":"https:\/\/pirovano.it\/it\/lp\/pirovano-welcome\/#primaryimage"},"image":{"@id":"https:\/\/pirovano.it\/it\/lp\/pirovano-welcome\/#primaryimage"},"thumbnailUrl":"https:\/\/pirovano.it\/wp-content\/uploads\/2018\/02\/29102012_supernevicata5.jpg","datePublished":"2019-05-02T11:47:49+00:00","dateModified":"2019-05-02T12:01:31+00:00","breadcrumb":{"@id":"https:\/\/pirovano.it\/it\/lp\/pirovano-welcome\/#breadcrumb"},"inLanguage":"it-IT","potentialAction":[{"@type":"ReadAction","target":["https:\/\/pirovano.it\/it\/lp\/pirovano-welcome\/"]}]},{"@type":"ImageObject","inLanguage":"it-IT","@id":"https:\/\/pirovano.it\/it\/lp\/pirovano-welcome\/#primaryimage","url":"https:\/\/pirovano.it\/wp-content\/uploads\/2018\/02\/29102012_supernevicata5.jpg","contentUrl":"https:\/\/pirovano.it\/wp-content\/uploads\/2018\/02\/29102012_supernevicata5.jpg","width":2896,"height":1944},{"@type":"BreadcrumbList","@id":"https:\/\/pirovano.it\/it\/lp\/pirovano-welcome\/#breadcrumb","itemListElement":[{"@type":"ListItem","position":1,"name":"Home","item":"https:\/\/pirovano.it\/it\/"},{"@type":"ListItem","position":2,"name":"Landing Pages","item":"https:\/\/pirovano.it\/it\/lp\/"},{"@type":"ListItem","position":3,"name":"Pirovano \u00e8&#8230;"}]},{"@type":"WebSite","@id":"https:\/\/pirovano.it\/it\/#website","url":"https:\/\/pirovano.it\/it\/","name":"Pirovano","description":"Universit\u00e0 dello Sci, dello Snowboard e della Montagna","potentialAction":[{"@type":"SearchAction","target":{"@type":"EntryPoint","urlTemplate":"https:\/\/pirovano.it\/it\/?s={search_term_string}"},"query-input":{"@type":"PropertyValueSpecification","valueRequired":true,"valueName":"search_term_string"}}],"inLanguage":"it-IT"}]}},"_links":{"self":[{"href":"https:\/\/pirovano.it\/it\/wp-json\/wp\/v2\/pages\/5006","targetHints":{"allow":["GET"]}}],"collection":[{"href":"https:\/\/pirovano.it\/it\/wp-json\/wp\/v2\/pages"}],"about":[{"href":"https:\/\/pirovano.it\/it\/wp-json\/wp\/v2\/types\/page"}],"author":[{"embeddable":true,"href":"https:\/\/pirovano.it\/it\/wp-json\/wp\/v2\/users\/3"}],"replies":[{"embeddable":true,"href":"https:\/\/pirovano.it\/it\/wp-json\/wp\/v2\/comments?post=5006"}],"version-history":[{"count":8,"href":"https:\/\/pirovano.it\/it\/wp-json\/wp\/v2\/pages\/5006\/revisions"}],"predecessor-version":[{"id":5014,"href":"https:\/\/pirovano.it\/it\/wp-json\/wp\/v2\/pages\/5006\/revisions\/5014"}],"up":[{"embeddable":true,"href":"https:\/\/pirovano.it\/it\/wp-json\/wp\/v2\/pages\/5003"}],"wp:featuredmedia":[{"embeddable":true,"href":"https:\/\/pirovano.it\/it\/wp-json\/wp\/v2\/media\/41"}],"wp:attachment":[{"href":"https:\/\/pirovano.it\/it\/wp-json\/wp\/v2\/media?parent=5006"}],"curies":[{"name":"wp","href":"https:\/\/api.w.org\/{rel}","templated":true}]}}