{"id":5022,"date":"2019-05-02T14:12:10","date_gmt":"2019-05-02T12:12:10","guid":{"rendered":"https:\/\/pirovano.it\/?page_id=5022"},"modified":"2019-05-02T14:16:49","modified_gmt":"2019-05-02T12:16:49","slug":"scuola-sci-pirovano-stelvio","status":"publish","type":"page","link":"https:\/\/pirovano.it\/it\/lp\/scuola-sci-pirovano-stelvio\/","title":{"rendered":"Scuola Sci Pirovano Stelvio"},"content":{"rendered":"<h2>Una scuola con oltre 60 anni di esperienza nell\u2019insegnamento dello Sci Alpino, questa \u00e8 l&#8217;<i>Universit\u00e0<\/i> a cui tutti vorrebbero iscriversi!<\/h2>\n<p>Pirovano e il grande Stelvio&#8230; una bellissima &#8220;storia di sport&#8221; i cui ingredienti vincenti sono tutt\u2019oggi la seriet\u00e0, l\u2019affidabilit\u00e0, oltre alla grande passione per una disciplina sportiva densa di emozioni. Tutto questo, unitamente alla professionalit\u00e0 dei propri maestri, ha fatto guadagnare alla Scuola Pirovano l\u2019appellativo di &#8220;Universit\u00e0 dello Sci&#8221;.<\/p>\n<p>La Scuola di Sci di Pirovano \u00e8 in grado di offrire una vasta <a href=\"https:\/\/pirovano.it\/it\/scuola-sci-estate-autunno\/corsi-sci\/\">scelta di corsi<\/a>, studiati specificatamente per qualsiasi esigenza:<\/p>\n<ul>\n<li>\n<p><a href=\"https:\/\/pirovano.it\/it\/corsi\/settimana-standard\/\"><strong>Corsi collettivi<\/a><\/strong>: suddivisi in gruppi omogenei, dal principiante all\u2019agonista, vengono impartite quattro ore giornaliere di lezione. Parte integrante dei corsi sono le riprese video, supporto alle lezioni teoriche e propedeutiche all\u2019affinamento della conduzione.<\/p>\n<\/li>\n<li>\n<p><strong>Lezioni Individuali<\/strong>, personalizzate, ideali per neofiti come anche mirate al perfezionamento agonistico, alla preparazione per aspiranti maestri di sci o pi\u00f9 semplicemente per diventare un vero e proprio &#8220;top skier&#8221;.<\/p>\n<\/li>\n<li>\n<p><strong><a href=\"https:\/\/pirovano.it\/it\/corsi\/corsi-bambini-baby\/\">Scuola sci Baby collettiva<\/a><\/strong>: particolare attenzione \u00e8 rivolta anche agli allievi pi\u00f9 piccoli. A loro, in determinate settimane, sono dedicati specifici corsi collettivi a partire dai cinque anni di et\u00e0.<\/p>\n<\/li>\n<\/ul>\n","protected":false},"excerpt":{"rendered":"<p>Una scuola con oltre 60 anni di esperienza nell\u2019insegnamento dello Sci Alpino, questa \u00e8 l&#8217;Universit\u00e0 a cui tutti vorrebbero iscriversi! Pirovano e il grande Stelvio&#8230; una bellissima &#8220;storia di sport&#8221; i cui ingredienti vincenti sono tutt\u2019oggi la seriet\u00e0, l\u2019affidabilit\u00e0, oltre alla grande passione per una disciplina sportiva densa di emozioni. Tutto questo, unitamente alla professionalit\u00e0 [&hellip;]<\/p>\n","protected":false},"author":3,"featured_media":2039,"parent":5003,"menu_order":0,"comment_status":"closed","ping_status":"closed","template":"","meta":{"footnotes":""},"class_list":["post-5022","page","type-page","status-publish","has-post-thumbnail","hentry","odd"],"yoast_head":"<!-- This site is optimized with the Yoast SEO plugin v27.4 - https:\/\/yoast.com\/product\/yoast-seo-wordpress\/ -->\n<title>Scuola Sci Pirovano Stelvio - Pirovano<\/title>\n<meta name=\"robots\" content=\"index, follow, max-snippet:-1, max-image-preview:large, max-video-preview:-1\" \/>\n<link rel=\"canonical\" href=\"https:\/\/pirovano.it\/it\/lp\/scuola-sci-pirovano-stelvio\/\" \/>\n<meta property=\"og:locale\" content=\"it_IT\" \/>\n<meta property=\"og:type\" content=\"article\" \/>\n<meta property=\"og:title\" content=\"Scuola Sci Pirovano Stelvio - Pirovano\" \/>\n<meta property=\"og:description\" content=\"Una scuola con oltre 60 anni di esperienza nell\u2019insegnamento dello Sci Alpino, questa \u00e8 l&#8217;Universit\u00e0 a cui tutti vorrebbero iscriversi! Pirovano e il grande Stelvio&#8230; una bellissima &#8220;storia di sport&#8221; i cui ingredienti vincenti sono tutt\u2019oggi la seriet\u00e0, l\u2019affidabilit\u00e0, oltre alla grande passione per una disciplina sportiva densa di emozioni. Tutto questo, unitamente alla professionalit\u00e0 [&hellip;]\" \/>\n<meta property=\"og:url\" content=\"https:\/\/pirovano.it\/it\/lp\/scuola-sci-pirovano-stelvio\/\" \/>\n<meta property=\"og:site_name\" content=\"Pirovano\" \/>\n<meta property=\"article:modified_time\" content=\"2019-05-02T12:16:49+00:00\" \/>\n<meta property=\"og:image\" content=\"https:\/\/pirovano.it\/wp-content\/uploads\/2018\/04\/pirovano170684-1024x683.jpg\" \/>\n\t<meta property=\"og:image:width\" content=\"1024\" \/>\n\t<meta property=\"og:image:height\" content=\"683\" \/>\n\t<meta property=\"og:image:type\" content=\"image\/jpeg\" \/>\n<meta name=\"twitter:card\" content=\"summary_large_image\" \/>\n<meta name=\"twitter:label1\" content=\"Tempo di lettura stimato\" \/>\n\t<meta name=\"twitter:data1\" content=\"1 minuto\" \/>\n<script type=\"application\/ld+json\" class=\"yoast-schema-graph\">{\"@context\":\"https:\\\/\\\/schema.org\",\"@graph\":[{\"@type\":\"WebPage\",\"@id\":\"https:\\\/\\\/pirovano.it\\\/it\\\/lp\\\/scuola-sci-pirovano-stelvio\\\/\",\"url\":\"https:\\\/\\\/pirovano.it\\\/it\\\/lp\\\/scuola-sci-pirovano-stelvio\\\/\",\"name\":\"Scuola Sci Pirovano Stelvio - Pirovano\",\"isPartOf\":{\"@id\":\"https:\\\/\\\/pirovano.it\\\/it\\\/#website\"},\"primaryImageOfPage\":{\"@id\":\"https:\\\/\\\/pirovano.it\\\/it\\\/lp\\\/scuola-sci-pirovano-stelvio\\\/#primaryimage\"},\"image\":{\"@id\":\"https:\\\/\\\/pirovano.it\\\/it\\\/lp\\\/scuola-sci-pirovano-stelvio\\\/#primaryimage\"},\"thumbnailUrl\":\"https:\\\/\\\/pirovano.it\\\/wp-content\\\/uploads\\\/2018\\\/04\\\/pirovano170684.jpg\",\"datePublished\":\"2019-05-02T12:12:10+00:00\",\"dateModified\":\"2019-05-02T12:16:49+00:00\",\"breadcrumb\":{\"@id\":\"https:\\\/\\\/pirovano.it\\\/it\\\/lp\\\/scuola-sci-pirovano-stelvio\\\/#breadcrumb\"},\"inLanguage\":\"it-IT\",\"potentialAction\":[{\"@type\":\"ReadAction\",\"target\":[\"https:\\\/\\\/pirovano.it\\\/it\\\/lp\\\/scuola-sci-pirovano-stelvio\\\/\"]}]},{\"@type\":\"ImageObject\",\"inLanguage\":\"it-IT\",\"@id\":\"https:\\\/\\\/pirovano.it\\\/it\\\/lp\\\/scuola-sci-pirovano-stelvio\\\/#primaryimage\",\"url\":\"https:\\\/\\\/pirovano.it\\\/wp-content\\\/uploads\\\/2018\\\/04\\\/pirovano170684.jpg\",\"contentUrl\":\"https:\\\/\\\/pirovano.it\\\/wp-content\\\/uploads\\\/2018\\\/04\\\/pirovano170684.jpg\",\"width\":5184,\"height\":3456},{\"@type\":\"BreadcrumbList\",\"@id\":\"https:\\\/\\\/pirovano.it\\\/it\\\/lp\\\/scuola-sci-pirovano-stelvio\\\/#breadcrumb\",\"itemListElement\":[{\"@type\":\"ListItem\",\"position\":1,\"name\":\"Home\",\"item\":\"https:\\\/\\\/pirovano.it\\\/it\\\/\"},{\"@type\":\"ListItem\",\"position\":2,\"name\":\"Landing Pages\",\"item\":\"https:\\\/\\\/pirovano.it\\\/it\\\/lp\\\/\"},{\"@type\":\"ListItem\",\"position\":3,\"name\":\"Scuola Sci Pirovano Stelvio\"}]},{\"@type\":\"WebSite\",\"@id\":\"https:\\\/\\\/pirovano.it\\\/it\\\/#website\",\"url\":\"https:\\\/\\\/pirovano.it\\\/it\\\/\",\"name\":\"Pirovano\",\"description\":\"Universit\u00e0 dello Sci, dello Snowboard e della Montagna\",\"potentialAction\":[{\"@type\":\"SearchAction\",\"target\":{\"@type\":\"EntryPoint\",\"urlTemplate\":\"https:\\\/\\\/pirovano.it\\\/it\\\/?s={search_term_string}\"},\"query-input\":{\"@type\":\"PropertyValueSpecification\",\"valueRequired\":true,\"valueName\":\"search_term_string\"}}],\"inLanguage\":\"it-IT\"}]}<\/script>\n<!-- \/ Yoast SEO plugin. -->","yoast_head_json":{"title":"Scuola Sci Pirovano Stelvio - Pirovano","robots":{"index":"index","follow":"follow","max-snippet":"max-snippet:-1","max-image-preview":"max-image-preview:large","max-video-preview":"max-video-preview:-1"},"canonical":"https:\/\/pirovano.it\/it\/lp\/scuola-sci-pirovano-stelvio\/","og_locale":"it_IT","og_type":"article","og_title":"Scuola Sci Pirovano Stelvio - Pirovano","og_description":"Una scuola con oltre 60 anni di esperienza nell\u2019insegnamento dello Sci Alpino, questa \u00e8 l&#8217;Universit\u00e0 a cui tutti vorrebbero iscriversi! Pirovano e il grande Stelvio&#8230; una bellissima &#8220;storia di sport&#8221; i cui ingredienti vincenti sono tutt\u2019oggi la seriet\u00e0, l\u2019affidabilit\u00e0, oltre alla grande passione per una disciplina sportiva densa di emozioni. Tutto questo, unitamente alla professionalit\u00e0 [&hellip;]","og_url":"https:\/\/pirovano.it\/it\/lp\/scuola-sci-pirovano-stelvio\/","og_site_name":"Pirovano","article_modified_time":"2019-05-02T12:16:49+00:00","og_image":[{"width":1024,"height":683,"url":"https:\/\/pirovano.it\/wp-content\/uploads\/2018\/04\/pirovano170684-1024x683.jpg","type":"image\/jpeg"}],"twitter_card":"summary_large_image","twitter_misc":{"Tempo di lettura stimato":"1 minuto"},"schema":{"@context":"https:\/\/schema.org","@graph":[{"@type":"WebPage","@id":"https:\/\/pirovano.it\/it\/lp\/scuola-sci-pirovano-stelvio\/","url":"https:\/\/pirovano.it\/it\/lp\/scuola-sci-pirovano-stelvio\/","name":"Scuola Sci Pirovano Stelvio - Pirovano","isPartOf":{"@id":"https:\/\/pirovano.it\/it\/#website"},"primaryImageOfPage":{"@id":"https:\/\/pirovano.it\/it\/lp\/scuola-sci-pirovano-stelvio\/#primaryimage"},"image":{"@id":"https:\/\/pirovano.it\/it\/lp\/scuola-sci-pirovano-stelvio\/#primaryimage"},"thumbnailUrl":"https:\/\/pirovano.it\/wp-content\/uploads\/2018\/04\/pirovano170684.jpg","datePublished":"2019-05-02T12:12:10+00:00","dateModified":"2019-05-02T12:16:49+00:00","breadcrumb":{"@id":"https:\/\/pirovano.it\/it\/lp\/scuola-sci-pirovano-stelvio\/#breadcrumb"},"inLanguage":"it-IT","potentialAction":[{"@type":"ReadAction","target":["https:\/\/pirovano.it\/it\/lp\/scuola-sci-pirovano-stelvio\/"]}]},{"@type":"ImageObject","inLanguage":"it-IT","@id":"https:\/\/pirovano.it\/it\/lp\/scuola-sci-pirovano-stelvio\/#primaryimage","url":"https:\/\/pirovano.it\/wp-content\/uploads\/2018\/04\/pirovano170684.jpg","contentUrl":"https:\/\/pirovano.it\/wp-content\/uploads\/2018\/04\/pirovano170684.jpg","width":5184,"height":3456},{"@type":"BreadcrumbList","@id":"https:\/\/pirovano.it\/it\/lp\/scuola-sci-pirovano-stelvio\/#breadcrumb","itemListElement":[{"@type":"ListItem","position":1,"name":"Home","item":"https:\/\/pirovano.it\/it\/"},{"@type":"ListItem","position":2,"name":"Landing Pages","item":"https:\/\/pirovano.it\/it\/lp\/"},{"@type":"ListItem","position":3,"name":"Scuola Sci Pirovano Stelvio"}]},{"@type":"WebSite","@id":"https:\/\/pirovano.it\/it\/#website","url":"https:\/\/pirovano.it\/it\/","name":"Pirovano","description":"Universit\u00e0 dello Sci, dello Snowboard e della Montagna","potentialAction":[{"@type":"SearchAction","target":{"@type":"EntryPoint","urlTemplate":"https:\/\/pirovano.it\/it\/?s={search_term_string}"},"query-input":{"@type":"PropertyValueSpecification","valueRequired":true,"valueName":"search_term_string"}}],"inLanguage":"it-IT"}]}},"_links":{"self":[{"href":"https:\/\/pirovano.it\/it\/wp-json\/wp\/v2\/pages\/5022","targetHints":{"allow":["GET"]}}],"collection":[{"href":"https:\/\/pirovano.it\/it\/wp-json\/wp\/v2\/pages"}],"about":[{"href":"https:\/\/pirovano.it\/it\/wp-json\/wp\/v2\/types\/page"}],"author":[{"embeddable":true,"href":"https:\/\/pirovano.it\/it\/wp-json\/wp\/v2\/users\/3"}],"replies":[{"embeddable":true,"href":"https:\/\/pirovano.it\/it\/wp-json\/wp\/v2\/comments?post=5022"}],"version-history":[{"count":4,"href":"https:\/\/pirovano.it\/it\/wp-json\/wp\/v2\/pages\/5022\/revisions"}],"predecessor-version":[{"id":5026,"href":"https:\/\/pirovano.it\/it\/wp-json\/wp\/v2\/pages\/5022\/revisions\/5026"}],"up":[{"embeddable":true,"href":"https:\/\/pirovano.it\/it\/wp-json\/wp\/v2\/pages\/5003"}],"wp:featuredmedia":[{"embeddable":true,"href":"https:\/\/pirovano.it\/it\/wp-json\/wp\/v2\/media\/2039"}],"wp:attachment":[{"href":"https:\/\/pirovano.it\/it\/wp-json\/wp\/v2\/media?parent=5022"}],"curies":[{"name":"wp","href":"https:\/\/api.w.org\/{rel}","templated":true}]}}