{"id":5027,"date":"2019-05-02T14:18:06","date_gmt":"2019-05-02T12:18:06","guid":{"rendered":"https:\/\/pirovano.it\/?page_id=5027"},"modified":"2019-05-02T14:23:26","modified_gmt":"2019-05-02T12:23:26","slug":"mountain-hotel","status":"publish","type":"page","link":"https:\/\/pirovano.it\/it\/lp\/mountain-hotel\/","title":{"rendered":"Mountain Hotel"},"content":{"rendered":"<h2>Una struttura ricettiva dotata di ogni comfort, per un soggiorno all\u2019insegna di sport e benessere, dove nulla \u00e8 lasciato al caso.<\/h2>\n<p><strong><a href=\"https:\/\/pirovano.it\/it\/hotel-appartamenti\/hotel-passo-stelvio\/servizi\/\">L\u2019albergo Pirovano Quarto<\/a><\/strong> si trova nel cuore del <strong>Parco Nazionale dello Stelvio<\/strong>, a un\u2019altitudine di 2760 metri sul livello del mare.<\/p>\n<p>Facilmente riconoscibile per le sue imponenti e singolari linee architettoniche, che ben si inseriscono nel circostante contesto d\u2019alta montagna, dista meno di 50 metri dalla funivia per il ghiacciaio ed \u00e8<strong> la struttura ideale per sciatori e turisti che soggiornano al Passo dello Stelvio<\/strong>.<\/p>\n<p>Dotato di<strong> 110 camere<\/strong>, l\u2019albergo \u00e8 attrezzato per convegni, meeting, team-building ed altre attivit\u00e0 che necessitano di grandi spazi. A disposizione dei clienti una grande variet\u00e0 di servizi: la piscina riscaldata con un rinnovato<strong> <a href=\"https:\/\/pirovano.it\/it\/hotel-appartamenti\/hotel-passo-stelvio\/centro-benessere-piscina\/\">centro benessere<\/a><\/strong>, la palestra per allenamenti aerobici e di rafforzamento della muscolatura, la tranquilla sala lettura, la sala giochi, la terrazza solarium, un coinvolgente staff di animazione e molto altro ancora&#8230;<\/p>\n<p>Tutti i giorni a quasi 3000 metri di quota succede, inoltre, qualcosa di magico:<strong> <a href=\"https:\/\/pirovano.it\/it\/hotel-appartamenti\/hotel-passo-stelvio\/ristorante\/\">la cucina<\/a><\/strong> Italiana incontra i piatti tipici della tradizione Valtellinese e Altoatesina&#8230; ed ecco che nasce un vero e proprio sodalizio gastronomico dedicato agli amanti della buona tavola.<\/p>\n","protected":false},"excerpt":{"rendered":"<p>Una struttura ricettiva dotata di ogni comfort, per un soggiorno all\u2019insegna di sport e benessere, dove nulla \u00e8 lasciato al caso. L\u2019albergo Pirovano Quarto si trova nel cuore del Parco Nazionale dello Stelvio, a un\u2019altitudine di 2760 metri sul livello del mare. Facilmente riconoscibile per le sue imponenti e singolari linee architettoniche, che ben si [&hellip;]<\/p>\n","protected":false},"author":3,"featured_media":87,"parent":5003,"menu_order":0,"comment_status":"closed","ping_status":"closed","template":"","meta":{"footnotes":""},"class_list":["post-5027","page","type-page","status-publish","has-post-thumbnail","hentry","odd"],"yoast_head":"<!-- This site is optimized with the Yoast SEO plugin v27.4 - https:\/\/yoast.com\/product\/yoast-seo-wordpress\/ -->\n<title>Mountain Hotel - Pirovano<\/title>\n<meta name=\"robots\" content=\"index, follow, max-snippet:-1, max-image-preview:large, max-video-preview:-1\" \/>\n<link rel=\"canonical\" href=\"https:\/\/pirovano.it\/it\/lp\/mountain-hotel\/\" \/>\n<meta property=\"og:locale\" content=\"it_IT\" \/>\n<meta property=\"og:type\" content=\"article\" \/>\n<meta property=\"og:title\" content=\"Mountain Hotel - Pirovano\" \/>\n<meta property=\"og:description\" content=\"Una struttura ricettiva dotata di ogni comfort, per un soggiorno all\u2019insegna di sport e benessere, dove nulla \u00e8 lasciato al caso. L\u2019albergo Pirovano Quarto si trova nel cuore del Parco Nazionale dello Stelvio, a un\u2019altitudine di 2760 metri sul livello del mare. Facilmente riconoscibile per le sue imponenti e singolari linee architettoniche, che ben si [&hellip;]\" \/>\n<meta property=\"og:url\" content=\"https:\/\/pirovano.it\/it\/lp\/mountain-hotel\/\" \/>\n<meta property=\"og:site_name\" content=\"Pirovano\" \/>\n<meta property=\"article:modified_time\" content=\"2019-05-02T12:23:26+00:00\" \/>\n<meta property=\"og:image\" content=\"https:\/\/pirovano.it\/wp-content\/uploads\/2018\/02\/DSC_5414.jpg\" \/>\n\t<meta property=\"og:image:width\" content=\"1936\" \/>\n\t<meta property=\"og:image:height\" content=\"1296\" \/>\n\t<meta property=\"og:image:type\" content=\"image\/jpeg\" \/>\n<meta name=\"twitter:card\" content=\"summary_large_image\" \/>\n<meta name=\"twitter:label1\" content=\"Tempo di lettura stimato\" \/>\n\t<meta name=\"twitter:data1\" content=\"1 minuto\" \/>\n<script type=\"application\/ld+json\" class=\"yoast-schema-graph\">{\"@context\":\"https:\\\/\\\/schema.org\",\"@graph\":[{\"@type\":\"WebPage\",\"@id\":\"https:\\\/\\\/pirovano.it\\\/it\\\/lp\\\/mountain-hotel\\\/\",\"url\":\"https:\\\/\\\/pirovano.it\\\/it\\\/lp\\\/mountain-hotel\\\/\",\"name\":\"Mountain Hotel - Pirovano\",\"isPartOf\":{\"@id\":\"https:\\\/\\\/pirovano.it\\\/it\\\/#website\"},\"primaryImageOfPage\":{\"@id\":\"https:\\\/\\\/pirovano.it\\\/it\\\/lp\\\/mountain-hotel\\\/#primaryimage\"},\"image\":{\"@id\":\"https:\\\/\\\/pirovano.it\\\/it\\\/lp\\\/mountain-hotel\\\/#primaryimage\"},\"thumbnailUrl\":\"https:\\\/\\\/pirovano.it\\\/wp-content\\\/uploads\\\/2018\\\/02\\\/DSC_5414.jpg\",\"datePublished\":\"2019-05-02T12:18:06+00:00\",\"dateModified\":\"2019-05-02T12:23:26+00:00\",\"breadcrumb\":{\"@id\":\"https:\\\/\\\/pirovano.it\\\/it\\\/lp\\\/mountain-hotel\\\/#breadcrumb\"},\"inLanguage\":\"it-IT\",\"potentialAction\":[{\"@type\":\"ReadAction\",\"target\":[\"https:\\\/\\\/pirovano.it\\\/it\\\/lp\\\/mountain-hotel\\\/\"]}]},{\"@type\":\"ImageObject\",\"inLanguage\":\"it-IT\",\"@id\":\"https:\\\/\\\/pirovano.it\\\/it\\\/lp\\\/mountain-hotel\\\/#primaryimage\",\"url\":\"https:\\\/\\\/pirovano.it\\\/wp-content\\\/uploads\\\/2018\\\/02\\\/DSC_5414.jpg\",\"contentUrl\":\"https:\\\/\\\/pirovano.it\\\/wp-content\\\/uploads\\\/2018\\\/02\\\/DSC_5414.jpg\",\"width\":1936,\"height\":1296},{\"@type\":\"BreadcrumbList\",\"@id\":\"https:\\\/\\\/pirovano.it\\\/it\\\/lp\\\/mountain-hotel\\\/#breadcrumb\",\"itemListElement\":[{\"@type\":\"ListItem\",\"position\":1,\"name\":\"Home\",\"item\":\"https:\\\/\\\/pirovano.it\\\/it\\\/\"},{\"@type\":\"ListItem\",\"position\":2,\"name\":\"Landing Pages\",\"item\":\"https:\\\/\\\/pirovano.it\\\/it\\\/lp\\\/\"},{\"@type\":\"ListItem\",\"position\":3,\"name\":\"Mountain Hotel\"}]},{\"@type\":\"WebSite\",\"@id\":\"https:\\\/\\\/pirovano.it\\\/it\\\/#website\",\"url\":\"https:\\\/\\\/pirovano.it\\\/it\\\/\",\"name\":\"Pirovano\",\"description\":\"Universit\u00e0 dello Sci, dello Snowboard e della Montagna\",\"potentialAction\":[{\"@type\":\"SearchAction\",\"target\":{\"@type\":\"EntryPoint\",\"urlTemplate\":\"https:\\\/\\\/pirovano.it\\\/it\\\/?s={search_term_string}\"},\"query-input\":{\"@type\":\"PropertyValueSpecification\",\"valueRequired\":true,\"valueName\":\"search_term_string\"}}],\"inLanguage\":\"it-IT\"}]}<\/script>\n<!-- \/ Yoast SEO plugin. -->","yoast_head_json":{"title":"Mountain Hotel - Pirovano","robots":{"index":"index","follow":"follow","max-snippet":"max-snippet:-1","max-image-preview":"max-image-preview:large","max-video-preview":"max-video-preview:-1"},"canonical":"https:\/\/pirovano.it\/it\/lp\/mountain-hotel\/","og_locale":"it_IT","og_type":"article","og_title":"Mountain Hotel - Pirovano","og_description":"Una struttura ricettiva dotata di ogni comfort, per un soggiorno all\u2019insegna di sport e benessere, dove nulla \u00e8 lasciato al caso. L\u2019albergo Pirovano Quarto si trova nel cuore del Parco Nazionale dello Stelvio, a un\u2019altitudine di 2760 metri sul livello del mare. Facilmente riconoscibile per le sue imponenti e singolari linee architettoniche, che ben si [&hellip;]","og_url":"https:\/\/pirovano.it\/it\/lp\/mountain-hotel\/","og_site_name":"Pirovano","article_modified_time":"2019-05-02T12:23:26+00:00","og_image":[{"width":1936,"height":1296,"url":"https:\/\/pirovano.it\/wp-content\/uploads\/2018\/02\/DSC_5414.jpg","type":"image\/jpeg"}],"twitter_card":"summary_large_image","twitter_misc":{"Tempo di lettura stimato":"1 minuto"},"schema":{"@context":"https:\/\/schema.org","@graph":[{"@type":"WebPage","@id":"https:\/\/pirovano.it\/it\/lp\/mountain-hotel\/","url":"https:\/\/pirovano.it\/it\/lp\/mountain-hotel\/","name":"Mountain Hotel - Pirovano","isPartOf":{"@id":"https:\/\/pirovano.it\/it\/#website"},"primaryImageOfPage":{"@id":"https:\/\/pirovano.it\/it\/lp\/mountain-hotel\/#primaryimage"},"image":{"@id":"https:\/\/pirovano.it\/it\/lp\/mountain-hotel\/#primaryimage"},"thumbnailUrl":"https:\/\/pirovano.it\/wp-content\/uploads\/2018\/02\/DSC_5414.jpg","datePublished":"2019-05-02T12:18:06+00:00","dateModified":"2019-05-02T12:23:26+00:00","breadcrumb":{"@id":"https:\/\/pirovano.it\/it\/lp\/mountain-hotel\/#breadcrumb"},"inLanguage":"it-IT","potentialAction":[{"@type":"ReadAction","target":["https:\/\/pirovano.it\/it\/lp\/mountain-hotel\/"]}]},{"@type":"ImageObject","inLanguage":"it-IT","@id":"https:\/\/pirovano.it\/it\/lp\/mountain-hotel\/#primaryimage","url":"https:\/\/pirovano.it\/wp-content\/uploads\/2018\/02\/DSC_5414.jpg","contentUrl":"https:\/\/pirovano.it\/wp-content\/uploads\/2018\/02\/DSC_5414.jpg","width":1936,"height":1296},{"@type":"BreadcrumbList","@id":"https:\/\/pirovano.it\/it\/lp\/mountain-hotel\/#breadcrumb","itemListElement":[{"@type":"ListItem","position":1,"name":"Home","item":"https:\/\/pirovano.it\/it\/"},{"@type":"ListItem","position":2,"name":"Landing Pages","item":"https:\/\/pirovano.it\/it\/lp\/"},{"@type":"ListItem","position":3,"name":"Mountain Hotel"}]},{"@type":"WebSite","@id":"https:\/\/pirovano.it\/it\/#website","url":"https:\/\/pirovano.it\/it\/","name":"Pirovano","description":"Universit\u00e0 dello Sci, dello Snowboard e della Montagna","potentialAction":[{"@type":"SearchAction","target":{"@type":"EntryPoint","urlTemplate":"https:\/\/pirovano.it\/it\/?s={search_term_string}"},"query-input":{"@type":"PropertyValueSpecification","valueRequired":true,"valueName":"search_term_string"}}],"inLanguage":"it-IT"}]}},"_links":{"self":[{"href":"https:\/\/pirovano.it\/it\/wp-json\/wp\/v2\/pages\/5027","targetHints":{"allow":["GET"]}}],"collection":[{"href":"https:\/\/pirovano.it\/it\/wp-json\/wp\/v2\/pages"}],"about":[{"href":"https:\/\/pirovano.it\/it\/wp-json\/wp\/v2\/types\/page"}],"author":[{"embeddable":true,"href":"https:\/\/pirovano.it\/it\/wp-json\/wp\/v2\/users\/3"}],"replies":[{"embeddable":true,"href":"https:\/\/pirovano.it\/it\/wp-json\/wp\/v2\/comments?post=5027"}],"version-history":[{"count":7,"href":"https:\/\/pirovano.it\/it\/wp-json\/wp\/v2\/pages\/5027\/revisions"}],"predecessor-version":[{"id":5029,"href":"https:\/\/pirovano.it\/it\/wp-json\/wp\/v2\/pages\/5027\/revisions\/5029"}],"up":[{"embeddable":true,"href":"https:\/\/pirovano.it\/it\/wp-json\/wp\/v2\/pages\/5003"}],"wp:featuredmedia":[{"embeddable":true,"href":"https:\/\/pirovano.it\/it\/wp-json\/wp\/v2\/media\/87"}],"wp:attachment":[{"href":"https:\/\/pirovano.it\/it\/wp-json\/wp\/v2\/media?parent=5027"}],"curies":[{"name":"wp","href":"https:\/\/api.w.org\/{rel}","templated":true}]}}