{"id":5035,"date":"2019-05-02T14:25:47","date_gmt":"2019-05-02T12:25:47","guid":{"rendered":"https:\/\/pirovano.it\/?page_id=5035"},"modified":"2019-05-02T14:25:47","modified_gmt":"2019-05-02T12:25:47","slug":"junior-club","status":"publish","type":"page","link":"https:\/\/pirovano.it\/it\/lp\/junior-club\/","title":{"rendered":"Junior Club"},"content":{"rendered":"<h2 class=\"western\"><span style=\"color: #404040;\"><b>Dal 9 giugno al 7 luglio Pirovano dedica ai ragazzi dagli 8 ai 18 anni speciali camp estivi senza genitori: entrate nel mondo <\/b><\/span><span style=\"color: #0563c1;\"><u><a href=\"https:\/\/pirovano.it\/it\/hotel-appartamenti\/hotel-passo-stelvio\/junior-club-camp-estivi-ragazzi\/\"><b>JUNIOR CLUB Pirovano<\/b><\/a><\/u><\/span><span style=\"color: #404040;\">! <\/span><\/h2>\n<p class=\"western\"><span style=\"color: #404040;\">Studiato per proporre una vacanza divertente e memorabile all\u2019insegna dello sport, <\/span><span style=\"color: #0563c1;\"><u><a href=\"https:\/\/pirovano.it\/it\/offerte\/junior-club-camp-estivi-per-ragazzi-non-accompagnati\/\">Junior Club Pirovano<\/a><\/u><\/span><span style=\"color: #404040;\"> assicura<strong> la tranquillit\u00e0 dei genitori<\/strong> che hanno scelto di affidare i loro figli al nostro centro di vacanza estivo.<\/span><\/p>\n<p class=\"western\"><span style=\"color: #404040;\">I <strong>corsi collettivi di sci o snowboard<\/strong>, svolti sotto la guida di esperti istruttori coadiuvati da personale addetto all\u2019assistenza sulle piste, garantiscono il massimo della professionalit\u00e0 e sicurezza. In albergo uno speciale staff sorveglia e intrattiene costantemente i minori con attivit\u00e0 ludico-educative, mirate anche alla creativit\u00e0 e alla socializzazione. La presenza di un medico e di un\u2019attrezzata infermeria offrono un\u2019adeguata tutela della salute dei piccoli ospiti.<\/span><\/p>\n","protected":false},"excerpt":{"rendered":"<p>Dal 9 giugno al 7 luglio Pirovano dedica ai ragazzi dagli 8 ai 18 anni speciali camp estivi senza genitori: entrate nel mondo JUNIOR CLUB Pirovano! Studiato per proporre una vacanza divertente e memorabile all\u2019insegna dello sport, Junior Club Pirovano assicura la tranquillit\u00e0 dei genitori che hanno scelto di affidare i loro figli al nostro [&hellip;]<\/p>\n","protected":false},"author":3,"featured_media":1263,"parent":5003,"menu_order":0,"comment_status":"closed","ping_status":"closed","template":"","meta":{"footnotes":""},"class_list":["post-5035","page","type-page","status-publish","has-post-thumbnail","hentry","odd"],"yoast_head":"<!-- This site is optimized with the Yoast SEO plugin v27.4 - https:\/\/yoast.com\/product\/yoast-seo-wordpress\/ -->\n<title>Junior Club - Pirovano<\/title>\n<meta name=\"robots\" content=\"index, follow, max-snippet:-1, max-image-preview:large, max-video-preview:-1\" \/>\n<link rel=\"canonical\" href=\"https:\/\/pirovano.it\/it\/lp\/junior-club\/\" \/>\n<meta property=\"og:locale\" content=\"it_IT\" \/>\n<meta property=\"og:type\" content=\"article\" \/>\n<meta property=\"og:title\" content=\"Junior Club - Pirovano\" \/>\n<meta property=\"og:description\" content=\"Dal 9 giugno al 7 luglio Pirovano dedica ai ragazzi dagli 8 ai 18 anni speciali camp estivi senza genitori: entrate nel mondo JUNIOR CLUB Pirovano! Studiato per proporre una vacanza divertente e memorabile all\u2019insegna dello sport, Junior Club Pirovano assicura la tranquillit\u00e0 dei genitori che hanno scelto di affidare i loro figli al nostro [&hellip;]\" \/>\n<meta property=\"og:url\" content=\"https:\/\/pirovano.it\/it\/lp\/junior-club\/\" \/>\n<meta property=\"og:site_name\" content=\"Pirovano\" \/>\n<meta property=\"og:image\" content=\"https:\/\/pirovano.it\/wp-content\/uploads\/2018\/03\/DSC_1830-1024x685.jpg\" \/>\n\t<meta property=\"og:image:width\" content=\"1024\" \/>\n\t<meta property=\"og:image:height\" content=\"685\" \/>\n\t<meta property=\"og:image:type\" content=\"image\/jpeg\" \/>\n<meta name=\"twitter:card\" content=\"summary_large_image\" \/>\n<meta name=\"twitter:label1\" content=\"Tempo di lettura stimato\" \/>\n\t<meta name=\"twitter:data1\" content=\"1 minuto\" \/>\n<script type=\"application\/ld+json\" class=\"yoast-schema-graph\">{\"@context\":\"https:\\\/\\\/schema.org\",\"@graph\":[{\"@type\":\"WebPage\",\"@id\":\"https:\\\/\\\/pirovano.it\\\/it\\\/lp\\\/junior-club\\\/\",\"url\":\"https:\\\/\\\/pirovano.it\\\/it\\\/lp\\\/junior-club\\\/\",\"name\":\"Junior Club - Pirovano\",\"isPartOf\":{\"@id\":\"https:\\\/\\\/pirovano.it\\\/it\\\/#website\"},\"primaryImageOfPage\":{\"@id\":\"https:\\\/\\\/pirovano.it\\\/it\\\/lp\\\/junior-club\\\/#primaryimage\"},\"image\":{\"@id\":\"https:\\\/\\\/pirovano.it\\\/it\\\/lp\\\/junior-club\\\/#primaryimage\"},\"thumbnailUrl\":\"https:\\\/\\\/pirovano.it\\\/wp-content\\\/uploads\\\/2018\\\/03\\\/DSC_1830.jpg\",\"datePublished\":\"2019-05-02T12:25:47+00:00\",\"breadcrumb\":{\"@id\":\"https:\\\/\\\/pirovano.it\\\/it\\\/lp\\\/junior-club\\\/#breadcrumb\"},\"inLanguage\":\"it-IT\",\"potentialAction\":[{\"@type\":\"ReadAction\",\"target\":[\"https:\\\/\\\/pirovano.it\\\/it\\\/lp\\\/junior-club\\\/\"]}]},{\"@type\":\"ImageObject\",\"inLanguage\":\"it-IT\",\"@id\":\"https:\\\/\\\/pirovano.it\\\/it\\\/lp\\\/junior-club\\\/#primaryimage\",\"url\":\"https:\\\/\\\/pirovano.it\\\/wp-content\\\/uploads\\\/2018\\\/03\\\/DSC_1830.jpg\",\"contentUrl\":\"https:\\\/\\\/pirovano.it\\\/wp-content\\\/uploads\\\/2018\\\/03\\\/DSC_1830.jpg\",\"width\":3872,\"height\":2592},{\"@type\":\"BreadcrumbList\",\"@id\":\"https:\\\/\\\/pirovano.it\\\/it\\\/lp\\\/junior-club\\\/#breadcrumb\",\"itemListElement\":[{\"@type\":\"ListItem\",\"position\":1,\"name\":\"Home\",\"item\":\"https:\\\/\\\/pirovano.it\\\/it\\\/\"},{\"@type\":\"ListItem\",\"position\":2,\"name\":\"Landing Pages\",\"item\":\"https:\\\/\\\/pirovano.it\\\/it\\\/lp\\\/\"},{\"@type\":\"ListItem\",\"position\":3,\"name\":\"Junior Club\"}]},{\"@type\":\"WebSite\",\"@id\":\"https:\\\/\\\/pirovano.it\\\/it\\\/#website\",\"url\":\"https:\\\/\\\/pirovano.it\\\/it\\\/\",\"name\":\"Pirovano\",\"description\":\"Universit\u00e0 dello Sci, dello Snowboard e della Montagna\",\"potentialAction\":[{\"@type\":\"SearchAction\",\"target\":{\"@type\":\"EntryPoint\",\"urlTemplate\":\"https:\\\/\\\/pirovano.it\\\/it\\\/?s={search_term_string}\"},\"query-input\":{\"@type\":\"PropertyValueSpecification\",\"valueRequired\":true,\"valueName\":\"search_term_string\"}}],\"inLanguage\":\"it-IT\"}]}<\/script>\n<!-- \/ Yoast SEO plugin. -->","yoast_head_json":{"title":"Junior Club - Pirovano","robots":{"index":"index","follow":"follow","max-snippet":"max-snippet:-1","max-image-preview":"max-image-preview:large","max-video-preview":"max-video-preview:-1"},"canonical":"https:\/\/pirovano.it\/it\/lp\/junior-club\/","og_locale":"it_IT","og_type":"article","og_title":"Junior Club - Pirovano","og_description":"Dal 9 giugno al 7 luglio Pirovano dedica ai ragazzi dagli 8 ai 18 anni speciali camp estivi senza genitori: entrate nel mondo JUNIOR CLUB Pirovano! Studiato per proporre una vacanza divertente e memorabile all\u2019insegna dello sport, Junior Club Pirovano assicura la tranquillit\u00e0 dei genitori che hanno scelto di affidare i loro figli al nostro [&hellip;]","og_url":"https:\/\/pirovano.it\/it\/lp\/junior-club\/","og_site_name":"Pirovano","og_image":[{"width":1024,"height":685,"url":"https:\/\/pirovano.it\/wp-content\/uploads\/2018\/03\/DSC_1830-1024x685.jpg","type":"image\/jpeg"}],"twitter_card":"summary_large_image","twitter_misc":{"Tempo di lettura stimato":"1 minuto"},"schema":{"@context":"https:\/\/schema.org","@graph":[{"@type":"WebPage","@id":"https:\/\/pirovano.it\/it\/lp\/junior-club\/","url":"https:\/\/pirovano.it\/it\/lp\/junior-club\/","name":"Junior Club - Pirovano","isPartOf":{"@id":"https:\/\/pirovano.it\/it\/#website"},"primaryImageOfPage":{"@id":"https:\/\/pirovano.it\/it\/lp\/junior-club\/#primaryimage"},"image":{"@id":"https:\/\/pirovano.it\/it\/lp\/junior-club\/#primaryimage"},"thumbnailUrl":"https:\/\/pirovano.it\/wp-content\/uploads\/2018\/03\/DSC_1830.jpg","datePublished":"2019-05-02T12:25:47+00:00","breadcrumb":{"@id":"https:\/\/pirovano.it\/it\/lp\/junior-club\/#breadcrumb"},"inLanguage":"it-IT","potentialAction":[{"@type":"ReadAction","target":["https:\/\/pirovano.it\/it\/lp\/junior-club\/"]}]},{"@type":"ImageObject","inLanguage":"it-IT","@id":"https:\/\/pirovano.it\/it\/lp\/junior-club\/#primaryimage","url":"https:\/\/pirovano.it\/wp-content\/uploads\/2018\/03\/DSC_1830.jpg","contentUrl":"https:\/\/pirovano.it\/wp-content\/uploads\/2018\/03\/DSC_1830.jpg","width":3872,"height":2592},{"@type":"BreadcrumbList","@id":"https:\/\/pirovano.it\/it\/lp\/junior-club\/#breadcrumb","itemListElement":[{"@type":"ListItem","position":1,"name":"Home","item":"https:\/\/pirovano.it\/it\/"},{"@type":"ListItem","position":2,"name":"Landing Pages","item":"https:\/\/pirovano.it\/it\/lp\/"},{"@type":"ListItem","position":3,"name":"Junior Club"}]},{"@type":"WebSite","@id":"https:\/\/pirovano.it\/it\/#website","url":"https:\/\/pirovano.it\/it\/","name":"Pirovano","description":"Universit\u00e0 dello Sci, dello Snowboard e della Montagna","potentialAction":[{"@type":"SearchAction","target":{"@type":"EntryPoint","urlTemplate":"https:\/\/pirovano.it\/it\/?s={search_term_string}"},"query-input":{"@type":"PropertyValueSpecification","valueRequired":true,"valueName":"search_term_string"}}],"inLanguage":"it-IT"}]}},"_links":{"self":[{"href":"https:\/\/pirovano.it\/it\/wp-json\/wp\/v2\/pages\/5035","targetHints":{"allow":["GET"]}}],"collection":[{"href":"https:\/\/pirovano.it\/it\/wp-json\/wp\/v2\/pages"}],"about":[{"href":"https:\/\/pirovano.it\/it\/wp-json\/wp\/v2\/types\/page"}],"author":[{"embeddable":true,"href":"https:\/\/pirovano.it\/it\/wp-json\/wp\/v2\/users\/3"}],"replies":[{"embeddable":true,"href":"https:\/\/pirovano.it\/it\/wp-json\/wp\/v2\/comments?post=5035"}],"version-history":[{"count":1,"href":"https:\/\/pirovano.it\/it\/wp-json\/wp\/v2\/pages\/5035\/revisions"}],"predecessor-version":[{"id":5036,"href":"https:\/\/pirovano.it\/it\/wp-json\/wp\/v2\/pages\/5035\/revisions\/5036"}],"up":[{"embeddable":true,"href":"https:\/\/pirovano.it\/it\/wp-json\/wp\/v2\/pages\/5003"}],"wp:featuredmedia":[{"embeddable":true,"href":"https:\/\/pirovano.it\/it\/wp-json\/wp\/v2\/media\/1263"}],"wp:attachment":[{"href":"https:\/\/pirovano.it\/it\/wp-json\/wp\/v2\/media?parent=5035"}],"curies":[{"name":"wp","href":"https:\/\/api.w.org\/{rel}","templated":true}]}}