{"id":5062,"date":"2019-05-31T09:43:09","date_gmt":"2019-05-31T07:43:09","guid":{"rendered":"https:\/\/pirovano.it\/?page_id=5062"},"modified":"2019-05-31T09:46:18","modified_gmt":"2019-05-31T07:46:18","slug":"nota-informativa","status":"publish","type":"page","link":"https:\/\/pirovano.it\/it\/nota-informativa\/","title":{"rendered":"Nota Informativa"},"content":{"rendered":"<p><h3>Nota informativa ai sensi dell\u2019art. 13 del Regolamento UE 2016\/679 \u2013 art. 13 del DLgs 196\/2003 (Codice di protezione dei dati personali)<\/h3>\n<\/p>\n<p>In applicazione del Regolamento Europeo n. 679 del 2016 de del D.Lgs. n. 196 del 2003 relativi alla protezione dei dati personali Le si comunica che Il Titolare del trattamento dei dati \u00e8 Pirovano Stelvio S.p.A, via Delle Prese 8, 23100 Sondrio, PI 00526710140 \u2013 PEC <a href=\"mailto:pirovano@pec.popso.it\">pirovano@pec.popso.it<\/a> (di seguito definito \u201cTitolare\u201d).<br \/>\nI dati personali vengono trattati nel pieno rispetto del Regolamento UE 679\/2016 e del D.lgs 196\/2003.<br \/>\nIl trattamento dei Suoi dati personali \u00e8 realizzato per mezzo delle operazioni indicate all\u2019art. 4 Codice Privacy e all\u2019art. 4 n. 2) GDPR e precisamente: raccolta, registrazione, organizzazione, conservazione, consultazione, elaborazione, modificazione, selezione, estrazione, raffronto, utilizzo, interconnessione, blocco, comunicazione, cancellazione e distruzione dei dati comprese la combinazione di due o pi\u00f9 delle attivit\u00e0 suddette. I Suoi dati personali sono sottoposti a trattamento sia cartaceo che elettronico e\/o automatizzato.<br \/>\nIl trattamento dei dati avverr\u00e0 da parte di personale incaricato dal Titolare con procedure, strumenti tecnici e informatici idonei a tutelare la riservatezza e la sicurezza dei Suoi dati, non saranno diffusi e non saranno utilizzati per altri fini, neanche successivamente alla Sua richiesta.<br \/>\nIn particolare i Suoi dati potranno essere resi accessibili a:<\/p>\n<ul>\n<li>dipendenti e collaboratori del Titolare nella loro qualit\u00e0 di incaricati e\/o responsabili interni del trattamento e\/o amministratori di sistema;<\/li>\n<li>a societ\u00e0 terze o altri soggetti che svolgono attivit\u00e0 in outsourcing per conto del Titolare nella loro qualit\u00e0 di responsabili esterni del trattamento. Si tratta di fornitori di servizi cloud, consulenti tecnici e informatici, consulenti fiscali, assicurazioni, soggetti che possono accedere ai dati in forza di disposizioni di legge e altri soggetti analoghi che collaborano con la nostra organizzazione e che forniscono un servizio strettamente e necessariamente collegato all\u2019attivit\u00e0 del Titolare.<\/li>\n<\/ul>\n<p>Lei potr\u00e0 richiedere un elenco completo e aggiornato dei soggetti nominati responsabili del trattamento rivolgendosi al contatto del Titolare sotto indicato.<br \/>\nI dati personali saranno conservati per il tempo strettamente necessario a fornire i servizi richiesti e saranno in ogni caso eliminati a seguito di richiesta dell\u2019Interessato, salvi ulteriori obblighi di conservazione previsti dalla legge.<br \/>\nI dati potranno essere trasferiti all\u2019interno della Unione Europea, ove il Titolare o i suoi fornitori e collaboratori abbiano sede o abbiano i propri server. I dati non saranno trasferiti fuori dalla Unione Europea. Fuori dai contesti sopra descritti i dati non saranno comunicati n\u00e9 ceduti a terzi, e nemmeno resi pubblici.<\/p>\n<p>Diritti dell\u2019interessato<br \/>\nIn ogni momento, Lei potr\u00e0 esercitare, ai sensi dell\u2019art. 7 del D.Lgs. 196\/2003 e degli articoli dal 15 al 22 del Regolamento UE n. 2016\/679, il diritto di:<\/p>\n<p>a) chiedere la conferma dell\u2019esistenza o meno di propri dati personali;<br \/>\nb) ottenere le indicazioni circa le finalit\u00e0 del trattamento, le categorie dei dati personali, i destinatari o le categorie di destinatari a cui i dati personali sono stati o saranno comunicati e, quando possibile, il periodo di conservazione;<br \/>\nc) ottenere la rettifica e la cancellazione dei dati;<br \/>\nd) ottenere la limitazione del trattamento;<br \/>\ne) ottenere la portabilit\u00e0 dei dati, ossia riceverli da un titolare del trattamento, in un formato strutturato, di uso comune e leggibile da dispositivo automatico, e trasmetterli ad un altro titolare del trattamento senza impedimenti;<br \/>\nf) opporsi al trattamento in qualsiasi momento ed anche nel caso di trattamento per finalit\u00e0 di marketing diretto;<br \/>\ng) opporsi ad un processo decisionale automatizzato relativo alle persone \ufb01siche, compresa la profilazione;<br \/>\nh) chiedere al titolare del trattamento l\u2019accesso ai dati personali e la rettifica o la cancellazione degli stessi o la limitazione del trattamento che lo riguardano o di opporsi al loro trattamento, oltre al diritto alla portabilit\u00e0 dei dati;<br \/>\ni) revocare il consenso in qualsiasi momento senza pregiudicare la liceit\u00e0 del trattamento basata sul consenso prestato prima della revoca;<br \/>\nj) proporre reclamo a un\u2019autorit\u00e0 di controllo.<\/p>\n<p>I dati di contatto del Titolare del trattamento sono i seguenti: Pirovano Stelvio S.p.A, via Delle Prese 8, 23100 Sondrio, numero di telefono 0342 210040, numero di fax 0342 514685, indirizzo mail PEC <a href=\"mailto:pirovano@pec.popso.it\">pirovano@pec.popso.it<\/a><\/p>\n","protected":false},"excerpt":{"rendered":"<p>Nota informativa ai sensi dell\u2019art. 13 del Regolamento UE 2016\/679 \u2013 art. 13 del DLgs 196\/2003 (Codice di protezione dei dati personali) In applicazione del Regolamento Europeo n. 679 del 2016 de del D.Lgs. n. 196 del 2003 relativi alla protezione dei dati personali Le si comunica che Il Titolare del trattamento dei dati \u00e8 [&hellip;]<\/p>\n","protected":false},"author":3,"featured_media":0,"parent":0,"menu_order":0,"comment_status":"closed","ping_status":"closed","template":"page-templates\/no-picture.php","meta":{"footnotes":""},"class_list":["post-5062","page","type-page","status-publish","hentry","odd"],"yoast_head":"<!-- This site is optimized with the Yoast SEO plugin v27.3 - https:\/\/yoast.com\/product\/yoast-seo-wordpress\/ -->\n<title>Nota Informativa - Pirovano<\/title>\n<meta name=\"robots\" content=\"index, follow, max-snippet:-1, max-image-preview:large, max-video-preview:-1\" \/>\n<link rel=\"canonical\" href=\"https:\/\/pirovano.it\/it\/nota-informativa\/\" \/>\n<meta property=\"og:locale\" content=\"it_IT\" \/>\n<meta property=\"og:type\" content=\"article\" \/>\n<meta property=\"og:title\" content=\"Nota Informativa - Pirovano\" \/>\n<meta property=\"og:description\" content=\"Nota informativa ai sensi dell\u2019art. 13 del Regolamento UE 2016\/679 \u2013 art. 13 del DLgs 196\/2003 (Codice di protezione dei dati personali) In applicazione del Regolamento Europeo n. 679 del 2016 de del D.Lgs. n. 196 del 2003 relativi alla protezione dei dati personali Le si comunica che Il Titolare del trattamento dei dati \u00e8 [&hellip;]\" \/>\n<meta property=\"og:url\" content=\"https:\/\/pirovano.it\/it\/nota-informativa\/\" \/>\n<meta property=\"og:site_name\" content=\"Pirovano\" \/>\n<meta property=\"article:modified_time\" content=\"2019-05-31T07:46:18+00:00\" \/>\n<meta name=\"twitter:card\" content=\"summary_large_image\" \/>\n<meta name=\"twitter:label1\" content=\"Tempo di lettura stimato\" \/>\n\t<meta name=\"twitter:data1\" content=\"3 minuti\" \/>\n<script type=\"application\/ld+json\" class=\"yoast-schema-graph\">{\"@context\":\"https:\\\/\\\/schema.org\",\"@graph\":[{\"@type\":\"WebPage\",\"@id\":\"https:\\\/\\\/pirovano.it\\\/it\\\/nota-informativa\\\/\",\"url\":\"https:\\\/\\\/pirovano.it\\\/it\\\/nota-informativa\\\/\",\"name\":\"Nota Informativa - Pirovano\",\"isPartOf\":{\"@id\":\"https:\\\/\\\/pirovano.it\\\/it\\\/#website\"},\"datePublished\":\"2019-05-31T07:43:09+00:00\",\"dateModified\":\"2019-05-31T07:46:18+00:00\",\"breadcrumb\":{\"@id\":\"https:\\\/\\\/pirovano.it\\\/it\\\/nota-informativa\\\/#breadcrumb\"},\"inLanguage\":\"it-IT\",\"potentialAction\":[{\"@type\":\"ReadAction\",\"target\":[\"https:\\\/\\\/pirovano.it\\\/it\\\/nota-informativa\\\/\"]}]},{\"@type\":\"BreadcrumbList\",\"@id\":\"https:\\\/\\\/pirovano.it\\\/it\\\/nota-informativa\\\/#breadcrumb\",\"itemListElement\":[{\"@type\":\"ListItem\",\"position\":1,\"name\":\"Home\",\"item\":\"https:\\\/\\\/pirovano.it\\\/it\\\/\"},{\"@type\":\"ListItem\",\"position\":2,\"name\":\"Nota Informativa\"}]},{\"@type\":\"WebSite\",\"@id\":\"https:\\\/\\\/pirovano.it\\\/it\\\/#website\",\"url\":\"https:\\\/\\\/pirovano.it\\\/it\\\/\",\"name\":\"Pirovano\",\"description\":\"Universit\u00e0 dello Sci, dello Snowboard e della Montagna\",\"potentialAction\":[{\"@type\":\"SearchAction\",\"target\":{\"@type\":\"EntryPoint\",\"urlTemplate\":\"https:\\\/\\\/pirovano.it\\\/it\\\/?s={search_term_string}\"},\"query-input\":{\"@type\":\"PropertyValueSpecification\",\"valueRequired\":true,\"valueName\":\"search_term_string\"}}],\"inLanguage\":\"it-IT\"}]}<\/script>\n<!-- \/ Yoast SEO plugin. -->","yoast_head_json":{"title":"Nota Informativa - Pirovano","robots":{"index":"index","follow":"follow","max-snippet":"max-snippet:-1","max-image-preview":"max-image-preview:large","max-video-preview":"max-video-preview:-1"},"canonical":"https:\/\/pirovano.it\/it\/nota-informativa\/","og_locale":"it_IT","og_type":"article","og_title":"Nota Informativa - Pirovano","og_description":"Nota informativa ai sensi dell\u2019art. 13 del Regolamento UE 2016\/679 \u2013 art. 13 del DLgs 196\/2003 (Codice di protezione dei dati personali) In applicazione del Regolamento Europeo n. 679 del 2016 de del D.Lgs. n. 196 del 2003 relativi alla protezione dei dati personali Le si comunica che Il Titolare del trattamento dei dati \u00e8 [&hellip;]","og_url":"https:\/\/pirovano.it\/it\/nota-informativa\/","og_site_name":"Pirovano","article_modified_time":"2019-05-31T07:46:18+00:00","twitter_card":"summary_large_image","twitter_misc":{"Tempo di lettura stimato":"3 minuti"},"schema":{"@context":"https:\/\/schema.org","@graph":[{"@type":"WebPage","@id":"https:\/\/pirovano.it\/it\/nota-informativa\/","url":"https:\/\/pirovano.it\/it\/nota-informativa\/","name":"Nota Informativa - Pirovano","isPartOf":{"@id":"https:\/\/pirovano.it\/it\/#website"},"datePublished":"2019-05-31T07:43:09+00:00","dateModified":"2019-05-31T07:46:18+00:00","breadcrumb":{"@id":"https:\/\/pirovano.it\/it\/nota-informativa\/#breadcrumb"},"inLanguage":"it-IT","potentialAction":[{"@type":"ReadAction","target":["https:\/\/pirovano.it\/it\/nota-informativa\/"]}]},{"@type":"BreadcrumbList","@id":"https:\/\/pirovano.it\/it\/nota-informativa\/#breadcrumb","itemListElement":[{"@type":"ListItem","position":1,"name":"Home","item":"https:\/\/pirovano.it\/it\/"},{"@type":"ListItem","position":2,"name":"Nota Informativa"}]},{"@type":"WebSite","@id":"https:\/\/pirovano.it\/it\/#website","url":"https:\/\/pirovano.it\/it\/","name":"Pirovano","description":"Universit\u00e0 dello Sci, dello Snowboard e della Montagna","potentialAction":[{"@type":"SearchAction","target":{"@type":"EntryPoint","urlTemplate":"https:\/\/pirovano.it\/it\/?s={search_term_string}"},"query-input":{"@type":"PropertyValueSpecification","valueRequired":true,"valueName":"search_term_string"}}],"inLanguage":"it-IT"}]}},"_links":{"self":[{"href":"https:\/\/pirovano.it\/it\/wp-json\/wp\/v2\/pages\/5062","targetHints":{"allow":["GET"]}}],"collection":[{"href":"https:\/\/pirovano.it\/it\/wp-json\/wp\/v2\/pages"}],"about":[{"href":"https:\/\/pirovano.it\/it\/wp-json\/wp\/v2\/types\/page"}],"author":[{"embeddable":true,"href":"https:\/\/pirovano.it\/it\/wp-json\/wp\/v2\/users\/3"}],"replies":[{"embeddable":true,"href":"https:\/\/pirovano.it\/it\/wp-json\/wp\/v2\/comments?post=5062"}],"version-history":[{"count":3,"href":"https:\/\/pirovano.it\/it\/wp-json\/wp\/v2\/pages\/5062\/revisions"}],"predecessor-version":[{"id":5065,"href":"https:\/\/pirovano.it\/it\/wp-json\/wp\/v2\/pages\/5062\/revisions\/5065"}],"wp:attachment":[{"href":"https:\/\/pirovano.it\/it\/wp-json\/wp\/v2\/media?parent=5062"}],"curies":[{"name":"wp","href":"https:\/\/api.w.org\/{rel}","templated":true}]}}