{"id":685,"date":"2018-03-14T17:34:26","date_gmt":"2018-03-14T17:34:26","guid":{"rendered":"http:\/\/pirovano.webfactional.com\/?page_id=685"},"modified":"2018-12-28T10:47:41","modified_gmt":"2018-12-28T09:47:41","slug":"4-motoraduno-dainese-super-sic-day","status":"publish","type":"page","link":"https:\/\/pirovano.it\/it\/eventi-manifestazioni\/4-motoraduno-dainese-super-sic-day\/","title":{"rendered":"4\u00b0 Motoraduno Dainese &#8211; Super SIC Day"},"content":{"rendered":"<p><!-- \n\n<h2><i class=\"far fa-calendar-alt\"><\/i> dal 21 al 22 Luglio 2018<\/h2>\n\n\n<strong>In collaborazione con la Fondazione intitolata al \u201cSIC\u201d, solidariet\u00e0 ed emozioni percorrendo la carrabile dello Stelvio, una tra le strade pi\u00f9 suggestive al mondo e tra le pi\u00f9 alte d\u2019Europa.<\/strong>\n\nTorna sulla mitica strada dello Stelvio la quarta edizione del Motoraduno \u201cDainese\u201d \u2013 Super \u201cSIC\u201d Day\n\nIl primo rally motociclistico \u201cslow\u201d per ricordare un grande della Moto GP: Marco \u201cSIC\u201d Simoncelli. Per l\u2019occasione ospiti d\u2019eccezione Paolo Beltramo e Kate Fretti, la fidanzata del SIC.\n\nIl programma prevede la partenza in gruppo, Sabato 21 Luglio, dallo shop \u201cDainese\u201d di Cermenate (CO) alle ore 14.00 con destinazione il Passo dello Stelvio; una volta arrivati in quota aperitivo e cena tipica presso l\u2019hotel Quarto Pirovano e a seguire chiaccherata con Paolo Beltramo.\n\nDomenica 22 Luglio ai bikers partecipanti saranno proposte diverse attivit\u00e0 tra le quali scegliere: in occasione dei cent\u2019anni dalla fine della Prima Guerra Mondiale, visita alle trincee ed al Museo \u201cCarlo Donegani\u201d, oppure, discesa in Svizzera e risalita da Trafoi. A seguire il \u201cpranzo del Centauro\u201d presso il ristorante Pirovano.\nNel pomeriggio raccolta fondi organizzata dalla fondazione \u201cMarco Simoncelli 58\u201d onlus. La giornata si concluder\u00e0 con la premiazione del motociclista pi\u00f9 longevo, pi\u00f9 giovane, proveniente da pi\u00f9 lontano, con la moto pi\u00f9 datata e di molti altri bikers scelti dalla \u201cdea bendata\u201d.\n\nQuote di soggiorno presso l\u2019hotel Pirovano comprensive di pernottamento, aperitivo di benvenuto, cena tipica dei \u201cTre versanti\u201d, colazione e pranzo del \u201cCentauro\u201d:\n\n\n<ul>\n \t\n\n<li>Singola: <strong>\u20ac 75,00<\/strong><\/li>\n\n\n \t\n\n<li>Doppia: <strong>\u20ac 70,00<\/strong> a persona<\/li>\n\n\n \t\n\n<li>Tripla: \u20ac<strong> 60,00<\/strong> a persona<\/li>\n\n\n<\/ul>\n\n\nSolo \u201cpranzo del Centauro\u201d: <strong>\u20ac 25,00<\/strong>\n\n\n<ul class=\"links\">\n \t\n\n<li style=\"list-style-type: none;\"><a href=\"http:\/\/pirovano.it\/wp-content\/uploads\/2018\/07\/4DD_SuperSIC_PROGRAMMA.pdf\">Download Programma \u00bb<\/a><\/li>\n\n\n<\/ul>\n\n\n<img loading=\"lazy\" decoding=\"async\" class=\"alignnone size-full wp-image-3156\" src=\"http:\/\/pirovano.it\/wp-content\/uploads\/2018\/07\/4DD_SuperSIC_PROGRAMMA.jpg\" alt=\"\" width=\"824\" height=\"501\" \/> --><\/p>\n","protected":false},"excerpt":{"rendered":"","protected":false},"author":3,"featured_media":0,"parent":13,"menu_order":0,"comment_status":"closed","ping_status":"closed","template":"","meta":{"footnotes":""},"class_list":["post-685","page","type-page","status-publish","hentry","odd"],"yoast_head":"<!-- This site is optimized with the Yoast SEO plugin v27.3 - https:\/\/yoast.com\/product\/yoast-seo-wordpress\/ -->\n<title>4\u00b0 Motoraduno Dainese - Super SIC Day - Pirovano<\/title>\n<meta name=\"robots\" content=\"index, follow, max-snippet:-1, max-image-preview:large, max-video-preview:-1\" \/>\n<link rel=\"canonical\" href=\"https:\/\/pirovano.it\/it\/eventi-manifestazioni\/4-motoraduno-dainese-super-sic-day\/\" \/>\n<meta property=\"og:locale\" content=\"it_IT\" \/>\n<meta property=\"og:type\" content=\"article\" \/>\n<meta property=\"og:title\" content=\"4\u00b0 Motoraduno Dainese - Super SIC Day - Pirovano\" \/>\n<meta property=\"og:url\" content=\"https:\/\/pirovano.it\/it\/eventi-manifestazioni\/4-motoraduno-dainese-super-sic-day\/\" \/>\n<meta property=\"og:site_name\" content=\"Pirovano\" \/>\n<meta property=\"article:modified_time\" content=\"2018-12-28T09:47:41+00:00\" \/>\n<meta property=\"og:image\" content=\"http:\/\/pirovano.it\/wp-content\/uploads\/2018\/07\/4DD_SuperSIC_PROGRAMMA.jpg\" \/>\n<meta name=\"twitter:card\" content=\"summary_large_image\" \/>\n<script type=\"application\/ld+json\" class=\"yoast-schema-graph\">{\"@context\":\"https:\\\/\\\/schema.org\",\"@graph\":[{\"@type\":\"WebPage\",\"@id\":\"https:\\\/\\\/pirovano.it\\\/it\\\/eventi-manifestazioni\\\/4-motoraduno-dainese-super-sic-day\\\/\",\"url\":\"https:\\\/\\\/pirovano.it\\\/it\\\/eventi-manifestazioni\\\/4-motoraduno-dainese-super-sic-day\\\/\",\"name\":\"4\u00b0 Motoraduno Dainese - Super SIC Day - Pirovano\",\"isPartOf\":{\"@id\":\"https:\\\/\\\/pirovano.it\\\/it\\\/#website\"},\"primaryImageOfPage\":{\"@id\":\"https:\\\/\\\/pirovano.it\\\/it\\\/eventi-manifestazioni\\\/4-motoraduno-dainese-super-sic-day\\\/#primaryimage\"},\"image\":{\"@id\":\"https:\\\/\\\/pirovano.it\\\/it\\\/eventi-manifestazioni\\\/4-motoraduno-dainese-super-sic-day\\\/#primaryimage\"},\"thumbnailUrl\":\"http:\\\/\\\/pirovano.it\\\/wp-content\\\/uploads\\\/2018\\\/07\\\/4DD_SuperSIC_PROGRAMMA.jpg\",\"datePublished\":\"2018-03-14T17:34:26+00:00\",\"dateModified\":\"2018-12-28T09:47:41+00:00\",\"breadcrumb\":{\"@id\":\"https:\\\/\\\/pirovano.it\\\/it\\\/eventi-manifestazioni\\\/4-motoraduno-dainese-super-sic-day\\\/#breadcrumb\"},\"inLanguage\":\"it-IT\",\"potentialAction\":[{\"@type\":\"ReadAction\",\"target\":[\"https:\\\/\\\/pirovano.it\\\/it\\\/eventi-manifestazioni\\\/4-motoraduno-dainese-super-sic-day\\\/\"]}]},{\"@type\":\"ImageObject\",\"inLanguage\":\"it-IT\",\"@id\":\"https:\\\/\\\/pirovano.it\\\/it\\\/eventi-manifestazioni\\\/4-motoraduno-dainese-super-sic-day\\\/#primaryimage\",\"url\":\"http:\\\/\\\/pirovano.it\\\/wp-content\\\/uploads\\\/2018\\\/07\\\/4DD_SuperSIC_PROGRAMMA.jpg\",\"contentUrl\":\"http:\\\/\\\/pirovano.it\\\/wp-content\\\/uploads\\\/2018\\\/07\\\/4DD_SuperSIC_PROGRAMMA.jpg\"},{\"@type\":\"BreadcrumbList\",\"@id\":\"https:\\\/\\\/pirovano.it\\\/it\\\/eventi-manifestazioni\\\/4-motoraduno-dainese-super-sic-day\\\/#breadcrumb\",\"itemListElement\":[{\"@type\":\"ListItem\",\"position\":1,\"name\":\"Home\",\"item\":\"https:\\\/\\\/pirovano.it\\\/it\\\/\"},{\"@type\":\"ListItem\",\"position\":2,\"name\":\"Eventi Stelvio\",\"item\":\"https:\\\/\\\/pirovano.it\\\/it\\\/eventi-manifestazioni\\\/\"},{\"@type\":\"ListItem\",\"position\":3,\"name\":\"4\u00b0 Motoraduno Dainese &#8211; Super SIC Day\"}]},{\"@type\":\"WebSite\",\"@id\":\"https:\\\/\\\/pirovano.it\\\/it\\\/#website\",\"url\":\"https:\\\/\\\/pirovano.it\\\/it\\\/\",\"name\":\"Pirovano\",\"description\":\"Universit\u00e0 dello Sci, dello Snowboard e della Montagna\",\"potentialAction\":[{\"@type\":\"SearchAction\",\"target\":{\"@type\":\"EntryPoint\",\"urlTemplate\":\"https:\\\/\\\/pirovano.it\\\/it\\\/?s={search_term_string}\"},\"query-input\":{\"@type\":\"PropertyValueSpecification\",\"valueRequired\":true,\"valueName\":\"search_term_string\"}}],\"inLanguage\":\"it-IT\"}]}<\/script>\n<!-- \/ Yoast SEO plugin. -->","yoast_head_json":{"title":"4\u00b0 Motoraduno Dainese - Super SIC Day - Pirovano","robots":{"index":"index","follow":"follow","max-snippet":"max-snippet:-1","max-image-preview":"max-image-preview:large","max-video-preview":"max-video-preview:-1"},"canonical":"https:\/\/pirovano.it\/it\/eventi-manifestazioni\/4-motoraduno-dainese-super-sic-day\/","og_locale":"it_IT","og_type":"article","og_title":"4\u00b0 Motoraduno Dainese - Super SIC Day - Pirovano","og_url":"https:\/\/pirovano.it\/it\/eventi-manifestazioni\/4-motoraduno-dainese-super-sic-day\/","og_site_name":"Pirovano","article_modified_time":"2018-12-28T09:47:41+00:00","og_image":[{"url":"http:\/\/pirovano.it\/wp-content\/uploads\/2018\/07\/4DD_SuperSIC_PROGRAMMA.jpg","type":"","width":"","height":""}],"twitter_card":"summary_large_image","schema":{"@context":"https:\/\/schema.org","@graph":[{"@type":"WebPage","@id":"https:\/\/pirovano.it\/it\/eventi-manifestazioni\/4-motoraduno-dainese-super-sic-day\/","url":"https:\/\/pirovano.it\/it\/eventi-manifestazioni\/4-motoraduno-dainese-super-sic-day\/","name":"4\u00b0 Motoraduno Dainese - Super SIC Day - Pirovano","isPartOf":{"@id":"https:\/\/pirovano.it\/it\/#website"},"primaryImageOfPage":{"@id":"https:\/\/pirovano.it\/it\/eventi-manifestazioni\/4-motoraduno-dainese-super-sic-day\/#primaryimage"},"image":{"@id":"https:\/\/pirovano.it\/it\/eventi-manifestazioni\/4-motoraduno-dainese-super-sic-day\/#primaryimage"},"thumbnailUrl":"http:\/\/pirovano.it\/wp-content\/uploads\/2018\/07\/4DD_SuperSIC_PROGRAMMA.jpg","datePublished":"2018-03-14T17:34:26+00:00","dateModified":"2018-12-28T09:47:41+00:00","breadcrumb":{"@id":"https:\/\/pirovano.it\/it\/eventi-manifestazioni\/4-motoraduno-dainese-super-sic-day\/#breadcrumb"},"inLanguage":"it-IT","potentialAction":[{"@type":"ReadAction","target":["https:\/\/pirovano.it\/it\/eventi-manifestazioni\/4-motoraduno-dainese-super-sic-day\/"]}]},{"@type":"ImageObject","inLanguage":"it-IT","@id":"https:\/\/pirovano.it\/it\/eventi-manifestazioni\/4-motoraduno-dainese-super-sic-day\/#primaryimage","url":"http:\/\/pirovano.it\/wp-content\/uploads\/2018\/07\/4DD_SuperSIC_PROGRAMMA.jpg","contentUrl":"http:\/\/pirovano.it\/wp-content\/uploads\/2018\/07\/4DD_SuperSIC_PROGRAMMA.jpg"},{"@type":"BreadcrumbList","@id":"https:\/\/pirovano.it\/it\/eventi-manifestazioni\/4-motoraduno-dainese-super-sic-day\/#breadcrumb","itemListElement":[{"@type":"ListItem","position":1,"name":"Home","item":"https:\/\/pirovano.it\/it\/"},{"@type":"ListItem","position":2,"name":"Eventi Stelvio","item":"https:\/\/pirovano.it\/it\/eventi-manifestazioni\/"},{"@type":"ListItem","position":3,"name":"4\u00b0 Motoraduno Dainese &#8211; Super SIC Day"}]},{"@type":"WebSite","@id":"https:\/\/pirovano.it\/it\/#website","url":"https:\/\/pirovano.it\/it\/","name":"Pirovano","description":"Universit\u00e0 dello Sci, dello Snowboard e della Montagna","potentialAction":[{"@type":"SearchAction","target":{"@type":"EntryPoint","urlTemplate":"https:\/\/pirovano.it\/it\/?s={search_term_string}"},"query-input":{"@type":"PropertyValueSpecification","valueRequired":true,"valueName":"search_term_string"}}],"inLanguage":"it-IT"}]}},"_links":{"self":[{"href":"https:\/\/pirovano.it\/it\/wp-json\/wp\/v2\/pages\/685","targetHints":{"allow":["GET"]}}],"collection":[{"href":"https:\/\/pirovano.it\/it\/wp-json\/wp\/v2\/pages"}],"about":[{"href":"https:\/\/pirovano.it\/it\/wp-json\/wp\/v2\/types\/page"}],"author":[{"embeddable":true,"href":"https:\/\/pirovano.it\/it\/wp-json\/wp\/v2\/users\/3"}],"replies":[{"embeddable":true,"href":"https:\/\/pirovano.it\/it\/wp-json\/wp\/v2\/comments?post=685"}],"version-history":[{"count":13,"href":"https:\/\/pirovano.it\/it\/wp-json\/wp\/v2\/pages\/685\/revisions"}],"predecessor-version":[{"id":4154,"href":"https:\/\/pirovano.it\/it\/wp-json\/wp\/v2\/pages\/685\/revisions\/4154"}],"up":[{"embeddable":true,"href":"https:\/\/pirovano.it\/it\/wp-json\/wp\/v2\/pages\/13"}],"wp:attachment":[{"href":"https:\/\/pirovano.it\/it\/wp-json\/wp\/v2\/media?parent=685"}],"curies":[{"name":"wp","href":"https:\/\/api.w.org\/{rel}","templated":true}]}}