{"id":7398,"date":"2021-02-08T10:15:33","date_gmt":"2021-02-08T09:15:33","guid":{"rendered":"https:\/\/pirovano.it\/?page_id=7398"},"modified":"2022-02-17T15:15:25","modified_gmt":"2022-02-17T14:15:25","slug":"covid-19-sicurezza-hotel","status":"publish","type":"page","link":"https:\/\/pirovano.it\/it\/covid-19-sicurezza-hotel\/","title":{"rendered":"COVID-19: la Sicurezza dell&#8217;Hotel Pirovano IV"},"content":{"rendered":"<p>Tutto \u00e8 pronto per l&#8217;estate 2021, in sicurezza!<\/p>\n<h3>Prenotazione e caparre<\/h3>\n<ul>\n<li>Per ogni prenotazione \u00e8 richiesta una caparra corrispondente al 30% dell\u2019importo riferito al solo arrangiamento alberghiero (servizi scuola e skipass esclusi).<\/li>\n<li>E\u2019 possibile cancellare la prenotazione fino a 48 ore prima del giorno di arrivo. Il rimborso \u00e8 totale e la caparra verr\u00e0 resa a mezzo bonifico bancario.<\/li>\n<li>E\u2019 possibile modificare le date di arrivo e di partenza, previa disponibilit\u00e0 presso la nostra struttura. In caso spostamento del periodo prenotato, indipendentemente dai tempi di preavviso, la caparra sar\u00e0 recuperata per intero sul nuovo soggiorno, a condizione che quest\u2019ultimo avvenga nella stessa stagione, abbia durata non inferiore a quello annullato e preveda lo stesso numero di partecipanti.<\/li>\n<\/ul>\n<h3>Pulizia e sanificazione della struttura e delle camere<\/h3>\n<ul>\n<li>Usiamo prodotti specifici, certificati Presidio Medico Chirurgico, per tutte le superfici alle corrette concentrazioni.<\/li>\n<li>Ogni ambiente comune e gli ascensori vengono puliti e igienizzati pi\u00f9 volte al giorno.<\/li>\n<li>Per i letti si utilizzano proteggi materasso e cuscino monouso usa e getta, sostituiti ad ogni check-out, mentre la fornitura della biancheria avviene rigorosamente da azienda certificata che garantisce tutti gli standard igienici attualmente richiesti.<\/li>\n<li>Ad ogni check-out i bagni in camera vengono sanificati con un apparecchio che nebulizza un prodotto disinfettante terminale ad alta efficacia, basato su una miscela di attivi biocidi, tensioattivi, agenti sequestranti ed alcalinizzanti.<\/li>\n<\/ul>\n<h3>Ristorante e colazione<\/h3>\n<ul>\n<li>Gli ospiti possono accedere alla sala ristorante previa misurazione della temperatura.<\/li>\n<li>I tavoli sono posti alla corretta distanza di sicurezza obbligatoria tra gli ospiti. Solo gli ospiti appartenenti al medesimo nucleo familiare o le persone che condividono la stessa camera possono accomodarsi al medesimo tavolo.<\/li>\n<li>Non \u00e8 presente il buffet, il servizio \u00e8 al tavolo. Per la prima colazione gli alimenti e le bevande scelti dagli ospiti, protetti da barriere fisiche in vetro, vengono preparati e serviti dal personale di sala su di un vassoio.<\/li>\n<li>Oliere e saliere vengono sanificate ad ogni uso.<\/li>\n<li>Tramite la lettura di un QR code gli ospiti potranno consultare il men\u00f9 del ristorante e la carta delle bevande usando il proprio device.<\/li>\n<\/ul>\n<h3>Staff<\/h3>\n<ul>\n<li>Il personale potr\u00e0 prendere servizio solo dopo aver ottemperato al controllo della temperatura corporea.<\/li>\n<li>Tutto il personale \u00e8 dotato di dispositivi di protezione individuale per la propria sicurezza e quella dei nostri ospiti.<\/li>\n<li>Tutto il personale \u00e8 stato formato sulle norme igieniche e sui protocolli da tenere affinch\u00e9 possa lavorare in sicurezza per s\u00e9 stesso e per gli altri.<\/li>\n<\/ul>\n<h3>Ospiti<\/h3>\n<p>Per una vacanza in sicurezza avremo bisogno anche del vostro aiuto:<\/p>\n<ul>\n<li>Per snellire le formalit\u00e0 di registrazione dei documenti e ridurre le soste alla reception, il check-in potr\u00e0 avvenire online. All\u2019atto della prenotazione vi verr\u00e0 inviata una email con un link dove inserire i vostri dati, oppure potrete fornirci i vostri documenti tramite email.<\/li>\n<li>In hotel vi chiederemo cortesemente di mantenere le distanze dalle altre persone e di non usare l\u2019ascensore con persone che non fanno parte del vostro nucleo familiare, invitandovi a prestare la massima attenzione alla segnaletica e alle informazioni utili a regolamentare i corretti comportamenti di prevenzione esposte in pi\u00f9 punti della struttura.<\/li>\n<li>In tutte le aree comuni dell\u2019hotel troverete a vostra disposizione postazioni dotate di erogatori di soluzioni idro-alcooliche per l\u2019igiene delle mani che vi inviteremo a usare anche prima di utilizzare la pulsantiera esterna dell\u2019ascensore.<\/li>\n<li>Vi chiederemo di accedere alle aree comuni dell\u2019hotel solo indossando la mascherina.<\/li>\n<li>Vi ricorderemo che all\u2019interno della sala ristorante occorre indossare la mascherina quando non s\u00ec \u00e8 seduti.<\/li>\n<li>In caso di sintomi, anche lievi, dovrete avvisare telefonicamente la reception, che prender\u00e0 tutti i provvedimenti del caso, e rimanere nella vostra camera.<\/li>\n<\/ul>\n<h3><strong>Piscina e area benessere<\/strong><\/h3>\n<ul>\n<li id=\"box_content\">\n<h3><strong><span style=\"color: #ff0000;\">Pirovano Stelvio, in considerazione delle misure richieste per la prevenzione dal contagio Covid-19 e dell\u2019imprevedibile evoluzione della situazione pandemica in atto, per la stagione estiva 2021 ha ritenuto convenevole la sospensione dei servizi dedicati all\u2019area benessere.<\/span><\/strong><\/h3>\n<\/li>\n<\/ul>\n","protected":false},"excerpt":{"rendered":"<p>Tutto \u00e8 pronto per l&#8217;estate 2021, in sicurezza! Prenotazione e caparre Per ogni prenotazione \u00e8 richiesta una caparra corrispondente al 30% dell\u2019importo riferito al solo arrangiamento alberghiero (servizi scuola e skipass esclusi). E\u2019 possibile cancellare la prenotazione fino a 48 ore prima del giorno di arrivo. Il rimborso \u00e8 totale e la caparra verr\u00e0 resa [&hellip;]<\/p>\n","protected":false},"author":3,"featured_media":0,"parent":0,"menu_order":0,"comment_status":"closed","ping_status":"closed","template":"page-templates\/no-picture.php","meta":{"footnotes":""},"class_list":["post-7398","page","type-page","status-publish","hentry","odd"],"yoast_head":"<!-- This site is optimized with the Yoast SEO plugin v27.3 - https:\/\/yoast.com\/product\/yoast-seo-wordpress\/ -->\n<title>COVID-19: la Sicurezza dell&#039;Hotel Pirovano IV - Pirovano<\/title>\n<meta name=\"robots\" content=\"index, follow, max-snippet:-1, max-image-preview:large, max-video-preview:-1\" \/>\n<link rel=\"canonical\" href=\"https:\/\/pirovano.it\/it\/covid-19-sicurezza-hotel\/\" \/>\n<meta property=\"og:locale\" content=\"it_IT\" \/>\n<meta property=\"og:type\" content=\"article\" \/>\n<meta property=\"og:title\" content=\"COVID-19: la Sicurezza dell&#039;Hotel Pirovano IV - Pirovano\" \/>\n<meta property=\"og:description\" content=\"Tutto \u00e8 pronto per l&#8217;estate 2021, in sicurezza! Prenotazione e caparre Per ogni prenotazione \u00e8 richiesta una caparra corrispondente al 30% dell\u2019importo riferito al solo arrangiamento alberghiero (servizi scuola e skipass esclusi). E\u2019 possibile cancellare la prenotazione fino a 48 ore prima del giorno di arrivo. Il rimborso \u00e8 totale e la caparra verr\u00e0 resa [&hellip;]\" \/>\n<meta property=\"og:url\" content=\"https:\/\/pirovano.it\/it\/covid-19-sicurezza-hotel\/\" \/>\n<meta property=\"og:site_name\" content=\"Pirovano\" \/>\n<meta property=\"article:modified_time\" content=\"2022-02-17T14:15:25+00:00\" \/>\n<meta name=\"twitter:card\" content=\"summary_large_image\" \/>\n<meta name=\"twitter:label1\" content=\"Tempo di lettura stimato\" \/>\n\t<meta name=\"twitter:data1\" content=\"3 minuti\" \/>\n<script type=\"application\/ld+json\" class=\"yoast-schema-graph\">{\"@context\":\"https:\\\/\\\/schema.org\",\"@graph\":[{\"@type\":\"WebPage\",\"@id\":\"https:\\\/\\\/pirovano.it\\\/it\\\/covid-19-sicurezza-hotel\\\/\",\"url\":\"https:\\\/\\\/pirovano.it\\\/it\\\/covid-19-sicurezza-hotel\\\/\",\"name\":\"COVID-19: la Sicurezza dell'Hotel Pirovano IV - Pirovano\",\"isPartOf\":{\"@id\":\"https:\\\/\\\/pirovano.it\\\/it\\\/#website\"},\"datePublished\":\"2021-02-08T09:15:33+00:00\",\"dateModified\":\"2022-02-17T14:15:25+00:00\",\"breadcrumb\":{\"@id\":\"https:\\\/\\\/pirovano.it\\\/it\\\/covid-19-sicurezza-hotel\\\/#breadcrumb\"},\"inLanguage\":\"it-IT\",\"potentialAction\":[{\"@type\":\"ReadAction\",\"target\":[\"https:\\\/\\\/pirovano.it\\\/it\\\/covid-19-sicurezza-hotel\\\/\"]}]},{\"@type\":\"BreadcrumbList\",\"@id\":\"https:\\\/\\\/pirovano.it\\\/it\\\/covid-19-sicurezza-hotel\\\/#breadcrumb\",\"itemListElement\":[{\"@type\":\"ListItem\",\"position\":1,\"name\":\"Home\",\"item\":\"https:\\\/\\\/pirovano.it\\\/it\\\/\"},{\"@type\":\"ListItem\",\"position\":2,\"name\":\"COVID-19: la Sicurezza dell&#8217;Hotel Pirovano IV\"}]},{\"@type\":\"WebSite\",\"@id\":\"https:\\\/\\\/pirovano.it\\\/it\\\/#website\",\"url\":\"https:\\\/\\\/pirovano.it\\\/it\\\/\",\"name\":\"Pirovano\",\"description\":\"Universit\u00e0 dello Sci, dello Snowboard e della Montagna\",\"potentialAction\":[{\"@type\":\"SearchAction\",\"target\":{\"@type\":\"EntryPoint\",\"urlTemplate\":\"https:\\\/\\\/pirovano.it\\\/it\\\/?s={search_term_string}\"},\"query-input\":{\"@type\":\"PropertyValueSpecification\",\"valueRequired\":true,\"valueName\":\"search_term_string\"}}],\"inLanguage\":\"it-IT\"}]}<\/script>\n<!-- \/ Yoast SEO plugin. -->","yoast_head_json":{"title":"COVID-19: la Sicurezza dell'Hotel Pirovano IV - Pirovano","robots":{"index":"index","follow":"follow","max-snippet":"max-snippet:-1","max-image-preview":"max-image-preview:large","max-video-preview":"max-video-preview:-1"},"canonical":"https:\/\/pirovano.it\/it\/covid-19-sicurezza-hotel\/","og_locale":"it_IT","og_type":"article","og_title":"COVID-19: la Sicurezza dell'Hotel Pirovano IV - Pirovano","og_description":"Tutto \u00e8 pronto per l&#8217;estate 2021, in sicurezza! Prenotazione e caparre Per ogni prenotazione \u00e8 richiesta una caparra corrispondente al 30% dell\u2019importo riferito al solo arrangiamento alberghiero (servizi scuola e skipass esclusi). E\u2019 possibile cancellare la prenotazione fino a 48 ore prima del giorno di arrivo. Il rimborso \u00e8 totale e la caparra verr\u00e0 resa [&hellip;]","og_url":"https:\/\/pirovano.it\/it\/covid-19-sicurezza-hotel\/","og_site_name":"Pirovano","article_modified_time":"2022-02-17T14:15:25+00:00","twitter_card":"summary_large_image","twitter_misc":{"Tempo di lettura stimato":"3 minuti"},"schema":{"@context":"https:\/\/schema.org","@graph":[{"@type":"WebPage","@id":"https:\/\/pirovano.it\/it\/covid-19-sicurezza-hotel\/","url":"https:\/\/pirovano.it\/it\/covid-19-sicurezza-hotel\/","name":"COVID-19: la Sicurezza dell'Hotel Pirovano IV - Pirovano","isPartOf":{"@id":"https:\/\/pirovano.it\/it\/#website"},"datePublished":"2021-02-08T09:15:33+00:00","dateModified":"2022-02-17T14:15:25+00:00","breadcrumb":{"@id":"https:\/\/pirovano.it\/it\/covid-19-sicurezza-hotel\/#breadcrumb"},"inLanguage":"it-IT","potentialAction":[{"@type":"ReadAction","target":["https:\/\/pirovano.it\/it\/covid-19-sicurezza-hotel\/"]}]},{"@type":"BreadcrumbList","@id":"https:\/\/pirovano.it\/it\/covid-19-sicurezza-hotel\/#breadcrumb","itemListElement":[{"@type":"ListItem","position":1,"name":"Home","item":"https:\/\/pirovano.it\/it\/"},{"@type":"ListItem","position":2,"name":"COVID-19: la Sicurezza dell&#8217;Hotel Pirovano IV"}]},{"@type":"WebSite","@id":"https:\/\/pirovano.it\/it\/#website","url":"https:\/\/pirovano.it\/it\/","name":"Pirovano","description":"Universit\u00e0 dello Sci, dello Snowboard e della Montagna","potentialAction":[{"@type":"SearchAction","target":{"@type":"EntryPoint","urlTemplate":"https:\/\/pirovano.it\/it\/?s={search_term_string}"},"query-input":{"@type":"PropertyValueSpecification","valueRequired":true,"valueName":"search_term_string"}}],"inLanguage":"it-IT"}]}},"_links":{"self":[{"href":"https:\/\/pirovano.it\/it\/wp-json\/wp\/v2\/pages\/7398","targetHints":{"allow":["GET"]}}],"collection":[{"href":"https:\/\/pirovano.it\/it\/wp-json\/wp\/v2\/pages"}],"about":[{"href":"https:\/\/pirovano.it\/it\/wp-json\/wp\/v2\/types\/page"}],"author":[{"embeddable":true,"href":"https:\/\/pirovano.it\/it\/wp-json\/wp\/v2\/users\/3"}],"replies":[{"embeddable":true,"href":"https:\/\/pirovano.it\/it\/wp-json\/wp\/v2\/comments?post=7398"}],"version-history":[{"count":8,"href":"https:\/\/pirovano.it\/it\/wp-json\/wp\/v2\/pages\/7398\/revisions"}],"predecessor-version":[{"id":8878,"href":"https:\/\/pirovano.it\/it\/wp-json\/wp\/v2\/pages\/7398\/revisions\/8878"}],"wp:attachment":[{"href":"https:\/\/pirovano.it\/it\/wp-json\/wp\/v2\/media?parent=7398"}],"curies":[{"name":"wp","href":"https:\/\/api.w.org\/{rel}","templated":true}]}}